{"id":676,"date":"2024-10-21T13:50:36","date_gmt":"2024-10-21T13:50:36","guid":{"rendered":"https:\/\/chemgramx.com\/?post_type=product&#038;p=676"},"modified":"2025-10-18T05:25:55","modified_gmt":"2025-10-18T05:25:55","slug":"fentanyl","status":"publish","type":"product","link":"https:\/\/chemgramx.com\/fr\/produit\/fentanyl\/","title":{"rendered":"Acheter du fentanyl en ligne"},"content":{"rendered":"<h2 data-start=\"244\" data-end=\"299\">Fentanyl online kaufen von einer zuverl\u00e4ssigen Forschungsquelle<\/h2>\n<h3 data-start=\"301\" data-end=\"341\">Acheter du fentanyl en ligne \u2013 Introduction<\/h3>\n<p data-start=\"343\" data-end=\"790\">Fentanyl ist ein synthetisches Opioid, das in der Medizin vor allem f\u00fcr die Behandlung starker chronischer Schmerzen eingesetzt wird. Viele Patienten entscheiden sich, buy Fentanyl oder gezielt <a href=\"https:\/\/chemgramx.com\/fr\/produit\/fentanyl\/\">Fentanyl online bestellen\u00a0<\/a>Parce qu'il est jusqu'\u00e0 100 fois plus puissant que la morphine, il est l'un des analg\u00e9siques les plus efficaces au monde. Son action rapide le rend particuli\u00e8rement pr\u00e9cieux en m\u00e9decine d'urgence et dans le traitement des patients atteints de cancer.<\/p>\n<h3 data-start=\"792\" data-end=\"824\">Bref aper\u00e7u du fentanyl<\/h3>\n<p data-start=\"826\" data-end=\"1232\">Depuis son d\u00e9veloppement dans les ann\u00e9es 1960, le fentanyl est devenu un \u00e9l\u00e9ment central de la prise en charge moderne de la douleur. Il est disponible sous diff\u00e9rentes formes posologiques, notamment des patchs, des pastilles, des sprays nasaux et des solutions injectables. <a href=\"https:\/\/en.wikipedia.org\/wiki\/Fentanyl\">Fentanyl zu verkaufen<\/a> Si vous recherchez un produit, vous trouverez diff\u00e9rentes offres en ligne, mais vous devez toujours faire attention \u00e0 la qualit\u00e9 et \u00e0 la fiabilit\u00e9.<\/p>\n<h3 data-start=\"1234\" data-end=\"1290\">Pourquoi les gens recherchent \u00ab\u00a0acheter du fentanyl en ligne\u00a0\u00bb<\/h3>\n<p data-start=\"1292\" data-end=\"1382\">Gr\u00fcnde, warum Nutzer nach Fentanyl online kaufen oder wo kann man Fentanyl kaufen suchen:<\/p>\n<ul data-start=\"1384\" data-end=\"1612\">\n<li data-start=\"1384\" data-end=\"1420\">\n<p data-start=\"1386\" data-end=\"1420\">Disponibilit\u00e9 difficile sur place<\/p>\n<\/li>\n<li data-start=\"1421\" data-end=\"1452\">\n<p data-start=\"1423\" data-end=\"1452\">Longs d\u00e9lais d'attente chez le m\u00e9decin<\/p>\n<\/li>\n<li data-start=\"1453\" data-end=\"1503\">\n<p data-start=\"1455\" data-end=\"1503\">Discretie en gemak bij online aankopen<\/p>\n<\/li>\n<li data-start=\"1504\" data-end=\"1575\">\n<p data-start=\"1506\" data-end=\"1575\">Vergleichsm\u00f6glichkeiten, um den besten Fentanyl price zu finden<\/p>\n<\/li>\n<li data-start=\"1576\" data-end=\"1612\">\n<p data-start=\"1578\" data-end=\"1612\">Sonderangebote und Mengenrabatte<\/p>\n<\/li>\n<\/ul>\n<h3 data-start=\"1614\" data-end=\"1636\">Qu'est-ce que le fentanyl ?<\/h3>\n<p data-start=\"1638\" data-end=\"1930\">Chimiquement, le fentanyl appartient au groupe des opio\u00efdes synth\u00e9tiques. Il se lie aux r\u00e9cepteurs opio\u00efdes du cerveau et de la moelle \u00e9pini\u00e8re, provoquant un puissant soulagement de la douleur, une s\u00e9dation et une euphorie. Cependant, toute personne qui commande du fentanyl doit \u00eatre consciente du risque \u00e9lev\u00e9 de surdose.<\/p>\n<h3 data-start=\"1932\" data-end=\"1970\">Effets et bienfaits du fentanyl<\/h3>\n<p data-start=\"1972\" data-end=\"2024\">Les principaux avantages du fentanyl comprennent :<\/p>\n<ul data-start=\"2025\" data-end=\"2162\">\n<li data-start=\"2025\" data-end=\"2073\">\n<p data-start=\"2027\" data-end=\"2073\">Soulagement de la douleur tr\u00e8s rapide et efficace<\/p>\n<\/li>\n<li data-start=\"2074\" data-end=\"2107\">\n<p data-start=\"2076\" data-end=\"2107\">Relaxation physique profonde<\/p>\n<\/li>\n<li data-start=\"2108\" data-end=\"2162\">\n<p data-start=\"2110\" data-end=\"2162\">Traitement des syndromes douloureux chroniques ou aigus<\/p>\n<\/li>\n<\/ul>\n<p data-start=\"2164\" data-end=\"2292\">Doch trotz dieser Vorteile sollte man Fentanyl kaufen oder Fentanyl verkaufen niemals ohne \u00e4rztliche Aufsicht konsumieren.<\/p>\n<h3 data-start=\"2294\" data-end=\"2337\">Respecter la dose recommand\u00e9e et la dur\u00e9e de l'effet.<\/h3>\n<ul data-start=\"2339\" data-end=\"2502\">\n<li data-start=\"2339\" data-end=\"2402\">\n<p data-start=\"2341\" data-end=\"2402\">D\u00e9lai d'action : quelques minutes (par injection ou pulv\u00e9risation)<\/p>\n<\/li>\n<li data-start=\"2403\" data-end=\"2433\">\n<p data-start=\"2405\" data-end=\"2433\">Dur\u00e9e d'action : 1 \u00e0 4 heures<\/p>\n<\/li>\n<li data-start=\"2434\" data-end=\"2502\">\n<p data-start=\"2436\" data-end=\"2502\">L'utilisation r\u00e9p\u00e9t\u00e9e sans surveillance m\u00e9dicale est tr\u00e8s risqu\u00e9e<\/p>\n<\/li>\n<\/ul>\n<h3 data-start=\"2504\" data-end=\"2538\">Pourquoi acheter du fentanyl en ligne ?<\/h3>\n<p data-start=\"2540\" data-end=\"2578\">Pourquoi acheter du fentanyl en ligne ?<\/p>\n<ul data-start=\"2580\" data-end=\"2742\">\n<li data-start=\"2580\" data-end=\"2602\">\n<p data-start=\"2582\" data-end=\"2602\">Livraison discr\u00e8te<\/p>\n<\/li>\n<li data-start=\"2603\" data-end=\"2642\">\n<p data-start=\"2605\" data-end=\"2642\">Acc\u00e8s aux fournisseurs internationaux<\/p>\n<\/li>\n<li data-start=\"2643\" data-end=\"2707\">\n<p data-start=\"2645\" data-end=\"2707\">Comparaisons de prix pour d\u00e9terminer le meilleur prix pour le Fentanyl<\/p>\n<\/li>\n<li data-start=\"2708\" data-end=\"2742\">\n<p data-start=\"2710\" data-end=\"2742\">Bequeme Bestellung von zuhause<\/p>\n<\/li>\n<\/ul>\n<p data-start=\"2744\" data-end=\"2872\">Wer den Der beste Ort, um Fentanyl online zu kaufen sucht, sollte sich unbedingt f\u00fcr seri\u00f6se Anbieter mit Rezeptpflicht entscheiden.<\/p>\n<h3 data-start=\"2874\" data-end=\"2922\">Est-il l\u00e9gal de commander du fentanyl en ligne ?<\/h3>\n<p data-start=\"2924\" data-end=\"2953\">La situation juridique est complexe :<\/p>\n<ul data-start=\"2955\" data-end=\"3224\">\n<li data-start=\"2955\" data-end=\"3036\">\n<p data-start=\"2957\" data-end=\"3036\">En Allemagne, le fentanyl est d\u00e9livr\u00e9 uniquement sur ordonnance et rel\u00e8ve de la loi sur les stup\u00e9fiants.<\/p>\n<\/li>\n<li data-start=\"3037\" data-end=\"3137\">\n<p data-start=\"3039\" data-end=\"3137\">Aux \u00c9tats-Unis, au Canada et dans de nombreux autres pays, le commerce en ligne sans ordonnance est strictement interdit.<\/p>\n<\/li>\n<li data-start=\"3138\" data-end=\"3224\">\n<p data-start=\"3140\" data-end=\"3224\">Internationale K\u00e4ufer m\u00fcssen sich genau informieren, bevor sie Fentanyl bestellen.<\/p>\n<\/li>\n<\/ul>\n<h3 data-start=\"3226\" data-end=\"3258\">Comment choisir le fentanyl ?<\/h3>\n<p data-start=\"3260\" data-end=\"3310\">Le fentanyl est disponible sous diff\u00e9rentes formes :<\/p>\n<ul data-start=\"3312\" data-end=\"3444\">\n<li data-start=\"3312\" data-end=\"3358\">\n<p data-start=\"3314\" data-end=\"3358\">Poudre (puret\u00e9 la plus \u00e9lev\u00e9e, risque le plus \u00e9lev\u00e9)<\/p>\n<\/li>\n<li data-start=\"3359\" data-end=\"3405\">\n<p data-start=\"3361\" data-end=\"3405\">Comprim\u00e9s et capsules (plus faciles \u00e0 doser)<\/p>\n<\/li>\n<li data-start=\"3406\" data-end=\"3444\">\n<p data-start=\"3408\" data-end=\"3444\">Patchs (effet longue dur\u00e9e)<\/p>\n<\/li>\n<\/ul>\n<p data-start=\"3446\" data-end=\"3541\">La s\u00e9lection doit \u00eatre bas\u00e9e sur la prescription m\u00e9dicale et la tol\u00e9rance individuelle.<\/p>\n<h3 data-start=\"3543\" data-end=\"3553\">Conclusion<\/h3>\n<p data-start=\"3555\" data-end=\"3825\">Fentanyl online kaufen von einer zuverl\u00e4ssigen Forschungsquelle ist nur dann eine Option, wenn es legal, sicher und \u00e4rztlich begleitet erfolgt. Wer sich fragt, wo kann man Fentanyl kaufen, sollte ausschlie\u00dflich gepr\u00fcfte Apotheken nutzen, die Laborberichte und Rezepte verlangen.<\/p>\n<p data-start=\"3827\" data-end=\"3965\">Das Der beste Ort, um Fentanyl online zu kaufen ist dort, wo Transparenz, sichere Abwicklung und ein fairer Fentanyl price geboten werden.<\/p>","protected":false},"excerpt":{"rendered":"<p><strong>Fentanyl<\/strong> est un opio\u00efde synth\u00e9tique tr\u00e8s efficace, souvent utilis\u00e9 en m\u00e9decine pour traiter les douleurs intenses. Connu pour sa puissance -50 \u00e0 100 fois plus forte que la morphine-, il offre un soulagement rapide aux patients apr\u00e8s une op\u00e9ration ou en cas de douleurs chroniques. Cependant, en raison de sa puissance, le fentanyl n\u00e9cessite un dosage pr\u00e9cis afin d'\u00e9viter les surdoses. Compte tenu de la prise de conscience croissante des risques, notamment ceux li\u00e9s aux sources ill\u00e9gales, il est essentiel de comprendre \u00e0 la fois les avantages th\u00e9rapeutiques et les dangers potentiels. Pour les prestataires de soins de sant\u00e9 et les patients, il est important d'\u00eatre bien inform\u00e9 sur le fentanyl afin de garantir un traitement s\u00fbr et efficace de la douleur.<\/p>","protected":false},"featured_media":677,"comment_status":"open","ping_status":"closed","template":"","meta":{"_joinchat":[]},"product_brand":[],"product_cat":[56],"product_tag":[95,91,94,93,92],"class_list":{"0":"post-676","1":"product","2":"type-product","3":"status-publish","4":"has-post-thumbnail","6":"product_cat-opioids","7":"product_tag-fentanyl-fur-legitime","8":"product_tag-fentanyl-kaufen","9":"product_tag-research-chemical-bestellen","10":"product_tag-schmerzmittel-forschung","11":"product_tag-synthetisches-opioid-kaufen","13":"first","14":"instock","15":"shipping-taxable","16":"purchasable","17":"product-type-variable"},"yoast_head":"<!-- This site is optimized with the Yoast SEO plugin v26.1.1 - https:\/\/yoast.com\/wordpress\/plugins\/seo\/ -->\n<title>Fentanyl online kaufen \u2013 Hochwertiges Fentanyl bei ChemGramX<\/title>\n<meta name=\"description\" content=\"Entdecken Sie Fentanyl bei ChemGramX. Kaufen Sie reines, laborgetestetes Fentanyl mit schneller und diskreter Lieferung. Jetzt online bestellen!\" \/>\n<meta name=\"robots\" content=\"index, follow, max-snippet:-1, max-image-preview:large, max-video-preview:-1\" \/>\n<link rel=\"canonical\" href=\"https:\/\/chemgramx.com\/fr\/produit\/fentanyl\/\" \/>\n<meta property=\"og:locale\" content=\"fr_FR\" \/>\n<meta property=\"og:type\" content=\"article\" \/>\n<meta property=\"og:title\" content=\"Fentanyl online kaufen \u2013 Hochwertiges Fentanyl bei ChemGramX\" \/>\n<meta property=\"og:description\" content=\"Entdecken Sie Fentanyl bei ChemGramX. Kaufen Sie reines, laborgetestetes Fentanyl mit schneller und diskreter Lieferung. Jetzt online bestellen!\" \/>\n<meta property=\"og:url\" content=\"https:\/\/chemgramx.com\/fr\/produit\/fentanyl\/\" \/>\n<meta property=\"og:site_name\" content=\"Chemgramx\" \/>\n<meta property=\"article:modified_time\" content=\"2025-10-18T05:25:55+00:00\" \/>\n<meta property=\"og:image\" content=\"https:\/\/chemgramx.com\/wp-content\/uploads\/2024\/10\/Fentanyl-kaufen.jpg\" \/>\n\t<meta property=\"og:image:width\" content=\"750\" \/>\n\t<meta property=\"og:image:height\" content=\"963\" \/>\n\t<meta property=\"og:image:type\" content=\"image\/jpeg\" \/>\n<meta name=\"twitter:card\" content=\"summary_large_image\" \/>\n<meta name=\"twitter:label1\" content=\"Dur\u00e9e de lecture estim\u00e9e\" \/>\n\t<meta name=\"twitter:data1\" content=\"3 minutes\" \/>\n<script type=\"application\/ld+json\" class=\"yoast-schema-graph\">{\"@context\":\"https:\/\/schema.org\",\"@graph\":[{\"@type\":\"WebPage\",\"@id\":\"https:\/\/chemgramx.com\/product\/fentanyl\/\",\"url\":\"https:\/\/chemgramx.com\/product\/fentanyl\/\",\"name\":\"Fentanyl online kaufen \u2013 Hochwertiges Fentanyl bei ChemGramX\",\"isPartOf\":{\"@id\":\"https:\/\/chemgramx.com\/#website\"},\"primaryImageOfPage\":{\"@id\":\"https:\/\/chemgramx.com\/product\/fentanyl\/#primaryimage\"},\"image\":{\"@id\":\"https:\/\/chemgramx.com\/product\/fentanyl\/#primaryimage\"},\"thumbnailUrl\":\"https:\/\/chemgramx.com\/wp-content\/uploads\/2024\/10\/Fentanyl-kaufen.jpg\",\"datePublished\":\"2024-10-21T13:50:36+00:00\",\"dateModified\":\"2025-10-18T05:25:55+00:00\",\"description\":\"Entdecken Sie Fentanyl bei ChemGramX. Kaufen Sie reines, laborgetestetes Fentanyl mit schneller und diskreter Lieferung. Jetzt online bestellen!\",\"breadcrumb\":{\"@id\":\"https:\/\/chemgramx.com\/product\/fentanyl\/#breadcrumb\"},\"inLanguage\":\"fr-FR\",\"potentialAction\":[{\"@type\":\"ReadAction\",\"target\":[\"https:\/\/chemgramx.com\/product\/fentanyl\/\"]}]},{\"@type\":\"ImageObject\",\"inLanguage\":\"fr-FR\",\"@id\":\"https:\/\/chemgramx.com\/product\/fentanyl\/#primaryimage\",\"url\":\"https:\/\/chemgramx.com\/wp-content\/uploads\/2024\/10\/Fentanyl-kaufen.jpg\",\"contentUrl\":\"https:\/\/chemgramx.com\/wp-content\/uploads\/2024\/10\/Fentanyl-kaufen.jpg\",\"width\":750,\"height\":963,\"caption\":\"Fentanyl kaufen\"},{\"@type\":\"BreadcrumbList\",\"@id\":\"https:\/\/chemgramx.com\/product\/fentanyl\/#breadcrumb\",\"itemListElement\":[{\"@type\":\"ListItem\",\"position\":1,\"name\":\"Home\",\"item\":\"https:\/\/chemgramx.com\/\"},{\"@type\":\"ListItem\",\"position\":2,\"name\":\"Shop\",\"item\":\"https:\/\/chemgramx.com\/shop\/\"},{\"@type\":\"ListItem\",\"position\":3,\"name\":\"Fentanyl online kaufen\"}]},{\"@type\":\"WebSite\",\"@id\":\"https:\/\/chemgramx.com\/#website\",\"url\":\"https:\/\/chemgramx.com\/\",\"name\":\"Chemgramx\",\"description\":\"\",\"publisher\":{\"@id\":\"https:\/\/chemgramx.com\/#organization\"},\"potentialAction\":[{\"@type\":\"SearchAction\",\"target\":{\"@type\":\"EntryPoint\",\"urlTemplate\":\"https:\/\/chemgramx.com\/?s={search_term_string}\"},\"query-input\":{\"@type\":\"PropertyValueSpecification\",\"valueRequired\":true,\"valueName\":\"search_term_string\"}}],\"inLanguage\":\"fr-FR\"},{\"@type\":\"Organization\",\"@id\":\"https:\/\/chemgramx.com\/#organization\",\"name\":\"Chemgramx\",\"url\":\"https:\/\/chemgramx.com\/\",\"logo\":{\"@type\":\"ImageObject\",\"inLanguage\":\"fr-FR\",\"@id\":\"https:\/\/chemgramx.com\/#\/schema\/logo\/image\/\",\"url\":\"https:\/\/chemgramx.com\/wp-content\/uploads\/2024\/10\/final-logo.png\",\"contentUrl\":\"https:\/\/chemgramx.com\/wp-content\/uploads\/2024\/10\/final-logo.png\",\"width\":250,\"height\":48,\"caption\":\"Chemgramx\"},\"image\":{\"@id\":\"https:\/\/chemgramx.com\/#\/schema\/logo\/image\/\"}}]}<\/script>\n<!-- \/ Yoast SEO plugin. -->","yoast_head_json":{"title":"Fentanyl online kaufen \u2013 Hochwertiges Fentanyl bei ChemGramX","description":"Entdecken Sie Fentanyl bei ChemGramX. Kaufen Sie reines, laborgetestetes Fentanyl mit schneller und diskreter Lieferung. Jetzt online bestellen!","robots":{"index":"index","follow":"follow","max-snippet":"max-snippet:-1","max-image-preview":"max-image-preview:large","max-video-preview":"max-video-preview:-1"},"canonical":"https:\/\/chemgramx.com\/fr\/produit\/fentanyl\/","og_locale":"fr_FR","og_type":"article","og_title":"Fentanyl online kaufen \u2013 Hochwertiges Fentanyl bei ChemGramX","og_description":"Entdecken Sie Fentanyl bei ChemGramX. Kaufen Sie reines, laborgetestetes Fentanyl mit schneller und diskreter Lieferung. Jetzt online bestellen!","og_url":"https:\/\/chemgramx.com\/fr\/produit\/fentanyl\/","og_site_name":"Chemgramx","article_modified_time":"2025-10-18T05:25:55+00:00","og_image":[{"width":750,"height":963,"url":"https:\/\/chemgramx.com\/wp-content\/uploads\/2024\/10\/Fentanyl-kaufen.jpg","type":"image\/jpeg"}],"twitter_card":"summary_large_image","twitter_misc":{"Dur\u00e9e de lecture estim\u00e9e":"3 minutes"},"schema":{"@context":"https:\/\/schema.org","@graph":[{"@type":"WebPage","@id":"https:\/\/chemgramx.com\/product\/fentanyl\/","url":"https:\/\/chemgramx.com\/product\/fentanyl\/","name":"Fentanyl online kaufen \u2013 Hochwertiges Fentanyl bei ChemGramX","isPartOf":{"@id":"https:\/\/chemgramx.com\/#website"},"primaryImageOfPage":{"@id":"https:\/\/chemgramx.com\/product\/fentanyl\/#primaryimage"},"image":{"@id":"https:\/\/chemgramx.com\/product\/fentanyl\/#primaryimage"},"thumbnailUrl":"https:\/\/chemgramx.com\/wp-content\/uploads\/2024\/10\/Fentanyl-kaufen.jpg","datePublished":"2024-10-21T13:50:36+00:00","dateModified":"2025-10-18T05:25:55+00:00","description":"Entdecken Sie Fentanyl bei ChemGramX. Kaufen Sie reines, laborgetestetes Fentanyl mit schneller und diskreter Lieferung. Jetzt online bestellen!","breadcrumb":{"@id":"https:\/\/chemgramx.com\/product\/fentanyl\/#breadcrumb"},"inLanguage":"fr-FR","potentialAction":[{"@type":"ReadAction","target":["https:\/\/chemgramx.com\/product\/fentanyl\/"]}]},{"@type":"ImageObject","inLanguage":"fr-FR","@id":"https:\/\/chemgramx.com\/product\/fentanyl\/#primaryimage","url":"https:\/\/chemgramx.com\/wp-content\/uploads\/2024\/10\/Fentanyl-kaufen.jpg","contentUrl":"https:\/\/chemgramx.com\/wp-content\/uploads\/2024\/10\/Fentanyl-kaufen.jpg","width":750,"height":963,"caption":"Fentanyl kaufen"},{"@type":"BreadcrumbList","@id":"https:\/\/chemgramx.com\/product\/fentanyl\/#breadcrumb","itemListElement":[{"@type":"ListItem","position":1,"name":"Home","item":"https:\/\/chemgramx.com\/"},{"@type":"ListItem","position":2,"name":"Shop","item":"https:\/\/chemgramx.com\/shop\/"},{"@type":"ListItem","position":3,"name":"Fentanyl online kaufen"}]},{"@type":"WebSite","@id":"https:\/\/chemgramx.com\/#website","url":"https:\/\/chemgramx.com\/","name":"Chemgramx","description":"","publisher":{"@id":"https:\/\/chemgramx.com\/#organization"},"potentialAction":[{"@type":"SearchAction","target":{"@type":"EntryPoint","urlTemplate":"https:\/\/chemgramx.com\/?s={search_term_string}"},"query-input":{"@type":"PropertyValueSpecification","valueRequired":true,"valueName":"search_term_string"}}],"inLanguage":"fr-FR"},{"@type":"Organization","@id":"https:\/\/chemgramx.com\/#organization","name":"Chemgramx","url":"https:\/\/chemgramx.com\/","logo":{"@type":"ImageObject","inLanguage":"fr-FR","@id":"https:\/\/chemgramx.com\/#\/schema\/logo\/image\/","url":"https:\/\/chemgramx.com\/wp-content\/uploads\/2024\/10\/final-logo.png","contentUrl":"https:\/\/chemgramx.com\/wp-content\/uploads\/2024\/10\/final-logo.png","width":250,"height":48,"caption":"Chemgramx"},"image":{"@id":"https:\/\/chemgramx.com\/#\/schema\/logo\/image\/"}}]}},"_links":{"self":[{"href":"https:\/\/chemgramx.com\/fr\/wp-json\/wp\/v2\/product\/676","targetHints":{"allow":["GET"]}}],"collection":[{"href":"https:\/\/chemgramx.com\/fr\/wp-json\/wp\/v2\/product"}],"about":[{"href":"https:\/\/chemgramx.com\/fr\/wp-json\/wp\/v2\/types\/product"}],"replies":[{"embeddable":true,"href":"https:\/\/chemgramx.com\/fr\/wp-json\/wp\/v2\/comments?post=676"}],"wp:featuredmedia":[{"embeddable":true,"href":"https:\/\/chemgramx.com\/fr\/wp-json\/wp\/v2\/media\/677"}],"wp:attachment":[{"href":"https:\/\/chemgramx.com\/fr\/wp-json\/wp\/v2\/media?parent=676"}],"wp:term":[{"taxonomy":"product_brand","embeddable":true,"href":"https:\/\/chemgramx.com\/fr\/wp-json\/wp\/v2\/product_brand?post=676"},{"taxonomy":"product_cat","embeddable":true,"href":"https:\/\/chemgramx.com\/fr\/wp-json\/wp\/v2\/product_cat?post=676"},{"taxonomy":"product_tag","embeddable":true,"href":"https:\/\/chemgramx.com\/fr\/wp-json\/wp\/v2\/product_tag?post=676"}],"curies":[{"name":"wp","href":"https:\/\/api.w.org\/{rel}","templated":true}]}}