{"id":678,"date":"2024-10-21T15:54:11","date_gmt":"2024-10-21T15:54:11","guid":{"rendered":"https:\/\/chemgramx.com\/?post_type=product&#038;p=678"},"modified":"2025-10-15T06:10:33","modified_gmt":"2025-10-15T06:10:33","slug":"3-mmc-3-methylmethcathinon","status":"publish","type":"product","link":"https:\/\/chemgramx.com\/fr\/produit\/3-mmc-3-methylmethcathinon\/","title":{"rendered":"Acheter 3-MMC (3-m\u00e9thylm\u00e9thcathinone) en ligne"},"content":{"rendered":"<h2 data-start=\"195\" data-end=\"270\">Achetez du 3-MMC (3-m\u00e9thylm\u00e9thcathinone) en ligne aupr\u00e8s d'une source de recherche fiable<\/h2>\n<h3 data-start=\"272\" data-end=\"332\">Acheter du 3-MMC (3-m\u00e9thylm\u00e9thcathinone) en ligne \u2013 Introduction<\/h3>\n<p data-start=\"334\" data-end=\"731\">La 3-MMC (3-m\u00e9thylm\u00e9thcathinone) est une substance synth\u00e9tique du groupe des cathinones, souvent recherch\u00e9e pour ses effets stimulants et euphorisants. De nombreux utilisateurs la choisissent. <a href=\"https:\/\/chemgramx.com\/fr\/produit\/3-mmc-3-methylmethcathinon\/\">Acheter 3-MMC (3-m\u00e9thylm\u00e9thcathinone) en ligne\u00a0<\/a> ou plus pr\u00e9cis\u00e9ment 3-MMC (3-m\u00e9thylm\u00e9thcathinone), car il est appr\u00e9ci\u00e9 \u00e0 la fois comme produit chimique de recherche et comme substance psychoactive.<\/p>\n<p data-start=\"733\" data-end=\"1076\">La demande croissante s'explique par l'int\u00e9r\u00eat pour les alternatives l\u00e9gales aux autres stimulants. La s\u00e9curit\u00e9 est particuli\u00e8rement importante lors de l'achat de 3-MMC (3-m\u00e9thylm\u00e9thcathinone) en ligne, car la qualit\u00e9 et la puret\u00e9 peuvent varier consid\u00e9rablement. Seul un revendeur fiable peut vous \u00e9viter de recevoir des produits de qualit\u00e9 inf\u00e9rieure ou contamin\u00e9s.<\/p>\n<h3 data-start=\"1078\" data-end=\"1120\">Qu'est-ce que la 3-MMC (3-m\u00e9thylm\u00e9thcathinone) ?<\/h3>\n<h3 data-start=\"1122\" data-end=\"1153\">Composition chimique<\/h3>\n<p data-start=\"1154\" data-end=\"1368\"><a href=\"https:\/\/en.wikipedia.org\/wiki\/3-Methylmethcathinone\">3-MMC (3-m\u00e9thylm\u00e9thcathinone)<\/a> est un d\u00e9riv\u00e9 de la m\u00e9thcathinone dont la formule chimique est C11H15NO. Il appartient \u00e0 la classe des b\u00eata-c\u00e9toamph\u00e9tamines (cathinones) et agit principalement comme stimulant du syst\u00e8me nerveux central.<\/p>\n<h3 data-start=\"1581\" data-end=\"1604\">Statut juridique<\/h3>\n<p data-start=\"1606\" data-end=\"1956\">Le statut juridique de la 3-MMC (3-m\u00e9thylm\u00e9thcathinone) \u00e0 la vente varie selon les pays. Si certains la r\u00e9glementent ou l'interdisent, d'autres la consid\u00e8rent comme un produit chimique de recherche. Il est donc conseill\u00e9 aux acheteurs de toujours v\u00e9rifier o\u00f9 acheter de la 3-MMC (3-m\u00e9thylm\u00e9thcathinone) et de se conformer \u00e0 la l\u00e9gislation locale.<\/p>\n<h3 data-start=\"1958\" data-end=\"2012\">Pourquoi acheter du 3-MMC (3-m\u00e9thylm\u00e9thcathinone) en ligne ?<\/h3>\n<h3 data-start=\"2014\" data-end=\"2046\">Accessibilit\u00e9 et confort<\/h3>\n<p data-start=\"2047\" data-end=\"2199\">L\u2019achat en ligne offre un moyen discret d\u2019acheter du 3-MMC (3-m\u00e9thylm\u00e9thcathinone) sans avoir \u00e0 se rendre dans des lieux publics.<\/p>\n<h3 data-start=\"2201\" data-end=\"2241\">S\u00e9lection et prix des produits<\/h3>\n<p data-start=\"2242\" data-end=\"2515\">En ligne, les acheteurs peuvent trouver diff\u00e9rentes formes de produits, diff\u00e9rents niveaux de puret\u00e9 et diff\u00e9rents prix. Comparer diff\u00e9rents fournisseurs est essentiel pour trouver le meilleur prix pour la 3-MMC (3-m\u00e9thylm\u00e9thcathinone) et choisir le meilleur endroit pour l'acheter en ligne.<\/p>\n<h3 data-start=\"2517\" data-end=\"2541\">Opportunit\u00e9s et risques<\/h3>\n<p data-start=\"2543\" data-end=\"2558\">Avantages :<\/p>\n<ul data-start=\"2559\" data-end=\"2687\">\n<li data-start=\"2559\" data-end=\"2592\">\n<p data-start=\"2561\" data-end=\"2592\">Livraison discr\u00e8te \u00e0 domicile<\/p>\n<\/li>\n<li data-start=\"2593\" data-end=\"2639\">\n<p data-start=\"2595\" data-end=\"2639\">Des informations transparentes et souvent des rapports de laboratoire<\/p>\n<\/li>\n<li data-start=\"2640\" data-end=\"2687\">\n<p data-start=\"2642\" data-end=\"2687\">Aantrekkelijkere prijzen door online aanbiedingen<\/p>\n<\/li>\n<\/ul>\n<p data-start=\"2689\" data-end=\"2703\">Risques :<\/p>\n<ul data-start=\"2704\" data-end=\"2864\">\n<li data-start=\"2704\" data-end=\"2752\">\n<p data-start=\"2706\" data-end=\"2752\">Qualit\u00e9 fluctuante provenant de revendeurs douteux<\/p>\n<\/li>\n<li data-start=\"2753\" data-end=\"2797\">\n<p data-start=\"2755\" data-end=\"2797\">Risques juridiques dans certains pays<\/p>\n<\/li>\n<li data-start=\"2798\" data-end=\"2864\">\n<p data-start=\"2800\" data-end=\"2864\">Gesundheitsgefahren bei falscher Dosierung oder Verunreinigung<\/p>\n<\/li>\n<\/ul>\n<h3 data-start=\"2866\" data-end=\"2910\">Wie findet man einen seri\u00f6sen Anbieter?<\/h3>\n<p data-start=\"2912\" data-end=\"3007\">Si vous vous demandez o\u00f9 acheter du 3-MMC (3-m\u00e9thylm\u00e9thcathinone), vous devez faire attention aux signes avant-coureurs\u00a0:<\/p>\n<ul data-start=\"3008\" data-end=\"3190\">\n<li data-start=\"3008\" data-end=\"3041\">\n<p data-start=\"3010\" data-end=\"3041\">Informations de contact manquantes<\/p>\n<\/li>\n<li data-start=\"3042\" data-end=\"3095\">\n<p data-start=\"3044\" data-end=\"3095\">Des prix suspects et bas sans preuve d'origine<\/p>\n<\/li>\n<li data-start=\"3096\" data-end=\"3149\">\n<p data-start=\"3098\" data-end=\"3149\">Aucune \u00e9valuation client ni avis n\u00e9gatif<\/p>\n<\/li>\n<li data-start=\"3150\" data-end=\"3190\">\n<p data-start=\"3152\" data-end=\"3190\">Pas de certificat d'analyse (CoA)<\/p>\n<\/li>\n<\/ul>\n<h3 data-start=\"3192\" data-end=\"3237\">Commentaires de la communaut\u00e9 et certificats de laboratoire<\/h3>\n<p data-start=\"3238\" data-end=\"3426\">Les avis authentiques sur les forums et les plateformes permettent d'identifier les fournisseurs dignes de confiance. Un vendeur r\u00e9put\u00e9 fournit toujours des rapports de laboratoire prouvant la puret\u00e9 et la s\u00e9curit\u00e9 de ses produits.<\/p>\n<h3 data-start=\"3428\" data-end=\"3464\">Aspects juridiques et \u00e9thiques<\/h3>\n<ul data-start=\"3466\" data-end=\"3702\">\n<li data-start=\"3466\" data-end=\"3609\">\n<p data-start=\"3468\" data-end=\"3609\">Cadre juridique : Les acheteurs doivent toujours v\u00e9rifier la situation juridique actuelle avant de commander du 3-MMC (3-m\u00e9thylm\u00e9thcathinone).<\/p>\n<\/li>\n<li data-start=\"3610\" data-end=\"3702\">\n<p data-start=\"3612\" data-end=\"3702\">Responsabilit\u00e9 : La manipulation s\u00fbre et l\u00e9gale est de la responsabilit\u00e9 de l'acheteur.<\/p>\n<\/li>\n<\/ul>\n<h3 data-start=\"3704\" data-end=\"3714\">Conclusion<\/h3>\n<p data-start=\"3716\" data-end=\"3966\">La 3-MMC (3-m\u00e9thylm\u00e9thcathinone) est un produit chimique de recherche populaire aux propri\u00e9t\u00e9s stimulantes. Si vous souhaitez acheter de la 3-MMC (3-m\u00e9thylm\u00e9thcathinone) en ligne, il est conseill\u00e9 de rechercher des fournisseurs v\u00e9rifi\u00e9s, de comparer les prix et de v\u00e9rifier les certifications de puret\u00e9. Le meilleur endroit pour acheter de la 3-MMC (3-m\u00e9thylm\u00e9thcathinone) en ligne est celui o\u00f9 la transparence, la s\u00e9curit\u00e9 et un prix \u00e9quitable sont garantis. Prenez une d\u00e9cision \u00e9clair\u00e9e et choisissez uniquement des sources fiables pour acheter de la 3-MMC (3-m\u00e9thylm\u00e9thcathinone) en ligne, issues d'une source de recherche fiable.<\/p>","protected":false},"excerpt":{"rendered":"<p>La 3-MMC, ou 3-m\u00e9thylm\u00e9thcathinone, est un produit chimique de recherche populaire de la famille des cathinones. Elle est souvent utilis\u00e9e en neurosciences et en pharmacologie pour des \u00e9tudes sur l'activit\u00e9 des neurotransmetteurs et les relations structure-activit\u00e9 (SAR). Avec son groupe m\u00e9thyle en 3e position, la 3-MMC offre des propri\u00e9t\u00e9s uniques qui la distinguent des autres cathinones.<\/p>\n<h3><strong>Formule et structure<\/strong><\/h3>\n<ul>\n<li><strong>Formule chimique<\/strong>C11H15NO<\/li>\n<li><strong>Poids mol\u00e9culaire<\/strong>177,24 g\/mol<\/li>\n<li><strong>Propri\u00e9t\u00e9s chimiques<\/strong>Le groupe m\u00e9thyle en position 3 influence les propri\u00e9t\u00e9s pharmacologiques et l'interaction avec les r\u00e9cepteurs des neurotransmetteurs, ce qui diff\u00e9rencie la 3-MMC de la 4-MMC et des autres cathinones.<\/li>\n<\/ul>\n<h3><strong>Dur\u00e9e et effets<\/strong><\/h3>\n<p>L'effet de la 3-MMC dure g\u00e9n\u00e9ralement <strong>4 \u00e0 6 heures<\/strong> en fonction du dosage et des facteurs individuels :<\/p>\n<ul>\n<li><strong>D\u00e9but de l'effet<\/strong>20 \u00e0 40 minutes.<\/li>\n<li><strong>Point culminant<\/strong>1,5 \u00e0 3 heures.<\/li>\n<li><strong>R\u00e9percussions<\/strong>: Effets subtils qui s'estompent en 1 \u00e0 2 heures.<\/li>\n<\/ul>","protected":false},"featured_media":679,"comment_status":"open","ping_status":"closed","template":"","meta":{"_joinchat":[]},"product_brand":[],"product_cat":[49,48],"product_tag":[1425,1441,1438,1448,1434,1447,1431,1432,1427,1424,1443,1445,1428,1439,1442,1426,1433,1444,1449,1446,1429,1430,1440,1435,1437,1436],"class_list":{"0":"post-678","1":"product","2":"type-product","3":"status-publish","4":"has-post-thumbnail","6":"product_cat-cathinones","7":"product_cat-stimulants","8":"product_tag-3-methylmethcathinon-bestellen","9":"product_tag-3-mmc-bestellen","10":"product_tag-3-mmc-bulk-bestellung","11":"product_tag-3-mmc-chemikalie","12":"product_tag-3-mmc-experimente","13":"product_tag-3-mmc-forschung","14":"product_tag-3-mmc-forschung-chemikalie","15":"product_tag-3-mmc-fur-neurowissenschaftliche-studien","16":"product_tag-3-mmc-groshandel","17":"product_tag-3-mmc-kaufen","18":"product_tag-3-mmc-labor","19":"product_tag-3-mmc-legal","20":"product_tag-3-mmc-lieferant","21":"product_tag-3-mmc-marktanalyse","22":"product_tag-3-mmc-online","23":"product_tag-3-mmc-online-bestellen","24":"product_tag-3-mmc-pharmazeutische-forschung","25":"product_tag-3-mmc-sicher","26":"product_tag-3-mmc-versand","27":"product_tag-3mmc-gunstig","28":"product_tag-forschung-chemikalien-3-mmc","29":"product_tag-hochwertige-3-mmc-kaufen","30":"product_tag-innovative-3-mmc-forschung","31":"product_tag-laborqualitat-3-mmc","32":"product_tag-legaler-3-mmc-anbieter","33":"product_tag-sicherer-3-mmc-versand","35":"first","36":"instock","37":"shipping-taxable","38":"purchasable","39":"product-type-variable"},"yoast_head":"<!-- This site is optimized with the Yoast SEO plugin v26.1.1 - https:\/\/yoast.com\/wordpress\/plugins\/seo\/ -->\n<title>3-MMC (3-Methylmethcathinon) online kaufen | Chemgramx<\/title>\n<meta name=\"description\" content=\"Sie suchen hochwertiges 3-MMC (3-Methylmethcathinon) zum Online-Verkauf? Chemgramx ist ein f\u00fchrender Shop, in dem Sie 3-MMC (3-Methylmethcathinon) zum besten Preis online kaufen k\u00f6nnen. Jetzt mit diskretem Versand bestellen!\" \/>\n<meta name=\"robots\" content=\"index, follow, max-snippet:-1, max-image-preview:large, max-video-preview:-1\" \/>\n<link rel=\"canonical\" href=\"https:\/\/chemgramx.com\/fr\/produit\/3-mmc-3-methylmethcathinon\/\" \/>\n<meta property=\"og:locale\" content=\"fr_FR\" \/>\n<meta property=\"og:type\" content=\"article\" \/>\n<meta property=\"og:title\" content=\"3-MMC (3-Methylmethcathinon) online kaufen | Chemgramx\" \/>\n<meta property=\"og:description\" content=\"Sie suchen hochwertiges 3-MMC (3-Methylmethcathinon) zum Online-Verkauf? Chemgramx ist ein f\u00fchrender Shop, in dem Sie 3-MMC (3-Methylmethcathinon) zum besten Preis online kaufen k\u00f6nnen. Jetzt mit diskretem Versand bestellen!\" \/>\n<meta property=\"og:url\" content=\"https:\/\/chemgramx.com\/fr\/produit\/3-mmc-3-methylmethcathinon\/\" \/>\n<meta property=\"og:site_name\" content=\"Chemgramx\" \/>\n<meta property=\"article:modified_time\" content=\"2025-10-15T06:10:33+00:00\" \/>\n<meta property=\"og:image\" content=\"https:\/\/chemgramx.com\/wp-content\/uploads\/2024\/10\/3-MMC-3-Methylmethcathinon.jpg\" \/>\n\t<meta property=\"og:image:width\" content=\"474\" \/>\n\t<meta property=\"og:image:height\" content=\"477\" \/>\n\t<meta property=\"og:image:type\" content=\"image\/jpeg\" \/>\n<meta name=\"twitter:card\" content=\"summary_large_image\" \/>\n<meta name=\"twitter:label1\" content=\"Dur\u00e9e de lecture estim\u00e9e\" \/>\n\t<meta name=\"twitter:data1\" content=\"3 minutes\" \/>\n<script type=\"application\/ld+json\" class=\"yoast-schema-graph\">{\"@context\":\"https:\/\/schema.org\",\"@graph\":[{\"@type\":\"WebPage\",\"@id\":\"https:\/\/chemgramx.com\/product\/3-mmc-3-methylmethcathinon\/\",\"url\":\"https:\/\/chemgramx.com\/product\/3-mmc-3-methylmethcathinon\/\",\"name\":\"3-MMC (3-Methylmethcathinon) online kaufen | Chemgramx\",\"isPartOf\":{\"@id\":\"https:\/\/chemgramx.com\/#website\"},\"primaryImageOfPage\":{\"@id\":\"https:\/\/chemgramx.com\/product\/3-mmc-3-methylmethcathinon\/#primaryimage\"},\"image\":{\"@id\":\"https:\/\/chemgramx.com\/product\/3-mmc-3-methylmethcathinon\/#primaryimage\"},\"thumbnailUrl\":\"https:\/\/chemgramx.com\/wp-content\/uploads\/2024\/10\/3-MMC-3-Methylmethcathinon.jpg\",\"datePublished\":\"2024-10-21T15:54:11+00:00\",\"dateModified\":\"2025-10-15T06:10:33+00:00\",\"description\":\"Sie suchen hochwertiges 3-MMC (3-Methylmethcathinon) zum Online-Verkauf? Chemgramx ist ein f\u00fchrender Shop, in dem Sie 3-MMC (3-Methylmethcathinon) zum besten Preis online kaufen k\u00f6nnen. Jetzt mit diskretem Versand bestellen!\",\"breadcrumb\":{\"@id\":\"https:\/\/chemgramx.com\/product\/3-mmc-3-methylmethcathinon\/#breadcrumb\"},\"inLanguage\":\"fr-FR\",\"potentialAction\":[{\"@type\":\"ReadAction\",\"target\":[\"https:\/\/chemgramx.com\/product\/3-mmc-3-methylmethcathinon\/\"]}]},{\"@type\":\"ImageObject\",\"inLanguage\":\"fr-FR\",\"@id\":\"https:\/\/chemgramx.com\/product\/3-mmc-3-methylmethcathinon\/#primaryimage\",\"url\":\"https:\/\/chemgramx.com\/wp-content\/uploads\/2024\/10\/3-MMC-3-Methylmethcathinon.jpg\",\"contentUrl\":\"https:\/\/chemgramx.com\/wp-content\/uploads\/2024\/10\/3-MMC-3-Methylmethcathinon.jpg\",\"width\":474,\"height\":477,\"caption\":\"3-MMC (3-Methylmethcathinon) online kaufen\"},{\"@type\":\"BreadcrumbList\",\"@id\":\"https:\/\/chemgramx.com\/product\/3-mmc-3-methylmethcathinon\/#breadcrumb\",\"itemListElement\":[{\"@type\":\"ListItem\",\"position\":1,\"name\":\"Home\",\"item\":\"https:\/\/chemgramx.com\/\"},{\"@type\":\"ListItem\",\"position\":2,\"name\":\"Shop\",\"item\":\"https:\/\/chemgramx.com\/shop\/\"},{\"@type\":\"ListItem\",\"position\":3,\"name\":\"3-MMC (3-Methylmethcathinon) online kaufen\"}]},{\"@type\":\"WebSite\",\"@id\":\"https:\/\/chemgramx.com\/#website\",\"url\":\"https:\/\/chemgramx.com\/\",\"name\":\"Chemgramx\",\"description\":\"\",\"publisher\":{\"@id\":\"https:\/\/chemgramx.com\/#organization\"},\"potentialAction\":[{\"@type\":\"SearchAction\",\"target\":{\"@type\":\"EntryPoint\",\"urlTemplate\":\"https:\/\/chemgramx.com\/?s={search_term_string}\"},\"query-input\":{\"@type\":\"PropertyValueSpecification\",\"valueRequired\":true,\"valueName\":\"search_term_string\"}}],\"inLanguage\":\"fr-FR\"},{\"@type\":\"Organization\",\"@id\":\"https:\/\/chemgramx.com\/#organization\",\"name\":\"Chemgramx\",\"url\":\"https:\/\/chemgramx.com\/\",\"logo\":{\"@type\":\"ImageObject\",\"inLanguage\":\"fr-FR\",\"@id\":\"https:\/\/chemgramx.com\/#\/schema\/logo\/image\/\",\"url\":\"https:\/\/chemgramx.com\/wp-content\/uploads\/2024\/10\/final-logo.png\",\"contentUrl\":\"https:\/\/chemgramx.com\/wp-content\/uploads\/2024\/10\/final-logo.png\",\"width\":250,\"height\":48,\"caption\":\"Chemgramx\"},\"image\":{\"@id\":\"https:\/\/chemgramx.com\/#\/schema\/logo\/image\/\"}}]}<\/script>\n<!-- \/ Yoast SEO plugin. -->","yoast_head_json":{"title":"3-MMC (3-m\u00e9thylm\u00e9thcathinone) en ligne | Chemgramx","description":"Vous cherchez de la 3-MMC (3-m\u00e9thylm\u00e9thcathinone) de haute qualit\u00e9 en vente en ligne\u00a0? Chemgramx est une boutique leader o\u00f9 vous pouvez acheter de la 3-MMC (3-m\u00e9thylm\u00e9thcathinone) en ligne au meilleur prix. Commandez d\u00e8s maintenant et profitez d'une livraison discr\u00e8te\u00a0!","robots":{"index":"index","follow":"follow","max-snippet":"max-snippet:-1","max-image-preview":"max-image-preview:large","max-video-preview":"max-video-preview:-1"},"canonical":"https:\/\/chemgramx.com\/fr\/produit\/3-mmc-3-methylmethcathinon\/","og_locale":"fr_FR","og_type":"article","og_title":"3-MMC (3-Methylmethcathinon) online kaufen | Chemgramx","og_description":"Sie suchen hochwertiges 3-MMC (3-Methylmethcathinon) zum Online-Verkauf? Chemgramx ist ein f\u00fchrender Shop, in dem Sie 3-MMC (3-Methylmethcathinon) zum besten Preis online kaufen k\u00f6nnen. Jetzt mit diskretem Versand bestellen!","og_url":"https:\/\/chemgramx.com\/fr\/produit\/3-mmc-3-methylmethcathinon\/","og_site_name":"Chemgramx","article_modified_time":"2025-10-15T06:10:33+00:00","og_image":[{"width":474,"height":477,"url":"https:\/\/chemgramx.com\/wp-content\/uploads\/2024\/10\/3-MMC-3-Methylmethcathinon.jpg","type":"image\/jpeg"}],"twitter_card":"summary_large_image","twitter_misc":{"Dur\u00e9e de lecture estim\u00e9e":"3 minutes"},"schema":{"@context":"https:\/\/schema.org","@graph":[{"@type":"WebPage","@id":"https:\/\/chemgramx.com\/product\/3-mmc-3-methylmethcathinon\/","url":"https:\/\/chemgramx.com\/product\/3-mmc-3-methylmethcathinon\/","name":"3-MMC (3-m\u00e9thylm\u00e9thcathinone) en ligne | Chemgramx","isPartOf":{"@id":"https:\/\/chemgramx.com\/#website"},"primaryImageOfPage":{"@id":"https:\/\/chemgramx.com\/product\/3-mmc-3-methylmethcathinon\/#primaryimage"},"image":{"@id":"https:\/\/chemgramx.com\/product\/3-mmc-3-methylmethcathinon\/#primaryimage"},"thumbnailUrl":"https:\/\/chemgramx.com\/wp-content\/uploads\/2024\/10\/3-MMC-3-Methylmethcathinon.jpg","datePublished":"2024-10-21T15:54:11+00:00","dateModified":"2025-10-15T06:10:33+00:00","description":"Vous cherchez de la 3-MMC (3-m\u00e9thylm\u00e9thcathinone) de haute qualit\u00e9 en vente en ligne\u00a0? Chemgramx est une boutique leader o\u00f9 vous pouvez acheter de la 3-MMC (3-m\u00e9thylm\u00e9thcathinone) en ligne au meilleur prix. Commandez d\u00e8s maintenant et profitez d'une livraison discr\u00e8te\u00a0!","breadcrumb":{"@id":"https:\/\/chemgramx.com\/product\/3-mmc-3-methylmethcathinon\/#breadcrumb"},"inLanguage":"fr-FR","potentialAction":[{"@type":"ReadAction","target":["https:\/\/chemgramx.com\/product\/3-mmc-3-methylmethcathinon\/"]}]},{"@type":"ImageObject","inLanguage":"fr-FR","@id":"https:\/\/chemgramx.com\/product\/3-mmc-3-methylmethcathinon\/#primaryimage","url":"https:\/\/chemgramx.com\/wp-content\/uploads\/2024\/10\/3-MMC-3-Methylmethcathinon.jpg","contentUrl":"https:\/\/chemgramx.com\/wp-content\/uploads\/2024\/10\/3-MMC-3-Methylmethcathinon.jpg","width":474,"height":477,"caption":"3-MMC (3-Methylmethcathinon) online kaufen"},{"@type":"BreadcrumbList","@id":"https:\/\/chemgramx.com\/product\/3-mmc-3-methylmethcathinon\/#breadcrumb","itemListElement":[{"@type":"ListItem","position":1,"name":"Home","item":"https:\/\/chemgramx.com\/"},{"@type":"ListItem","position":2,"name":"Shop","item":"https:\/\/chemgramx.com\/shop\/"},{"@type":"ListItem","position":3,"name":"3-MMC (3-Methylmethcathinon) online kaufen"}]},{"@type":"WebSite","@id":"https:\/\/chemgramx.com\/#website","url":"https:\/\/chemgramx.com\/","name":"Chemgramx","description":"","publisher":{"@id":"https:\/\/chemgramx.com\/#organization"},"potentialAction":[{"@type":"SearchAction","target":{"@type":"EntryPoint","urlTemplate":"https:\/\/chemgramx.com\/?s={search_term_string}"},"query-input":{"@type":"PropertyValueSpecification","valueRequired":true,"valueName":"search_term_string"}}],"inLanguage":"fr-FR"},{"@type":"Organization","@id":"https:\/\/chemgramx.com\/#organization","name":"Chemgramx","url":"https:\/\/chemgramx.com\/","logo":{"@type":"ImageObject","inLanguage":"fr-FR","@id":"https:\/\/chemgramx.com\/#\/schema\/logo\/image\/","url":"https:\/\/chemgramx.com\/wp-content\/uploads\/2024\/10\/final-logo.png","contentUrl":"https:\/\/chemgramx.com\/wp-content\/uploads\/2024\/10\/final-logo.png","width":250,"height":48,"caption":"Chemgramx"},"image":{"@id":"https:\/\/chemgramx.com\/#\/schema\/logo\/image\/"}}]}},"_links":{"self":[{"href":"https:\/\/chemgramx.com\/fr\/wp-json\/wp\/v2\/product\/678","targetHints":{"allow":["GET"]}}],"collection":[{"href":"https:\/\/chemgramx.com\/fr\/wp-json\/wp\/v2\/product"}],"about":[{"href":"https:\/\/chemgramx.com\/fr\/wp-json\/wp\/v2\/types\/product"}],"replies":[{"embeddable":true,"href":"https:\/\/chemgramx.com\/fr\/wp-json\/wp\/v2\/comments?post=678"}],"wp:featuredmedia":[{"embeddable":true,"href":"https:\/\/chemgramx.com\/fr\/wp-json\/wp\/v2\/media\/679"}],"wp:attachment":[{"href":"https:\/\/chemgramx.com\/fr\/wp-json\/wp\/v2\/media?parent=678"}],"wp:term":[{"taxonomy":"product_brand","embeddable":true,"href":"https:\/\/chemgramx.com\/fr\/wp-json\/wp\/v2\/product_brand?post=678"},{"taxonomy":"product_cat","embeddable":true,"href":"https:\/\/chemgramx.com\/fr\/wp-json\/wp\/v2\/product_cat?post=678"},{"taxonomy":"product_tag","embeddable":true,"href":"https:\/\/chemgramx.com\/fr\/wp-json\/wp\/v2\/product_tag?post=678"}],"curies":[{"name":"wp","href":"https:\/\/api.w.org\/{rel}","templated":true}]}}