{"id":6814,"date":"2025-11-21T11:09:30","date_gmt":"2025-11-21T11:09:30","guid":{"rendered":"https:\/\/chemgramx.com\/?post_type=product&#038;p=6814"},"modified":"2025-11-21T11:09:51","modified_gmt":"2025-11-21T11:09:51","slug":"poudre-de-chlorhydrate-dephedrine","status":"publish","type":"product","link":"https:\/\/chemgramx.com\/fr\/product\/ephedrine-hydrochloride-powder\/","title":{"rendered":"Poudre de chlorhydrate d'\u00e9ph\u00e9drine"},"content":{"rendered":"<p><span dir=\"auto\">Acheter\u00a0<\/span><strong data-start=\"67\" data-end=\"101\"><span dir=\"auto\">Poudre de chlorhydrate d'\u00e9ph\u00e9drine<\/span><\/strong><span dir=\"auto\">\u00a0en ligne chez Hazy Puff Depot. Nous offrons des produits authentiques, purs \u00e0 100 % \u00e0 des prix comp\u00e9titifs. Nous vendons des produits de qualit\u00e9 depuis 2010 et garantissons une livraison s\u00fbre et discr\u00e8te avec un envoi gratuit dans le monde entier. Profitez d'un paiement s\u00e9curis\u00e9 en Bitcoin et d'une livraison anonyme et discr\u00e8te pour prot\u00e9ger votre vie priv\u00e9e. Faites confiance \u00e0 Hazy Puff Depot pour des produits de qualit\u00e9 et un service fiable.<\/span><\/p>\n<h2><span dir=\"auto\">Achetez maintenant sur notre site et commandez votre poudre de chlorhydrate d'\u00e9ph\u00e9drine en toute s\u00e9curit\u00e9, avec une livraison discr\u00e8te garantie.<\/span><\/h2>\n<p class=\"\" data-start=\"240\" data-end=\"310\"><strong data-start=\"240\" data-end=\"310\"><span dir=\"auto\">Poudre d'\u00e9ph\u00e9drine HCL : une alternative l\u00e9gale pour une stimulation accrue<\/span><\/strong><\/p>\n<p class=\"\" data-start=\"312\" data-end=\"634\"><strong data-start=\"765\" data-end=\"803\"><span dir=\"auto\">La poudre de chlorhydrate d'\u00e9ph\u00e9drine sert d'alternative l\u00e9gale \u00e0 de nombreuses substances interdites et est souvent appel\u00e9e \u201e\u00a0<\/span><\/strong><strong data-start=\"424\" data-end=\"438\"><span dir=\"auto\">Legal High<\/span><\/strong><span dir=\"auto\">\u00a0\u201c. Ce puissant stimulant du syst\u00e8me nerveux central est naturellement pr\u00e9sent dans plusieurs herbes, dont\u00a0<\/span><strong data-start=\"533\" data-end=\"562\"><span dir=\"auto\">Ma Huang (\u00e9ph\u00e9dra sinica)<\/span><\/strong><span dir=\"auto\">\u00a0,\u00a0<\/span><strong data-start=\"564\" data-end=\"597\"><span dir=\"auto\">Kava-Kava (Piper methysticum)<\/span><\/strong><span dir=\"auto\">\u00a0et\u00a0<\/span><strong data-start=\"603\" data-end=\"633\"><span dir=\"auto\">Guarana (Paullinia cupana)<\/span><\/strong><span dir=\"auto\">\u00a0.<\/span><\/p>\n<p class=\"\" data-start=\"636\" data-end=\"1119\"><span dir=\"auto\">Gagner des fabricants\u00a0<\/span><strong data-start=\"657\" data-end=\"684\"><span dir=\"auto\">Chlorhydrate d'\u00e9ph\u00e9drine - g\u00e9n\u00e9ralit\u00e9s\u00a0<\/span><\/strong><strong data-start=\"701\" data-end=\"718\"><span dir=\"auto\">\u00c9ph\u00e9drine HCL<\/span><\/strong><span dir=\"auto\">\u00a0,\u00a0<\/span><strong data-start=\"720\" data-end=\"727\"><span dir=\"auto\">EHP<\/span><\/strong><span dir=\"auto\">\u00a0ou parfois, de mani\u00e8re erron\u00e9e, par\u00a0<\/span><strong data-start=\"769\" data-end=\"788\"><span dir=\"auto\">M\u00e9thamph\u00e9tamine<\/span><\/strong><span dir=\"auto\">\u00a0directement \u00e0 partir de ces plantes. Sous sa forme pure, il appara\u00eet\u00a0<\/span><strong data-start=\"835\" data-end=\"852\"><span dir=\"auto\">\u00c9ph\u00e9drine HCL<\/span><\/strong><span dir=\"auto\">\u00a0sous la forme d'un solide cristallin blanc qui se dissout facilement dans l'eau. Aujourd'hui, les acheteurs peuvent trouver une grande vari\u00e9t\u00e9 de produits \u00e0 base d'\u00e9ph\u00e9drine en ligne, notamment aupr\u00e8s de fournisseurs de confiance tels que\u00a0<\/span><strong data-start=\"1028\" data-end=\"1047\"><span dir=\"auto\">Hazy Puff Depot<\/span><\/strong><span dir=\"auto\">\u00a0qui\u00a0<\/span><strong data-start=\"1058\" data-end=\"1085\"><span dir=\"auto\">une livraison s\u00fbre et discr\u00e8te<\/span><\/strong><span dir=\"auto\">\u00a0avec\u00a0<\/span><strong data-start=\"1091\" data-end=\"1118\"><span dir=\"auto\">paiement s\u00e9curis\u00e9 en bitcoins<\/span><\/strong><span dir=\"auto\">\u00a0offrir .<\/span><\/p>\n<h3><span dir=\"auto\">O\u00f9 trouver de la poudre d'\u00e9ph\u00e9drine HCL de haute qualit\u00e9 \u00e0 vendre<\/span><\/h3>\n<p><span dir=\"auto\">Trouver\u00a0<\/span><strong data-start=\"66\" data-end=\"90\"><span dir=\"auto\">Poudre d'\u00e9ph\u00e9drine HCl<\/span><\/strong><span dir=\"auto\">\u00a0facilement dans des boutiques en ligne de confiance comme\u00a0<\/span><strong data-start=\"128\" data-end=\"147\"><span dir=\"auto\">Hazy Puff Depot<\/span><\/strong><span dir=\"auto\">\u00a0. Acheter\u00a0<\/span><strong data-start=\"158\" data-end=\"182\"><span dir=\"auto\">Poudre d'\u00e9ph\u00e9drine HCl<\/span><\/strong><span dir=\"auto\">\u00a0directement depuis diff\u00e9rents sites web sans ordonnance. Les paiements s\u00e9curis\u00e9s en bitcoin et l'exp\u00e9dition discr\u00e8te vous garantissent la confidentialit\u00e9 et le soin de chaque commande.<\/span><\/p>\n<h2 class=\"\" data-start=\"62\" data-end=\"89\"><span dir=\"auto\">Comment agit l'\u00e9ph\u00e9drine ?<\/span><\/h2>\n<p class=\"\" data-start=\"91\" data-end=\"520\"><strong data-start=\"765\" data-end=\"803\"><span dir=\"auto\">Poudre de chlorhydrate d'\u00e9ph\u00e9drine<\/span><\/strong><span dir=\"auto\">\u00a0stimule certains produits chimiques dans le cerveau qui stimulent des fonctions vitales telles que\u00a0<\/span><strong data-start=\"185\" data-end=\"203\"><span dir=\"auto\">Tension art\u00e9rielle<\/span><\/strong><span dir=\"auto\">\u00a0,\u00a0<\/span><strong data-start=\"205\" data-end=\"219\"><span dir=\"auto\">Fr\u00e9quence cardiaque<\/span><\/strong><span dir=\"auto\">\u00a0,\u00a0<\/span><strong data-start=\"221\" data-end=\"234\"><span dir=\"auto\">Respiration<\/span><\/strong><span dir=\"auto\">\u00a0et\u00a0<\/span><strong data-start=\"240\" data-end=\"260\"><span dir=\"auto\">Temp\u00e9rature du corps<\/span><\/strong><span dir=\"auto\">\u00a0piloter . La prise orale\u00a0<\/span><strong data-start=\"276\" data-end=\"289\" data-is-only-node=\"\"><span dir=\"auto\">de l'\u00e9ph\u00e9drine<\/span><\/strong><span dir=\"auto\">\u00a0active directement les glandes surr\u00e9nales et les stimule \u00e0 s\u00e9cr\u00e9ter des\u00a0<\/span><strong data-start=\"366\" data-end=\"380\"><span dir=\"auto\">Adr\u00e9naline<\/span><\/strong><span dir=\"auto\">\u00a0. Cette hormone r\u00e9gule alors \u00e0 la fois la pression art\u00e9rielle et la fr\u00e9quence cardiaque, augmente l'\u00e9nergie, accro\u00eet la vigilance et am\u00e9liore l'arriv\u00e9e d'air dans les poumons.<\/span><\/p>\n<p class=\"\" data-start=\"154\" data-end=\"175\"><strong data-start=\"154\" data-end=\"175\"><span dir=\"auto\">Caract\u00e9ristiques du produit :<\/span><\/strong><\/p>\n<ul data-start=\"176\" data-end=\"552\">\n<li class=\"\" data-start=\"176\" data-end=\"245\">\n<p class=\"\" data-start=\"178\" data-end=\"245\"><strong data-start=\"178\" data-end=\"222\"><span dir=\"auto\">100 % Poudre de chlorhydrate d'\u00e9ph\u00e9drine pure<\/span><\/strong><span dir=\"auto\">\u00a0, La qualit\u00e9 des produits est garantie par un syst\u00e8me de gestion de la qualit\u00e9.<\/span><\/p>\n<\/li>\n<li class=\"\" data-start=\"246\" data-end=\"307\">\n<p class=\"\" data-start=\"248\" data-end=\"307\"><strong data-start=\"248\" data-end=\"278\"><span dir=\"auto\">Utilisation s\u00fbre et efficace<\/span><\/strong><span dir=\"auto\">\u00a0, fournit des r\u00e9sultats fiables.<\/span><\/p>\n<\/li>\n<li class=\"\" data-start=\"308\" data-end=\"395\">\n<p class=\"\" data-start=\"310\" data-end=\"395\"><strong data-start=\"310\" data-end=\"336\"><span dir=\"auto\">Paiement s\u00e9curis\u00e9 en bitcoins<\/span><\/strong><span dir=\"auto\">\u00a0et\u00a0<\/span><strong data-start=\"341\" data-end=\"362\"><span dir=\"auto\">envoi discret<\/span><\/strong><span dir=\"auto\">\u00a0pour une exp\u00e9rience sans faille.<\/span><\/p>\n<\/li>\n<li class=\"\" data-start=\"396\" data-end=\"470\">\n<p class=\"\" data-start=\"398\" data-end=\"470\"><strong data-start=\"398\" data-end=\"425\"><span dir=\"auto\">Livraison gratuite dans le monde entier<\/span><\/strong><span dir=\"auto\">\u00a0\u00e0 chaque commande, pour que vous puissiez faire vos achats en toute s\u00e9r\u00e9nit\u00e9.<\/span><\/p>\n<\/li>\n<li class=\"\" data-start=\"471\" data-end=\"552\">\n<p class=\"\" data-start=\"53\" data-end=\"124\"><span dir=\"auto\">Nous mettons sous vide et <a href=\"https:\/\/chemgramx.com\/product\/mushroom-tea-kaufen\/\">emballer<\/a> chaque commande discr\u00e8tement, afin de garantir une confidentialit\u00e9 absolue.<\/span><\/p>\n<p><span dir=\"auto\">Pour plus d'informations sur l'achat en ligne, l'achat discret et l'achat en ligne, cliquez ici.\u00a0<a rel=\"noopener\" data-start=\"205\" data-end=\"282\">Exp\u00e9dition\u00a0<\/a><\/span><strong data-start=\"122\" data-end=\"178\"><span dir=\"auto\">et des sources d'approvisionnement globales<\/span><\/strong><span dir=\"auto\">\u00a0vous trouverez sur notre blog. Restez inform\u00e9\u00a0<strong data-start=\"326\" data-end=\"340\">les tendances actuelles<\/strong>\u00a0dans le secteur et lisez notre article\u00a0<a rel=\"noopener\" data-start=\"368\" data-end=\"435\">\u201eNouvelles tendances et avenir de l'\u00e9ph\u00e9drine\u201c<\/a>\u00a0. Ces deux sources fournissent des informations pr\u00e9cieuses qui vous aideront \u00e0 vous orienter facilement et en toute s\u00e9curit\u00e9 sur le march\u00e9.<\/span><\/li>\n<\/ul>\n<h2 class=\"\" data-start=\"72\" data-end=\"120\"><span dir=\"auto\">Quels sont les effets secondaires de la prise d'\u00e9ph\u00e9drine ?<\/span><\/h2>\n<p class=\"\" data-start=\"122\" data-end=\"446\"><span dir=\"auto\">La prise\u00a0<\/span><strong data-start=\"128\" data-end=\"141\"><span dir=\"auto\">de l'\u00e9ph\u00e9drine<\/span><\/strong><span dir=\"auto\">\u00a0peut provoquer des effets secondaires similaires \u00e0 ceux d'autres stimulants. Les effets secondaires les plus fr\u00e9quents sont\u00a0<\/span><strong data-start=\"233\" data-end=\"255\"><span dir=\"auto\">augmentation de l'app\u00e9tit<\/span><\/strong><span dir=\"auto\">\u00a0,\u00a0<\/span><strong data-start=\"257\" data-end=\"269\"><span dir=\"auto\">Insomnie<\/span><\/strong><span dir=\"auto\">\u00a0,\u00a0<\/span><strong data-start=\"271\" data-end=\"282\"><span dir=\"auto\">Anxi\u00e9t\u00e9<\/span><\/strong><span dir=\"auto\">\u00a0,\u00a0<\/span><strong data-start=\"284\" data-end=\"300\"><span dir=\"auto\">Irritabilit\u00e9<\/span><\/strong><span dir=\"auto\">\u00a0,\u00a0<\/span><strong data-start=\"302\" data-end=\"318\"><span dir=\"auto\">Inqui\u00e9tude<\/span><\/strong><span dir=\"auto\">\u00a0et\u00a0<\/span><strong data-start=\"324\" data-end=\"343\"><span dir=\"auto\">Tachycardie<\/span><\/strong><span dir=\"auto\">\u00a0. Soyez toujours attentif \u00e0 la r\u00e9action de votre corps et arr\u00eatez de prendre le m\u00e9dicament si vous constatez des effets secondaires.<\/span><\/p>\n<h2 class=\"\" data-start=\"448\" data-end=\"503\"><span dir=\"auto\">Pourquoi devrais-je utiliser l'\u00e9ph\u00e9drine au lieu de drogues ill\u00e9gales ?<\/span><\/h2>\n<p class=\"\" data-start=\"505\" data-end=\"857\"><span dir=\"auto\">La prise\u00a0<\/span><strong data-start=\"511\" data-end=\"524\"><span dir=\"auto\">de l'\u00e9ph\u00e9drine<\/span><\/strong><span dir=\"auto\">\u00a0au lieu de drogues ill\u00e9gales est plus s\u00fbr.\u00a0<\/span><strong data-start=\"573\" data-end=\"586\"><span dir=\"auto\">\u00c9ph\u00e9drine<\/span><\/strong><span dir=\"auto\">\u00a0r\u00e9duit le risque de surdosage de substances dangereuses non r\u00e9glement\u00e9es. En cas d'ant\u00e9c\u00e9dents m\u00e9dicaux, consultez avant la prise de\u00a0<strong data-start=\"742\" data-end=\"755\">\u00c9ph\u00e9drine\u00a0<\/strong><\/span><strong data-start=\"705\" data-end=\"728\"><span dir=\"auto\">votre m\u00e9decin<\/span><\/strong><span dir=\"auto\">\u00a0. Vous pouvez\u00a0<strong data-start=\"765\" data-end=\"803\">Poudre de chlorhydrate d'\u00e9ph\u00e9drine<\/strong>\u00a0s'approvisionner aupr\u00e8s de sources fiables, garantissant ainsi une qualit\u00e9 et une s\u00e9curit\u00e9 optimales.<\/span><\/p>\n<h2 class=\"\" data-start=\"51\" data-end=\"83\"><span dir=\"auto\">L'\u00e9ph\u00e9drine est-elle l\u00e9gale au Canada ?<\/span><\/h2>\n<p class=\"\" data-start=\"85\" data-end=\"348\"><span dir=\"auto\">Oui,\u00a0<\/span><strong data-start=\"90\" data-end=\"103\"><span dir=\"auto\">L'\u00e9ph\u00e9drine est l\u00e9gale au Canada. Les personnes souffrant de maladies telles que\u00a0<\/span><\/strong><strong data-start=\"161\" data-end=\"177\"><span dir=\"auto\">Hypertension art\u00e9rielle<\/span><\/strong><span dir=\"auto\">\u00a0,\u00a0<\/span><strong data-start=\"179\" data-end=\"196\"><span dir=\"auto\">Maladies cardiaques<\/span><\/strong><span dir=\"auto\">\u00a0,\u00a0<\/span><strong data-start=\"198\" data-end=\"210\"><span dir=\"auto\">Diab\u00e8te<\/span><\/strong><span dir=\"auto\">\u00a0,\u00a0<\/span><strong data-start=\"212\" data-end=\"226\"><span dir=\"auto\">D\u00e9pression<\/span><\/strong><span dir=\"auto\">\u00a0ou d'autres maladies graves devraient toutefois s'abstenir de prendre ce m\u00e9dicament. Consultez toujours un m\u00e9decin avant de prendre le m\u00e9dicament.<\/span><\/p>","protected":false},"excerpt":{"rendered":"<p><span dir=\"auto\">D\u00e9couvrez la qualit\u00e9 premium de\u00a0<\/span><strong data-start=\"338\" data-end=\"372\"><span dir=\"auto\">Poudre de chlorhydrate d'\u00e9ph\u00e9drine<\/span><\/strong><span dir=\"auto\">\u00a0, \u00e9prouv\u00e9e pour la recherche, la synth\u00e8se chimique et les projets sp\u00e9ciaux. Cette poudre ultrafine de qualit\u00e9 pharmaceutique offre une puret\u00e9 \u226599 % et est parfaite pour une utilisation professionnelle et en laboratoire.<\/span><br \/>\n<span dir=\"auto\">L'\u00e9ph\u00e9drine HCL est une substance naturelle de la famille des plantes \u00e9ph\u00e9dra. L'\u00e9ph\u00e9drine est largement connue pour son utilisation dans les compl\u00e9ments alimentaires pour la perte de poids et les pilules amaigrissantes. Elle est \u00e9galement souvent utilis\u00e9e pour traiter l'asthme et la bronchite. C'est un stimulant du syst\u00e8me nerveux central qui augmente la pression art\u00e9rielle et la fr\u00e9quence cardiaque, ce qui permet au corps de br\u00fbler des calories plus rapidement. L'\u00e9ph\u00e9drine est souvent vendue sous les noms de marque M\u00e9th\u00e9drine, M\u00e9thandral, M\u00e9th\u00e9drine-D et M\u00e9th\u00e9drine-M.<\/span><\/p>","protected":false},"featured_media":6832,"comment_status":"open","ping_status":"closed","template":"","meta":{"_joinchat":[]},"product_brand":[],"product_cat":[3194],"product_tag":[],"class_list":{"0":"post-6814","1":"product","2":"type-product","3":"status-publish","4":"has-post-thumbnail","6":"product_cat-crystal-meth","8":"first","9":"instock","10":"shipping-taxable","11":"purchasable","12":"product-type-variable"},"yoast_head":"<!-- This site is optimized with the Yoast SEO plugin v27.5 - https:\/\/yoast.com\/product\/yoast-seo-wordpress\/ -->\n<title>Kaufen Sie Ephedrinhydrochlorid-Pulver online - Chemgramx<\/title>\n<meta name=\"description\" content=\"Erfahren Sie mehr \u00fcber Ephedrinhydrochlorid-Pulver, seine Anwendung, Wirkung und Nebenwirkungen. Kaufen Sie hochwertiges Ephedrin online mit sicheren, diskreten Zahlungsoptionen.\" \/>\n<meta name=\"robots\" content=\"index, follow, max-snippet:-1, max-image-preview:large, max-video-preview:-1\" \/>\n<link rel=\"canonical\" href=\"https:\/\/chemgramx.com\/fr\/produit\/poudre-de-chlorhydrate-dephedrine\/\" \/>\n<meta property=\"og:locale\" content=\"fr_FR\" \/>\n<meta property=\"og:type\" content=\"article\" \/>\n<meta property=\"og:title\" content=\"Kaufen Sie Ephedrinhydrochlorid-Pulver online - Chemgramx\" \/>\n<meta property=\"og:description\" content=\"Erfahren Sie mehr \u00fcber Ephedrinhydrochlorid-Pulver, seine Anwendung, Wirkung und Nebenwirkungen. Kaufen Sie hochwertiges Ephedrin online mit sicheren, diskreten Zahlungsoptionen.\" \/>\n<meta property=\"og:url\" content=\"https:\/\/chemgramx.com\/fr\/produit\/poudre-de-chlorhydrate-dephedrine\/\" \/>\n<meta property=\"og:site_name\" content=\"Chemgramx\" \/>\n<meta property=\"article:modified_time\" content=\"2025-11-21T11:09:51+00:00\" \/>\n<meta property=\"og:image\" content=\"https:\/\/chemgramx.com\/wp-content\/uploads\/2025\/11\/buy-ephedrine-hydrochloride-powder-online-at-hazy-puff-depot.png\" \/>\n\t<meta property=\"og:image:width\" content=\"300\" \/>\n\t<meta property=\"og:image:height\" content=\"300\" \/>\n\t<meta property=\"og:image:type\" content=\"image\/png\" \/>\n<meta name=\"twitter:card\" content=\"summary_large_image\" \/>\n<meta name=\"twitter:label1\" content=\"Dur\u00e9e de lecture estim\u00e9e\" \/>\n\t<meta name=\"twitter:data1\" content=\"3 minutes\" \/>\n<script type=\"application\/ld+json\" class=\"yoast-schema-graph\">{\"@context\":\"https:\\\/\\\/schema.org\",\"@graph\":[{\"@type\":\"WebPage\",\"@id\":\"https:\\\/\\\/chemgramx.com\\\/product\\\/ephedrine-hydrochloride-powder\\\/\",\"url\":\"https:\\\/\\\/chemgramx.com\\\/product\\\/ephedrine-hydrochloride-powder\\\/\",\"name\":\"Kaufen Sie Ephedrinhydrochlorid-Pulver online - Chemgramx\",\"isPartOf\":{\"@id\":\"https:\\\/\\\/chemgramx.com\\\/#website\"},\"primaryImageOfPage\":{\"@id\":\"https:\\\/\\\/chemgramx.com\\\/product\\\/ephedrine-hydrochloride-powder\\\/#primaryimage\"},\"image\":{\"@id\":\"https:\\\/\\\/chemgramx.com\\\/product\\\/ephedrine-hydrochloride-powder\\\/#primaryimage\"},\"thumbnailUrl\":\"https:\\\/\\\/chemgramx.com\\\/wp-content\\\/uploads\\\/2025\\\/11\\\/buy-ephedrine-hydrochloride-powder-online-at-hazy-puff-depot.png\",\"datePublished\":\"2025-11-21T11:09:30+00:00\",\"dateModified\":\"2025-11-21T11:09:51+00:00\",\"description\":\"Erfahren Sie mehr \u00fcber Ephedrinhydrochlorid-Pulver, seine Anwendung, Wirkung und Nebenwirkungen. Kaufen Sie hochwertiges Ephedrin online mit sicheren, diskreten Zahlungsoptionen.\",\"breadcrumb\":{\"@id\":\"https:\\\/\\\/chemgramx.com\\\/product\\\/ephedrine-hydrochloride-powder\\\/#breadcrumb\"},\"inLanguage\":\"fr-FR\",\"potentialAction\":[{\"@type\":\"ReadAction\",\"target\":[\"https:\\\/\\\/chemgramx.com\\\/product\\\/ephedrine-hydrochloride-powder\\\/\"]}]},{\"@type\":\"ImageObject\",\"inLanguage\":\"fr-FR\",\"@id\":\"https:\\\/\\\/chemgramx.com\\\/product\\\/ephedrine-hydrochloride-powder\\\/#primaryimage\",\"url\":\"https:\\\/\\\/chemgramx.com\\\/wp-content\\\/uploads\\\/2025\\\/11\\\/buy-ephedrine-hydrochloride-powder-online-at-hazy-puff-depot.png\",\"contentUrl\":\"https:\\\/\\\/chemgramx.com\\\/wp-content\\\/uploads\\\/2025\\\/11\\\/buy-ephedrine-hydrochloride-powder-online-at-hazy-puff-depot.png\",\"width\":300,\"height\":300},{\"@type\":\"BreadcrumbList\",\"@id\":\"https:\\\/\\\/chemgramx.com\\\/product\\\/ephedrine-hydrochloride-powder\\\/#breadcrumb\",\"itemListElement\":[{\"@type\":\"ListItem\",\"position\":1,\"name\":\"Home\",\"item\":\"https:\\\/\\\/chemgramx.com\\\/\"},{\"@type\":\"ListItem\",\"position\":2,\"name\":\"Shop\",\"item\":\"https:\\\/\\\/chemgramx.com\\\/shop\\\/\"},{\"@type\":\"ListItem\",\"position\":3,\"name\":\"Ephedrine Hydrochloride Powder\"}]},{\"@type\":\"WebSite\",\"@id\":\"https:\\\/\\\/chemgramx.com\\\/#website\",\"url\":\"https:\\\/\\\/chemgramx.com\\\/\",\"name\":\"Chemgramx\",\"description\":\"\",\"publisher\":{\"@id\":\"https:\\\/\\\/chemgramx.com\\\/#organization\"},\"potentialAction\":[{\"@type\":\"SearchAction\",\"target\":{\"@type\":\"EntryPoint\",\"urlTemplate\":\"https:\\\/\\\/chemgramx.com\\\/?s={search_term_string}\"},\"query-input\":{\"@type\":\"PropertyValueSpecification\",\"valueRequired\":true,\"valueName\":\"search_term_string\"}}],\"inLanguage\":\"fr-FR\"},{\"@type\":\"Organization\",\"@id\":\"https:\\\/\\\/chemgramx.com\\\/#organization\",\"name\":\"Chemgramx\",\"url\":\"https:\\\/\\\/chemgramx.com\\\/\",\"logo\":{\"@type\":\"ImageObject\",\"inLanguage\":\"fr-FR\",\"@id\":\"https:\\\/\\\/chemgramx.com\\\/#\\\/schema\\\/logo\\\/image\\\/\",\"url\":\"https:\\\/\\\/chemgramx.com\\\/wp-content\\\/uploads\\\/2024\\\/10\\\/final-logo.png\",\"contentUrl\":\"https:\\\/\\\/chemgramx.com\\\/wp-content\\\/uploads\\\/2024\\\/10\\\/final-logo.png\",\"width\":250,\"height\":48,\"caption\":\"Chemgramx\"},\"image\":{\"@id\":\"https:\\\/\\\/chemgramx.com\\\/#\\\/schema\\\/logo\\\/image\\\/\"}}]}<\/script>\n<!-- \/ Yoast SEO plugin. -->","yoast_head_json":{"title":"Acheter de la poudre de chlorhydrate d'\u00e9ph\u00e9drine en ligne - Chemgramx","description":"Apprenez-en plus sur la poudre de chlorhydrate d'\u00e9ph\u00e9drine, son utilisation, ses effets et ses effets secondaires. Achetez de l'\u00e9ph\u00e9drine de qualit\u00e9 en ligne avec des options de paiement discr\u00e8tes et s\u00e9curis\u00e9es.","robots":{"index":"index","follow":"follow","max-snippet":"max-snippet:-1","max-image-preview":"max-image-preview:large","max-video-preview":"max-video-preview:-1"},"canonical":"https:\/\/chemgramx.com\/fr\/produit\/poudre-de-chlorhydrate-dephedrine\/","og_locale":"fr_FR","og_type":"article","og_title":"Kaufen Sie Ephedrinhydrochlorid-Pulver online - Chemgramx","og_description":"Erfahren Sie mehr \u00fcber Ephedrinhydrochlorid-Pulver, seine Anwendung, Wirkung und Nebenwirkungen. Kaufen Sie hochwertiges Ephedrin online mit sicheren, diskreten Zahlungsoptionen.","og_url":"https:\/\/chemgramx.com\/fr\/produit\/poudre-de-chlorhydrate-dephedrine\/","og_site_name":"Chemgramx","article_modified_time":"2025-11-21T11:09:51+00:00","og_image":[{"width":300,"height":300,"url":"https:\/\/chemgramx.com\/wp-content\/uploads\/2025\/11\/buy-ephedrine-hydrochloride-powder-online-at-hazy-puff-depot.png","type":"image\/png"}],"twitter_card":"summary_large_image","twitter_misc":{"Dur\u00e9e de lecture estim\u00e9e":"3 minutes"},"schema":{"@context":"https:\/\/schema.org","@graph":[{"@type":"WebPage","@id":"https:\/\/chemgramx.com\/product\/ephedrine-hydrochloride-powder\/","url":"https:\/\/chemgramx.com\/product\/ephedrine-hydrochloride-powder\/","name":"Acheter de la poudre de chlorhydrate d'\u00e9ph\u00e9drine en ligne - Chemgramx","isPartOf":{"@id":"https:\/\/chemgramx.com\/#website"},"primaryImageOfPage":{"@id":"https:\/\/chemgramx.com\/product\/ephedrine-hydrochloride-powder\/#primaryimage"},"image":{"@id":"https:\/\/chemgramx.com\/product\/ephedrine-hydrochloride-powder\/#primaryimage"},"thumbnailUrl":"https:\/\/chemgramx.com\/wp-content\/uploads\/2025\/11\/buy-ephedrine-hydrochloride-powder-online-at-hazy-puff-depot.png","datePublished":"2025-11-21T11:09:30+00:00","dateModified":"2025-11-21T11:09:51+00:00","description":"Apprenez-en plus sur la poudre de chlorhydrate d'\u00e9ph\u00e9drine, son utilisation, ses effets et ses effets secondaires. Achetez de l'\u00e9ph\u00e9drine de qualit\u00e9 en ligne avec des options de paiement discr\u00e8tes et s\u00e9curis\u00e9es.","breadcrumb":{"@id":"https:\/\/chemgramx.com\/product\/ephedrine-hydrochloride-powder\/#breadcrumb"},"inLanguage":"fr-FR","potentialAction":[{"@type":"ReadAction","target":["https:\/\/chemgramx.com\/product\/ephedrine-hydrochloride-powder\/"]}]},{"@type":"ImageObject","inLanguage":"fr-FR","@id":"https:\/\/chemgramx.com\/product\/ephedrine-hydrochloride-powder\/#primaryimage","url":"https:\/\/chemgramx.com\/wp-content\/uploads\/2025\/11\/buy-ephedrine-hydrochloride-powder-online-at-hazy-puff-depot.png","contentUrl":"https:\/\/chemgramx.com\/wp-content\/uploads\/2025\/11\/buy-ephedrine-hydrochloride-powder-online-at-hazy-puff-depot.png","width":300,"height":300},{"@type":"BreadcrumbList","@id":"https:\/\/chemgramx.com\/product\/ephedrine-hydrochloride-powder\/#breadcrumb","itemListElement":[{"@type":"ListItem","position":1,"name":"Home","item":"https:\/\/chemgramx.com\/"},{"@type":"ListItem","position":2,"name":"Shop","item":"https:\/\/chemgramx.com\/shop\/"},{"@type":"ListItem","position":3,"name":"Ephedrine Hydrochloride Powder"}]},{"@type":"WebSite","@id":"https:\/\/chemgramx.com\/#website","url":"https:\/\/chemgramx.com\/","name":"Chemgramx","description":"","publisher":{"@id":"https:\/\/chemgramx.com\/#organization"},"potentialAction":[{"@type":"SearchAction","target":{"@type":"EntryPoint","urlTemplate":"https:\/\/chemgramx.com\/?s={search_term_string}"},"query-input":{"@type":"PropertyValueSpecification","valueRequired":true,"valueName":"search_term_string"}}],"inLanguage":"fr-FR"},{"@type":"Organization","@id":"https:\/\/chemgramx.com\/#organization","name":"Chemgramx","url":"https:\/\/chemgramx.com\/","logo":{"@type":"ImageObject","inLanguage":"fr-FR","@id":"https:\/\/chemgramx.com\/#\/schema\/logo\/image\/","url":"https:\/\/chemgramx.com\/wp-content\/uploads\/2024\/10\/final-logo.png","contentUrl":"https:\/\/chemgramx.com\/wp-content\/uploads\/2024\/10\/final-logo.png","width":250,"height":48,"caption":"Chemgramx"},"image":{"@id":"https:\/\/chemgramx.com\/#\/schema\/logo\/image\/"}}]}},"_links":{"self":[{"href":"https:\/\/chemgramx.com\/fr\/wp-json\/wp\/v2\/product\/6814","targetHints":{"allow":["GET"]}}],"collection":[{"href":"https:\/\/chemgramx.com\/fr\/wp-json\/wp\/v2\/product"}],"about":[{"href":"https:\/\/chemgramx.com\/fr\/wp-json\/wp\/v2\/types\/product"}],"replies":[{"embeddable":true,"href":"https:\/\/chemgramx.com\/fr\/wp-json\/wp\/v2\/comments?post=6814"}],"wp:featuredmedia":[{"embeddable":true,"href":"https:\/\/chemgramx.com\/fr\/wp-json\/wp\/v2\/media\/6832"}],"wp:attachment":[{"href":"https:\/\/chemgramx.com\/fr\/wp-json\/wp\/v2\/media?parent=6814"}],"wp:term":[{"taxonomy":"product_brand","embeddable":true,"href":"https:\/\/chemgramx.com\/fr\/wp-json\/wp\/v2\/product_brand?post=6814"},{"taxonomy":"product_cat","embeddable":true,"href":"https:\/\/chemgramx.com\/fr\/wp-json\/wp\/v2\/product_cat?post=6814"},{"taxonomy":"product_tag","embeddable":true,"href":"https:\/\/chemgramx.com\/fr\/wp-json\/wp\/v2\/product_tag?post=6814"}],"curies":[{"name":"wp","href":"https:\/\/api.w.org\/{rel}","templated":true}]}}