{"id":6815,"date":"2025-11-21T11:09:30","date_gmt":"2025-11-21T11:09:30","guid":{"rendered":"https:\/\/chemgramx.com\/?post_type=product&#038;p=6815"},"modified":"2025-11-21T11:09:51","modified_gmt":"2025-11-21T11:09:51","slug":"acheter-crystal-meth","status":"publish","type":"product","link":"https:\/\/chemgramx.com\/fr\/product\/crystal-meth-kaufen\/","title":{"rendered":"Acheter de la crystal meth"},"content":{"rendered":"<p data-start=\"0\" data-end=\"341\"><span dir=\"auto\">Lorsqu'il est consomm\u00e9, le crystal meth peut provoquer une euphorie intense, une \u00e9nergie accrue, une vigilance et un sentiment d'invincibilit\u00e9. Ces effets sont toutefois de courte dur\u00e9e et comportent de s\u00e9rieux risques. Une consommation r\u00e9p\u00e9t\u00e9e peut entra\u00eener \u00e0 terme de graves probl\u00e8mes de sant\u00e9 physique et mentale, notamment : acheter du crystal meth en ligne \u00e0 bas prix<\/span><\/p>\n<p><span dir=\"auto\">Addiction : le crystal meth est extr\u00eamement addictif et conduit les consommateurs \u00e0 d\u00e9velopper une tol\u00e9rance et une d\u00e9pendance \u00e0 la drogue.<\/span><\/p>\n<p><span dir=\"auto\">Probl\u00e8mes psychologiques : L'anxi\u00e9t\u00e9, la parano\u00efa, les hallucinations, les comportements violents et les psychoses sont fr\u00e9quents chez les consommateurs.<\/span><\/p>\n<p><span dir=\"auto\">Probl\u00e8mes de sant\u00e9 physique : Il s'agit notamment de graves probl\u00e8mes dentaires (souvent appel\u00e9s \u201ebouche de m\u00e9thamph\u00e9tamine\u201c), d'une perte de poids, d'ulc\u00e8res cutan\u00e9s, de probl\u00e8mes cardiaques et m\u00eame de l\u00e9sions c\u00e9r\u00e9brales.<\/span><\/p>\n<p><span dir=\"auto\">Risque d'overdose : les overdoses sont fr\u00e9quentes et peuvent entra\u00eener la mort par crise cardiaque, accident vasculaire c\u00e9r\u00e9bral ou insuffisance respiratoire. Acheter du crystal meth en ligne<\/span><\/p>\n<p><span dir=\"auto\">La consommation \u00e0 long terme peut \u00e9galement entra\u00eener un d\u00e9clin cognitif, de sorte qu'il devient difficile pour les personnes concern\u00e9es de penser clairement ou de prendre des d\u00e9cisions rationnelles.<\/span><\/p>\n<p>&nbsp;<\/p>\n<p><span dir=\"auto\">Si vous ou quelqu'un que vous connaissez est aux prises avec une d\u00e9pendance au crystal meth ou \u00e0 une autre substance, il est important de chercher une aide professionnelle pour le r\u00e9tablissement et les options de traitement. Acheter du crystal meth en ligne en Australie<\/span><\/p>\n<h2 data-start=\"1273\" data-end=\"1446\"><strong><span dir=\"auto\">Effets secondaires du crystal meth<\/span><\/strong><\/h2>\n<h2><strong><span dir=\"auto\">Physique<\/span><\/strong><\/h2>\n<h2><strong><span dir=\"auto\">Cardiovasculaire<\/span><\/strong><\/h2>\n<p><span dir=\"auto\">Le crystal meth est un sympathomim\u00e9tique qui provoque une vasoconstriction et une tachycardie. La m\u00e9thamph\u00e9tamine favorise \u00e9galement des battements cardiaques anormaux et des troubles du rythme cardiaque, qui peuvent parfois mettre la vie en danger. Achetez du crystal meth en ligne dans un emballage discret.<\/span><\/p>\n<h2><strong><span dir=\"auto\">Autres effets physiques chez le\u00a0<\/span><\/strong><strong><span dir=\"auto\">Achat de crystal meth en ligne<\/span><\/strong><\/h2>\n<p>&nbsp;<\/p>\n<p><span dir=\"auto\">Le crystal meth peut provoquer des effets secondaires graves, notamment une perte d'app\u00e9tit, une hyperactivit\u00e9, des pupilles dilat\u00e9es, une peau rouge, une transpiration excessive, une s\u00e9cheresse de la bouche, des grincements de dents (bouche de m\u00e9thamph\u00e9tamine), des maux de t\u00eate, une respiration rapide et une temp\u00e9rature corporelle \u00e9lev\u00e9e. Une consommation \u00e0 long terme peut provoquer des irritations de la peau, de l'acn\u00e9 et une p\u00e2leur. La consommation de m\u00e9thamph\u00e9tamine est associ\u00e9e \u00e0 des maladies li\u00e9es \u00e0 l'\u00e2ge telles que l'ath\u00e9roscl\u00e9rose coronarienne et la fibrose pulmonaire, souvent en raison d'une formation accrue de c\u00e9ramides. Visitez\u00a0<\/span><span dir=\"auto\">Acheter du crystal meth en ligne au Royaume-Uni<\/span><span dir=\"auto\">\u00a0.<\/span><\/p>\n<h2 data-start=\"77\" data-end=\"118\"><strong data-start=\"77\" data-end=\"118\"><span dir=\"auto\">Le crystal meth et ses effets sur la sant\u00e9<\/span><\/strong><\/h2>\n<p class=\"\" data-start=\"120\" data-end=\"533\"><span dir=\"auto\">Plus d'informations sur\u00a0<\/span><span dir=\"auto\">Achats en ligne, livraison discr\u00e8te, sources d'approvisionnement mondiales et nouvelles tendances<\/span><span dir=\"auto\">\u00a0vous trouverez \u00e9galement sur nos blogs\u00a0<\/span><strong data-start=\"118\" data-end=\"147\"><span dir=\"auto\">sur les risques pour la sant\u00e9 li\u00e9s au crystal meth<\/span><\/strong><span dir=\"auto\">\u00a0et\u00a0<\/span><strong data-start=\"152\" data-end=\"181\"><span dir=\"auto\">D\u00e9pendance \u00e0 la m\u00e9thamph\u00e9tamine<\/span><\/strong><span dir=\"auto\">\u00a0. Pour rester au courant des nouvelles tendances et des possibilit\u00e9s de traitement, lisez nos articles\u00a0<\/span><strong data-start=\"253\" data-end=\"283\"><span dir=\"auto\">sur le r\u00e9tablissement de Crystal Meth<\/span><\/strong><span dir=\"auto\">\u00a0et\u00a0<\/span><strong data-start=\"288\" data-end=\"331\"><span dir=\"auto\">sur l'avenir du traitement \u00e0 la m\u00e9thamph\u00e9tamine<\/span><\/strong><span dir=\"auto\">\u00a0.<\/span><\/p>\n<h2><strong><span dir=\"auto\">Crystal meth, sant\u00e9 dentaire et buccale (\u201ebouche de m\u00e9thamph\u00e9tamine\u201c)<\/span><\/strong><\/h2>\n<p><span dir=\"auto\">Article principal : Bouche \u00e0 m\u00e9thamph\u00e9tamine<\/span><\/p>\n<p><span dir=\"auto\">Une forte consommation de crystal meth peut entra\u00eener\u00a0<\/span><strong data-start=\"33\" data-end=\"47\"><span dir=\"auto\">Bouche \u00e0 m\u00e9thamph\u00e9tamine<\/span><\/strong><span dir=\"auto\">\u00a0une maladie qui entra\u00eene une d\u00e9t\u00e9rioration rapide des dents, en particulier chez les consommateurs par voie intraveineuse. Le site\u00a0<\/span><strong data-start=\"139\" data-end=\"170\"><span dir=\"auto\">Association dentaire am\u00e9ricaine<\/span><\/strong><span dir=\"auto\">\u00a0attribue ce ph\u00e9nom\u00e8ne \u00e0 la s\u00e9cheresse de la bouche, au manque d'hygi\u00e8ne buccale, au grincement des dents et \u00e0 la consommation de boissons sucr\u00e9es. Bien que la s\u00e9cheresse buccale soit \u00e9galement fr\u00e9quente avec d'autres stimulants, les chercheurs estiment que\u00a0<\/span><strong data-start=\"333\" data-end=\"347\"><span dir=\"auto\">Bouche \u00e0 m\u00e9thamph\u00e9tamine<\/span><\/strong><span dir=\"auto\">\u00a0est davantage due au mode de vie qu'\u00e0 la drogue elle-m\u00eame.\u00a0<\/span><span dir=\"auto\">Acheter du crystal meth aux \u00c9tats-Unis.<\/span><\/p>\n<h2><strong><span dir=\"auto\">O\u00f9 peut-on acheter du crystal meth en ligne ?<\/span><\/strong><\/h2>\n<p><span dir=\"auto\">Acheter de la crystal meth\u00a0<\/span><strong><span dir=\"auto\">en ligne\u00a0<\/span><\/strong><span dir=\"auto\">. \u00c0 doses faibles ou moyennes, la m\u00e9thamph\u00e9tamine peut am\u00e9liorer l'humeur, augmenter l'attention, la concentration et l'\u00e9nergie chez les personnes fatigu\u00e9es, r\u00e9duire l'app\u00e9tit et favoriser la perte de poids. \u00c0 tr\u00e8s fortes doses, elle peut provoquer des psychoses, une d\u00e9gradation musculaire, des convulsions et des h\u00e9morragies c\u00e9r\u00e9brales. Poudre de crystal meth en vente en Australie<\/span><\/p>\n<p><span dir=\"auto\">Deuxi\u00e8mement, la consommation chronique de fortes doses peut entra\u00eener des changements d'humeur impr\u00e9visibles et rapides, des psychoses li\u00e9es aux stimulants (par exemple parano\u00efa, hallucinations, d\u00e9lire et id\u00e9es d\u00e9lirantes) et des comportements violents.<\/span><\/p>\n<p><span dir=\"auto\">Pendant le temps libre, il a \u00e9t\u00e9 rapport\u00e9 que <a href=\"https:\/\/chemgramx.com\/product\/diplomat-hash-online-kaufen\/\">M\u00e9thamph\u00e9tamine<\/a> augmente l'\u00e9nergie et am\u00e9liore l'humeur \u00e0 tel point que les consommateurs peuvent avoir une activit\u00e9 sexuelle ininterrompue pendant plusieurs jours durant l'ivresse. O\u00f9 peut-on\u00a0<\/span><span dir=\"auto\">Acheter du Crystal Meth en ligne ?<\/span><\/p>\n<p class=\"\" data-start=\"134\" data-end=\"233\"><span dir=\"auto\">Troisi\u00e8mement, la m\u00e9thamph\u00e9tamine pr\u00e9sente un fort potentiel de d\u00e9pendance, qui peut avoir plusieurs cons\u00e9quences possibles :<\/span><\/p>\n<ul data-start=\"235\" data-end=\"383\">\n<li class=\"\" data-start=\"235\" data-end=\"301\">\n<p class=\"\" data-start=\"237\" data-end=\"301\"><span dir=\"auto\">La consommation \u00e0 long terme ou \u00e0 fortes doses entra\u00eene souvent une consommation compulsive de drogues.<\/span><\/p>\n<\/li>\n<li class=\"\" data-start=\"302\" data-end=\"383\">\n<p class=\"\" data-start=\"304\" data-end=\"383\"><span dir=\"auto\">Il existe un fort potentiel de d\u00e9pendance et des sympt\u00f4mes de sevrage apparaissent \u00e0 l'arr\u00eat de la prise.<\/span><\/p>\n<\/li>\n<\/ul>\n<p class=\"\" data-start=\"385\" data-end=\"461\"><span dir=\"auto\">En cons\u00e9quence, les personnes concern\u00e9es peuvent \u00eatre confront\u00e9es \u00e0 de graves cons\u00e9quences physiques et psychologiques.\u00a0<\/span><span dir=\"auto\">Acheter du crystal meth en Europe<\/span><\/p>\n<p><span dir=\"auto\">Le sevrage de la m\u00e9thamph\u00e9tamine apr\u00e8s une forte consommation peut entra\u00eener un syndrome de sevrage post-aigu, qui peut durer des mois au-del\u00e0 de la p\u00e9riode de sevrage typique. Elle est apparent\u00e9e aux autres dim\u00e9thylph\u00e9n\u00e9thylamines en tant qu'isom\u00e8re de position de ces compos\u00e9s.<\/span><\/p>","protected":false},"excerpt":{"rendered":"<div class=\"elementor-element elementor-element-1b3031f3 elementor-widget elementor-widget-woocommerce-product-etheme_title elementor-page-title elementor-widget-heading\" data-id=\"1b3031f3\" data-element_type=\"widget\" data-widget_type=\"woocommerce-product-etheme_title.default\">\n<div class=\"elementor-widget-container\">\n<h1 class=\"product_title entry-title elementor-heading-title elementor-size-default\"><span dir=\"auto\">Acheter du crystal meth en ligne<\/span><\/h1>\n<\/div>\n<\/div>\n<div class=\"elementor-element elementor-element-58724f21 elementor-widget elementor-widget-woocommerce-product-etheme_short_description\" data-id=\"58724f21\" data-element_type=\"widget\" data-widget_type=\"woocommerce-product-etheme_short_description.default\">\n<div class=\"elementor-widget-container\">\n<div class=\"woocommerce-product-details__short-description\">\n<p><span dir=\"auto\">Le crystal meth, abr\u00e9viation de crystal methamph\u00e9tamine, est un stimulant puissant qui cr\u00e9e une forte d\u00e9pendance. Elle se pr\u00e9sente sous forme de cristaux clairs ou de cailloux blanc-bleu\u00e2tre et est g\u00e9n\u00e9ralement fum\u00e9e, sniff\u00e9e, inject\u00e9e ou aval\u00e9e. Il agit sur le cerveau et le corps en augmentant le taux de dopamine, un neurotransmetteur responsable du plaisir et de la r\u00e9compense. Acheter du crystal meth en ligne<\/span><\/p>\n<\/div>\n<\/div>\n<\/div>","protected":false},"featured_media":6833,"comment_status":"open","ping_status":"closed","template":"","meta":{"_joinchat":[]},"product_brand":[],"product_cat":[3194],"product_tag":[],"class_list":{"0":"post-6815","1":"product","2":"type-product","3":"status-publish","4":"has-post-thumbnail","6":"product_cat-crystal-meth","8":"first","9":"instock","10":"shipping-taxable","11":"purchasable","12":"product-type-variable"},"yoast_head":"<!-- This site is optimized with the Yoast SEO plugin v27.5 - https:\/\/yoast.com\/product\/yoast-seo-wordpress\/ -->\n<title>Kaufen Sie Crystal Meth online. Beste Qualit\u00e4t zum besten Preis<\/title>\n<meta name=\"description\" content=\"Kaufen Sie Crystal Meth online bei Hazy Puff Depot. Genie\u00dfen Sie sichere Bitcoin-Zahlung und anonymen, diskreten Versand zum Schutz Ihrer Vertraulichkeit.\" \/>\n<meta name=\"robots\" content=\"index, follow, max-snippet:-1, max-image-preview:large, max-video-preview:-1\" \/>\n<link rel=\"canonical\" href=\"https:\/\/chemgramx.com\/fr\/produit\/acheter-crystal-meth\/\" \/>\n<meta property=\"og:locale\" content=\"fr_FR\" \/>\n<meta property=\"og:type\" content=\"article\" \/>\n<meta property=\"og:title\" content=\"Kaufen Sie Crystal Meth online. Beste Qualit\u00e4t zum besten Preis\" \/>\n<meta property=\"og:description\" content=\"Kaufen Sie Crystal Meth online bei Hazy Puff Depot. Genie\u00dfen Sie sichere Bitcoin-Zahlung und anonymen, diskreten Versand zum Schutz Ihrer Vertraulichkeit.\" \/>\n<meta property=\"og:url\" content=\"https:\/\/chemgramx.com\/fr\/produit\/acheter-crystal-meth\/\" \/>\n<meta property=\"og:site_name\" content=\"Chemgramx\" \/>\n<meta property=\"article:modified_time\" content=\"2025-11-21T11:09:51+00:00\" \/>\n<meta property=\"og:image\" content=\"https:\/\/chemgramx.com\/wp-content\/uploads\/2025\/11\/buy-crystal-meth-online-best-quality-at-the-best-price.jpg\" \/>\n\t<meta property=\"og:image:width\" content=\"300\" \/>\n\t<meta property=\"og:image:height\" content=\"300\" \/>\n\t<meta property=\"og:image:type\" content=\"image\/jpeg\" \/>\n<meta name=\"twitter:card\" content=\"summary_large_image\" \/>\n<meta name=\"twitter:label1\" content=\"Dur\u00e9e de lecture estim\u00e9e\" \/>\n\t<meta name=\"twitter:data1\" content=\"3 minutes\" \/>\n<script type=\"application\/ld+json\" class=\"yoast-schema-graph\">{\"@context\":\"https:\\\/\\\/schema.org\",\"@graph\":[{\"@type\":\"WebPage\",\"@id\":\"https:\\\/\\\/chemgramx.com\\\/product\\\/crystal-meth-kaufen\\\/\",\"url\":\"https:\\\/\\\/chemgramx.com\\\/product\\\/crystal-meth-kaufen\\\/\",\"name\":\"Kaufen Sie Crystal Meth online. Beste Qualit\u00e4t zum besten Preis\",\"isPartOf\":{\"@id\":\"https:\\\/\\\/chemgramx.com\\\/#website\"},\"primaryImageOfPage\":{\"@id\":\"https:\\\/\\\/chemgramx.com\\\/product\\\/crystal-meth-kaufen\\\/#primaryimage\"},\"image\":{\"@id\":\"https:\\\/\\\/chemgramx.com\\\/product\\\/crystal-meth-kaufen\\\/#primaryimage\"},\"thumbnailUrl\":\"https:\\\/\\\/chemgramx.com\\\/wp-content\\\/uploads\\\/2025\\\/11\\\/buy-crystal-meth-online-best-quality-at-the-best-price.jpg\",\"datePublished\":\"2025-11-21T11:09:30+00:00\",\"dateModified\":\"2025-11-21T11:09:51+00:00\",\"description\":\"Kaufen Sie Crystal Meth online bei Hazy Puff Depot. Genie\u00dfen Sie sichere Bitcoin-Zahlung und anonymen, diskreten Versand zum Schutz Ihrer Vertraulichkeit.\",\"breadcrumb\":{\"@id\":\"https:\\\/\\\/chemgramx.com\\\/product\\\/crystal-meth-kaufen\\\/#breadcrumb\"},\"inLanguage\":\"fr-FR\",\"potentialAction\":[{\"@type\":\"ReadAction\",\"target\":[\"https:\\\/\\\/chemgramx.com\\\/product\\\/crystal-meth-kaufen\\\/\"]}]},{\"@type\":\"ImageObject\",\"inLanguage\":\"fr-FR\",\"@id\":\"https:\\\/\\\/chemgramx.com\\\/product\\\/crystal-meth-kaufen\\\/#primaryimage\",\"url\":\"https:\\\/\\\/chemgramx.com\\\/wp-content\\\/uploads\\\/2025\\\/11\\\/buy-crystal-meth-online-best-quality-at-the-best-price.jpg\",\"contentUrl\":\"https:\\\/\\\/chemgramx.com\\\/wp-content\\\/uploads\\\/2025\\\/11\\\/buy-crystal-meth-online-best-quality-at-the-best-price.jpg\",\"width\":300,\"height\":300},{\"@type\":\"BreadcrumbList\",\"@id\":\"https:\\\/\\\/chemgramx.com\\\/product\\\/crystal-meth-kaufen\\\/#breadcrumb\",\"itemListElement\":[{\"@type\":\"ListItem\",\"position\":1,\"name\":\"Home\",\"item\":\"https:\\\/\\\/chemgramx.com\\\/\"},{\"@type\":\"ListItem\",\"position\":2,\"name\":\"Shop\",\"item\":\"https:\\\/\\\/chemgramx.com\\\/shop\\\/\"},{\"@type\":\"ListItem\",\"position\":3,\"name\":\"Crystal Meth kaufen\"}]},{\"@type\":\"WebSite\",\"@id\":\"https:\\\/\\\/chemgramx.com\\\/#website\",\"url\":\"https:\\\/\\\/chemgramx.com\\\/\",\"name\":\"Chemgramx\",\"description\":\"\",\"publisher\":{\"@id\":\"https:\\\/\\\/chemgramx.com\\\/#organization\"},\"potentialAction\":[{\"@type\":\"SearchAction\",\"target\":{\"@type\":\"EntryPoint\",\"urlTemplate\":\"https:\\\/\\\/chemgramx.com\\\/?s={search_term_string}\"},\"query-input\":{\"@type\":\"PropertyValueSpecification\",\"valueRequired\":true,\"valueName\":\"search_term_string\"}}],\"inLanguage\":\"fr-FR\"},{\"@type\":\"Organization\",\"@id\":\"https:\\\/\\\/chemgramx.com\\\/#organization\",\"name\":\"Chemgramx\",\"url\":\"https:\\\/\\\/chemgramx.com\\\/\",\"logo\":{\"@type\":\"ImageObject\",\"inLanguage\":\"fr-FR\",\"@id\":\"https:\\\/\\\/chemgramx.com\\\/#\\\/schema\\\/logo\\\/image\\\/\",\"url\":\"https:\\\/\\\/chemgramx.com\\\/wp-content\\\/uploads\\\/2024\\\/10\\\/final-logo.png\",\"contentUrl\":\"https:\\\/\\\/chemgramx.com\\\/wp-content\\\/uploads\\\/2024\\\/10\\\/final-logo.png\",\"width\":250,\"height\":48,\"caption\":\"Chemgramx\"},\"image\":{\"@id\":\"https:\\\/\\\/chemgramx.com\\\/#\\\/schema\\\/logo\\\/image\\\/\"}}]}<\/script>\n<!-- \/ Yoast SEO plugin. -->","yoast_head_json":{"title":"Achetez de la crystal meth en ligne. La meilleure qualit\u00e9 au meilleur prix","description":"Achetez de la crystal meth en ligne chez Hazy Puff Depot. Profitez d'un paiement s\u00e9curis\u00e9 en Bitcoin et d'une livraison anonyme et discr\u00e8te pour prot\u00e9ger votre confidentialit\u00e9.","robots":{"index":"index","follow":"follow","max-snippet":"max-snippet:-1","max-image-preview":"max-image-preview:large","max-video-preview":"max-video-preview:-1"},"canonical":"https:\/\/chemgramx.com\/fr\/produit\/acheter-crystal-meth\/","og_locale":"fr_FR","og_type":"article","og_title":"Kaufen Sie Crystal Meth online. Beste Qualit\u00e4t zum besten Preis","og_description":"Kaufen Sie Crystal Meth online bei Hazy Puff Depot. Genie\u00dfen Sie sichere Bitcoin-Zahlung und anonymen, diskreten Versand zum Schutz Ihrer Vertraulichkeit.","og_url":"https:\/\/chemgramx.com\/fr\/produit\/acheter-crystal-meth\/","og_site_name":"Chemgramx","article_modified_time":"2025-11-21T11:09:51+00:00","og_image":[{"width":300,"height":300,"url":"https:\/\/chemgramx.com\/wp-content\/uploads\/2025\/11\/buy-crystal-meth-online-best-quality-at-the-best-price.jpg","type":"image\/jpeg"}],"twitter_card":"summary_large_image","twitter_misc":{"Dur\u00e9e de lecture estim\u00e9e":"3 minutes"},"schema":{"@context":"https:\/\/schema.org","@graph":[{"@type":"WebPage","@id":"https:\/\/chemgramx.com\/product\/crystal-meth-kaufen\/","url":"https:\/\/chemgramx.com\/product\/crystal-meth-kaufen\/","name":"Achetez de la crystal meth en ligne. La meilleure qualit\u00e9 au meilleur prix","isPartOf":{"@id":"https:\/\/chemgramx.com\/#website"},"primaryImageOfPage":{"@id":"https:\/\/chemgramx.com\/product\/crystal-meth-kaufen\/#primaryimage"},"image":{"@id":"https:\/\/chemgramx.com\/product\/crystal-meth-kaufen\/#primaryimage"},"thumbnailUrl":"https:\/\/chemgramx.com\/wp-content\/uploads\/2025\/11\/buy-crystal-meth-online-best-quality-at-the-best-price.jpg","datePublished":"2025-11-21T11:09:30+00:00","dateModified":"2025-11-21T11:09:51+00:00","description":"Achetez de la crystal meth en ligne chez Hazy Puff Depot. Profitez d'un paiement s\u00e9curis\u00e9 en Bitcoin et d'une livraison anonyme et discr\u00e8te pour prot\u00e9ger votre confidentialit\u00e9.","breadcrumb":{"@id":"https:\/\/chemgramx.com\/product\/crystal-meth-kaufen\/#breadcrumb"},"inLanguage":"fr-FR","potentialAction":[{"@type":"ReadAction","target":["https:\/\/chemgramx.com\/product\/crystal-meth-kaufen\/"]}]},{"@type":"ImageObject","inLanguage":"fr-FR","@id":"https:\/\/chemgramx.com\/product\/crystal-meth-kaufen\/#primaryimage","url":"https:\/\/chemgramx.com\/wp-content\/uploads\/2025\/11\/buy-crystal-meth-online-best-quality-at-the-best-price.jpg","contentUrl":"https:\/\/chemgramx.com\/wp-content\/uploads\/2025\/11\/buy-crystal-meth-online-best-quality-at-the-best-price.jpg","width":300,"height":300},{"@type":"BreadcrumbList","@id":"https:\/\/chemgramx.com\/product\/crystal-meth-kaufen\/#breadcrumb","itemListElement":[{"@type":"ListItem","position":1,"name":"Home","item":"https:\/\/chemgramx.com\/"},{"@type":"ListItem","position":2,"name":"Shop","item":"https:\/\/chemgramx.com\/shop\/"},{"@type":"ListItem","position":3,"name":"Crystal Meth kaufen"}]},{"@type":"WebSite","@id":"https:\/\/chemgramx.com\/#website","url":"https:\/\/chemgramx.com\/","name":"Chemgramx","description":"","publisher":{"@id":"https:\/\/chemgramx.com\/#organization"},"potentialAction":[{"@type":"SearchAction","target":{"@type":"EntryPoint","urlTemplate":"https:\/\/chemgramx.com\/?s={search_term_string}"},"query-input":{"@type":"PropertyValueSpecification","valueRequired":true,"valueName":"search_term_string"}}],"inLanguage":"fr-FR"},{"@type":"Organization","@id":"https:\/\/chemgramx.com\/#organization","name":"Chemgramx","url":"https:\/\/chemgramx.com\/","logo":{"@type":"ImageObject","inLanguage":"fr-FR","@id":"https:\/\/chemgramx.com\/#\/schema\/logo\/image\/","url":"https:\/\/chemgramx.com\/wp-content\/uploads\/2024\/10\/final-logo.png","contentUrl":"https:\/\/chemgramx.com\/wp-content\/uploads\/2024\/10\/final-logo.png","width":250,"height":48,"caption":"Chemgramx"},"image":{"@id":"https:\/\/chemgramx.com\/#\/schema\/logo\/image\/"}}]}},"_links":{"self":[{"href":"https:\/\/chemgramx.com\/fr\/wp-json\/wp\/v2\/product\/6815","targetHints":{"allow":["GET"]}}],"collection":[{"href":"https:\/\/chemgramx.com\/fr\/wp-json\/wp\/v2\/product"}],"about":[{"href":"https:\/\/chemgramx.com\/fr\/wp-json\/wp\/v2\/types\/product"}],"replies":[{"embeddable":true,"href":"https:\/\/chemgramx.com\/fr\/wp-json\/wp\/v2\/comments?post=6815"}],"wp:featuredmedia":[{"embeddable":true,"href":"https:\/\/chemgramx.com\/fr\/wp-json\/wp\/v2\/media\/6833"}],"wp:attachment":[{"href":"https:\/\/chemgramx.com\/fr\/wp-json\/wp\/v2\/media?parent=6815"}],"wp:term":[{"taxonomy":"product_brand","embeddable":true,"href":"https:\/\/chemgramx.com\/fr\/wp-json\/wp\/v2\/product_brand?post=6815"},{"taxonomy":"product_cat","embeddable":true,"href":"https:\/\/chemgramx.com\/fr\/wp-json\/wp\/v2\/product_cat?post=6815"},{"taxonomy":"product_tag","embeddable":true,"href":"https:\/\/chemgramx.com\/fr\/wp-json\/wp\/v2\/product_tag?post=6815"}],"curies":[{"name":"wp","href":"https:\/\/api.w.org\/{rel}","templated":true}]}}