{"id":6816,"date":"2025-11-21T11:09:30","date_gmt":"2025-11-21T11:09:30","guid":{"rendered":"https:\/\/chemgramx.com\/?post_type=product&#038;p=6816"},"modified":"2025-11-21T11:09:51","modified_gmt":"2025-11-21T11:09:51","slug":"acheter-de-la-crystal-meth-neerlandaise","status":"publish","type":"product","link":"https:\/\/chemgramx.com\/fr\/product\/kaufen-sie-niederlaendisches-crystal-meth\/","title":{"rendered":"Acheter de la crystal meth n\u00e9erlandaise"},"content":{"rendered":"<p><strong data-start=\"66\" data-end=\"85\"><span dir=\"auto\">M\u00e9thamph\u00e9tamine<\/span><\/strong><span dir=\"auto\">\u00a0est une drogue synth\u00e9tique d\u00e9riv\u00e9e de l'amph\u00e9tamine, une substance chimique pr\u00e9sente \u00e0 l'\u00e9tat naturel. Les amph\u00e9tamines ont \u00e9t\u00e9 synth\u00e9tis\u00e9es pour la premi\u00e8re fois en Allemagne en 1912 et utilis\u00e9es pour traiter le TDAH. Au milieu des ann\u00e9es 1990,\u00a0<\/span><strong data-start=\"258\" data-end=\"277\"><span dir=\"auto\">M\u00e9thamph\u00e9tamine<\/span><\/strong><span dir=\"auto\">\u00a0via les cartels mexicains vers les \u00c9tats-Unis. Il est aujourd'hui vendu sous diff\u00e9rents noms de rue, notamment\u00a0<\/span><strong data-start=\"378\" data-end=\"394\" data-is-only-node=\"\"><span dir=\"auto\">Crystal Meth<\/span><\/strong><span dir=\"auto\">\u00a0, Ice, Glass, Bomb, Crank, White Powder, Speed \u200b\u200bet Red Devils.\u00a0<\/span><strong data-start=\"458\" data-end=\"491\"><span dir=\"auto\">Achetez de la m\u00e9thamph\u00e9tamine n\u00e9erlandaise en ligne<\/span><\/strong><span dir=\"auto\">\u00a0.<\/span><\/p>\n<h3><strong><span dir=\"auto\">Principaux fournisseurs de crystal meth aux Pays-Bas, aux \u00c9tats-Unis et dans l'Union europ\u00e9enne, exp\u00e9dition discr\u00e8te<\/span><\/strong><\/h3>\n<p data-pm-slice=\"1 1 []\"><span dir=\"auto\">La Dutch Crystal Meth est une forme puissante de m\u00e9thamph\u00e9tamine qui est consomm\u00e9e de mani\u00e8re abusive pour ses effets stimulants. Elle est disponible sous forme de poudre, de pilules ou de cristaux et est vendue en ligne ou par des dealers. Sa consommation peut entra\u00eener une d\u00e9pendance, de la parano\u00efa et des palpitations cardiaques. Avec un soutien, par exemple gr\u00e2ce \u00e0 des programmes de d\u00e9sintoxication et des groupes d'entraide, il est possible de s'en remettre.<\/span><\/p>\n<p><span dir=\"auto\">Le crystal meth est une poudre cristalline blanche qui est g\u00e9n\u00e9ralement sniff\u00e9e, inject\u00e9e ou fum\u00e9e. Sous sa forme la plus pure, il contient de la m\u00e9thamph\u00e9tamine et peut \u00e9galement contenir de l'amph\u00e9tamine. Beaucoup de gens commandent\u00a0<\/span><strong data-start=\"358\" data-end=\"380\"><span dir=\"auto\">Crystal Meth<\/span><\/strong><span dir=\"auto\">\u00a0ou l'acheter en ligne. Il est toutefois important de conna\u00eetre les risques associ\u00e9s, notamment la d\u00e9pendance, les effets psychologiques et les dommages \u00e0 long terme.<\/span><\/p>\n<h3><strong><span dir=\"auto\">Le meilleur endroit pour commander en ligne des cristaux de m\u00e9thamph\u00e9tamine n\u00e9erlandais avec une livraison rapide<\/span><\/strong><\/h3>\n<p><span dir=\"auto\">Vous \u00eates probablement ici pour obtenir des conseils sur l'achat de crystal meth. Si vous vous y prenez correctement, vous obtiendrez du crystal meth puissant, de qualit\u00e9 commerciale. Le crystal meth est un stimulant puissant et ill\u00e9gal. Cependant, vous pouvez acheter du crystal meth l\u00e9galement. D\u00e9couvrez comment sur cette page.<\/span><\/p>\n<p><span dir=\"auto\">Vous souhaitez acheter l\u00e9galement du crystal meth ? Vous trouverez ici un guide rapide sur o\u00f9 et comment commander du crystal meth en toute s\u00e9curit\u00e9. Compte tenu de l'int\u00e9r\u00eat croissant des m\u00e9dias, beaucoup se demandent comment ils peuvent en acheter l\u00e9galement. Nous proposons du crystal meth de haute qualit\u00e9 \u00e0 <a href=\"\/product\/4-mec-online-bestellung\/\">comp\u00e9titif<\/a> Des prix comp\u00e9titifs et un service discret et fiable. Que vous soyez novice ou exp\u00e9riment\u00e9, nous vous facilitons la t\u00e2che pour acheter en toute s\u00e9curit\u00e9.<\/span><\/p>\n<h3><strong><span dir=\"auto\">O\u00f9 peut-on acheter du crystal meth en ligne ?<\/span><\/strong><\/h3>\n<p><span dir=\"auto\">La m\u00e9thamph\u00e9tamine, \u00e9galement connue sous les noms de crank, Dutch crystal meth, glass, ice, tina, christine ou yaba, a des effets variables selon les individus. Les consommateurs peuvent se sentir euphoriques, excit\u00e9s, \u00e9veill\u00e9s, parano\u00efaques, confus, agressifs ou d\u00e9sinhib\u00e9s. Elle augmente la fr\u00e9quence cardiaque et la pression art\u00e9rielle, et ses effets durent entre 4 et 12 heures. La m\u00e9thamph\u00e9tamine peut \u00eatre achet\u00e9e en ligne pour \u00eatre pr\u00e9par\u00e9e. Les risques courants sont la d\u00e9pendance et les probl\u00e8mes de sant\u00e9 \u00e0 long terme.<\/span><\/p>\n<p><span dir=\"auto\">Il est facile d'avoir envie d'en prendre davantage et de consommer des doses plus importantes pendant plusieurs heures, voire plusieurs jours. Peut augmenter la prise de risques, par exemple dans le domaine sexuel. Peut entra\u00eener des psychoses graves et augmente le risque d'infarctus ou d'accident vasculaire c\u00e9r\u00e9bral.\u00a0<\/span><a href=\"http:\/\/dutchanonstore.to\/2021\/02\/16\/crystal-meth-for-sale-dutchanonstore\/\" target=\"_blank\" rel=\"noopener\"><span dir=\"auto\">.<\/span><\/a><\/p>\n<p><span dir=\"auto\">M\u00e9langer des drogues<\/span><br \/>\n<span dir=\"auto\">M\u00e9langer des drogues est toujours risqu\u00e9, mais certains m\u00e9langes sont plus dangereux que d'autres.<\/span><br \/>\n<span dir=\"auto\">\u00c0 quoi cela ressemble, quel go\u00fbt cela a et quelle odeur cela d\u00e9gage<\/span><\/p>\n<h3><strong><span dir=\"auto\">\u00c0 quoi ressemble la m\u00e9thamph\u00e9tamine ?<\/span><\/strong><\/h3>\n<p><span dir=\"auto\">La m\u00e9thamph\u00e9tamine existe sous diff\u00e9rentes formes, notamment sous forme de comprim\u00e9s, de poudre et de cristaux. Les comprim\u00e9s sont souvent appel\u00e9s \u201e yaba \u201c, les cristaux fumables <a href=\"https:\/\/chemgramx.com\/product\/death-star-hash-online\/\">en revanche<\/a> \u201e Dutch Crystal Meth \u201c ou \u201e Ice \u201c.<\/span><\/p>\n<h3><strong><span dir=\"auto\">Comment les gens le per\u00e7oivent-ils ?<\/span><\/strong><\/h3>\n<p><span dir=\"auto\">La m\u00e9thamph\u00e9tamine est aval\u00e9e, sniff\u00e9e ou inject\u00e9e selon la forme sous laquelle elle est administr\u00e9e.<\/span><\/p>\n<p><span dir=\"auto\">Fumer la forme cristalline plus pure de m\u00e9thamph\u00e9tamine, connue sous le nom de Dutch Crystal Meth, procure un high tr\u00e8s intense, similaire \u00e0 celui du crack, mais qui dure beaucoup plus longtemps.<\/span><\/p>\n<p><span dir=\"auto\">Le partage d'aiguilles, de seringues ou d'autres ustensiles d'injection comporte le risque que la personne qui s'injecte soit infect\u00e9e par des virus tels que le VIH ou l'h\u00e9patite C ou qu'elle les propage. Fournisseurs de crystal meth<\/span><\/p>\n<h3><strong><span dir=\"auto\">Dur\u00e9e<\/span><\/strong><\/h3>\n<p><span dir=\"auto\">La dur\u00e9e de l'effet et la dur\u00e9e pendant laquelle le m\u00e9dicament reste dans votre organisme d\u00e9pendent de la quantit\u00e9 prise, de votre taille et des autres m\u00e9dicaments que vous avez \u00e9ventuellement pris en compl\u00e9ment.<\/span><\/p>\n<h3><strong><em><span dir=\"auto\">Combien de temps dure son effet ? \u2013 Puis-je acheter de la crystal meth n\u00e9erlandaise en ligne ? \u2013 Puis-je acheter de la crystal meth n\u00e9erlandaise en ligne ?<\/span><\/em><\/strong><\/h3>\n<p><span dir=\"auto\">Les effets de la m\u00e9thamph\u00e9tamine peuvent durer tr\u00e8s longtemps.<\/span><\/p>\n<p><span dir=\"auto\">Fumer la forme cristalline plus pure de la m\u00e9thamph\u00e9tamine, le crystal meth, procure un effet tr\u00e8s intense, similaire \u00e0 celui du crack, mais qui dure beaucoup plus longtemps. Les effets peuvent durer entre 4 et 12 heures.<\/span><\/p>\n<h3><strong><span dir=\"auto\">R\u00e9percussions<\/span><\/strong><\/h3>\n<p><span dir=\"auto\">Le sevrage de la m\u00e9thamph\u00e9tamine est intense. Le crystal meth est g\u00e9n\u00e9ralement d\u00e9tectable dans l'urine pendant 1 \u00e0 4 jours apr\u00e8s la consommation. La dur\u00e9e de d\u00e9tection d\u00e9pend de la dose et du type de test utilis\u00e9. Ce d\u00e9lai n'est qu'une indication g\u00e9n\u00e9rale et peut varier d'une personne \u00e0 l'autre.<\/span><\/p>","protected":false},"excerpt":{"rendered":"<div class=\"elementor-element elementor-element-1b3031f3 elementor-widget elementor-widget-woocommerce-product-etheme_title elementor-page-title elementor-widget-heading\" data-id=\"1b3031f3\" data-element_type=\"widget\" data-widget_type=\"woocommerce-product-etheme_title.default\">\n<div class=\"elementor-widget-container\">\n<h1 class=\"product_title entry-title elementor-heading-title elementor-size-default\"><span dir=\"auto\">Crystal meth n\u00e9erlandais<\/span><\/h1>\n<\/div>\n<\/div>\n<div class=\"elementor-element elementor-element-58724f21 elementor-widget elementor-widget-woocommerce-product-etheme_short_description\" data-id=\"58724f21\" data-element_type=\"widget\" data-widget_type=\"woocommerce-product-etheme_short_description.default\">\n<div class=\"elementor-widget-container\">\n<div class=\"woocommerce-product-details__short-description\">\n<p data-pm-slice=\"1 1 []\"><span dir=\"auto\">Achetez de la m\u00e9thamph\u00e9tamine n\u00e9erlandaise en ligne. Nous facilitons les achats de nos clients en leur proposant un moyen fiable et s\u00e9curis\u00e9 d'\u00e9changer leur argent en toute discr\u00e9tion. Nous acceptons les cryptomonnaies telles que le Bitcoin, l'une des monnaies num\u00e9riques les plus r\u00e9pandues tant sur le march\u00e9 traditionnel que sur le darknet. Les paiements en cryptomonnaies rendent les transactions plus rapides, plus s\u00fbres et plus confidentielles.<\/span><\/p>\n<\/div>\n<\/div>\n<\/div>","protected":false},"featured_media":6834,"comment_status":"open","ping_status":"closed","template":"","meta":{"_joinchat":[]},"product_brand":[],"product_cat":[3194],"product_tag":[],"class_list":{"0":"post-6816","1":"product","2":"type-product","3":"status-publish","4":"has-post-thumbnail","6":"product_cat-crystal-meth","8":"first","9":"instock","10":"shipping-taxable","11":"purchasable","12":"product-type-variable"},"yoast_head":"<!-- This site is optimized with the Yoast SEO plugin v27.5 - https:\/\/yoast.com\/product\/yoast-seo-wordpress\/ -->\n<title>Kaufen Sie niederl\u00e4ndisches Crystal Meth Chemgramx<\/title>\n<meta name=\"description\" content=\"Methamphetamin ist eine synthetische Droge, die aus Amphetamin gewonnen wird, einer nat\u00fcrlich vorkommenden Chemikalie.\" \/>\n<meta name=\"robots\" content=\"index, follow, max-snippet:-1, max-image-preview:large, max-video-preview:-1\" \/>\n<link rel=\"canonical\" href=\"https:\/\/chemgramx.com\/fr\/produit\/acheter-de-la-crystal-meth-neerlandaise\/\" \/>\n<meta property=\"og:locale\" content=\"fr_FR\" \/>\n<meta property=\"og:type\" content=\"article\" \/>\n<meta property=\"og:title\" content=\"Kaufen Sie niederl\u00e4ndisches Crystal Meth Chemgramx\" \/>\n<meta property=\"og:description\" content=\"Methamphetamin ist eine synthetische Droge, die aus Amphetamin gewonnen wird, einer nat\u00fcrlich vorkommenden Chemikalie.\" \/>\n<meta property=\"og:url\" content=\"https:\/\/chemgramx.com\/fr\/produit\/acheter-de-la-crystal-meth-neerlandaise\/\" \/>\n<meta property=\"og:site_name\" content=\"Chemgramx\" \/>\n<meta property=\"article:modified_time\" content=\"2025-11-21T11:09:51+00:00\" \/>\n<meta property=\"og:image\" content=\"https:\/\/chemgramx.com\/wp-content\/uploads\/2025\/11\/die-synthetische-droge-crystal.webp\" \/>\n\t<meta property=\"og:image:width\" content=\"1240\" \/>\n\t<meta property=\"og:image:height\" content=\"698\" \/>\n\t<meta property=\"og:image:type\" content=\"image\/webp\" \/>\n<meta name=\"twitter:card\" content=\"summary_large_image\" \/>\n<meta name=\"twitter:label1\" content=\"Dur\u00e9e de lecture estim\u00e9e\" \/>\n\t<meta name=\"twitter:data1\" content=\"4 minutes\" \/>\n<script type=\"application\/ld+json\" class=\"yoast-schema-graph\">{\"@context\":\"https:\\\/\\\/schema.org\",\"@graph\":[{\"@type\":\"WebPage\",\"@id\":\"https:\\\/\\\/chemgramx.com\\\/product\\\/kaufen-sie-niederlaendisches-crystal-meth\\\/\",\"url\":\"https:\\\/\\\/chemgramx.com\\\/product\\\/kaufen-sie-niederlaendisches-crystal-meth\\\/\",\"name\":\"Kaufen Sie niederl\u00e4ndisches Crystal Meth Chemgramx\",\"isPartOf\":{\"@id\":\"https:\\\/\\\/chemgramx.com\\\/#website\"},\"primaryImageOfPage\":{\"@id\":\"https:\\\/\\\/chemgramx.com\\\/product\\\/kaufen-sie-niederlaendisches-crystal-meth\\\/#primaryimage\"},\"image\":{\"@id\":\"https:\\\/\\\/chemgramx.com\\\/product\\\/kaufen-sie-niederlaendisches-crystal-meth\\\/#primaryimage\"},\"thumbnailUrl\":\"https:\\\/\\\/chemgramx.com\\\/wp-content\\\/uploads\\\/2025\\\/11\\\/die-synthetische-droge-crystal.webp\",\"datePublished\":\"2025-11-21T11:09:30+00:00\",\"dateModified\":\"2025-11-21T11:09:51+00:00\",\"description\":\"Methamphetamin ist eine synthetische Droge, die aus Amphetamin gewonnen wird, einer nat\u00fcrlich vorkommenden Chemikalie.\",\"breadcrumb\":{\"@id\":\"https:\\\/\\\/chemgramx.com\\\/product\\\/kaufen-sie-niederlaendisches-crystal-meth\\\/#breadcrumb\"},\"inLanguage\":\"fr-FR\",\"potentialAction\":[{\"@type\":\"ReadAction\",\"target\":[\"https:\\\/\\\/chemgramx.com\\\/product\\\/kaufen-sie-niederlaendisches-crystal-meth\\\/\"]}]},{\"@type\":\"ImageObject\",\"inLanguage\":\"fr-FR\",\"@id\":\"https:\\\/\\\/chemgramx.com\\\/product\\\/kaufen-sie-niederlaendisches-crystal-meth\\\/#primaryimage\",\"url\":\"https:\\\/\\\/chemgramx.com\\\/wp-content\\\/uploads\\\/2025\\\/11\\\/die-synthetische-droge-crystal.webp\",\"contentUrl\":\"https:\\\/\\\/chemgramx.com\\\/wp-content\\\/uploads\\\/2025\\\/11\\\/die-synthetische-droge-crystal.webp\",\"width\":1240,\"height\":698},{\"@type\":\"BreadcrumbList\",\"@id\":\"https:\\\/\\\/chemgramx.com\\\/product\\\/kaufen-sie-niederlaendisches-crystal-meth\\\/#breadcrumb\",\"itemListElement\":[{\"@type\":\"ListItem\",\"position\":1,\"name\":\"Home\",\"item\":\"https:\\\/\\\/chemgramx.com\\\/\"},{\"@type\":\"ListItem\",\"position\":2,\"name\":\"Shop\",\"item\":\"https:\\\/\\\/chemgramx.com\\\/shop\\\/\"},{\"@type\":\"ListItem\",\"position\":3,\"name\":\"Kaufen Sie niederl\u00e4ndisches Crystal Meth\"}]},{\"@type\":\"WebSite\",\"@id\":\"https:\\\/\\\/chemgramx.com\\\/#website\",\"url\":\"https:\\\/\\\/chemgramx.com\\\/\",\"name\":\"Chemgramx\",\"description\":\"\",\"publisher\":{\"@id\":\"https:\\\/\\\/chemgramx.com\\\/#organization\"},\"potentialAction\":[{\"@type\":\"SearchAction\",\"target\":{\"@type\":\"EntryPoint\",\"urlTemplate\":\"https:\\\/\\\/chemgramx.com\\\/?s={search_term_string}\"},\"query-input\":{\"@type\":\"PropertyValueSpecification\",\"valueRequired\":true,\"valueName\":\"search_term_string\"}}],\"inLanguage\":\"fr-FR\"},{\"@type\":\"Organization\",\"@id\":\"https:\\\/\\\/chemgramx.com\\\/#organization\",\"name\":\"Chemgramx\",\"url\":\"https:\\\/\\\/chemgramx.com\\\/\",\"logo\":{\"@type\":\"ImageObject\",\"inLanguage\":\"fr-FR\",\"@id\":\"https:\\\/\\\/chemgramx.com\\\/#\\\/schema\\\/logo\\\/image\\\/\",\"url\":\"https:\\\/\\\/chemgramx.com\\\/wp-content\\\/uploads\\\/2024\\\/10\\\/final-logo.png\",\"contentUrl\":\"https:\\\/\\\/chemgramx.com\\\/wp-content\\\/uploads\\\/2024\\\/10\\\/final-logo.png\",\"width\":250,\"height\":48,\"caption\":\"Chemgramx\"},\"image\":{\"@id\":\"https:\\\/\\\/chemgramx.com\\\/#\\\/schema\\\/logo\\\/image\\\/\"}}]}<\/script>\n<!-- \/ Yoast SEO plugin. -->","yoast_head_json":{"title":"Achetez du crystal meth n\u00e9erlandais Chemgramx","description":"La m\u00e9thamph\u00e9tamine est une drogue synth\u00e9tique d\u00e9riv\u00e9e de l'amph\u00e9tamine, une substance chimique pr\u00e9sente \u00e0 l'\u00e9tat naturel.","robots":{"index":"index","follow":"follow","max-snippet":"max-snippet:-1","max-image-preview":"max-image-preview:large","max-video-preview":"max-video-preview:-1"},"canonical":"https:\/\/chemgramx.com\/fr\/produit\/acheter-de-la-crystal-meth-neerlandaise\/","og_locale":"fr_FR","og_type":"article","og_title":"Kaufen Sie niederl\u00e4ndisches Crystal Meth Chemgramx","og_description":"Methamphetamin ist eine synthetische Droge, die aus Amphetamin gewonnen wird, einer nat\u00fcrlich vorkommenden Chemikalie.","og_url":"https:\/\/chemgramx.com\/fr\/produit\/acheter-de-la-crystal-meth-neerlandaise\/","og_site_name":"Chemgramx","article_modified_time":"2025-11-21T11:09:51+00:00","og_image":[{"width":1240,"height":698,"url":"https:\/\/chemgramx.com\/wp-content\/uploads\/2025\/11\/die-synthetische-droge-crystal.webp","type":"image\/webp"}],"twitter_card":"summary_large_image","twitter_misc":{"Dur\u00e9e de lecture estim\u00e9e":"4 minutes"},"schema":{"@context":"https:\/\/schema.org","@graph":[{"@type":"WebPage","@id":"https:\/\/chemgramx.com\/product\/kaufen-sie-niederlaendisches-crystal-meth\/","url":"https:\/\/chemgramx.com\/product\/kaufen-sie-niederlaendisches-crystal-meth\/","name":"Achetez du crystal meth n\u00e9erlandais Chemgramx","isPartOf":{"@id":"https:\/\/chemgramx.com\/#website"},"primaryImageOfPage":{"@id":"https:\/\/chemgramx.com\/product\/kaufen-sie-niederlaendisches-crystal-meth\/#primaryimage"},"image":{"@id":"https:\/\/chemgramx.com\/product\/kaufen-sie-niederlaendisches-crystal-meth\/#primaryimage"},"thumbnailUrl":"https:\/\/chemgramx.com\/wp-content\/uploads\/2025\/11\/die-synthetische-droge-crystal.webp","datePublished":"2025-11-21T11:09:30+00:00","dateModified":"2025-11-21T11:09:51+00:00","description":"La m\u00e9thamph\u00e9tamine est une drogue synth\u00e9tique d\u00e9riv\u00e9e de l'amph\u00e9tamine, une substance chimique pr\u00e9sente \u00e0 l'\u00e9tat naturel.","breadcrumb":{"@id":"https:\/\/chemgramx.com\/product\/kaufen-sie-niederlaendisches-crystal-meth\/#breadcrumb"},"inLanguage":"fr-FR","potentialAction":[{"@type":"ReadAction","target":["https:\/\/chemgramx.com\/product\/kaufen-sie-niederlaendisches-crystal-meth\/"]}]},{"@type":"ImageObject","inLanguage":"fr-FR","@id":"https:\/\/chemgramx.com\/product\/kaufen-sie-niederlaendisches-crystal-meth\/#primaryimage","url":"https:\/\/chemgramx.com\/wp-content\/uploads\/2025\/11\/die-synthetische-droge-crystal.webp","contentUrl":"https:\/\/chemgramx.com\/wp-content\/uploads\/2025\/11\/die-synthetische-droge-crystal.webp","width":1240,"height":698},{"@type":"BreadcrumbList","@id":"https:\/\/chemgramx.com\/product\/kaufen-sie-niederlaendisches-crystal-meth\/#breadcrumb","itemListElement":[{"@type":"ListItem","position":1,"name":"Home","item":"https:\/\/chemgramx.com\/"},{"@type":"ListItem","position":2,"name":"Shop","item":"https:\/\/chemgramx.com\/shop\/"},{"@type":"ListItem","position":3,"name":"Kaufen Sie niederl\u00e4ndisches Crystal Meth"}]},{"@type":"WebSite","@id":"https:\/\/chemgramx.com\/#website","url":"https:\/\/chemgramx.com\/","name":"Chemgramx","description":"","publisher":{"@id":"https:\/\/chemgramx.com\/#organization"},"potentialAction":[{"@type":"SearchAction","target":{"@type":"EntryPoint","urlTemplate":"https:\/\/chemgramx.com\/?s={search_term_string}"},"query-input":{"@type":"PropertyValueSpecification","valueRequired":true,"valueName":"search_term_string"}}],"inLanguage":"fr-FR"},{"@type":"Organization","@id":"https:\/\/chemgramx.com\/#organization","name":"Chemgramx","url":"https:\/\/chemgramx.com\/","logo":{"@type":"ImageObject","inLanguage":"fr-FR","@id":"https:\/\/chemgramx.com\/#\/schema\/logo\/image\/","url":"https:\/\/chemgramx.com\/wp-content\/uploads\/2024\/10\/final-logo.png","contentUrl":"https:\/\/chemgramx.com\/wp-content\/uploads\/2024\/10\/final-logo.png","width":250,"height":48,"caption":"Chemgramx"},"image":{"@id":"https:\/\/chemgramx.com\/#\/schema\/logo\/image\/"}}]}},"_links":{"self":[{"href":"https:\/\/chemgramx.com\/fr\/wp-json\/wp\/v2\/product\/6816","targetHints":{"allow":["GET"]}}],"collection":[{"href":"https:\/\/chemgramx.com\/fr\/wp-json\/wp\/v2\/product"}],"about":[{"href":"https:\/\/chemgramx.com\/fr\/wp-json\/wp\/v2\/types\/product"}],"replies":[{"embeddable":true,"href":"https:\/\/chemgramx.com\/fr\/wp-json\/wp\/v2\/comments?post=6816"}],"wp:featuredmedia":[{"embeddable":true,"href":"https:\/\/chemgramx.com\/fr\/wp-json\/wp\/v2\/media\/6834"}],"wp:attachment":[{"href":"https:\/\/chemgramx.com\/fr\/wp-json\/wp\/v2\/media?parent=6816"}],"wp:term":[{"taxonomy":"product_brand","embeddable":true,"href":"https:\/\/chemgramx.com\/fr\/wp-json\/wp\/v2\/product_brand?post=6816"},{"taxonomy":"product_cat","embeddable":true,"href":"https:\/\/chemgramx.com\/fr\/wp-json\/wp\/v2\/product_cat?post=6816"},{"taxonomy":"product_tag","embeddable":true,"href":"https:\/\/chemgramx.com\/fr\/wp-json\/wp\/v2\/product_tag?post=6816"}],"curies":[{"name":"wp","href":"https:\/\/api.w.org\/{rel}","templated":true}]}}