{"id":682,"date":"2024-10-21T17:58:32","date_gmt":"2024-10-21T17:58:32","guid":{"rendered":"https:\/\/chemgramx.com\/?post_type=product&#038;p=682"},"modified":"2025-10-15T08:22:02","modified_gmt":"2025-10-15T08:22:02","slug":"4-cmc-4-chlormethcathinon","status":"publish","type":"product","link":"https:\/\/chemgramx.com\/fr\/produit\/4-cmc-4-chlormethcathinon\/","title":{"rendered":"Acheter 4-CMC (4-chlorom\u00e9thcathinone) en ligne"},"content":{"rendered":"<h2 data-start=\"240\" data-end=\"314\">Achetez du 4-CMC (4-Chlorm\u00e9thcathinone) en ligne aupr\u00e8s d'une source de recherche fiable<\/h2>\n<h3 data-start=\"316\" data-end=\"396\">Achetez du 4-CMC (4-chlorom\u00e9thcathinone) en ligne \u2013 Produits chimiques de recherche de haute puret\u00e9<\/h3>\n<p data-start=\"398\" data-end=\"779\">L'achat en ligne de 4-CMC (4-chlorom\u00e9thcathinone) est de plus en plus populaire, car il s'agit d'une cathinone synth\u00e9tique connue pour ses effets stimulants et psychoactifs. Chimiquement apparent\u00e9e \u00e0 la 4-MMC (m\u00e9ph\u00e9drone) et \u00e0 la m\u00e9thcathinone, <a href=\"https:\/\/chemgramx.com\/fr\/produit\/4-cmc-4-chlormethcathinon\/\">4-CMC (4-Chlorm\u00e9thcathinone) \u00e0 vendre<\/a> gr\u00e2ce \u00e0 une substitution unique du chlore qui influence sa dur\u00e9e et son efficacit\u00e9.<\/p>\n<p data-start=\"781\" data-end=\"953\">Les chercheurs et les laboratoires choisissent souvent d'acheter du 4-CMC (4-Chlorm\u00e9thcathinone) en ligne car il s'agit d'une substance recherch\u00e9e dans le secteur des produits chimiques de recherche.<\/p>\n<h3 data-start=\"955\" data-end=\"996\">Qu'est-ce que la 4-CMC (4-chlorom\u00e9thcathinone) ?<\/h3>\n<p data-start=\"998\" data-end=\"1307\"><a href=\"https:\/\/en.wikipedia.org\/wiki\/4-Chloromethcathinone\">4-CMC<\/a> C'est un stimulant synth\u00e9tique qui agit principalement sur le syst\u00e8me nerveux central. Similaire aux autres cathinones, il diff\u00e8re par la pr\u00e9sence d'un atome de chlore en position 4, ce qui modifie son profil pharmacologique. Les t\u00e9moignages d'utilisateurs d\u00e9crivent des propri\u00e9t\u00e9s stimulantes et euphorisantes.<\/p>\n<p data-start=\"1309\" data-end=\"1502\">Sa popularit\u00e9 croissante explique pourquoi de plus en plus de personnes recherchent des moyens d\u2019utiliser la 4-CMC (4-chlorom\u00e9thcathinone), que ce soit pour la recherche scientifique ou les tests analytiques.<\/p>\n<h3 data-start=\"1504\" data-end=\"1535\">Pourquoi acheter du 4-CMC en ligne ?<\/h3>\n<p data-start=\"1537\" data-end=\"1618\">L'achat de 4-CMC (4-Chlorm\u00e9thcathinone) en ligne offre de nombreux avantages :<\/p>\n<ul data-start=\"1620\" data-end=\"2064\">\n<li data-start=\"1620\" data-end=\"1748\">\n<p data-start=\"1622\" data-end=\"1748\">Commodit\u00e9 : Ceux qui souhaitent acheter du 4-CMC (4-chlorom\u00e9thcathinone) en ligne b\u00e9n\u00e9ficient d'une livraison rapide et discr\u00e8te.<\/p>\n<\/li>\n<li data-start=\"1941\" data-end=\"2064\">\n<p data-start=\"1943\" data-end=\"2064\">Disponibilit\u00e9 mondiale : les chercheurs peuvent trouver du 4-CMC (4-chlorom\u00e9thcathinone) en vente dans les magasins internationaux.<\/p>\n<\/li>\n<\/ul>\n<h3 data-start=\"2066\" data-end=\"2112\">O\u00f9 acheter du 4-CMC (4-Chlorm\u00e9thcathinone) ?<\/h3>\n<p data-start=\"2114\" data-end=\"2253\">De nombreux chercheurs se posent la question : O\u00f9 peut-on acheter du 4-CMC (4-chlorom\u00e9thcathinone) ?<br data-start=\"2198\" data-end=\"2201\" \/>La r\u00e9ponse : uniquement aupr\u00e8s de fournisseurs dignes de confiance.<\/p>\n<p data-start=\"2255\" data-end=\"2387\">Le choix du meilleur endroit pour acheter du 4-CMC (4-Chlorm\u00e9thcathinone) en ligne d\u00e9pend de facteurs tels que la puret\u00e9, le prix et le d\u00e9lai de livraison.<\/p>\n<p data-start=\"2389\" data-end=\"2410\">Sources recommand\u00e9es :<\/p>\n<ul data-start=\"2411\" data-end=\"2569\">\n<li data-start=\"2411\" data-end=\"2477\">\n<p data-start=\"2413\" data-end=\"2477\">Revendeurs sp\u00e9cialis\u00e9s en produits chimiques de recherche avec certificats de laboratoire<\/p>\n<\/li>\n<li data-start=\"2478\" data-end=\"2526\">\n<p data-start=\"2480\" data-end=\"2526\">Plateformes en ligne avec avis v\u00e9rifi\u00e9s<\/p>\n<\/li>\n<li data-start=\"2527\" data-end=\"2569\">\n<p data-start=\"2529\" data-end=\"2569\">Internationale Gro\u00df- und Einzelh\u00e4ndler<\/p>\n<\/li>\n<\/ul>\n<h3 data-start=\"2571\" data-end=\"2611\">Facteurs \u00e0 prendre en compte lors de l'achat de 4-CMC en ligne<\/h3>\n<p data-start=\"2613\" data-end=\"2702\">Avant d'acheter du 4-CMC (4-Chlorm\u00e9thcathinone) en ligne, vous devez tenir compte des \u00e9l\u00e9ments suivants\u00a0:<\/p>\n<ul data-start=\"2704\" data-end=\"2930\">\n<li data-start=\"2704\" data-end=\"2759\">\n<p data-start=\"2706\" data-end=\"2759\">L\u00e9galit\u00e9 : V\u00e9rifiez les lois de votre pays.<\/p>\n<\/li>\n<li data-start=\"2760\" data-end=\"2851\">\n<p data-start=\"2762\" data-end=\"2851\">Qualit\u00e9\u00a0: Achetez uniquement aupr\u00e8s de fournisseurs qui fournissent des certificats d'analyse (COA).<\/p>\n<\/li>\n<li data-start=\"2852\" data-end=\"2930\">\n<p data-start=\"2854\" data-end=\"2930\">S\u00e9curit\u00e9 : Renseignez-vous sur les dosages et les pr\u00e9cautions.<\/p>\n<\/li>\n<\/ul>\n<p data-start=\"2932\" data-end=\"3034\">De cette fa\u00e7on, vous pouvez \u00e9viter les contrefa\u00e7ons et b\u00e9n\u00e9ficier d'un prix \u00e9quitable pour le 4-CMC (4-chlorom\u00e9thcathinone).<\/p>\n<h3 data-start=\"3036\" data-end=\"3065\">Les risques des achats en ligne<\/h3>\n<ul data-start=\"3067\" data-end=\"3331\">\n<li data-start=\"3067\" data-end=\"3148\">\n<p data-start=\"3069\" data-end=\"3148\">Risques juridiques : le 4-CMC est r\u00e9glement\u00e9 ou interdit dans certains pays.<\/p>\n<\/li>\n<li data-start=\"3149\" data-end=\"3235\">\n<p data-start=\"3151\" data-end=\"3235\">Risques pour la sant\u00e9 : Une mauvaise manipulation peut provoquer des effets secondaires.<\/p>\n<\/li>\n<li data-start=\"3236\" data-end=\"3331\">\n<p data-start=\"3238\" data-end=\"3331\">Risques financiers : Achetez uniquement aupr\u00e8s de commer\u00e7ants v\u00e9rifi\u00e9s pour \u00e9viter la fraude.<\/p>\n<\/li>\n<\/ul>\n<h3 data-start=\"3333\" data-end=\"3357\">Consignes de s\u00e9curit\u00e9<\/h3>\n<ul data-start=\"3359\" data-end=\"3520\">\n<li data-start=\"3359\" data-end=\"3406\">\n<p data-start=\"3361\" data-end=\"3406\">Portez toujours un \u00e9quipement de protection dans le laboratoire.<\/p>\n<\/li>\n<li data-start=\"3407\" data-end=\"3459\">\n<p data-start=\"3409\" data-end=\"3459\">Commencez par de faibles doses de recherche.<\/p>\n<\/li>\n<li data-start=\"3460\" data-end=\"3520\">\n<p data-start=\"3462\" data-end=\"3520\">Conserver le produit dans un endroit frais et sec, \u00e0 l'abri de la lumi\u00e8re.<\/p>\n<\/li>\n<\/ul>\n<h3 data-start=\"3522\" data-end=\"3532\">Conclusion<\/h3>\n<p data-start=\"3534\" data-end=\"3699\">L\u2019achat de 4-CMC (4-chlorom\u00e9thcathinone) en ligne aupr\u00e8s d\u2019une source de recherche fiable est le meilleur choix pour les chercheurs qui appr\u00e9cient la qualit\u00e9, la s\u00e9curit\u00e9 et la discr\u00e9tion.<\/p>\n<p data-start=\"3701\" data-end=\"4054\">Si vous vous demandez o\u00f9 acheter de la 4-CMC (4-Chlorm\u00e9thcathinone), vous trouverez le meilleur endroit pour en acheter en ligne aupr\u00e8s de revendeurs certifi\u00e9s, disposant de certificats d'analyse et d'un service transparent. Vous \u00eates ainsi assur\u00e9 de recevoir un produit pur et fiable, au meilleur prix du march\u00e9.<\/p>","protected":false},"excerpt":{"rendered":"<p>La 4-CMC, \u00e9galement connue sous le nom de 4-chlorom\u00e9thcathinone, est un stimulant synth\u00e9tique de la classe des cathinones. Il est structurellement similaire \u00e0 d'autres substances populaires et offre des effets tels qu'une \u00e9nergie accrue, une euphorie et une sociabilit\u00e9 accrue. Souvent disponible sous forme de poudre, la 4-CMC a gagn\u00e9 en visibilit\u00e9 dans la culture des drogues r\u00e9cr\u00e9atives, notamment dans les clubs et les soir\u00e9es.<\/p>","protected":false},"featured_media":683,"comment_status":"open","ping_status":"closed","template":"","meta":{"_joinchat":[]},"product_brand":[],"product_cat":[49],"product_tag":[2528,2531,2534,2527,2529,2530,2532,2533,2015],"class_list":{"0":"post-682","1":"product","2":"type-product","3":"status-publish","4":"has-post-thumbnail","6":"product_cat-cathinones","7":"product_tag-4-chlormethcathinon","8":"product_tag-4-cmc-200mg","9":"product_tag-4-cmc-4-chlormethcathinon","10":"product_tag-4-cmc-kaufen","11":"product_tag-4-cmc-kristalle","12":"product_tag-4-cmc-online-kaufen","13":"product_tag-4-cmc-prodej","14":"product_tag-chemikalien-kaufen","15":"product_tag-synthetische-drogen","17":"first","18":"instock","19":"shipping-taxable","20":"purchasable","21":"product-type-variable"},"yoast_head":"<!-- This site is optimized with the Yoast SEO plugin v26.1.1 - https:\/\/yoast.com\/wordpress\/plugins\/seo\/ -->\n<title>4-CMC (4-Chlormethcathinon) zu verkaufen \u2013 4-CMC online kaufen<\/title>\n<meta name=\"description\" content=\"Holen Sie sich 4-cmc (4-Chlormethcathinon) in einem der besten Online-Shops. Wir helfen Ihnen, 4-cmc (4-Chlormethcathinon) in hoher Qualit\u00e4t online zu kaufen. Z\u00f6gern Sie nicht, Ihre Bestellung aufzugeben und profitieren Sie von den neuesten Rabatten!\" \/>\n<meta name=\"robots\" content=\"index, follow, max-snippet:-1, max-image-preview:large, max-video-preview:-1\" \/>\n<link rel=\"canonical\" href=\"https:\/\/chemgramx.com\/fr\/produit\/4-cmc-4-chlormethcathinon\/\" \/>\n<meta property=\"og:locale\" content=\"fr_FR\" \/>\n<meta property=\"og:type\" content=\"article\" \/>\n<meta property=\"og:title\" content=\"4-CMC (4-Chlormethcathinon) zu verkaufen \u2013 4-CMC online kaufen\" \/>\n<meta property=\"og:description\" content=\"Holen Sie sich 4-cmc (4-Chlormethcathinon) in einem der besten Online-Shops. Wir helfen Ihnen, 4-cmc (4-Chlormethcathinon) in hoher Qualit\u00e4t online zu kaufen. Z\u00f6gern Sie nicht, Ihre Bestellung aufzugeben und profitieren Sie von den neuesten Rabatten!\" \/>\n<meta property=\"og:url\" content=\"https:\/\/chemgramx.com\/fr\/produit\/4-cmc-4-chlormethcathinon\/\" \/>\n<meta property=\"og:site_name\" content=\"Chemgramx\" \/>\n<meta property=\"article:modified_time\" content=\"2025-10-15T08:22:02+00:00\" \/>\n<meta property=\"og:image\" content=\"https:\/\/chemgramx.com\/wp-content\/uploads\/2024\/10\/4-CMC.jpg\" \/>\n\t<meta property=\"og:image:width\" content=\"600\" \/>\n\t<meta property=\"og:image:height\" content=\"600\" \/>\n\t<meta property=\"og:image:type\" content=\"image\/jpeg\" \/>\n<meta name=\"twitter:card\" content=\"summary_large_image\" \/>\n<meta name=\"twitter:label1\" content=\"Dur\u00e9e de lecture estim\u00e9e\" \/>\n\t<meta name=\"twitter:data1\" content=\"3 minutes\" \/>\n<script type=\"application\/ld+json\" class=\"yoast-schema-graph\">{\"@context\":\"https:\/\/schema.org\",\"@graph\":[{\"@type\":\"WebPage\",\"@id\":\"https:\/\/chemgramx.com\/product\/4-cmc-4-chlormethcathinon\/\",\"url\":\"https:\/\/chemgramx.com\/product\/4-cmc-4-chlormethcathinon\/\",\"name\":\"4-CMC (4-Chlormethcathinon) zu verkaufen \u2013 4-CMC online kaufen\",\"isPartOf\":{\"@id\":\"https:\/\/chemgramx.com\/#website\"},\"primaryImageOfPage\":{\"@id\":\"https:\/\/chemgramx.com\/product\/4-cmc-4-chlormethcathinon\/#primaryimage\"},\"image\":{\"@id\":\"https:\/\/chemgramx.com\/product\/4-cmc-4-chlormethcathinon\/#primaryimage\"},\"thumbnailUrl\":\"https:\/\/chemgramx.com\/wp-content\/uploads\/2024\/10\/4-CMC.jpg\",\"datePublished\":\"2024-10-21T17:58:32+00:00\",\"dateModified\":\"2025-10-15T08:22:02+00:00\",\"description\":\"Holen Sie sich 4-cmc (4-Chlormethcathinon) in einem der besten Online-Shops. Wir helfen Ihnen, 4-cmc (4-Chlormethcathinon) in hoher Qualit\u00e4t online zu kaufen. Z\u00f6gern Sie nicht, Ihre Bestellung aufzugeben und profitieren Sie von den neuesten Rabatten!\",\"breadcrumb\":{\"@id\":\"https:\/\/chemgramx.com\/product\/4-cmc-4-chlormethcathinon\/#breadcrumb\"},\"inLanguage\":\"fr-FR\",\"potentialAction\":[{\"@type\":\"ReadAction\",\"target\":[\"https:\/\/chemgramx.com\/product\/4-cmc-4-chlormethcathinon\/\"]}]},{\"@type\":\"ImageObject\",\"inLanguage\":\"fr-FR\",\"@id\":\"https:\/\/chemgramx.com\/product\/4-cmc-4-chlormethcathinon\/#primaryimage\",\"url\":\"https:\/\/chemgramx.com\/wp-content\/uploads\/2024\/10\/4-CMC.jpg\",\"contentUrl\":\"https:\/\/chemgramx.com\/wp-content\/uploads\/2024\/10\/4-CMC.jpg\",\"width\":600,\"height\":600,\"caption\":\"4-CMC online kaufen\"},{\"@type\":\"BreadcrumbList\",\"@id\":\"https:\/\/chemgramx.com\/product\/4-cmc-4-chlormethcathinon\/#breadcrumb\",\"itemListElement\":[{\"@type\":\"ListItem\",\"position\":1,\"name\":\"Home\",\"item\":\"https:\/\/chemgramx.com\/\"},{\"@type\":\"ListItem\",\"position\":2,\"name\":\"Shop\",\"item\":\"https:\/\/chemgramx.com\/shop\/\"},{\"@type\":\"ListItem\",\"position\":3,\"name\":\"4-CMC (4-Chlormethcathinon) online kaufen\"}]},{\"@type\":\"WebSite\",\"@id\":\"https:\/\/chemgramx.com\/#website\",\"url\":\"https:\/\/chemgramx.com\/\",\"name\":\"Chemgramx\",\"description\":\"\",\"publisher\":{\"@id\":\"https:\/\/chemgramx.com\/#organization\"},\"potentialAction\":[{\"@type\":\"SearchAction\",\"target\":{\"@type\":\"EntryPoint\",\"urlTemplate\":\"https:\/\/chemgramx.com\/?s={search_term_string}\"},\"query-input\":{\"@type\":\"PropertyValueSpecification\",\"valueRequired\":true,\"valueName\":\"search_term_string\"}}],\"inLanguage\":\"fr-FR\"},{\"@type\":\"Organization\",\"@id\":\"https:\/\/chemgramx.com\/#organization\",\"name\":\"Chemgramx\",\"url\":\"https:\/\/chemgramx.com\/\",\"logo\":{\"@type\":\"ImageObject\",\"inLanguage\":\"fr-FR\",\"@id\":\"https:\/\/chemgramx.com\/#\/schema\/logo\/image\/\",\"url\":\"https:\/\/chemgramx.com\/wp-content\/uploads\/2024\/10\/final-logo.png\",\"contentUrl\":\"https:\/\/chemgramx.com\/wp-content\/uploads\/2024\/10\/final-logo.png\",\"width\":250,\"height\":48,\"caption\":\"Chemgramx\"},\"image\":{\"@id\":\"https:\/\/chemgramx.com\/#\/schema\/logo\/image\/\"}}]}<\/script>\n<!-- \/ Yoast SEO plugin. -->","yoast_head_json":{"title":"4-CMC (4-Chlorm\u00e9thcathinone) \u00e0 vendre \u2013 Achetez 4-CMC en ligne","description":"Procurez-vous du 4-cmc (4-chlorom\u00e9thcathinone) dans l'une des meilleures boutiques en ligne. Nous vous aidons \u00e0 acheter du 4-cmc (4-chlorom\u00e9thcathinone) de haute qualit\u00e9 en ligne. N'h\u00e9sitez pas \u00e0 passer commande et profitez des derni\u00e8res r\u00e9ductions\u00a0!","robots":{"index":"index","follow":"follow","max-snippet":"max-snippet:-1","max-image-preview":"max-image-preview:large","max-video-preview":"max-video-preview:-1"},"canonical":"https:\/\/chemgramx.com\/fr\/produit\/4-cmc-4-chlormethcathinon\/","og_locale":"fr_FR","og_type":"article","og_title":"4-CMC (4-Chlormethcathinon) zu verkaufen \u2013 4-CMC online kaufen","og_description":"Holen Sie sich 4-cmc (4-Chlormethcathinon) in einem der besten Online-Shops. Wir helfen Ihnen, 4-cmc (4-Chlormethcathinon) in hoher Qualit\u00e4t online zu kaufen. Z\u00f6gern Sie nicht, Ihre Bestellung aufzugeben und profitieren Sie von den neuesten Rabatten!","og_url":"https:\/\/chemgramx.com\/fr\/produit\/4-cmc-4-chlormethcathinon\/","og_site_name":"Chemgramx","article_modified_time":"2025-10-15T08:22:02+00:00","og_image":[{"width":600,"height":600,"url":"https:\/\/chemgramx.com\/wp-content\/uploads\/2024\/10\/4-CMC.jpg","type":"image\/jpeg"}],"twitter_card":"summary_large_image","twitter_misc":{"Dur\u00e9e de lecture estim\u00e9e":"3 minutes"},"schema":{"@context":"https:\/\/schema.org","@graph":[{"@type":"WebPage","@id":"https:\/\/chemgramx.com\/product\/4-cmc-4-chlormethcathinon\/","url":"https:\/\/chemgramx.com\/product\/4-cmc-4-chlormethcathinon\/","name":"4-CMC (4-Chlorm\u00e9thcathinone) \u00e0 vendre \u2013 Achetez 4-CMC en ligne","isPartOf":{"@id":"https:\/\/chemgramx.com\/#website"},"primaryImageOfPage":{"@id":"https:\/\/chemgramx.com\/product\/4-cmc-4-chlormethcathinon\/#primaryimage"},"image":{"@id":"https:\/\/chemgramx.com\/product\/4-cmc-4-chlormethcathinon\/#primaryimage"},"thumbnailUrl":"https:\/\/chemgramx.com\/wp-content\/uploads\/2024\/10\/4-CMC.jpg","datePublished":"2024-10-21T17:58:32+00:00","dateModified":"2025-10-15T08:22:02+00:00","description":"Procurez-vous du 4-cmc (4-chlorom\u00e9thcathinone) dans l'une des meilleures boutiques en ligne. Nous vous aidons \u00e0 acheter du 4-cmc (4-chlorom\u00e9thcathinone) de haute qualit\u00e9 en ligne. N'h\u00e9sitez pas \u00e0 passer commande et profitez des derni\u00e8res r\u00e9ductions\u00a0!","breadcrumb":{"@id":"https:\/\/chemgramx.com\/product\/4-cmc-4-chlormethcathinon\/#breadcrumb"},"inLanguage":"fr-FR","potentialAction":[{"@type":"ReadAction","target":["https:\/\/chemgramx.com\/product\/4-cmc-4-chlormethcathinon\/"]}]},{"@type":"ImageObject","inLanguage":"fr-FR","@id":"https:\/\/chemgramx.com\/product\/4-cmc-4-chlormethcathinon\/#primaryimage","url":"https:\/\/chemgramx.com\/wp-content\/uploads\/2024\/10\/4-CMC.jpg","contentUrl":"https:\/\/chemgramx.com\/wp-content\/uploads\/2024\/10\/4-CMC.jpg","width":600,"height":600,"caption":"4-CMC online kaufen"},{"@type":"BreadcrumbList","@id":"https:\/\/chemgramx.com\/product\/4-cmc-4-chlormethcathinon\/#breadcrumb","itemListElement":[{"@type":"ListItem","position":1,"name":"Home","item":"https:\/\/chemgramx.com\/"},{"@type":"ListItem","position":2,"name":"Shop","item":"https:\/\/chemgramx.com\/shop\/"},{"@type":"ListItem","position":3,"name":"4-CMC (4-Chlormethcathinon) online kaufen"}]},{"@type":"WebSite","@id":"https:\/\/chemgramx.com\/#website","url":"https:\/\/chemgramx.com\/","name":"Chemgramx","description":"","publisher":{"@id":"https:\/\/chemgramx.com\/#organization"},"potentialAction":[{"@type":"SearchAction","target":{"@type":"EntryPoint","urlTemplate":"https:\/\/chemgramx.com\/?s={search_term_string}"},"query-input":{"@type":"PropertyValueSpecification","valueRequired":true,"valueName":"search_term_string"}}],"inLanguage":"fr-FR"},{"@type":"Organization","@id":"https:\/\/chemgramx.com\/#organization","name":"Chemgramx","url":"https:\/\/chemgramx.com\/","logo":{"@type":"ImageObject","inLanguage":"fr-FR","@id":"https:\/\/chemgramx.com\/#\/schema\/logo\/image\/","url":"https:\/\/chemgramx.com\/wp-content\/uploads\/2024\/10\/final-logo.png","contentUrl":"https:\/\/chemgramx.com\/wp-content\/uploads\/2024\/10\/final-logo.png","width":250,"height":48,"caption":"Chemgramx"},"image":{"@id":"https:\/\/chemgramx.com\/#\/schema\/logo\/image\/"}}]}},"_links":{"self":[{"href":"https:\/\/chemgramx.com\/fr\/wp-json\/wp\/v2\/product\/682","targetHints":{"allow":["GET"]}}],"collection":[{"href":"https:\/\/chemgramx.com\/fr\/wp-json\/wp\/v2\/product"}],"about":[{"href":"https:\/\/chemgramx.com\/fr\/wp-json\/wp\/v2\/types\/product"}],"replies":[{"embeddable":true,"href":"https:\/\/chemgramx.com\/fr\/wp-json\/wp\/v2\/comments?post=682"}],"wp:featuredmedia":[{"embeddable":true,"href":"https:\/\/chemgramx.com\/fr\/wp-json\/wp\/v2\/media\/683"}],"wp:attachment":[{"href":"https:\/\/chemgramx.com\/fr\/wp-json\/wp\/v2\/media?parent=682"}],"wp:term":[{"taxonomy":"product_brand","embeddable":true,"href":"https:\/\/chemgramx.com\/fr\/wp-json\/wp\/v2\/product_brand?post=682"},{"taxonomy":"product_cat","embeddable":true,"href":"https:\/\/chemgramx.com\/fr\/wp-json\/wp\/v2\/product_cat?post=682"},{"taxonomy":"product_tag","embeddable":true,"href":"https:\/\/chemgramx.com\/fr\/wp-json\/wp\/v2\/product_tag?post=682"}],"curies":[{"name":"wp","href":"https:\/\/api.w.org\/{rel}","templated":true}]}}