{"id":684,"date":"2024-10-21T18:10:06","date_gmt":"2024-10-21T18:10:06","guid":{"rendered":"https:\/\/chemgramx.com\/?post_type=product&#038;p=684"},"modified":"2025-10-15T06:34:00","modified_gmt":"2025-10-15T06:34:00","slug":"3-cmc-3-chlormethcathinon","status":"publish","type":"product","link":"https:\/\/chemgramx.com\/fr\/produit\/3-cmc-3-chlormethcathinon\/","title":{"rendered":"Acheter 3-CMC (3-chlorom\u00e9thcathinone) en ligne"},"content":{"rendered":"<h2 data-start=\"478\" data-end=\"552\">3-CMC (3-Chlormethcathinon) online kaufen von einer zuverl\u00e4ssigen Forschungsquelle<\/h2>\n<h3 data-start=\"554\" data-end=\"643\">Achetez du 3-CMC (3-chlorom\u00e9thcathinone) en ligne \u2013 Fourniture de produits chimiques de recherche de haute puret\u00e9<\/h3>\n<p data-start=\"645\" data-end=\"1030\">3-CMC (3-Chlormethcathinon) online kaufen gilt als eine der beliebtesten Research Chemicals der letzten Jahre. Als synthetisches Cathinon und strukturelles Analogon von 3-MMC erfreut es sich wachsender Nachfrage. Forscher entscheiden sich h\u00e4ufig dazu, <a href=\"https:\/\/chemgramx.com\/fr\/produit\/3-cmc-3-chlormethcathinon\/\">Acheter 3-CMC (3-chlorom\u00e9thcathinone) en ligne<\/a>car il pr\u00e9sente des propri\u00e9t\u00e9s stimulantes fiables et est utilis\u00e9 dans de nombreuses \u00e9tudes.<\/p>\n<p data-start=\"1032\" data-end=\"1286\">Quiconque souhaite vendre de la 3-CMC (3-chlorom\u00e9thcathinone) trouvera des produits test\u00e9s et d'une grande puret\u00e9 aupr\u00e8s de revendeurs en ligne sp\u00e9cialis\u00e9s. L'achat en ligne offre aux scientifiques et aux laboratoires la possibilit\u00e9 d'obtenir ce produit facilement et discr\u00e8tement.<\/p>\n<h3 data-start=\"1288\" data-end=\"1329\">Qu'est-ce que la 3-CMC (3-chlorom\u00e9thcathinone) ?<\/h3>\n<p data-start=\"1331\" data-end=\"1558\"><a href=\"https:\/\/en.wikipedia.org\/wiki\/3-Chloromethcathinone\">3-CMC<\/a> (3-Chlormethcathinon) ist ein synthetisches Stimulans aus der Cathinon-Klasse. \u00c4hnlich wie 3-MMC oder 4-CMC weist es spezifische pharmakologische Eigenschaften auf, die es f\u00fcr die Forschung besonders interessant machen.<\/p>\n<ul data-start=\"1560\" data-end=\"1690\">\n<li data-start=\"1560\" data-end=\"1596\">\n<p data-start=\"1562\" data-end=\"1596\">Formule chimique : C10H12ClNO<\/p>\n<\/li>\n<li data-start=\"1597\" data-end=\"1635\">\n<p data-start=\"1599\" data-end=\"1635\">Poids mol\u00e9culaire : 197,66 g\/mol<\/p>\n<\/li>\n<li data-start=\"1636\" data-end=\"1690\">\n<p data-start=\"1638\" data-end=\"1690\">Classification : Stimulant \/ Produit chimique de recherche<\/p>\n<\/li>\n<\/ul>\n<p data-start=\"1692\" data-end=\"1897\">Les chercheurs le commandent souvent pour des \u00e9tudes en laboratoire afin d'analyser ses effets sur les syst\u00e8mes de neurotransmission. Par cons\u00e9quent, la prescription de 3-CMC (3-chlorom\u00e9thcathinone) est une pratique courante dans les milieux scientifiques.<\/p>\n<h3 data-start=\"1899\" data-end=\"1933\">Pourquoi commander 3-CMC en ligne ?<\/h3>\n<p data-start=\"1935\" data-end=\"1980\">Acheter en ligne pr\u00e9sente de nombreux avantages :<\/p>\n<ul data-start=\"1982\" data-end=\"2483\">\n<li data-start=\"1982\" data-end=\"2137\">\n<p data-start=\"1984\" data-end=\"2137\">Commodit\u00e9 et disponibilit\u00e9 : Ceux qui souhaitent acheter du 3-CMC (3-Chlormethcathinone) en ligne b\u00e9n\u00e9ficient d'une livraison rapide et d'une commande facile.<\/p>\n<\/li>\n<li data-start=\"2233\" data-end=\"2360\">\n<p data-start=\"2235\" data-end=\"2360\">Avantages prix : Un prix transparent du 3-CMC (3-chlorom\u00e9thcathinone) facilite la comparaison entre les diff\u00e9rents d\u00e9taillants.<\/p>\n<\/li>\n<li data-start=\"2361\" data-end=\"2483\">\n<p data-start=\"2363\" data-end=\"2483\">Port\u00e9e mondiale : les revendeurs internationaux proposent du 3-CMC (3-Chlorm\u00e9thcathinone) \u00e0 la vente et exp\u00e9dient dans le monde entier.<\/p>\n<\/li>\n<\/ul>\n<h3 data-start=\"2485\" data-end=\"2531\">O\u00f9 puis-je acheter du 3-CMC (3-chlorom\u00e9thcathinone) ?<\/h3>\n<p data-start=\"2533\" data-end=\"2636\">Les chercheurs qui se demandent o\u00f9 acheter du 3-CMC (3-chlorom\u00e9thcathinone) peuvent trouver des offres r\u00e9put\u00e9es sur :<\/p>\n<ul data-start=\"2638\" data-end=\"2811\">\n<li data-start=\"2638\" data-end=\"2708\">\n<p data-start=\"2640\" data-end=\"2708\">Distributeurs de produits chimiques de recherche sp\u00e9cialis\u00e9s avec certificats de laboratoire<\/p>\n<\/li>\n<li data-start=\"2709\" data-end=\"2749\">\n<p data-start=\"2711\" data-end=\"2749\">Grossistes et d\u00e9taillants v\u00e9rifi\u00e9s<\/p>\n<\/li>\n<li data-start=\"2750\" data-end=\"2811\">\n<p data-start=\"2752\" data-end=\"2811\">Plateformes internationales en ligne avec des produits test\u00e9s<\/p>\n<\/li>\n<\/ul>\n<p data-start=\"2813\" data-end=\"2953\">Le choix du meilleur endroit pour acheter du 3-CMC (3-Chlormethcathinone) en ligne d\u00e9pend de facteurs tels que le prix, la puret\u00e9 et la vitesse de livraison.<\/p>\n<h3 data-start=\"2955\" data-end=\"3002\">Assurez la qualit\u00e9 lors de l'achat de 3-CMC<\/h3>\n<p data-start=\"3004\" data-end=\"3138\">Pour garantir que votre commande de 3-CMC (3-chlorom\u00e9thcathinone) en ligne soit r\u00e9ussie, il est important de pr\u00eater attention \u00e0 la qualit\u00e9 :<\/p>\n<ul data-start=\"3140\" data-end=\"3318\">\n<li data-start=\"3140\" data-end=\"3176\">\n<p data-start=\"3142\" data-end=\"3176\">V\u00e9rifier les certificats d'analyse (CoA)<\/p>\n<\/li>\n<li data-start=\"3177\" data-end=\"3232\">\n<p data-start=\"3179\" data-end=\"3232\">Seri\u00f6se H\u00e4ndler mit positiven Bewertungen ausw\u00e4hlen<\/p>\n<\/li>\n<li data-start=\"3233\" data-end=\"3318\">\n<p data-start=\"3235\" data-end=\"3318\">Vorsicht bei Angeboten mit extrem niedrigem 3-CMC (3-Chlormethcathinon) price<\/p>\n<\/li>\n<\/ul>\n<h3 data-start=\"3320\" data-end=\"3358\">Aspects juridiques et s\u00e9curitaires<\/h3>\n<p data-start=\"3360\" data-end=\"3657\">Avant d'acheter, il est important de v\u00e9rifier la l\u00e9gislation. Dans certains pays, la vente de 3-CMC (3-chlorom\u00e9thcathinone) est autoris\u00e9e, tandis que dans d'autres, elle est r\u00e9glement\u00e9e ou interdite. Il est donc important de se renseigner sur la l\u00e9gislation locale avant d'acheter de la 3-CMC (3-chlorom\u00e9thcathinone) en ligne.<\/p>\n<p data-start=\"3659\" data-end=\"3697\">Mesures de s\u00e9curit\u00e9 pour la manipulation :<\/p>\n<ul data-start=\"3698\" data-end=\"3820\">\n<li data-start=\"3698\" data-end=\"3750\">\n<p data-start=\"3700\" data-end=\"3750\">Utiliser uniquement dans des environnements de laboratoire contr\u00f4l\u00e9s<\/p>\n<\/li>\n<li data-start=\"3751\" data-end=\"3776\">\n<p data-start=\"3753\" data-end=\"3776\">Porter des v\u00eatements de protection<\/p>\n<\/li>\n<li data-start=\"3777\" data-end=\"3820\">\n<p data-start=\"3779\" data-end=\"3820\">K\u00fchl, trocken und lichtgesch\u00fctzt lagern<\/p>\n<\/li>\n<\/ul>\n<h3 data-start=\"3822\" data-end=\"3832\">Conclusion<\/h3>\n<p data-start=\"3834\" data-end=\"4169\">Acheter de la 3-CMC (3-chlorom\u00e9thcathinone) en ligne aupr\u00e8s d'une source fiable est un moyen pratique pour les chercheurs et les laboratoires d'acc\u00e9der \u00e0 cette substance int\u00e9ressante. Acheter en ligne offre commodit\u00e9, prix \u00e9quitables et large choix, mais n\u00e9cessite \u00e9galement de choisir soigneusement un revendeur r\u00e9put\u00e9. Si vous vous demandez o\u00f9 acheter de la 3-CMC (3-chlorom\u00e9thcathinone), il est conseill\u00e9 de commander uniquement aupr\u00e8s de sources v\u00e9rifi\u00e9es, de v\u00e9rifier les certificats d'analyse et de respecter le cadre juridique. Ainsi, vous trouverez le meilleur endroit pour acheter de la 3-CMC (3-chlorom\u00e9thcathinone) en ligne et recevrez un produit s\u00fbr et hautement pur pour la recherche.<\/p>","protected":false},"excerpt":{"rendered":"<p><strong>3-CMC (3-chlorom\u00e9thcathinone)<\/strong> est un stimulant synth\u00e9tique de la classe des cathinones. Il fait partie des produits chimiques dits de recherche et a gagn\u00e9 en popularit\u00e9 ces derni\u00e8res ann\u00e9es sur la sc\u00e8ne des drogues r\u00e9cr\u00e9atives. Ce guide propose un aper\u00e7u d\u00e9taill\u00e9 de la 3-CMC, y compris sa structure chimique, ses effets, ses risques et son statut juridique.<\/p>\n<h3>Structure chimique et formule<\/h3>\n<ul>\n<li><strong>Formule chimique :<\/strong> C\u2081\u2082H\u2081\u2084ClNO<\/li>\n<li><strong>Nom IUPAC :<\/strong> 1-(3-chloroph\u00e9nyl)-2-(m\u00e9thylamino)propan-1-one<\/li>\n<li><strong>Num\u00e9ro CAS :<\/strong> 570-98-0<\/li>\n<\/ul>\n<p>La 3-CMC est un d\u00e9riv\u00e9 de la m\u00e9thcathinone dans lequel un groupe chlor\u00e9 est substitu\u00e9 en troisi\u00e8me position du cycle ph\u00e9nyle. Cette modification influence les propri\u00e9t\u00e9s pharmacologiques de la mol\u00e9cule, y compris sa puissance et sa dur\u00e9e d'action.<\/p>","protected":false},"featured_media":686,"comment_status":"open","ping_status":"closed","template":"","meta":{"_joinchat":[]},"product_brand":[],"product_cat":[49],"product_tag":[487,486,492,480,472,481,469,485,484,467,470,473,468,478,471,483,475,474,482,476,479,477,249,292,488,251,490,491,250,248,489],"class_list":{"0":"post-684","1":"product","2":"type-product","3":"status-publish","4":"has-post-thumbnail","6":"product_cat-cathinones","7":"product_tag-3-chloromethcathinone","8":"product_tag-3-cmc","9":"product_tag-3-cmc-3-chlormethcathinon","10":"product_tag-3-cmc-analyse","11":"product_tag-3-cmc-anwendung","12":"product_tag-3-cmc-chemie","13":"product_tag-3-cmc-forschung","14":"product_tag-3-cmc-forschungslabor","15":"product_tag-3-cmc-groshandel","16":"product_tag-3-cmc-kaufen","17":"product_tag-3-cmc-labor","18":"product_tag-3-cmc-lagerung","19":"product_tag-3-cmc-lieferant","20":"product_tag-3-cmc-markt","21":"product_tag-3-cmc-preis","22":"product_tag-3-cmc-referenzmaterial","23":"product_tag-3-cmc-risiken","24":"product_tag-3-cmc-sicherheit","25":"product_tag-3-cmc-substanz","26":"product_tag-3-cmc-verfugbarkeit","27":"product_tag-3-cmc-vertrieb","28":"product_tag-3-cmc-vorschriften","29":"product_tag-amphetamin-derivate","30":"product_tag-cathinone","31":"product_tag-chemische-formel-3-cmc","32":"product_tag-gesundheitliche-risiken","33":"product_tag-rechtlicher-status-3-cmc","34":"product_tag-risiken-3-cmc","35":"product_tag-suchtgefahr","36":"product_tag-synthetische-stimulanzien","37":"product_tag-wirkungen-von-3-cmc","39":"first","40":"instock","41":"shipping-taxable","42":"purchasable","43":"product-type-variable"},"yoast_head":"<!-- This site is optimized with the Yoast SEO plugin v26.1.1 - https:\/\/yoast.com\/wordpress\/plugins\/seo\/ -->\n<title>3-CMC (3-Chlormethcathinon) online kaufen \u2013 3-CMC zu verkaufen<\/title>\n<meta name=\"description\" content=\"Holen Sie sich 3-CMC (3-Chlormethcathinon) zu erschwinglichen Preisen aus unserem Chemgramx-Shop. Wir helfen Ihnen, 3-CMC (3-Chlormethcathinon) online zu kaufen. Nehmen Sie Ihre Bestellung an und wir liefern es Ihnen bald!\" \/>\n<meta name=\"robots\" content=\"index, follow, max-snippet:-1, max-image-preview:large, max-video-preview:-1\" \/>\n<link rel=\"canonical\" href=\"https:\/\/chemgramx.com\/fr\/produit\/3-cmc-3-chlormethcathinon\/\" \/>\n<meta property=\"og:locale\" content=\"fr_FR\" \/>\n<meta property=\"og:type\" content=\"article\" \/>\n<meta property=\"og:title\" content=\"3-CMC (3-Chlormethcathinon) online kaufen \u2013 3-CMC zu verkaufen\" \/>\n<meta property=\"og:description\" content=\"Holen Sie sich 3-CMC (3-Chlormethcathinon) zu erschwinglichen Preisen aus unserem Chemgramx-Shop. Wir helfen Ihnen, 3-CMC (3-Chlormethcathinon) online zu kaufen. Nehmen Sie Ihre Bestellung an und wir liefern es Ihnen bald!\" \/>\n<meta property=\"og:url\" content=\"https:\/\/chemgramx.com\/fr\/produit\/3-cmc-3-chlormethcathinon\/\" \/>\n<meta property=\"og:site_name\" content=\"Chemgramx\" \/>\n<meta property=\"article:modified_time\" content=\"2025-10-15T06:34:00+00:00\" \/>\n<meta property=\"og:image\" content=\"https:\/\/chemgramx.com\/wp-content\/uploads\/2024\/10\/3-CMC-kaufen.webp\" \/>\n\t<meta property=\"og:image:width\" content=\"500\" \/>\n\t<meta property=\"og:image:height\" content=\"500\" \/>\n\t<meta property=\"og:image:type\" content=\"image\/webp\" \/>\n<meta name=\"twitter:card\" content=\"summary_large_image\" \/>\n<meta name=\"twitter:label1\" content=\"Dur\u00e9e de lecture estim\u00e9e\" \/>\n\t<meta name=\"twitter:data1\" content=\"3 minutes\" \/>\n<script type=\"application\/ld+json\" class=\"yoast-schema-graph\">{\"@context\":\"https:\/\/schema.org\",\"@graph\":[{\"@type\":\"WebPage\",\"@id\":\"https:\/\/chemgramx.com\/product\/3-cmc-3-chlormethcathinon\/\",\"url\":\"https:\/\/chemgramx.com\/product\/3-cmc-3-chlormethcathinon\/\",\"name\":\"3-CMC (3-Chlormethcathinon) online kaufen \u2013 3-CMC zu verkaufen\",\"isPartOf\":{\"@id\":\"https:\/\/chemgramx.com\/#website\"},\"primaryImageOfPage\":{\"@id\":\"https:\/\/chemgramx.com\/product\/3-cmc-3-chlormethcathinon\/#primaryimage\"},\"image\":{\"@id\":\"https:\/\/chemgramx.com\/product\/3-cmc-3-chlormethcathinon\/#primaryimage\"},\"thumbnailUrl\":\"https:\/\/chemgramx.com\/wp-content\/uploads\/2024\/10\/3-CMC-kaufen.webp\",\"datePublished\":\"2024-10-21T18:10:06+00:00\",\"dateModified\":\"2025-10-15T06:34:00+00:00\",\"description\":\"Holen Sie sich 3-CMC (3-Chlormethcathinon) zu erschwinglichen Preisen aus unserem Chemgramx-Shop. Wir helfen Ihnen, 3-CMC (3-Chlormethcathinon) online zu kaufen. Nehmen Sie Ihre Bestellung an und wir liefern es Ihnen bald!\",\"breadcrumb\":{\"@id\":\"https:\/\/chemgramx.com\/product\/3-cmc-3-chlormethcathinon\/#breadcrumb\"},\"inLanguage\":\"fr-FR\",\"potentialAction\":[{\"@type\":\"ReadAction\",\"target\":[\"https:\/\/chemgramx.com\/product\/3-cmc-3-chlormethcathinon\/\"]}]},{\"@type\":\"ImageObject\",\"inLanguage\":\"fr-FR\",\"@id\":\"https:\/\/chemgramx.com\/product\/3-cmc-3-chlormethcathinon\/#primaryimage\",\"url\":\"https:\/\/chemgramx.com\/wp-content\/uploads\/2024\/10\/3-CMC-kaufen.webp\",\"contentUrl\":\"https:\/\/chemgramx.com\/wp-content\/uploads\/2024\/10\/3-CMC-kaufen.webp\",\"width\":500,\"height\":500,\"caption\":\"3-CMC (3-Chlormethcathinon) online kaufen\"},{\"@type\":\"BreadcrumbList\",\"@id\":\"https:\/\/chemgramx.com\/product\/3-cmc-3-chlormethcathinon\/#breadcrumb\",\"itemListElement\":[{\"@type\":\"ListItem\",\"position\":1,\"name\":\"Home\",\"item\":\"https:\/\/chemgramx.com\/\"},{\"@type\":\"ListItem\",\"position\":2,\"name\":\"Shop\",\"item\":\"https:\/\/chemgramx.com\/shop\/\"},{\"@type\":\"ListItem\",\"position\":3,\"name\":\"3-CMC (3-Chlormethcathinon) online kaufen\"}]},{\"@type\":\"WebSite\",\"@id\":\"https:\/\/chemgramx.com\/#website\",\"url\":\"https:\/\/chemgramx.com\/\",\"name\":\"Chemgramx\",\"description\":\"\",\"publisher\":{\"@id\":\"https:\/\/chemgramx.com\/#organization\"},\"potentialAction\":[{\"@type\":\"SearchAction\",\"target\":{\"@type\":\"EntryPoint\",\"urlTemplate\":\"https:\/\/chemgramx.com\/?s={search_term_string}\"},\"query-input\":{\"@type\":\"PropertyValueSpecification\",\"valueRequired\":true,\"valueName\":\"search_term_string\"}}],\"inLanguage\":\"fr-FR\"},{\"@type\":\"Organization\",\"@id\":\"https:\/\/chemgramx.com\/#organization\",\"name\":\"Chemgramx\",\"url\":\"https:\/\/chemgramx.com\/\",\"logo\":{\"@type\":\"ImageObject\",\"inLanguage\":\"fr-FR\",\"@id\":\"https:\/\/chemgramx.com\/#\/schema\/logo\/image\/\",\"url\":\"https:\/\/chemgramx.com\/wp-content\/uploads\/2024\/10\/final-logo.png\",\"contentUrl\":\"https:\/\/chemgramx.com\/wp-content\/uploads\/2024\/10\/final-logo.png\",\"width\":250,\"height\":48,\"caption\":\"Chemgramx\"},\"image\":{\"@id\":\"https:\/\/chemgramx.com\/#\/schema\/logo\/image\/\"}}]}<\/script>\n<!-- \/ Yoast SEO plugin. -->","yoast_head_json":{"title":"Achetez du 3-CMC (3-Chlorm\u00e9thcathinone) en ligne\u00a0\u2013 3-CMC \u00e0 vendre","description":"Procurez-vous de la 3-CMC (3-chlorom\u00e9thcathinone) \u00e0 prix abordables sur notre boutique Chemgramx. Nous vous aidons \u00e0 acheter de la 3-CMC (3-chlorom\u00e9thcathinone) en ligne. Commandez et recevez-la rapidement\u00a0!","robots":{"index":"index","follow":"follow","max-snippet":"max-snippet:-1","max-image-preview":"max-image-preview:large","max-video-preview":"max-video-preview:-1"},"canonical":"https:\/\/chemgramx.com\/fr\/produit\/3-cmc-3-chlormethcathinon\/","og_locale":"fr_FR","og_type":"article","og_title":"3-CMC (3-Chlormethcathinon) online kaufen \u2013 3-CMC zu verkaufen","og_description":"Holen Sie sich 3-CMC (3-Chlormethcathinon) zu erschwinglichen Preisen aus unserem Chemgramx-Shop. Wir helfen Ihnen, 3-CMC (3-Chlormethcathinon) online zu kaufen. Nehmen Sie Ihre Bestellung an und wir liefern es Ihnen bald!","og_url":"https:\/\/chemgramx.com\/fr\/produit\/3-cmc-3-chlormethcathinon\/","og_site_name":"Chemgramx","article_modified_time":"2025-10-15T06:34:00+00:00","og_image":[{"width":500,"height":500,"url":"https:\/\/chemgramx.com\/wp-content\/uploads\/2024\/10\/3-CMC-kaufen.webp","type":"image\/webp"}],"twitter_card":"summary_large_image","twitter_misc":{"Dur\u00e9e de lecture estim\u00e9e":"3 minutes"},"schema":{"@context":"https:\/\/schema.org","@graph":[{"@type":"WebPage","@id":"https:\/\/chemgramx.com\/product\/3-cmc-3-chlormethcathinon\/","url":"https:\/\/chemgramx.com\/product\/3-cmc-3-chlormethcathinon\/","name":"Achetez du 3-CMC (3-Chlorm\u00e9thcathinone) en ligne\u00a0\u2013 3-CMC \u00e0 vendre","isPartOf":{"@id":"https:\/\/chemgramx.com\/#website"},"primaryImageOfPage":{"@id":"https:\/\/chemgramx.com\/product\/3-cmc-3-chlormethcathinon\/#primaryimage"},"image":{"@id":"https:\/\/chemgramx.com\/product\/3-cmc-3-chlormethcathinon\/#primaryimage"},"thumbnailUrl":"https:\/\/chemgramx.com\/wp-content\/uploads\/2024\/10\/3-CMC-kaufen.webp","datePublished":"2024-10-21T18:10:06+00:00","dateModified":"2025-10-15T06:34:00+00:00","description":"Procurez-vous de la 3-CMC (3-chlorom\u00e9thcathinone) \u00e0 prix abordables sur notre boutique Chemgramx. Nous vous aidons \u00e0 acheter de la 3-CMC (3-chlorom\u00e9thcathinone) en ligne. Commandez et recevez-la rapidement\u00a0!","breadcrumb":{"@id":"https:\/\/chemgramx.com\/product\/3-cmc-3-chlormethcathinon\/#breadcrumb"},"inLanguage":"fr-FR","potentialAction":[{"@type":"ReadAction","target":["https:\/\/chemgramx.com\/product\/3-cmc-3-chlormethcathinon\/"]}]},{"@type":"ImageObject","inLanguage":"fr-FR","@id":"https:\/\/chemgramx.com\/product\/3-cmc-3-chlormethcathinon\/#primaryimage","url":"https:\/\/chemgramx.com\/wp-content\/uploads\/2024\/10\/3-CMC-kaufen.webp","contentUrl":"https:\/\/chemgramx.com\/wp-content\/uploads\/2024\/10\/3-CMC-kaufen.webp","width":500,"height":500,"caption":"3-CMC (3-Chlormethcathinon) online kaufen"},{"@type":"BreadcrumbList","@id":"https:\/\/chemgramx.com\/product\/3-cmc-3-chlormethcathinon\/#breadcrumb","itemListElement":[{"@type":"ListItem","position":1,"name":"Home","item":"https:\/\/chemgramx.com\/"},{"@type":"ListItem","position":2,"name":"Shop","item":"https:\/\/chemgramx.com\/shop\/"},{"@type":"ListItem","position":3,"name":"3-CMC (3-Chlormethcathinon) online kaufen"}]},{"@type":"WebSite","@id":"https:\/\/chemgramx.com\/#website","url":"https:\/\/chemgramx.com\/","name":"Chemgramx","description":"","publisher":{"@id":"https:\/\/chemgramx.com\/#organization"},"potentialAction":[{"@type":"SearchAction","target":{"@type":"EntryPoint","urlTemplate":"https:\/\/chemgramx.com\/?s={search_term_string}"},"query-input":{"@type":"PropertyValueSpecification","valueRequired":true,"valueName":"search_term_string"}}],"inLanguage":"fr-FR"},{"@type":"Organization","@id":"https:\/\/chemgramx.com\/#organization","name":"Chemgramx","url":"https:\/\/chemgramx.com\/","logo":{"@type":"ImageObject","inLanguage":"fr-FR","@id":"https:\/\/chemgramx.com\/#\/schema\/logo\/image\/","url":"https:\/\/chemgramx.com\/wp-content\/uploads\/2024\/10\/final-logo.png","contentUrl":"https:\/\/chemgramx.com\/wp-content\/uploads\/2024\/10\/final-logo.png","width":250,"height":48,"caption":"Chemgramx"},"image":{"@id":"https:\/\/chemgramx.com\/#\/schema\/logo\/image\/"}}]}},"_links":{"self":[{"href":"https:\/\/chemgramx.com\/fr\/wp-json\/wp\/v2\/product\/684","targetHints":{"allow":["GET"]}}],"collection":[{"href":"https:\/\/chemgramx.com\/fr\/wp-json\/wp\/v2\/product"}],"about":[{"href":"https:\/\/chemgramx.com\/fr\/wp-json\/wp\/v2\/types\/product"}],"replies":[{"embeddable":true,"href":"https:\/\/chemgramx.com\/fr\/wp-json\/wp\/v2\/comments?post=684"}],"wp:featuredmedia":[{"embeddable":true,"href":"https:\/\/chemgramx.com\/fr\/wp-json\/wp\/v2\/media\/686"}],"wp:attachment":[{"href":"https:\/\/chemgramx.com\/fr\/wp-json\/wp\/v2\/media?parent=684"}],"wp:term":[{"taxonomy":"product_brand","embeddable":true,"href":"https:\/\/chemgramx.com\/fr\/wp-json\/wp\/v2\/product_brand?post=684"},{"taxonomy":"product_cat","embeddable":true,"href":"https:\/\/chemgramx.com\/fr\/wp-json\/wp\/v2\/product_cat?post=684"},{"taxonomy":"product_tag","embeddable":true,"href":"https:\/\/chemgramx.com\/fr\/wp-json\/wp\/v2\/product_tag?post=684"}],"curies":[{"name":"wp","href":"https:\/\/api.w.org\/{rel}","templated":true}]}}