{"id":6866,"date":"2025-11-21T11:09:57","date_gmt":"2025-11-21T11:09:57","guid":{"rendered":"https:\/\/chemgramx.com\/?post_type=product&#038;p=6866"},"modified":"2025-12-10T07:21:33","modified_gmt":"2025-12-10T07:21:33","slug":"acheter-7-abf-en-ligne","status":"publish","type":"product","link":"https:\/\/chemgramx.com\/fr\/product\/7-abf-online-kaufen\/","title":{"rendered":"Acheter 7-ABF \u2013 Puret\u00e9, recherche"},"content":{"rendered":"<h2>7-ABF haut de gamme : votre partenaire pour la recherche et le d\u00e9veloppement<\/h2>\n<p>Si vous <b>7-ABF acheter<\/b> , ChemGramX est votre premier choix pour du 7-ABF de premi\u00e8re qualit\u00e9 test\u00e9 en laboratoire. Ce compos\u00e9 chimique essentiel, \u00e9galement connu sous le nom de 7-azaindole, joue un r\u00f4le cl\u00e9 dans les applications de recherche chimique et pharmaceutique avanc\u00e9es. Si vous <b>7-ABF acheter en ligne<\/b>, vous b\u00e9n\u00e9ficiez d'une puret\u00e9 et d'une qualit\u00e9 garanties, indispensables pour obtenir des r\u00e9sultats de recherche pr\u00e9cis et fiables. Nous comprenons que votre travail exige les normes les plus \u00e9lev\u00e9es, c'est pourquoi nous veillons \u00e0 ce que notre 7-ABF r\u00e9ponde \u00e0 ces exigences. Notre engagement envers l'excellence commence d\u00e8s l'approvisionnement et se termine par une pr\u00e9paration minutieuse afin de vous fournir un produit qui d\u00e9passe vos attentes.<\/p>\n<p>La recherche de nouvelles connaissances scientifiques n\u00e9cessite des mat\u00e9riaux d'une int\u00e9grit\u00e9 irr\u00e9prochable. Il est donc essentiel de choisir le bon fournisseur. ChemGramX s'est donn\u00e9 pour mission de permettre aux chercheurs d'acc\u00e9der aux meilleurs composants chimiques. Notre <b>Top Quality 7-ABF<\/b> est le r\u00e9sultat d'une s\u00e9lection rigoureuse et de contr\u00f4les qualit\u00e9 stricts. Nous vous garantissons que chaque lot r\u00e9pond \u00e0 nos normes \u00e9lev\u00e9es. Faites confiance \u00e0 ChemGramX pour vos projets de recherche exigeants, o\u00f9 la pr\u00e9cision et la fiabilit\u00e9 sont primordiales.<\/p>\n<h3>Qu'est-ce que le 7-ABF et quelle est sa signification ?<\/h3>\n<p>Le 7-ABF, connu sous le nom chimique de 7-azaindole, appartient \u00e0 la famille des d\u00e9riv\u00e9s de l'azaindole. Cette structure en fait un outil pr\u00e9cieux dans la synth\u00e8se organique et la recherche pharmaceutique. Il sert souvent de composant de base pour la fabrication de mol\u00e9cules plus complexes et de principes actifs pharmaceutiques potentiels. Les chercheurs qui <b>Commander 7-ABF<\/b>, exploitent ses propri\u00e9t\u00e9s chimiques uniques pour \u00e9tudier sa r\u00e9activit\u00e9 et explorer de nouvelles voies de synth\u00e8se pour des candidats m\u00e9dicaments prometteurs. La polyvalence de ce compos\u00e9 ouvre sans cesse de nouvelles perspectives dans la recherche sur les principes actifs et la science des mat\u00e9riaux.<\/p>\n<p>L'utilisation du 7-ABF s'\u00e9tend \u00e0 divers domaines de recherche. Sa capacit\u00e9 \u00e0 former des liaisons hydrog\u00e8ne et \u00e0 agir comme ligand dans les complexes organom\u00e9talliques le rend particuli\u00e8rement int\u00e9ressant pour la chimie supramol\u00e9culaire et la recherche en catalyse. En outre, il est \u00e9tudi\u00e9 comme mati\u00e8re premi\u00e8re pour la synth\u00e8se de compos\u00e9s ayant une activit\u00e9 biologique potentielle. La recherche continue sur le 7-ABF stimule l'innovation dans des domaines tels que l'oncologie, les neurosciences et les maladies infectieuses. Il est donc essentiel pour les scientifiques d'avoir acc\u00e8s \u00e0 une source fiable de <b>7-ABF haute puret\u00e9 \u00e0 vendre<\/b> avoir.<\/p>\n<h3>Pourquoi vous devriez envisager 7-ABF chez ChemGramX<\/h3>\n<p>La d\u00e9cision de, <b>Acheter 7-ABF<\/b>, est une \u00e9tape importante pour tout laboratoire de recherche. Avec ChemGramX, vous obtenez un compos\u00e9 inestimable pour le d\u00e9veloppement de nouveaux m\u00e9dicaments et de produits chimiques avanc\u00e9s. Notre offre de 7-ABF \u00e0 vendre garantit une puret\u00e9 et une coh\u00e9rence maximales, ce qui est essentiel pour obtenir des r\u00e9sultats pr\u00e9cis et reproductibles dans les applications pharmaceutiques et biochimiques. Nous sommes fiers de fournir aux chercheurs du monde entier des mat\u00e9riaux qui r\u00e9pondent aux normes de qualit\u00e9 les plus \u00e9lev\u00e9es.<\/p>\n<p>Si, apr\u00e8s le <b>Meilleur 7-ABF disponible<\/b> ChemGramX est exactement ce qu'il vous faut. Nous accordons une grande importance \u00e0 l'assurance qualit\u00e9 de nos produits. Chaque lot de notre 7-ABF est rigoureusement contr\u00f4l\u00e9 dans des laboratoires ind\u00e9pendants afin de v\u00e9rifier sa puret\u00e9 et son identit\u00e9. Ces analyses d\u00e9taill\u00e9es vous garantissent un produit adapt\u00e9 \u00e0 vos exp\u00e9riences sensibles. La transparence de nos processus vous apporte la s\u00e9curit\u00e9 dont vous avez besoin pour vos pr\u00e9cieux travaux de recherche. D\u00e9couvrez la diff\u00e9rence que fait la qualit\u00e9.<\/p>\n<h3>Les avantages d'acheter 7-ABF aupr\u00e8s de ChemGramX<\/h3>\n<p>Chez ChemGramX, la qualit\u00e9 est notre priorit\u00e9 absolue. Nous sommes conscients que vos recherches d\u00e9pendent de la puret\u00e9 et de la fiabilit\u00e9 des produits chimiques que vous utilisez. C'est pourquoi nous vous proposons <b>7-ABF de qualit\u00e9 laboratoire \u00e0 vendre<\/b> soumis \u00e0 des contr\u00f4les de qualit\u00e9 rigoureux. Chaque produit est soigneusement analys\u00e9 afin de garantir les normes les plus \u00e9lev\u00e9es. Cet engagement envers l'excellence signifie que vous pouvez compter sur la coh\u00e9rence et l'efficacit\u00e9 du 7-ABF pour atteindre vos objectifs scientifiques.<\/p>\n<p>Notre objectif est de vous offrir une exp\u00e9rience fluide. Si vous envisagez de commander du 7-ABF en ligne, vous b\u00e9n\u00e9ficierez de notre syst\u00e8me de commande convivial et de notre service client\u00e8le d\u00e9vou\u00e9. Nous nous effor\u00e7ons de vous offrir non seulement des produits de haute qualit\u00e9, mais aussi un excellent service. Explorez notre gamme et d\u00e9couvrez comment ChemGramX peut soutenir vos recherches. Vos avanc\u00e9es scientifiques sont notre motivation.<\/p>\n<ul>\n<li><b>Puret\u00e9 test\u00e9e en laboratoire :<\/b> Chaque lot de notre 7-ABF est soumis \u00e0 des tests rigoureux et ind\u00e9pendants en laboratoire. Cela vous garantit une qualit\u00e9 optimale, indispensable pour vos projets de recherche exigeants.<\/li>\n<li><b>Id\u00e9al pour la recherche et la synth\u00e8se :<\/b> Le 7-ABF est parfaitement adapt\u00e9 aux synth\u00e8ses chimiques, aux \u00e9tudes pharmaceutiques et \u00e0 diverses applications analytiques. Il constitue un \u00e9l\u00e9ment fiable pour vos innovations.<\/li>\n<li><b>Une tarification transparente :<\/b> Nous vous proposons toujours un prix \u00e9quitable pour le 7-ABF, qui refl\u00e8te sa qualit\u00e9 test\u00e9e en laboratoire. Vous obtenez des produits chimiques de premi\u00e8re qualit\u00e9 \u00e0 un prix comp\u00e9titif.<\/li>\n<li><b>Authentique 7-ABF :<\/b> Nous garantissons l'authenticit\u00e9 de notre 7-ABF. Faites confiance \u00e0 son origine et \u00e0 sa qualit\u00e9, qui sont d\u00e9terminantes pour obtenir des r\u00e9sultats scientifiques reproductibles.<\/li>\n<\/ul>\n<h3>Domaines d'application complets du 7-ABF<\/h3>\n<p>Le 7-ABF, en tant que membre de la famille des azindoles, offre un large \u00e9ventail d'applications dans la recherche et le d\u00e9veloppement chimiques modernes. Sa structure mol\u00e9culaire permet de multiples r\u00e9actions chimiques, ce qui en fait un r\u00e9actif tr\u00e8s recherch\u00e9 pour la synth\u00e8se de nouveaux compos\u00e9s organiques. Les chercheurs utilisent souvent le 7-ABF comme point de d\u00e9part pour le d\u00e9veloppement de mol\u00e9cules ayant des propri\u00e9t\u00e9s th\u00e9rapeutiques potentielles. L'\u00e9tude de ses d\u00e9riv\u00e9s a par exemple conduit \u00e0 des candidats prometteurs dans la recherche sur le cancer et la lutte contre les infections virales. Si vous souhaitez exploiter ce potentiel, la <b>Achat de 7-ABF en ligne<\/b> via une source fiable telle que ChemGramX est indispensable.<\/p>\n<p>L'importance du 7-ABF en chimie m\u00e9dicale ne saurait \u00eatre surestim\u00e9e. Il sert de motif structurel dans de nombreuses mol\u00e9cules biologiquement actives. Sa capacit\u00e9 \u00e0 se lier \u00e0 diff\u00e9rentes cibles biologiques en fait un candidat int\u00e9ressant pour le d\u00e9veloppement de m\u00e9dicaments. Par exemple, la d\u00e9rivatisation du 7-ABF est \u00e9tudi\u00e9e afin de d\u00e9velopper des inhibiteurs plus s\u00e9lectifs et plus efficaces pour certaines enzymes qui jouent un r\u00f4le dans des maladies telles que la maladie d'Alzheimer ou la maladie de Parkinson. La disponibilit\u00e9 du <b>7-ABF de haute qualit\u00e9<\/b> est donc un facteur critique pour le progr\u00e8s dans ces domaines.<\/p>\n<p>De plus, le 7-ABF est utilis\u00e9 dans la science des mat\u00e9riaux, en particulier dans le d\u00e9veloppement de nouvelles diodes \u00e9lectroluminescentes organiques (OLED) et d'autres mat\u00e9riaux \u00e9lectroniques. Ses propri\u00e9t\u00e9s photophysiques peuvent \u00eatre adapt\u00e9es de mani\u00e8re cibl\u00e9e par des modifications chimiques. Cela ouvre des possibilit\u00e9s pour la fabrication de composants \u00e9lectroniques plus efficaces et plus durables. Pour les scientifiques qui travaillent dans ces domaines innovants, l'approvisionnement fiable en <b>7-ABF de la plus haute qualit\u00e9<\/b> est d'une importance capitale. Le <b>Meilleur 7-ABF disponible en ligne<\/b>, rendez-vous sur ChemGramX, o\u00f9 nous nous engageons \u00e0 soutenir vos recherches. D\u00e9couvrez \u00e9galement d'autres produits chimiques de recherche tels que <a href=\"https:\/\/chemgramx.com\/product\/1cp-lsd-l-tartrate-kaufen\/\">1cP-LSD L-tartrate<\/a> ou <a href=\"https:\/\/chemgramx.com\/product\/anonymous-180mg-mdma-online-kaufen\/\">MDMA anonyme<\/a> pour vos besoins sp\u00e9cifiques en mati\u00e8re de recherche.<\/p>\n<h3>Consid\u00e9rations relatives \u00e0 la s\u00e9curit\u00e9 et \u00e0 la r\u00e9glementation<\/h3>\n<p>La manipulation des produits chimiques de recherche n\u00e9cessite toujours de la prudence et le respect des r\u00e9glementations en vigueur. La l\u00e9galit\u00e9 du 7-ABF peut varier selon les r\u00e9gions. Il est donc essentiel de vous renseigner avant de <b>Commande en ligne de 7-ABF<\/b> sur les lois et r\u00e9glementations sp\u00e9cifiques \u00e0 votre pays ou r\u00e9gion. ChemGramX s'engage \u00e0 vendre ses produits exclusivement \u00e0 des fins de recherche l\u00e9gitimes et soutient le respect de toutes les dispositions l\u00e9gales en vigueur. Nous accordons une grande importance aux pratiques scientifiques responsables.<\/p>\n<p>Notre engagement en mati\u00e8re de s\u00e9curit\u00e9 va au-del\u00e0 de la simple qualit\u00e9 des produits. Nous veillons \u00e0 ce que tous les processus li\u00e9s \u00e0 la manipulation et \u00e0 la pr\u00e9paration de nos produits chimiques soient effectu\u00e9s avec le plus grand soin. Cela garantit non seulement l'int\u00e9grit\u00e9 du produit, mais aussi la s\u00e9curit\u00e9 de nos clients. Si vous optez pour <b>Acheter 7-ABF \u00e0 des fins de recherche<\/b> vous pouvez compter sur nos normes de qualit\u00e9 et de s\u00e9curit\u00e9 exhaustives. La fabrication soign\u00e9e de nos produits est l'un des piliers de notre promesse de service.<\/p>\n<h3>Conclusion : votre source fiable pour 7-ABF<\/h3>\n<p>\u00cates-vous pr\u00eat \u00e0 faire passer vos recherches au niveau sup\u00e9rieur ? Si vous <b>7-ABF acheter en ligne<\/b> ChemGramX est le choix id\u00e9al. Nous vous proposons non seulement <b>authentique 7-ABF<\/b>, mais aussi la garantie d'une puret\u00e9 et d'une qualit\u00e9 maximales, indispensables \u00e0 vos projets scientifiques. Notre engagement en faveur de l'excellence vous assure de disposer des meilleurs mat\u00e9riaux possibles pour votre travail. Franchissez une nouvelle \u00e9tape dans vos recherches en toute confiance gr\u00e2ce \u00e0 ChemGramX.<\/p>\n<p>Profitez de l'occasion pour acqu\u00e9rir des produits chimiques de recherche de premi\u00e8re qualit\u00e9. Avec ChemGramX, vous choisissez un partenaire qui comprend et soutient vos aspirations scientifiques. Nous nous engageons \u00e0 vous fournir des produits irr\u00e9prochables et un service fiable. D\u00e9couvrez la gamme compl\u00e8te de ChemGramX et assurez-vous que vos projets de recherche sont men\u00e9s \u00e0 bien avec les meilleurs mat\u00e9riaux disponibles. Misez sur la qualit\u00e9, la pr\u00e9cision et la fiabilit\u00e9 \u2013 misez sur ChemGramX.<\/p>","protected":false},"excerpt":{"rendered":"<p>Le 7-ABF est un cannabino\u00efde synth\u00e9tique connu pour ses puissants effets psychoactifs. Il a \u00e9t\u00e9 d\u00e9velopp\u00e9 pour imiter les effets du THC.<\/p>","protected":false},"featured_media":6873,"comment_status":"open","ping_status":"closed","template":"","meta":{"_joinchat":[]},"product_brand":[],"product_cat":[47],"product_tag":[2753,2746,2750,2748,2747,2752,2751,2749,2754,2015],"class_list":{"0":"post-6866","1":"product","2":"type-product","3":"status-publish","4":"has-post-thumbnail","6":"product_cat-cannabinoids","7":"product_tag-7-abf-chemikalien","8":"product_tag-7-abf-kaufen","9":"product_tag-7-abf-kaufen-deutschland","10":"product_tag-7-abf-kristalle","11":"product_tag-7-abf-online","12":"product_tag-7-abf-preis","13":"product_tag-7-abf-prodej","14":"product_tag-7-abf-pulver","15":"product_tag-7-abf-zum-verkauf","16":"product_tag-synthetische-drogen","18":"first","19":"instock","20":"shipping-taxable","21":"purchasable","22":"product-type-variable"},"yoast_head":"<!-- This site is optimized with the Yoast SEO plugin v27.5 - https:\/\/yoast.com\/product\/yoast-seo-wordpress\/ -->\n<title>7-ABF online kaufen \u2013 7-ABF zu verkaufen | chemgramx<\/title>\n<meta name=\"description\" content=\"Sie k\u00f6nnen mit unserem Chemgramx-Onlineshop Kontakt aufnehmen und 7-abf online kaufen. Sie k\u00f6nnen 7-abf zu g\u00fcnstigen Preisen kaufen. Jetzt bestellen!\" \/>\n<meta name=\"robots\" content=\"index, follow, max-snippet:-1, max-image-preview:large, max-video-preview:-1\" \/>\n<link rel=\"canonical\" href=\"https:\/\/chemgramx.com\/fr\/produit\/acheter-7-abf-en-ligne\/\" \/>\n<meta property=\"og:locale\" content=\"fr_FR\" \/>\n<meta property=\"og:type\" content=\"article\" \/>\n<meta property=\"og:title\" content=\"7-ABF online kaufen \u2013 7-ABF zu verkaufen | chemgramx\" \/>\n<meta property=\"og:description\" content=\"Sie k\u00f6nnen mit unserem Chemgramx-Onlineshop Kontakt aufnehmen und 7-abf online kaufen. Sie k\u00f6nnen 7-abf zu g\u00fcnstigen Preisen kaufen. Jetzt bestellen!\" \/>\n<meta property=\"og:url\" content=\"https:\/\/chemgramx.com\/fr\/produit\/acheter-7-abf-en-ligne\/\" \/>\n<meta property=\"og:site_name\" content=\"Chemgramx\" \/>\n<meta property=\"article:modified_time\" content=\"2025-12-10T07:21:33+00:00\" \/>\n<meta property=\"og:image\" content=\"https:\/\/chemgramx.com\/wp-content\/uploads\/2025\/11\/7-ABF.png\" \/>\n\t<meta property=\"og:image:width\" content=\"414\" \/>\n\t<meta property=\"og:image:height\" content=\"369\" \/>\n\t<meta property=\"og:image:type\" content=\"image\/png\" \/>\n<meta name=\"twitter:card\" content=\"summary_large_image\" \/>\n<meta name=\"twitter:label1\" content=\"Dur\u00e9e de lecture estim\u00e9e\" \/>\n\t<meta name=\"twitter:data1\" content=\"2 minutes\" \/>\n<script type=\"application\/ld+json\" class=\"yoast-schema-graph\">{\"@context\":\"https:\\\/\\\/schema.org\",\"@graph\":[{\"@type\":\"WebPage\",\"@id\":\"https:\\\/\\\/chemgramx.com\\\/product\\\/7-abf-online-kaufen\\\/\",\"url\":\"https:\\\/\\\/chemgramx.com\\\/product\\\/7-abf-online-kaufen\\\/\",\"name\":\"7-ABF online kaufen \u2013 7-ABF zu verkaufen | chemgramx\",\"isPartOf\":{\"@id\":\"https:\\\/\\\/chemgramx.com\\\/#website\"},\"primaryImageOfPage\":{\"@id\":\"https:\\\/\\\/chemgramx.com\\\/product\\\/7-abf-online-kaufen\\\/#primaryimage\"},\"image\":{\"@id\":\"https:\\\/\\\/chemgramx.com\\\/product\\\/7-abf-online-kaufen\\\/#primaryimage\"},\"thumbnailUrl\":\"https:\\\/\\\/chemgramx.com\\\/wp-content\\\/uploads\\\/2025\\\/11\\\/7-ABF.png\",\"datePublished\":\"2025-11-21T11:09:57+00:00\",\"dateModified\":\"2025-12-10T07:21:33+00:00\",\"description\":\"Sie k\u00f6nnen mit unserem Chemgramx-Onlineshop Kontakt aufnehmen und 7-abf online kaufen. Sie k\u00f6nnen 7-abf zu g\u00fcnstigen Preisen kaufen. Jetzt bestellen!\",\"breadcrumb\":{\"@id\":\"https:\\\/\\\/chemgramx.com\\\/product\\\/7-abf-online-kaufen\\\/#breadcrumb\"},\"inLanguage\":\"fr-FR\",\"potentialAction\":[{\"@type\":\"ReadAction\",\"target\":[\"https:\\\/\\\/chemgramx.com\\\/product\\\/7-abf-online-kaufen\\\/\"]}]},{\"@type\":\"ImageObject\",\"inLanguage\":\"fr-FR\",\"@id\":\"https:\\\/\\\/chemgramx.com\\\/product\\\/7-abf-online-kaufen\\\/#primaryimage\",\"url\":\"https:\\\/\\\/chemgramx.com\\\/wp-content\\\/uploads\\\/2025\\\/11\\\/7-ABF.png\",\"contentUrl\":\"https:\\\/\\\/chemgramx.com\\\/wp-content\\\/uploads\\\/2025\\\/11\\\/7-ABF.png\",\"width\":414,\"height\":369},{\"@type\":\"BreadcrumbList\",\"@id\":\"https:\\\/\\\/chemgramx.com\\\/product\\\/7-abf-online-kaufen\\\/#breadcrumb\",\"itemListElement\":[{\"@type\":\"ListItem\",\"position\":1,\"name\":\"Home\",\"item\":\"https:\\\/\\\/chemgramx.com\\\/\"},{\"@type\":\"ListItem\",\"position\":2,\"name\":\"Shop\",\"item\":\"https:\\\/\\\/chemgramx.com\\\/shop\\\/\"},{\"@type\":\"ListItem\",\"position\":3,\"name\":\"7-ABF Kaufen &#8211; Reinheit, Forschung\"}]},{\"@type\":\"WebSite\",\"@id\":\"https:\\\/\\\/chemgramx.com\\\/#website\",\"url\":\"https:\\\/\\\/chemgramx.com\\\/\",\"name\":\"Chemgramx\",\"description\":\"\",\"publisher\":{\"@id\":\"https:\\\/\\\/chemgramx.com\\\/#organization\"},\"potentialAction\":[{\"@type\":\"SearchAction\",\"target\":{\"@type\":\"EntryPoint\",\"urlTemplate\":\"https:\\\/\\\/chemgramx.com\\\/?s={search_term_string}\"},\"query-input\":{\"@type\":\"PropertyValueSpecification\",\"valueRequired\":true,\"valueName\":\"search_term_string\"}}],\"inLanguage\":\"fr-FR\"},{\"@type\":\"Organization\",\"@id\":\"https:\\\/\\\/chemgramx.com\\\/#organization\",\"name\":\"Chemgramx\",\"url\":\"https:\\\/\\\/chemgramx.com\\\/\",\"logo\":{\"@type\":\"ImageObject\",\"inLanguage\":\"fr-FR\",\"@id\":\"https:\\\/\\\/chemgramx.com\\\/#\\\/schema\\\/logo\\\/image\\\/\",\"url\":\"https:\\\/\\\/chemgramx.com\\\/wp-content\\\/uploads\\\/2024\\\/10\\\/final-logo.png\",\"contentUrl\":\"https:\\\/\\\/chemgramx.com\\\/wp-content\\\/uploads\\\/2024\\\/10\\\/final-logo.png\",\"width\":250,\"height\":48,\"caption\":\"Chemgramx\"},\"image\":{\"@id\":\"https:\\\/\\\/chemgramx.com\\\/#\\\/schema\\\/logo\\\/image\\\/\"}}]}<\/script>\n<!-- \/ Yoast SEO plugin. -->","yoast_head_json":{"title":"Achetez du 7-ABF en ligne \u2013 7-ABF \u00e0 vendre | chemgramx","description":"Vous pouvez contacter notre boutique en ligne Chemgramx pour acheter du 7-abf en ligne. Vous pouvez l'acheter \u00e0 des prix abordables. Commandez d\u00e8s maintenant\u00a0!","robots":{"index":"index","follow":"follow","max-snippet":"max-snippet:-1","max-image-preview":"max-image-preview:large","max-video-preview":"max-video-preview:-1"},"canonical":"https:\/\/chemgramx.com\/fr\/produit\/acheter-7-abf-en-ligne\/","og_locale":"fr_FR","og_type":"article","og_title":"7-ABF online kaufen \u2013 7-ABF zu verkaufen | chemgramx","og_description":"Sie k\u00f6nnen mit unserem Chemgramx-Onlineshop Kontakt aufnehmen und 7-abf online kaufen. Sie k\u00f6nnen 7-abf zu g\u00fcnstigen Preisen kaufen. Jetzt bestellen!","og_url":"https:\/\/chemgramx.com\/fr\/produit\/acheter-7-abf-en-ligne\/","og_site_name":"Chemgramx","article_modified_time":"2025-12-10T07:21:33+00:00","og_image":[{"width":414,"height":369,"url":"https:\/\/chemgramx.com\/wp-content\/uploads\/2025\/11\/7-ABF.png","type":"image\/png"}],"twitter_card":"summary_large_image","twitter_misc":{"Dur\u00e9e de lecture estim\u00e9e":"2 minutes"},"schema":{"@context":"https:\/\/schema.org","@graph":[{"@type":"WebPage","@id":"https:\/\/chemgramx.com\/product\/7-abf-online-kaufen\/","url":"https:\/\/chemgramx.com\/product\/7-abf-online-kaufen\/","name":"Achetez du 7-ABF en ligne \u2013 7-ABF \u00e0 vendre | chemgramx","isPartOf":{"@id":"https:\/\/chemgramx.com\/#website"},"primaryImageOfPage":{"@id":"https:\/\/chemgramx.com\/product\/7-abf-online-kaufen\/#primaryimage"},"image":{"@id":"https:\/\/chemgramx.com\/product\/7-abf-online-kaufen\/#primaryimage"},"thumbnailUrl":"https:\/\/chemgramx.com\/wp-content\/uploads\/2025\/11\/7-ABF.png","datePublished":"2025-11-21T11:09:57+00:00","dateModified":"2025-12-10T07:21:33+00:00","description":"Vous pouvez contacter notre boutique en ligne Chemgramx pour acheter du 7-abf en ligne. Vous pouvez l'acheter \u00e0 des prix abordables. Commandez d\u00e8s maintenant\u00a0!","breadcrumb":{"@id":"https:\/\/chemgramx.com\/product\/7-abf-online-kaufen\/#breadcrumb"},"inLanguage":"fr-FR","potentialAction":[{"@type":"ReadAction","target":["https:\/\/chemgramx.com\/product\/7-abf-online-kaufen\/"]}]},{"@type":"ImageObject","inLanguage":"fr-FR","@id":"https:\/\/chemgramx.com\/product\/7-abf-online-kaufen\/#primaryimage","url":"https:\/\/chemgramx.com\/wp-content\/uploads\/2025\/11\/7-ABF.png","contentUrl":"https:\/\/chemgramx.com\/wp-content\/uploads\/2025\/11\/7-ABF.png","width":414,"height":369},{"@type":"BreadcrumbList","@id":"https:\/\/chemgramx.com\/product\/7-abf-online-kaufen\/#breadcrumb","itemListElement":[{"@type":"ListItem","position":1,"name":"Home","item":"https:\/\/chemgramx.com\/"},{"@type":"ListItem","position":2,"name":"Shop","item":"https:\/\/chemgramx.com\/shop\/"},{"@type":"ListItem","position":3,"name":"7-ABF Kaufen &#8211; Reinheit, Forschung"}]},{"@type":"WebSite","@id":"https:\/\/chemgramx.com\/#website","url":"https:\/\/chemgramx.com\/","name":"Chemgramx","description":"","publisher":{"@id":"https:\/\/chemgramx.com\/#organization"},"potentialAction":[{"@type":"SearchAction","target":{"@type":"EntryPoint","urlTemplate":"https:\/\/chemgramx.com\/?s={search_term_string}"},"query-input":{"@type":"PropertyValueSpecification","valueRequired":true,"valueName":"search_term_string"}}],"inLanguage":"fr-FR"},{"@type":"Organization","@id":"https:\/\/chemgramx.com\/#organization","name":"Chemgramx","url":"https:\/\/chemgramx.com\/","logo":{"@type":"ImageObject","inLanguage":"fr-FR","@id":"https:\/\/chemgramx.com\/#\/schema\/logo\/image\/","url":"https:\/\/chemgramx.com\/wp-content\/uploads\/2024\/10\/final-logo.png","contentUrl":"https:\/\/chemgramx.com\/wp-content\/uploads\/2024\/10\/final-logo.png","width":250,"height":48,"caption":"Chemgramx"},"image":{"@id":"https:\/\/chemgramx.com\/#\/schema\/logo\/image\/"}}]}},"_links":{"self":[{"href":"https:\/\/chemgramx.com\/fr\/wp-json\/wp\/v2\/product\/6866","targetHints":{"allow":["GET"]}}],"collection":[{"href":"https:\/\/chemgramx.com\/fr\/wp-json\/wp\/v2\/product"}],"about":[{"href":"https:\/\/chemgramx.com\/fr\/wp-json\/wp\/v2\/types\/product"}],"replies":[{"embeddable":true,"href":"https:\/\/chemgramx.com\/fr\/wp-json\/wp\/v2\/comments?post=6866"}],"wp:featuredmedia":[{"embeddable":true,"href":"https:\/\/chemgramx.com\/fr\/wp-json\/wp\/v2\/media\/6873"}],"wp:attachment":[{"href":"https:\/\/chemgramx.com\/fr\/wp-json\/wp\/v2\/media?parent=6866"}],"wp:term":[{"taxonomy":"product_brand","embeddable":true,"href":"https:\/\/chemgramx.com\/fr\/wp-json\/wp\/v2\/product_brand?post=6866"},{"taxonomy":"product_cat","embeddable":true,"href":"https:\/\/chemgramx.com\/fr\/wp-json\/wp\/v2\/product_cat?post=6866"},{"taxonomy":"product_tag","embeddable":true,"href":"https:\/\/chemgramx.com\/fr\/wp-json\/wp\/v2\/product_tag?post=6866"}],"curies":[{"name":"wp","href":"https:\/\/api.w.org\/{rel}","templated":true}]}}