{"id":687,"date":"2024-10-21T18:46:50","date_gmt":"2024-10-21T18:46:50","guid":{"rendered":"https:\/\/chemgramx.com\/?post_type=product&#038;p=687"},"modified":"2025-10-14T10:45:22","modified_gmt":"2025-10-14T10:45:22","slug":"2-cmc-2-chlormethcathinon","status":"publish","type":"product","link":"https:\/\/chemgramx.com\/fr\/produit\/2-cmc-2-chlormethcathinon\/","title":{"rendered":"Acheter 4-CMC (4-chlorom\u00e9thcathinone) en ligne"},"content":{"rendered":"<h2 data-start=\"512\" data-end=\"586\">Achetez du 2-CMC (2-Chlorm\u00e9thcathinone) en ligne aupr\u00e8s d'une source de recherche fiable<\/h2>\n<h3 data-start=\"588\" data-end=\"634\">Acheter 4-CMC (4-chlorom\u00e9thcathinone) en ligne<\/h3>\n<p data-start=\"636\" data-end=\"1020\">La 2-CMC (2-chlorom\u00e9thcathinone) est un compos\u00e9 synth\u00e9tique de la famille des cathinones. Stimulant, sa structure est apparent\u00e9e \u00e0 celle de la m\u00e9thcathinone et est utilis\u00e9e par les chercheurs et les personnes int\u00e9ress\u00e9es pour \u00e9tudier ses propri\u00e9t\u00e9s pharmacologiques. Aujourd'hui, les scientifiques et les laboratoires d\u00e9couvrent <a href=\"https:\/\/chemgramx.com\/fr\/produit\/2-cmc-2-chlormethcathinon\/\">2-CMC (2-Chlorm\u00e9thcathinone) \u00e0 vendre<\/a> aupr\u00e8s de fournisseurs en ligne sp\u00e9cialis\u00e9s.<\/p>\n<p data-start=\"1022\" data-end=\"1278\">S'agissant d'un produit chimique de recherche, la prudence est de mise. Toute personne souhaitant acheter du 2-CMC (2-chlorom\u00e9thcathinone) en ligne doit s'adresser uniquement \u00e0 des revendeurs agr\u00e9\u00e9s garantissant puret\u00e9, contr\u00f4le qualit\u00e9 et conformit\u00e9 l\u00e9gale.<\/p>\n<h3 data-start=\"1280\" data-end=\"1321\">Qu'est-ce que la 2-CMC (2-chlorom\u00e9thcathinone) ?<\/h3>\n<p data-start=\"1323\" data-end=\"1565\">Chimiquement, ordre 2-CMC (<a href=\"https:\/\/en.m.wikipedia.org\/wiki\/File:2-CMC_structure.png\">2-chlorom\u00e9thcathinone<\/a>) est un d\u00e9riv\u00e9 synth\u00e9tique de la cathinone dont la formule mol\u00e9culaire est C10H12ClNO. Il appartient \u00e0 la famille des b\u00eata-c\u00e9toamph\u00e9tamines et agit vraisemblablement en inhibant la recapture de la dopamine et de la noradr\u00e9naline.<\/p>\n<h3 data-start=\"1714\" data-end=\"1737\">Statut juridique<\/h3>\n<p data-start=\"1739\" data-end=\"2002\">En Allemagne, la vente de 2-CMC (2-chlorom\u00e9thcathinone) est soumise \u00e0 la loi allemande sur les stup\u00e9fiants (NpSG) et n'est donc pas autoris\u00e9e. La situation juridique varie consid\u00e9rablement d'un pays \u00e0 l'autre. Toute personne souhaitant acheter de la 2-CMC (2-chlorom\u00e9thcathinone) en ligne doit imp\u00e9rativement se renseigner sur la l\u00e9gislation locale.<\/p>\n<h3 data-start=\"2004\" data-end=\"2057\">Pourquoi acheter du 2-CMC (2-chlorom\u00e9thcathinone) en ligne ?<\/h3>\n<p data-start=\"2059\" data-end=\"2105\">Le march\u00e9 en ligne offre de nombreux avantages :<\/p>\n<ul data-start=\"2107\" data-end=\"2395\">\n<li data-start=\"2107\" data-end=\"2185\">\n<p data-start=\"2109\" data-end=\"2185\">Acc\u00e8s rapide et discret \u00e0 la vente de 2-CMC (2-Chlorm\u00e9thcathinone)<\/p>\n<\/li>\n<li data-start=\"2186\" data-end=\"2234\">\n<p data-start=\"2188\" data-end=\"2234\">Large choix de puret\u00e9s et de quantit\u00e9s<\/p>\n<\/li>\n<li data-start=\"2235\" data-end=\"2307\">\n<p data-start=\"2237\" data-end=\"2307\">Transparente Informationen zum 2-CMC (2-Chlormethcathinon) price<\/p>\n<\/li>\n<li data-start=\"2308\" data-end=\"2395\">\n<p data-start=\"2310\" data-end=\"2395\">Comment trouver le meilleur endroit pour acheter du 2-CMC (2-Chlorm\u00e9thcathinone) en ligne<\/p>\n<\/li>\n<\/ul>\n<h3 data-start=\"2397\" data-end=\"2439\">Risques et avantages des achats en ligne<\/h3>\n<p data-start=\"2441\" data-end=\"2456\">Avantages :<\/p>\n<ul data-start=\"2457\" data-end=\"2570\">\n<li data-start=\"2457\" data-end=\"2496\">\n<p data-start=\"2459\" data-end=\"2496\">Flexibilit\u00e9 dans les quantit\u00e9s et les prix<\/p>\n<\/li>\n<li data-start=\"2497\" data-end=\"2541\">\n<p data-start=\"2499\" data-end=\"2541\">Certificats d'analyse comme preuve de qualit\u00e9<\/p>\n<\/li>\n<li data-start=\"2542\" data-end=\"2570\">\n<p data-start=\"2544\" data-end=\"2570\">Processus de commande simples<\/p>\n<\/li>\n<\/ul>\n<p data-start=\"2572\" data-end=\"2586\">Risques :<\/p>\n<ul data-start=\"2587\" data-end=\"2720\">\n<li data-start=\"2587\" data-end=\"2636\">\n<p data-start=\"2589\" data-end=\"2636\">Fournisseurs peu fiables et de qualit\u00e9 douteuse<\/p>\n<\/li>\n<li data-start=\"2637\" data-end=\"2676\">\n<p data-start=\"2639\" data-end=\"2676\">Incertitude juridique lors de l'importation<\/p>\n<\/li>\n<li data-start=\"2677\" data-end=\"2720\">\n<p data-start=\"2679\" data-end=\"2720\">Stockage ou \u00e9tiquetage inad\u00e9quat<\/p>\n<\/li>\n<\/ul>\n<h3 data-start=\"2722\" data-end=\"2767\">Comment reconna\u00eetre un fournisseur r\u00e9put\u00e9 ?<\/h3>\n<p data-start=\"2769\" data-end=\"2865\">Si vous vous demandez o\u00f9 acheter du 2-CMC (2-chlorom\u00e9thcathinone), vous devez tenir compte des points suivants :<\/p>\n<ul data-start=\"2867\" data-end=\"3101\">\n<li data-start=\"2867\" data-end=\"2904\">\n<p data-start=\"2869\" data-end=\"2904\">Informations transparentes sur les produits<\/p>\n<\/li>\n<li data-start=\"2905\" data-end=\"2953\">\n<p data-start=\"2907\" data-end=\"2953\">Disponibilit\u00e9 des certificats d'analyse (CoA)<\/p>\n<\/li>\n<li data-start=\"2954\" data-end=\"3007\">\n<p data-start=\"2956\" data-end=\"3007\">Avis clients positifs et commentaires de la communaut\u00e9<\/p>\n<\/li>\n<li data-start=\"3008\" data-end=\"3101\">\n<p data-start=\"3010\" data-end=\"3101\">Pas de prix irr\u00e9aliste pour le 2-CMC (2-chlorom\u00e9thcathinone) sans preuve d'origine<\/p>\n<\/li>\n<\/ul>\n<p data-start=\"3103\" data-end=\"3220\">Les avis des utilisateurs sur les forums aident \u00e0 identifier le meilleur endroit pour acheter du 2-CMC (2-chlorom\u00e9thcathinone) en ligne.<\/p>\n<h3 data-start=\"3222\" data-end=\"3263\">Consid\u00e9rations juridiques et \u00e9thiques<\/h3>\n<p data-start=\"3265\" data-end=\"3503\">Ce n'est pas parce que vous pouvez acheter de la 2-CMC (2-chlorom\u00e9thcathinone) en ligne qu'elle est l\u00e9gale dans votre pays. Il est de la responsabilit\u00e9 des acheteurs de se conformer \u00e0 la l\u00e9gislation locale et de n'utiliser cette substance qu'\u00e0 des fins de recherche.<\/p>\n<h3 data-start=\"3505\" data-end=\"3515\">Conclusion<\/h3>\n<p data-start=\"3517\" data-end=\"3974\">Acheter du 2-CMC (2-chlorom\u00e9thcathinone) en ligne aupr\u00e8s d'une source fiable est int\u00e9ressant pour la recherche, mais n\u00e9cessite une s\u00e9lection rigoureuse du fournisseur. Toute personne souhaitant commander du 2-CMC (2-chlorom\u00e9thcathinone) doit v\u00e9rifier le cadre juridique, garantir la qualit\u00e9 gr\u00e2ce \u00e0 des certificats d'analyse (CA) et s'adresser \u00e0 des revendeurs r\u00e9put\u00e9s. Ainsi, vous pourrez trouver le 2-CMC (2-chlorom\u00e9thcathinone) \u00e0 un prix \u00e9quitable et soutenir la recherche de mani\u00e8re s\u00fbre et responsable.<\/p>","protected":false},"excerpt":{"rendered":"<p><strong>2-CMC (2-chlorom\u00e9thcathinone)<\/strong> est un d\u00e9riv\u00e9 synth\u00e9tique de la cathinone, qui appartient \u00e0 la classe des cathinones. Il est souvent consid\u00e9r\u00e9 comme un produit chimique de recherche et a gagn\u00e9 en popularit\u00e9 sur la sc\u00e8ne des drogues r\u00e9cr\u00e9atives. Ce guide fournit un aper\u00e7u d\u00e9taill\u00e9 de la 2-CMC, y compris sa structure chimique, ses effets, ses risques et son statut juridique.<\/p>\n<h3>Structure chimique et formule<\/h3>\n<ul>\n<li><strong>Formule chimique :<\/strong> C\u2081\u2082H\u2081\u2084ClNO<\/li>\n<li><strong>Nom IUPAC :<\/strong> 1-(3-chloroph\u00e9nyl)-2-(m\u00e9thylamino)propan-1-one<\/li>\n<li><strong>Num\u00e9ro CAS :<\/strong> 570-98-0<\/li>\n<\/ul>","protected":false},"featured_media":688,"comment_status":"open","ping_status":"closed","template":"","meta":{"_joinchat":[]},"product_brand":[],"product_cat":[48],"product_tag":[521,520,540,532,541,529,545,544,527,530,533,528,538,531,543,535,534,542,536,539,537,249,292,522,251,526,524,525,250,248,523],"class_list":{"0":"post-687","1":"product","2":"type-product","3":"status-publish","4":"has-post-thumbnail","6":"product_cat-stimulants","7":"product_tag-2-chloromethcathinone","8":"product_tag-2-cmc","9":"product_tag-2-cmc-analyse","10":"product_tag-2-cmc-anwendung","11":"product_tag-2-cmc-chemie","12":"product_tag-2-cmc-forschung","13":"product_tag-2-cmc-forschungslabor","14":"product_tag-2-cmc-groshandel","15":"product_tag-2-cmc-kaufen","16":"product_tag-2-cmc-labor","17":"product_tag-2-cmc-lagerung","18":"product_tag-2-cmc-lieferant","19":"product_tag-2-cmc-markt","20":"product_tag-2-cmc-preis","21":"product_tag-2-cmc-referenzmaterial","22":"product_tag-2-cmc-risiken","23":"product_tag-2-cmc-sicherheit","24":"product_tag-2-cmc-substanz","25":"product_tag-2-cmc-verfugbarkeit","26":"product_tag-2-cmc-vertrieb","27":"product_tag-2-cmc-vorschriften","28":"product_tag-amphetamin-derivate","29":"product_tag-cathinone","30":"product_tag-chemische-formel-2-cmc","31":"product_tag-gesundheitliche-risiken","32":"product_tag-gesundheitliche-risiken2-cmc","33":"product_tag-rechtlicher-status-2-cmc","34":"product_tag-risiken-2-cmc","35":"product_tag-suchtgefahr","36":"product_tag-synthetische-stimulanzien","37":"product_tag-wirkungen-von-2-cmc","39":"first","40":"instock","41":"shipping-taxable","42":"purchasable","43":"product-type-variable"},"yoast_head":"<!-- This site is optimized with the Yoast SEO plugin v26.1.1 - https:\/\/yoast.com\/wordpress\/plugins\/seo\/ -->\n<title>2-CMC (2-Chlormethcathinon) online kaufen | chemgramx<\/title>\n<meta name=\"description\" content=\"Entdecken Sie erstklassiges 2-cmc (2-Chlormethcathinon) zum Verkauf in unserem Online-Shop. 2-cmc (2-Chlormethcathinon) bequem und sicher Kaufen , um Ihre Forschung voranzutreiben. Entdecken und 2-cmc (2-Chlormethcathinon) online Kaufen und bringen Sie Ihre wissenschaftlichen Bem\u00fchungen mit Leichtigkeit voran. Jetzt bestellen!\" \/>\n<meta name=\"robots\" content=\"index, follow, max-snippet:-1, max-image-preview:large, max-video-preview:-1\" \/>\n<link rel=\"canonical\" href=\"https:\/\/chemgramx.com\/fr\/produit\/2-cmc-2-chlormethcathinon\/\" \/>\n<meta property=\"og:locale\" content=\"fr_FR\" \/>\n<meta property=\"og:type\" content=\"article\" \/>\n<meta property=\"og:title\" content=\"2-CMC (2-Chlormethcathinon) online kaufen | chemgramx\" \/>\n<meta property=\"og:description\" content=\"Entdecken Sie erstklassiges 2-cmc (2-Chlormethcathinon) zum Verkauf in unserem Online-Shop. 2-cmc (2-Chlormethcathinon) bequem und sicher Kaufen , um Ihre Forschung voranzutreiben. Entdecken und 2-cmc (2-Chlormethcathinon) online Kaufen und bringen Sie Ihre wissenschaftlichen Bem\u00fchungen mit Leichtigkeit voran. Jetzt bestellen!\" \/>\n<meta property=\"og:url\" content=\"https:\/\/chemgramx.com\/fr\/produit\/2-cmc-2-chlormethcathinon\/\" \/>\n<meta property=\"og:site_name\" content=\"Chemgramx\" \/>\n<meta property=\"article:modified_time\" content=\"2025-10-14T10:45:22+00:00\" \/>\n<meta property=\"og:image\" content=\"https:\/\/chemgramx.com\/wp-content\/uploads\/2024\/10\/2-CMC.png\" \/>\n\t<meta property=\"og:image:width\" content=\"802\" \/>\n\t<meta property=\"og:image:height\" content=\"699\" \/>\n\t<meta property=\"og:image:type\" content=\"image\/png\" \/>\n<meta name=\"twitter:card\" content=\"summary_large_image\" \/>\n<meta name=\"twitter:label1\" content=\"Dur\u00e9e de lecture estim\u00e9e\" \/>\n\t<meta name=\"twitter:data1\" content=\"2 minutes\" \/>\n<script type=\"application\/ld+json\" class=\"yoast-schema-graph\">{\"@context\":\"https:\/\/schema.org\",\"@graph\":[{\"@type\":\"WebPage\",\"@id\":\"https:\/\/chemgramx.com\/product\/2-cmc-2-chlormethcathinon\/\",\"url\":\"https:\/\/chemgramx.com\/product\/2-cmc-2-chlormethcathinon\/\",\"name\":\"2-CMC (2-Chlormethcathinon) online kaufen | chemgramx\",\"isPartOf\":{\"@id\":\"https:\/\/chemgramx.com\/#website\"},\"primaryImageOfPage\":{\"@id\":\"https:\/\/chemgramx.com\/product\/2-cmc-2-chlormethcathinon\/#primaryimage\"},\"image\":{\"@id\":\"https:\/\/chemgramx.com\/product\/2-cmc-2-chlormethcathinon\/#primaryimage\"},\"thumbnailUrl\":\"https:\/\/chemgramx.com\/wp-content\/uploads\/2024\/10\/2-CMC.png\",\"datePublished\":\"2024-10-21T18:46:50+00:00\",\"dateModified\":\"2025-10-14T10:45:22+00:00\",\"description\":\"Entdecken Sie erstklassiges 2-cmc (2-Chlormethcathinon) zum Verkauf in unserem Online-Shop. 2-cmc (2-Chlormethcathinon) bequem und sicher Kaufen , um Ihre Forschung voranzutreiben. Entdecken und 2-cmc (2-Chlormethcathinon) online Kaufen und bringen Sie Ihre wissenschaftlichen Bem\u00fchungen mit Leichtigkeit voran. Jetzt bestellen!\",\"breadcrumb\":{\"@id\":\"https:\/\/chemgramx.com\/product\/2-cmc-2-chlormethcathinon\/#breadcrumb\"},\"inLanguage\":\"fr-FR\",\"potentialAction\":[{\"@type\":\"ReadAction\",\"target\":[\"https:\/\/chemgramx.com\/product\/2-cmc-2-chlormethcathinon\/\"]}]},{\"@type\":\"ImageObject\",\"inLanguage\":\"fr-FR\",\"@id\":\"https:\/\/chemgramx.com\/product\/2-cmc-2-chlormethcathinon\/#primaryimage\",\"url\":\"https:\/\/chemgramx.com\/wp-content\/uploads\/2024\/10\/2-CMC.png\",\"contentUrl\":\"https:\/\/chemgramx.com\/wp-content\/uploads\/2024\/10\/2-CMC.png\",\"width\":802,\"height\":699,\"caption\":\"2-CMC (2-Chlormethcathinon) online kaufen\"},{\"@type\":\"BreadcrumbList\",\"@id\":\"https:\/\/chemgramx.com\/product\/2-cmc-2-chlormethcathinon\/#breadcrumb\",\"itemListElement\":[{\"@type\":\"ListItem\",\"position\":1,\"name\":\"Home\",\"item\":\"https:\/\/chemgramx.com\/\"},{\"@type\":\"ListItem\",\"position\":2,\"name\":\"Shop\",\"item\":\"https:\/\/chemgramx.com\/shop\/\"},{\"@type\":\"ListItem\",\"position\":3,\"name\":\"2-CMC (2-Chlormethcathinon) Online Kaufen\"}]},{\"@type\":\"WebSite\",\"@id\":\"https:\/\/chemgramx.com\/#website\",\"url\":\"https:\/\/chemgramx.com\/\",\"name\":\"Chemgramx\",\"description\":\"\",\"publisher\":{\"@id\":\"https:\/\/chemgramx.com\/#organization\"},\"potentialAction\":[{\"@type\":\"SearchAction\",\"target\":{\"@type\":\"EntryPoint\",\"urlTemplate\":\"https:\/\/chemgramx.com\/?s={search_term_string}\"},\"query-input\":{\"@type\":\"PropertyValueSpecification\",\"valueRequired\":true,\"valueName\":\"search_term_string\"}}],\"inLanguage\":\"fr-FR\"},{\"@type\":\"Organization\",\"@id\":\"https:\/\/chemgramx.com\/#organization\",\"name\":\"Chemgramx\",\"url\":\"https:\/\/chemgramx.com\/\",\"logo\":{\"@type\":\"ImageObject\",\"inLanguage\":\"fr-FR\",\"@id\":\"https:\/\/chemgramx.com\/#\/schema\/logo\/image\/\",\"url\":\"https:\/\/chemgramx.com\/wp-content\/uploads\/2024\/10\/final-logo.png\",\"contentUrl\":\"https:\/\/chemgramx.com\/wp-content\/uploads\/2024\/10\/final-logo.png\",\"width\":250,\"height\":48,\"caption\":\"Chemgramx\"},\"image\":{\"@id\":\"https:\/\/chemgramx.com\/#\/schema\/logo\/image\/\"}}]}<\/script>\n<!-- \/ Yoast SEO plugin. -->","yoast_head_json":{"title":"Acheter 2-CMC (2-Chlormethcathinon) en ligne | chemgramx","description":"Ontdek premium 2-cmc (2-chloormethcathinon) te koop in onze online winkel. Koop 2-cmc (2-chloormethcathinon) gemakkelijk en veilig om uw onderzoek vooruit te helpen. Ontdek en koop 2-cmc (2-chloormethcathinon) online en help uw wetenschappelijke inspanningen met gemak vooruit. Bestel nu!","robots":{"index":"index","follow":"follow","max-snippet":"max-snippet:-1","max-image-preview":"max-image-preview:large","max-video-preview":"max-video-preview:-1"},"canonical":"https:\/\/chemgramx.com\/fr\/produit\/2-cmc-2-chlormethcathinon\/","og_locale":"fr_FR","og_type":"article","og_title":"2-CMC (2-Chlormethcathinon) online kaufen | chemgramx","og_description":"Entdecken Sie erstklassiges 2-cmc (2-Chlormethcathinon) zum Verkauf in unserem Online-Shop. 2-cmc (2-Chlormethcathinon) bequem und sicher Kaufen , um Ihre Forschung voranzutreiben. Entdecken und 2-cmc (2-Chlormethcathinon) online Kaufen und bringen Sie Ihre wissenschaftlichen Bem\u00fchungen mit Leichtigkeit voran. Jetzt bestellen!","og_url":"https:\/\/chemgramx.com\/fr\/produit\/2-cmc-2-chlormethcathinon\/","og_site_name":"Chemgramx","article_modified_time":"2025-10-14T10:45:22+00:00","og_image":[{"width":802,"height":699,"url":"https:\/\/chemgramx.com\/wp-content\/uploads\/2024\/10\/2-CMC.png","type":"image\/png"}],"twitter_card":"summary_large_image","twitter_misc":{"Dur\u00e9e de lecture estim\u00e9e":"2 minutes"},"schema":{"@context":"https:\/\/schema.org","@graph":[{"@type":"WebPage","@id":"https:\/\/chemgramx.com\/product\/2-cmc-2-chlormethcathinon\/","url":"https:\/\/chemgramx.com\/product\/2-cmc-2-chlormethcathinon\/","name":"Acheter 2-CMC (2-Chlormethcathinon) en ligne | chemgramx","isPartOf":{"@id":"https:\/\/chemgramx.com\/#website"},"primaryImageOfPage":{"@id":"https:\/\/chemgramx.com\/product\/2-cmc-2-chlormethcathinon\/#primaryimage"},"image":{"@id":"https:\/\/chemgramx.com\/product\/2-cmc-2-chlormethcathinon\/#primaryimage"},"thumbnailUrl":"https:\/\/chemgramx.com\/wp-content\/uploads\/2024\/10\/2-CMC.png","datePublished":"2024-10-21T18:46:50+00:00","dateModified":"2025-10-14T10:45:22+00:00","description":"Ontdek premium 2-cmc (2-chloormethcathinon) te koop in onze online winkel. Koop 2-cmc (2-chloormethcathinon) gemakkelijk en veilig om uw onderzoek vooruit te helpen. Ontdek en koop 2-cmc (2-chloormethcathinon) online en help uw wetenschappelijke inspanningen met gemak vooruit. Bestel nu!","breadcrumb":{"@id":"https:\/\/chemgramx.com\/product\/2-cmc-2-chlormethcathinon\/#breadcrumb"},"inLanguage":"fr-FR","potentialAction":[{"@type":"ReadAction","target":["https:\/\/chemgramx.com\/product\/2-cmc-2-chlormethcathinon\/"]}]},{"@type":"ImageObject","inLanguage":"fr-FR","@id":"https:\/\/chemgramx.com\/product\/2-cmc-2-chlormethcathinon\/#primaryimage","url":"https:\/\/chemgramx.com\/wp-content\/uploads\/2024\/10\/2-CMC.png","contentUrl":"https:\/\/chemgramx.com\/wp-content\/uploads\/2024\/10\/2-CMC.png","width":802,"height":699,"caption":"2-CMC (2-Chlormethcathinon) online kaufen"},{"@type":"BreadcrumbList","@id":"https:\/\/chemgramx.com\/product\/2-cmc-2-chlormethcathinon\/#breadcrumb","itemListElement":[{"@type":"ListItem","position":1,"name":"Home","item":"https:\/\/chemgramx.com\/"},{"@type":"ListItem","position":2,"name":"Shop","item":"https:\/\/chemgramx.com\/shop\/"},{"@type":"ListItem","position":3,"name":"2-CMC (2-Chlormethcathinon) Online Kaufen"}]},{"@type":"WebSite","@id":"https:\/\/chemgramx.com\/#website","url":"https:\/\/chemgramx.com\/","name":"Chemgramx","description":"","publisher":{"@id":"https:\/\/chemgramx.com\/#organization"},"potentialAction":[{"@type":"SearchAction","target":{"@type":"EntryPoint","urlTemplate":"https:\/\/chemgramx.com\/?s={search_term_string}"},"query-input":{"@type":"PropertyValueSpecification","valueRequired":true,"valueName":"search_term_string"}}],"inLanguage":"fr-FR"},{"@type":"Organization","@id":"https:\/\/chemgramx.com\/#organization","name":"Chemgramx","url":"https:\/\/chemgramx.com\/","logo":{"@type":"ImageObject","inLanguage":"fr-FR","@id":"https:\/\/chemgramx.com\/#\/schema\/logo\/image\/","url":"https:\/\/chemgramx.com\/wp-content\/uploads\/2024\/10\/final-logo.png","contentUrl":"https:\/\/chemgramx.com\/wp-content\/uploads\/2024\/10\/final-logo.png","width":250,"height":48,"caption":"Chemgramx"},"image":{"@id":"https:\/\/chemgramx.com\/#\/schema\/logo\/image\/"}}]}},"_links":{"self":[{"href":"https:\/\/chemgramx.com\/fr\/wp-json\/wp\/v2\/product\/687","targetHints":{"allow":["GET"]}}],"collection":[{"href":"https:\/\/chemgramx.com\/fr\/wp-json\/wp\/v2\/product"}],"about":[{"href":"https:\/\/chemgramx.com\/fr\/wp-json\/wp\/v2\/types\/product"}],"replies":[{"embeddable":true,"href":"https:\/\/chemgramx.com\/fr\/wp-json\/wp\/v2\/comments?post=687"}],"wp:featuredmedia":[{"embeddable":true,"href":"https:\/\/chemgramx.com\/fr\/wp-json\/wp\/v2\/media\/688"}],"wp:attachment":[{"href":"https:\/\/chemgramx.com\/fr\/wp-json\/wp\/v2\/media?parent=687"}],"wp:term":[{"taxonomy":"product_brand","embeddable":true,"href":"https:\/\/chemgramx.com\/fr\/wp-json\/wp\/v2\/product_brand?post=687"},{"taxonomy":"product_cat","embeddable":true,"href":"https:\/\/chemgramx.com\/fr\/wp-json\/wp\/v2\/product_cat?post=687"},{"taxonomy":"product_tag","embeddable":true,"href":"https:\/\/chemgramx.com\/fr\/wp-json\/wp\/v2\/product_tag?post=687"}],"curies":[{"name":"wp","href":"https:\/\/api.w.org\/{rel}","templated":true}]}}