{"id":690,"date":"2024-10-21T19:10:55","date_gmt":"2024-10-21T19:10:55","guid":{"rendered":"https:\/\/chemgramx.com\/?post_type=product&#038;p=690"},"modified":"2025-10-14T10:48:34","modified_gmt":"2025-10-14T10:48:34","slug":"2-mmc-2-methylmethcathinon","status":"publish","type":"product","link":"https:\/\/chemgramx.com\/fr\/produit\/2-mmc-2-methylmethcathinon\/","title":{"rendered":"Acheter du 2-MMC (2-m\u00e9thylm\u00e9thcathinone) en ligne"},"content":{"rendered":"<h2 data-start=\"338\" data-end=\"390\">Achetez du 2-MMC en ligne aupr\u00e8s d'une source de recherche fiable<\/h2>\n<h3 data-start=\"392\" data-end=\"470\">Acheter du 2-MMC (2-m\u00e9thylm\u00e9thcathinone) en ligne\u00a0: tout ce que vous devez savoir<\/h3>\n<p data-start=\"472\" data-end=\"834\">Buy 2-MMC (2-Methylmethcathinon) ist eine synthetische Substanz aus der Klasse der Cathinone, die strukturell eng mit Mephedron (4-MMC) und 3-MMC verwandt ist. Sie wurde erstmals 2014 in Schweden identifiziert und hat sich seitdem in mehreren europ\u00e4ischen L\u00e4ndern verbreitet. Heute finden Forscher weltweit <a href=\"https:\/\/chemgramx.com\/fr\/produit\/2-mmc-2-methylmethcathinon\/\">2-MMC \u00e0 vendre<\/a> bei spezialisierten Anbietern.<\/p>\n<h3 data-start=\"836\" data-end=\"869\">Pourquoi les gens ach\u00e8tent-ils du 2-MMC ?<\/h3>\n<p data-start=\"871\" data-end=\"1226\">Les chercheurs et les laboratoires optent de plus en plus pour l'achat de 2-MMC en ligne afin d'\u00e9tudier scientifiquement ses propri\u00e9t\u00e9s stimulantes et potentiellement euphorisantes. Les t\u00e9moignages d'utilisateurs font \u00e9tat d'une augmentation de l'\u00e9nergie, d'une meilleure concentration et d'une meilleure attention. Si vous vous demandez o\u00f9 acheter de la 2-MMC, il est conseill\u00e9 de toujours vous fier \u00e0 des sources v\u00e9rifi\u00e9es.<\/p>\n<h3 data-start=\"1228\" data-end=\"1270\">Qu'est-ce que la 2-MMC (2-m\u00e9thylm\u00e9thcathinone) ?<\/h3>\n<p data-start=\"1272\" data-end=\"1517\">Chemisch handelt es sich bei <a href=\"https:\/\/en.wikipedia.org\/wiki\/2-Methylmethcathinone\">ordre 2-MMC<\/a> Il s'agit d'un d\u00e9riv\u00e9 fluor\u00e9 de la m\u00e9thcathinone de formule C11H15NO. C'est un isom\u00e8re structural de la 3-MMC et de la 4-MMC, similaires par leur structure de base, mais poss\u00e9dant des propri\u00e9t\u00e9s pharmacologiques distinctes.<\/p>\n<h3 data-start=\"1519\" data-end=\"1551\">Utilisations courantes :<\/h3>\n<ul data-start=\"1552\" data-end=\"1725\">\n<li data-start=\"1552\" data-end=\"1635\">\n<p data-start=\"1554\" data-end=\"1635\">Recherche : \u00c9tudes neuropharmacologiques sur l'activit\u00e9 de la dopamine et de la noradr\u00e9naline<\/p>\n<\/li>\n<li data-start=\"1636\" data-end=\"1725\">\n<p data-start=\"1638\" data-end=\"1725\">Exploration psychoactive : Rapports d'augmentation d'\u00e9nergie et de concentration am\u00e9lior\u00e9e<\/p>\n<\/li>\n<\/ul>\n<h3 data-start=\"1727\" data-end=\"1750\">Statut juridique<\/h3>\n<p data-start=\"1752\" data-end=\"2013\">In Deutschland f\u00e4llt 2-MMC for sale unter das NpSG, was Besitz, Handel und Herstellung untersagt. In anderen L\u00e4ndern ist die Lage unterschiedlich. Wer buy 2-MMC online m\u00f6chte, sollte unbedingt vorab die rechtlichen Bestimmungen im eigenen Land pr\u00fcfen.<\/p>\n<h3 data-start=\"2015\" data-end=\"2046\">Pourquoi acheter 2-MMC en ligne ?<\/h3>\n<p data-start=\"2048\" data-end=\"2156\">Le march\u00e9 en ligne rend l'achat de 2-MMC particuli\u00e8rement attractif. L'acc\u00e8s aux boutiques internationales offre\u00a0:<\/p>\n<ul data-start=\"2158\" data-end=\"2343\">\n<li data-start=\"2158\" data-end=\"2204\">\n<p data-start=\"2160\" data-end=\"2204\">Diskrete Bestellung von 2-MMC zu verkaufen<\/p>\n<\/li>\n<li data-start=\"2205\" data-end=\"2243\">\n<p data-start=\"2207\" data-end=\"2243\">Quantit\u00e9s et niveaux de puret\u00e9 flexibles<\/p>\n<\/li>\n<li data-start=\"2244\" data-end=\"2284\">\n<p data-start=\"2246\" data-end=\"2284\">Informations transparentes sur les prix du 2-MMC<\/p>\n<\/li>\n<li data-start=\"2285\" data-end=\"2343\">\n<p data-start=\"2287\" data-end=\"2343\">Possibilit\u00e9 de comparer directement les prix et les prestataires<\/p>\n<\/li>\n<\/ul>\n<p data-start=\"2345\" data-end=\"2446\">De nombreux chercheurs pr\u00e9f\u00e8rent le trading en ligne car il ouvre le meilleur endroit pour acheter du 2-MMC en ligne.<\/p>\n<h3 data-start=\"2448\" data-end=\"2473\">Risques et avantages<\/h3>\n<p data-start=\"2475\" data-end=\"2490\">Avantages :<\/p>\n<ul data-start=\"2491\" data-end=\"2589\">\n<li data-start=\"2491\" data-end=\"2523\">\n<p data-start=\"2493\" data-end=\"2523\">Disponibilit\u00e9 internationale<\/p>\n<\/li>\n<li data-start=\"2524\" data-end=\"2557\">\n<p data-start=\"2526\" data-end=\"2557\">Substances certifi\u00e9es en laboratoire<\/p>\n<\/li>\n<li data-start=\"2558\" data-end=\"2589\">\n<p data-start=\"2560\" data-end=\"2589\">Preisvergleich vor dem Kauf<\/p>\n<\/li>\n<\/ul>\n<p data-start=\"2591\" data-end=\"2605\">Risques :<\/p>\n<ul data-start=\"2606\" data-end=\"2711\">\n<li data-start=\"2606\" data-end=\"2643\">\n<p data-start=\"2608\" data-end=\"2643\">Fournisseurs peu fiables sans preuve<\/p>\n<\/li>\n<li data-start=\"2644\" data-end=\"2673\">\n<p data-start=\"2646\" data-end=\"2673\">Incertitudes juridiques<\/p>\n<\/li>\n<li data-start=\"2674\" data-end=\"2711\">\n<p data-start=\"2676\" data-end=\"2711\">Produits potentiellement contamin\u00e9s<\/p>\n<\/li>\n<\/ul>\n<h3 data-start=\"2713\" data-end=\"2757\">Wie findet man einen seri\u00f6sen Anbieter?<\/h3>\n<p data-start=\"2759\" data-end=\"2860\">Si vous souhaitez acheter du 2-MMC en ligne aupr\u00e8s d'une source de recherche fiable, vous devez pr\u00eater attention \u00e0 des crit\u00e8res clairs :<\/p>\n<ul data-start=\"2862\" data-end=\"3070\">\n<li data-start=\"2862\" data-end=\"2909\">\n<p data-start=\"2864\" data-end=\"2909\">Disponibilit\u00e9 des certificats d'analyse (CoA)<\/p>\n<\/li>\n<li data-start=\"2910\" data-end=\"2959\">\n<p data-start=\"2912\" data-end=\"2959\">Informations transparentes sur le prix du 2-MMC<\/p>\n<\/li>\n<li data-start=\"2960\" data-end=\"3006\">\n<p data-start=\"2962\" data-end=\"3006\">Avis r\u00e9els de clients et de chercheurs<\/p>\n<\/li>\n<li data-start=\"3007\" data-end=\"3070\">\n<p data-start=\"3009\" data-end=\"3070\">Aucune offre irr\u00e9aliste \u00e0 bas prix sans preuve d'origine<\/p>\n<\/li>\n<\/ul>\n<p data-start=\"3072\" data-end=\"3199\">Les commentaires de la communaut\u00e9, les tests en laboratoire et la v\u00e9rification de la puret\u00e9 aident \u00e0 identifier le meilleur fournisseur pour les achats en ligne de 2-MMC.<\/p>\n<h3 data-start=\"3201\" data-end=\"3211\">Conclusion<\/h3>\n<p data-start=\"3213\" data-end=\"3592\">2-MMC zu verkaufen ist eine interessante Forschungschemikalie mit gro\u00dfem Potenzial. Wer 2-MMC bestellen oder 2-MMC online kaufen m\u00f6chte, sollte stets auf gepr\u00fcfte Qualit\u00e4t, rechtliche Sicherheit und seri\u00f6se H\u00e4ndler achten. Mit sorgf\u00e4ltiger Recherche l\u00e4sst sich der best place to 2-MMC online kaufen finden, um hochwertige Produkte zu einem fairen 2-MMC price zu erwerben.<\/p>","protected":false},"excerpt":{"rendered":"<p>2-MMC, auch bekannt als 2-Methylmethcathinon, ist eine Forschungschemikalie aus der Cathinon-Familie. Es ist strukturell mit Methcathinon verwandt, enth\u00e4lt jedoch eine Methylgruppe, die seine chemischen Eigenschaften und pharmakologischen Effekte beeinflusst. 2-MMC wird h\u00e4ufig in Neurowissenschaften, Pharmakologie und chemischen Experimenten untersucht.<\/p>\n<h3><strong>Formule et structure<\/strong><\/h3>\n<ul>\n<li><strong>Formule chimique<\/strong>C11H15NO<\/li>\n<li><strong>Poids mol\u00e9culaire<\/strong>177,24 g\/mol<\/li>\n<li><strong>Propri\u00e9t\u00e9s chimiques<\/strong>: Die zus\u00e4tzliche Methylgruppe erh\u00f6ht die Stabilit\u00e4t und ver\u00e4ndert die Interaktion mit Neurotransmitter-Rezeptoren, was 2-MMC von anderen Cathinon-Derivaten unterscheidet.<\/li>\n<\/ul>\n<h3><strong>Dur\u00e9e et effets<\/strong><\/h3>\n<p>Die Wirkung von 2-MMC h\u00e4lt typischerweise <strong>4 \u00e0 6 heures<\/strong> an, abh\u00e4ngig von der Dosierung und individuellen Faktoren:<\/p>\n<ul>\n<li><strong>D\u00e9but de l'effet<\/strong>20 \u00e0 40 minutes.<\/li>\n<li><strong>Point culminant<\/strong>1,5 \u00e0 3 heures.<\/li>\n<li><strong>R\u00e9percussions<\/strong>: Mildes Abklingen der Effekte \u00fcber 1 bis 3 Stunden.<\/li>\n<\/ul>","protected":false},"featured_media":691,"comment_status":"open","ping_status":"closed","template":"","meta":{"_joinchat":[]},"product_brand":[],"product_cat":[48],"product_tag":[1196,287,286,306,298,1211,1208,1216,1204,295,1201,1202,1198,293,296,299,1214,294,304,1209,1212,1197,1203,297,301,1213,300,302,1217,305,303,1215,249,292,288,1199,251,1200,1210,1205,1207,290,291,1206,250,248,289],"class_list":{"0":"post-690","1":"product","2":"type-product","3":"status-publish","4":"has-post-thumbnail","6":"product_cat-stimulants","7":"product_tag-2-methylmethcathinon-bestellen","8":"product_tag-2-methylmethcathinone","9":"product_tag-2-mmc","10":"product_tag-2-mmc-analyse","11":"product_tag-2-mmc-anwendung","12":"product_tag-2-mmc-bestellen","13":"product_tag-2-mmc-bulk-bestellung","14":"product_tag-2-mmc-chemikalie","15":"product_tag-2-mmc-experimente","16":"product_tag-2-mmc-forschung","17":"product_tag-2-mmc-forschung-chemikalie","18":"product_tag-2-mmc-fur-neurowissenschaftliche-studien","19":"product_tag-2-mmc-groshandel","20":"product_tag-2-mmc-kaufen","21":"product_tag-2-mmc-labor","22":"product_tag-2-mmc-lagerung","23":"product_tag-2-mmc-legal","24":"product_tag-2-mmc-lieferant","25":"product_tag-2-mmc-markt","26":"product_tag-2-mmc-marktanalyse","27":"product_tag-2-mmc-online","28":"product_tag-2-mmc-online-bestellen","29":"product_tag-2-mmc-pharmazeutische-forschung","30":"product_tag-2-mmc-preis","31":"product_tag-2-mmc-risiken","32":"product_tag-2-mmc-sicher","33":"product_tag-2-mmc-sicherheit","34":"product_tag-2-mmc-verfugbarkeit","35":"product_tag-2-mmc-versand","36":"product_tag-2-mmc-vertrieb","37":"product_tag-2-mmc-vorschriften","38":"product_tag-2mmc-gunstig","39":"product_tag-amphetamin-derivate","40":"product_tag-cathinone","41":"product_tag-chemische-formel-2-mmc","42":"product_tag-forschung-chemikalien-2-mmc","43":"product_tag-gesundheitliche-risiken","44":"product_tag-hochwertige-2-mmc-kaufen","45":"product_tag-innovative-2-mmc-forschung","46":"product_tag-laborqualitat-2-mmc","47":"product_tag-legaler-2-mmc-anbieter","48":"product_tag-rechtlicher-status-2-mmc","49":"product_tag-risiken-2-mmc","50":"product_tag-sicherer-2-mmc-versand","51":"product_tag-suchtgefahr","52":"product_tag-synthetische-stimulanzien","53":"product_tag-wirkungen-von-2-mmc","55":"first","56":"instock","57":"shipping-taxable","58":"purchasable","59":"product-type-variable"},"yoast_head":"<!-- This site is optimized with the Yoast SEO plugin v26.1.1 - https:\/\/yoast.com\/wordpress\/plugins\/seo\/ -->\n<title>2-MMC (2-Methylmethcathinon) online kaufen | chemgramx<\/title>\n<meta name=\"description\" content=\"Bei chemgramx k\u00f6nnen Sie 2-mmc (2-Methylmethcathinon) zu g\u00fcnstigen Preisen kaufen. Hier k\u00f6nnen Sie 2-mmc (2-Methylmethcathinon) online in hoher Qualit\u00e4t jetzt mit schnellem und sicherem Versandservice in unserem Shop kaufen. Jetzt bestellen!\" \/>\n<meta name=\"robots\" content=\"index, follow, max-snippet:-1, max-image-preview:large, max-video-preview:-1\" \/>\n<link rel=\"canonical\" href=\"https:\/\/chemgramx.com\/fr\/produit\/2-mmc-2-methylmethcathinon\/\" \/>\n<meta property=\"og:locale\" content=\"fr_FR\" \/>\n<meta property=\"og:type\" content=\"article\" \/>\n<meta property=\"og:title\" content=\"2-MMC (2-Methylmethcathinon) online kaufen | chemgramx\" \/>\n<meta property=\"og:description\" content=\"Bei chemgramx k\u00f6nnen Sie 2-mmc (2-Methylmethcathinon) zu g\u00fcnstigen Preisen kaufen. Hier k\u00f6nnen Sie 2-mmc (2-Methylmethcathinon) online in hoher Qualit\u00e4t jetzt mit schnellem und sicherem Versandservice in unserem Shop kaufen. Jetzt bestellen!\" \/>\n<meta property=\"og:url\" content=\"https:\/\/chemgramx.com\/fr\/produit\/2-mmc-2-methylmethcathinon\/\" \/>\n<meta property=\"og:site_name\" content=\"Chemgramx\" \/>\n<meta property=\"article:modified_time\" content=\"2025-10-14T10:48:34+00:00\" \/>\n<meta property=\"og:image\" content=\"https:\/\/chemgramx.com\/wp-content\/uploads\/2024\/10\/2-MMC.jpg\" \/>\n\t<meta property=\"og:image:width\" content=\"474\" \/>\n\t<meta property=\"og:image:height\" content=\"474\" \/>\n\t<meta property=\"og:image:type\" content=\"image\/jpeg\" \/>\n<meta name=\"twitter:card\" content=\"summary_large_image\" \/>\n<meta name=\"twitter:label1\" content=\"Dur\u00e9e de lecture estim\u00e9e\" \/>\n\t<meta name=\"twitter:data1\" content=\"2 minutes\" \/>\n<script type=\"application\/ld+json\" class=\"yoast-schema-graph\">{\"@context\":\"https:\/\/schema.org\",\"@graph\":[{\"@type\":\"WebPage\",\"@id\":\"https:\/\/chemgramx.com\/product\/2-mmc-2-methylmethcathinon\/\",\"url\":\"https:\/\/chemgramx.com\/product\/2-mmc-2-methylmethcathinon\/\",\"name\":\"2-MMC (2-Methylmethcathinon) online kaufen | chemgramx\",\"isPartOf\":{\"@id\":\"https:\/\/chemgramx.com\/#website\"},\"primaryImageOfPage\":{\"@id\":\"https:\/\/chemgramx.com\/product\/2-mmc-2-methylmethcathinon\/#primaryimage\"},\"image\":{\"@id\":\"https:\/\/chemgramx.com\/product\/2-mmc-2-methylmethcathinon\/#primaryimage\"},\"thumbnailUrl\":\"https:\/\/chemgramx.com\/wp-content\/uploads\/2024\/10\/2-MMC.jpg\",\"datePublished\":\"2024-10-21T19:10:55+00:00\",\"dateModified\":\"2025-10-14T10:48:34+00:00\",\"description\":\"Bei chemgramx k\u00f6nnen Sie 2-mmc (2-Methylmethcathinon) zu g\u00fcnstigen Preisen kaufen. Hier k\u00f6nnen Sie 2-mmc (2-Methylmethcathinon) online in hoher Qualit\u00e4t jetzt mit schnellem und sicherem Versandservice in unserem Shop kaufen. Jetzt bestellen!\",\"breadcrumb\":{\"@id\":\"https:\/\/chemgramx.com\/product\/2-mmc-2-methylmethcathinon\/#breadcrumb\"},\"inLanguage\":\"fr-FR\",\"potentialAction\":[{\"@type\":\"ReadAction\",\"target\":[\"https:\/\/chemgramx.com\/product\/2-mmc-2-methylmethcathinon\/\"]}]},{\"@type\":\"ImageObject\",\"inLanguage\":\"fr-FR\",\"@id\":\"https:\/\/chemgramx.com\/product\/2-mmc-2-methylmethcathinon\/#primaryimage\",\"url\":\"https:\/\/chemgramx.com\/wp-content\/uploads\/2024\/10\/2-MMC.jpg\",\"contentUrl\":\"https:\/\/chemgramx.com\/wp-content\/uploads\/2024\/10\/2-MMC.jpg\",\"width\":474,\"height\":474,\"caption\":\"2-MMC (2-Methylmethcathinon) online kaufen\"},{\"@type\":\"BreadcrumbList\",\"@id\":\"https:\/\/chemgramx.com\/product\/2-mmc-2-methylmethcathinon\/#breadcrumb\",\"itemListElement\":[{\"@type\":\"ListItem\",\"position\":1,\"name\":\"Home\",\"item\":\"https:\/\/chemgramx.com\/\"},{\"@type\":\"ListItem\",\"position\":2,\"name\":\"Shop\",\"item\":\"https:\/\/chemgramx.com\/shop\/\"},{\"@type\":\"ListItem\",\"position\":3,\"name\":\"2-MMC (2-Methylmethcathinon) Online Kaufen\"}]},{\"@type\":\"WebSite\",\"@id\":\"https:\/\/chemgramx.com\/#website\",\"url\":\"https:\/\/chemgramx.com\/\",\"name\":\"Chemgramx\",\"description\":\"\",\"publisher\":{\"@id\":\"https:\/\/chemgramx.com\/#organization\"},\"potentialAction\":[{\"@type\":\"SearchAction\",\"target\":{\"@type\":\"EntryPoint\",\"urlTemplate\":\"https:\/\/chemgramx.com\/?s={search_term_string}\"},\"query-input\":{\"@type\":\"PropertyValueSpecification\",\"valueRequired\":true,\"valueName\":\"search_term_string\"}}],\"inLanguage\":\"fr-FR\"},{\"@type\":\"Organization\",\"@id\":\"https:\/\/chemgramx.com\/#organization\",\"name\":\"Chemgramx\",\"url\":\"https:\/\/chemgramx.com\/\",\"logo\":{\"@type\":\"ImageObject\",\"inLanguage\":\"fr-FR\",\"@id\":\"https:\/\/chemgramx.com\/#\/schema\/logo\/image\/\",\"url\":\"https:\/\/chemgramx.com\/wp-content\/uploads\/2024\/10\/final-logo.png\",\"contentUrl\":\"https:\/\/chemgramx.com\/wp-content\/uploads\/2024\/10\/final-logo.png\",\"width\":250,\"height\":48,\"caption\":\"Chemgramx\"},\"image\":{\"@id\":\"https:\/\/chemgramx.com\/#\/schema\/logo\/image\/\"}}]}<\/script>\n<!-- \/ Yoast SEO plugin. -->","yoast_head_json":{"title":"Acheter du 2-MMC (2-m\u00e9thylm\u00e9thcathinone) en ligne | chemgramx","description":"Chez chemgramx, vous pouvez acheter du 2-MMC (2-m\u00e9thylm\u00e9thcathinone) \u00e0 des prix abordables. Vous pouvez acheter du 2-MMC (2-m\u00e9thylm\u00e9thcathinone) de haute qualit\u00e9 en ligne, dans notre boutique, avec une livraison rapide et s\u00e9curis\u00e9e. Commandez d\u00e8s maintenant\u00a0!","robots":{"index":"index","follow":"follow","max-snippet":"max-snippet:-1","max-image-preview":"max-image-preview:large","max-video-preview":"max-video-preview:-1"},"canonical":"https:\/\/chemgramx.com\/fr\/produit\/2-mmc-2-methylmethcathinon\/","og_locale":"fr_FR","og_type":"article","og_title":"2-MMC (2-Methylmethcathinon) online kaufen | chemgramx","og_description":"Bei chemgramx k\u00f6nnen Sie 2-mmc (2-Methylmethcathinon) zu g\u00fcnstigen Preisen kaufen. Hier k\u00f6nnen Sie 2-mmc (2-Methylmethcathinon) online in hoher Qualit\u00e4t jetzt mit schnellem und sicherem Versandservice in unserem Shop kaufen. Jetzt bestellen!","og_url":"https:\/\/chemgramx.com\/fr\/produit\/2-mmc-2-methylmethcathinon\/","og_site_name":"Chemgramx","article_modified_time":"2025-10-14T10:48:34+00:00","og_image":[{"width":474,"height":474,"url":"https:\/\/chemgramx.com\/wp-content\/uploads\/2024\/10\/2-MMC.jpg","type":"image\/jpeg"}],"twitter_card":"summary_large_image","twitter_misc":{"Dur\u00e9e de lecture estim\u00e9e":"2 minutes"},"schema":{"@context":"https:\/\/schema.org","@graph":[{"@type":"WebPage","@id":"https:\/\/chemgramx.com\/product\/2-mmc-2-methylmethcathinon\/","url":"https:\/\/chemgramx.com\/product\/2-mmc-2-methylmethcathinon\/","name":"Acheter du 2-MMC (2-m\u00e9thylm\u00e9thcathinone) en ligne | chemgramx","isPartOf":{"@id":"https:\/\/chemgramx.com\/#website"},"primaryImageOfPage":{"@id":"https:\/\/chemgramx.com\/product\/2-mmc-2-methylmethcathinon\/#primaryimage"},"image":{"@id":"https:\/\/chemgramx.com\/product\/2-mmc-2-methylmethcathinon\/#primaryimage"},"thumbnailUrl":"https:\/\/chemgramx.com\/wp-content\/uploads\/2024\/10\/2-MMC.jpg","datePublished":"2024-10-21T19:10:55+00:00","dateModified":"2025-10-14T10:48:34+00:00","description":"Chez chemgramx, vous pouvez acheter du 2-MMC (2-m\u00e9thylm\u00e9thcathinone) \u00e0 des prix abordables. Vous pouvez acheter du 2-MMC (2-m\u00e9thylm\u00e9thcathinone) de haute qualit\u00e9 en ligne, dans notre boutique, avec une livraison rapide et s\u00e9curis\u00e9e. Commandez d\u00e8s maintenant\u00a0!","breadcrumb":{"@id":"https:\/\/chemgramx.com\/product\/2-mmc-2-methylmethcathinon\/#breadcrumb"},"inLanguage":"fr-FR","potentialAction":[{"@type":"ReadAction","target":["https:\/\/chemgramx.com\/product\/2-mmc-2-methylmethcathinon\/"]}]},{"@type":"ImageObject","inLanguage":"fr-FR","@id":"https:\/\/chemgramx.com\/product\/2-mmc-2-methylmethcathinon\/#primaryimage","url":"https:\/\/chemgramx.com\/wp-content\/uploads\/2024\/10\/2-MMC.jpg","contentUrl":"https:\/\/chemgramx.com\/wp-content\/uploads\/2024\/10\/2-MMC.jpg","width":474,"height":474,"caption":"2-MMC (2-Methylmethcathinon) online kaufen"},{"@type":"BreadcrumbList","@id":"https:\/\/chemgramx.com\/product\/2-mmc-2-methylmethcathinon\/#breadcrumb","itemListElement":[{"@type":"ListItem","position":1,"name":"Home","item":"https:\/\/chemgramx.com\/"},{"@type":"ListItem","position":2,"name":"Shop","item":"https:\/\/chemgramx.com\/shop\/"},{"@type":"ListItem","position":3,"name":"2-MMC (2-Methylmethcathinon) Online Kaufen"}]},{"@type":"WebSite","@id":"https:\/\/chemgramx.com\/#website","url":"https:\/\/chemgramx.com\/","name":"Chemgramx","description":"","publisher":{"@id":"https:\/\/chemgramx.com\/#organization"},"potentialAction":[{"@type":"SearchAction","target":{"@type":"EntryPoint","urlTemplate":"https:\/\/chemgramx.com\/?s={search_term_string}"},"query-input":{"@type":"PropertyValueSpecification","valueRequired":true,"valueName":"search_term_string"}}],"inLanguage":"fr-FR"},{"@type":"Organization","@id":"https:\/\/chemgramx.com\/#organization","name":"Chemgramx","url":"https:\/\/chemgramx.com\/","logo":{"@type":"ImageObject","inLanguage":"fr-FR","@id":"https:\/\/chemgramx.com\/#\/schema\/logo\/image\/","url":"https:\/\/chemgramx.com\/wp-content\/uploads\/2024\/10\/final-logo.png","contentUrl":"https:\/\/chemgramx.com\/wp-content\/uploads\/2024\/10\/final-logo.png","width":250,"height":48,"caption":"Chemgramx"},"image":{"@id":"https:\/\/chemgramx.com\/#\/schema\/logo\/image\/"}}]}},"_links":{"self":[{"href":"https:\/\/chemgramx.com\/fr\/wp-json\/wp\/v2\/product\/690","targetHints":{"allow":["GET"]}}],"collection":[{"href":"https:\/\/chemgramx.com\/fr\/wp-json\/wp\/v2\/product"}],"about":[{"href":"https:\/\/chemgramx.com\/fr\/wp-json\/wp\/v2\/types\/product"}],"replies":[{"embeddable":true,"href":"https:\/\/chemgramx.com\/fr\/wp-json\/wp\/v2\/comments?post=690"}],"wp:featuredmedia":[{"embeddable":true,"href":"https:\/\/chemgramx.com\/fr\/wp-json\/wp\/v2\/media\/691"}],"wp:attachment":[{"href":"https:\/\/chemgramx.com\/fr\/wp-json\/wp\/v2\/media?parent=690"}],"wp:term":[{"taxonomy":"product_brand","embeddable":true,"href":"https:\/\/chemgramx.com\/fr\/wp-json\/wp\/v2\/product_brand?post=690"},{"taxonomy":"product_cat","embeddable":true,"href":"https:\/\/chemgramx.com\/fr\/wp-json\/wp\/v2\/product_cat?post=690"},{"taxonomy":"product_tag","embeddable":true,"href":"https:\/\/chemgramx.com\/fr\/wp-json\/wp\/v2\/product_tag?post=690"}],"curies":[{"name":"wp","href":"https:\/\/api.w.org\/{rel}","templated":true}]}}