{"id":6977,"date":"2025-11-21T11:11:08","date_gmt":"2025-11-21T11:11:08","guid":{"rendered":"https:\/\/chemgramx.com\/?post_type=product&#038;p=6977"},"modified":"2025-12-10T07:13:55","modified_gmt":"2025-12-10T07:13:55","slug":"acheter-des-flocons-de-cocaine","status":"publish","type":"product","link":"https:\/\/chemgramx.com\/fr\/product\/kaufen-sie-kokainflocken\/","title":{"rendered":"Acheter de la coca\u00efne en flocons \u2013 D\u00e9couvrez une qualit\u00e9 pure en ligne"},"content":{"rendered":"<p>\n    <b>Coca\u00efne en flocons<\/b>, \u00e9galement connue sous le nom de \u201e p\u00e2te p\u00e9ruvienne \u201c, repr\u00e9sente une substance d'une puret\u00e9 exceptionnelle et d'origine sp\u00e9cifique. Originaire des r\u00e9gions de haute altitude du P\u00e9rou, ce produit est connu dans le monde entier pour sa qualit\u00e9 caract\u00e9ristique. Qui <b>Coca\u00efne en flocons disponible \u00e0 la vente<\/b> accorde une grande importance \u00e0 une substance extraite des feuilles du coca\u00efer, originaire d'Am\u00e9rique du Sud. De plus, il se caract\u00e9rise par un degr\u00e9 de puret\u00e9 souvent sup\u00e9rieur \u00e0 96 %.\n<\/p>\n<p>\n    Cette forme de coca\u00efne est notamment le r\u00e9sultat d'une recherche intensive et d'un traitement minutieux. En tant que <b>coca\u00efne en flocons de haute qualit\u00e9<\/b> Il pr\u00e9sente un int\u00e9r\u00eat principalement scientifique et analytique, o\u00f9 la composition pr\u00e9cise est cruciale. Il est \u00e9galement important de comprendre les propri\u00e9t\u00e9s chimiques et les effets potentiels de cette substance, utilis\u00e9e \u00e0 des fins culturelles depuis des si\u00e8cles. Chemgramx constitue donc une source fiable pour ceux qui s'int\u00e9ressent \u00e0 <b>Qualit\u00e9 de la recherche sur la coca\u00efne en flocons<\/b> int\u00e9ress\u00e9s.\n<\/p>\n<h2>Les origines de la coca\u00efne en flocons : un voyage historique et g\u00e9ographique<\/h2>\n<p>\n    L'histoire de <b>Coca\u00efne en flocons<\/b> est \u00e9troitement li\u00e9 aux r\u00e9gions andines d'Am\u00e9rique du Sud. Plus pr\u00e9cis\u00e9ment, le P\u00e9rou est l'un des principaux pays d'origine. Ici, la plante Erythroxylon coca, dont les feuilles sont utilis\u00e9es pour extraire la substance, est utilis\u00e9e depuis des milliers d'ann\u00e9es par les peuples indig\u00e8nes. \u00c0 l'origine, la mastication des feuilles de coca servait \u00e0 des fins c\u00e9r\u00e9monielles et pour soulager la fatigue et le mal des montagnes.\n<\/p>\n<p>\n    La Bolivie et la Colombie participent \u00e9galement \u00e0 la production. La m\u00e9thode d'extraction traditionnelle utilis\u00e9e pour fabriquer la \u201e p\u00e2te p\u00e9ruvienne \u201c est un processus complexe qui transforme les mati\u00e8res premi\u00e8res v\u00e9g\u00e9tales en une forme concentr\u00e9e. Il en r\u00e9sulte un produit r\u00e9put\u00e9 pour son exceptionnelle puret\u00e9. Les consommateurs qui <b>coca\u00efne en flocons authentique<\/b> accordent une grande importance \u00e0 cette origine et \u00e0 la qualit\u00e9 qui y est associ\u00e9e.\n<\/p>\n<p>\n    De plus, la forme chimique, le <b>Chlorhydrate de coca\u00efne<\/b>, fait l'objet d'\u00e9tudes scientifiques depuis plus d'un si\u00e8cle. Au d\u00e9but du XXe si\u00e8cle, il entrait m\u00eame dans la composition de nombreux \u00e9lixirs et toniques, y compris dans des boissons rafra\u00eechissantes connues telles que le Coca-Cola, bien qu'en faibles quantit\u00e9s. Aujourd'hui, il est utilis\u00e9 sous sa forme pure comme anesth\u00e9sique local en m\u00e9decine.\n<\/p>\n<h2>Caract\u00e9ristiques et normes de puret\u00e9 de la coca\u00efne en flocons<\/h2>\n<p>\n    <b>Coca\u00efne en flocons<\/b> se pr\u00e9sente g\u00e9n\u00e9ralement sous forme de poudre fine et blanche. Sa forme physique est d\u00e9terminante pour sa caract\u00e9risation et son utilisation dans les environnements de recherche. La puret\u00e9 de ce produit est un facteur cl\u00e9 qui le distingue de nombreuses autres formes. Par cons\u00e9quent, <b>coca\u00efne en flocons de premi\u00e8re qualit\u00e9<\/b> souvent des degr\u00e9s de puret\u00e9 sup\u00e9rieurs \u00e0 96 %, et dans les cas id\u00e9aux, pouvant m\u00eame atteindre 98 %.\n<\/p>\n<p>\n    Un tel degr\u00e9 de puret\u00e9 est indispensable pour mener des \u00e9tudes pr\u00e9cises et obtenir des r\u00e9sultats fiables. En revanche, les produits propos\u00e9s sur le march\u00e9 noir sont souvent m\u00e9lang\u00e9s \u00e0 divers agents de dilution tels que du bicarbonate de soude, du talc ou d'autres anesth\u00e9siques locaux. Ces additifs modifient non seulement l'int\u00e9grit\u00e9 chimique, mais peuvent \u00e9galement provoquer des effets secondaires impr\u00e9visibles. Il est donc primordial de, <b>Coca\u00efne en flocons de qualit\u00e9 laboratoire<\/b> provenir d'une source fiable.\n<\/p>\n<p>\n    Le traitement et l'analyse minutieux garantissent que notre <b>Coca\u00efne en flocons de qualit\u00e9 sup\u00e9rieure<\/b> r\u00e9pond aux normes les plus strictes. Cela garantit que les chercheurs et les scientifiques obtiennent la substance pr\u00e9cise dont ils ont besoin pour leurs exp\u00e9riences et leurs analyses. De plus, des contr\u00f4les qualit\u00e9 rigoureux contribuent \u00e0 garantir la coh\u00e9rence et la fiabilit\u00e9 de chaque lot, ce qui favorise l'int\u00e9grit\u00e9 de la recherche.\n<\/p>\n<h2>Les m\u00e9canismes biochimiques de la coca\u00efne en flocons<\/h2>\n<p>\n    L'effet principal de <b>Coca\u00efne en flocons<\/b> se manifeste dans le cerveau humain, plus pr\u00e9cis\u00e9ment dans le syst\u00e8me de r\u00e9compense. D'un point de vue biologique, cet effet se produit dans le m\u00e9senc\u00e9phale, dans une zone appel\u00e9e aire tegmentale ventrale (VTA). Les fibres nerveuses de la VTA sont reli\u00e9es au noyau accumbens, une r\u00e9gion cl\u00e9 responsable du traitement des r\u00e9compenses.\n<\/p>\n<p>\n    Normalement, le cerveau lib\u00e8re de la dopamine en r\u00e9ponse \u00e0 des stimuli agr\u00e9ables, puis la r\u00e9absorbe. <b>Coca\u00efne en flocons<\/b> perturbe consid\u00e9rablement ce processus naturel. Il emp\u00eache la recapture de la dopamine, ce qui entra\u00eene une accumulation de ce neurotransmetteur dans la fente synaptique. En cons\u00e9quence, le cerveau envoie un \u201e signal de r\u00e9compense \u201c amplifi\u00e9, que les consommateurs ressentent comme une euphorie.\n<\/p>\n<p>\n    De plus, cette substance augmente la vigilance, l'attention et l'\u00e9nergie. Les utilisateurs rapportent souvent une loquacit\u00e9 accrue et un sentiment de contr\u00f4le sur leur environnement. Cependant, sans une consommation continue, ces effets stimulants et agr\u00e9ables ne durent que peu de temps. Il est donc important de comprendre les changements neurochimiques potentiels et les risques associ\u00e9s. Pour approfondir vos connaissances sur le monde des produits chimiques de recherche et leurs modes d'action, <a href=\"https:\/\/chemgramx.com\/product\/death-star-hash-bestellung\/\">D\u00e9couvrez notre offre vari\u00e9e<\/a>.\n<\/p>\n<p>\n    Cependant, des effets secondaires ind\u00e9sirables peuvent \u00e9galement appara\u00eetre. Parmi ceux-ci, on retrouve l'agitation, l'irritabilit\u00e9 et l'anxi\u00e9t\u00e9. Avec le temps, une tol\u00e9rance \u00e0 l'effet euphorisant peut \u00e9galement se d\u00e9velopper, ce qui pousse de nombreux consommateurs \u00e0 augmenter la dose afin d'atteindre l'effet souhait\u00e9. Ce cercle vicieux peut rapidement conduire \u00e0 une forte d\u00e9pendance. De plus, les consommateurs peuvent d\u00e9velopper une sensibilit\u00e9 accrue aux effets anesth\u00e9siques et convulsivants, m\u00eame \u00e0 des doses apparemment faibles.\n<\/p>\n<h2>Formes d'application et importance d'un achat s\u00e9curis\u00e9<\/h2>\n<p>\n    Traditionnellement, <b>Coca\u00efne en flocons<\/b> consomm\u00e9e sous forme de poudre par voie nasale, souvent apr\u00e8s avoir \u00e9t\u00e9 soigneusement broy\u00e9e et r\u00e9partie en lignes. Cette m\u00e9thode est tr\u00e8s r\u00e9pandue, mais elle comporte des risques pour les muqueuses nasales, en particulier si la poudre n'est pas assez fine. Certains utilisateurs rincent leurs narines \u00e0 l'eau ou \u00e0 une solution saline apr\u00e8s utilisation afin de minimiser les irritations \u00e9ventuelles. La responsabilit\u00e9 d'une utilisation s\u00fbre incombe toujours \u00e0 l'utilisateur.\n<\/p>\n<p>\n    En outre, <b>Coca\u00efne en flocons<\/b> peuvent \u00e9galement \u00eatre fum\u00e9s ou inject\u00e9s, mais ces m\u00e9thodes sont beaucoup plus dangereuses et pr\u00e9sentent des risques beaucoup plus \u00e9lev\u00e9s pour la sant\u00e9. Par exemple, le <b>Coca\u00efne en flocons<\/b> Parfois, on fabrique du \u201e crack \u201c, qui se fume dans des pipes en verre et qui pr\u00e9sente un potentiel de d\u00e9pendance encore plus \u00e9lev\u00e9.\n<\/p>\n<p>\n    Lors de l'acquisition de substances telles que <b>Coca\u00efne en flocons<\/b> il est essentiel de s'adresser \u00e0 des sources fiables. C'est la seule fa\u00e7on de garantir la puret\u00e9 et l'authenticit\u00e9 du produit. Notre objectif est de <b>acquisition s\u00fbre<\/b> des produits chimiques de recherche en proposant exclusivement des produits de la plus haute qualit\u00e9, fabriqu\u00e9s avec le plus grand soin. Pour en savoir plus sur les produits chimiques de recherche, vous pouvez \u00e9galement consulter <a href=\"https:\/\/chemgramx.com\/product\/death-star-hash-bestellung\/\">autres substances telles que Death Star Hash informer<\/a>.\n<\/p>\n<h2>Acheter de la coca\u00efne en flocons en ligne : confiance et discr\u00e9tion<\/h2>\n<p>\n    La possibilit\u00e9 de, <b>Commander de la coca\u00efne en flocons en ligne<\/b>, offre aux chercheurs et aux scientifiques un acc\u00e8s discret \u00e0 cette substance. Chez Chemgramx, nous accordons une grande importance \u00e0 la qualit\u00e9 et \u00e0 l'int\u00e9grit\u00e9 de nos produits. Chaque \u00e9tape du traitement est effectu\u00e9e avec le plus grand soin afin de vous garantir un produit conforme \u00e0 nos normes \u00e9lev\u00e9es. Nous comprenons les exigences li\u00e9es \u00e0 <b>Qualit\u00e9 de laboratoire<\/b> et travaillons en cons\u00e9quence.\n<\/p>\n<p>\n    En outre, l'acquisition de <b>Coca\u00efne en flocons<\/b> Chez Chemgramx, un processus ax\u00e9 sur la s\u00e9curit\u00e9 et la fiabilit\u00e9. Nous veillons \u00e0 ce que toutes nos offres r\u00e9pondent aux normes de puret\u00e9 les plus strictes, ce qui est indispensable pour mener des recherches s\u00e9rieuses. <b>Acheter en ligne d\u00e8s maintenant<\/b> signifie avoir acc\u00e8s \u00e0 une source qui s'engage \u00e0 fournir des substances de premi\u00e8re qualit\u00e9. Cela facilite consid\u00e9rablement votre travail scientifique.\n<\/p>\n<p>\n    Enfin, nous garantissons que chaque produit que vous trouvez chez Chemgramx est <b>haute puret\u00e9 \u00e0 vendre<\/b> . Nous sommes conscients du caract\u00e8re sensible de ce sujet et agissons en cons\u00e9quence de mani\u00e8re responsable. Vous trouverez par exemple \u00e9galement <a href=\"https:\/\/chemgramx.com\/product\/gofast-300mg-mdma-online-bestellung\/\">autres substances de recherche telles que Gofast 300 mg MDMA<\/a> dans notre gamme, qui sont tous soumis aux m\u00eames contr\u00f4les de qualit\u00e9 rigoureux. Cela souligne notre engagement en faveur de l'excellence des produits chimiques de recherche.\n<\/p>\n<h2>Conclusion : la coca\u00efne en flocons, un objet de recherche de la plus haute qualit\u00e9<\/h2>\n<p>\n    En r\u00e9sum\u00e9, on peut dire que <b>Coca\u00efne en flocons<\/b> est une substance d'une complexit\u00e9 biochimique et d'une importance historique remarquables. Sa grande puret\u00e9, en particulier le <b>Meilleure coca\u00efne en flocons disponible<\/b>, ce qui en fait un objet pr\u00e9cieux pour des recherches scientifiques approfondies. Il est toutefois essentiel de bien comprendre les risques potentiels et la forte d\u00e9pendance qu'elle engendre avant de se lancer dans l'\u00e9tude de cette substance.\n<\/p>\n<p>\n    De plus, il est essentiel de choisir une source fiable pour vos achats. Chez Chemgramx, nous nous engageons \u00e0 vous donner acc\u00e8s \u00e0 <b>Qualit\u00e9 de la recherche sur la coca\u00efne en flocons<\/b> soumis \u00e0 des contr\u00f4les de qualit\u00e9 rigoureux. Nous soutenons la science en veillant \u00e0 ce que nos produits soient sp\u00e9cifi\u00e9s avec pr\u00e9cision et manipul\u00e9s avec soin. Vous pouvez ainsi vous concentrer sur vos recherches.\n<\/p>\n<p>\n    En bref, si vous <b>Acheter de la coca\u00efne en flocons en ligne<\/b> Chemgramx est votre partenaire de choix pour la puret\u00e9 et la fiabilit\u00e9. Nous nous engageons \u00e0 fournir des produits chimiques de recherche de mani\u00e8re responsable et garantissons un traitement professionnel de toutes les demandes. Faites confiance \u00e0 notre expertise pour vos besoins scientifiques.<\/p>","protected":false},"excerpt":{"rendered":"<p><span dir=\"auto\">Acheter de la coca\u00efne en flocons<\/span><\/p>\n<p><span dir=\"auto\">Commandez de la coca\u00efne en ligne chez nous et profitez de la puret\u00e9. Tout le monde ici conna\u00eet probablement le terme \u201eflakes\u201c ou \u201ecoca\u00efne flakes\u201c. La coca\u00efne est un puissant stimulant. Elle rend extr\u00eamement d\u00e9pendant et est presque exclusivement utilis\u00e9e comme drogue r\u00e9cr\u00e9ative. Elle est extraite de la feuille de coca et est devenue populaire en tant que drogue dans les ann\u00e9es 1980. Sous sa forme naturelle, la feuille de coca, elle est consomm\u00e9e depuis des milliers d'ann\u00e9es par les populations indig\u00e8nes d'Am\u00e9rique du Sud.<\/span><\/p>","protected":false},"featured_media":6992,"comment_status":"open","ping_status":"closed","template":"","meta":{"_joinchat":[]},"product_brand":[],"product_cat":[57],"product_tag":[3031,3025,3026,188,3030,3027,3029,3028,3032],"class_list":{"0":"post-6977","1":"product","2":"type-product","3":"status-publish","4":"has-post-thumbnail","6":"product_cat-cocaine","7":"product_tag-flockenkokain-hoechster-qualitaet","8":"product_tag-flockenkokain-kaufen","9":"product_tag-flockenkokain-online-kaufen","10":"product_tag-forschungschemikalien","11":"product_tag-hochwertiges-flockenkokain-online","12":"product_tag-kokain-zu-verkaufen","13":"product_tag-reines-flockenkokain","14":"product_tag-reines-kokain-online-bestellen","15":"product_tag-wo-kann-man-flockenkokain-online-kaufen","17":"first","18":"instock","19":"shipping-taxable","20":"purchasable","21":"product-type-variable"},"yoast_head":"<!-- This site is optimized with the Yoast SEO plugin v27.5 - https:\/\/yoast.com\/product\/yoast-seo-wordpress\/ -->\n<title>Kaufen Sie Flockenkokain online \u2013 reines Kokain Chemgramx<\/title>\n<meta name=\"description\" content=\"Wie bereits erw\u00e4hnt, ist\u00a0\u00a0Kokainhydrochlorid\u00a0die reine chemische Form von Kokain . Obwohl der Reinheitsgrad je nach Verarbeitung variiert\" \/>\n<meta name=\"robots\" content=\"index, follow, max-snippet:-1, max-image-preview:large, max-video-preview:-1\" \/>\n<link rel=\"canonical\" href=\"https:\/\/chemgramx.com\/fr\/produit\/acheter-des-flocons-de-cocaine\/\" \/>\n<meta property=\"og:locale\" content=\"fr_FR\" \/>\n<meta property=\"og:type\" content=\"article\" \/>\n<meta property=\"og:title\" content=\"Kaufen Sie Flockenkokain online \u2013 reines Kokain Chemgramx\" \/>\n<meta property=\"og:description\" content=\"Wie bereits erw\u00e4hnt, ist\u00a0\u00a0Kokainhydrochlorid\u00a0die reine chemische Form von Kokain . Obwohl der Reinheitsgrad je nach Verarbeitung variiert\" \/>\n<meta property=\"og:url\" content=\"https:\/\/chemgramx.com\/fr\/produit\/acheter-des-flocons-de-cocaine\/\" \/>\n<meta property=\"og:site_name\" content=\"Chemgramx\" \/>\n<meta property=\"article:modified_time\" content=\"2025-12-10T07:13:55+00:00\" \/>\n<meta property=\"og:image\" content=\"https:\/\/chemgramx.com\/wp-content\/uploads\/2025\/11\/buy-flake-cocaine.jpeg\" \/>\n\t<meta property=\"og:image:width\" content=\"300\" \/>\n\t<meta property=\"og:image:height\" content=\"300\" \/>\n\t<meta property=\"og:image:type\" content=\"image\/jpeg\" \/>\n<meta name=\"twitter:card\" content=\"summary_large_image\" \/>\n<meta name=\"twitter:label1\" content=\"Dur\u00e9e de lecture estim\u00e9e\" \/>\n\t<meta name=\"twitter:data1\" content=\"4 minutes\" \/>\n<script type=\"application\/ld+json\" class=\"yoast-schema-graph\">{\"@context\":\"https:\\\/\\\/schema.org\",\"@graph\":[{\"@type\":\"WebPage\",\"@id\":\"https:\\\/\\\/chemgramx.com\\\/product\\\/kaufen-sie-kokainflocken\\\/\",\"url\":\"https:\\\/\\\/chemgramx.com\\\/product\\\/kaufen-sie-kokainflocken\\\/\",\"name\":\"Kaufen Sie Flockenkokain online \u2013 reines Kokain Chemgramx\",\"isPartOf\":{\"@id\":\"https:\\\/\\\/chemgramx.com\\\/#website\"},\"primaryImageOfPage\":{\"@id\":\"https:\\\/\\\/chemgramx.com\\\/product\\\/kaufen-sie-kokainflocken\\\/#primaryimage\"},\"image\":{\"@id\":\"https:\\\/\\\/chemgramx.com\\\/product\\\/kaufen-sie-kokainflocken\\\/#primaryimage\"},\"thumbnailUrl\":\"https:\\\/\\\/chemgramx.com\\\/wp-content\\\/uploads\\\/2025\\\/11\\\/buy-flake-cocaine.jpeg\",\"datePublished\":\"2025-11-21T11:11:08+00:00\",\"dateModified\":\"2025-12-10T07:13:55+00:00\",\"description\":\"Wie bereits erw\u00e4hnt, ist\u00a0\u00a0Kokainhydrochlorid\u00a0die reine chemische Form von Kokain . Obwohl der Reinheitsgrad je nach Verarbeitung variiert\",\"breadcrumb\":{\"@id\":\"https:\\\/\\\/chemgramx.com\\\/product\\\/kaufen-sie-kokainflocken\\\/#breadcrumb\"},\"inLanguage\":\"fr-FR\",\"potentialAction\":[{\"@type\":\"ReadAction\",\"target\":[\"https:\\\/\\\/chemgramx.com\\\/product\\\/kaufen-sie-kokainflocken\\\/\"]}]},{\"@type\":\"ImageObject\",\"inLanguage\":\"fr-FR\",\"@id\":\"https:\\\/\\\/chemgramx.com\\\/product\\\/kaufen-sie-kokainflocken\\\/#primaryimage\",\"url\":\"https:\\\/\\\/chemgramx.com\\\/wp-content\\\/uploads\\\/2025\\\/11\\\/buy-flake-cocaine.jpeg\",\"contentUrl\":\"https:\\\/\\\/chemgramx.com\\\/wp-content\\\/uploads\\\/2025\\\/11\\\/buy-flake-cocaine.jpeg\",\"width\":300,\"height\":300},{\"@type\":\"BreadcrumbList\",\"@id\":\"https:\\\/\\\/chemgramx.com\\\/product\\\/kaufen-sie-kokainflocken\\\/#breadcrumb\",\"itemListElement\":[{\"@type\":\"ListItem\",\"position\":1,\"name\":\"Home\",\"item\":\"https:\\\/\\\/chemgramx.com\\\/\"},{\"@type\":\"ListItem\",\"position\":2,\"name\":\"Shop\",\"item\":\"https:\\\/\\\/chemgramx.com\\\/shop\\\/\"},{\"@type\":\"ListItem\",\"position\":3,\"name\":\"Flockenkokain kaufen &#8211; Reine Qualit\u00e4t Online entdecken\"}]},{\"@type\":\"WebSite\",\"@id\":\"https:\\\/\\\/chemgramx.com\\\/#website\",\"url\":\"https:\\\/\\\/chemgramx.com\\\/\",\"name\":\"Chemgramx\",\"description\":\"\",\"publisher\":{\"@id\":\"https:\\\/\\\/chemgramx.com\\\/#organization\"},\"potentialAction\":[{\"@type\":\"SearchAction\",\"target\":{\"@type\":\"EntryPoint\",\"urlTemplate\":\"https:\\\/\\\/chemgramx.com\\\/?s={search_term_string}\"},\"query-input\":{\"@type\":\"PropertyValueSpecification\",\"valueRequired\":true,\"valueName\":\"search_term_string\"}}],\"inLanguage\":\"fr-FR\"},{\"@type\":\"Organization\",\"@id\":\"https:\\\/\\\/chemgramx.com\\\/#organization\",\"name\":\"Chemgramx\",\"url\":\"https:\\\/\\\/chemgramx.com\\\/\",\"logo\":{\"@type\":\"ImageObject\",\"inLanguage\":\"fr-FR\",\"@id\":\"https:\\\/\\\/chemgramx.com\\\/#\\\/schema\\\/logo\\\/image\\\/\",\"url\":\"https:\\\/\\\/chemgramx.com\\\/wp-content\\\/uploads\\\/2024\\\/10\\\/final-logo.png\",\"contentUrl\":\"https:\\\/\\\/chemgramx.com\\\/wp-content\\\/uploads\\\/2024\\\/10\\\/final-logo.png\",\"width\":250,\"height\":48,\"caption\":\"Chemgramx\"},\"image\":{\"@id\":\"https:\\\/\\\/chemgramx.com\\\/#\\\/schema\\\/logo\\\/image\\\/\"}}]}<\/script>\n<!-- \/ Yoast SEO plugin. -->","yoast_head_json":{"title":"Acheter de la coca\u00efne en flocons en ligne - coca\u00efne pure Chemgramx","description":"Comme mentionn\u00e9 pr\u00e9c\u00e9demment, le chlorhydrate de coca\u00efne est la forme chimique pure de la coca\u00efne. Bien que le degr\u00e9 de puret\u00e9 varie en fonction du traitement, la coca\u00efne n'est pas un produit pur.","robots":{"index":"index","follow":"follow","max-snippet":"max-snippet:-1","max-image-preview":"max-image-preview:large","max-video-preview":"max-video-preview:-1"},"canonical":"https:\/\/chemgramx.com\/fr\/produit\/acheter-des-flocons-de-cocaine\/","og_locale":"fr_FR","og_type":"article","og_title":"Kaufen Sie Flockenkokain online \u2013 reines Kokain Chemgramx","og_description":"Wie bereits erw\u00e4hnt, ist\u00a0\u00a0Kokainhydrochlorid\u00a0die reine chemische Form von Kokain . Obwohl der Reinheitsgrad je nach Verarbeitung variiert","og_url":"https:\/\/chemgramx.com\/fr\/produit\/acheter-des-flocons-de-cocaine\/","og_site_name":"Chemgramx","article_modified_time":"2025-12-10T07:13:55+00:00","og_image":[{"width":300,"height":300,"url":"https:\/\/chemgramx.com\/wp-content\/uploads\/2025\/11\/buy-flake-cocaine.jpeg","type":"image\/jpeg"}],"twitter_card":"summary_large_image","twitter_misc":{"Dur\u00e9e de lecture estim\u00e9e":"4 minutes"},"schema":{"@context":"https:\/\/schema.org","@graph":[{"@type":"WebPage","@id":"https:\/\/chemgramx.com\/product\/kaufen-sie-kokainflocken\/","url":"https:\/\/chemgramx.com\/product\/kaufen-sie-kokainflocken\/","name":"Acheter de la coca\u00efne en flocons en ligne - coca\u00efne pure Chemgramx","isPartOf":{"@id":"https:\/\/chemgramx.com\/#website"},"primaryImageOfPage":{"@id":"https:\/\/chemgramx.com\/product\/kaufen-sie-kokainflocken\/#primaryimage"},"image":{"@id":"https:\/\/chemgramx.com\/product\/kaufen-sie-kokainflocken\/#primaryimage"},"thumbnailUrl":"https:\/\/chemgramx.com\/wp-content\/uploads\/2025\/11\/buy-flake-cocaine.jpeg","datePublished":"2025-11-21T11:11:08+00:00","dateModified":"2025-12-10T07:13:55+00:00","description":"Comme mentionn\u00e9 pr\u00e9c\u00e9demment, le chlorhydrate de coca\u00efne est la forme chimique pure de la coca\u00efne. Bien que le degr\u00e9 de puret\u00e9 varie en fonction du traitement, la coca\u00efne n'est pas un produit pur.","breadcrumb":{"@id":"https:\/\/chemgramx.com\/product\/kaufen-sie-kokainflocken\/#breadcrumb"},"inLanguage":"fr-FR","potentialAction":[{"@type":"ReadAction","target":["https:\/\/chemgramx.com\/product\/kaufen-sie-kokainflocken\/"]}]},{"@type":"ImageObject","inLanguage":"fr-FR","@id":"https:\/\/chemgramx.com\/product\/kaufen-sie-kokainflocken\/#primaryimage","url":"https:\/\/chemgramx.com\/wp-content\/uploads\/2025\/11\/buy-flake-cocaine.jpeg","contentUrl":"https:\/\/chemgramx.com\/wp-content\/uploads\/2025\/11\/buy-flake-cocaine.jpeg","width":300,"height":300},{"@type":"BreadcrumbList","@id":"https:\/\/chemgramx.com\/product\/kaufen-sie-kokainflocken\/#breadcrumb","itemListElement":[{"@type":"ListItem","position":1,"name":"Home","item":"https:\/\/chemgramx.com\/"},{"@type":"ListItem","position":2,"name":"Shop","item":"https:\/\/chemgramx.com\/shop\/"},{"@type":"ListItem","position":3,"name":"Flockenkokain kaufen &#8211; Reine Qualit\u00e4t Online entdecken"}]},{"@type":"WebSite","@id":"https:\/\/chemgramx.com\/#website","url":"https:\/\/chemgramx.com\/","name":"Chemgramx","description":"","publisher":{"@id":"https:\/\/chemgramx.com\/#organization"},"potentialAction":[{"@type":"SearchAction","target":{"@type":"EntryPoint","urlTemplate":"https:\/\/chemgramx.com\/?s={search_term_string}"},"query-input":{"@type":"PropertyValueSpecification","valueRequired":true,"valueName":"search_term_string"}}],"inLanguage":"fr-FR"},{"@type":"Organization","@id":"https:\/\/chemgramx.com\/#organization","name":"Chemgramx","url":"https:\/\/chemgramx.com\/","logo":{"@type":"ImageObject","inLanguage":"fr-FR","@id":"https:\/\/chemgramx.com\/#\/schema\/logo\/image\/","url":"https:\/\/chemgramx.com\/wp-content\/uploads\/2024\/10\/final-logo.png","contentUrl":"https:\/\/chemgramx.com\/wp-content\/uploads\/2024\/10\/final-logo.png","width":250,"height":48,"caption":"Chemgramx"},"image":{"@id":"https:\/\/chemgramx.com\/#\/schema\/logo\/image\/"}}]}},"_links":{"self":[{"href":"https:\/\/chemgramx.com\/fr\/wp-json\/wp\/v2\/product\/6977","targetHints":{"allow":["GET"]}}],"collection":[{"href":"https:\/\/chemgramx.com\/fr\/wp-json\/wp\/v2\/product"}],"about":[{"href":"https:\/\/chemgramx.com\/fr\/wp-json\/wp\/v2\/types\/product"}],"replies":[{"embeddable":true,"href":"https:\/\/chemgramx.com\/fr\/wp-json\/wp\/v2\/comments?post=6977"}],"wp:featuredmedia":[{"embeddable":true,"href":"https:\/\/chemgramx.com\/fr\/wp-json\/wp\/v2\/media\/6992"}],"wp:attachment":[{"href":"https:\/\/chemgramx.com\/fr\/wp-json\/wp\/v2\/media?parent=6977"}],"wp:term":[{"taxonomy":"product_brand","embeddable":true,"href":"https:\/\/chemgramx.com\/fr\/wp-json\/wp\/v2\/product_brand?post=6977"},{"taxonomy":"product_cat","embeddable":true,"href":"https:\/\/chemgramx.com\/fr\/wp-json\/wp\/v2\/product_cat?post=6977"},{"taxonomy":"product_tag","embeddable":true,"href":"https:\/\/chemgramx.com\/fr\/wp-json\/wp\/v2\/product_tag?post=6977"}],"curies":[{"name":"wp","href":"https:\/\/api.w.org\/{rel}","templated":true}]}}