{"id":6981,"date":"2025-11-21T11:11:09","date_gmt":"2025-11-21T11:11:09","guid":{"rendered":"https:\/\/chemgramx.com\/?post_type=product&#038;p=6981"},"modified":"2025-12-10T07:08:02","modified_gmt":"2025-12-10T07:08:02","slug":"cocaine-colombienne-96-pure","status":"publish","type":"product","link":"https:\/\/chemgramx.com\/fr\/product\/kolumbianisches-kokain-96-rein\/","title":{"rendered":"Acheter de la coca\u00efne colombienne \u2013 Puret\u00e9 96% | Haute qualit\u00e9"},"content":{"rendered":"<p>Pour les clients exigeants qui accordent de l'importance \u00e0 la qualit\u00e9, \u00e0 la s\u00e9curit\u00e9 et \u00e0 l'authenticit\u00e9, il est indispensable de trouver le bon produit. Si vous <b>Acheter de la coca\u00efne colombienne<\/b> Si vous recherchez un produit r\u00e9pondant \u00e0 ces normes \u00e9lev\u00e9es, Chemgramx vous propose une s\u00e9lection de premier choix. Notre produit provient directement des sites de production les plus renomm\u00e9s de Colombie et s\u00e9duit par sa puret\u00e9 exceptionnelle ainsi que par son ar\u00f4me intense et authentique. De plus, nous garantissons une qualit\u00e9 sp\u00e9cialement adapt\u00e9e \u00e0 des fins scientifiques et analytiques, ce qui en fait un produit id\u00e9al. <b>Classe de recherche Acheter<\/b> Option.<\/p>\n<p>Cette substance exquise d'une puret\u00e9 de 96 % est le r\u00e9sultat d'une s\u00e9lection rigoureuse et de contr\u00f4les qualit\u00e9 stricts. En tant que fournisseur leader, notre objectif est de vous <b>Coca\u00efne colombienne authentique<\/b> . Le respect des normes les plus strictes est notre priorit\u00e9 absolue. Vous pouvez donc \u00eatre s\u00fbr d'obtenir un produit exceptionnel \u00e0 tous \u00e9gards.<\/p>\n<h2>L'essence m\u00eame de la puret\u00e9 : notre coca\u00efne colombienne \u00e0 96 %<\/h2>\n<p>La puret\u00e9 est le facteur d\u00e9terminant qui d\u00e9finit la qualit\u00e9 de la coca\u00efne colombienne. Notre offre \u00e9tablit ici de nouvelles normes en garantissant une puret\u00e9 de 96 % ou plus. De plus, chaque lot est soumis \u00e0 des tests approfondis dans des laboratoires ind\u00e9pendants afin de confirmer cette sp\u00e9cification. Cela signifie que chez nous, vous pouvez \u00eatre s\u00fbr d'obtenir <b>Coca\u00efne colombienne de qualit\u00e9 sup\u00e9rieure<\/b> qui ne contient ni agents de dilution ni impuret\u00e9s.<\/p>\n<p>C'est pourquoi c'est le <b>La meilleure coca\u00efne colombienne disponible<\/b> pour les \u00e9tudes scientifiques, les recherches analytiques et les collectionneurs exigeants. Nous accordons une grande importance \u00e0 l'origine et au traitement afin de garantir une int\u00e9grit\u00e9 incomparable du produit. La transparence de nos r\u00e9sultats de laboratoire, qui confirment nos exigences en mati\u00e8re de qualit\u00e9, constitue un autre avantage.<\/p>\n<h2>L'excellence \u00e0 tous les \u00e9gards : pourquoi notre coca\u00efne colombienne se d\u00e9marque<\/h2>\n<p>Notre engagement envers l'excellence se refl\u00e8te dans chaque aspect de notre produit. De l'origine \u00e0 la transformation, chaque \u00e9tape est minutieusement contr\u00f4l\u00e9e afin de garantir les normes les plus \u00e9lev\u00e9es. Nous vous garantissons ainsi un produit qui d\u00e9passe toutes les attentes.<\/p>\n<ul>\n<li><b>Puret\u00e9 extr\u00eamement \u00e9lev\u00e9e :<\/b> Chaque lot est soigneusement test\u00e9 dans des laboratoires ind\u00e9pendants. Cela garantit un degr\u00e9 de puret\u00e9 de 96 % ou plus, sans aucun compromis sur la qualit\u00e9. Si vous <b>Haute puret\u00e9 Acheter<\/b> vous \u00eates \u00e0 la bonne adresse.<\/li>\n<li><b>Originalit\u00e9 &amp; origine :<\/b> Notre produit provient directement de Colombie et est destin\u00e9 exclusivement aux connaisseurs et aux collectionneurs. Vous obtenez ainsi un produit incomparable dont l'authenticit\u00e9 est toujours v\u00e9rifiable.<\/li>\n<li><b>Options de commande flexibles :<\/b> Choisissez la quantit\u00e9 souhait\u00e9e, car nous proposons des offres personnalis\u00e9es et des remises quantitatives int\u00e9ressantes. Vous pouvez <b>Commander de la coca\u00efne colombienne en ligne<\/b> et b\u00e9n\u00e9ficiez ainsi de conditions sur mesure.<\/li>\n<li><b>Paiement anonyme :<\/b> Pour une confidentialit\u00e9 et une s\u00e9curit\u00e9 maximales, nous proposons diff\u00e9rents modes de paiement anonymes, notamment Bitcoin, USDT et le virement bancaire classique. Ainsi, un <b>Achat s\u00e9curis\u00e9<\/b> toujours garantie. Pour plus d'informations sur d'autres substances de recherche ou <a href=\"https:\/\/chemgramx.com\/product\/buc-183-online-bestellung\/\" target=\"_blank\">compos\u00e9s chimiques<\/a>, que nous proposons, rendez-vous sur nos pages produits.<\/li>\n<\/ul>\n<h2>Application scientifique et sens des responsabilit\u00e9s<\/h2>\n<p>La coca\u00efne colombienne d'une puret\u00e9 de 96 % est propos\u00e9e exclusivement \u00e0 des fins scientifiques, d'analyse et de collection. Il est en outre essentiel de toujours respecter les lois en vigueur dans votre pays et d'utiliser nos produits de mani\u00e8re responsable. Nous insistons sur le fait que l'utilisation doit se faire dans le cadre des dispositions l\u00e9gales.<\/p>\n<p>Nous accordons une grande importance \u00e0 ce que nos clients soient parfaitement inform\u00e9s des applications pr\u00e9vues. C'est pourquoi notre produit constitue un mat\u00e9riau de premier choix pour <b>Qualit\u00e9 laboratoire Acheter<\/b> Projets. Pour ceux qui s'int\u00e9ressent \u00e9galement aux extraits v\u00e9g\u00e9taux sp\u00e9ciaux, notre gamme propose un large choix, comme par exemple <a href=\"https:\/\/chemgramx.com\/product\/blackberry-kush-20-thc\/\" target=\"_blank\">Blackberry Kush 20% THC<\/a>. La puret\u00e9 et l'authenticit\u00e9 sont en tout cas notre promesse.<\/p>\n<h2>Notre promesse de qualit\u00e9 : confiance et satisfaction<\/h2>\n<p>La satisfaction et la confiance de nos clients sont notre priorit\u00e9 absolue. Nos clients appr\u00e9cient non seulement l'excellente qualit\u00e9 de notre coca\u00efne colombienne, mais aussi notre professionnalisme et notre service haut de gamme. C'est pourquoi nous accordons une grande importance au traitement discret et minutieux de chaque commande.<\/p>\n<p>Nous nous effor\u00e7ons de vous offrir le <b>La meilleure coca\u00efne colombienne disponible<\/b> , avec le soutien d'une \u00e9quipe synonyme de professionnalisme et de discr\u00e9tion. Cette approche globale garantit non seulement la qualit\u00e9 du produit, mais aussi l'int\u00e9grit\u00e9 de l'ensemble du processus d'achat. Acheter chez Chemgramx, c'est donc faire le choix de la fiabilit\u00e9.<\/p>\n<h2>Foire aux questions (FAQ)<\/h2>\n<h3>La puret\u00e9 de la coca\u00efne colombienne est-elle vraiment garantie ?<\/h3>\n<p>Oui, chaque lot est contr\u00f4l\u00e9 par des laboratoires ind\u00e9pendants et certifi\u00e9 avec un degr\u00e9 de puret\u00e9 d'au moins 96 %. Nous publions ces r\u00e9sultats en toute transparence afin de renforcer votre confiance. Vous pouvez donc vous fier \u00e0 la puret\u00e9 indiqu\u00e9e.<\/p>\n<h3>Quels sont les modes de paiement disponibles pour l'achat ?<\/h3>\n<p>Nous proposons diff\u00e9rents modes de paiement anonymes, notamment Bitcoin, USDT et virement bancaire classique. Cela garantit une confidentialit\u00e9 et une s\u00e9curit\u00e9 maximales lors de votre achat. Vous trouverez \u00e9galement plus de d\u00e9tails sur notre page consacr\u00e9e \u00e0 <a href=\"https:\/\/chemgramx.com\/product\/buc-183-online-bestellung\/\" target=\"_blank\">moyens de paiement alternatifs<\/a>.<\/p>\n<h3>Qui peut acheter de la coca\u00efne colombienne ?<\/h3>\n<p>Nos produits sont exclusivement destin\u00e9s \u00e0 la recherche, \u00e0 l'analyse et aux collectionneurs. Il est indispensable de respecter les dispositions l\u00e9gales en vigueur dans votre pays. Par cons\u00e9quent, la responsabilit\u00e9 du respect de ces dispositions incombe \u00e0 l'acheteur.<\/p>\n<h3>Existe-t-il des remises quantitatives ou des offres sp\u00e9ciales pour les grandes quantit\u00e9s ?<\/h3>\n<p>Oui, nous proposons des remises individuelles et des prix sp\u00e9ciaux pour les commandes importantes. Il vous suffit de contacter notre service d'assistance pour obtenir un devis personnalis\u00e9. De plus, nous sommes toujours pr\u00eats \u00e0 proposer des solutions flexibles.<\/p>\n<h2>Commandez d\u00e8s maintenant de la coca\u00efne colombienne chez Chemgramx<\/h2>\n<p>Nous <b>Coca\u00efne colombienne<\/b> souhaite acqu\u00e9rir un produit de la plus haute qualit\u00e9, mise sur une puret\u00e9 certifi\u00e9e et un partenaire fiable. Faites confiance \u00e0 Chemgramx pour un traitement transparent et s\u00e9curis\u00e9. Nous sommes fiers de n'offrir que le meilleur \u00e0 nos clients. Vous pouvez donc <b>Acheter en ligne maintenant<\/b> et profitez de l'exp\u00e9rience haut de gamme chez Chemgramx. En achetant chez nous, vous faites le choix de la qualit\u00e9 et de l'int\u00e9grit\u00e9. Nous vous invitons \u00e0 d\u00e9couvrir par vous-m\u00eame notre qualit\u00e9 exceptionnelle.<\/p>","protected":false},"excerpt":{"rendered":"<p><strong><span dir=\"auto\">Acheter de la coca\u00efne colombienne (puret\u00e9 96 %)<\/span><\/strong><span dir=\"auto\">\u00a0en ligne. La coca\u00efne pure \u00e9tait \u00e0 l'origine extraite des feuilles de l'arbuste Erythroxylon Koka, qui poussait principalement au P\u00e9rou et en Bolivie. Apr\u00e8s les ann\u00e9es 1990 et en raison des restrictions de r\u00e9colte dans ces pays.<\/span><\/p>\n<p><span dir=\"auto\">Exp\u00e9dition : Exp\u00e9dition en 24 heures - dans le monde entier.<\/span><br \/>\n<span dir=\"auto\">Livraison garantie : r\u00e9exp\u00e9dition ou garantie de remboursement.<\/span><\/p>\n<p><span dir=\"auto\">Pour les quantit\u00e9s sup\u00e9rieures \u00e0 1 kg, veuillez nous contacter afin de n\u00e9gocier le prix.<\/span><\/p>","protected":false},"featured_media":6996,"comment_status":"closed","ping_status":"closed","template":"","meta":{"_joinchat":[]},"product_brand":[],"product_cat":[57],"product_tag":[3033,3179,3177],"class_list":{"0":"post-6981","1":"product","2":"type-product","3":"status-publish","4":"has-post-thumbnail","6":"product_cat-cocaine","7":"product_tag-kokain","8":"product_tag-kolumbianisches-kokain","9":"product_tag-reines-kokain","11":"first","12":"instock","13":"shipping-taxable","14":"purchasable","15":"product-type-variable"},"yoast_head":"<!-- This site is optimized with the Yoast SEO plugin v27.5 - https:\/\/yoast.com\/product\/yoast-seo-wordpress\/ -->\n<title>Kaufen Sie kolumbianisches Kokain mit 96 % - Chemgramx<\/title>\n<meta name=\"description\" content=\"Kaufen Sie kolumbianisches Kokain 96% rein online. Reines Kokain wurde urspr\u00fcnglich aus den Bl\u00e4ttern des Erythroxylon-Koka-Strauchs gewonnen, der haupts\u00e4chlich in der EU wuchs.\" \/>\n<meta name=\"robots\" content=\"index, follow, max-snippet:-1, max-image-preview:large, max-video-preview:-1\" \/>\n<link rel=\"canonical\" href=\"https:\/\/chemgramx.com\/fr\/produit\/cocaine-colombienne-96-pure\/\" \/>\n<meta property=\"og:locale\" content=\"fr_FR\" \/>\n<meta property=\"og:type\" content=\"article\" \/>\n<meta property=\"og:title\" content=\"Kaufen Sie kolumbianisches Kokain mit 96 % - Chemgramx\" \/>\n<meta property=\"og:description\" content=\"Kaufen Sie kolumbianisches Kokain 96% rein online. Reines Kokain wurde urspr\u00fcnglich aus den Bl\u00e4ttern des Erythroxylon-Koka-Strauchs gewonnen, der haupts\u00e4chlich in der EU wuchs.\" \/>\n<meta property=\"og:url\" content=\"https:\/\/chemgramx.com\/fr\/produit\/cocaine-colombienne-96-pure\/\" \/>\n<meta property=\"og:site_name\" content=\"Chemgramx\" \/>\n<meta property=\"article:modified_time\" content=\"2025-12-10T07:08:02+00:00\" \/>\n<meta property=\"og:image\" content=\"https:\/\/chemgramx.com\/wp-content\/uploads\/2025\/11\/Buy-pure-Columbia-cocaine-online-1.jpg\" \/>\n\t<meta property=\"og:image:width\" content=\"500\" \/>\n\t<meta property=\"og:image:height\" content=\"357\" \/>\n\t<meta property=\"og:image:type\" content=\"image\/jpeg\" \/>\n<meta name=\"twitter:card\" content=\"summary_large_image\" \/>\n<meta name=\"twitter:label1\" content=\"Dur\u00e9e de lecture estim\u00e9e\" \/>\n\t<meta name=\"twitter:data1\" content=\"2 minutes\" \/>\n<script type=\"application\/ld+json\" class=\"yoast-schema-graph\">{\"@context\":\"https:\\\/\\\/schema.org\",\"@graph\":[{\"@type\":\"WebPage\",\"@id\":\"https:\\\/\\\/chemgramx.com\\\/product\\\/kolumbianisches-kokain-96-rein\\\/\",\"url\":\"https:\\\/\\\/chemgramx.com\\\/product\\\/kolumbianisches-kokain-96-rein\\\/\",\"name\":\"Kaufen Sie kolumbianisches Kokain mit 96 % - Chemgramx\",\"isPartOf\":{\"@id\":\"https:\\\/\\\/chemgramx.com\\\/#website\"},\"primaryImageOfPage\":{\"@id\":\"https:\\\/\\\/chemgramx.com\\\/product\\\/kolumbianisches-kokain-96-rein\\\/#primaryimage\"},\"image\":{\"@id\":\"https:\\\/\\\/chemgramx.com\\\/product\\\/kolumbianisches-kokain-96-rein\\\/#primaryimage\"},\"thumbnailUrl\":\"https:\\\/\\\/chemgramx.com\\\/wp-content\\\/uploads\\\/2025\\\/11\\\/Buy-pure-Columbia-cocaine-online-1.jpg\",\"datePublished\":\"2025-11-21T11:11:09+00:00\",\"dateModified\":\"2025-12-10T07:08:02+00:00\",\"description\":\"Kaufen Sie kolumbianisches Kokain 96% rein online. Reines Kokain wurde urspr\u00fcnglich aus den Bl\u00e4ttern des Erythroxylon-Koka-Strauchs gewonnen, der haupts\u00e4chlich in der EU wuchs.\",\"breadcrumb\":{\"@id\":\"https:\\\/\\\/chemgramx.com\\\/product\\\/kolumbianisches-kokain-96-rein\\\/#breadcrumb\"},\"inLanguage\":\"fr-FR\",\"potentialAction\":[{\"@type\":\"ReadAction\",\"target\":[\"https:\\\/\\\/chemgramx.com\\\/product\\\/kolumbianisches-kokain-96-rein\\\/\"]}]},{\"@type\":\"ImageObject\",\"inLanguage\":\"fr-FR\",\"@id\":\"https:\\\/\\\/chemgramx.com\\\/product\\\/kolumbianisches-kokain-96-rein\\\/#primaryimage\",\"url\":\"https:\\\/\\\/chemgramx.com\\\/wp-content\\\/uploads\\\/2025\\\/11\\\/Buy-pure-Columbia-cocaine-online-1.jpg\",\"contentUrl\":\"https:\\\/\\\/chemgramx.com\\\/wp-content\\\/uploads\\\/2025\\\/11\\\/Buy-pure-Columbia-cocaine-online-1.jpg\",\"width\":500,\"height\":357},{\"@type\":\"BreadcrumbList\",\"@id\":\"https:\\\/\\\/chemgramx.com\\\/product\\\/kolumbianisches-kokain-96-rein\\\/#breadcrumb\",\"itemListElement\":[{\"@type\":\"ListItem\",\"position\":1,\"name\":\"Home\",\"item\":\"https:\\\/\\\/chemgramx.com\\\/\"},{\"@type\":\"ListItem\",\"position\":2,\"name\":\"Shop\",\"item\":\"https:\\\/\\\/chemgramx.com\\\/shop\\\/\"},{\"@type\":\"ListItem\",\"position\":3,\"name\":\"Kolumbianisches Kokain Kaufen &#8211; 96% Reinheit | Hohe Qualit\u00e4t\"}]},{\"@type\":\"WebSite\",\"@id\":\"https:\\\/\\\/chemgramx.com\\\/#website\",\"url\":\"https:\\\/\\\/chemgramx.com\\\/\",\"name\":\"Chemgramx\",\"description\":\"\",\"publisher\":{\"@id\":\"https:\\\/\\\/chemgramx.com\\\/#organization\"},\"potentialAction\":[{\"@type\":\"SearchAction\",\"target\":{\"@type\":\"EntryPoint\",\"urlTemplate\":\"https:\\\/\\\/chemgramx.com\\\/?s={search_term_string}\"},\"query-input\":{\"@type\":\"PropertyValueSpecification\",\"valueRequired\":true,\"valueName\":\"search_term_string\"}}],\"inLanguage\":\"fr-FR\"},{\"@type\":\"Organization\",\"@id\":\"https:\\\/\\\/chemgramx.com\\\/#organization\",\"name\":\"Chemgramx\",\"url\":\"https:\\\/\\\/chemgramx.com\\\/\",\"logo\":{\"@type\":\"ImageObject\",\"inLanguage\":\"fr-FR\",\"@id\":\"https:\\\/\\\/chemgramx.com\\\/#\\\/schema\\\/logo\\\/image\\\/\",\"url\":\"https:\\\/\\\/chemgramx.com\\\/wp-content\\\/uploads\\\/2024\\\/10\\\/final-logo.png\",\"contentUrl\":\"https:\\\/\\\/chemgramx.com\\\/wp-content\\\/uploads\\\/2024\\\/10\\\/final-logo.png\",\"width\":250,\"height\":48,\"caption\":\"Chemgramx\"},\"image\":{\"@id\":\"https:\\\/\\\/chemgramx.com\\\/#\\\/schema\\\/logo\\\/image\\\/\"}}]}<\/script>\n<!-- \/ Yoast SEO plugin. -->","yoast_head_json":{"title":"Acheter de la coca\u00efne colombienne avec 96 % - Chemgramx","description":"Achetez de la coca\u00efne colombienne 96% pure en ligne. La coca\u00efne pure \u00e9tait \u00e0 l'origine extraite des feuilles de l'arbuste Erythroxylon Koka, qui poussait principalement dans l'UE.","robots":{"index":"index","follow":"follow","max-snippet":"max-snippet:-1","max-image-preview":"max-image-preview:large","max-video-preview":"max-video-preview:-1"},"canonical":"https:\/\/chemgramx.com\/fr\/produit\/cocaine-colombienne-96-pure\/","og_locale":"fr_FR","og_type":"article","og_title":"Kaufen Sie kolumbianisches Kokain mit 96 % - Chemgramx","og_description":"Kaufen Sie kolumbianisches Kokain 96% rein online. Reines Kokain wurde urspr\u00fcnglich aus den Bl\u00e4ttern des Erythroxylon-Koka-Strauchs gewonnen, der haupts\u00e4chlich in der EU wuchs.","og_url":"https:\/\/chemgramx.com\/fr\/produit\/cocaine-colombienne-96-pure\/","og_site_name":"Chemgramx","article_modified_time":"2025-12-10T07:08:02+00:00","og_image":[{"width":500,"height":357,"url":"https:\/\/chemgramx.com\/wp-content\/uploads\/2025\/11\/Buy-pure-Columbia-cocaine-online-1.jpg","type":"image\/jpeg"}],"twitter_card":"summary_large_image","twitter_misc":{"Dur\u00e9e de lecture estim\u00e9e":"2 minutes"},"schema":{"@context":"https:\/\/schema.org","@graph":[{"@type":"WebPage","@id":"https:\/\/chemgramx.com\/product\/kolumbianisches-kokain-96-rein\/","url":"https:\/\/chemgramx.com\/product\/kolumbianisches-kokain-96-rein\/","name":"Acheter de la coca\u00efne colombienne avec 96 % - Chemgramx","isPartOf":{"@id":"https:\/\/chemgramx.com\/#website"},"primaryImageOfPage":{"@id":"https:\/\/chemgramx.com\/product\/kolumbianisches-kokain-96-rein\/#primaryimage"},"image":{"@id":"https:\/\/chemgramx.com\/product\/kolumbianisches-kokain-96-rein\/#primaryimage"},"thumbnailUrl":"https:\/\/chemgramx.com\/wp-content\/uploads\/2025\/11\/Buy-pure-Columbia-cocaine-online-1.jpg","datePublished":"2025-11-21T11:11:09+00:00","dateModified":"2025-12-10T07:08:02+00:00","description":"Achetez de la coca\u00efne colombienne 96% pure en ligne. La coca\u00efne pure \u00e9tait \u00e0 l'origine extraite des feuilles de l'arbuste Erythroxylon Koka, qui poussait principalement dans l'UE.","breadcrumb":{"@id":"https:\/\/chemgramx.com\/product\/kolumbianisches-kokain-96-rein\/#breadcrumb"},"inLanguage":"fr-FR","potentialAction":[{"@type":"ReadAction","target":["https:\/\/chemgramx.com\/product\/kolumbianisches-kokain-96-rein\/"]}]},{"@type":"ImageObject","inLanguage":"fr-FR","@id":"https:\/\/chemgramx.com\/product\/kolumbianisches-kokain-96-rein\/#primaryimage","url":"https:\/\/chemgramx.com\/wp-content\/uploads\/2025\/11\/Buy-pure-Columbia-cocaine-online-1.jpg","contentUrl":"https:\/\/chemgramx.com\/wp-content\/uploads\/2025\/11\/Buy-pure-Columbia-cocaine-online-1.jpg","width":500,"height":357},{"@type":"BreadcrumbList","@id":"https:\/\/chemgramx.com\/product\/kolumbianisches-kokain-96-rein\/#breadcrumb","itemListElement":[{"@type":"ListItem","position":1,"name":"Home","item":"https:\/\/chemgramx.com\/"},{"@type":"ListItem","position":2,"name":"Shop","item":"https:\/\/chemgramx.com\/shop\/"},{"@type":"ListItem","position":3,"name":"Kolumbianisches Kokain Kaufen &#8211; 96% Reinheit | Hohe Qualit\u00e4t"}]},{"@type":"WebSite","@id":"https:\/\/chemgramx.com\/#website","url":"https:\/\/chemgramx.com\/","name":"Chemgramx","description":"","publisher":{"@id":"https:\/\/chemgramx.com\/#organization"},"potentialAction":[{"@type":"SearchAction","target":{"@type":"EntryPoint","urlTemplate":"https:\/\/chemgramx.com\/?s={search_term_string}"},"query-input":{"@type":"PropertyValueSpecification","valueRequired":true,"valueName":"search_term_string"}}],"inLanguage":"fr-FR"},{"@type":"Organization","@id":"https:\/\/chemgramx.com\/#organization","name":"Chemgramx","url":"https:\/\/chemgramx.com\/","logo":{"@type":"ImageObject","inLanguage":"fr-FR","@id":"https:\/\/chemgramx.com\/#\/schema\/logo\/image\/","url":"https:\/\/chemgramx.com\/wp-content\/uploads\/2024\/10\/final-logo.png","contentUrl":"https:\/\/chemgramx.com\/wp-content\/uploads\/2024\/10\/final-logo.png","width":250,"height":48,"caption":"Chemgramx"},"image":{"@id":"https:\/\/chemgramx.com\/#\/schema\/logo\/image\/"}}]}},"_links":{"self":[{"href":"https:\/\/chemgramx.com\/fr\/wp-json\/wp\/v2\/product\/6981","targetHints":{"allow":["GET"]}}],"collection":[{"href":"https:\/\/chemgramx.com\/fr\/wp-json\/wp\/v2\/product"}],"about":[{"href":"https:\/\/chemgramx.com\/fr\/wp-json\/wp\/v2\/types\/product"}],"replies":[{"embeddable":true,"href":"https:\/\/chemgramx.com\/fr\/wp-json\/wp\/v2\/comments?post=6981"}],"wp:featuredmedia":[{"embeddable":true,"href":"https:\/\/chemgramx.com\/fr\/wp-json\/wp\/v2\/media\/6996"}],"wp:attachment":[{"href":"https:\/\/chemgramx.com\/fr\/wp-json\/wp\/v2\/media?parent=6981"}],"wp:term":[{"taxonomy":"product_brand","embeddable":true,"href":"https:\/\/chemgramx.com\/fr\/wp-json\/wp\/v2\/product_brand?post=6981"},{"taxonomy":"product_cat","embeddable":true,"href":"https:\/\/chemgramx.com\/fr\/wp-json\/wp\/v2\/product_cat?post=6981"},{"taxonomy":"product_tag","embeddable":true,"href":"https:\/\/chemgramx.com\/fr\/wp-json\/wp\/v2\/product_tag?post=6981"}],"curies":[{"name":"wp","href":"https:\/\/api.w.org\/{rel}","templated":true}]}}