{"id":6984,"date":"2025-11-21T11:11:09","date_gmt":"2025-11-21T11:11:09","guid":{"rendered":"https:\/\/chemgramx.com\/?post_type=product&#038;p=6984"},"modified":"2025-12-10T07:10:15","modified_gmt":"2025-12-10T07:10:15","slug":"cocaine-pure-non-coupee","status":"publish","type":"product","link":"https:\/\/chemgramx.com\/fr\/product\/reines-unverschnittenes-kokain\/","title":{"rendered":"Acheter de la coca\u00efne \u2013 Acheter le produit le plus pur en ligne"},"content":{"rendered":"<p>Chemgramx est fier de pr\u00e9senter un produit qui \u00e9tablit de nouvelles normes dans sa cat\u00e9gorie. Qui <b>Coca\u00efne pure, non coup\u00e9e, mise en vente<\/b> trouvent chez nous une source d'une qualit\u00e9 et d'une authenticit\u00e9 exceptionnelles. En effet, notre offre est sp\u00e9cialement con\u00e7ue pour ceux qui ont les exigences les plus \u00e9lev\u00e9es en mati\u00e8re de puret\u00e9 et de pr\u00e9cision analytique. Nous nous engageons \u00e0 ne proposer que des produits provenant de <b>coca\u00efne de premi\u00e8re qualit\u00e9<\/b> adapt\u00e9s \u00e0 des analyses scientifiques et \u00e0 des recherches s\u00e9rieuses. D\u00e9couvrez un produit fabriqu\u00e9 avec le plus grand soin et dans les conditions de laboratoire les plus strictes. Il constitue donc le choix id\u00e9al pour les utilisateurs exigeants.<\/p>\n<h2>Comprendre la puret\u00e9 de la coca\u00efne<\/h2>\n<p>L'int\u00e9grit\u00e9 d'un produit chimique, en particulier de la coca\u00efne, d\u00e9pend essentiellement de sa puret\u00e9. <b>C'est pourquoi notre priorit\u00e9 absolue est de proposer exclusivement des substances d'une grande puret\u00e9.<\/b> Chemgramx d\u00e9fini <b>Coca\u00efne de qualit\u00e9 sup\u00e9rieure<\/b> gr\u00e2ce \u00e0 un processus rigoureux d'approvisionnement en mat\u00e9riaux et \u00e0 des contr\u00f4les qualit\u00e9 complets. De plus, nous garantissons que chaque lot de <b>Qualit\u00e9 de la recherche Coca\u00efne \u00e0 vendre<\/b> soumis \u00e0 des analyses rigoureuses en laboratoire. Cela garantit une coh\u00e9rence indispensable \u00e0 la pr\u00e9cision des travaux scientifiques. De plus, nous \u00e9vitons tout diluant afin de pr\u00e9server la structure chimique authentique.<\/p>\n<h3>Synth\u00e8se et contr\u00f4le qualit\u00e9<\/h3>\n<p>Notre engagement pour <b>Coca\u00efne authentique<\/b> commence d\u00e8s la s\u00e9lection rigoureuse de nos sources d'approvisionnement. Cependant, nous nous approvisionnons directement aupr\u00e8s de producteurs \u00e9tablis, ce qui exclut d'embl\u00e9e les interm\u00e9diaires et les contaminations potentielles. Cela nous permet d'assurer une tra\u00e7abilit\u00e9 sans faille et une cha\u00eene d'approvisionnement transparente. Par cons\u00e9quent, chaque produit est soumis \u00e0 une analyse d\u00e9taill\u00e9e afin de confirmer son identit\u00e9 et sa puret\u00e9. De plus, nous utilisons des techniques d'analyse de pointe pour vous garantir que vous ne consommez que le <b>meilleure coca\u00efne disponible<\/b> Ces processus garantissent une qualit\u00e9 incomparable.<\/p>\n<h3>M\u00e9thodes analytiques pour d\u00e9terminer la puret\u00e9<\/h3>\n<p>Pour tenir la promesse <b>Coca\u00efne de qualit\u00e9 laboratoire \u00e0 vendre<\/b> Pour garantir cela, nous utilisons une s\u00e9rie de m\u00e9thodes analytiques sophistiqu\u00e9es. Nous recourons notamment \u00e0 la chromatographie en phase gazeuse coupl\u00e9e \u00e0 la spectrom\u00e9trie de masse (GC-MS) et \u00e0 la chromatographie liquide haute performance (HPLC). Ces techniques nous permettent non seulement de d\u00e9terminer avec pr\u00e9cision la puret\u00e9 de la coca\u00efne, mais aussi d'identifier les traces les plus infimes de sous-produits ind\u00e9sirables ou d'impuret\u00e9s. Nous garantissons ainsi que notre produit r\u00e9pond aux normes internationales les plus strictes. Notre objectif est de vous offrir une substance dont l'int\u00e9grit\u00e9 chimique est incontestable.<\/p>\n<h2>La science derri\u00e8re la coca\u00efne : m\u00e9canisme d'action et potentiel de recherche<\/h2>\n<p>La coca\u00efne, sous forme de benzoylm\u00e9thyl-ecgonine, est un alcalo\u00efde fascinant qui fait l'objet de recherches intensives en neurosciences. En effet, elle agit principalement comme un inhibiteur de la recapture de la s\u00e9rotonine, de la noradr\u00e9naline et de la dopamine (SNDRI), ce qui explique ses effets complexes sur le syst\u00e8me nerveux central. Le blocage pr\u00e9cis de ces transporteurs de neurotransmetteurs entra\u00eene une augmentation des concentrations dans la fente synaptique. De plus, la compr\u00e9hension de ces m\u00e9canismes est essentielle pour le d\u00e9veloppement de traitements. Les chercheurs utilisent donc notre produit pour des \u00e9tudes portant sur les voies de signalisation neuronales et les r\u00e9ponses pharmacologiques.<\/p>\n<h3>Perspectives neuroscientifiques<\/h3>\n<p>Dans la recherche en neurosciences, la coca\u00efne est un outil pr\u00e9cieux pour \u00e9tudier la dynamique des syst\u00e8mes de r\u00e9compense et les m\u00e9canismes de d\u00e9veloppement de la d\u00e9pendance. \u00c0 cet \u00e9gard, l'utilisation d'une substance aussi pure permet d'obtenir des r\u00e9sultats pr\u00e9cis et reproductibles. Les scientifiques peuvent, par exemple, \u00e9tudier les effets \u00e0 long terme sur la neuroplasticit\u00e9 et l'expression g\u00e9n\u00e9tique. De plus, elle permet de mieux comprendre les interactions avec d'autres substances psychoactives. Pour ceux qui s'int\u00e9ressent \u00e0 d'autres possibilit\u00e9s de recherche dans le domaine des substances psychotropes, nous recommandons \u00e9galement nos produits sp\u00e9cialis\u00e9s tels que <a href='https:\/\/chemgramx.com\/product\/buddha-boys-thc-gummies-2000mg\/'>Bonbons g\u00e9lifi\u00e9s au THC Buddha Boys<\/a>.<\/p>\n<h3>Utilisation dans la recherche<\/h3>\n<p>L'utilisation de la coca\u00efne dans la recherche s'\u00e9tend \u00e0 diff\u00e9rentes disciplines, de la pharmacologie \u00e0 l'\u00e9tude du comportement. Elle offre des possibilit\u00e9s uniques pour \u00e9tudier des processus biologiques complexes. Elle est \u00e9galement utilis\u00e9e pour d\u00e9velopper de nouveaux m\u00e9dicaments et th\u00e9rapies visant \u00e0 moduler les syst\u00e8mes neurotransmetteurs. Sa capacit\u00e9 \u00e0 influencer des r\u00e9cepteurs sp\u00e9cifiques en fait notamment un r\u00e9actif indispensable. Une autre substance qui suscite un grand int\u00e9r\u00eat dans la recherche est <a href='https:\/\/chemgramx.com\/product\/3-mmc-3-methylmethcathinon-online-kaufen\/'>3-MMC (3-m\u00e9thylm\u00e9thcathinone)<\/a>, \u00e9galement disponibles \u00e0 des fins analytiques. Ces mat\u00e9riaux sont indispensables \u00e0 la recherche de pointe.<\/p>\n<h2>Utilisation responsable et aspects juridiques<\/h2>\n<p>L'acquisition et l'utilisation de coca\u00efne, m\u00eame \u00e0 des fins scientifiques, exigent un haut degr\u00e9 de responsabilit\u00e9 et le strict respect de toutes les dispositions l\u00e9gales. Il est primordial de toujours s'informer des dispositions en vigueur dans votre pays. Nos produits sont <b>exclusivement \u00e0 des fins de recherche, d'analyse et de collection<\/b> et non destin\u00e9s \u00e0 la consommation humaine. Par cons\u00e9quent, nous d\u00e9clinons toute responsabilit\u00e9 en cas d'utilisation abusive ou de non-respect des lois locales. Afin de <b>Acheter en ligne maintenant<\/b> , nous mettons \u00e0 disposition une plateforme s\u00e9curis\u00e9e et transparente.<\/p>\n<h3>Conformit\u00e9 aux directives<\/h3>\n<p>Le respect des directives mondiales et locales est non n\u00e9gociable pour Chemgramx. Nous accordons une grande importance \u00e0 ce que nos clients soient pleinement inform\u00e9s des utilisations pr\u00e9vues et du cadre juridique associ\u00e9. De plus, nous vous aidons \u00e0 vous approvisionner de mani\u00e8re responsable en <b>Qualit\u00e9 de la recherche Coca\u00efne \u00e0 vendre<\/b>, en fournissant des sp\u00e9cifications d\u00e9taill\u00e9es et des certificats d'analyse. Cependant, la responsabilit\u00e9 finale de l'utilisation l\u00e9gale incombe toujours \u00e0 l'acheteur. Nous vous demandons donc de v\u00e9rifier attentivement les lois en vigueur avant de passer une commande. Cela garantit une transaction conforme \u00e0 la loi.<\/p>\n<h3>Achat s\u00e9curis\u00e9 et discret<\/h3>\n<p>La discr\u00e9tion et la s\u00e9curit\u00e9 de votre commande sont notre priorit\u00e9 absolue. C'est pourquoi tous les produits sont emball\u00e9s dans un emballage neutre qui ne permet en aucun cas de deviner son contenu. Votre vie priv\u00e9e est ainsi pr\u00e9serv\u00e9e \u00e0 tout moment. Nous proposons \u00e9galement diverses options de paiement anonymes, notamment des cryptomonnaies telles que Bitcoin et USDT, afin de garantir une <b>Achat s\u00e9curis\u00e9<\/b> garantir. Si vous <b>Commander de la coca\u00efne en ligne<\/b> , vous b\u00e9n\u00e9ficiez de notre processus optimis\u00e9, qui allie simplicit\u00e9 et normes de s\u00e9curit\u00e9 maximales. Vous pouvez \u00eatre assur\u00e9 que votre demande sera trait\u00e9e de mani\u00e8re confidentielle et professionnelle, en particulier si vous d\u00e9cidez de, <b>acheter chez Chemgramx<\/b>.<\/p>\n<h2>Foire aux questions sur la coca\u00efne<\/h2>\n<ul>\n<li><b>question :<\/b> Dans quelle mesure le processus est-il discret lorsque l'on <b>Commander de la coca\u00efne en ligne<\/b> souhaite ?<br \/>\n    <b>R\u00e9ponse :<\/b> Nos processus sont con\u00e7us pour garantir une discr\u00e9tion maximale. Chaque commande est trait\u00e9e de mani\u00e8re neutre, sans aucune indication sur son contenu ou son exp\u00e9diteur. Votre confidentialit\u00e9 est ainsi toujours garantie et nous veillons \u00e0 ce que toutes les \u00e9tapes soient r\u00e9alis\u00e9es avec le plus grand soin. Vous pouvez donc compter sur une r\u00e9ception discr\u00e8te.<\/li>\n<li><b>question :<\/b> Est-ce que c'est <b>Acheter de la coca\u00efne<\/b> l\u00e9gal pour mes besoins ?<br \/>\n    <b>R\u00e9ponse :<\/b> Nos offres s'adressent exclusivement aux personnes qui ont besoin de produits \u00e0 des fins d'analyse, de recherche et de collection. Il incombe \u00e0 l'acheteur de v\u00e9rifier et de respecter les lois locales et nationales avant de passer une commande. Nous vous invitons donc instamment \u00e0 vous informer de mani\u00e8re exhaustive au pr\u00e9alable.<\/li>\n<li><b>question :<\/b> Quelles sont les options de paiement disponibles pour <b>coca\u00efne pure \u00e0 vendre<\/b> acheter ?<br \/>\n    <b>R\u00e9ponse :<\/b> Pour votre confort et votre s\u00e9curit\u00e9, nous proposons diff\u00e9rentes options de paiement anonymes. Il s'agit notamment des cryptomonnaies courantes telles que le Bitcoin (BTC) et l'USDT, ainsi que la possibilit\u00e9 d'effectuer un virement bancaire pour certains clients. Ces options permettent un <b>Achat s\u00e9curis\u00e9<\/b> et une confidentialit\u00e9 maximale lors de votre transaction.<\/li>\n<\/ul>","protected":false},"excerpt":{"rendered":"<p><span dir=\"auto\">Nous avons en stock de la coca\u00efne bolivienne et colombienne pure et non coup\u00e9e. N'h\u00e9sitez pas \u00e0 nous passer vos commandes en gros.<\/span><\/p>\n<p><span dir=\"auto\">Commandez un \u00e9chantillon ici ou contactez-nous pour discuter de commandes plus importantes.<\/span><\/p>","protected":false},"featured_media":7024,"comment_status":"closed","ping_status":"closed","template":"","meta":{"_joinchat":[]},"product_brand":[],"product_cat":[57],"product_tag":[3180,3027,3177],"class_list":{"0":"post-6984","1":"product","2":"type-product","3":"status-publish","4":"has-post-thumbnail","6":"product_cat-cocaine","7":"product_tag-kokain-online-kaufen","8":"product_tag-kokain-zu-verkaufen","9":"product_tag-reines-kokain","11":"first","12":"instock","13":"shipping-taxable","14":"purchasable","15":"product-type-variable"},"yoast_head":"<!-- This site is optimized with the Yoast SEO plugin v27.5 - https:\/\/yoast.com\/product\/yoast-seo-wordpress\/ -->\n<title>Reines, unverschnittenes Kokain - Chemgramx<\/title>\n<meta name=\"description\" content=\"Wir haben reines, unverschnittenes bolivianisches und kolumbianisches Kokain auf Lager. Gro\u00dfbestellungen k\u00f6nnen Sie gerne direkt bei uns bestellen.\" \/>\n<meta name=\"robots\" content=\"index, follow, max-snippet:-1, max-image-preview:large, max-video-preview:-1\" \/>\n<link rel=\"canonical\" href=\"https:\/\/chemgramx.com\/fr\/produit\/cocaine-pure-non-coupee\/\" \/>\n<meta property=\"og:locale\" content=\"fr_FR\" \/>\n<meta property=\"og:type\" content=\"article\" \/>\n<meta property=\"og:title\" content=\"Reines, unverschnittenes Kokain - Chemgramx\" \/>\n<meta property=\"og:description\" content=\"Wir haben reines, unverschnittenes bolivianisches und kolumbianisches Kokain auf Lager. Gro\u00dfbestellungen k\u00f6nnen Sie gerne direkt bei uns bestellen.\" \/>\n<meta property=\"og:url\" content=\"https:\/\/chemgramx.com\/fr\/produit\/cocaine-pure-non-coupee\/\" \/>\n<meta property=\"og:site_name\" content=\"Chemgramx\" \/>\n<meta property=\"article:modified_time\" content=\"2025-12-10T07:10:15+00:00\" \/>\n<meta property=\"og:image\" content=\"https:\/\/chemgramx.com\/wp-content\/uploads\/2025\/11\/powdered-cocaine-300x300-1.jpg\" \/>\n\t<meta property=\"og:image:width\" content=\"300\" \/>\n\t<meta property=\"og:image:height\" content=\"300\" \/>\n\t<meta property=\"og:image:type\" content=\"image\/jpeg\" \/>\n<meta name=\"twitter:card\" content=\"summary_large_image\" \/>\n<meta name=\"twitter:label1\" content=\"Dur\u00e9e de lecture estim\u00e9e\" \/>\n\t<meta name=\"twitter:data1\" content=\"2 minutes\" \/>\n<script type=\"application\/ld+json\" class=\"yoast-schema-graph\">{\"@context\":\"https:\\\/\\\/schema.org\",\"@graph\":[{\"@type\":\"WebPage\",\"@id\":\"https:\\\/\\\/chemgramx.com\\\/product\\\/reines-unverschnittenes-kokain\\\/\",\"url\":\"https:\\\/\\\/chemgramx.com\\\/product\\\/reines-unverschnittenes-kokain\\\/\",\"name\":\"Reines, unverschnittenes Kokain - Chemgramx\",\"isPartOf\":{\"@id\":\"https:\\\/\\\/chemgramx.com\\\/#website\"},\"primaryImageOfPage\":{\"@id\":\"https:\\\/\\\/chemgramx.com\\\/product\\\/reines-unverschnittenes-kokain\\\/#primaryimage\"},\"image\":{\"@id\":\"https:\\\/\\\/chemgramx.com\\\/product\\\/reines-unverschnittenes-kokain\\\/#primaryimage\"},\"thumbnailUrl\":\"https:\\\/\\\/chemgramx.com\\\/wp-content\\\/uploads\\\/2025\\\/11\\\/powdered-cocaine-300x300-1.jpg\",\"datePublished\":\"2025-11-21T11:11:09+00:00\",\"dateModified\":\"2025-12-10T07:10:15+00:00\",\"description\":\"Wir haben reines, unverschnittenes bolivianisches und kolumbianisches Kokain auf Lager. Gro\u00dfbestellungen k\u00f6nnen Sie gerne direkt bei uns bestellen.\",\"breadcrumb\":{\"@id\":\"https:\\\/\\\/chemgramx.com\\\/product\\\/reines-unverschnittenes-kokain\\\/#breadcrumb\"},\"inLanguage\":\"fr-FR\",\"potentialAction\":[{\"@type\":\"ReadAction\",\"target\":[\"https:\\\/\\\/chemgramx.com\\\/product\\\/reines-unverschnittenes-kokain\\\/\"]}]},{\"@type\":\"ImageObject\",\"inLanguage\":\"fr-FR\",\"@id\":\"https:\\\/\\\/chemgramx.com\\\/product\\\/reines-unverschnittenes-kokain\\\/#primaryimage\",\"url\":\"https:\\\/\\\/chemgramx.com\\\/wp-content\\\/uploads\\\/2025\\\/11\\\/powdered-cocaine-300x300-1.jpg\",\"contentUrl\":\"https:\\\/\\\/chemgramx.com\\\/wp-content\\\/uploads\\\/2025\\\/11\\\/powdered-cocaine-300x300-1.jpg\",\"width\":300,\"height\":300},{\"@type\":\"BreadcrumbList\",\"@id\":\"https:\\\/\\\/chemgramx.com\\\/product\\\/reines-unverschnittenes-kokain\\\/#breadcrumb\",\"itemListElement\":[{\"@type\":\"ListItem\",\"position\":1,\"name\":\"Home\",\"item\":\"https:\\\/\\\/chemgramx.com\\\/\"},{\"@type\":\"ListItem\",\"position\":2,\"name\":\"Shop\",\"item\":\"https:\\\/\\\/chemgramx.com\\\/shop\\\/\"},{\"@type\":\"ListItem\",\"position\":3,\"name\":\"Kokain Kaufen &#8211; Reinstes Produkt Online Erwerben\"}]},{\"@type\":\"WebSite\",\"@id\":\"https:\\\/\\\/chemgramx.com\\\/#website\",\"url\":\"https:\\\/\\\/chemgramx.com\\\/\",\"name\":\"Chemgramx\",\"description\":\"\",\"publisher\":{\"@id\":\"https:\\\/\\\/chemgramx.com\\\/#organization\"},\"potentialAction\":[{\"@type\":\"SearchAction\",\"target\":{\"@type\":\"EntryPoint\",\"urlTemplate\":\"https:\\\/\\\/chemgramx.com\\\/?s={search_term_string}\"},\"query-input\":{\"@type\":\"PropertyValueSpecification\",\"valueRequired\":true,\"valueName\":\"search_term_string\"}}],\"inLanguage\":\"fr-FR\"},{\"@type\":\"Organization\",\"@id\":\"https:\\\/\\\/chemgramx.com\\\/#organization\",\"name\":\"Chemgramx\",\"url\":\"https:\\\/\\\/chemgramx.com\\\/\",\"logo\":{\"@type\":\"ImageObject\",\"inLanguage\":\"fr-FR\",\"@id\":\"https:\\\/\\\/chemgramx.com\\\/#\\\/schema\\\/logo\\\/image\\\/\",\"url\":\"https:\\\/\\\/chemgramx.com\\\/wp-content\\\/uploads\\\/2024\\\/10\\\/final-logo.png\",\"contentUrl\":\"https:\\\/\\\/chemgramx.com\\\/wp-content\\\/uploads\\\/2024\\\/10\\\/final-logo.png\",\"width\":250,\"height\":48,\"caption\":\"Chemgramx\"},\"image\":{\"@id\":\"https:\\\/\\\/chemgramx.com\\\/#\\\/schema\\\/logo\\\/image\\\/\"}}]}<\/script>\n<!-- \/ Yoast SEO plugin. -->","yoast_head_json":{"title":"Coca\u00efne pure, non coup\u00e9e - Chemgramx","description":"Nous avons en stock de la coca\u00efne bolivienne et colombienne pure et non coup\u00e9e. N'h\u00e9sitez pas \u00e0 nous passer vos commandes en gros.","robots":{"index":"index","follow":"follow","max-snippet":"max-snippet:-1","max-image-preview":"max-image-preview:large","max-video-preview":"max-video-preview:-1"},"canonical":"https:\/\/chemgramx.com\/fr\/produit\/cocaine-pure-non-coupee\/","og_locale":"fr_FR","og_type":"article","og_title":"Reines, unverschnittenes Kokain - Chemgramx","og_description":"Wir haben reines, unverschnittenes bolivianisches und kolumbianisches Kokain auf Lager. Gro\u00dfbestellungen k\u00f6nnen Sie gerne direkt bei uns bestellen.","og_url":"https:\/\/chemgramx.com\/fr\/produit\/cocaine-pure-non-coupee\/","og_site_name":"Chemgramx","article_modified_time":"2025-12-10T07:10:15+00:00","og_image":[{"width":300,"height":300,"url":"https:\/\/chemgramx.com\/wp-content\/uploads\/2025\/11\/powdered-cocaine-300x300-1.jpg","type":"image\/jpeg"}],"twitter_card":"summary_large_image","twitter_misc":{"Dur\u00e9e de lecture estim\u00e9e":"2 minutes"},"schema":{"@context":"https:\/\/schema.org","@graph":[{"@type":"WebPage","@id":"https:\/\/chemgramx.com\/product\/reines-unverschnittenes-kokain\/","url":"https:\/\/chemgramx.com\/product\/reines-unverschnittenes-kokain\/","name":"Coca\u00efne pure, non coup\u00e9e - Chemgramx","isPartOf":{"@id":"https:\/\/chemgramx.com\/#website"},"primaryImageOfPage":{"@id":"https:\/\/chemgramx.com\/product\/reines-unverschnittenes-kokain\/#primaryimage"},"image":{"@id":"https:\/\/chemgramx.com\/product\/reines-unverschnittenes-kokain\/#primaryimage"},"thumbnailUrl":"https:\/\/chemgramx.com\/wp-content\/uploads\/2025\/11\/powdered-cocaine-300x300-1.jpg","datePublished":"2025-11-21T11:11:09+00:00","dateModified":"2025-12-10T07:10:15+00:00","description":"Nous avons en stock de la coca\u00efne bolivienne et colombienne pure et non coup\u00e9e. N'h\u00e9sitez pas \u00e0 nous passer vos commandes en gros.","breadcrumb":{"@id":"https:\/\/chemgramx.com\/product\/reines-unverschnittenes-kokain\/#breadcrumb"},"inLanguage":"fr-FR","potentialAction":[{"@type":"ReadAction","target":["https:\/\/chemgramx.com\/product\/reines-unverschnittenes-kokain\/"]}]},{"@type":"ImageObject","inLanguage":"fr-FR","@id":"https:\/\/chemgramx.com\/product\/reines-unverschnittenes-kokain\/#primaryimage","url":"https:\/\/chemgramx.com\/wp-content\/uploads\/2025\/11\/powdered-cocaine-300x300-1.jpg","contentUrl":"https:\/\/chemgramx.com\/wp-content\/uploads\/2025\/11\/powdered-cocaine-300x300-1.jpg","width":300,"height":300},{"@type":"BreadcrumbList","@id":"https:\/\/chemgramx.com\/product\/reines-unverschnittenes-kokain\/#breadcrumb","itemListElement":[{"@type":"ListItem","position":1,"name":"Home","item":"https:\/\/chemgramx.com\/"},{"@type":"ListItem","position":2,"name":"Shop","item":"https:\/\/chemgramx.com\/shop\/"},{"@type":"ListItem","position":3,"name":"Kokain Kaufen &#8211; Reinstes Produkt Online Erwerben"}]},{"@type":"WebSite","@id":"https:\/\/chemgramx.com\/#website","url":"https:\/\/chemgramx.com\/","name":"Chemgramx","description":"","publisher":{"@id":"https:\/\/chemgramx.com\/#organization"},"potentialAction":[{"@type":"SearchAction","target":{"@type":"EntryPoint","urlTemplate":"https:\/\/chemgramx.com\/?s={search_term_string}"},"query-input":{"@type":"PropertyValueSpecification","valueRequired":true,"valueName":"search_term_string"}}],"inLanguage":"fr-FR"},{"@type":"Organization","@id":"https:\/\/chemgramx.com\/#organization","name":"Chemgramx","url":"https:\/\/chemgramx.com\/","logo":{"@type":"ImageObject","inLanguage":"fr-FR","@id":"https:\/\/chemgramx.com\/#\/schema\/logo\/image\/","url":"https:\/\/chemgramx.com\/wp-content\/uploads\/2024\/10\/final-logo.png","contentUrl":"https:\/\/chemgramx.com\/wp-content\/uploads\/2024\/10\/final-logo.png","width":250,"height":48,"caption":"Chemgramx"},"image":{"@id":"https:\/\/chemgramx.com\/#\/schema\/logo\/image\/"}}]}},"_links":{"self":[{"href":"https:\/\/chemgramx.com\/fr\/wp-json\/wp\/v2\/product\/6984","targetHints":{"allow":["GET"]}}],"collection":[{"href":"https:\/\/chemgramx.com\/fr\/wp-json\/wp\/v2\/product"}],"about":[{"href":"https:\/\/chemgramx.com\/fr\/wp-json\/wp\/v2\/types\/product"}],"replies":[{"embeddable":true,"href":"https:\/\/chemgramx.com\/fr\/wp-json\/wp\/v2\/comments?post=6984"}],"wp:featuredmedia":[{"embeddable":true,"href":"https:\/\/chemgramx.com\/fr\/wp-json\/wp\/v2\/media\/7024"}],"wp:attachment":[{"href":"https:\/\/chemgramx.com\/fr\/wp-json\/wp\/v2\/media?parent=6984"}],"wp:term":[{"taxonomy":"product_brand","embeddable":true,"href":"https:\/\/chemgramx.com\/fr\/wp-json\/wp\/v2\/product_brand?post=6984"},{"taxonomy":"product_cat","embeddable":true,"href":"https:\/\/chemgramx.com\/fr\/wp-json\/wp\/v2\/product_cat?post=6984"},{"taxonomy":"product_tag","embeddable":true,"href":"https:\/\/chemgramx.com\/fr\/wp-json\/wp\/v2\/product_tag?post=6984"}],"curies":[{"name":"wp","href":"https:\/\/api.w.org\/{rel}","templated":true}]}}