{"id":699,"date":"2024-10-21T20:06:20","date_gmt":"2024-10-21T20:06:20","guid":{"rendered":"https:\/\/chemgramx.com\/?post_type=product&#038;p=699"},"modified":"2025-09-08T08:18:09","modified_gmt":"2025-09-08T08:18:09","slug":"6-apb-6-2-aminopropylbenzofuran","status":"publish","type":"product","link":"https:\/\/chemgramx.com\/fr\/produit\/6-apb-6-2-aminopropylbenzofuran\/","title":{"rendered":"Acheter 6-APB (6-(2-Aminopropyl)benzofurane) en ligne"},"content":{"rendered":"<h2 data-start=\"156\" data-end=\"208\">Achetez du 6-APB en ligne aupr\u00e8s d'une source de recherche fiable<\/h2>\n<h3 data-start=\"210\" data-end=\"264\">Acheter 6-APB (6-(2-Aminopropyl)benzofurane) en ligne<\/h3>\n<p data-start=\"266\" data-end=\"790\">Le 6-APB (6-(2-aminopropyl)benzofurane) est un compos\u00e9 synth\u00e9tique du groupe des benzofuranes, appartenant aux empathog\u00e8nes et aux stimulants. Appel\u00e9 chimiquement 6-(2-aminopropyl)benzofurane, ce compos\u00e9 est utilis\u00e9 en recherche pour \u00e9tudier ses effets sur le syst\u00e8me nerveux central, en particulier sur les neurotransmetteurs tels que la s\u00e9rotonine, la dopamine et la noradr\u00e9naline. En raison de sa structure et de ses effets uniques, <a href=\"https:\/\/chemgramx.com\/fr\/produit\/6-apb-6-2-aminopropylbenzofuran\/\">6-APB \u00e0 vendre<\/a> de plus en plus demand\u00e9 par les scientifiques.<\/p>\n<h3 data-start=\"792\" data-end=\"840\">Est-il l\u00e9gal d\u2019acheter du 6-APB dans votre pays ?<\/h3>\n<p data-start=\"842\" data-end=\"1301\">La l\u00e9galit\u00e9 de <a href=\"https:\/\/en.wikipedia.org\/wiki\/6-APB\">ordre 6-APB<\/a> varie consid\u00e9rablement d'un pays \u00e0 l'autre. Dans de nombreuses r\u00e9gions, cette substance est soumise \u00e0 des restrictions l\u00e9gales ou \u00e0 des interdictions, tandis que dans d'autres, elle n'est pas encore explicitement r\u00e9glement\u00e9e. Par cons\u00e9quent, avant tout achat, il est imp\u00e9ratif de v\u00e9rifier la l\u00e9gislation locale afin de garantir un achat s\u00fbr. Le 6-APB est destin\u00e9 exclusivement \u00e0 la recherche et ne peut \u00eatre utilis\u00e9 pour la consommation humaine.<\/p>\n<h3 data-start=\"1303\" data-end=\"1356\">Pourquoi les chercheurs commandent-ils de plus en plus de 6-APB en ligne ?<\/h3>\n<p data-start=\"1358\" data-end=\"1413\">Acheter en ligne offre aux chercheurs de nombreux avantages :<\/p>\n<ul data-start=\"1415\" data-end=\"1616\">\n<li data-start=\"1415\" data-end=\"1450\">\n<p data-start=\"1417\" data-end=\"1450\">Livraison discr\u00e8te et rapide<\/p>\n<\/li>\n<li data-start=\"1451\" data-end=\"1496\">\n<p data-start=\"1453\" data-end=\"1496\">Quantit\u00e9s de commande et niveaux de puret\u00e9 flexibles<\/p>\n<\/li>\n<li data-start=\"1497\" data-end=\"1557\">\n<p data-start=\"1499\" data-end=\"1557\">Informations transparentes sur les produits et certificats d'analyse<\/p>\n<\/li>\n<li data-start=\"1558\" data-end=\"1616\">\n<p data-start=\"1560\" data-end=\"1616\">Des processus de commande simples avec des m\u00e9thodes de paiement s\u00e9curis\u00e9es<\/p>\n<\/li>\n<\/ul>\n<p data-start=\"1618\" data-end=\"1800\">Si vous vous demandez o\u00f9 acheter du 6-APB ou recherchez le meilleur endroit pour acheter du 6-APB en ligne, vous trouverez la meilleure combinaison de qualit\u00e9 et de service aupr\u00e8s de sources fiables.<\/p>\n<h3 data-start=\"1802\" data-end=\"1857\">Wie erkennt man einen seri\u00f6sen Anbieter von 6-APB?<\/h3>\n<p data-start=\"1859\" data-end=\"1934\">Lors de l'achat de 6-APB en ligne, vous devez pr\u00eater attention aux crit\u00e8res suivants :<\/p>\n<ul data-start=\"1936\" data-end=\"2160\">\n<li data-start=\"1936\" data-end=\"1984\">\n<p data-start=\"1938\" data-end=\"1984\">Pr\u00e9sence de COA (Certificats d'analyse)<\/p>\n<\/li>\n<li data-start=\"1985\" data-end=\"2031\">\n<p data-start=\"1987\" data-end=\"2031\">Avis positifs d'autres chercheurs<\/p>\n<\/li>\n<li data-start=\"2032\" data-end=\"2107\">\n<p data-start=\"2034\" data-end=\"2107\">Descriptions de produits transparentes avec des informations sur la puret\u00e9 et l'origine<\/p>\n<\/li>\n<li data-start=\"2108\" data-end=\"2160\">\n<p data-start=\"2110\" data-end=\"2160\">M\u00e9thodes de paiement s\u00e9curis\u00e9es et traitement discret<\/p>\n<\/li>\n<\/ul>\n<p data-start=\"2162\" data-end=\"2249\">Seul un revendeur r\u00e9put\u00e9 garantit une qualit\u00e9 test\u00e9e et un prix \u00e9quitable de 6 APB.<\/p>\n<h3 data-start=\"2251\" data-end=\"2306\">\u00c9vitez les pi\u00e8ges de la fraude et les produits de qualit\u00e9 inf\u00e9rieure<\/h3>\n<p data-start=\"2308\" data-end=\"2348\">\u00c9vitez les fournisseurs douteux qui :<\/p>\n<ul data-start=\"2350\" data-end=\"2535\">\n<li data-start=\"2350\" data-end=\"2402\">\n<p data-start=\"2352\" data-end=\"2402\">Extrem niedrige Preise ohne Zertifikate anbieten<\/p>\n<\/li>\n<li data-start=\"2403\" data-end=\"2444\">\n<p data-start=\"2405\" data-end=\"2444\">Fournir les informations manquantes sur le produit<\/p>\n<\/li>\n<li data-start=\"2445\" data-end=\"2489\">\n<p data-start=\"2447\" data-end=\"2489\">Ne pas fournir d'options de contact<\/p>\n<\/li>\n<li data-start=\"2490\" data-end=\"2535\">\n<p data-start=\"2492\" data-end=\"2535\">Avoir de mauvaises critiques clients<\/p>\n<\/li>\n<\/ul>\n<p data-start=\"2537\" data-end=\"2637\">Fiez-vous \u00e0 des sources v\u00e9rifi\u00e9es pour obtenir du 6-APB de haute qualit\u00e9 \u00e0 vendre pour vos recherches.<\/p>\n<h3 data-start=\"2639\" data-end=\"2687\">Derniers conseils pour un achat en toute s\u00e9curit\u00e9<\/h3>\n<ul data-start=\"2689\" data-end=\"2942\">\n<li data-start=\"2689\" data-end=\"2757\">\n<p data-start=\"2691\" data-end=\"2757\">Pr\u00fcfen Sie immer die rechtliche Lage in Ihrem Land vor dem Kauf.<\/p>\n<\/li>\n<li data-start=\"2758\" data-end=\"2818\">\n<p data-start=\"2760\" data-end=\"2818\">Commandez uniquement aupr\u00e8s de fournisseurs proposant des produits test\u00e9s.<\/p>\n<\/li>\n<li data-start=\"2819\" data-end=\"2857\">\n<p data-start=\"2821\" data-end=\"2857\">Objedn\u00e1vejte pouze od dodavatel\u016f s testovan\u00fdmi produkty.<\/p>\n<\/li>\n<li data-start=\"2858\" data-end=\"2942\">\n<p data-start=\"2860\" data-end=\"2942\">Utilisez 6-APB en ligne uniquement \u00e0 des fins de recherche l\u00e9gitimes.<\/p>\n<\/li>\n<\/ul>","protected":false},"excerpt":{"rendered":"<p><strong>6-APB,<\/strong> oder 6-(2-Aminopropyl)benzofuran, ist eine synthetische Verbindung, die zur Klasse der Entactogene und Stimulanzien geh\u00f6rt. Oft mit MDMA verglichen, hat 6-APB in verschiedenen Gemeinschaften an Popularit\u00e4t gewonnen, aufgrund seiner einzigartigen Wirkungen auf Stimmung und Wahrnehmung.<\/p>","protected":false},"featured_media":700,"comment_status":"open","ping_status":"closed","template":"","meta":{"_joinchat":[]},"product_brand":[],"product_cat":[48],"product_tag":[2544,2398,419,2399,2397,2547,423,2545,2546,2015],"class_list":{"0":"post-699","1":"product","2":"type-product","3":"status-publish","4":"has-post-thumbnail","6":"product_cat-stimulants","7":"product_tag-6-apb-200mg","8":"product_tag-6-apb-chemikalien","9":"product_tag-6-apb-kaufen","10":"product_tag-6-apb-kaufen-online","11":"product_tag-6-apb-kristalle","12":"product_tag-6-apb-online-kaufen","13":"product_tag-6-apb-preis","14":"product_tag-6-apb-prodej","15":"product_tag-6-apb-zum-verkauf","16":"product_tag-synthetische-drogen","18":"first","19":"instock","20":"shipping-taxable","21":"purchasable","22":"product-type-variable"},"yoast_head":"<!-- This site is optimized with the Yoast SEO plugin v26.1.1 - https:\/\/yoast.com\/wordpress\/plugins\/seo\/ -->\n<title>6-APB (6-(2-Aminopropyl)benzofuran) online kaufen<\/title>\n<meta name=\"description\" content=\"Wir sind der f\u00fchrende Shop f\u00fcr 6-apb (6-(2-Aminopropyl)benzofuran) zum Verkauf. Wenn Sie 6-apb online kaufen m\u00f6chten, kontaktieren Sie uns sofort und lassen Sie sich die Bestellung liefern. Jetzt bestellen!\" \/>\n<meta name=\"robots\" content=\"index, follow, max-snippet:-1, max-image-preview:large, max-video-preview:-1\" \/>\n<link rel=\"canonical\" href=\"https:\/\/chemgramx.com\/fr\/produit\/6-apb-6-2-aminopropylbenzofuran\/\" \/>\n<meta property=\"og:locale\" content=\"fr_FR\" \/>\n<meta property=\"og:type\" content=\"article\" \/>\n<meta property=\"og:title\" content=\"6-APB (6-(2-Aminopropyl)benzofuran) online kaufen\" \/>\n<meta property=\"og:description\" content=\"Wir sind der f\u00fchrende Shop f\u00fcr 6-apb (6-(2-Aminopropyl)benzofuran) zum Verkauf. Wenn Sie 6-apb online kaufen m\u00f6chten, kontaktieren Sie uns sofort und lassen Sie sich die Bestellung liefern. Jetzt bestellen!\" \/>\n<meta property=\"og:url\" content=\"https:\/\/chemgramx.com\/fr\/produit\/6-apb-6-2-aminopropylbenzofuran\/\" \/>\n<meta property=\"og:site_name\" content=\"Chemgramx\" \/>\n<meta property=\"article:modified_time\" content=\"2025-09-08T08:18:09+00:00\" \/>\n<meta property=\"og:image\" content=\"https:\/\/chemgramx.com\/wp-content\/uploads\/2024\/10\/6-APB-kaufen.png\" \/>\n\t<meta property=\"og:image:width\" content=\"600\" \/>\n\t<meta property=\"og:image:height\" content=\"400\" \/>\n\t<meta property=\"og:image:type\" content=\"image\/png\" \/>\n<meta name=\"twitter:card\" content=\"summary_large_image\" \/>\n<meta name=\"twitter:label1\" content=\"Dur\u00e9e de lecture estim\u00e9e\" \/>\n\t<meta name=\"twitter:data1\" content=\"2 minutes\" \/>\n<script type=\"application\/ld+json\" class=\"yoast-schema-graph\">{\"@context\":\"https:\/\/schema.org\",\"@graph\":[{\"@type\":\"WebPage\",\"@id\":\"https:\/\/chemgramx.com\/product\/6-apb-6-2-aminopropylbenzofuran\/\",\"url\":\"https:\/\/chemgramx.com\/product\/6-apb-6-2-aminopropylbenzofuran\/\",\"name\":\"6-APB (6-(2-Aminopropyl)benzofuran) online kaufen\",\"isPartOf\":{\"@id\":\"https:\/\/chemgramx.com\/#website\"},\"primaryImageOfPage\":{\"@id\":\"https:\/\/chemgramx.com\/product\/6-apb-6-2-aminopropylbenzofuran\/#primaryimage\"},\"image\":{\"@id\":\"https:\/\/chemgramx.com\/product\/6-apb-6-2-aminopropylbenzofuran\/#primaryimage\"},\"thumbnailUrl\":\"https:\/\/chemgramx.com\/wp-content\/uploads\/2024\/10\/6-APB-kaufen.png\",\"datePublished\":\"2024-10-21T20:06:20+00:00\",\"dateModified\":\"2025-09-08T08:18:09+00:00\",\"description\":\"Wir sind der f\u00fchrende Shop f\u00fcr 6-apb (6-(2-Aminopropyl)benzofuran) zum Verkauf. Wenn Sie 6-apb online kaufen m\u00f6chten, kontaktieren Sie uns sofort und lassen Sie sich die Bestellung liefern. Jetzt bestellen!\",\"breadcrumb\":{\"@id\":\"https:\/\/chemgramx.com\/product\/6-apb-6-2-aminopropylbenzofuran\/#breadcrumb\"},\"inLanguage\":\"fr-FR\",\"potentialAction\":[{\"@type\":\"ReadAction\",\"target\":[\"https:\/\/chemgramx.com\/product\/6-apb-6-2-aminopropylbenzofuran\/\"]}]},{\"@type\":\"ImageObject\",\"inLanguage\":\"fr-FR\",\"@id\":\"https:\/\/chemgramx.com\/product\/6-apb-6-2-aminopropylbenzofuran\/#primaryimage\",\"url\":\"https:\/\/chemgramx.com\/wp-content\/uploads\/2024\/10\/6-APB-kaufen.png\",\"contentUrl\":\"https:\/\/chemgramx.com\/wp-content\/uploads\/2024\/10\/6-APB-kaufen.png\",\"width\":600,\"height\":400,\"caption\":\"6-APB (6-(2-Aminopropyl)benzofuran) online kaufen\"},{\"@type\":\"BreadcrumbList\",\"@id\":\"https:\/\/chemgramx.com\/product\/6-apb-6-2-aminopropylbenzofuran\/#breadcrumb\",\"itemListElement\":[{\"@type\":\"ListItem\",\"position\":1,\"name\":\"Home\",\"item\":\"https:\/\/chemgramx.com\/\"},{\"@type\":\"ListItem\",\"position\":2,\"name\":\"Shop\",\"item\":\"https:\/\/chemgramx.com\/shop\/\"},{\"@type\":\"ListItem\",\"position\":3,\"name\":\"6-APB (6-(2-Aminopropyl)benzofuran) online kaufen\"}]},{\"@type\":\"WebSite\",\"@id\":\"https:\/\/chemgramx.com\/#website\",\"url\":\"https:\/\/chemgramx.com\/\",\"name\":\"Chemgramx\",\"description\":\"\",\"publisher\":{\"@id\":\"https:\/\/chemgramx.com\/#organization\"},\"potentialAction\":[{\"@type\":\"SearchAction\",\"target\":{\"@type\":\"EntryPoint\",\"urlTemplate\":\"https:\/\/chemgramx.com\/?s={search_term_string}\"},\"query-input\":{\"@type\":\"PropertyValueSpecification\",\"valueRequired\":true,\"valueName\":\"search_term_string\"}}],\"inLanguage\":\"fr-FR\"},{\"@type\":\"Organization\",\"@id\":\"https:\/\/chemgramx.com\/#organization\",\"name\":\"Chemgramx\",\"url\":\"https:\/\/chemgramx.com\/\",\"logo\":{\"@type\":\"ImageObject\",\"inLanguage\":\"fr-FR\",\"@id\":\"https:\/\/chemgramx.com\/#\/schema\/logo\/image\/\",\"url\":\"https:\/\/chemgramx.com\/wp-content\/uploads\/2024\/10\/final-logo.png\",\"contentUrl\":\"https:\/\/chemgramx.com\/wp-content\/uploads\/2024\/10\/final-logo.png\",\"width\":250,\"height\":48,\"caption\":\"Chemgramx\"},\"image\":{\"@id\":\"https:\/\/chemgramx.com\/#\/schema\/logo\/image\/\"}}]}<\/script>\n<!-- \/ Yoast SEO plugin. -->","yoast_head_json":{"title":"Acheter 6-APB (6-(2-Aminopropyl)benzofurane) en ligne","description":"Wir sind der f\u00fchrende Shop f\u00fcr 6-apb (6-(2-Aminopropyl)benzofuran) zum Verkauf. Wenn Sie 6-apb online kaufen m\u00f6chten, kontaktieren Sie uns sofort und lassen Sie sich die Bestellung liefern. Jetzt bestellen!","robots":{"index":"index","follow":"follow","max-snippet":"max-snippet:-1","max-image-preview":"max-image-preview:large","max-video-preview":"max-video-preview:-1"},"canonical":"https:\/\/chemgramx.com\/fr\/produit\/6-apb-6-2-aminopropylbenzofuran\/","og_locale":"fr_FR","og_type":"article","og_title":"6-APB (6-(2-Aminopropyl)benzofuran) online kaufen","og_description":"Wir sind der f\u00fchrende Shop f\u00fcr 6-apb (6-(2-Aminopropyl)benzofuran) zum Verkauf. Wenn Sie 6-apb online kaufen m\u00f6chten, kontaktieren Sie uns sofort und lassen Sie sich die Bestellung liefern. Jetzt bestellen!","og_url":"https:\/\/chemgramx.com\/fr\/produit\/6-apb-6-2-aminopropylbenzofuran\/","og_site_name":"Chemgramx","article_modified_time":"2025-09-08T08:18:09+00:00","og_image":[{"width":600,"height":400,"url":"https:\/\/chemgramx.com\/wp-content\/uploads\/2024\/10\/6-APB-kaufen.png","type":"image\/png"}],"twitter_card":"summary_large_image","twitter_misc":{"Dur\u00e9e de lecture estim\u00e9e":"2 minutes"},"schema":{"@context":"https:\/\/schema.org","@graph":[{"@type":"WebPage","@id":"https:\/\/chemgramx.com\/product\/6-apb-6-2-aminopropylbenzofuran\/","url":"https:\/\/chemgramx.com\/product\/6-apb-6-2-aminopropylbenzofuran\/","name":"Acheter 6-APB (6-(2-Aminopropyl)benzofurane) en ligne","isPartOf":{"@id":"https:\/\/chemgramx.com\/#website"},"primaryImageOfPage":{"@id":"https:\/\/chemgramx.com\/product\/6-apb-6-2-aminopropylbenzofuran\/#primaryimage"},"image":{"@id":"https:\/\/chemgramx.com\/product\/6-apb-6-2-aminopropylbenzofuran\/#primaryimage"},"thumbnailUrl":"https:\/\/chemgramx.com\/wp-content\/uploads\/2024\/10\/6-APB-kaufen.png","datePublished":"2024-10-21T20:06:20+00:00","dateModified":"2025-09-08T08:18:09+00:00","description":"Wir sind der f\u00fchrende Shop f\u00fcr 6-apb (6-(2-Aminopropyl)benzofuran) zum Verkauf. Wenn Sie 6-apb online kaufen m\u00f6chten, kontaktieren Sie uns sofort und lassen Sie sich die Bestellung liefern. Jetzt bestellen!","breadcrumb":{"@id":"https:\/\/chemgramx.com\/product\/6-apb-6-2-aminopropylbenzofuran\/#breadcrumb"},"inLanguage":"fr-FR","potentialAction":[{"@type":"ReadAction","target":["https:\/\/chemgramx.com\/product\/6-apb-6-2-aminopropylbenzofuran\/"]}]},{"@type":"ImageObject","inLanguage":"fr-FR","@id":"https:\/\/chemgramx.com\/product\/6-apb-6-2-aminopropylbenzofuran\/#primaryimage","url":"https:\/\/chemgramx.com\/wp-content\/uploads\/2024\/10\/6-APB-kaufen.png","contentUrl":"https:\/\/chemgramx.com\/wp-content\/uploads\/2024\/10\/6-APB-kaufen.png","width":600,"height":400,"caption":"6-APB (6-(2-Aminopropyl)benzofuran) online kaufen"},{"@type":"BreadcrumbList","@id":"https:\/\/chemgramx.com\/product\/6-apb-6-2-aminopropylbenzofuran\/#breadcrumb","itemListElement":[{"@type":"ListItem","position":1,"name":"Home","item":"https:\/\/chemgramx.com\/"},{"@type":"ListItem","position":2,"name":"Shop","item":"https:\/\/chemgramx.com\/shop\/"},{"@type":"ListItem","position":3,"name":"6-APB (6-(2-Aminopropyl)benzofuran) online kaufen"}]},{"@type":"WebSite","@id":"https:\/\/chemgramx.com\/#website","url":"https:\/\/chemgramx.com\/","name":"Chemgramx","description":"","publisher":{"@id":"https:\/\/chemgramx.com\/#organization"},"potentialAction":[{"@type":"SearchAction","target":{"@type":"EntryPoint","urlTemplate":"https:\/\/chemgramx.com\/?s={search_term_string}"},"query-input":{"@type":"PropertyValueSpecification","valueRequired":true,"valueName":"search_term_string"}}],"inLanguage":"fr-FR"},{"@type":"Organization","@id":"https:\/\/chemgramx.com\/#organization","name":"Chemgramx","url":"https:\/\/chemgramx.com\/","logo":{"@type":"ImageObject","inLanguage":"fr-FR","@id":"https:\/\/chemgramx.com\/#\/schema\/logo\/image\/","url":"https:\/\/chemgramx.com\/wp-content\/uploads\/2024\/10\/final-logo.png","contentUrl":"https:\/\/chemgramx.com\/wp-content\/uploads\/2024\/10\/final-logo.png","width":250,"height":48,"caption":"Chemgramx"},"image":{"@id":"https:\/\/chemgramx.com\/#\/schema\/logo\/image\/"}}]}},"_links":{"self":[{"href":"https:\/\/chemgramx.com\/fr\/wp-json\/wp\/v2\/product\/699","targetHints":{"allow":["GET"]}}],"collection":[{"href":"https:\/\/chemgramx.com\/fr\/wp-json\/wp\/v2\/product"}],"about":[{"href":"https:\/\/chemgramx.com\/fr\/wp-json\/wp\/v2\/types\/product"}],"replies":[{"embeddable":true,"href":"https:\/\/chemgramx.com\/fr\/wp-json\/wp\/v2\/comments?post=699"}],"wp:featuredmedia":[{"embeddable":true,"href":"https:\/\/chemgramx.com\/fr\/wp-json\/wp\/v2\/media\/700"}],"wp:attachment":[{"href":"https:\/\/chemgramx.com\/fr\/wp-json\/wp\/v2\/media?parent=699"}],"wp:term":[{"taxonomy":"product_brand","embeddable":true,"href":"https:\/\/chemgramx.com\/fr\/wp-json\/wp\/v2\/product_brand?post=699"},{"taxonomy":"product_cat","embeddable":true,"href":"https:\/\/chemgramx.com\/fr\/wp-json\/wp\/v2\/product_cat?post=699"},{"taxonomy":"product_tag","embeddable":true,"href":"https:\/\/chemgramx.com\/fr\/wp-json\/wp\/v2\/product_tag?post=699"}],"curies":[{"name":"wp","href":"https:\/\/api.w.org\/{rel}","templated":true}]}}