{"id":7010,"date":"2025-11-21T11:11:34","date_gmt":"2025-11-21T11:11:34","guid":{"rendered":"https:\/\/chemgramx.com\/?post_type=product&#038;p=7010"},"modified":"2025-11-21T11:13:32","modified_gmt":"2025-11-21T11:13:32","slug":"acheter-ebk-en-ligne","status":"publish","type":"product","link":"https:\/\/chemgramx.com\/fr\/product\/ebk-online-kaufen\/","title":{"rendered":"Acheter un kit de cuisine en ligne"},"content":{"rendered":"<p>Le monde des produits chimiques de recherche est complexe et en constante \u00e9volution. Une substance qui attire de plus en plus l'attention dans les milieux scientifiques et au-del\u00e0 est <a href=\"\/product\/ebk-online-kaufen\/\"><b>Eutylone<\/b><\/a>, souvent abr\u00e9g\u00e9 en <b>KITCHENETTE<\/b>. Quand les chercheurs et les laboratoires <b>Acheter un kit de cuisine en ligne<\/b> les chercheurs sont confront\u00e9s au d\u00e9fi de trouver des sources s\u00e9rieuses qui garantissent une puret\u00e9 et une qualit\u00e9 maximales. Ce guide complet met en lumi\u00e8re la nature chimique de l'EBK, ses applications potentielles dans la recherche et les aspects critiques \u00e0 prendre en compte lors de l'utilisation de l'EBK. <b>Commander un kit de cuisine<\/b> de la situation juridique au contr\u00f4le de qualit\u00e9.<\/p>\n<h2><b>Qu'est-ce que l'EBK (eutylone) ? Structure chimique et classification<\/b><\/h2>\n<p><b>Eutylone<\/b> (nom chimique : \u03b2k-EBDB, N-\u00e9thylbutylone, ou 1-(1,3-benzodioxol-5-yl)-2-(\u00e9thylamino)butan-1-one) est une cathinone synth\u00e9tique qui appartient \u00e0 la famille plus large des <b>nouvelles substances psychoactives (NPS)<\/b> compte. Sa structure est caract\u00e9ristique des drogues de conception qui visent \u00e0 imiter les propri\u00e9t\u00e9s de recherche des stimulants classiques.<\/p>\n<p>L'eutylone partage des similitudes structurelles avec d'autres substances psychoactives connues telles que <b>M\u00e9thylone<\/b> et <b>Pentylone<\/b>. Il s'agit d'un <b>\u03b2-C\u00e9to-Cathinone<\/b> ayant la formule chimique <span class=\"math-inline\" data-math=\"C_{13}H_{17}NO_3\">$C_{13}H_{17}NO_3$<\/span>. Dans le cadre de la recherche, l'eutylone est \u00e9tudi\u00e9e en tant qu'agent capable d'inhiber la r\u00e9absorption du <b>Dopamine, noradr\u00e9naline et s\u00e9rotonine<\/b> dans la fente synaptique. Cet effet sugg\u00e8re qu'il entra\u00eene une augmentation de la concentration de ces neurotransmetteurs dans des mod\u00e8les pr\u00e9cliniques, ce qui explique ses propri\u00e9t\u00e9s stimulantes. Pour les laboratoires qui <b>Commander un vrai EBK<\/b> la puret\u00e9 chimique est essentielle pour valider les r\u00e9sultats de la recherche.<\/p>\n<h2><b>Pourquoi la demande de CGE en ligne augmente<\/b><\/h2>\n<p>La recherche accrue de possibilit\u00e9s, <b>Acheter un kit de cuisine en ligne<\/b> r\u00e9sulte principalement de son utilisation en tant que <b>Research Chemical (produit chimique de recherche)<\/b>. Les laboratoires ont besoin de normes de r\u00e9f\u00e9rence certifi\u00e9es pour les tests analytiques, notamment dans la recherche m\u00e9dico-l\u00e9gale et toxicologique, afin de pouvoir d\u00e9tecter la pr\u00e9sence de la substance dans les \u00e9chantillons.<\/p>\n<h3><b>Potentiel et applications de la recherche<\/b><\/h3>\n<p>Les principaux domaines d'application de l'EBK se situent dans :<\/p>\n<ul>\n<li><b>Toxicologie et m\u00e9decine l\u00e9gale :<\/b> En tant que <b>Norme de r\u00e9f\u00e9rence<\/b> pour la d\u00e9tection et l'identification de la substance dans les \u00e9chantillons biologiques. Ceci est particuli\u00e8rement important \u00e9tant donn\u00e9 que l'EBK est reconnu comme NPS dans de nombreuses r\u00e9gions.<\/li>\n<li><b>\u00c9tudes pharmacologiques :<\/b> Examen des m\u00e9canismes exacts par lesquels les <b>Transporteurs de monoamines<\/b> afin d'acqu\u00e9rir de nouvelles connaissances sur des stimulants apparent\u00e9s.<\/li>\n<li><b>Chimie analytique :<\/b> D\u00e9veloppement et validation de nouvelles m\u00e9thodes analytiques pour d\u00e9terminer la puret\u00e9 et la concentration de cathinones synth\u00e9tiques.<\/li>\n<\/ul>\n<h3><b>Effets rapport\u00e9s dans le contexte de la recherche<\/b><\/h3>\n<p>Les effets suivants ont \u00e9t\u00e9 observ\u00e9s dans des rapports pr\u00e9cliniques et anecdotiques dans le cadre d'\u00e9tudes de recherche, ce qui souligne la n\u00e9cessit\u00e9 de disposer d'\u00e9chantillons de contr\u00f4le et de r\u00e9f\u00e9rence :<\/p>\n<h4><b>Effets cognitifs et psychologiques de la recherche<\/b><\/h4>\n<ul>\n<li>Les \u00e9tudes sugg\u00e8rent que l'EBK a le potentiel d'\u00eatre <b>Vigilance<\/b> et <b>Concentration<\/b> d'augmenter.<\/li>\n<li>Les chercheurs font \u00e9tat d'une possible induction de <b>Euphorie<\/b> et une augmentation <b>Bien-\u00eatre<\/b> dans les mod\u00e8les exp\u00e9rimentaux.<\/li>\n<li>Il pourrait y avoir une tendance \u00e0 l'augmentation <b>ouverture sociale<\/b> et <b>Plaisir de communiquer<\/b> \u00eatre observ\u00e9.<\/li>\n<li>Ces effets sont dus au mode d'action suppos\u00e9 en tant que <b>Inhibiteur de la recapture de la monoamine<\/b> est due.<\/li>\n<\/ul>\n<h4><b>Effets physiologiques de la recherche<\/b><\/h4>\n<ul>\n<li>Sur le plan physique, une augmentation <b>\u00c9nergie<\/b> et une augmentation <b>Niveau d'activit\u00e9<\/b> a \u00e9t\u00e9 constat\u00e9e.<\/li>\n<li>Physiologiquement, il peut y avoir une augmentation <b>Fr\u00e9quence cardiaque<\/b> et une augmentation <b>Tension art\u00e9rielle<\/b> venir.<\/li>\n<li>Une potentielle <b>Contr\u00f4le de l'app\u00e9tit<\/b> est souvent mentionn\u00e9 dans les \u00e9tudes.<\/li>\n<li>Les utilisateurs rapportent qu'\u00e0 des concentrations plus \u00e9lev\u00e9es, des effets secondaires tels que <b>Peur<\/b> ou <b>Insomnie<\/b> peuvent se produire.<\/li>\n<\/ul>\n<h2><b>La situation juridique compliqu\u00e9e de l'achat de CFC en ligne<\/b><\/h2>\n<p>L'un des aspects les plus importants du <b>Commander un kit de cuisine en ligne<\/b> est la situation juridique complexe et en constante \u00e9volution. En tant que NPS, l'eutylone est soumise \u00e0 des contr\u00f4les de plus en plus stricts. La substance a \u00e9t\u00e9 approuv\u00e9e par l'OMS en vue de son inclusion dans la <b>Tableau II de la Convention sur les substances psychotropes de 1971<\/b> et en Allemagne, Eutylone est (selon les r\u00e9sultats de Google) en <b>Annexe II de la loi sur les stup\u00e9fiants (BtMG)<\/b> sur la liste des esp\u00e8ces menac\u00e9es. Cela signifie que le commerce et la possession sans autorisation sont ill\u00e9gaux (commerce autoris\u00e9 uniquement pour des raisons scientifiques ou d'autres int\u00e9r\u00eats publics). <b>Il est imp\u00e9ratif de v\u00e9rifier la l\u00e9gislation en vigueur dans le pays concern\u00e9.<\/b>, avant de <b>Acheter l\u00e9galement un kit de cuisine en ligne<\/b> ou <b>Commander un kit de cuisine<\/b>.<\/p>\n<h2><b>Qualit\u00e9 et puret\u00e9 : ce \u00e0 quoi il faut faire attention lors de l'achat d'un meuble de cuisine<\/b><\/h2>\n<p>Pour une recherche s\u00e9rieuse, la <b>Puret\u00e9<\/b> de la substance est le facteur le plus important. Le march\u00e9 des NPS est connu pour ses impuret\u00e9s et ses contrefa\u00e7ons (appel\u00e9es \"drogues de synth\u00e8se\"). <b>faux EBK<\/b>). Qui <b>Acheter un kit de cuisine en ligne \u00e0 un prix avantageux<\/b> risque d'obtenir des \u00e9chantillons sales qui donneront des r\u00e9sultats impr\u00e9visibles dans la recherche.<\/p>\n<h3><b>Crit\u00e8res pour le meilleur endroit pour acheter un kit de cuisine<\/b><\/h3>\n<p>Pour vous assurer que vous <b>acheter pur EBK<\/b>, Si vous avez besoin d'aide, vous devez tenir compte des crit\u00e8res suivants :<\/p>\n<ol start=\"1\">\n<li><b>Analyses certifi\u00e9es (COA) :<\/b> Le distributeur doit fournir des informations <b>Certificats d'analyse (COA)<\/b> qui attestent de la puret\u00e9 et de l'identit\u00e9 chimique par des m\u00e9thodes telles que <b>RMN, GC-MS ou HPLC<\/b> confirmer.<\/li>\n<li><b>Transparence :<\/b> Indiquer la formule chimique compl\u00e8te, le num\u00e9ro CAS et la d\u00e9nomination IUPAC.<\/li>\n<li><b>Emballage et stockage :<\/b> La substance doit \u00eatre livr\u00e9e dans un emballage herm\u00e9tique et opaque afin d'\u00e9viter toute contamination et d\u00e9gradation.<\/li>\n<li><b>Respect de la r\u00e9glementation :<\/b> Le distributeur doit communiquer clairement les restrictions l\u00e9gales et insister sur l'utilisation pr\u00e9vue (uniquement \u00e0 des fins de recherche).<\/li>\n<li><b>Comparaison des prix :<\/b> Comparer le <b>Prix de l'EBK<\/b> critique ; des prix extr\u00eamement bas peuvent indiquer une faible puret\u00e9. Investissez dans des normes de r\u00e9f\u00e9rence certifi\u00e9es pour des r\u00e9sultats de recherche plus valides.<\/li>\n<\/ol>\n<h3><b>Choisir le bon distributeur<\/b><\/h3>\n<p>Le site <b>le meilleur endroit pour acheter un kit de cuisine<\/b> est un <b>distributeur de produits chimiques sp\u00e9cialis\u00e9<\/b> avec une longue exp\u00e9rience dans le domaine des Research Chemicals. Ces fournisseurs garantissent <b>Contr\u00f4le de qualit\u00e9<\/b> par des laboratoires internes ou des partenaires de test externes.<\/p>\n<h2><b>R\u00e9sum\u00e9 : Acheter des meubles de cuisine en ligne en toute s\u00e9curit\u00e9 et avec s\u00e9rieux<\/b><\/h2>\n<p><b>cuisine \u00e9quip\u00e9e (eutylone)<\/b> est un puissant produit chimique de recherche dont l'importance ne cesse de cro\u00eetre dans la recherche m\u00e9dico-l\u00e9gale et pharmacologique. Celui qui <b>Acheter un kit de cuisine en ligne<\/b> doit \u00eatre conscient des contr\u00f4les l\u00e9gaux stricts et faire de la puret\u00e9 de la substance une priorit\u00e9 absolue. Le site <b>le meilleur endroit pour acheter un kit de cuisine<\/b> est toujours un distributeur de produits chimiques sp\u00e9cialis\u00e9s certifi\u00e9, qui garantit des analyses transparentes et une qualit\u00e9 sup\u00e9rieure afin de garantir l'int\u00e9grit\u00e9 du travail scientifique.<\/p>","protected":false},"excerpt":{"rendered":"<p><strong>KITCHENETTE<\/strong> est une cathinone synth\u00e9tique innovante, sp\u00e9cialement d\u00e9velopp\u00e9e pour la recherche chimique et pharmacologique. D'une grande puret\u00e9 et d'une grande stabilit\u00e9, elle offre des r\u00e9sultats fiables pour des exp\u00e9riences scientifiques exigeantes.<\/p>","protected":false},"featured_media":7049,"comment_status":"open","ping_status":"closed","template":"","meta":{"_joinchat":[]},"product_brand":[],"product_cat":[49],"product_tag":[1925,1931,1926,1929,1930,1928,1927,188,1814,248],"class_list":{"0":"post-7010","1":"product","2":"type-product","3":"status-publish","4":"has-post-thumbnail","6":"product_cat-cathinones","7":"product_tag-ebk","8":"product_tag-ebk-chemikalien","9":"product_tag-ebk-kaufen","10":"product_tag-ebk-kristalle","11":"product_tag-ebk-online","12":"product_tag-ebk-pulver","13":"product_tag-ebk-zum-verkauf","14":"product_tag-forschungschemikalien","15":"product_tag-forschungsstoffe-kaufen","16":"product_tag-synthetische-stimulanzien","18":"first","19":"instock","20":"shipping-taxable","21":"purchasable","22":"product-type-variable"},"yoast_head":"<!-- This site is optimized with the Yoast SEO plugin v27.5 - https:\/\/yoast.com\/product\/yoast-seo-wordpress\/ -->\n<title>EBK kaufen | Hochreines Forschungscathinon f\u00fcr Labore<\/title>\n<meta name=\"description\" content=\"Erforschen Sie EBK, ein hochwertiges synthetisches Cathinon f\u00fcr chemische und pharmakologische Studien. Nur f\u00fcr Forschung und Analyse in autorisierten Laboren.\" \/>\n<meta name=\"robots\" content=\"index, follow, max-snippet:-1, max-image-preview:large, max-video-preview:-1\" \/>\n<link rel=\"canonical\" href=\"https:\/\/chemgramx.com\/fr\/produit\/acheter-ebk-en-ligne\/\" \/>\n<meta property=\"og:locale\" content=\"fr_FR\" \/>\n<meta property=\"og:type\" content=\"article\" \/>\n<meta property=\"og:title\" content=\"EBK kaufen | Hochreines Forschungscathinon f\u00fcr Labore\" \/>\n<meta property=\"og:description\" content=\"Erforschen Sie EBK, ein hochwertiges synthetisches Cathinon f\u00fcr chemische und pharmakologische Studien. Nur f\u00fcr Forschung und Analyse in autorisierten Laboren.\" \/>\n<meta property=\"og:url\" content=\"https:\/\/chemgramx.com\/fr\/produit\/acheter-ebk-en-ligne\/\" \/>\n<meta property=\"og:site_name\" content=\"Chemgramx\" \/>\n<meta property=\"article:modified_time\" content=\"2025-11-21T11:13:32+00:00\" \/>\n<meta property=\"og:image\" content=\"https:\/\/chemgramx.com\/wp-content\/uploads\/2025\/11\/ebk.png\" \/>\n\t<meta property=\"og:image:width\" content=\"600\" \/>\n\t<meta property=\"og:image:height\" content=\"400\" \/>\n\t<meta property=\"og:image:type\" content=\"image\/png\" \/>\n<meta name=\"twitter:card\" content=\"summary_large_image\" \/>\n<meta name=\"twitter:label1\" content=\"Dur\u00e9e de lecture estim\u00e9e\" \/>\n\t<meta name=\"twitter:data1\" content=\"4 minutes\" \/>\n<script type=\"application\/ld+json\" class=\"yoast-schema-graph\">{\"@context\":\"https:\\\/\\\/schema.org\",\"@graph\":[{\"@type\":\"WebPage\",\"@id\":\"https:\\\/\\\/chemgramx.com\\\/product\\\/ebk-online-kaufen\\\/\",\"url\":\"https:\\\/\\\/chemgramx.com\\\/product\\\/ebk-online-kaufen\\\/\",\"name\":\"EBK kaufen | Hochreines Forschungscathinon f\u00fcr Labore\",\"isPartOf\":{\"@id\":\"https:\\\/\\\/chemgramx.com\\\/#website\"},\"primaryImageOfPage\":{\"@id\":\"https:\\\/\\\/chemgramx.com\\\/product\\\/ebk-online-kaufen\\\/#primaryimage\"},\"image\":{\"@id\":\"https:\\\/\\\/chemgramx.com\\\/product\\\/ebk-online-kaufen\\\/#primaryimage\"},\"thumbnailUrl\":\"https:\\\/\\\/chemgramx.com\\\/wp-content\\\/uploads\\\/2025\\\/11\\\/ebk.png\",\"datePublished\":\"2025-11-21T11:11:34+00:00\",\"dateModified\":\"2025-11-21T11:13:32+00:00\",\"description\":\"Erforschen Sie EBK, ein hochwertiges synthetisches Cathinon f\u00fcr chemische und pharmakologische Studien. Nur f\u00fcr Forschung und Analyse in autorisierten Laboren.\",\"breadcrumb\":{\"@id\":\"https:\\\/\\\/chemgramx.com\\\/product\\\/ebk-online-kaufen\\\/#breadcrumb\"},\"inLanguage\":\"fr-FR\",\"potentialAction\":[{\"@type\":\"ReadAction\",\"target\":[\"https:\\\/\\\/chemgramx.com\\\/product\\\/ebk-online-kaufen\\\/\"]}]},{\"@type\":\"ImageObject\",\"inLanguage\":\"fr-FR\",\"@id\":\"https:\\\/\\\/chemgramx.com\\\/product\\\/ebk-online-kaufen\\\/#primaryimage\",\"url\":\"https:\\\/\\\/chemgramx.com\\\/wp-content\\\/uploads\\\/2025\\\/11\\\/ebk.png\",\"contentUrl\":\"https:\\\/\\\/chemgramx.com\\\/wp-content\\\/uploads\\\/2025\\\/11\\\/ebk.png\",\"width\":600,\"height\":400},{\"@type\":\"BreadcrumbList\",\"@id\":\"https:\\\/\\\/chemgramx.com\\\/product\\\/ebk-online-kaufen\\\/#breadcrumb\",\"itemListElement\":[{\"@type\":\"ListItem\",\"position\":1,\"name\":\"Home\",\"item\":\"https:\\\/\\\/chemgramx.com\\\/\"},{\"@type\":\"ListItem\",\"position\":2,\"name\":\"Shop\",\"item\":\"https:\\\/\\\/chemgramx.com\\\/shop\\\/\"},{\"@type\":\"ListItem\",\"position\":3,\"name\":\"EBK Online Kaufen\"}]},{\"@type\":\"WebSite\",\"@id\":\"https:\\\/\\\/chemgramx.com\\\/#website\",\"url\":\"https:\\\/\\\/chemgramx.com\\\/\",\"name\":\"Chemgramx\",\"description\":\"\",\"publisher\":{\"@id\":\"https:\\\/\\\/chemgramx.com\\\/#organization\"},\"potentialAction\":[{\"@type\":\"SearchAction\",\"target\":{\"@type\":\"EntryPoint\",\"urlTemplate\":\"https:\\\/\\\/chemgramx.com\\\/?s={search_term_string}\"},\"query-input\":{\"@type\":\"PropertyValueSpecification\",\"valueRequired\":true,\"valueName\":\"search_term_string\"}}],\"inLanguage\":\"fr-FR\"},{\"@type\":\"Organization\",\"@id\":\"https:\\\/\\\/chemgramx.com\\\/#organization\",\"name\":\"Chemgramx\",\"url\":\"https:\\\/\\\/chemgramx.com\\\/\",\"logo\":{\"@type\":\"ImageObject\",\"inLanguage\":\"fr-FR\",\"@id\":\"https:\\\/\\\/chemgramx.com\\\/#\\\/schema\\\/logo\\\/image\\\/\",\"url\":\"https:\\\/\\\/chemgramx.com\\\/wp-content\\\/uploads\\\/2024\\\/10\\\/final-logo.png\",\"contentUrl\":\"https:\\\/\\\/chemgramx.com\\\/wp-content\\\/uploads\\\/2024\\\/10\\\/final-logo.png\",\"width\":250,\"height\":48,\"caption\":\"Chemgramx\"},\"image\":{\"@id\":\"https:\\\/\\\/chemgramx.com\\\/#\\\/schema\\\/logo\\\/image\\\/\"}}]}<\/script>\n<!-- \/ Yoast SEO plugin. -->","yoast_head_json":{"title":"Acheter EBK | Cathinone de recherche de haute puret\u00e9 pour laboratoires","description":"D\u00e9couvrez l'EBK, une cathinone synth\u00e9tique de haute qualit\u00e9 pour les \u00e9tudes chimiques et pharmacologiques. Pour la recherche et l'analyse uniquement dans les laboratoires agr\u00e9\u00e9s.","robots":{"index":"index","follow":"follow","max-snippet":"max-snippet:-1","max-image-preview":"max-image-preview:large","max-video-preview":"max-video-preview:-1"},"canonical":"https:\/\/chemgramx.com\/fr\/produit\/acheter-ebk-en-ligne\/","og_locale":"fr_FR","og_type":"article","og_title":"EBK kaufen | Hochreines Forschungscathinon f\u00fcr Labore","og_description":"Erforschen Sie EBK, ein hochwertiges synthetisches Cathinon f\u00fcr chemische und pharmakologische Studien. Nur f\u00fcr Forschung und Analyse in autorisierten Laboren.","og_url":"https:\/\/chemgramx.com\/fr\/produit\/acheter-ebk-en-ligne\/","og_site_name":"Chemgramx","article_modified_time":"2025-11-21T11:13:32+00:00","og_image":[{"width":600,"height":400,"url":"https:\/\/chemgramx.com\/wp-content\/uploads\/2025\/11\/ebk.png","type":"image\/png"}],"twitter_card":"summary_large_image","twitter_misc":{"Dur\u00e9e de lecture estim\u00e9e":"4 minutes"},"schema":{"@context":"https:\/\/schema.org","@graph":[{"@type":"WebPage","@id":"https:\/\/chemgramx.com\/product\/ebk-online-kaufen\/","url":"https:\/\/chemgramx.com\/product\/ebk-online-kaufen\/","name":"Acheter EBK | Cathinone de recherche de haute puret\u00e9 pour laboratoires","isPartOf":{"@id":"https:\/\/chemgramx.com\/#website"},"primaryImageOfPage":{"@id":"https:\/\/chemgramx.com\/product\/ebk-online-kaufen\/#primaryimage"},"image":{"@id":"https:\/\/chemgramx.com\/product\/ebk-online-kaufen\/#primaryimage"},"thumbnailUrl":"https:\/\/chemgramx.com\/wp-content\/uploads\/2025\/11\/ebk.png","datePublished":"2025-11-21T11:11:34+00:00","dateModified":"2025-11-21T11:13:32+00:00","description":"D\u00e9couvrez l'EBK, une cathinone synth\u00e9tique de haute qualit\u00e9 pour les \u00e9tudes chimiques et pharmacologiques. Pour la recherche et l'analyse uniquement dans les laboratoires agr\u00e9\u00e9s.","breadcrumb":{"@id":"https:\/\/chemgramx.com\/product\/ebk-online-kaufen\/#breadcrumb"},"inLanguage":"fr-FR","potentialAction":[{"@type":"ReadAction","target":["https:\/\/chemgramx.com\/product\/ebk-online-kaufen\/"]}]},{"@type":"ImageObject","inLanguage":"fr-FR","@id":"https:\/\/chemgramx.com\/product\/ebk-online-kaufen\/#primaryimage","url":"https:\/\/chemgramx.com\/wp-content\/uploads\/2025\/11\/ebk.png","contentUrl":"https:\/\/chemgramx.com\/wp-content\/uploads\/2025\/11\/ebk.png","width":600,"height":400},{"@type":"BreadcrumbList","@id":"https:\/\/chemgramx.com\/product\/ebk-online-kaufen\/#breadcrumb","itemListElement":[{"@type":"ListItem","position":1,"name":"Home","item":"https:\/\/chemgramx.com\/"},{"@type":"ListItem","position":2,"name":"Shop","item":"https:\/\/chemgramx.com\/shop\/"},{"@type":"ListItem","position":3,"name":"EBK Online Kaufen"}]},{"@type":"WebSite","@id":"https:\/\/chemgramx.com\/#website","url":"https:\/\/chemgramx.com\/","name":"Chemgramx","description":"","publisher":{"@id":"https:\/\/chemgramx.com\/#organization"},"potentialAction":[{"@type":"SearchAction","target":{"@type":"EntryPoint","urlTemplate":"https:\/\/chemgramx.com\/?s={search_term_string}"},"query-input":{"@type":"PropertyValueSpecification","valueRequired":true,"valueName":"search_term_string"}}],"inLanguage":"fr-FR"},{"@type":"Organization","@id":"https:\/\/chemgramx.com\/#organization","name":"Chemgramx","url":"https:\/\/chemgramx.com\/","logo":{"@type":"ImageObject","inLanguage":"fr-FR","@id":"https:\/\/chemgramx.com\/#\/schema\/logo\/image\/","url":"https:\/\/chemgramx.com\/wp-content\/uploads\/2024\/10\/final-logo.png","contentUrl":"https:\/\/chemgramx.com\/wp-content\/uploads\/2024\/10\/final-logo.png","width":250,"height":48,"caption":"Chemgramx"},"image":{"@id":"https:\/\/chemgramx.com\/#\/schema\/logo\/image\/"}}]}},"_links":{"self":[{"href":"https:\/\/chemgramx.com\/fr\/wp-json\/wp\/v2\/product\/7010","targetHints":{"allow":["GET"]}}],"collection":[{"href":"https:\/\/chemgramx.com\/fr\/wp-json\/wp\/v2\/product"}],"about":[{"href":"https:\/\/chemgramx.com\/fr\/wp-json\/wp\/v2\/types\/product"}],"replies":[{"embeddable":true,"href":"https:\/\/chemgramx.com\/fr\/wp-json\/wp\/v2\/comments?post=7010"}],"wp:featuredmedia":[{"embeddable":true,"href":"https:\/\/chemgramx.com\/fr\/wp-json\/wp\/v2\/media\/7049"}],"wp:attachment":[{"href":"https:\/\/chemgramx.com\/fr\/wp-json\/wp\/v2\/media?parent=7010"}],"wp:term":[{"taxonomy":"product_brand","embeddable":true,"href":"https:\/\/chemgramx.com\/fr\/wp-json\/wp\/v2\/product_brand?post=7010"},{"taxonomy":"product_cat","embeddable":true,"href":"https:\/\/chemgramx.com\/fr\/wp-json\/wp\/v2\/product_cat?post=7010"},{"taxonomy":"product_tag","embeddable":true,"href":"https:\/\/chemgramx.com\/fr\/wp-json\/wp\/v2\/product_tag?post=7010"}],"curies":[{"name":"wp","href":"https:\/\/api.w.org\/{rel}","templated":true}]}}