{"id":7012,"date":"2025-11-21T11:11:35","date_gmt":"2025-11-21T11:11:35","guid":{"rendered":"https:\/\/chemgramx.com\/?post_type=product&#038;p=7012"},"modified":"2025-11-21T14:28:34","modified_gmt":"2025-11-21T14:28:34","slug":"acheter-md-php-en-ligne","status":"publish","type":"product","link":"https:\/\/chemgramx.com\/fr\/product\/md-php-online-kaufen\/","title":{"rendered":"MD-PHP Acheter en ligne"},"content":{"rendered":"<p><b>MD-PHP<\/b>, connu chimiquement sous le nom de 3\u2032,4\u2032-m\u00e9thyl\u00e8nedioxy-\u03b1-pyrrolidinohexioph\u00e9none, est une cathinone synth\u00e9tique tr\u00e8s puissante qui a suscit\u00e9 un grand int\u00e9r\u00eat dans le monde de la recherche en raison de ses similitudes structurelles avec le MDPV, plus connu. D\u00e9velopp\u00e9e \u00e0 l'origine dans les ann\u00e9es 1960, elle appartient \u00e0 la classe des <b>\u03b1-<a href=\"\/product\/a-pvp-alpha-pyrrolidinovalerophenon-online-kaufen\/\">Pyrrolidinohexioph\u00e9none<\/a><\/b>. Suite \u00e0 la r\u00e9glementation plus stricte du MDPV dans de nombreux pays, le MD-PHP s'est \u00e9tabli comme une alternative tr\u00e8s demand\u00e9e dans la recherche pr\u00e9clinique. La recherche de possibilit\u00e9s, <b>Acheter MD-PHP en ligne<\/b> ou le meilleur fournisseur de <b>MD-PHP pour acheter<\/b> a donc fortement augment\u00e9 sur Internet. Ce guide d\u00e9taill\u00e9 met en lumi\u00e8re la composition chimique, les effets de recherche observ\u00e9s et les aspects critiques de la l\u00e9galit\u00e9 et de la puret\u00e9 lors de l'acquisition de ce produit chimique de recherche.<\/p>\n<h2><b>La chimie derri\u00e8re le MD-PHP : structure et mode d'action<\/b><\/h2>\n<p>MD-PHP est un <b>\u03b2-C\u00e9to-Cathinone<\/b> ayant la formule chimique <span class=\"math-inline\" data-math=\"C_{17}H_{23}NO_3\">$C_{17}H_{23}NO_3$<\/span>. La d\u00e9nomination 3\u2032,4\u2032-m\u00e9thyl\u00e8nedioxy-\u03b1-pyrrolidinohexioph\u00e9none d\u00e9crit sa structure complexe, qui combine le motif m\u00e9thyl\u00e8nedioxy (connu de la MDMA) avec un groupe pyrrolidine (connu du MDPV).<\/p>\n<h3><b>Classification et comparaison chimiques<\/b><\/h3>\n<p>MD-PHP fait partie de la classe des <b>cathinones synth\u00e9tiques<\/b> et est un parent direct du MDPV (m\u00e9thyl\u00e8nedioxypyroval\u00e9rone).<\/p>\n<ul>\n<li><b>M\u00e9canisme d'action :<\/b> Le MD-PHP agit comme <b>Inhibiteurs de la recapture de la monoamine (IRM)<\/b>, Il s'agit en particulier de la reprise de <b>Dopamine, noradr\u00e9naline et s\u00e9rotonine<\/b> inhibe l'action des neurotransmetteurs. Dans le contexte de la recherche, cet effet entra\u00eene une augmentation de la concentration des neurotransmetteurs, ce qui explique les propri\u00e9t\u00e9s stimulantes observ\u00e9es.<\/li>\n<li><b>puissance par rapport au MDPV :<\/b> Compar\u00e9 au MDPV, le MD-PHP est consid\u00e9r\u00e9 dans de nombreuses \u00e9tudes comme <b>puissant<\/b> avec des caract\u00e9ristiques similaires, mais peut-\u00eatre <b>plus intense<\/b> effets de la recherche. Cette puissance accrue est l'une des principales raisons pour lesquelles les chercheurs recherchent des <b>MD-PHP authentique ou contrefait \u00e0 vendre<\/b> pour \u00e9tudier les diff\u00e9rences pharmacologiques exactes.<\/li>\n<\/ul>\n<h2><b>Pourquoi les chercheurs veulent acheter MD-PHP en ligne<\/b><\/h2>\n<p>La demande de MD-PHP r\u00e9sulte de sa disponibilit\u00e9 en tant que produit chimique de recherche et de l'int\u00e9r\u00eat scientifique pour sa puissance. De nombreuses personnes int\u00e9ress\u00e9es effectuent des recherches cibl\u00e9es : O\u00f9 acheter le MD-PHP ? ou Quel est le <b>meilleur endroit pour acheter MD-PHP en ligne<\/b>?<\/p>\n<h3><b>Effets psychiques et physiques rapport\u00e9s<\/b><\/h3>\n<p>Les effets suivants ont \u00e9t\u00e9 observ\u00e9s dans des rapports pr\u00e9cliniques et anecdotiques dans le cadre d'\u00e9tudes de recherche, qui n\u00e9cessitent une manipulation prudente et une documentation pr\u00e9cise :<\/p>\n<h4><b>Effets psychiques (param\u00e8tres de recherche cognitive)<\/b><\/h4>\n<ul>\n<li><b>Vigilance et concentration accrues :<\/b> La substance peut augmenter l'attention et la concentration dans les mod\u00e8les exp\u00e9rimentaux.<\/li>\n<li><b>Euphorie et bien-\u00eatre accru :<\/b> Cela indique une forte activation du syst\u00e8me de r\u00e9compense dans le cerveau.<\/li>\n<li><b>Ouverture sociale et go\u00fbt pour la communication :<\/b> Les observations indiquent une possible composante empathog\u00e8ne, similaire \u00e0 d'autres substances m\u00e9thyl\u00e8nedioxy.<\/li>\n<\/ul>\n<h4><b>Effets physiques (observations physiologiques)<\/b><\/h4>\n<ul>\n<li><b>Augmentation de l'\u00e9nergie et du niveau d'activit\u00e9 :<\/b> Une augmentation significative de l'activit\u00e9 physique est souvent observ\u00e9e.<\/li>\n<li><b>Contr\u00f4le de l'app\u00e9tit :<\/b> Il s'agit d'un effet typique des stimulants puissants.<\/li>\n<li><b>Augmentation de la fr\u00e9quence cardiaque et de la pression art\u00e9rielle :<\/b> Il s'agit d'effets cardiovasculaires critiques qui n\u00e9cessitent une prudence particuli\u00e8re dans la recherche.<\/li>\n<\/ul>\n<p>Des rapports indiquent que les utilisateurs parlent d'une augmentation des performances et d'une vigilance accrue. Ces caract\u00e9ristiques en font un produit souvent <b>MD-PHP pour sale<\/b> ou <b>Acheter MD-PHP en ligne \u00e0 bas prix<\/b> est recherch\u00e9.<\/p>\n<h2><b>Dosage, dur\u00e9e et aspects de s\u00e9curit\u00e9 dans la recherche<\/b><\/h2>\n<p>La MD-PHP \u00e9tant principalement propos\u00e9e comme produit chimique de recherche, <b>absence de recommandations officielles de dosage pour la consommation humaine<\/b>. <b>Toute consommation repr\u00e9sente un risque \u00e9lev\u00e9 et incalculable pour la sant\u00e9.<\/b><\/p>\n<ul>\n<li><b>Directives de dosage :<\/b> Les utilisateurs qui <b>Commander le MD-PHP en ligne<\/b>, doivent \u00eatre extr\u00eamement prudents et <b>commencer par des doses minimales<\/b>, pour tester les r\u00e9actions individuelles en laboratoire. En raison de la puissance \u00e9lev\u00e9e de MD-PHP, une microbalance est indispensable pour la manipulation.<\/li>\n<li><b>Dur\u00e9e des effets :<\/b> L'effet du MD-PHP peut \u00eatre <b>s'arr\u00eater plusieurs heures<\/b>.<\/li>\n<li><b>Attention au redosing :<\/b> En raison du potentiel <b>D\u00e9veloppement de la tol\u00e9rance<\/b> et du risque d'effets secondaires tels que psychoses, stress cardiaque ou insomnie, devrait \u00eatre <b>Redosing \u00e9vit\u00e9 ou fortement limit\u00e9<\/b> \u00eatre.<\/li>\n<\/ul>\n<h2><b>Le processus d'achat : commodit\u00e9, l\u00e9galit\u00e9 et puret\u00e9<\/b><\/h2>\n<p>L'achat en ligne de MD-PHP offre des avantages tels que la commodit\u00e9, l'accessibilit\u00e9 (pour comparer les prix et obtenir le meilleur prix) et la facilit\u00e9 d'utilisation. <b>MD-PHP Prix<\/b> de d\u00e9terminer) et la discr\u00e9tion. Pour de nombreux acheteurs, il est important de <b>meilleur endroit pour acheter MD-PHP<\/b> en recherchant des fournisseurs qui <b>MD-PHP pour \u00e0 vendre<\/b> de l'offre.<\/p>\n<h3><b>La situation juridique de MD-PHP<\/b><\/h3>\n<p>La l\u00e9galit\u00e9 du <b>Commander le MD-PHP en ligne<\/b> est complexe et varie fortement :<\/p>\n<ul>\n<li><b>Allemagne et Europe :<\/b> Le MD-PHP n'est souvent pas explicitement mentionn\u00e9 dans l'annexe I de la LStup, mais il pourrait tomber sous le coup de la loi sur les stup\u00e9fiants. <b>Loi sur les nouvelles substances psychoactives (NpSG)<\/b> ou le <b>Loi sur les m\u00e9dicaments<\/b> ce qui rend la possession et le commerce ill\u00e9gaux.<\/li>\n<li><b>Contr\u00f4le international :<\/b> En raison de son \u00e9troite parent\u00e9 avec le MDPV et de son potentiel d'abus, le MD-PHP fait l'objet d'une surveillance internationale.<\/li>\n<\/ul>\n<p>Nous <b>Commander du MD-PHP authentique ou contrefait<\/b> doit conna\u00eetre la l\u00e9gislation de son pays. <b>examiner de pr\u00e8s<\/b> et ne devrait agir que dans le respect de toutes les r\u00e9glementations locales.<\/p>\n<h3><b>Comment choisir un MD-PHP de qualit\u00e9 ?<\/b><\/h3>\n<p>Compte tenu de l'offre de <b>acheter des MD-PHP r\u00e9els ou contrefaits<\/b> sur le march\u00e9, une s\u00e9lection minutieuse du produit est essentielle.<\/p>\n<ul>\n<li><b>Puret\u00e9 :<\/b> Il s'agit du crit\u00e8re le plus important. Recherchez des informations r\u00e9centes et ind\u00e9pendantes <b>Analyses de laboratoire et certificats (COA)<\/b>, Les r\u00e9sultats de l'analyse sont accompagn\u00e9s d'un certificat de conformit\u00e9 qui confirme l'identit\u00e9 et la puret\u00e9 chimiques.<\/li>\n<li><b>Emballage :<\/b> La substance doit \u00eatre livr\u00e9e dans un emballage s\u00fbr, scell\u00e9 et \u00e0 l'abri de la lumi\u00e8re afin d'assurer une protection contre les contaminations et la d\u00e9gradation chimique.<\/li>\n<li><b>rapport qualit\u00e9-prix :<\/b> Comparer le <b>MD-PHP Prix<\/b> par gramme ou par dose, mais soyez sceptique quant aux prix extr\u00eamement bas, car cela peut indiquer un manque de puret\u00e9.<\/li>\n<li><b>Choix du revendeur :<\/b> Le site <b>meilleur endroit pour acheter MD-PHP<\/b> sont des distributeurs de produits chimiques sp\u00e9cialis\u00e9s dont la r\u00e9putation est bien \u00e9tablie et dont les processus d'assurance qualit\u00e9 sont transparents. Les places de march\u00e9 en ligne proposent souvent des offres telles que <b>Acheter MD-PHP en ligne \u00e0 bas prix<\/b>, Les produits de la marque sont plus faciles \u00e0 obtenir, mais pr\u00e9sentent un risque plus \u00e9lev\u00e9 de contrefa\u00e7on.<\/li>\n<\/ul>\n<h2><b>R\u00e9sum\u00e9<\/b><\/h2>\n<p>Le MD-PHP est un puissant stimulant synth\u00e9tique dont les effets sur la recherche font l'objet d'\u00e9tudes intensives. Celui qui <b>Acheter MD-PHP en ligne<\/b> ou <b>MD-PHP buy online<\/b> veut, il faut que la <b>Puret\u00e9<\/b> et les <b>L\u00e9galit\u00e9<\/b> examiner attentivement le produit, car il comporte des risques importants. Le march\u00e9 offre de nombreuses options, mais l'achat doit toujours se faire aupr\u00e8s d'un fournisseur de confiance avec <b>une qualit\u00e9 contr\u00f4l\u00e9e<\/b> se font<\/p>","protected":false},"excerpt":{"rendered":"<p><strong>MD-PHP<\/strong> est un produit chimique de recherche de haute qualit\u00e9, id\u00e9al pour les \u00e9tudes chimiques et pharmacologiques avanc\u00e9es. Con\u00e7u pour des analyses pr\u00e9cises et des r\u00e9sultats reproductibles.<\/p>","protected":false},"featured_media":7059,"comment_status":"open","ping_status":"closed","template":"","meta":{"_joinchat":[]},"product_brand":[],"product_cat":[49,53],"product_tag":[188,1814,1911,1917,1912,1915,1916,1914,1913,248],"class_list":{"0":"post-7012","1":"product","2":"type-product","3":"status-publish","4":"has-post-thumbnail","6":"product_cat-cathinones","7":"product_cat-dissociatives","8":"product_tag-forschungschemikalien","9":"product_tag-forschungsstoffe-kaufen","10":"product_tag-md-php","11":"product_tag-md-php-chemikalien","12":"product_tag-md-php-kaufen","13":"product_tag-md-php-kristalle","14":"product_tag-md-php-online","15":"product_tag-md-php-pulver","16":"product_tag-md-php-zum-verkauf","17":"product_tag-synthetische-stimulanzien","19":"first","20":"instock","21":"shipping-taxable","22":"purchasable","23":"product-type-variable"},"yoast_head":"<!-- This site is optimized with the Yoast SEO plugin v27.5 - https:\/\/yoast.com\/product\/yoast-seo-wordpress\/ -->\n<title>MD-PHP kaufen | Hochreine Forschungssubstanz online bestellen<\/title>\n<meta name=\"description\" content=\"Erwerben Sie MD-PHP, eine hochwertige Substanz f\u00fcr chemische und pharmakologische Forschung. Perfekt f\u00fcr pr\u00e4zise Analysen in professionellen Laboren.\" \/>\n<meta name=\"robots\" content=\"index, follow, max-snippet:-1, max-image-preview:large, max-video-preview:-1\" \/>\n<link rel=\"canonical\" href=\"https:\/\/chemgramx.com\/fr\/produit\/acheter-md-php-en-ligne\/\" \/>\n<meta property=\"og:locale\" content=\"fr_FR\" \/>\n<meta property=\"og:type\" content=\"article\" \/>\n<meta property=\"og:title\" content=\"MD-PHP kaufen | Hochreine Forschungssubstanz online bestellen\" \/>\n<meta property=\"og:description\" content=\"Erwerben Sie MD-PHP, eine hochwertige Substanz f\u00fcr chemische und pharmakologische Forschung. Perfekt f\u00fcr pr\u00e4zise Analysen in professionellen Laboren.\" \/>\n<meta property=\"og:url\" content=\"https:\/\/chemgramx.com\/fr\/produit\/acheter-md-php-en-ligne\/\" \/>\n<meta property=\"og:site_name\" content=\"Chemgramx\" \/>\n<meta property=\"article:modified_time\" content=\"2025-11-21T14:28:34+00:00\" \/>\n<meta property=\"og:image\" content=\"https:\/\/chemgramx.com\/wp-content\/uploads\/2025\/11\/mdphp.png\" \/>\n\t<meta property=\"og:image:width\" content=\"600\" \/>\n\t<meta property=\"og:image:height\" content=\"400\" \/>\n\t<meta property=\"og:image:type\" content=\"image\/png\" \/>\n<meta name=\"twitter:card\" content=\"summary_large_image\" \/>\n<meta name=\"twitter:label1\" content=\"Dur\u00e9e de lecture estim\u00e9e\" \/>\n\t<meta name=\"twitter:data1\" content=\"4 minutes\" \/>\n<script type=\"application\/ld+json\" class=\"yoast-schema-graph\">{\"@context\":\"https:\\\/\\\/schema.org\",\"@graph\":[{\"@type\":\"WebPage\",\"@id\":\"https:\\\/\\\/chemgramx.com\\\/product\\\/md-php-online-kaufen\\\/\",\"url\":\"https:\\\/\\\/chemgramx.com\\\/product\\\/md-php-online-kaufen\\\/\",\"name\":\"MD-PHP kaufen | Hochreine Forschungssubstanz online bestellen\",\"isPartOf\":{\"@id\":\"https:\\\/\\\/chemgramx.com\\\/#website\"},\"primaryImageOfPage\":{\"@id\":\"https:\\\/\\\/chemgramx.com\\\/product\\\/md-php-online-kaufen\\\/#primaryimage\"},\"image\":{\"@id\":\"https:\\\/\\\/chemgramx.com\\\/product\\\/md-php-online-kaufen\\\/#primaryimage\"},\"thumbnailUrl\":\"https:\\\/\\\/chemgramx.com\\\/wp-content\\\/uploads\\\/2025\\\/11\\\/mdphp.png\",\"datePublished\":\"2025-11-21T11:11:35+00:00\",\"dateModified\":\"2025-11-21T14:28:34+00:00\",\"description\":\"Erwerben Sie MD-PHP, eine hochwertige Substanz f\u00fcr chemische und pharmakologische Forschung. Perfekt f\u00fcr pr\u00e4zise Analysen in professionellen Laboren.\",\"breadcrumb\":{\"@id\":\"https:\\\/\\\/chemgramx.com\\\/product\\\/md-php-online-kaufen\\\/#breadcrumb\"},\"inLanguage\":\"fr-FR\",\"potentialAction\":[{\"@type\":\"ReadAction\",\"target\":[\"https:\\\/\\\/chemgramx.com\\\/product\\\/md-php-online-kaufen\\\/\"]}]},{\"@type\":\"ImageObject\",\"inLanguage\":\"fr-FR\",\"@id\":\"https:\\\/\\\/chemgramx.com\\\/product\\\/md-php-online-kaufen\\\/#primaryimage\",\"url\":\"https:\\\/\\\/chemgramx.com\\\/wp-content\\\/uploads\\\/2025\\\/11\\\/mdphp.png\",\"contentUrl\":\"https:\\\/\\\/chemgramx.com\\\/wp-content\\\/uploads\\\/2025\\\/11\\\/mdphp.png\",\"width\":600,\"height\":400},{\"@type\":\"BreadcrumbList\",\"@id\":\"https:\\\/\\\/chemgramx.com\\\/product\\\/md-php-online-kaufen\\\/#breadcrumb\",\"itemListElement\":[{\"@type\":\"ListItem\",\"position\":1,\"name\":\"Home\",\"item\":\"https:\\\/\\\/chemgramx.com\\\/\"},{\"@type\":\"ListItem\",\"position\":2,\"name\":\"Shop\",\"item\":\"https:\\\/\\\/chemgramx.com\\\/shop\\\/\"},{\"@type\":\"ListItem\",\"position\":3,\"name\":\"MD-PHP Online Kaufen\"}]},{\"@type\":\"WebSite\",\"@id\":\"https:\\\/\\\/chemgramx.com\\\/#website\",\"url\":\"https:\\\/\\\/chemgramx.com\\\/\",\"name\":\"Chemgramx\",\"description\":\"\",\"publisher\":{\"@id\":\"https:\\\/\\\/chemgramx.com\\\/#organization\"},\"potentialAction\":[{\"@type\":\"SearchAction\",\"target\":{\"@type\":\"EntryPoint\",\"urlTemplate\":\"https:\\\/\\\/chemgramx.com\\\/?s={search_term_string}\"},\"query-input\":{\"@type\":\"PropertyValueSpecification\",\"valueRequired\":true,\"valueName\":\"search_term_string\"}}],\"inLanguage\":\"fr-FR\"},{\"@type\":\"Organization\",\"@id\":\"https:\\\/\\\/chemgramx.com\\\/#organization\",\"name\":\"Chemgramx\",\"url\":\"https:\\\/\\\/chemgramx.com\\\/\",\"logo\":{\"@type\":\"ImageObject\",\"inLanguage\":\"fr-FR\",\"@id\":\"https:\\\/\\\/chemgramx.com\\\/#\\\/schema\\\/logo\\\/image\\\/\",\"url\":\"https:\\\/\\\/chemgramx.com\\\/wp-content\\\/uploads\\\/2024\\\/10\\\/final-logo.png\",\"contentUrl\":\"https:\\\/\\\/chemgramx.com\\\/wp-content\\\/uploads\\\/2024\\\/10\\\/final-logo.png\",\"width\":250,\"height\":48,\"caption\":\"Chemgramx\"},\"image\":{\"@id\":\"https:\\\/\\\/chemgramx.com\\\/#\\\/schema\\\/logo\\\/image\\\/\"}}]}<\/script>\n<!-- \/ Yoast SEO plugin. -->","yoast_head_json":{"title":"Acheter MD-PHP | Commander en ligne une substance de recherche de haute puret\u00e9","description":"Achetez du MD-PHP, une substance de haute qualit\u00e9 pour la recherche chimique et pharmacologique. Id\u00e9al pour des analyses pr\u00e9cises en laboratoire professionnel.","robots":{"index":"index","follow":"follow","max-snippet":"max-snippet:-1","max-image-preview":"max-image-preview:large","max-video-preview":"max-video-preview:-1"},"canonical":"https:\/\/chemgramx.com\/fr\/produit\/acheter-md-php-en-ligne\/","og_locale":"fr_FR","og_type":"article","og_title":"MD-PHP kaufen | Hochreine Forschungssubstanz online bestellen","og_description":"Erwerben Sie MD-PHP, eine hochwertige Substanz f\u00fcr chemische und pharmakologische Forschung. Perfekt f\u00fcr pr\u00e4zise Analysen in professionellen Laboren.","og_url":"https:\/\/chemgramx.com\/fr\/produit\/acheter-md-php-en-ligne\/","og_site_name":"Chemgramx","article_modified_time":"2025-11-21T14:28:34+00:00","og_image":[{"width":600,"height":400,"url":"https:\/\/chemgramx.com\/wp-content\/uploads\/2025\/11\/mdphp.png","type":"image\/png"}],"twitter_card":"summary_large_image","twitter_misc":{"Dur\u00e9e de lecture estim\u00e9e":"4 minutes"},"schema":{"@context":"https:\/\/schema.org","@graph":[{"@type":"WebPage","@id":"https:\/\/chemgramx.com\/product\/md-php-online-kaufen\/","url":"https:\/\/chemgramx.com\/product\/md-php-online-kaufen\/","name":"Acheter MD-PHP | Commander en ligne une substance de recherche de haute puret\u00e9","isPartOf":{"@id":"https:\/\/chemgramx.com\/#website"},"primaryImageOfPage":{"@id":"https:\/\/chemgramx.com\/product\/md-php-online-kaufen\/#primaryimage"},"image":{"@id":"https:\/\/chemgramx.com\/product\/md-php-online-kaufen\/#primaryimage"},"thumbnailUrl":"https:\/\/chemgramx.com\/wp-content\/uploads\/2025\/11\/mdphp.png","datePublished":"2025-11-21T11:11:35+00:00","dateModified":"2025-11-21T14:28:34+00:00","description":"Achetez du MD-PHP, une substance de haute qualit\u00e9 pour la recherche chimique et pharmacologique. Id\u00e9al pour des analyses pr\u00e9cises en laboratoire professionnel.","breadcrumb":{"@id":"https:\/\/chemgramx.com\/product\/md-php-online-kaufen\/#breadcrumb"},"inLanguage":"fr-FR","potentialAction":[{"@type":"ReadAction","target":["https:\/\/chemgramx.com\/product\/md-php-online-kaufen\/"]}]},{"@type":"ImageObject","inLanguage":"fr-FR","@id":"https:\/\/chemgramx.com\/product\/md-php-online-kaufen\/#primaryimage","url":"https:\/\/chemgramx.com\/wp-content\/uploads\/2025\/11\/mdphp.png","contentUrl":"https:\/\/chemgramx.com\/wp-content\/uploads\/2025\/11\/mdphp.png","width":600,"height":400},{"@type":"BreadcrumbList","@id":"https:\/\/chemgramx.com\/product\/md-php-online-kaufen\/#breadcrumb","itemListElement":[{"@type":"ListItem","position":1,"name":"Home","item":"https:\/\/chemgramx.com\/"},{"@type":"ListItem","position":2,"name":"Shop","item":"https:\/\/chemgramx.com\/shop\/"},{"@type":"ListItem","position":3,"name":"MD-PHP Online Kaufen"}]},{"@type":"WebSite","@id":"https:\/\/chemgramx.com\/#website","url":"https:\/\/chemgramx.com\/","name":"Chemgramx","description":"","publisher":{"@id":"https:\/\/chemgramx.com\/#organization"},"potentialAction":[{"@type":"SearchAction","target":{"@type":"EntryPoint","urlTemplate":"https:\/\/chemgramx.com\/?s={search_term_string}"},"query-input":{"@type":"PropertyValueSpecification","valueRequired":true,"valueName":"search_term_string"}}],"inLanguage":"fr-FR"},{"@type":"Organization","@id":"https:\/\/chemgramx.com\/#organization","name":"Chemgramx","url":"https:\/\/chemgramx.com\/","logo":{"@type":"ImageObject","inLanguage":"fr-FR","@id":"https:\/\/chemgramx.com\/#\/schema\/logo\/image\/","url":"https:\/\/chemgramx.com\/wp-content\/uploads\/2024\/10\/final-logo.png","contentUrl":"https:\/\/chemgramx.com\/wp-content\/uploads\/2024\/10\/final-logo.png","width":250,"height":48,"caption":"Chemgramx"},"image":{"@id":"https:\/\/chemgramx.com\/#\/schema\/logo\/image\/"}}]}},"_links":{"self":[{"href":"https:\/\/chemgramx.com\/fr\/wp-json\/wp\/v2\/product\/7012","targetHints":{"allow":["GET"]}}],"collection":[{"href":"https:\/\/chemgramx.com\/fr\/wp-json\/wp\/v2\/product"}],"about":[{"href":"https:\/\/chemgramx.com\/fr\/wp-json\/wp\/v2\/types\/product"}],"replies":[{"embeddable":true,"href":"https:\/\/chemgramx.com\/fr\/wp-json\/wp\/v2\/comments?post=7012"}],"wp:featuredmedia":[{"embeddable":true,"href":"https:\/\/chemgramx.com\/fr\/wp-json\/wp\/v2\/media\/7059"}],"wp:attachment":[{"href":"https:\/\/chemgramx.com\/fr\/wp-json\/wp\/v2\/media?parent=7012"}],"wp:term":[{"taxonomy":"product_brand","embeddable":true,"href":"https:\/\/chemgramx.com\/fr\/wp-json\/wp\/v2\/product_brand?post=7012"},{"taxonomy":"product_cat","embeddable":true,"href":"https:\/\/chemgramx.com\/fr\/wp-json\/wp\/v2\/product_cat?post=7012"},{"taxonomy":"product_tag","embeddable":true,"href":"https:\/\/chemgramx.com\/fr\/wp-json\/wp\/v2\/product_tag?post=7012"}],"curies":[{"name":"wp","href":"https:\/\/api.w.org\/{rel}","templated":true}]}}