{"id":711,"date":"2024-10-21T21:47:20","date_gmt":"2024-10-21T21:47:20","guid":{"rendered":"https:\/\/chemgramx.com\/?post_type=product&#038;p=711"},"modified":"2025-10-15T08:50:41","modified_gmt":"2025-10-15T08:50:41","slug":"4f-mph-4-fluormethylphenidat","status":"publish","type":"product","link":"https:\/\/chemgramx.com\/fr\/produit\/4f-mph-4-fluormethylphenidat\/","title":{"rendered":"Acheter 4F-MPH (4-fluorom\u00e9thylph\u00e9nidate) en ligne"},"content":{"rendered":"<h2 data-start=\"109\" data-end=\"162\">4F-MPH online kaufen von einer zuverl\u00e4ssigen Forschungsquelle<\/h2>\n<h2 data-start=\"164\" data-end=\"213\">Acheter 4F-MPH (4-fluorom\u00e9thylph\u00e9nidate) en ligne<\/h2>\n<h3 data-start=\"215\" data-end=\"260\">Qu'est-ce que le 4F-MPH (4-fluorom\u00e9thylph\u00e9nidate) ?<\/h3>\n<p data-start=\"262\" data-end=\"796\">4F-MPH, auch bekannt als 4-Fluormethylphenidat, ist eine synthetische Forschungschemikalie, die eng mit Methylphenidat verwandt ist, einem bekannten Stimulans. Diese Substanz wird h\u00e4ufig in der wissenschaftlichen Forschung eingesetzt, um neurochemische Prozesse und m\u00f6gliche therapeutische Anwendungen zu untersuchen. Wer <a href=\"https:\/\/chemgramx.com\/fr\/produit\/4f-mph-4-fluormethylphenidat\/\">4F-MPH online kaufen<\/a> Toute personne souhaitant acheter du 4F-MPH doit pr\u00eater attention \u00e0 la qualit\u00e9 et \u00e0 la fiabilit\u00e9 du fournisseur. En raison de ses effets potentiels sur le syst\u00e8me nerveux central, le 4F-MPH suscite un int\u00e9r\u00eat croissant.<\/p>\n<h3 data-start=\"798\" data-end=\"848\">Est-il l\u00e9gal d'acheter du 4F-MPH dans votre pays ?<\/h3>\n<p data-start=\"850\" data-end=\"1038\">La l\u00e9galit\u00e9 de <a href=\"https:\/\/en.wikipedia.org\/wiki\/4-Fluoromethylphenidate\">4F-MPH<\/a> variiert weltweit. In manchen L\u00e4ndern ist Besitz oder Kauf streng reguliert oder verboten, w\u00e4hrend in anderen noch keine spezifischen Gesetze existieren.<\/p>\n<p data-start=\"1040\" data-end=\"1064\">Remarques importantes :<\/p>\n<ul data-start=\"1065\" data-end=\"1300\">\n<li data-start=\"1065\" data-end=\"1160\">\n<p data-start=\"1067\" data-end=\"1160\">V\u00e9rifiez toujours la situation juridique actuelle dans votre pays avant d'acheter 4F-MPH en ligne.<\/p>\n<\/li>\n<li data-start=\"1161\" data-end=\"1234\">\n<p data-start=\"1163\" data-end=\"1234\">Assurez-vous que l\u2019achat est autoris\u00e9 \u00e0 des fins de recherche.<\/p>\n<\/li>\n<li data-start=\"1235\" data-end=\"1300\">\n<p data-start=\"1237\" data-end=\"1300\">\u00c9vitez les risques d\u2019acquisition ill\u00e9gale ou d\u2019utilisation abusive.<\/p>\n<\/li>\n<\/ul>\n<h3 data-start=\"1302\" data-end=\"1357\">Warum bestellen Forscher 4F-MPH zunehmend online?<\/h3>\n<p data-start=\"1359\" data-end=\"1451\">Forscher und Laborbetreiber entscheiden sich f\u00fcr Bestellung 4F-MPH \u00fcber das Internet, weil:<\/p>\n<ul data-start=\"1452\" data-end=\"1752\">\n<li data-start=\"1452\" data-end=\"1527\">\n<p data-start=\"1454\" data-end=\"1527\">Les boutiques en ligne offrent souvent un plus grand choix et une meilleure disponibilit\u00e9.<\/p>\n<\/li>\n<li data-start=\"1528\" data-end=\"1584\">\n<p data-start=\"1530\" data-end=\"1584\">Discr\u00e9tion et exp\u00e9dition rapide garanties.<\/p>\n<\/li>\n<li data-start=\"1585\" data-end=\"1663\">\n<p data-start=\"1587\" data-end=\"1663\">Des informations transparentes sur les produits et des certificats d'analyse (COA) sont disponibles.<\/p>\n<\/li>\n<li data-start=\"1664\" data-end=\"1752\">\n<p data-start=\"1666\" data-end=\"1752\">Des quantit\u00e9s de commande flexibles sont possibles, adapt\u00e9es \u00e0 diff\u00e9rents besoins de recherche.<\/p>\n<\/li>\n<\/ul>\n<h3 data-start=\"1754\" data-end=\"1810\">So erkennen Sie einen seri\u00f6sen Anbieter von 4F-MPH<\/h3>\n<p data-start=\"1812\" data-end=\"1923\">Beim wo kann man 4F-MPH kaufen ist die Auswahl eines vertrauensw\u00fcrdigen Anbieters entscheidend. Achten Sie auf:<\/p>\n<ul data-start=\"1924\" data-end=\"2143\">\n<li data-start=\"1924\" data-end=\"1976\">\n<p data-start=\"1926\" data-end=\"1976\">Qualit\u00e9 prouv\u00e9e par des tests en laboratoire.<\/p>\n<\/li>\n<li data-start=\"1977\" data-end=\"2023\">\n<p data-start=\"1979\" data-end=\"2023\">Avis clients et r\u00e9f\u00e9rences positifs.<\/p>\n<\/li>\n<li data-start=\"2024\" data-end=\"2089\">\n<p data-start=\"2026\" data-end=\"2089\">Informations claires sur la puret\u00e9, l'origine et les normes de s\u00e9curit\u00e9.<\/p>\n<\/li>\n<li data-start=\"2090\" data-end=\"2143\">\n<p data-start=\"2092\" data-end=\"2143\">M\u00e9thodes de paiement s\u00e9curis\u00e9es et emballage discret.<\/p>\n<\/li>\n<\/ul>\n<h3 data-start=\"2145\" data-end=\"2199\">Escroqueries courantes et comment les \u00e9viter<\/h3>\n<p data-start=\"2201\" data-end=\"2268\">Comme il existe de nombreux fournisseurs douteux, vous devez \u00eatre prudent :<\/p>\n<ul data-start=\"2269\" data-end=\"2483\">\n<li data-start=\"2269\" data-end=\"2329\">\n<p data-start=\"2271\" data-end=\"2329\">\u00c9vitez les offres extr\u00eamement bon march\u00e9 sans certificats.<\/p>\n<\/li>\n<li data-start=\"2330\" data-end=\"2412\">\n<p data-start=\"2332\" data-end=\"2412\">N'achetez pas aupr\u00e8s de vendeurs sans coordonn\u00e9es claires ni options de retour.<\/p>\n<\/li>\n<li data-start=\"2413\" data-end=\"2483\">\n<p data-start=\"2415\" data-end=\"2483\">Assurez-vous que les informations sur le produit sont compl\u00e8tes et transparentes.<\/p>\n<\/li>\n<\/ul>\n<h3 data-start=\"2485\" data-end=\"2560\">Derniers conseils pour un achat s\u00fbr, l\u00e9gal et \u00e9clair\u00e9<\/h3>\n<ul data-start=\"2562\" data-end=\"2873\">\n<li data-start=\"2562\" data-end=\"2662\">\n<p data-start=\"2564\" data-end=\"2662\">Informieren Sie sich umfassend \u00fcber 4F-MPH online kaufen und die rechtliche Lage in Ihrem Land.<\/p>\n<\/li>\n<li data-start=\"2663\" data-end=\"2736\">\n<p data-start=\"2665\" data-end=\"2736\">Bestel uitsluitend bij geverifieerde verkopers met geteste producten.<\/p>\n<\/li>\n<li data-start=\"2737\" data-end=\"2800\">\n<p data-start=\"2739\" data-end=\"2800\">Commencez par de petites quantit\u00e9s pour v\u00e9rifier la qualit\u00e9.<\/p>\n<\/li>\n<li data-start=\"2801\" data-end=\"2873\">\n<p data-start=\"2803\" data-end=\"2873\">Utilisez le produit uniquement \u00e0 des fins de recherche l\u00e9gitimes.<\/p>\n<\/li>\n<\/ul>\n<h3 data-start=\"2875\" data-end=\"2987\">Conclusion : Comment acheter du 4F-MPH (4-fluorom\u00e9thylph\u00e9nidate) en toute s\u00e9curit\u00e9, l\u00e9galement et de mani\u00e8re satisfaisante<\/h3>\n<p data-start=\"2989\" data-end=\"3262\">Wenn Sie 4F-MPH kaufen bei seri\u00f6sen Anbietern ausw\u00e4hlen, k\u00f6nnen Sie sich auf gepr\u00fcfte Qualit\u00e4t und verl\u00e4ssliche Lieferung verlassen. Mit der richtigen Vorbereitung und Wahl des H\u00e4ndlers gew\u00e4hrleisten Sie eine optimale Forschungserfahrung \u2013 legal, sicher und zuverl\u00e4ssig.<\/p>","protected":false},"excerpt":{"rendered":"<p>4F-MPH, oder 4-Fluoromethylphenidate, ist ein synthetisches Derivat von Methylphenidat, einem Medikament, das h\u00e4ufig zur Behandlung von Aufmerksamkeitsdefizit-Hyperaktivit\u00e4tsst\u00f6rung (ADHS) eingesetzt wird. Durch die Fluorierung an der 4-Position des Benzolrings hat 4F-MPH eine modifizierte chemische Struktur, die seine Wirkungen und Eigenschaften ver\u00e4ndert.<\/p>","protected":false},"featured_media":712,"comment_status":"open","ping_status":"closed","template":"","meta":{"_joinchat":[]},"product_brand":[],"product_cat":[48],"product_tag":[2724,2717,2725,2718,2843,2721,2720,2844,2845,2015],"class_list":{"0":"post-711","1":"product","2":"type-product","3":"status-publish","4":"has-post-thumbnail","6":"product_cat-stimulants","7":"product_tag-4f-mph-chemikalien","8":"product_tag-4f-mph-kaufen","9":"product_tag-4f-mph-kaufen-deutschland","10":"product_tag-4f-mph-kristalle","11":"product_tag-4f-mph-online","12":"product_tag-4f-mph-preis","13":"product_tag-4f-mph-prodej","14":"product_tag-4f-mph-pulver","15":"product_tag-4f-mph-wirkung","16":"product_tag-synthetische-drogen","18":"first","19":"instock","20":"shipping-taxable","21":"purchasable","22":"product-type-variable"},"yoast_head":"<!-- This site is optimized with the Yoast SEO plugin v26.1.1 - https:\/\/yoast.com\/wordpress\/plugins\/seo\/ -->\n<title>4F-MPH (4-Fluormethylphenidat) online kaufen<\/title>\n<meta name=\"description\" content=\"Unser Shop hat 4f-mph (4-Fluormethylphenidat) in Topqualit\u00e4t zu verkaufen. Die Qualit\u00e4t unserer Produkte ist einfach unschlagbar. Wenn Sie es brauchen, k\u00f6nnen Sie 4f-mph sofort online kaufen. Jetzt bestellen!\" \/>\n<meta name=\"robots\" content=\"index, follow, max-snippet:-1, max-image-preview:large, max-video-preview:-1\" \/>\n<link rel=\"canonical\" href=\"https:\/\/chemgramx.com\/fr\/produit\/4f-mph-4-fluormethylphenidat\/\" \/>\n<meta property=\"og:locale\" content=\"fr_FR\" \/>\n<meta property=\"og:type\" content=\"article\" \/>\n<meta property=\"og:title\" content=\"4F-MPH (4-Fluormethylphenidat) online kaufen\" \/>\n<meta property=\"og:description\" content=\"Unser Shop hat 4f-mph (4-Fluormethylphenidat) in Topqualit\u00e4t zu verkaufen. Die Qualit\u00e4t unserer Produkte ist einfach unschlagbar. Wenn Sie es brauchen, k\u00f6nnen Sie 4f-mph sofort online kaufen. Jetzt bestellen!\" \/>\n<meta property=\"og:url\" content=\"https:\/\/chemgramx.com\/fr\/produit\/4f-mph-4-fluormethylphenidat\/\" \/>\n<meta property=\"og:site_name\" content=\"Chemgramx\" \/>\n<meta property=\"article:modified_time\" content=\"2025-10-15T08:50:41+00:00\" \/>\n<meta property=\"og:image\" content=\"https:\/\/chemgramx.com\/wp-content\/uploads\/2024\/10\/4F-MPH-kaufen.jpg\" \/>\n\t<meta property=\"og:image:width\" content=\"480\" \/>\n\t<meta property=\"og:image:height\" content=\"480\" \/>\n\t<meta property=\"og:image:type\" content=\"image\/jpeg\" \/>\n<meta name=\"twitter:card\" content=\"summary_large_image\" \/>\n<meta name=\"twitter:label1\" content=\"Dur\u00e9e de lecture estim\u00e9e\" \/>\n\t<meta name=\"twitter:data1\" content=\"2 minutes\" \/>\n<script type=\"application\/ld+json\" class=\"yoast-schema-graph\">{\"@context\":\"https:\/\/schema.org\",\"@graph\":[{\"@type\":\"WebPage\",\"@id\":\"https:\/\/chemgramx.com\/product\/4f-mph-4-fluormethylphenidat\/\",\"url\":\"https:\/\/chemgramx.com\/product\/4f-mph-4-fluormethylphenidat\/\",\"name\":\"4F-MPH (4-Fluormethylphenidat) online kaufen\",\"isPartOf\":{\"@id\":\"https:\/\/chemgramx.com\/#website\"},\"primaryImageOfPage\":{\"@id\":\"https:\/\/chemgramx.com\/product\/4f-mph-4-fluormethylphenidat\/#primaryimage\"},\"image\":{\"@id\":\"https:\/\/chemgramx.com\/product\/4f-mph-4-fluormethylphenidat\/#primaryimage\"},\"thumbnailUrl\":\"https:\/\/chemgramx.com\/wp-content\/uploads\/2024\/10\/4F-MPH-kaufen.jpg\",\"datePublished\":\"2024-10-21T21:47:20+00:00\",\"dateModified\":\"2025-10-15T08:50:41+00:00\",\"description\":\"Unser Shop hat 4f-mph (4-Fluormethylphenidat) in Topqualit\u00e4t zu verkaufen. Die Qualit\u00e4t unserer Produkte ist einfach unschlagbar. Wenn Sie es brauchen, k\u00f6nnen Sie 4f-mph sofort online kaufen. Jetzt bestellen!\",\"breadcrumb\":{\"@id\":\"https:\/\/chemgramx.com\/product\/4f-mph-4-fluormethylphenidat\/#breadcrumb\"},\"inLanguage\":\"fr-FR\",\"potentialAction\":[{\"@type\":\"ReadAction\",\"target\":[\"https:\/\/chemgramx.com\/product\/4f-mph-4-fluormethylphenidat\/\"]}]},{\"@type\":\"ImageObject\",\"inLanguage\":\"fr-FR\",\"@id\":\"https:\/\/chemgramx.com\/product\/4f-mph-4-fluormethylphenidat\/#primaryimage\",\"url\":\"https:\/\/chemgramx.com\/wp-content\/uploads\/2024\/10\/4F-MPH-kaufen.jpg\",\"contentUrl\":\"https:\/\/chemgramx.com\/wp-content\/uploads\/2024\/10\/4F-MPH-kaufen.jpg\",\"width\":480,\"height\":480,\"caption\":\"4F-MPH (4-Fluormethylphenidat) online kaufen\"},{\"@type\":\"BreadcrumbList\",\"@id\":\"https:\/\/chemgramx.com\/product\/4f-mph-4-fluormethylphenidat\/#breadcrumb\",\"itemListElement\":[{\"@type\":\"ListItem\",\"position\":1,\"name\":\"Home\",\"item\":\"https:\/\/chemgramx.com\/\"},{\"@type\":\"ListItem\",\"position\":2,\"name\":\"Shop\",\"item\":\"https:\/\/chemgramx.com\/shop\/\"},{\"@type\":\"ListItem\",\"position\":3,\"name\":\"4F-MPH (4-Fluormethylphenidat) online kaufen\"}]},{\"@type\":\"WebSite\",\"@id\":\"https:\/\/chemgramx.com\/#website\",\"url\":\"https:\/\/chemgramx.com\/\",\"name\":\"Chemgramx\",\"description\":\"\",\"publisher\":{\"@id\":\"https:\/\/chemgramx.com\/#organization\"},\"potentialAction\":[{\"@type\":\"SearchAction\",\"target\":{\"@type\":\"EntryPoint\",\"urlTemplate\":\"https:\/\/chemgramx.com\/?s={search_term_string}\"},\"query-input\":{\"@type\":\"PropertyValueSpecification\",\"valueRequired\":true,\"valueName\":\"search_term_string\"}}],\"inLanguage\":\"fr-FR\"},{\"@type\":\"Organization\",\"@id\":\"https:\/\/chemgramx.com\/#organization\",\"name\":\"Chemgramx\",\"url\":\"https:\/\/chemgramx.com\/\",\"logo\":{\"@type\":\"ImageObject\",\"inLanguage\":\"fr-FR\",\"@id\":\"https:\/\/chemgramx.com\/#\/schema\/logo\/image\/\",\"url\":\"https:\/\/chemgramx.com\/wp-content\/uploads\/2024\/10\/final-logo.png\",\"contentUrl\":\"https:\/\/chemgramx.com\/wp-content\/uploads\/2024\/10\/final-logo.png\",\"width\":250,\"height\":48,\"caption\":\"Chemgramx\"},\"image\":{\"@id\":\"https:\/\/chemgramx.com\/#\/schema\/logo\/image\/\"}}]}<\/script>\n<!-- \/ Yoast SEO plugin. -->","yoast_head_json":{"title":"Acheter 4F-MPH (4-fluorom\u00e9thylph\u00e9nidate) en ligne","description":"Unser Shop hat 4f-mph (4-Fluormethylphenidat) in Topqualit\u00e4t zu verkaufen. Die Qualit\u00e4t unserer Produkte ist einfach unschlagbar. Wenn Sie es brauchen, k\u00f6nnen Sie 4f-mph sofort online kaufen. Jetzt bestellen!","robots":{"index":"index","follow":"follow","max-snippet":"max-snippet:-1","max-image-preview":"max-image-preview:large","max-video-preview":"max-video-preview:-1"},"canonical":"https:\/\/chemgramx.com\/fr\/produit\/4f-mph-4-fluormethylphenidat\/","og_locale":"fr_FR","og_type":"article","og_title":"4F-MPH (4-Fluormethylphenidat) online kaufen","og_description":"Unser Shop hat 4f-mph (4-Fluormethylphenidat) in Topqualit\u00e4t zu verkaufen. Die Qualit\u00e4t unserer Produkte ist einfach unschlagbar. Wenn Sie es brauchen, k\u00f6nnen Sie 4f-mph sofort online kaufen. Jetzt bestellen!","og_url":"https:\/\/chemgramx.com\/fr\/produit\/4f-mph-4-fluormethylphenidat\/","og_site_name":"Chemgramx","article_modified_time":"2025-10-15T08:50:41+00:00","og_image":[{"width":480,"height":480,"url":"https:\/\/chemgramx.com\/wp-content\/uploads\/2024\/10\/4F-MPH-kaufen.jpg","type":"image\/jpeg"}],"twitter_card":"summary_large_image","twitter_misc":{"Dur\u00e9e de lecture estim\u00e9e":"2 minutes"},"schema":{"@context":"https:\/\/schema.org","@graph":[{"@type":"WebPage","@id":"https:\/\/chemgramx.com\/product\/4f-mph-4-fluormethylphenidat\/","url":"https:\/\/chemgramx.com\/product\/4f-mph-4-fluormethylphenidat\/","name":"Acheter 4F-MPH (4-fluorom\u00e9thylph\u00e9nidate) en ligne","isPartOf":{"@id":"https:\/\/chemgramx.com\/#website"},"primaryImageOfPage":{"@id":"https:\/\/chemgramx.com\/product\/4f-mph-4-fluormethylphenidat\/#primaryimage"},"image":{"@id":"https:\/\/chemgramx.com\/product\/4f-mph-4-fluormethylphenidat\/#primaryimage"},"thumbnailUrl":"https:\/\/chemgramx.com\/wp-content\/uploads\/2024\/10\/4F-MPH-kaufen.jpg","datePublished":"2024-10-21T21:47:20+00:00","dateModified":"2025-10-15T08:50:41+00:00","description":"Unser Shop hat 4f-mph (4-Fluormethylphenidat) in Topqualit\u00e4t zu verkaufen. Die Qualit\u00e4t unserer Produkte ist einfach unschlagbar. Wenn Sie es brauchen, k\u00f6nnen Sie 4f-mph sofort online kaufen. Jetzt bestellen!","breadcrumb":{"@id":"https:\/\/chemgramx.com\/product\/4f-mph-4-fluormethylphenidat\/#breadcrumb"},"inLanguage":"fr-FR","potentialAction":[{"@type":"ReadAction","target":["https:\/\/chemgramx.com\/product\/4f-mph-4-fluormethylphenidat\/"]}]},{"@type":"ImageObject","inLanguage":"fr-FR","@id":"https:\/\/chemgramx.com\/product\/4f-mph-4-fluormethylphenidat\/#primaryimage","url":"https:\/\/chemgramx.com\/wp-content\/uploads\/2024\/10\/4F-MPH-kaufen.jpg","contentUrl":"https:\/\/chemgramx.com\/wp-content\/uploads\/2024\/10\/4F-MPH-kaufen.jpg","width":480,"height":480,"caption":"4F-MPH (4-Fluormethylphenidat) online kaufen"},{"@type":"BreadcrumbList","@id":"https:\/\/chemgramx.com\/product\/4f-mph-4-fluormethylphenidat\/#breadcrumb","itemListElement":[{"@type":"ListItem","position":1,"name":"Home","item":"https:\/\/chemgramx.com\/"},{"@type":"ListItem","position":2,"name":"Shop","item":"https:\/\/chemgramx.com\/shop\/"},{"@type":"ListItem","position":3,"name":"4F-MPH (4-Fluormethylphenidat) online kaufen"}]},{"@type":"WebSite","@id":"https:\/\/chemgramx.com\/#website","url":"https:\/\/chemgramx.com\/","name":"Chemgramx","description":"","publisher":{"@id":"https:\/\/chemgramx.com\/#organization"},"potentialAction":[{"@type":"SearchAction","target":{"@type":"EntryPoint","urlTemplate":"https:\/\/chemgramx.com\/?s={search_term_string}"},"query-input":{"@type":"PropertyValueSpecification","valueRequired":true,"valueName":"search_term_string"}}],"inLanguage":"fr-FR"},{"@type":"Organization","@id":"https:\/\/chemgramx.com\/#organization","name":"Chemgramx","url":"https:\/\/chemgramx.com\/","logo":{"@type":"ImageObject","inLanguage":"fr-FR","@id":"https:\/\/chemgramx.com\/#\/schema\/logo\/image\/","url":"https:\/\/chemgramx.com\/wp-content\/uploads\/2024\/10\/final-logo.png","contentUrl":"https:\/\/chemgramx.com\/wp-content\/uploads\/2024\/10\/final-logo.png","width":250,"height":48,"caption":"Chemgramx"},"image":{"@id":"https:\/\/chemgramx.com\/#\/schema\/logo\/image\/"}}]}},"_links":{"self":[{"href":"https:\/\/chemgramx.com\/fr\/wp-json\/wp\/v2\/product\/711","targetHints":{"allow":["GET"]}}],"collection":[{"href":"https:\/\/chemgramx.com\/fr\/wp-json\/wp\/v2\/product"}],"about":[{"href":"https:\/\/chemgramx.com\/fr\/wp-json\/wp\/v2\/types\/product"}],"replies":[{"embeddable":true,"href":"https:\/\/chemgramx.com\/fr\/wp-json\/wp\/v2\/comments?post=711"}],"wp:featuredmedia":[{"embeddable":true,"href":"https:\/\/chemgramx.com\/fr\/wp-json\/wp\/v2\/media\/712"}],"wp:attachment":[{"href":"https:\/\/chemgramx.com\/fr\/wp-json\/wp\/v2\/media?parent=711"}],"wp:term":[{"taxonomy":"product_brand","embeddable":true,"href":"https:\/\/chemgramx.com\/fr\/wp-json\/wp\/v2\/product_brand?post=711"},{"taxonomy":"product_cat","embeddable":true,"href":"https:\/\/chemgramx.com\/fr\/wp-json\/wp\/v2\/product_cat?post=711"},{"taxonomy":"product_tag","embeddable":true,"href":"https:\/\/chemgramx.com\/fr\/wp-json\/wp\/v2\/product_tag?post=711"}],"curies":[{"name":"wp","href":"https:\/\/api.w.org\/{rel}","templated":true}]}}