{"id":713,"date":"2024-10-21T21:58:47","date_gmt":"2024-10-21T21:58:47","guid":{"rendered":"https:\/\/chemgramx.com\/?post_type=product&#038;p=713"},"modified":"2025-10-16T05:47:15","modified_gmt":"2025-10-16T05:47:15","slug":"amphetamin","status":"publish","type":"product","link":"https:\/\/chemgramx.com\/fr\/produit\/amphetamin\/","title":{"rendered":"Acheter de l'amph\u00e9tamine en ligne"},"content":{"rendered":"<h2 data-start=\"109\" data-end=\"166\">Amphetamin online kaufen von einer zuverl\u00e4ssigen Forschungsquelle<\/h2>\n<h3 data-start=\"168\" data-end=\"237\">Demande croissante d\u2019amph\u00e9tamines : pourquoi l\u2019int\u00e9r\u00eat augmente-t-il ?<\/h3>\n<p data-start=\"239\" data-end=\"724\">L'int\u00e9r\u00eat pour <a href=\"https:\/\/chemgramx.com\/fr\/produit\/amphetamin\/\">Acheter de l'amph\u00e9tamine en ligne<\/a>\u00a0En tant que substance de recherche, son utilisation ne cesse de cro\u00eetre. Cette substance joue un r\u00f4le particuli\u00e8rement important en neurosciences et en recherche pharmacologique fondamentale. Sa polyvalence et son large spectre d'effets en font un sujet de recherche recherch\u00e9 dans les laboratoires scientifiques du monde entier. Toute personne souhaitant acheter de l'amph\u00e9tamine en ligne doit choisir des sources fiables pour garantir la qualit\u00e9 du produit.<\/p>\n<h3 data-start=\"726\" data-end=\"767\">Qu'est-ce que l'amph\u00e9tamine exactement ?<\/h3>\n<p data-start=\"769\" data-end=\"1180\"><a href=\"https:\/\/en.wikipedia.org\/wiki\/Amphetamine\">Amphetamin<\/a> C'est un stimulant psychoactif de la famille des ph\u00e9nyl\u00e9thylamines. Il affecte le syst\u00e8me nerveux central et est principalement \u00e9tudi\u00e9 en recherche sur l'attention, le temps de r\u00e9action, la concentration et la neurotransmission. Important\u00a0: Le produit propos\u00e9 ici est une amph\u00e9tamine destin\u00e9e \u00e0 la vente \u00e0 des fins d'\u00e9tudes scientifiques\u00a0; il est impropre \u00e0 la consommation humaine.<\/p>\n<h3 data-start=\"1182\" data-end=\"1232\">L\u2019achat d\u2019amph\u00e9tamine est-il l\u00e9gal dans votre pays\u00a0?<\/h3>\n<p data-start=\"1234\" data-end=\"1617\">Die rechtliche Lage rund um Amphetamin kaufen ist international unterschiedlich. In Deutschland f\u00e4llt die Substanz unter das Bet\u00e4ubungsmittelgesetz (BtMG). Besitz oder Erwerb ist nur mit Sondergenehmigung oder f\u00fcr streng kontrollierte Forschungszwecke erlaubt. Vor dem Online-Kauf von Amphetamin online sollten Sie sich \u00fcber die gesetzliche Regelung in Ihrem Land informieren.<\/p>\n<h3 data-start=\"1619\" data-end=\"1671\">Pourquoi les chercheurs s'appuient sur les sources en ligne<\/h3>\n<p data-start=\"1673\" data-end=\"1815\">De nombreux op\u00e9rateurs de laboratoire et chercheurs choisissent de commander de l'amph\u00e9tamine sur Internet car les plateformes sp\u00e9cialis\u00e9es :<\/p>\n<ul data-start=\"1817\" data-end=\"1954\">\n<li data-start=\"1817\" data-end=\"1857\">\n<p data-start=\"1819\" data-end=\"1857\">Un choix plus large de substances pures<\/p>\n<\/li>\n<li data-start=\"1858\" data-end=\"1887\">\n<p data-start=\"1860\" data-end=\"1887\">Des cha\u00eenes d'approvisionnement fiables<\/p>\n<\/li>\n<li data-start=\"1888\" data-end=\"1954\">\n<p data-start=\"1890\" data-end=\"1954\">Documentation transparente, comme les COA (Certificats d'analyse)<\/p>\n<\/li>\n<\/ul>\n<p data-start=\"1956\" data-end=\"2066\">bieten. So wird der Zugang zu Amphetamin zu verkaufen effizienter und sicherer f\u00fcr wissenschaftliche Zwecke.<\/p>\n<h3 data-start=\"2068\" data-end=\"2112\">Comment reconna\u00eetre un fournisseur r\u00e9put\u00e9<\/h3>\n<p data-start=\"2114\" data-end=\"2202\">Wenn Sie wo man Amphetamin kaufen kann suchen, sollten Sie auf folgende Merkmale achten:<\/p>\n<ul data-start=\"2204\" data-end=\"2444\">\n<li data-start=\"2204\" data-end=\"2254\">\n<p data-start=\"2206\" data-end=\"2254\">Certificats d'analyse de puret\u00e9 test\u00e9s en laboratoire<\/p>\n<\/li>\n<li data-start=\"2255\" data-end=\"2286\">\n<p data-start=\"2257\" data-end=\"2286\">Exp\u00e9dition s\u00e9curis\u00e9e et discr\u00e8te<\/p>\n<\/li>\n<li data-start=\"2287\" data-end=\"2343\">\n<p data-start=\"2289\" data-end=\"2343\">Origine transparente et \u00e9tiquetage clair du produit<\/p>\n<\/li>\n<li data-start=\"2344\" data-end=\"2385\">\n<p data-start=\"2346\" data-end=\"2385\">Avis clients et support actif<\/p>\n<\/li>\n<li data-start=\"2386\" data-end=\"2444\">\n<p data-start=\"2388\" data-end=\"2444\">Conformit\u00e9 aux r\u00e9glementations nationales et internationales<\/p>\n<\/li>\n<\/ul>\n<p data-start=\"2446\" data-end=\"2559\">Diese Hinweise helfen Ihnen, bester Ort, um Amphetamin online zu kaufen zu identifizieren und Betrug zu vermeiden.<\/p>\n<h3 data-start=\"2561\" data-end=\"2602\">Risiken von minderwertigen Produkten<\/h3>\n<p data-start=\"2604\" data-end=\"2675\">Le march\u00e9 en ligne ayant \u00e9galement ses moutons noirs, la prudence est de mise :<\/p>\n<ul data-start=\"2677\" data-end=\"2942\">\n<li data-start=\"2677\" data-end=\"2741\">\n<p data-start=\"2679\" data-end=\"2741\">N'achetez pas sur des plateformes anonymes ou non officielles<\/p>\n<\/li>\n<li data-start=\"2742\" data-end=\"2874\">\n<p data-start=\"2744\" data-end=\"2874\">M\u00e9fiez-vous des prix extr\u00eamement bas : un \u00ab prix de l\u2019amph\u00e9tamine \u00bb inf\u00e9rieur \u00e0 la valeur du march\u00e9 peut indiquer une contamination.<\/p>\n<\/li>\n<li data-start=\"2875\" data-end=\"2942\">\n<p data-start=\"2877\" data-end=\"2942\">\u00c9vitez les fournisseurs sans mentions l\u00e9gales, sans support ou sans conditions g\u00e9n\u00e9rales valides<\/p>\n<\/li>\n<\/ul>\n<h3 data-start=\"2944\" data-end=\"3018\">Derniers conseils pour un achat s\u00fbr, l\u00e9gal et \u00e9clair\u00e9<\/h3>\n<p data-start=\"3020\" data-end=\"3087\">Beachten Sie beim Amphetamin online kaufen f\u00fcr Forschungszwecke:<\/p>\n<ul data-start=\"3089\" data-end=\"3333\">\n<li data-start=\"3089\" data-end=\"3161\">\n<p data-start=\"3091\" data-end=\"3161\">Achetez uniquement aupr\u00e8s de fournisseurs sp\u00e9cialis\u00e9s certifi\u00e9s et r\u00e9put\u00e9s<\/p>\n<\/li>\n<li data-start=\"3162\" data-end=\"3211\">\n<p data-start=\"3164\" data-end=\"3211\">V\u00e9rifiez la situation juridique dans votre pays<\/p>\n<\/li>\n<li data-start=\"3212\" data-end=\"3257\">\n<p data-start=\"3214\" data-end=\"3257\">Demander des certificats et des tests de laboratoire<\/p>\n<\/li>\n<li data-start=\"3258\" data-end=\"3333\">\n<p data-start=\"3260\" data-end=\"3333\">Nutzen Sie das Produkt ausschlie\u00dflich f\u00fcr Forschungs- und Analysezwecke<\/p>\n<\/li>\n<\/ul>\n<p data-start=\"3335\" data-end=\"3476\">Indem Sie diese Hinweise befolgen, stellen Sie sicher, dass Sie Amphetamin online kaufen sicher, legal und verantwortungsbewusst erhalten.<\/p>","protected":false},"excerpt":{"rendered":"<p>Amphetamin ist eine psychoaktive Substanz, die als Stimulans wirkt. Es geh\u00f6rt zur Klasse der Phenethylamine und ist bekannt f\u00fcr seine leistungssteigernden und euphorisierenden Eigenschaften. Amphetamin wird sowohl medizinisch als auch illegal konsumiert.<\/p>","protected":false},"featured_media":717,"comment_status":"open","ping_status":"closed","template":"","meta":{"_joinchat":[]},"product_brand":[],"product_cat":[48],"product_tag":[2840,2833,2837,2836,2834,2838,2841,2835,2839,2842],"class_list":{"0":"post-713","1":"product","2":"type-product","3":"status-publish","4":"has-post-thumbnail","6":"product_cat-stimulants","7":"product_tag-amphetamin-chemikalien","8":"product_tag-amphetamin-kaufen","9":"product_tag-amphetamin-kaufen-deutschland","10":"product_tag-amphetamin-kristalle","11":"product_tag-amphetamin-online","12":"product_tag-amphetamin-preis","13":"product_tag-amphetamin-prodej","14":"product_tag-amphetamin-pulver","15":"product_tag-amphetamin-wirkung","16":"product_tag-amphetamin-zum-verkauf","18":"first","19":"instock","20":"shipping-taxable","21":"purchasable","22":"product-type-variable"},"yoast_head":"<!-- This site is optimized with the Yoast SEO plugin v26.1.1 - https:\/\/yoast.com\/wordpress\/plugins\/seo\/ -->\n<title>Amphetamin online kaufen \u2013 Amphetamin zu verkaufen<\/title>\n<meta name=\"description\" content=\"Wenn Sie Amphetamin m\u00f6gen und nach einem zuverl\u00e4ssigen Chemgramx-Shop suchen, dann kaufen Sie hier. Wir haben ein hochwertiges Amphetamin zu verkaufen und Sie k\u00f6nnen Amphetamin heute online kaufen und einen g\u00fcnstigen Preis bekommen!\" \/>\n<meta name=\"robots\" content=\"index, follow, max-snippet:-1, max-image-preview:large, max-video-preview:-1\" \/>\n<link rel=\"canonical\" href=\"https:\/\/chemgramx.com\/fr\/produit\/amphetamin\/\" \/>\n<meta property=\"og:locale\" content=\"fr_FR\" \/>\n<meta property=\"og:type\" content=\"article\" \/>\n<meta property=\"og:title\" content=\"Amphetamin online kaufen \u2013 Amphetamin zu verkaufen\" \/>\n<meta property=\"og:description\" content=\"Wenn Sie Amphetamin m\u00f6gen und nach einem zuverl\u00e4ssigen Chemgramx-Shop suchen, dann kaufen Sie hier. Wir haben ein hochwertiges Amphetamin zu verkaufen und Sie k\u00f6nnen Amphetamin heute online kaufen und einen g\u00fcnstigen Preis bekommen!\" \/>\n<meta property=\"og:url\" content=\"https:\/\/chemgramx.com\/fr\/produit\/amphetamin\/\" \/>\n<meta property=\"og:site_name\" content=\"Chemgramx\" \/>\n<meta property=\"article:modified_time\" content=\"2025-10-16T05:47:15+00:00\" \/>\n<meta property=\"og:image\" content=\"https:\/\/chemgramx.com\/wp-content\/uploads\/2024\/10\/amphetamines1.jpg\" \/>\n\t<meta property=\"og:image:width\" content=\"1200\" \/>\n\t<meta property=\"og:image:height\" content=\"1200\" \/>\n\t<meta property=\"og:image:type\" content=\"image\/jpeg\" \/>\n<meta name=\"twitter:card\" content=\"summary_large_image\" \/>\n<meta name=\"twitter:label1\" content=\"Dur\u00e9e de lecture estim\u00e9e\" \/>\n\t<meta name=\"twitter:data1\" content=\"2 minutes\" \/>\n<script type=\"application\/ld+json\" class=\"yoast-schema-graph\">{\"@context\":\"https:\/\/schema.org\",\"@graph\":[{\"@type\":\"WebPage\",\"@id\":\"https:\/\/chemgramx.com\/product\/amphetamin\/\",\"url\":\"https:\/\/chemgramx.com\/product\/amphetamin\/\",\"name\":\"Amphetamin online kaufen \u2013 Amphetamin zu verkaufen\",\"isPartOf\":{\"@id\":\"https:\/\/chemgramx.com\/#website\"},\"primaryImageOfPage\":{\"@id\":\"https:\/\/chemgramx.com\/product\/amphetamin\/#primaryimage\"},\"image\":{\"@id\":\"https:\/\/chemgramx.com\/product\/amphetamin\/#primaryimage\"},\"thumbnailUrl\":\"https:\/\/chemgramx.com\/wp-content\/uploads\/2024\/10\/amphetamines1.jpg\",\"datePublished\":\"2024-10-21T21:58:47+00:00\",\"dateModified\":\"2025-10-16T05:47:15+00:00\",\"description\":\"Wenn Sie Amphetamin m\u00f6gen und nach einem zuverl\u00e4ssigen Chemgramx-Shop suchen, dann kaufen Sie hier. Wir haben ein hochwertiges Amphetamin zu verkaufen und Sie k\u00f6nnen Amphetamin heute online kaufen und einen g\u00fcnstigen Preis bekommen!\",\"breadcrumb\":{\"@id\":\"https:\/\/chemgramx.com\/product\/amphetamin\/#breadcrumb\"},\"inLanguage\":\"fr-FR\",\"potentialAction\":[{\"@type\":\"ReadAction\",\"target\":[\"https:\/\/chemgramx.com\/product\/amphetamin\/\"]}]},{\"@type\":\"ImageObject\",\"inLanguage\":\"fr-FR\",\"@id\":\"https:\/\/chemgramx.com\/product\/amphetamin\/#primaryimage\",\"url\":\"https:\/\/chemgramx.com\/wp-content\/uploads\/2024\/10\/amphetamines1.jpg\",\"contentUrl\":\"https:\/\/chemgramx.com\/wp-content\/uploads\/2024\/10\/amphetamines1.jpg\",\"width\":1200,\"height\":1200,\"caption\":\"Amphetamin online kaufen\"},{\"@type\":\"BreadcrumbList\",\"@id\":\"https:\/\/chemgramx.com\/product\/amphetamin\/#breadcrumb\",\"itemListElement\":[{\"@type\":\"ListItem\",\"position\":1,\"name\":\"Home\",\"item\":\"https:\/\/chemgramx.com\/\"},{\"@type\":\"ListItem\",\"position\":2,\"name\":\"Shop\",\"item\":\"https:\/\/chemgramx.com\/shop\/\"},{\"@type\":\"ListItem\",\"position\":3,\"name\":\"Amphetamin online kaufen\"}]},{\"@type\":\"WebSite\",\"@id\":\"https:\/\/chemgramx.com\/#website\",\"url\":\"https:\/\/chemgramx.com\/\",\"name\":\"Chemgramx\",\"description\":\"\",\"publisher\":{\"@id\":\"https:\/\/chemgramx.com\/#organization\"},\"potentialAction\":[{\"@type\":\"SearchAction\",\"target\":{\"@type\":\"EntryPoint\",\"urlTemplate\":\"https:\/\/chemgramx.com\/?s={search_term_string}\"},\"query-input\":{\"@type\":\"PropertyValueSpecification\",\"valueRequired\":true,\"valueName\":\"search_term_string\"}}],\"inLanguage\":\"fr-FR\"},{\"@type\":\"Organization\",\"@id\":\"https:\/\/chemgramx.com\/#organization\",\"name\":\"Chemgramx\",\"url\":\"https:\/\/chemgramx.com\/\",\"logo\":{\"@type\":\"ImageObject\",\"inLanguage\":\"fr-FR\",\"@id\":\"https:\/\/chemgramx.com\/#\/schema\/logo\/image\/\",\"url\":\"https:\/\/chemgramx.com\/wp-content\/uploads\/2024\/10\/final-logo.png\",\"contentUrl\":\"https:\/\/chemgramx.com\/wp-content\/uploads\/2024\/10\/final-logo.png\",\"width\":250,\"height\":48,\"caption\":\"Chemgramx\"},\"image\":{\"@id\":\"https:\/\/chemgramx.com\/#\/schema\/logo\/image\/\"}}]}<\/script>\n<!-- \/ Yoast SEO plugin. -->","yoast_head_json":{"title":"Amphetamin online kaufen \u2013 Amphetamin zu verkaufen","description":"Wenn Sie Amphetamin m\u00f6gen und nach einem zuverl\u00e4ssigen Chemgramx-Shop suchen, dann kaufen Sie hier. Wir haben ein hochwertiges Amphetamin zu verkaufen und Sie k\u00f6nnen Amphetamin heute online kaufen und einen g\u00fcnstigen Preis bekommen!","robots":{"index":"index","follow":"follow","max-snippet":"max-snippet:-1","max-image-preview":"max-image-preview:large","max-video-preview":"max-video-preview:-1"},"canonical":"https:\/\/chemgramx.com\/fr\/produit\/amphetamin\/","og_locale":"fr_FR","og_type":"article","og_title":"Amphetamin online kaufen \u2013 Amphetamin zu verkaufen","og_description":"Wenn Sie Amphetamin m\u00f6gen und nach einem zuverl\u00e4ssigen Chemgramx-Shop suchen, dann kaufen Sie hier. Wir haben ein hochwertiges Amphetamin zu verkaufen und Sie k\u00f6nnen Amphetamin heute online kaufen und einen g\u00fcnstigen Preis bekommen!","og_url":"https:\/\/chemgramx.com\/fr\/produit\/amphetamin\/","og_site_name":"Chemgramx","article_modified_time":"2025-10-16T05:47:15+00:00","og_image":[{"width":1200,"height":1200,"url":"https:\/\/chemgramx.com\/wp-content\/uploads\/2024\/10\/amphetamines1.jpg","type":"image\/jpeg"}],"twitter_card":"summary_large_image","twitter_misc":{"Dur\u00e9e de lecture estim\u00e9e":"2 minutes"},"schema":{"@context":"https:\/\/schema.org","@graph":[{"@type":"WebPage","@id":"https:\/\/chemgramx.com\/product\/amphetamin\/","url":"https:\/\/chemgramx.com\/product\/amphetamin\/","name":"Amphetamin online kaufen \u2013 Amphetamin zu verkaufen","isPartOf":{"@id":"https:\/\/chemgramx.com\/#website"},"primaryImageOfPage":{"@id":"https:\/\/chemgramx.com\/product\/amphetamin\/#primaryimage"},"image":{"@id":"https:\/\/chemgramx.com\/product\/amphetamin\/#primaryimage"},"thumbnailUrl":"https:\/\/chemgramx.com\/wp-content\/uploads\/2024\/10\/amphetamines1.jpg","datePublished":"2024-10-21T21:58:47+00:00","dateModified":"2025-10-16T05:47:15+00:00","description":"Wenn Sie Amphetamin m\u00f6gen und nach einem zuverl\u00e4ssigen Chemgramx-Shop suchen, dann kaufen Sie hier. Wir haben ein hochwertiges Amphetamin zu verkaufen und Sie k\u00f6nnen Amphetamin heute online kaufen und einen g\u00fcnstigen Preis bekommen!","breadcrumb":{"@id":"https:\/\/chemgramx.com\/product\/amphetamin\/#breadcrumb"},"inLanguage":"fr-FR","potentialAction":[{"@type":"ReadAction","target":["https:\/\/chemgramx.com\/product\/amphetamin\/"]}]},{"@type":"ImageObject","inLanguage":"fr-FR","@id":"https:\/\/chemgramx.com\/product\/amphetamin\/#primaryimage","url":"https:\/\/chemgramx.com\/wp-content\/uploads\/2024\/10\/amphetamines1.jpg","contentUrl":"https:\/\/chemgramx.com\/wp-content\/uploads\/2024\/10\/amphetamines1.jpg","width":1200,"height":1200,"caption":"Amphetamin online kaufen"},{"@type":"BreadcrumbList","@id":"https:\/\/chemgramx.com\/product\/amphetamin\/#breadcrumb","itemListElement":[{"@type":"ListItem","position":1,"name":"Home","item":"https:\/\/chemgramx.com\/"},{"@type":"ListItem","position":2,"name":"Shop","item":"https:\/\/chemgramx.com\/shop\/"},{"@type":"ListItem","position":3,"name":"Amphetamin online kaufen"}]},{"@type":"WebSite","@id":"https:\/\/chemgramx.com\/#website","url":"https:\/\/chemgramx.com\/","name":"Chemgramx","description":"","publisher":{"@id":"https:\/\/chemgramx.com\/#organization"},"potentialAction":[{"@type":"SearchAction","target":{"@type":"EntryPoint","urlTemplate":"https:\/\/chemgramx.com\/?s={search_term_string}"},"query-input":{"@type":"PropertyValueSpecification","valueRequired":true,"valueName":"search_term_string"}}],"inLanguage":"fr-FR"},{"@type":"Organization","@id":"https:\/\/chemgramx.com\/#organization","name":"Chemgramx","url":"https:\/\/chemgramx.com\/","logo":{"@type":"ImageObject","inLanguage":"fr-FR","@id":"https:\/\/chemgramx.com\/#\/schema\/logo\/image\/","url":"https:\/\/chemgramx.com\/wp-content\/uploads\/2024\/10\/final-logo.png","contentUrl":"https:\/\/chemgramx.com\/wp-content\/uploads\/2024\/10\/final-logo.png","width":250,"height":48,"caption":"Chemgramx"},"image":{"@id":"https:\/\/chemgramx.com\/#\/schema\/logo\/image\/"}}]}},"_links":{"self":[{"href":"https:\/\/chemgramx.com\/fr\/wp-json\/wp\/v2\/product\/713","targetHints":{"allow":["GET"]}}],"collection":[{"href":"https:\/\/chemgramx.com\/fr\/wp-json\/wp\/v2\/product"}],"about":[{"href":"https:\/\/chemgramx.com\/fr\/wp-json\/wp\/v2\/types\/product"}],"replies":[{"embeddable":true,"href":"https:\/\/chemgramx.com\/fr\/wp-json\/wp\/v2\/comments?post=713"}],"wp:featuredmedia":[{"embeddable":true,"href":"https:\/\/chemgramx.com\/fr\/wp-json\/wp\/v2\/media\/717"}],"wp:attachment":[{"href":"https:\/\/chemgramx.com\/fr\/wp-json\/wp\/v2\/media?parent=713"}],"wp:term":[{"taxonomy":"product_brand","embeddable":true,"href":"https:\/\/chemgramx.com\/fr\/wp-json\/wp\/v2\/product_brand?post=713"},{"taxonomy":"product_cat","embeddable":true,"href":"https:\/\/chemgramx.com\/fr\/wp-json\/wp\/v2\/product_cat?post=713"},{"taxonomy":"product_tag","embeddable":true,"href":"https:\/\/chemgramx.com\/fr\/wp-json\/wp\/v2\/product_tag?post=713"}],"curies":[{"name":"wp","href":"https:\/\/api.w.org\/{rel}","templated":true}]}}