{"id":718,"date":"2024-10-22T08:53:30","date_gmt":"2024-10-22T08:53:30","guid":{"rendered":"https:\/\/chemgramx.com\/?post_type=product&#038;p=718"},"modified":"2026-05-02T19:17:22","modified_gmt":"2026-05-02T19:17:22","slug":"buy-bromazolam-online","status":"publish","type":"product","link":"https:\/\/chemgramx.com\/fr\/produit\/buy-bromazolam-online\/","title":{"rendered":"Acheter Bromazolam en ligne"},"content":{"rendered":"<h2 data-start=\"109\" data-end=\"166\">Kaufen Sie Bromazolam online von einer zuverl\u00e4ssigen Forschungsquelle<\/h2>\n<h3 data-start=\"168\" data-end=\"223\">Acheter du bromazolam en ligne\u00a0: avantages et s\u00e9curit\u00e9<\/h3>\n<p data-start=\"225\" data-end=\"506\">Si vous <a href=\"https:\/\/chemgramx.com\/fr\/produit\/bromazolam\/\">Acheter Bromazolam en ligne<\/a>Vous recevez une benzodiaz\u00e9pine hautement efficace pour la recherche et les \u00e9tudes th\u00e9rapeutiques. L'achat de bromazolam en ligne est de plus en plus pris\u00e9 par les utilisateurs et les chercheurs en qu\u00eate d'un soulagement rapide de l'anxi\u00e9t\u00e9, du stress ou des troubles du sommeil.<\/p>\n<h3 data-start=\"508\" data-end=\"548\">Pourquoi le Bromazolam en ligne est populaire<\/h3>\n<p data-start=\"550\" data-end=\"829\">Bromazolam zu verkaufen ist bei Anwendern und Labors gleicherma\u00dfen gefragt. Es ist bekannt f\u00fcr seine Potenz, schnelle Wirkung und vergleichsweise moderate Sedierung. Nutzer k\u00f6nnen es bequem \u00fcber bester Ort, um Bromazolam online zu kaufen von vertrauensw\u00fcrdigen Anbietern erwerben.<\/p>\n<h3 data-start=\"831\" data-end=\"869\">Qu\u2019est-ce qui rend le Bromazolam unique ?<\/h3>\n<p data-start=\"871\" data-end=\"1157\"><a href=\"https:\/\/en.wikipedia.org\/wiki\/Bromazolam\">Bromazolam<\/a> verst\u00e4rkt die Wirkung von GABA im Gehirn, f\u00f6rdert Entspannung und reduziert Angst. Die Balance zwischen starker Wirkung und moderater Sedierung macht es ideal f\u00fcr den Tagesgebrauch. Bromazolam bestellen nur bei seri\u00f6sen Quellen, um Qualit\u00e4t und Sicherheit zu gew\u00e4hrleisten.<\/p>\n<h3 data-start=\"1159\" data-end=\"1199\">Effets et dosage recommand\u00e9<\/h3>\n<ul data-start=\"1201\" data-end=\"1441\">\n<li data-start=\"1201\" data-end=\"1221\">\n<p data-start=\"1203\" data-end=\"1221\">R\u00e9duction de l'anxi\u00e9t\u00e9<\/p>\n<\/li>\n<li data-start=\"1222\" data-end=\"1243\">\n<p data-start=\"1224\" data-end=\"1243\">Relaxation musculaire<\/p>\n<\/li>\n<li data-start=\"1244\" data-end=\"1272\">\n<p data-start=\"1246\" data-end=\"1272\">Am\u00e9liorer le sommeil<\/p>\n<\/li>\n<li data-start=\"1273\" data-end=\"1309\">\n<p data-start=\"1275\" data-end=\"1309\">\u00c9tat calme et concentr\u00e9<\/p>\n<\/li>\n<li data-start=\"1310\" data-end=\"1386\">\n<p data-start=\"1312\" data-end=\"1386\">Posologie typique : 0,5 mg \u00e0 2 mg, selon la tol\u00e9rance individuelle<\/p>\n<\/li>\n<li data-start=\"1387\" data-end=\"1441\">\n<p data-start=\"1389\" data-end=\"1441\">Wirkungsbeginn: 30\u201360 Minuten nach oraler Einnahme<\/p>\n<\/li>\n<\/ul>\n<p data-start=\"1443\" data-end=\"1509\">Konsultieren Sie immer einen Arzt, bevor Sie Bromazolam kaufen.<\/p>\n<h3 data-start=\"1511\" data-end=\"1559\">Est-il s\u00fbr d\u2019acheter du Bromazolam en ligne ?<\/h3>\n<p data-start=\"1561\" data-end=\"1638\">Beim Bromazolam online kaufen ist Sicherheit entscheidend. Achten Sie auf:<\/p>\n<ul data-start=\"1640\" data-end=\"1776\">\n<li data-start=\"1640\" data-end=\"1674\">\n<p data-start=\"1642\" data-end=\"1674\">Avis et commentaires des clients<\/p>\n<\/li>\n<li data-start=\"1675\" data-end=\"1709\">\n<p data-start=\"1677\" data-end=\"1709\">Tests de laboratoire et certificats COA<\/p>\n<\/li>\n<li data-start=\"1710\" data-end=\"1738\">\n<p data-start=\"1712\" data-end=\"1738\">M\u00e9thodes de paiement s\u00e9curis\u00e9es<\/p>\n<\/li>\n<li data-start=\"1739\" data-end=\"1776\">\n<p data-start=\"1741\" data-end=\"1776\">Informations d'exp\u00e9dition transparentes<\/p>\n<\/li>\n<\/ul>\n<h3 data-start=\"1778\" data-end=\"1813\">\u00c9vitez les produits contrefaits<\/h3>\n<p data-start=\"1815\" data-end=\"1975\">\u00c9vitez les offres de prix irr\u00e9alistes pour le bromazolam ou les vendeurs qui ne font pas l'objet de tests en laboratoire. Les produits contrefaits peuvent \u00eatre inefficaces ou nocifs pour la sant\u00e9.<\/p>\n<h3 data-start=\"1977\" data-end=\"2007\">Reconna\u00eetre les fournisseurs r\u00e9put\u00e9s<\/h3>\n<ul data-start=\"2009\" data-end=\"2138\">\n<li data-start=\"2009\" data-end=\"2046\">\n<p data-start=\"2011\" data-end=\"2046\">Informations d\u00e9taill\u00e9es sur le produit<\/p>\n<\/li>\n<li data-start=\"2047\" data-end=\"2104\">\n<p data-start=\"2049\" data-end=\"2104\">Tests de laboratoire tiers pour confirmer la puret\u00e9<\/p>\n<\/li>\n<li data-start=\"2105\" data-end=\"2138\">\n<p data-start=\"2107\" data-end=\"2138\">Service client professionnel<\/p>\n<\/li>\n<\/ul>\n<p data-start=\"2140\" data-end=\"2249\">Vertrauen Sie nur auf Quellen, die diese Kriterien erf\u00fcllen, um Bromazolam zu verkaufen sicher zu erwerben.<\/p>\n<h3 data-start=\"2251\" data-end=\"2274\">Statut juridique<\/h3>\n<p data-start=\"2276\" data-end=\"2316\">La l\u00e9galit\u00e9 du bromazolam varie :<\/p>\n<ul data-start=\"2318\" data-end=\"2498\">\n<li data-start=\"2318\" data-end=\"2390\">\n<p data-start=\"2320\" data-end=\"2390\">\u00c9tats-Unis\u00a0: Substance contr\u00f4l\u00e9e, achat sans ordonnance ill\u00e9gal<\/p>\n<\/li>\n<li data-start=\"2391\" data-end=\"2447\">\n<p data-start=\"2393\" data-end=\"2447\">Europ\u00e4ische Union: Rezeptpflichtig in vielen L\u00e4ndern<\/p>\n<\/li>\n<li data-start=\"2448\" data-end=\"2498\">\n<p data-start=\"2450\" data-end=\"2498\">Canada et Australie : Disponible uniquement sur ordonnance<\/p>\n<\/li>\n<\/ul>\n<p data-start=\"2500\" data-end=\"2603\">Informieren Sie sich vor dem Kauf \u00fcber wo kann man Bromazolam kaufen und die gesetzlichen Bestimmungen.<\/p>\n<h3 data-start=\"3127\" data-end=\"3162\">Utilisation responsable<\/h3>\n<ul data-start=\"3164\" data-end=\"3334\">\n<li data-start=\"3164\" data-end=\"3214\">\n<p data-start=\"3166\" data-end=\"3214\">Commencez par une faible dose (par exemple 0,5 mg)<\/p>\n<\/li>\n<li data-start=\"3215\" data-end=\"3247\">\n<p data-start=\"3217\" data-end=\"3247\">Ne pas augmenter trop vite<\/p>\n<\/li>\n<li data-start=\"3248\" data-end=\"3276\">\n<p data-start=\"3250\" data-end=\"3276\">Ne pas m\u00e9langer avec de l'alcool<\/p>\n<\/li>\n<li data-start=\"3277\" data-end=\"3313\">\n<p data-start=\"3279\" data-end=\"3313\">Utiliser uniquement dans un environnement s\u00fbr<\/p>\n<\/li>\n<li data-start=\"3314\" data-end=\"3334\">\n<p data-start=\"3316\" data-end=\"3334\">Restez hydrat\u00e9<\/p>\n<\/li>\n<\/ul>\n<h3 data-start=\"3336\" data-end=\"3377\">O\u00f9 acheter du bromazolam en ligne<\/h3>\n<p data-start=\"3379\" data-end=\"3411\">Bromazolam online kaufen bei:<\/p>\n<ul data-start=\"3413\" data-end=\"3538\">\n<li data-start=\"3413\" data-end=\"3478\">\n<p data-start=\"3415\" data-end=\"3478\">Pharmacies en ligne fiables avec des avis positifs<\/p>\n<\/li>\n<li data-start=\"3479\" data-end=\"3538\">\n<p data-start=\"3481\" data-end=\"3538\">Places de march\u00e9 sp\u00e9cialis\u00e9es pour les produits pharmaceutiques<\/p>\n<\/li>\n<\/ul>\n<p data-start=\"3540\" data-end=\"3651\">V\u00e9rifiez les politiques d\u2019exp\u00e9dition, les tests en laboratoire et le service client pour garantir la qualit\u00e9 et la s\u00e9curit\u00e9.<\/p>\n<h3 data-start=\"3653\" data-end=\"3663\">Conclusion<\/h3>\n<p data-start=\"3665\" data-end=\"3911\">Wer Bromazolam online kaufen m\u00f6chte, sollte Sicherheit, Legalit\u00e4t und Produktqualit\u00e4t priorisieren. Mit vertrauensw\u00fcrdigen Anbietern genie\u00dfen Sie die beruhigenden Effekte von Bromazolam, ohne Risiken durch F\u00e4lschungen oder rechtliche Probleme.<\/p>","protected":false},"excerpt":{"rendered":"<p>Le bromazolam est un d\u00e9riv\u00e9 synth\u00e9tique de benzodiaz\u00e9pine qui fait partie des \"benzodiaz\u00e9pines de conception\". Il est surtout connu pour ses propri\u00e9t\u00e9s anxiolytiques (anxiolytiques), s\u00e9datives et calmantes. Le bromazolam est souvent utilis\u00e9 \u00e0 des fins r\u00e9cr\u00e9atives ou \u00e9tudi\u00e9 dans le cadre de la recherche, mais sa s\u00e9curit\u00e9 et son efficacit\u00e9 n'ont pas \u00e9t\u00e9 suffisamment d\u00e9montr\u00e9es cliniquement.<\/p>\n<p><strong>Formule chimique :<\/strong><br \/>\nC17H13BrN4<br \/>\nPoids mol\u00e9culaire : 355,22 g\/mol<\/p>\n<p><strong>Num\u00e9ro de dossier :<\/strong><br \/>\nNum\u00e9ro CAS : 71368-80-4<\/p>","protected":false},"featured_media":719,"comment_status":"open","ping_status":"closed","template":"","meta":{"_joinchat":[]},"product_brand":[],"product_cat":[50],"product_tag":[],"class_list":{"0":"post-718","1":"product","2":"type-product","3":"status-publish","4":"has-post-thumbnail","6":"product_cat-benzodiazepines","8":"first","9":"instock","10":"shipping-taxable","11":"purchasable","12":"product-type-variable"},"yoast_head":"<!-- This site is optimized with the Yoast SEO plugin v27.5 - https:\/\/yoast.com\/product\/yoast-seo-wordpress\/ -->\n<title>Bromazolam online Kaufen \u2013 Bromazolam zu verkaufen<\/title>\n<meta name=\"description\" content=\"Verpassen Sie keine Gelegenheit, Bromazolam online in unserem Chemgramx-Shop zu kaufen. Wir handeln ausschlie\u00dflich mit Bromazolam zum Verkauf zu g\u00fcnstigen Preisen. Wir sind hier, um Ihnen zu helfen. Jetzt bestellen!\" \/>\n<meta name=\"robots\" content=\"index, follow, max-snippet:-1, max-image-preview:large, max-video-preview:-1\" \/>\n<link rel=\"canonical\" href=\"https:\/\/chemgramx.com\/fr\/produit\/buy-bromazolam-online\/\" \/>\n<meta property=\"og:locale\" content=\"fr_FR\" \/>\n<meta property=\"og:type\" content=\"article\" \/>\n<meta property=\"og:title\" content=\"Bromazolam online Kaufen \u2013 Bromazolam zu verkaufen\" \/>\n<meta property=\"og:description\" content=\"Verpassen Sie keine Gelegenheit, Bromazolam online in unserem Chemgramx-Shop zu kaufen. Wir handeln ausschlie\u00dflich mit Bromazolam zum Verkauf zu g\u00fcnstigen Preisen. Wir sind hier, um Ihnen zu helfen. Jetzt bestellen!\" \/>\n<meta property=\"og:url\" content=\"https:\/\/chemgramx.com\/fr\/produit\/buy-bromazolam-online\/\" \/>\n<meta property=\"og:site_name\" content=\"Chemgramx\" \/>\n<meta property=\"article:modified_time\" content=\"2026-05-02T19:17:22+00:00\" \/>\n<meta property=\"og:image\" content=\"https:\/\/chemgramx.com\/wp-content\/uploads\/2024\/10\/Bromazolam.webp\" \/>\n\t<meta property=\"og:image:width\" content=\"500\" \/>\n\t<meta property=\"og:image:height\" content=\"499\" \/>\n\t<meta property=\"og:image:type\" content=\"image\/webp\" \/>\n<meta name=\"twitter:card\" content=\"summary_large_image\" \/>\n<meta name=\"twitter:label1\" content=\"Dur\u00e9e de lecture estim\u00e9e\" \/>\n\t<meta name=\"twitter:data1\" content=\"2 minutes\" \/>\n<script type=\"application\/ld+json\" class=\"yoast-schema-graph\">{\"@context\":\"https:\\\/\\\/schema.org\",\"@graph\":[{\"@type\":\"WebPage\",\"@id\":\"https:\\\/\\\/chemgramx.com\\\/product\\\/buy-bromazolam-online\\\/\",\"url\":\"https:\\\/\\\/chemgramx.com\\\/product\\\/buy-bromazolam-online\\\/\",\"name\":\"Bromazolam online Kaufen \u2013 Bromazolam zu verkaufen\",\"isPartOf\":{\"@id\":\"https:\\\/\\\/chemgramx.com\\\/#website\"},\"primaryImageOfPage\":{\"@id\":\"https:\\\/\\\/chemgramx.com\\\/product\\\/buy-bromazolam-online\\\/#primaryimage\"},\"image\":{\"@id\":\"https:\\\/\\\/chemgramx.com\\\/product\\\/buy-bromazolam-online\\\/#primaryimage\"},\"thumbnailUrl\":\"https:\\\/\\\/chemgramx.com\\\/wp-content\\\/uploads\\\/2024\\\/10\\\/Bromazolam.webp\",\"datePublished\":\"2024-10-22T08:53:30+00:00\",\"dateModified\":\"2026-05-02T19:17:22+00:00\",\"description\":\"Verpassen Sie keine Gelegenheit, Bromazolam online in unserem Chemgramx-Shop zu kaufen. Wir handeln ausschlie\u00dflich mit Bromazolam zum Verkauf zu g\u00fcnstigen Preisen. Wir sind hier, um Ihnen zu helfen. Jetzt bestellen!\",\"breadcrumb\":{\"@id\":\"https:\\\/\\\/chemgramx.com\\\/product\\\/buy-bromazolam-online\\\/#breadcrumb\"},\"inLanguage\":\"fr-FR\",\"potentialAction\":[{\"@type\":\"ReadAction\",\"target\":[\"https:\\\/\\\/chemgramx.com\\\/product\\\/buy-bromazolam-online\\\/\"]}]},{\"@type\":\"ImageObject\",\"inLanguage\":\"fr-FR\",\"@id\":\"https:\\\/\\\/chemgramx.com\\\/product\\\/buy-bromazolam-online\\\/#primaryimage\",\"url\":\"https:\\\/\\\/chemgramx.com\\\/wp-content\\\/uploads\\\/2024\\\/10\\\/Bromazolam.webp\",\"contentUrl\":\"https:\\\/\\\/chemgramx.com\\\/wp-content\\\/uploads\\\/2024\\\/10\\\/Bromazolam.webp\",\"width\":500,\"height\":499,\"caption\":\"Bromazolam online Kaufen\"},{\"@type\":\"BreadcrumbList\",\"@id\":\"https:\\\/\\\/chemgramx.com\\\/product\\\/buy-bromazolam-online\\\/#breadcrumb\",\"itemListElement\":[{\"@type\":\"ListItem\",\"position\":1,\"name\":\"Home\",\"item\":\"https:\\\/\\\/chemgramx.com\\\/\"},{\"@type\":\"ListItem\",\"position\":2,\"name\":\"Shop\",\"item\":\"https:\\\/\\\/chemgramx.com\\\/shop\\\/\"},{\"@type\":\"ListItem\",\"position\":3,\"name\":\"Bromazolam online kaufen\"}]},{\"@type\":\"WebSite\",\"@id\":\"https:\\\/\\\/chemgramx.com\\\/#website\",\"url\":\"https:\\\/\\\/chemgramx.com\\\/\",\"name\":\"Chemgramx\",\"description\":\"\",\"publisher\":{\"@id\":\"https:\\\/\\\/chemgramx.com\\\/#organization\"},\"potentialAction\":[{\"@type\":\"SearchAction\",\"target\":{\"@type\":\"EntryPoint\",\"urlTemplate\":\"https:\\\/\\\/chemgramx.com\\\/?s={search_term_string}\"},\"query-input\":{\"@type\":\"PropertyValueSpecification\",\"valueRequired\":true,\"valueName\":\"search_term_string\"}}],\"inLanguage\":\"fr-FR\"},{\"@type\":\"Organization\",\"@id\":\"https:\\\/\\\/chemgramx.com\\\/#organization\",\"name\":\"Chemgramx\",\"url\":\"https:\\\/\\\/chemgramx.com\\\/\",\"logo\":{\"@type\":\"ImageObject\",\"inLanguage\":\"fr-FR\",\"@id\":\"https:\\\/\\\/chemgramx.com\\\/#\\\/schema\\\/logo\\\/image\\\/\",\"url\":\"https:\\\/\\\/chemgramx.com\\\/wp-content\\\/uploads\\\/2024\\\/10\\\/final-logo.png\",\"contentUrl\":\"https:\\\/\\\/chemgramx.com\\\/wp-content\\\/uploads\\\/2024\\\/10\\\/final-logo.png\",\"width\":250,\"height\":48,\"caption\":\"Chemgramx\"},\"image\":{\"@id\":\"https:\\\/\\\/chemgramx.com\\\/#\\\/schema\\\/logo\\\/image\\\/\"}}]}<\/script>\n<!-- \/ Yoast SEO plugin. -->","yoast_head_json":{"title":"Bromazolam online Kaufen \u2013 Bromazolam zu verkaufen","description":"Verpassen Sie keine Gelegenheit, Bromazolam online in unserem Chemgramx-Shop zu kaufen. Wir handeln ausschlie\u00dflich mit Bromazolam zum Verkauf zu g\u00fcnstigen Preisen. Wir sind hier, um Ihnen zu helfen. Jetzt bestellen!","robots":{"index":"index","follow":"follow","max-snippet":"max-snippet:-1","max-image-preview":"max-image-preview:large","max-video-preview":"max-video-preview:-1"},"canonical":"https:\/\/chemgramx.com\/fr\/produit\/buy-bromazolam-online\/","og_locale":"fr_FR","og_type":"article","og_title":"Bromazolam online Kaufen \u2013 Bromazolam zu verkaufen","og_description":"Verpassen Sie keine Gelegenheit, Bromazolam online in unserem Chemgramx-Shop zu kaufen. Wir handeln ausschlie\u00dflich mit Bromazolam zum Verkauf zu g\u00fcnstigen Preisen. Wir sind hier, um Ihnen zu helfen. Jetzt bestellen!","og_url":"https:\/\/chemgramx.com\/fr\/produit\/buy-bromazolam-online\/","og_site_name":"Chemgramx","article_modified_time":"2026-05-02T19:17:22+00:00","og_image":[{"width":500,"height":499,"url":"https:\/\/chemgramx.com\/wp-content\/uploads\/2024\/10\/Bromazolam.webp","type":"image\/webp"}],"twitter_card":"summary_large_image","twitter_misc":{"Dur\u00e9e de lecture estim\u00e9e":"2 minutes"},"schema":{"@context":"https:\/\/schema.org","@graph":[{"@type":"WebPage","@id":"https:\/\/chemgramx.com\/product\/buy-bromazolam-online\/","url":"https:\/\/chemgramx.com\/product\/buy-bromazolam-online\/","name":"Bromazolam online Kaufen \u2013 Bromazolam zu verkaufen","isPartOf":{"@id":"https:\/\/chemgramx.com\/#website"},"primaryImageOfPage":{"@id":"https:\/\/chemgramx.com\/product\/buy-bromazolam-online\/#primaryimage"},"image":{"@id":"https:\/\/chemgramx.com\/product\/buy-bromazolam-online\/#primaryimage"},"thumbnailUrl":"https:\/\/chemgramx.com\/wp-content\/uploads\/2024\/10\/Bromazolam.webp","datePublished":"2024-10-22T08:53:30+00:00","dateModified":"2026-05-02T19:17:22+00:00","description":"Verpassen Sie keine Gelegenheit, Bromazolam online in unserem Chemgramx-Shop zu kaufen. Wir handeln ausschlie\u00dflich mit Bromazolam zum Verkauf zu g\u00fcnstigen Preisen. Wir sind hier, um Ihnen zu helfen. Jetzt bestellen!","breadcrumb":{"@id":"https:\/\/chemgramx.com\/product\/buy-bromazolam-online\/#breadcrumb"},"inLanguage":"fr-FR","potentialAction":[{"@type":"ReadAction","target":["https:\/\/chemgramx.com\/product\/buy-bromazolam-online\/"]}]},{"@type":"ImageObject","inLanguage":"fr-FR","@id":"https:\/\/chemgramx.com\/product\/buy-bromazolam-online\/#primaryimage","url":"https:\/\/chemgramx.com\/wp-content\/uploads\/2024\/10\/Bromazolam.webp","contentUrl":"https:\/\/chemgramx.com\/wp-content\/uploads\/2024\/10\/Bromazolam.webp","width":500,"height":499,"caption":"Bromazolam online Kaufen"},{"@type":"BreadcrumbList","@id":"https:\/\/chemgramx.com\/product\/buy-bromazolam-online\/#breadcrumb","itemListElement":[{"@type":"ListItem","position":1,"name":"Home","item":"https:\/\/chemgramx.com\/"},{"@type":"ListItem","position":2,"name":"Shop","item":"https:\/\/chemgramx.com\/shop\/"},{"@type":"ListItem","position":3,"name":"Bromazolam online kaufen"}]},{"@type":"WebSite","@id":"https:\/\/chemgramx.com\/#website","url":"https:\/\/chemgramx.com\/","name":"Chemgramx","description":"","publisher":{"@id":"https:\/\/chemgramx.com\/#organization"},"potentialAction":[{"@type":"SearchAction","target":{"@type":"EntryPoint","urlTemplate":"https:\/\/chemgramx.com\/?s={search_term_string}"},"query-input":{"@type":"PropertyValueSpecification","valueRequired":true,"valueName":"search_term_string"}}],"inLanguage":"fr-FR"},{"@type":"Organization","@id":"https:\/\/chemgramx.com\/#organization","name":"Chemgramx","url":"https:\/\/chemgramx.com\/","logo":{"@type":"ImageObject","inLanguage":"fr-FR","@id":"https:\/\/chemgramx.com\/#\/schema\/logo\/image\/","url":"https:\/\/chemgramx.com\/wp-content\/uploads\/2024\/10\/final-logo.png","contentUrl":"https:\/\/chemgramx.com\/wp-content\/uploads\/2024\/10\/final-logo.png","width":250,"height":48,"caption":"Chemgramx"},"image":{"@id":"https:\/\/chemgramx.com\/#\/schema\/logo\/image\/"}}]}},"_links":{"self":[{"href":"https:\/\/chemgramx.com\/fr\/wp-json\/wp\/v2\/product\/718","targetHints":{"allow":["GET"]}}],"collection":[{"href":"https:\/\/chemgramx.com\/fr\/wp-json\/wp\/v2\/product"}],"about":[{"href":"https:\/\/chemgramx.com\/fr\/wp-json\/wp\/v2\/types\/product"}],"replies":[{"embeddable":true,"href":"https:\/\/chemgramx.com\/fr\/wp-json\/wp\/v2\/comments?post=718"}],"wp:featuredmedia":[{"embeddable":true,"href":"https:\/\/chemgramx.com\/fr\/wp-json\/wp\/v2\/media\/719"}],"wp:attachment":[{"href":"https:\/\/chemgramx.com\/fr\/wp-json\/wp\/v2\/media?parent=718"}],"wp:term":[{"taxonomy":"product_brand","embeddable":true,"href":"https:\/\/chemgramx.com\/fr\/wp-json\/wp\/v2\/product_brand?post=718"},{"taxonomy":"product_cat","embeddable":true,"href":"https:\/\/chemgramx.com\/fr\/wp-json\/wp\/v2\/product_cat?post=718"},{"taxonomy":"product_tag","embeddable":true,"href":"https:\/\/chemgramx.com\/fr\/wp-json\/wp\/v2\/product_tag?post=718"}],"curies":[{"name":"wp","href":"https:\/\/api.w.org\/{rel}","templated":true}]}}