{"id":7216,"date":"2025-11-21T11:13:35","date_gmt":"2025-11-21T11:13:35","guid":{"rendered":"https:\/\/chemgramx.com\/?post_type=product&#038;p=7216"},"modified":"2025-12-09T08:01:23","modified_gmt":"2025-12-09T08:01:23","slug":"1b-lsd-125mcg-blotters-acheter-en-ligne","status":"publish","type":"product","link":"https:\/\/chemgramx.com\/fr\/product\/1b-lsd-125mcg-blotters-online-kaufen\/","title":{"rendered":"Acheter 1B-LSD 125mcg Blotters en ligne"},"content":{"rendered":"<p>Le site <b>Blotters 1B-LSD 125mcg<\/b> constituent une forme d'administration tr\u00e8s pure et pr\u00e9cis\u00e9ment dos\u00e9e de <b>1B-di\u00e9thylamide de l'acide lysergique<\/b> de l'entreprise. Ce produit a \u00e9t\u00e9 sp\u00e9cialement con\u00e7u pour r\u00e9pondre aux exigences strictes <b>des projets de recherche qualifi\u00e9s et des analyses scientifiques<\/b> a \u00e9t\u00e9 mis au point. Il s'agit d'un r\u00e9actif de haute qualit\u00e9 qui permet une manipulation et une application pr\u00e9cises dans des environnements de laboratoire contr\u00f4l\u00e9s. L'accent est mis ici exclusivement sur l'\u00e9tude scientifique des propri\u00e9t\u00e9s chimiques, physiques et analytiques de la substance.<\/p>\n<p>Les Blotters sont le choix id\u00e9al pour les instituts de recherche et les universit\u00e9s qui exigent le plus haut niveau de qualit\u00e9. <b>Pr\u00e9cision, puret\u00e9 et consistance des lots<\/b> de l'eau. Avec un dosage garanti de <b>125 microgrammes (mcg) par buvard<\/b> permet de cr\u00e9er une base de d\u00e9part reproductible pour des \u00e9tudes de dosage d\u00e9taill\u00e9es et des comparaisons. Ce mat\u00e9riel est strictement <b>non destin\u00e9 \u00e0 la consommation humaine ou animale<\/b> et ne doit \u00eatre utilis\u00e9 que par un personnel qualifi\u00e9, dans le respect de toutes les r\u00e8gles de s\u00e9curit\u00e9 et de la l\u00e9gislation.<\/p>\n<h2>Informations et sp\u00e9cifications d\u00e9taill\u00e9es sur les produits<\/h2>\n<p>Pour obtenir des r\u00e9sultats fiables dans la recherche scientifique, il est essentiel de sp\u00e9cifier pr\u00e9cis\u00e9ment le mat\u00e9riel utilis\u00e9. Nos buvards 1B-LSD r\u00e9pondent aux normes analytiques les plus strictes afin de garantir l'int\u00e9grit\u00e9 de vos recherches.<\/p>\n<h3>Sp\u00e9cifications analytiques du mat\u00e9riel de recherche<\/h3>\n<ul>\n<li><b>Nom de la substance :<\/b> 1B-di\u00e9thylamide de l'acide lysergique (souvent abr\u00e9g\u00e9 en 1B-LSD).<\/li>\n<li><b>Formule chimique :<\/b> La structure chimique exacte est essentielle pour la classification scientifique et est r\u00e9v\u00e9l\u00e9e avec la livraison.<\/li>\n<li><b>Forme pharmaceutique :<\/b> Des buvards (papier buvard) d\u00e9coup\u00e9s avec pr\u00e9cision pour faciliter la manipulation et la documentation.<\/li>\n<li><b>Dosage :<\/b> <b>125mcg par buvard<\/b> avec un \u00e9cart minimal de <span class=\"math-inline\" data-math=\"pm 5text{mcg}\">$pm 5texte{mcg}$<\/span>. Cela garantit une quantit\u00e9 extr\u00eamement r\u00e9guli\u00e8re et contr\u00f4l\u00e9e de substance active.<\/li>\n<li><b>degr\u00e9 de puret\u00e9 :<\/b> Garanti <b><span class=\"math-inline\" data-math=\"geq 98%\">$geq 98%$<\/span> Puret\u00e9<\/b> de la substance active, <b>v\u00e9rifi\u00e9 par chromatographie liquide haute performance (CLHP)<\/b>. Seule cette grande puret\u00e9 permet de tirer des conclusions scientifiques valables.<\/li>\n<li><b>la stabilit\u00e9 :<\/b> Le produit est stable pendant une longue p\u00e9riode s'il est stock\u00e9 correctement, \u00e0 l'abri de la lumi\u00e8re et dans un endroit frais.<\/li>\n<li><b>Documentation :<\/b> Chaque livraison est accompagn\u00e9e d'un <b>certificat d'analyse complet<\/b> qui confirme la puret\u00e9, la concentration et la coh\u00e9rence du lot.<\/li>\n<\/ul>\n<h3>Crit\u00e8res de qualit\u00e9 pour l'excellence scientifique<\/h3>\n<p>L'aptitude \u00e0 des fins de recherche repose sur le respect strict de crit\u00e8res de qualit\u00e9 qui vont au-del\u00e0 de la qualit\u00e9 commerciale habituelle :<\/p>\n<ol start=\"1\">\n<li><b>Contr\u00f4le pr\u00e9cis du dosage :<\/b> L'uniformit\u00e9 de la r\u00e9partition des substances actives sur le papier buvard est assur\u00e9e par des proc\u00e9d\u00e9s sp\u00e9ciaux. Ceci est critique pour <b>\u00c9tudes de dosage<\/b>, Les applications de la m\u00e9decine g\u00e9n\u00e9rale sont des applications pour lesquelles la quantit\u00e9 appliqu\u00e9e doit \u00eatre connue avec pr\u00e9cision.<\/li>\n<li><b>Documentation analytique :<\/b> La fourniture de donn\u00e9es compl\u00e8tes pour <b>Consistance des lots<\/b> et <b>la puret\u00e9 analytique<\/b> permet aux chercheurs de d\u00e9montrer la qualit\u00e9 du mat\u00e9riau dans leurs \u00e9tudes.<\/li>\n<li><b>Qualit\u00e9 reproductible :<\/b> Gr\u00e2ce \u00e0 des protocoles de production stricts, la <b>Qualit\u00e9 de chaque lot<\/b> reproductible. C'est la base d'\u00e9tudes fiables \u00e0 long terme et de comparaisons entre diff\u00e9rents groupes de recherche.<\/li>\n<li><b>Donn\u00e9es de stabilit\u00e9 compl\u00e8tes :<\/b> Des informations document\u00e9es sur la dur\u00e9e de conservation aident les laboratoires \u00e0 stocker et \u00e0 planifier des projets de recherche sur de longues p\u00e9riodes.<\/li>\n<\/ol>\n<h2>Applications de recherche et pertinence analytique<\/h2>\n<p>Les buvards 1B-LSD 125mcg sont un outil pr\u00e9cieux dans diff\u00e9rentes disciplines de la chimie analytique et de la pharmacologie. Leur utilisation est strictement limit\u00e9e \u00e0 la g\u00e9n\u00e9ration de nouvelles connaissances scientifiques.<\/p>\n<h3>Domaines d'application possibles dans les instituts de recherche<\/h3>\n<ul>\n<li><b>\u00c9tudes de dosage d\u00e9taill\u00e9es :<\/b> Le dosage pr\u00e9cis des buvards permet d'obtenir une pr\u00e9cision <b>Application de la substance active<\/b> dans le cadre de <i>In vitro<\/i>-ou pour l'\u00e9talonnage d'instruments de mesure.<\/li>\n<li><b>Recherche de stabilit\u00e9 et stockage :<\/b> Enqu\u00eate sur les <b>Tests de durabilit\u00e9<\/b> dans diff\u00e9rentes conditions environnementales (lumi\u00e8re, temp\u00e9rature, humidit\u00e9) afin d'\u00e9tudier la cin\u00e9tique de d\u00e9gradation de la substance.<\/li>\n<li><b>Analyses comparatives :<\/b> Utilisation comme norme de r\u00e9f\u00e9rence pour <b>Comparaison des m\u00e9thodes<\/b> de nouvelles techniques analytiques (par exemple la spectrom\u00e9trie de masse ou la chromatographie sur couche mince) pour la d\u00e9tection et la quantification des d\u00e9riv\u00e9s de l'acide lysergique.<\/li>\n<li><b>Propri\u00e9t\u00e9s des mat\u00e9riaux et caract\u00e9risation physique :<\/b> Enqu\u00eate sur les <b>propri\u00e9t\u00e9s physiques<\/b> de la substance sur le support (p. ex. solubilit\u00e9, profils de lib\u00e9ration).<\/li>\n<li><b>Recherche sur le m\u00e9tabolisme et les m\u00e9tabolites :<\/b> \u00c9tude des processus de transformation du 1B-LSD en ses m\u00e9tabolites en <i>In vitro<\/i>-de syst\u00e8mes.<\/li>\n<\/ul>\n<h2>S\u00e9curit\u00e9, conformit\u00e9 l\u00e9gale et stockage<\/h2>\n<p>La manipulation de produits chimiques de recherche exige le plus grand soin et le strict respect de toutes les dispositions l\u00e9gales. La s\u00e9curit\u00e9 des collaborateurs et le respect de la conformit\u00e9 sont des priorit\u00e9s.<\/p>\n<h3>Pr\u00e9cautions importantes en laboratoire<\/h3>\n<ul>\n<li><b>Uniquement \u00e0 des fins de recherche :<\/b> Il est express\u00e9ment indiqu\u00e9 que ce produit <b>aucune autre utilisation<\/b> que l'analyse scientifique d\u00e9finie dans le protocole de recherche.<\/li>\n<li><b>Respect des conditions de laboratoire :<\/b> La manipulation des buvards ne doit pas <b>exclusivement dans des installations de laboratoire contr\u00f4l\u00e9es et pr\u00e9vues \u00e0 cet effet<\/b> se fait.<\/li>\n<li><b>\u00c9quipement de protection ad\u00e9quat :<\/b> Le personnel qualifi\u00e9 doit toujours <b>des v\u00eatements de protection appropri\u00e9s<\/b> (gants, blouse de laboratoire, protection des yeux) afin d'\u00e9viter tout contact direct avec la substance de haute puret\u00e9.<\/li>\n<li><b>Conformit\u00e9 juridique :<\/b> L'acheteur est tenu de <b>les lois et r\u00e9glementations locales, nationales et internationales<\/b> en ce qui concerne l'achat, le stockage et l'utilisation des d\u00e9riv\u00e9s de l'acide lysergique.<\/li>\n<\/ul>\n<h3>Un stockage et une manipulation optimaux pour garantir la qualit\u00e9<\/h3>\n<p>La stabilit\u00e9 des d\u00e9riv\u00e9s de l'acide lysergique est cruciale pour l'int\u00e9grit\u00e9 de la recherche. Un stockage correct maximise la dur\u00e9e de conservation et la puret\u00e9 des buvards 1B-LSD :<\/p>\n<ul>\n<li><b>Contr\u00f4le de la temp\u00e9rature :<\/b> Le stockage id\u00e9al se fait au r\u00e9frig\u00e9rateur \u00e0\u00a0<b> 28.C<\/b><\/li>\n<li><b>Contr\u00f4le de l'humidit\u00e9 :<\/b> Le mat\u00e9riel doit <b>sec<\/b> \u00eatre stock\u00e9 (<span class=\"math-inline\" data-math=\"&lt;60%\">&lt;60<\/span>\u00a0d'humidit\u00e9).<\/li>\n<li><b>Protection contre la lumi\u00e8re :<\/b> Les buvards doivent <b>de l'exposition directe au soleil<\/b> et \u00e0 la lumi\u00e8re forte (id\u00e9alement dans du papier aluminium ou des r\u00e9cipients sombres).<\/li>\n<li><b>Emballage d'origine :<\/b> Les buvards doivent \u00eatre conserv\u00e9s jusqu'\u00e0 leur utilisation dans la <b>Emballage d'origine<\/b> afin de minimiser la contamination et l'impact sur l'environnement.<\/li>\n<\/ul>\n<h2>Informations sur la commande et condition d'achat<\/h2>\n<p>L'achat de buvards 1B-LSD est soumis \u00e0 des conditions strictes. <b>Conditions de commande<\/b> li\u00e9s afin de garantir leur utilisation exclusive dans la recherche scientifique.<\/p>\n<h3>Quantit\u00e9s disponibles pour les projets de recherche<\/h3>\n<p>Nous proposons des quantit\u00e9s flexibles qui r\u00e9pondent aux diff\u00e9rents besoins des laboratoires et des instituts de recherche :<\/p>\n<ul>\n<li><b>Petit emballage :<\/b> 10 buvards - Id\u00e9al pour les \u00e9tudes pilotes ou le d\u00e9veloppement de m\u00e9thodes.<\/li>\n<li><b>Emballage standard :<\/b> 25 buvards - Pour les petits projets en cours.<\/li>\n<li><b>Emballage en gros :<\/b> 100 buvards - Conviennent pour des analyses plus \u00e9tendues.<\/li>\n<li><b>Grand emballage de recherche :<\/b> 250 buvards - Pour les grands consortiums de recherche et les \u00e9tudes \u00e0 long terme.<\/li>\n<\/ul>\n<h3>Conditions de commande requises<\/h3>\n<ol start=\"1\">\n<li><b>Preuve de l'\u00e9tablissement de recherche :<\/b> La commande doit \u00eatre pass\u00e9e par un organisme accr\u00e9dit\u00e9 <b>un institut de recherche, une universit\u00e9 ou un laboratoire d'analyse certifi\u00e9<\/b> se fait.<\/li>\n<li><b>Description de l'utilisation pr\u00e9vue :<\/b> L'acheteur doit fournir une br\u00e8ve description \u00e9crite <b><a href=\"\/product\/afghani-dara-i-suf-hash-kaufen\/\">Description du<\/a> Projet de recherche<\/b> qui d\u00e9taille l'utilisation pr\u00e9vue de la substance.<\/li>\n<li><b>Confirmation de la connaissance de la s\u00e9curit\u00e9 :<\/b> Une proc\u00e9dure formelle <b>Confirmation des protocoles de s\u00e9curit\u00e9<\/b> et la qualification du personnel est n\u00e9cessaire.<\/li>\n<\/ol>\n<h2>Mentions l\u00e9gales<\/h2>\n<p>Ce mat\u00e9riel de recherche d'une grande puret\u00e9 est <b>\u00e0 des fins de recherche uniquement<\/b> est d\u00e9termin\u00e9. En achetant et en recevant les buvards 1B-LSD 125mcg, l'acheteur confirme qu'il reconna\u00eet irr\u00e9vocablement les points suivants et qu'il s'y conforme :<\/p>\n<ul>\n<li>L'utilisation exclusive de la substance a lieu dans <b>des environnements de recherche l\u00e9gaux et contr\u00f4l\u00e9s<\/b> aura lieu.<\/li>\n<li>Le site <b>respect de toutes les lois et r\u00e9glementations applicables<\/b> de la l\u00e9gislation nationale en vigueur concernant les nouvelles substances psychoactives et les produits chimiques de recherche est assur\u00e9e.<\/li>\n<li>Le site <b>Mise en \u0153uvre de mesures de s\u00e9curit\u00e9 appropri\u00e9es<\/b> pour la protection du personnel et la pr\u00e9vention des abus est assur\u00e9e.<\/li>\n<li>Le site <b>Interdiction de toute utilisation non autoris\u00e9e<\/b>, L'interdiction de la consommation d'alcool, y compris la consommation humaine ou animale, est strictement respect\u00e9e.<\/li>\n<\/ul>","protected":false},"excerpt":{"rendered":"<p>Acheter des buvards 1B-LSD 125mcg : Produit chimique de recherche dans des buvards \u00e0 dosage pr\u00e9cis pour le travail scientifique. Exclusivement \u00e0 des fins de recherche dans des environnements de laboratoire.<\/p>","protected":false},"featured_media":7242,"comment_status":"open","ping_status":"closed","template":"","meta":{"_joinchat":[]},"product_brand":[],"product_cat":[43,55],"product_tag":[],"class_list":{"0":"post-7216","1":"product","2":"type-product","3":"status-publish","4":"has-post-thumbnail","6":"product_cat-chemgramx","7":"product_cat-lysergamides","9":"first","10":"instock","11":"shipping-taxable","12":"purchasable","13":"product-type-variable"},"yoast_head":"<!-- This site is optimized with the Yoast SEO plugin v27.5 - https:\/\/yoast.com\/product\/yoast-seo-wordpress\/ -->\n<title>1B-LSD Blotters Kaufen | 125mcg | Research Chemical Chemgramx<\/title>\n<meta name=\"description\" content=\"1B-LSD 125mcg Blotters kaufen - Forschungschemikalie in Blotter-Form. F\u00fcr wissenschaftliche Analysen. Laborgepr\u00fcft &amp; diskret.\" \/>\n<meta name=\"robots\" content=\"index, follow, max-snippet:-1, max-image-preview:large, max-video-preview:-1\" \/>\n<link rel=\"canonical\" href=\"https:\/\/chemgramx.com\/fr\/produit\/1b-lsd-125mcg-blotters-acheter-en-ligne\/\" \/>\n<meta property=\"og:locale\" content=\"fr_FR\" \/>\n<meta property=\"og:type\" content=\"article\" \/>\n<meta property=\"og:title\" content=\"1B-LSD Blotters Kaufen | 125mcg | Research Chemical Chemgramx\" \/>\n<meta property=\"og:description\" content=\"1B-LSD 125mcg Blotters kaufen - Forschungschemikalie in Blotter-Form. F\u00fcr wissenschaftliche Analysen. Laborgepr\u00fcft &amp; diskret.\" \/>\n<meta property=\"og:url\" content=\"https:\/\/chemgramx.com\/fr\/produit\/1b-lsd-125mcg-blotters-acheter-en-ligne\/\" \/>\n<meta property=\"og:site_name\" content=\"Chemgramx\" \/>\n<meta property=\"article:modified_time\" content=\"2025-12-09T08:01:23+00:00\" \/>\n<meta property=\"og:image\" content=\"https:\/\/chemgramx.com\/wp-content\/uploads\/2025\/11\/1b-lsd-125-mcg-blotters-chem-store-online.png\" \/>\n\t<meta property=\"og:image:width\" content=\"671\" \/>\n\t<meta property=\"og:image:height\" content=\"568\" \/>\n\t<meta property=\"og:image:type\" content=\"image\/png\" \/>\n<meta name=\"twitter:card\" content=\"summary_large_image\" \/>\n<meta name=\"twitter:label1\" content=\"Dur\u00e9e de lecture estim\u00e9e\" \/>\n\t<meta name=\"twitter:data1\" content=\"5 minutes\" \/>\n<script type=\"application\/ld+json\" class=\"yoast-schema-graph\">{\"@context\":\"https:\\\/\\\/schema.org\",\"@graph\":[{\"@type\":\"WebPage\",\"@id\":\"https:\\\/\\\/chemgramx.com\\\/product\\\/1b-lsd-125mcg-blotters-online-kaufen\\\/\",\"url\":\"https:\\\/\\\/chemgramx.com\\\/product\\\/1b-lsd-125mcg-blotters-online-kaufen\\\/\",\"name\":\"1B-LSD Blotters Kaufen | 125mcg | Research Chemical Chemgramx\",\"isPartOf\":{\"@id\":\"https:\\\/\\\/chemgramx.com\\\/#website\"},\"primaryImageOfPage\":{\"@id\":\"https:\\\/\\\/chemgramx.com\\\/product\\\/1b-lsd-125mcg-blotters-online-kaufen\\\/#primaryimage\"},\"image\":{\"@id\":\"https:\\\/\\\/chemgramx.com\\\/product\\\/1b-lsd-125mcg-blotters-online-kaufen\\\/#primaryimage\"},\"thumbnailUrl\":\"https:\\\/\\\/chemgramx.com\\\/wp-content\\\/uploads\\\/2025\\\/11\\\/1b-lsd-125-mcg-blotters-chem-store-online.png\",\"datePublished\":\"2025-11-21T11:13:35+00:00\",\"dateModified\":\"2025-12-09T08:01:23+00:00\",\"description\":\"1B-LSD 125mcg Blotters kaufen - Forschungschemikalie in Blotter-Form. F\u00fcr wissenschaftliche Analysen. Laborgepr\u00fcft & diskret.\",\"breadcrumb\":{\"@id\":\"https:\\\/\\\/chemgramx.com\\\/product\\\/1b-lsd-125mcg-blotters-online-kaufen\\\/#breadcrumb\"},\"inLanguage\":\"fr-FR\",\"potentialAction\":[{\"@type\":\"ReadAction\",\"target\":[\"https:\\\/\\\/chemgramx.com\\\/product\\\/1b-lsd-125mcg-blotters-online-kaufen\\\/\"]}]},{\"@type\":\"ImageObject\",\"inLanguage\":\"fr-FR\",\"@id\":\"https:\\\/\\\/chemgramx.com\\\/product\\\/1b-lsd-125mcg-blotters-online-kaufen\\\/#primaryimage\",\"url\":\"https:\\\/\\\/chemgramx.com\\\/wp-content\\\/uploads\\\/2025\\\/11\\\/1b-lsd-125-mcg-blotters-chem-store-online.png\",\"contentUrl\":\"https:\\\/\\\/chemgramx.com\\\/wp-content\\\/uploads\\\/2025\\\/11\\\/1b-lsd-125-mcg-blotters-chem-store-online.png\",\"width\":671,\"height\":568},{\"@type\":\"BreadcrumbList\",\"@id\":\"https:\\\/\\\/chemgramx.com\\\/product\\\/1b-lsd-125mcg-blotters-online-kaufen\\\/#breadcrumb\",\"itemListElement\":[{\"@type\":\"ListItem\",\"position\":1,\"name\":\"Home\",\"item\":\"https:\\\/\\\/chemgramx.com\\\/\"},{\"@type\":\"ListItem\",\"position\":2,\"name\":\"Shop\",\"item\":\"https:\\\/\\\/chemgramx.com\\\/shop\\\/\"},{\"@type\":\"ListItem\",\"position\":3,\"name\":\"1B-LSD 125mcg Blotters online kaufen\"}]},{\"@type\":\"WebSite\",\"@id\":\"https:\\\/\\\/chemgramx.com\\\/#website\",\"url\":\"https:\\\/\\\/chemgramx.com\\\/\",\"name\":\"Chemgramx\",\"description\":\"\",\"publisher\":{\"@id\":\"https:\\\/\\\/chemgramx.com\\\/#organization\"},\"potentialAction\":[{\"@type\":\"SearchAction\",\"target\":{\"@type\":\"EntryPoint\",\"urlTemplate\":\"https:\\\/\\\/chemgramx.com\\\/?s={search_term_string}\"},\"query-input\":{\"@type\":\"PropertyValueSpecification\",\"valueRequired\":true,\"valueName\":\"search_term_string\"}}],\"inLanguage\":\"fr-FR\"},{\"@type\":\"Organization\",\"@id\":\"https:\\\/\\\/chemgramx.com\\\/#organization\",\"name\":\"Chemgramx\",\"url\":\"https:\\\/\\\/chemgramx.com\\\/\",\"logo\":{\"@type\":\"ImageObject\",\"inLanguage\":\"fr-FR\",\"@id\":\"https:\\\/\\\/chemgramx.com\\\/#\\\/schema\\\/logo\\\/image\\\/\",\"url\":\"https:\\\/\\\/chemgramx.com\\\/wp-content\\\/uploads\\\/2024\\\/10\\\/final-logo.png\",\"contentUrl\":\"https:\\\/\\\/chemgramx.com\\\/wp-content\\\/uploads\\\/2024\\\/10\\\/final-logo.png\",\"width\":250,\"height\":48,\"caption\":\"Chemgramx\"},\"image\":{\"@id\":\"https:\\\/\\\/chemgramx.com\\\/#\\\/schema\\\/logo\\\/image\\\/\"}}]}<\/script>\n<!-- \/ Yoast SEO plugin. -->","yoast_head_json":{"title":"Acheter 1B-LSD Blotters | 125mcg | Research Chemical Chemgramx","description":"Acheter 1B-LSD 125mcg Blotters - Produit chimique de recherche sous forme de buvards. Pour les analyses scientifiques. Test\u00e9 en laboratoire &amp; discret.","robots":{"index":"index","follow":"follow","max-snippet":"max-snippet:-1","max-image-preview":"max-image-preview:large","max-video-preview":"max-video-preview:-1"},"canonical":"https:\/\/chemgramx.com\/fr\/produit\/1b-lsd-125mcg-blotters-acheter-en-ligne\/","og_locale":"fr_FR","og_type":"article","og_title":"1B-LSD Blotters Kaufen | 125mcg | Research Chemical Chemgramx","og_description":"1B-LSD 125mcg Blotters kaufen - Forschungschemikalie in Blotter-Form. F\u00fcr wissenschaftliche Analysen. Laborgepr\u00fcft & diskret.","og_url":"https:\/\/chemgramx.com\/fr\/produit\/1b-lsd-125mcg-blotters-acheter-en-ligne\/","og_site_name":"Chemgramx","article_modified_time":"2025-12-09T08:01:23+00:00","og_image":[{"width":671,"height":568,"url":"https:\/\/chemgramx.com\/wp-content\/uploads\/2025\/11\/1b-lsd-125-mcg-blotters-chem-store-online.png","type":"image\/png"}],"twitter_card":"summary_large_image","twitter_misc":{"Dur\u00e9e de lecture estim\u00e9e":"5 minutes"},"schema":{"@context":"https:\/\/schema.org","@graph":[{"@type":"WebPage","@id":"https:\/\/chemgramx.com\/product\/1b-lsd-125mcg-blotters-online-kaufen\/","url":"https:\/\/chemgramx.com\/product\/1b-lsd-125mcg-blotters-online-kaufen\/","name":"Acheter 1B-LSD Blotters | 125mcg | Research Chemical Chemgramx","isPartOf":{"@id":"https:\/\/chemgramx.com\/#website"},"primaryImageOfPage":{"@id":"https:\/\/chemgramx.com\/product\/1b-lsd-125mcg-blotters-online-kaufen\/#primaryimage"},"image":{"@id":"https:\/\/chemgramx.com\/product\/1b-lsd-125mcg-blotters-online-kaufen\/#primaryimage"},"thumbnailUrl":"https:\/\/chemgramx.com\/wp-content\/uploads\/2025\/11\/1b-lsd-125-mcg-blotters-chem-store-online.png","datePublished":"2025-11-21T11:13:35+00:00","dateModified":"2025-12-09T08:01:23+00:00","description":"Acheter 1B-LSD 125mcg Blotters - Produit chimique de recherche sous forme de buvards. Pour les analyses scientifiques. Test\u00e9 en laboratoire &amp; discret.","breadcrumb":{"@id":"https:\/\/chemgramx.com\/product\/1b-lsd-125mcg-blotters-online-kaufen\/#breadcrumb"},"inLanguage":"fr-FR","potentialAction":[{"@type":"ReadAction","target":["https:\/\/chemgramx.com\/product\/1b-lsd-125mcg-blotters-online-kaufen\/"]}]},{"@type":"ImageObject","inLanguage":"fr-FR","@id":"https:\/\/chemgramx.com\/product\/1b-lsd-125mcg-blotters-online-kaufen\/#primaryimage","url":"https:\/\/chemgramx.com\/wp-content\/uploads\/2025\/11\/1b-lsd-125-mcg-blotters-chem-store-online.png","contentUrl":"https:\/\/chemgramx.com\/wp-content\/uploads\/2025\/11\/1b-lsd-125-mcg-blotters-chem-store-online.png","width":671,"height":568},{"@type":"BreadcrumbList","@id":"https:\/\/chemgramx.com\/product\/1b-lsd-125mcg-blotters-online-kaufen\/#breadcrumb","itemListElement":[{"@type":"ListItem","position":1,"name":"Home","item":"https:\/\/chemgramx.com\/"},{"@type":"ListItem","position":2,"name":"Shop","item":"https:\/\/chemgramx.com\/shop\/"},{"@type":"ListItem","position":3,"name":"1B-LSD 125mcg Blotters online kaufen"}]},{"@type":"WebSite","@id":"https:\/\/chemgramx.com\/#website","url":"https:\/\/chemgramx.com\/","name":"Chemgramx","description":"","publisher":{"@id":"https:\/\/chemgramx.com\/#organization"},"potentialAction":[{"@type":"SearchAction","target":{"@type":"EntryPoint","urlTemplate":"https:\/\/chemgramx.com\/?s={search_term_string}"},"query-input":{"@type":"PropertyValueSpecification","valueRequired":true,"valueName":"search_term_string"}}],"inLanguage":"fr-FR"},{"@type":"Organization","@id":"https:\/\/chemgramx.com\/#organization","name":"Chemgramx","url":"https:\/\/chemgramx.com\/","logo":{"@type":"ImageObject","inLanguage":"fr-FR","@id":"https:\/\/chemgramx.com\/#\/schema\/logo\/image\/","url":"https:\/\/chemgramx.com\/wp-content\/uploads\/2024\/10\/final-logo.png","contentUrl":"https:\/\/chemgramx.com\/wp-content\/uploads\/2024\/10\/final-logo.png","width":250,"height":48,"caption":"Chemgramx"},"image":{"@id":"https:\/\/chemgramx.com\/#\/schema\/logo\/image\/"}}]}},"_links":{"self":[{"href":"https:\/\/chemgramx.com\/fr\/wp-json\/wp\/v2\/product\/7216","targetHints":{"allow":["GET"]}}],"collection":[{"href":"https:\/\/chemgramx.com\/fr\/wp-json\/wp\/v2\/product"}],"about":[{"href":"https:\/\/chemgramx.com\/fr\/wp-json\/wp\/v2\/types\/product"}],"replies":[{"embeddable":true,"href":"https:\/\/chemgramx.com\/fr\/wp-json\/wp\/v2\/comments?post=7216"}],"wp:featuredmedia":[{"embeddable":true,"href":"https:\/\/chemgramx.com\/fr\/wp-json\/wp\/v2\/media\/7242"}],"wp:attachment":[{"href":"https:\/\/chemgramx.com\/fr\/wp-json\/wp\/v2\/media?parent=7216"}],"wp:term":[{"taxonomy":"product_brand","embeddable":true,"href":"https:\/\/chemgramx.com\/fr\/wp-json\/wp\/v2\/product_brand?post=7216"},{"taxonomy":"product_cat","embeddable":true,"href":"https:\/\/chemgramx.com\/fr\/wp-json\/wp\/v2\/product_cat?post=7216"},{"taxonomy":"product_tag","embeddable":true,"href":"https:\/\/chemgramx.com\/fr\/wp-json\/wp\/v2\/product_tag?post=7216"}],"curies":[{"name":"wp","href":"https:\/\/api.w.org\/{rel}","templated":true}]}}