{"id":7225,"date":"2025-11-21T11:13:37","date_gmt":"2025-11-21T11:13:37","guid":{"rendered":"https:\/\/chemgramx.com\/?post_type=product&#038;p=7225"},"modified":"2025-11-21T11:15:08","modified_gmt":"2025-11-21T11:15:08","slug":"camel-stamp-hash-acheter","status":"publish","type":"product","link":"https:\/\/chemgramx.com\/fr\/product\/camel-stamp-hash-kaufen\/","title":{"rendered":"Acheter Camel Stamp Hash"},"content":{"rendered":"<p>Vous \u00eates \u00e0 la recherche de <b>haschisch traditionnel marocain<\/b> de <b>la meilleure qualit\u00e9<\/b>? Alors, c'est <b>Camel Stamp Hash<\/b> est exactement ce qu'il vous faut. D\u00e9couvrez un <b>Produit original<\/b>, qui est profond\u00e9ment enracin\u00e9 dans l'artisanat d'Afrique du Nord et qui, gr\u00e2ce \u00e0 ses <b>estampillage authentique du chameau<\/b> est tr\u00e8s s\u00e9duisant. Commandez maintenant ce produit haut de gamme <b>l\u00e9gal<\/b> et <b>sans ordonnance<\/b> en ligne. Nous vous garantissons <b>Envoi express<\/b> et une <b>100% discr\u00e8te<\/b> Livraison \u00e0 <b>Allemagne<\/b>, dans la <b>Suisse<\/b> et apr\u00e8s <b>Autriche<\/b>.<\/p>\n<p>Camel Stamp Hash n'est pas seulement un produit, c'est un morceau de tradition. Il repr\u00e9sente <b>m\u00e9thodes de production originales<\/b> et le soin apport\u00e9 <b>fabrication artisanale<\/b>, Les techniques de fabrication ont \u00e9t\u00e9 perfectionn\u00e9es pendant des g\u00e9n\u00e9rations au Maroc. Le gaufrage caract\u00e9ristique est un signe de <b>Qualit\u00e9 de marque<\/b> et <b>Authenticit\u00e9<\/b>. Qui a achet\u00e9 ce haschisch <b>acheter<\/b> ou <b>commander en ligne<\/b> choisit une vari\u00e9t\u00e9 qui se distingue par son go\u00fbt et sa texture. <b>consistance molle<\/b> et son <b>profil d'action \u00e9quilibr\u00e9<\/b> est convaincu. Vous trouverez ici tout ce qu'il faut savoir sur l'origine, les caract\u00e9ristiques particuli\u00e8res et les avantages de ce produit. <b>achat s\u00e9curis\u00e9<\/b> chez nous.<\/p>\n<h2>L'origine authentique et la tradition du Camel Stamp Hash<\/h2>\n<p>La valeur du Camel Stamp Hash r\u00e9side dans sa <b>d'origine marocaine<\/b>. Il est demand\u00e9 <b>des techniques de fabrication \u00e9prouv\u00e9es<\/b> o\u00f9 <b>m\u00e9thodes de pressage traditionnelles<\/b> sont utilis\u00e9s. Ces <b>Fabrication artisanale<\/b> assure une <b>consistance molle<\/b> et une texture facile \u00e0 travailler, ce qui est un gage de qualit\u00e9 pour les connaisseurs. Le site <b>Tampon caract\u00e9ristique \u00e0 motif de chameau<\/b> sert de certificat d'authenticit\u00e9 et distingue le <b>Produit original<\/b> des imitations. Nous vous assurons <b>Produit original disponible uniquement ici !<\/b><\/p>\n<p>L'origine dans les zones de culture traditionnelles du Maroc garantit la <b>Authenticit\u00e9<\/b> et les <b>Authenticit\u00e9<\/b> de la qualit\u00e9. Lors de la production, on veille \u00e0 <b>Choix minutieux des mat\u00e9riaux<\/b> pour <b>Des normes de qualit\u00e9 coh\u00e9rentes<\/b> de garantir la qualit\u00e9 du produit. Avant de placer le produit dans <b>Envoi express<\/b> va, ce sera <a href=\"\/product\/black-gold-hash-kaufen\/\"><b>Lab test\u00e9<\/b><\/a>afin de pouvoir <b>100% Qualit\u00e9<\/b> de valider la demande. Vous pouvez maintenant acheter ce produit <b>acheter directement<\/b> et se r\u00e9jouir de vivre une exp\u00e9rience unique, marqu\u00e9e par un lien profond avec la culture du haschisch au Maroc.<\/p>\n<h2>Sensorialit\u00e9 et texture : une exp\u00e9rience pour les sens<\/h2>\n<p>Le Camel Stamp Hash convainc non seulement par son origine, mais aussi par sa <b>Propri\u00e9t\u00e9s sensorielles<\/b>. Lorsque l'on ouvre l'emballage discret, on d\u00e9couvre un <b>Ar\u00f4me<\/b>, le <b>\u00e9pic\u00e9 avec des notes terreuses<\/b> un profil classique que les connaisseurs appr\u00e9cient imm\u00e9diatement. Le <b>Go\u00fbt<\/b> est <b>doux et \u00e9quilibr\u00e9<\/b>, Les produits de la marque sont fabriqu\u00e9s \u00e0 partir de mati\u00e8res premi\u00e8res de qualit\u00e9 sup\u00e9rieure, ce qui rend l'exp\u00e9rience de consommation particuli\u00e8rement agr\u00e9able.<\/p>\n<p>Visuellement, le haschisch se pr\u00e9sente dans une <b>Couleur<\/b> de <b>brun clair \u00e0 brun moyen<\/b>. Le site <b>Texture<\/b> est <b>uniforme et mall\u00e9able<\/b>, ce que les <b>Portionnement facile<\/b> et <b>Manipulation<\/b> permet d'atteindre cet objectif. La d\u00e9j\u00e0 mentionn\u00e9e <b>consistance molle<\/b> le rend souple et facile \u00e0 travailler, quel que soit le <b>M\u00e9thodes de consommation<\/b> vous pr\u00e9f\u00e9rez. Qu'il s'agisse de voies traditionnelles comme dans le joint ou la pipe, ou d'applications modernes comme le vaporisateur, la qualit\u00e9 est toujours pr\u00e9serv\u00e9e. Ce <b>Diversit\u00e9<\/b> dans l'application, combin\u00e9e \u00e0 la <b>Qualit\u00e9 de marque<\/b>, Le Camel Stamp Hash est un choix de premier ordre. <b>Qualit\u00e9 de marque disponible uniquement ici !<\/b><\/p>\n<h2>Le profil d'action \u00e9quilibr\u00e9 et l'utilisation<\/h2>\n<p>Le site <b>Profil d'action<\/b> du Camel Stamp Hash est l'un de ses plus grands arguments de vente. Il est id\u00e9al pour tous ceux qui souhaitent une vari\u00e9t\u00e9 <b>un profil d'action harmonieux<\/b> chercher. Le site <b>D\u00e9but de l'effet<\/b> est <b>en douceur et progressivement<\/b>, ce qui \u00e9vite un sentiment de surcharge. Le site <b>Effet sur le corps<\/b> est consid\u00e9r\u00e9 comme <b>relaxant et agr\u00e9able<\/b> parfait pour les moments de calme. En m\u00eame temps, le <b>Effet mental<\/b> pour que le consommateur <b>clair et \u00e9quilibr\u00e9<\/b> reste ce que les <b>Polyvalence<\/b> de la vari\u00e9t\u00e9. Le site <b>Dur\u00e9e de l'effet<\/b> est <b>de longueur moyenne<\/b> (environ 2-3 heures), ce qui le rend id\u00e9al pour une utilisation quotidienne.<\/p>\n<h3>Domaines d'application id\u00e9aux :<\/h3>\n<ul>\n<li><b>D\u00e9tente :<\/b> C'est <b>Parfait apr\u00e8s le travail<\/b> pour favoriser le calme et la s\u00e9r\u00e9nit\u00e9.<\/li>\n<li><b>La convivialit\u00e9 :<\/b> Id\u00e9al <b>Pour des r\u00e9unions d\u00e9tendues<\/b> avec des amis.<\/li>\n<li><b>la cr\u00e9ativit\u00e9 :<\/b> Il peut \u00eatre utilis\u00e9 pour <b>Promotion du flux d'id\u00e9es<\/b> contribuer.<\/li>\n<li><b>Accompagnement au quotidien :<\/b> Peut \u00eatre utilis\u00e9 pour soulager <b>En cas de troubles l\u00e9gers<\/b> peuvent \u00eatre un soutien.<\/li>\n<\/ul>\n<h3>les m\u00e9thodes de consommation :<\/h3>\n<p>Le produit offre <b>Diversit\u00e9<\/b> pour les <b>M\u00e9thodes de consommation<\/b>:<\/p>\n<ul>\n<li><b>Dans le joint :<\/b> Pour une <b>Combustion uniforme<\/b>.<\/li>\n<li><b>Sifflet :<\/b> Pour une <b>D\u00e9ploiement direct de l'action<\/b>.<\/li>\n<li><b>Pur :<\/b> Pour un <b>Une exp\u00e9rience gustative pure<\/b>.<\/li>\n<li><b>Vaporisateur :<\/b> Pour une <b>\u00c9vaporation en douceur<\/b>.<\/li>\n<li><b>Bong :<\/b> Pour <b>Le plaisir r\u00e9frig\u00e9r\u00e9<\/b>.<\/li>\n<li><b>Cuisine :<\/b> Convient \u00e9galement <b>Pour les cr\u00e9ations culinaires<\/b>.<\/li>\n<\/ul>\n<h2>Acheter en toute s\u00e9curit\u00e9, l\u00e9galement et anonymement<\/h2>\n<p>Nous attachons la plus grande importance \u00e0 votre s\u00e9curit\u00e9 et \u00e0 votre discr\u00e9tion. Si vous utilisez Camel Stamp Hash <b>acheter<\/b> nous vous garantissons un <b>achat s\u00e9curis\u00e9<\/b> et une <b>100% commande discr\u00e8te<\/b>. Le produit est <b>l\u00e9gal<\/b> et <b>sans ordonnance<\/b> disponible.<\/p>\n<h3>Les avantages de votre commande en un coup d'\u0153il :<\/h3>\n<ul>\n<li><b>Sans ordonnance &amp; l\u00e9gal :<\/b> Vous pouvez utiliser ce produit <b>sans ordonnance<\/b> et <b>l\u00e9gal<\/b> dans toute l'Europe. Nous vous offrons la possibilit\u00e9, <b>ordonner 100% l\u00e9galement - sans ordonnance<\/b>.<\/li>\n<li><b>La discr\u00e9tion :<\/b> Votre commande sera <b>100% livr\u00e9 discr\u00e8tement<\/b> dans <b>emballage neutre<\/b>. Nous garantissons <b>livraison anonyme<\/b> et <b>traitement s\u00e9curis\u00e9<\/b>.<\/li>\n<li><b>Exp\u00e9dition :<\/b> Nous offrons <b>Envoi express<\/b> et une <b>livraison s\u00e9curis\u00e9e<\/b> dans un d\u00e9lai de 1 \u00e0 3 jours ouvrables. Le <b>Envoi vers l'Allemagne sans probl\u00e8me<\/b>, qui <b>Envoi en Suisse sans probl\u00e8me<\/b> et le <b>Envoi vers l'Autriche sans probl\u00e8me<\/b> sont pour nous des standards.<\/li>\n<li><b>Prix et disponibilit\u00e9 :<\/b> Vous pouvez utiliser le produit <b>acheter \u00e0 bas prix<\/b> et b\u00e9n\u00e9ficier de notre <b>meilleur prix<\/b>. Consultez nos <b>Offres sp\u00e9ciales<\/b>. Le produit est <b>disponible imm\u00e9diatement<\/b>.<\/li>\n<li><b>Assurance qualit\u00e9 :<\/b> Il s'agit d'un <b>Produit original<\/b>, le <b>Lab test\u00e9<\/b> et a obtenu la plus haute <b>Qualit\u00e9 de marque<\/b> est pr\u00e9sent. <b>100% Qualit\u00e9<\/b> est la promesse que nous vous faisons.<\/li>\n<\/ul>\n<p>Vous pouvez maintenant acheter ce produit <b>acheter imm\u00e9diatement<\/b> ou <b>commander imm\u00e9diatement<\/b>. Profitez de l'occasion pour <b>Top prix<\/b> et notre <b>Offres sp\u00e9ciales<\/b> d'obtenir.<\/p>\n<h2>Stockage et fra\u00eecheur : pour que votre produit reste optimal<\/h2>\n<p>Afin de <b>100% Qualit\u00e9<\/b> et pour obtenir tout l'ar\u00f4me du Camel Stamp Hash, la bonne <b>Stockage<\/b> essentiel.<\/p>\n<h3>Des conditions optimales pour une longue conservation :<\/h3>\n<ul>\n<li><b>temp\u00e9rature :<\/b> La temp\u00e9rature id\u00e9ale se situe entre 18 et 22\u00b0C.<\/li>\n<li><b>Humidit\u00e9 de l'air :<\/b> Un taux d'humidit\u00e9 de 50-60% est optimal.<\/li>\n<li><b>R\u00e9cipient :<\/b> Utilisez un <b>Protecteur d'ar\u00f4mes<\/b> r\u00e9cipient pour conserver la fra\u00eecheur.<\/li>\n<li><b>de la lumi\u00e8re :<\/b> Le produit doit <b>Prot\u00e9ger du soleil direct<\/b> \u00eatre stock\u00e9s.<\/li>\n<\/ul>\n<p>Sur <b>Stockage appropri\u00e9<\/b> vous pouvez cr\u00e9er une <b>Dur\u00e9e de conservation minimale<\/b> de 6 \u00e0 9 mois, ce qui permet \u00e0 la <b>Maintien de la qualit\u00e9<\/b> est assur\u00e9e.<\/p>\n<h2>Foire aux questions (FAQ) sur le Camel Stamp Hash<\/h2>\n<p>Nous souhaitons vous pr\u00e9senter le <b>Achat<\/b> de mani\u00e8re aussi simple et transparente que possible. Vous trouverez ici les r\u00e9ponses aux questions les plus importantes :<\/p>\n<p><b>Q : Que signifie exactement l'estampille du chameau ?<\/b><br \/>\nA : Le poin\u00e7on identifie la <b>origine marocaine traditionnelle<\/b> et les <b>Qualit\u00e9<\/b> du haschisch. Elle est la garantie qu'il s'agit bien du <b>Produit original<\/b> est en cours.<\/p>\n<p><b>Q : \u00c0 qui s'adresse ce type de haschisch ?<\/b><br \/>\nR : Elle est <b>Id\u00e9al pour les d\u00e9butants<\/b> ainsi que pour tous, <b>qui pr\u00e9f\u00e8rent les vari\u00e9t\u00e9s douces<\/b> et un <b>\u00e9quilibr\u00e9<\/b> Estimer le profil d'action.<\/p>\n<p><b>Q : Quel est l'effet et \u00e0 quel type d'effet puis-je m'attendre ?<\/b><br \/>\nR : L'effet est <b>\u00e9quilibr\u00e9 et polyvalent<\/b>, caract\u00e9ris\u00e9 par une <b>effet relaxant sur le corps<\/b> et un <b>effet mental clair et \u00e9quilibr\u00e9<\/b>.<\/p>\n<p><b>Q : Quelle est la m\u00e9thode de consommation particuli\u00e8rement recommand\u00e9e pour le Camel Stamp Hash ?<\/b><br \/>\nR : En raison de son <b>Consistance molle<\/b> c'est <b>particuli\u00e8rement bon dans un joint ou un vaporisateur<\/b> mais toutes les autres m\u00e9thodes de consommation sont \u00e9galement possibles sans probl\u00e8me.<\/p>\n<p><b>Q : Quel est le meilleur dosage si je suis d\u00e9butant ?<\/b><br \/>\nR : Il est recommand\u00e9, <b>de commencer par de petites quantit\u00e9s et d'augmenter avec pr\u00e9caution<\/b>, Les patients doivent \u00eatre inform\u00e9s de leur profil d'efficacit\u00e9 individuel.<\/p>\n<p><strong>Q : Comment se passe l'exp\u00e9dition, notamment vers la Suisse et l'Autriche ? <\/strong><br \/>\nR : Nous envoyons <b>100% discret<\/b> avec <b>Envoi express<\/b> vers tous les pays mentionn\u00e9s. Le site <b>Envoi vers l'Autriche sans probl\u00e8me<\/b> et le <b>Envoi en Suisse sans probl\u00e8me<\/b> sont des processus standard chez nous, tout comme <b>Livraison en Allemagne<\/b>.<\/p>\n<h2>Service et votre commande facile<\/h2>\n<p>Votre <b>achat s\u00fbr<\/b> et votre satisfaction sont nos exigences. Nous vous proposons <b>Soutien personnel<\/b> et une <b>commande facile<\/b> en quelques \u00e9tapes :<\/p>\n<ol start=\"1\">\n<li><b>Choisir la quantit\u00e9 :<\/b> Choisissez la quantit\u00e9 souhait\u00e9e (par ex. 25G, 50G, 100G, 250G).<\/li>\n<li><b>Dans le panier d'achat :<\/b> Ajoutez le produit souhait\u00e9.<\/li>\n<li><b>Paiement :<\/b> Profitez de nos <b>transaction s\u00e9curis\u00e9e<\/b> pour les <b>Paiement<\/b>.<\/li>\n<li><b>Livraison :<\/b> Votre commande sera <b>discret dans un d\u00e9lai de 1 \u00e0 3 jours ouvrables<\/b> livr\u00e9s - gr\u00e2ce \u00e0 <b>Envoi express<\/b>.<\/li>\n<\/ol>\n<p>D\u00e9couvrez les <b>Tradition marocaine<\/b> du hachage du Camel Stamp. Il repr\u00e9sente <b>une qualit\u00e9 artisanale authentique<\/b> et un <b>profil d'action \u00e9quilibr\u00e9<\/b>. Parfait pour ceux qui <b>appr\u00e9cier la culture traditionnelle du haschisch<\/b> et valorise <b>vari\u00e9t\u00e9s douces et polyvalentes<\/b> poser. <b>Acheter maintenant<\/b> et le <b>meilleur prix<\/b> s\u00e9curiser !<\/p>","protected":false},"excerpt":{"rendered":"<p>Acheter du haschisch Camel Stamp : Haschisch traditionnel marocain avec une estampille caract\u00e9ristique de chameau. Plaques douces et aromatiques avec un effet \u00e9quilibr\u00e9. Parfait pour les connaisseurs de qualit\u00e9 traditionnelle.<\/p>","protected":false},"featured_media":7263,"comment_status":"open","ping_status":"closed","template":"","meta":{"_joinchat":[]},"product_brand":[],"product_cat":[61],"product_tag":[2964,3067,3047,2975,3072,3069,3068,3071,3043,3070],"class_list":{"0":"post-7225","1":"product","2":"type-product","3":"status-publish","4":"has-post-thumbnail","6":"product_cat-hashish","7":"product_tag-ausgewogene-wirkung","8":"product_tag-camel-stamp-hash","9":"product_tag-cannabis","10":"product_tag-entspannung","11":"product_tag-handwerksqualitaet","12":"product_tag-kamel-stempel","13":"product_tag-marokkanisches-haschisch","14":"product_tag-mild","15":"product_tag-traditionell","16":"product_tag-weiche-konsistenz","18":"first","19":"instock","20":"shipping-taxable","21":"purchasable","22":"product-type-variable"},"yoast_head":"<!-- This site is optimized with the Yoast SEO plugin v27.5 - https:\/\/yoast.com\/product\/yoast-seo-wordpress\/ -->\n<title>Camel Stamp Hash Kaufen | Traditionelle Qualit\u00e4t | Marokkanisch Chemgramx<\/title>\n<meta name=\"description\" content=\"Camel Stamp Hash kaufen - Authentisches marokkanisches Haschisch mit traditioneller Kamel-Stempelung. Weiche Konsistenz, aromatisch. Diskret &amp; sicher.\" \/>\n<meta name=\"robots\" content=\"index, follow, max-snippet:-1, max-image-preview:large, max-video-preview:-1\" \/>\n<link rel=\"canonical\" href=\"https:\/\/chemgramx.com\/fr\/produit\/camel-stamp-hash-acheter\/\" \/>\n<meta property=\"og:locale\" content=\"fr_FR\" \/>\n<meta property=\"og:type\" content=\"article\" \/>\n<meta property=\"og:title\" content=\"Camel Stamp Hash Kaufen | Traditionelle Qualit\u00e4t | Marokkanisch Chemgramx\" \/>\n<meta property=\"og:description\" content=\"Camel Stamp Hash kaufen - Authentisches marokkanisches Haschisch mit traditioneller Kamel-Stempelung. Weiche Konsistenz, aromatisch. Diskret &amp; sicher.\" \/>\n<meta property=\"og:url\" content=\"https:\/\/chemgramx.com\/fr\/produit\/camel-stamp-hash-acheter\/\" \/>\n<meta property=\"og:site_name\" content=\"Chemgramx\" \/>\n<meta property=\"article:modified_time\" content=\"2025-11-21T11:15:08+00:00\" \/>\n<meta property=\"og:image\" content=\"https:\/\/chemgramx.com\/wp-content\/uploads\/2025\/11\/camel-stamp-hash-online.jpg\" \/>\n\t<meta property=\"og:image:width\" content=\"1000\" \/>\n\t<meta property=\"og:image:height\" content=\"1000\" \/>\n\t<meta property=\"og:image:type\" content=\"image\/jpeg\" \/>\n<meta name=\"twitter:card\" content=\"summary_large_image\" \/>\n<meta name=\"twitter:label1\" content=\"Dur\u00e9e de lecture estim\u00e9e\" \/>\n\t<meta name=\"twitter:data1\" content=\"6 minutes\" \/>\n<script type=\"application\/ld+json\" class=\"yoast-schema-graph\">{\"@context\":\"https:\\\/\\\/schema.org\",\"@graph\":[{\"@type\":\"WebPage\",\"@id\":\"https:\\\/\\\/chemgramx.com\\\/product\\\/camel-stamp-hash-kaufen\\\/\",\"url\":\"https:\\\/\\\/chemgramx.com\\\/product\\\/camel-stamp-hash-kaufen\\\/\",\"name\":\"Camel Stamp Hash Kaufen | Traditionelle Qualit\u00e4t | Marokkanisch Chemgramx\",\"isPartOf\":{\"@id\":\"https:\\\/\\\/chemgramx.com\\\/#website\"},\"primaryImageOfPage\":{\"@id\":\"https:\\\/\\\/chemgramx.com\\\/product\\\/camel-stamp-hash-kaufen\\\/#primaryimage\"},\"image\":{\"@id\":\"https:\\\/\\\/chemgramx.com\\\/product\\\/camel-stamp-hash-kaufen\\\/#primaryimage\"},\"thumbnailUrl\":\"https:\\\/\\\/chemgramx.com\\\/wp-content\\\/uploads\\\/2025\\\/11\\\/camel-stamp-hash-online.jpg\",\"datePublished\":\"2025-11-21T11:13:37+00:00\",\"dateModified\":\"2025-11-21T11:15:08+00:00\",\"description\":\"Camel Stamp Hash kaufen - Authentisches marokkanisches Haschisch mit traditioneller Kamel-Stempelung. Weiche Konsistenz, aromatisch. Diskret &amp; sicher.\",\"breadcrumb\":{\"@id\":\"https:\\\/\\\/chemgramx.com\\\/product\\\/camel-stamp-hash-kaufen\\\/#breadcrumb\"},\"inLanguage\":\"fr-FR\",\"potentialAction\":[{\"@type\":\"ReadAction\",\"target\":[\"https:\\\/\\\/chemgramx.com\\\/product\\\/camel-stamp-hash-kaufen\\\/\"]}]},{\"@type\":\"ImageObject\",\"inLanguage\":\"fr-FR\",\"@id\":\"https:\\\/\\\/chemgramx.com\\\/product\\\/camel-stamp-hash-kaufen\\\/#primaryimage\",\"url\":\"https:\\\/\\\/chemgramx.com\\\/wp-content\\\/uploads\\\/2025\\\/11\\\/camel-stamp-hash-online.jpg\",\"contentUrl\":\"https:\\\/\\\/chemgramx.com\\\/wp-content\\\/uploads\\\/2025\\\/11\\\/camel-stamp-hash-online.jpg\",\"width\":1000,\"height\":1000},{\"@type\":\"BreadcrumbList\",\"@id\":\"https:\\\/\\\/chemgramx.com\\\/product\\\/camel-stamp-hash-kaufen\\\/#breadcrumb\",\"itemListElement\":[{\"@type\":\"ListItem\",\"position\":1,\"name\":\"Home\",\"item\":\"https:\\\/\\\/chemgramx.com\\\/\"},{\"@type\":\"ListItem\",\"position\":2,\"name\":\"Shop\",\"item\":\"https:\\\/\\\/chemgramx.com\\\/shop\\\/\"},{\"@type\":\"ListItem\",\"position\":3,\"name\":\"Camel Stamp Hash Kaufen\"}]},{\"@type\":\"WebSite\",\"@id\":\"https:\\\/\\\/chemgramx.com\\\/#website\",\"url\":\"https:\\\/\\\/chemgramx.com\\\/\",\"name\":\"Chemgramx\",\"description\":\"\",\"publisher\":{\"@id\":\"https:\\\/\\\/chemgramx.com\\\/#organization\"},\"potentialAction\":[{\"@type\":\"SearchAction\",\"target\":{\"@type\":\"EntryPoint\",\"urlTemplate\":\"https:\\\/\\\/chemgramx.com\\\/?s={search_term_string}\"},\"query-input\":{\"@type\":\"PropertyValueSpecification\",\"valueRequired\":true,\"valueName\":\"search_term_string\"}}],\"inLanguage\":\"fr-FR\"},{\"@type\":\"Organization\",\"@id\":\"https:\\\/\\\/chemgramx.com\\\/#organization\",\"name\":\"Chemgramx\",\"url\":\"https:\\\/\\\/chemgramx.com\\\/\",\"logo\":{\"@type\":\"ImageObject\",\"inLanguage\":\"fr-FR\",\"@id\":\"https:\\\/\\\/chemgramx.com\\\/#\\\/schema\\\/logo\\\/image\\\/\",\"url\":\"https:\\\/\\\/chemgramx.com\\\/wp-content\\\/uploads\\\/2024\\\/10\\\/final-logo.png\",\"contentUrl\":\"https:\\\/\\\/chemgramx.com\\\/wp-content\\\/uploads\\\/2024\\\/10\\\/final-logo.png\",\"width\":250,\"height\":48,\"caption\":\"Chemgramx\"},\"image\":{\"@id\":\"https:\\\/\\\/chemgramx.com\\\/#\\\/schema\\\/logo\\\/image\\\/\"}}]}<\/script>\n<!-- \/ Yoast SEO plugin. -->","yoast_head_json":{"title":"Camel Stamp Hash Acheter | Qualit\u00e9 traditionnelle | Marocain Chemgramx","description":"Acheter Camel Stamp Hash - Haschisch marocain authentique avec estampillage traditionnel au chameau. Consistance douce, aromatique. Discret &amp; s\u00fbr.","robots":{"index":"index","follow":"follow","max-snippet":"max-snippet:-1","max-image-preview":"max-image-preview:large","max-video-preview":"max-video-preview:-1"},"canonical":"https:\/\/chemgramx.com\/fr\/produit\/camel-stamp-hash-acheter\/","og_locale":"fr_FR","og_type":"article","og_title":"Camel Stamp Hash Kaufen | Traditionelle Qualit\u00e4t | Marokkanisch Chemgramx","og_description":"Camel Stamp Hash kaufen - Authentisches marokkanisches Haschisch mit traditioneller Kamel-Stempelung. Weiche Konsistenz, aromatisch. Diskret &amp; sicher.","og_url":"https:\/\/chemgramx.com\/fr\/produit\/camel-stamp-hash-acheter\/","og_site_name":"Chemgramx","article_modified_time":"2025-11-21T11:15:08+00:00","og_image":[{"width":1000,"height":1000,"url":"https:\/\/chemgramx.com\/wp-content\/uploads\/2025\/11\/camel-stamp-hash-online.jpg","type":"image\/jpeg"}],"twitter_card":"summary_large_image","twitter_misc":{"Dur\u00e9e de lecture estim\u00e9e":"6 minutes"},"schema":{"@context":"https:\/\/schema.org","@graph":[{"@type":"WebPage","@id":"https:\/\/chemgramx.com\/product\/camel-stamp-hash-kaufen\/","url":"https:\/\/chemgramx.com\/product\/camel-stamp-hash-kaufen\/","name":"Camel Stamp Hash Acheter | Qualit\u00e9 traditionnelle | Marocain Chemgramx","isPartOf":{"@id":"https:\/\/chemgramx.com\/#website"},"primaryImageOfPage":{"@id":"https:\/\/chemgramx.com\/product\/camel-stamp-hash-kaufen\/#primaryimage"},"image":{"@id":"https:\/\/chemgramx.com\/product\/camel-stamp-hash-kaufen\/#primaryimage"},"thumbnailUrl":"https:\/\/chemgramx.com\/wp-content\/uploads\/2025\/11\/camel-stamp-hash-online.jpg","datePublished":"2025-11-21T11:13:37+00:00","dateModified":"2025-11-21T11:15:08+00:00","description":"Acheter Camel Stamp Hash - Haschisch marocain authentique avec estampillage traditionnel au chameau. Consistance douce, aromatique. Discret &amp; s\u00fbr.","breadcrumb":{"@id":"https:\/\/chemgramx.com\/product\/camel-stamp-hash-kaufen\/#breadcrumb"},"inLanguage":"fr-FR","potentialAction":[{"@type":"ReadAction","target":["https:\/\/chemgramx.com\/product\/camel-stamp-hash-kaufen\/"]}]},{"@type":"ImageObject","inLanguage":"fr-FR","@id":"https:\/\/chemgramx.com\/product\/camel-stamp-hash-kaufen\/#primaryimage","url":"https:\/\/chemgramx.com\/wp-content\/uploads\/2025\/11\/camel-stamp-hash-online.jpg","contentUrl":"https:\/\/chemgramx.com\/wp-content\/uploads\/2025\/11\/camel-stamp-hash-online.jpg","width":1000,"height":1000},{"@type":"BreadcrumbList","@id":"https:\/\/chemgramx.com\/product\/camel-stamp-hash-kaufen\/#breadcrumb","itemListElement":[{"@type":"ListItem","position":1,"name":"Home","item":"https:\/\/chemgramx.com\/"},{"@type":"ListItem","position":2,"name":"Shop","item":"https:\/\/chemgramx.com\/shop\/"},{"@type":"ListItem","position":3,"name":"Camel Stamp Hash Kaufen"}]},{"@type":"WebSite","@id":"https:\/\/chemgramx.com\/#website","url":"https:\/\/chemgramx.com\/","name":"Chemgramx","description":"","publisher":{"@id":"https:\/\/chemgramx.com\/#organization"},"potentialAction":[{"@type":"SearchAction","target":{"@type":"EntryPoint","urlTemplate":"https:\/\/chemgramx.com\/?s={search_term_string}"},"query-input":{"@type":"PropertyValueSpecification","valueRequired":true,"valueName":"search_term_string"}}],"inLanguage":"fr-FR"},{"@type":"Organization","@id":"https:\/\/chemgramx.com\/#organization","name":"Chemgramx","url":"https:\/\/chemgramx.com\/","logo":{"@type":"ImageObject","inLanguage":"fr-FR","@id":"https:\/\/chemgramx.com\/#\/schema\/logo\/image\/","url":"https:\/\/chemgramx.com\/wp-content\/uploads\/2024\/10\/final-logo.png","contentUrl":"https:\/\/chemgramx.com\/wp-content\/uploads\/2024\/10\/final-logo.png","width":250,"height":48,"caption":"Chemgramx"},"image":{"@id":"https:\/\/chemgramx.com\/#\/schema\/logo\/image\/"}}]}},"_links":{"self":[{"href":"https:\/\/chemgramx.com\/fr\/wp-json\/wp\/v2\/product\/7225","targetHints":{"allow":["GET"]}}],"collection":[{"href":"https:\/\/chemgramx.com\/fr\/wp-json\/wp\/v2\/product"}],"about":[{"href":"https:\/\/chemgramx.com\/fr\/wp-json\/wp\/v2\/types\/product"}],"replies":[{"embeddable":true,"href":"https:\/\/chemgramx.com\/fr\/wp-json\/wp\/v2\/comments?post=7225"}],"wp:featuredmedia":[{"embeddable":true,"href":"https:\/\/chemgramx.com\/fr\/wp-json\/wp\/v2\/media\/7263"}],"wp:attachment":[{"href":"https:\/\/chemgramx.com\/fr\/wp-json\/wp\/v2\/media?parent=7225"}],"wp:term":[{"taxonomy":"product_brand","embeddable":true,"href":"https:\/\/chemgramx.com\/fr\/wp-json\/wp\/v2\/product_brand?post=7225"},{"taxonomy":"product_cat","embeddable":true,"href":"https:\/\/chemgramx.com\/fr\/wp-json\/wp\/v2\/product_cat?post=7225"},{"taxonomy":"product_tag","embeddable":true,"href":"https:\/\/chemgramx.com\/fr\/wp-json\/wp\/v2\/product_tag?post=7225"}],"curies":[{"name":"wp","href":"https:\/\/api.w.org\/{rel}","templated":true}]}}