{"id":7228,"date":"2025-11-21T11:13:38","date_gmt":"2025-11-21T11:13:38","guid":{"rendered":"https:\/\/chemgramx.com\/?post_type=product&#038;p=7228"},"modified":"2025-11-21T11:15:09","modified_gmt":"2025-11-21T11:15:09","slug":"commande-de-cookies-chernobyl","status":"publish","type":"product","link":"https:\/\/chemgramx.com\/fr\/produit\/commande-de-cookies-chernobyl\/","title":{"rendered":"Commande de cookies Tchernobyl"},"content":{"rendered":"<p>Plongez dans l'exp\u00e9rience intense de <b>Hachage des cookies de Tchernobyl<\/b> - un croisement hybride exceptionnel qui offre \u00e0 vos sens une exp\u00e9rience inoubliable. Cette vari\u00e9t\u00e9 sp\u00e9ciale combine <b>ar\u00f4me explosif<\/b> et des saveurs complexes avec une profonde, <b>un effet \u00e9quilibr\u00e9<\/b>. C'est le choix id\u00e9al pour les connaisseurs exigeants qui recherchent l'originalit\u00e9 et attachent de l'importance \u00e0 la qualit\u00e9. <b>pressage manuel de haute qualit\u00e9<\/b> ont \u00e9t\u00e9 pos\u00e9s. Cookies de Tchernobyl <a href=\"https:\/\/chemgramx.com\/fr\/produit\/acheter-dragon-full-melt-hash\/\">Hash<\/a> est un <b>Produit original<\/b> et est synonyme d'absolu <b>Qualit\u00e9 de marque<\/b>. Vous pouvez utiliser ce produit <b>commander en ligne<\/b> et il sera <b>livr\u00e9 discr\u00e8tement<\/b>. <b>Commandez aujourd'hui et profitez des offres sp\u00e9ciales et de la livraison rapide !<\/b> Vous pouvez utiliser ce produit <b>acheter maintenant<\/b> et il sera <b>sans ordonnance<\/b> vous est envoy\u00e9e.<\/p>\n<h2>Ce qui rend les cookies de Tchernobyl Hash uniques : la g\u00e9n\u00e9tique et le potentiel<\/h2>\n<p>Le caract\u00e8re unique de Chernobyl Cookies Hash repose sur sa g\u00e9n\u00e9tique sp\u00e9ciale, qui permet d'obtenir un large \u00e9ventail d'effets et d'ar\u00f4mes. Ce <b>croisement sp\u00e9cial cookies<\/b> offre un \u00e9quilibre harmonieux, \u00e0 la fois tonique et relaxant.<\/p>\n<h3>G\u00e9n\u00e9tique et production<\/h3>\n<p>Le hachis de cookies de Tchernobyl est parfaitement \u00e9quilibr\u00e9. <b>50% Indica \/ 50% Sativa hybride<\/b>. Cet \u00e9quilibre assure la <b>un \u00e9quilibre harmonieux entre le corps et l'esprit<\/b>. Le site <b>Production<\/b> suit le <b>Tradition press\u00e9e \u00e0 la main<\/b>, un signe de <b>Qualit\u00e9 sup\u00e9rieure<\/b> et de l'artisanat. Les mati\u00e8res premi\u00e8res sont <b>tri\u00e9s sur le volet<\/b> et s\u00e9lectionn\u00e9s selon des crit\u00e8res stricts. Le r\u00e9sultat est une <b>qualit\u00e9 tr\u00e8s concentr\u00e9e<\/b> et une texture douce et souple <b>Consistance<\/b>, qui est facile \u00e0 travailler. Chaque lot est soigneusement contr\u00f4l\u00e9 ; il s'agit d'un <b>Lab test\u00e9<\/b>-produit, afin de <b>100% Qualit\u00e9<\/b> de s\u00e9curiser.<\/p>\n<h3>Profil sensoriel et gustatif<\/h3>\n<p>L'exp\u00e9rience de Tchernobyl Cookies Hash commence avec son <b>ar\u00f4me explosif<\/b>Le parfum : une note olfactive intense et complexe qui associe \u00e0 la fois des notes \u00e9pic\u00e9es et sucr\u00e9es et des nuances terreuses. Le site <b>Go\u00fbt<\/b> est <b>complexe<\/b> et <b>multidimensionnel<\/b>, avec des notes caract\u00e9ristiques de cookies. Le site <b>Couleur<\/b> du haschisch est d'un brun profond avec des reflets dor\u00e9s, ce qui refl\u00e8te sa puret\u00e9 et sa qualit\u00e9. Le site <b>Texture<\/b> est uniforme et mall\u00e9able, ce qui facilite la <b>Manipulation<\/b> et <b>Portionnement<\/b> est garantie.<\/p>\n<h2>Profil d'action et application : profondeur et polyvalence<\/h2>\n<p>Le profil d'action est <b>\u00e9quilibr\u00e9 et polyvalent<\/b>, Le hachage des cookies de Tchernobyl est donc adapt\u00e9 \u00e0 diff\u00e9rentes situations.<\/p>\n<h3>Propri\u00e9t\u00e9s d'action en d\u00e9tail<\/h3>\n<p>Le site <b>D\u00e9but de l'effet<\/b> est <b>en douceur et progressivement<\/b>, pas \u00e9crasante. Le site <b>Effet de pointe<\/b> est profonde et enveloppante, ce qui offre \u00e0 la fois une d\u00e9tente et une clart\u00e9 mentale subtile. Le site <b>Dur\u00e9e de l'effet<\/b> est <b>longue dur\u00e9e<\/b> et dure en g\u00e9n\u00e9ral 3 \u00e0 4 heures. Le <b>Impression g\u00e9n\u00e9rale<\/b> est harmonieux et polyvalent.<\/p>\n<h3>Possibilit\u00e9s d'application optimales<\/h3>\n<p>L'effet \u00e9quilibr\u00e9 rend Chernobyl Cookies Hash id\u00e9al pour :<\/p>\n<ul>\n<li><b>D\u00e9tente en soir\u00e9e :<\/b> Parfait pour se reposer apr\u00e8s une longue journ\u00e9e.<\/li>\n<li><b>Des impulsions cr\u00e9atives :<\/b> Favoriser le flux d'id\u00e9es et la stimulation mentale.<\/li>\n<li><b>\u00c9v\u00e9nements sociaux :<\/b> Pour une socialisation d\u00e9tendue sans s\u00e9dation excessive.<\/li>\n<li><b>Moments de m\u00e9ditation :<\/b> Pour approfondir l'exp\u00e9rience et la r\u00e9flexion int\u00e9rieure.<\/li>\n<li><b>la diversit\u00e9 :<\/b> Le site <b>Universalit\u00e9<\/b> de l'effet convient \u00e0 diff\u00e9rentes pr\u00e9f\u00e9rences de consommation.<\/li>\n<\/ul>\n<h2>M\u00e9thodes de consommation et assurance qualit\u00e9<\/h2>\n<p>Chernobyl Cookies Hash est polyvalent dans son utilisation et refl\u00e8te dans sa fabrication les <b>Artisanat<\/b> contre.<\/p>\n<h3>Parcours de consommation traditionnels et modernes<\/h3>\n<p>Gr\u00e2ce \u00e0 sa consistance souple, il convient \u00e0 toutes les m\u00e9thodes courantes :<\/p>\n<ul>\n<li><b>Les voies traditionnelles :<\/b> Dans le joint, une <b>combustion uniforme<\/b> est garantie ; dans la pipe ou le bang, une <b>action directe<\/b> est atteint. La consommation pure offre \u00e9galement une exp\u00e9rience gustative intense.<\/li>\n<li><b>M\u00e9thodes modernes :<\/b> Le site <b>Vaporisateur<\/b> permet une \u00e9vaporation en douceur, tandis que le <b>Dab-Rig<\/b> offre une exp\u00e9rience hautement concentr\u00e9e. Pour un effet particuli\u00e8rement durable, il peut \u00e9galement \u00eatre utilis\u00e9 pour <b>Edibles<\/b> peuvent \u00eatre utilis\u00e9s.<\/li>\n<\/ul>\n<h3>Qualit\u00e9 et artisanat<\/h3>\n<p>Le site <b>100% Qualit\u00e9<\/b> de ce produit est soumis \u00e0 un rigoureux <b>Processus de fabrication<\/b> s\u00e9curis\u00e9, en toute s\u00e9curit\u00e9. Nous utilisons <b>m\u00e9thodes de pressage traditionnelles<\/b> et m\u00e8nent une <b>un contr\u00f4le qualit\u00e9 minutieux<\/b> ainsi que <b>contr\u00f4le coh\u00e9rent des lots<\/b> par le biais de. Le site <b>Puret\u00e9<\/b> est <b>hautement concentr\u00e9<\/b>, et vous obtiendrez un v\u00e9ritable <b>Produit original<\/b> en version contr\u00f4l\u00e9e <b>Qualit\u00e9 de marque<\/b>.<\/p>\n<h2>Stockage et fra\u00eecheur : une qualit\u00e9 sup\u00e9rieure durable<\/h2>\n<p>Un stockage ad\u00e9quat est essentiel pour pr\u00e9server les propri\u00e9t\u00e9s et l'ar\u00f4me uniques du hachis de cookies de Chernobyl.<\/p>\n<h3>Conditions de stockage optimales<\/h3>\n<p>Pour <b>longue dur\u00e9e de vie<\/b> et le <b>Maintien de la qualit\u00e9<\/b> sont les <b>conditions optimales<\/b> important :<\/p>\n<ul>\n<li><b>temp\u00e9rature :<\/b> Conserver au frais, id\u00e9alement entre 16\u00b0C et 21\u00b0C.<\/li>\n<li><b>Humidit\u00e9 de l'air :<\/b> Une faible humidit\u00e9 (55-60%) dans un <b>R\u00e9cipient \u00e9tanche aux ar\u00f4mes<\/b> est conseill\u00e9.<\/li>\n<li><b>Protection contre la lumi\u00e8re :<\/b> Le produit doit <b>enti\u00e8rement contre les rayons UV<\/b> \u00eatre prot\u00e9g\u00e9s afin d'\u00e9viter la d\u00e9gradation des substances actives.<\/li>\n<\/ul>\n<p>Le site <b>Dur\u00e9e de conservation minimale<\/b> est de 6 \u00e0 12 mois dans des conditions de stockage id\u00e9ales.<\/p>\n<h2>Service, commande et exp\u00e9dition : discr\u00e9tion dans la r\u00e9gion DACH<\/h2>\n<p>Nous vous garantissons un fonctionnement sans faille, <b>anonyme<\/b> et <b>achat s\u00e9curis\u00e9<\/b>.<\/p>\n<h3>Traitement rapide et discret<\/h3>\n<p>Nous offrons <b>Un service discret<\/b> et <b>Emballage neutre<\/b> pour chaque commande. Vous recevez une <b>Livraison express<\/b> et <b>une livraison rapide<\/b> dans un d\u00e9lai de <b>1-3 jours ouvrables<\/b>.<\/p>\n<ul>\n<li><b>Envoi dans la r\u00e9gion DACH :<\/b> Nous garantissons <b>fiable<\/b> le site <b>Envoi vers l'Allemagne sans probl\u00e8me<\/b>, le <b>Envoi en Suisse sans probl\u00e8me<\/b> et le <b>Envoi vers l'Autriche sans probl\u00e8me<\/b>.<\/li>\n<li><b>D\u00e9roulement s\u00e9curis\u00e9 :<\/b> Nous assurons <b>traitement s\u00e9curis\u00e9<\/b> le <b>Paiement<\/b> et offrent <b>Soutien personnel<\/b> pour toute question.<\/li>\n<\/ul>\n<h3>Processus de commande simple<\/h3>\n<p>Vous pouvez utiliser ce produit <b>acheter directement<\/b> et <b>acheter \u00e0 bas prix<\/b>. S\u00e9lectionnez la <b>Quantit\u00e9<\/b> (1g, 2g, 5g ou 10g), ajoutez-le au <b>Panier d'achat<\/b> et ex\u00e9cutez les <b>transaction s\u00e9curis\u00e9e<\/b> par le biais de. Vous pouvez <b>commander sans ordonnance<\/b> et <b>Commander l\u00e9galement 100%<\/b> (veuillez consulter la l\u00e9gislation locale).<\/p>\n<h2>Foire aux questions (FAQ) - Toutes les r\u00e9ponses en un coup d'\u0153il<\/h2>\n<h4><b>Quelle est la particularit\u00e9 de Chernobyl Cookies Hash ?<\/b><\/h4>\n<p>La combinaison g\u00e9n\u00e9tique unique en tant qu'hybride \u00e9quilibr\u00e9 et le profil de go\u00fbt complexe et explosif rendent cette vari\u00e9t\u00e9 particuli\u00e8re.<\/p>\n<h4><b>\u00c0 qui s'adresse cette vari\u00e9t\u00e9 ?<\/b><\/h4>\n<p>Particuli\u00e8rement pour les amateurs exp\u00e9riment\u00e9s qui appr\u00e9cient les ar\u00f4mes complexes et recherchent un effet \u00e9quilibr\u00e9 et durable.<\/p>\n<h4><b>Quels sont les effets ?<\/b><\/h4>\n<p>L'effet est \u00e9quilibr\u00e9, harmonieux et profond, avec une profondeur \u00e0 la fois mentale et physique (effet hybride).<\/p>\n<h4><b>Quelle est la m\u00e9thode de consommation recommand\u00e9e ?<\/b><\/h4>\n<p>Toutes les m\u00e9thodes conviennent, la plus recommand\u00e9e est le <b>Vaporisateur<\/b> pour un d\u00e9veloppement en douceur de l'ar\u00f4me complexe.<\/p>\n<h4><b>Quelle est la meilleure fa\u00e7on de doser ?<\/b><\/h4>\n<p>Commencez par de petites quantit\u00e9s et augmentez doucement afin de trouver la dose optimale pour vos besoins.<\/p>\n<h4><b>La commande est-elle vraiment anonyme ?<\/b><\/h4>\n<p>Oui, nous garantissons <b>Commander discr\u00e8tement 100%<\/b> et envoyons dans un emballage neutre.<\/p>\n<h4><b>Puis-je l'acheter sans ordonnance ?<\/b><\/h4>\n<p>Oui, vous pouvez <b>commander en ligne<\/b> et c'est <b>sans ordonnance<\/b> disponible.<\/p>\n<h2>Conclusion : Pourquoi Tchernobyl Cookies Hash ?<\/h2>\n<p>Cette vari\u00e9t\u00e9 exceptionnelle offre une exp\u00e9rience sensorielle incomparable combin\u00e9e \u00e0 un effet profond et polyvalent. Elle est parfaite pour ceux qui recherchent l'originalit\u00e9 et qui attachent de l'importance \u00e0 la qualit\u00e9. <b>qualit\u00e9 artisanale<\/b> et <b>Qualit\u00e9 sup\u00e9rieure<\/b> poser.<\/p>","protected":false},"excerpt":{"rendered":"<p>Acheter de la Chernobyl Cookies Hash : Un croisement hybride unique avec un ar\u00f4me intense et complexe et un effet puissant et \u00e9quilibr\u00e9. Pressage manuel de haute qualit\u00e9, parfait pour les connaisseurs exp\u00e9riment\u00e9s. Discret &amp; s\u00fbr.<\/p>","protected":false},"featured_media":7271,"comment_status":"open","ping_status":"closed","template":"","meta":{"_joinchat":[]},"product_brand":[],"product_cat":[61],"product_tag":[2964,3047,3055,3057,2975,3060,3058,3056,3059,3040],"class_list":{"0":"post-7228","1":"product","2":"type-product","3":"status-publish","4":"has-post-thumbnail","6":"product_cat-hashish","7":"product_tag-ausgewogene-wirkung","8":"product_tag-cannabis","9":"product_tag-chernobyl-cookies-hash","10":"product_tag-cookies-genetik","11":"product_tag-entspannung","12":"product_tag-geschmacksprofil","13":"product_tag-handgepresst","14":"product_tag-hybrid-haschisch","15":"product_tag-intensives-aroma","16":"product_tag-premium-hasch","18":"first","19":"instock","20":"shipping-taxable","21":"purchasable","22":"product-type-variable"},"yoast_head":"<!-- This site is optimized with the Yoast SEO plugin v26.3 - https:\/\/yoast.com\/wordpress\/plugins\/seo\/ -->\n<title>Chernobyl Cookies Hash Kaufen | Potente Hybrid Sorte | Chemgramx<\/title>\n<meta name=\"description\" content=\"Chernobyl Cookies Hash kaufen - Einzigartige Hybrid-Kreuzung mit intensivem Geschmack. Potente Wirkung, diskret verpackt. Jetzt online bestellen!\" \/>\n<meta name=\"robots\" content=\"noindex, follow, max-snippet:-1, max-image-preview:large, max-video-preview:-1\" \/>\n<meta property=\"og:locale\" content=\"fr_FR\" \/>\n<meta property=\"og:type\" content=\"article\" \/>\n<meta property=\"og:title\" content=\"Chernobyl Cookies Hash Kaufen | Potente Hybrid Sorte | Chemgramx\" \/>\n<meta property=\"og:description\" content=\"Chernobyl Cookies Hash kaufen - Einzigartige Hybrid-Kreuzung mit intensivem Geschmack. Potente Wirkung, diskret verpackt. Jetzt online bestellen!\" \/>\n<meta property=\"og:url\" content=\"https:\/\/chemgramx.com\/fr\/produit\/commande-de-cookies-chernobyl\/\" \/>\n<meta property=\"og:site_name\" content=\"Chemgramx\" \/>\n<meta property=\"article:modified_time\" content=\"2025-11-21T11:15:09+00:00\" \/>\n<meta property=\"og:image\" content=\"https:\/\/chemgramx.com\/wp-content\/uploads\/2025\/11\/chernobyl-cookies-hash.jpg\" \/>\n\t<meta property=\"og:image:width\" content=\"1000\" \/>\n\t<meta property=\"og:image:height\" content=\"1000\" \/>\n\t<meta property=\"og:image:type\" content=\"image\/jpeg\" \/>\n<meta name=\"twitter:card\" content=\"summary_large_image\" \/>\n<meta name=\"twitter:label1\" content=\"Dur\u00e9e de lecture estim\u00e9e\" \/>\n\t<meta name=\"twitter:data1\" content=\"5 minutes\" \/>\n<script type=\"application\/ld+json\" class=\"yoast-schema-graph\">{\"@context\":\"https:\/\/schema.org\",\"@graph\":[{\"@type\":\"WebPage\",\"@id\":\"https:\/\/chemgramx.com\/product\/chernobyl-cookies-bestellung\/\",\"url\":\"https:\/\/chemgramx.com\/product\/chernobyl-cookies-bestellung\/\",\"name\":\"Chernobyl Cookies Hash Kaufen | Potente Hybrid Sorte | Chemgramx\",\"isPartOf\":{\"@id\":\"https:\/\/chemgramx.com\/#website\"},\"primaryImageOfPage\":{\"@id\":\"https:\/\/chemgramx.com\/product\/chernobyl-cookies-bestellung\/#primaryimage\"},\"image\":{\"@id\":\"https:\/\/chemgramx.com\/product\/chernobyl-cookies-bestellung\/#primaryimage\"},\"thumbnailUrl\":\"https:\/\/chemgramx.com\/wp-content\/uploads\/2025\/11\/chernobyl-cookies-hash.jpg\",\"datePublished\":\"2025-11-21T11:13:38+00:00\",\"dateModified\":\"2025-11-21T11:15:09+00:00\",\"description\":\"Chernobyl Cookies Hash kaufen - Einzigartige Hybrid-Kreuzung mit intensivem Geschmack. Potente Wirkung, diskret verpackt. Jetzt online bestellen!\",\"breadcrumb\":{\"@id\":\"https:\/\/chemgramx.com\/product\/chernobyl-cookies-bestellung\/#breadcrumb\"},\"inLanguage\":\"fr-FR\",\"potentialAction\":[{\"@type\":\"ReadAction\",\"target\":[\"https:\/\/chemgramx.com\/product\/chernobyl-cookies-bestellung\/\"]}]},{\"@type\":\"ImageObject\",\"inLanguage\":\"fr-FR\",\"@id\":\"https:\/\/chemgramx.com\/product\/chernobyl-cookies-bestellung\/#primaryimage\",\"url\":\"https:\/\/chemgramx.com\/wp-content\/uploads\/2025\/11\/chernobyl-cookies-hash.jpg\",\"contentUrl\":\"https:\/\/chemgramx.com\/wp-content\/uploads\/2025\/11\/chernobyl-cookies-hash.jpg\",\"width\":1000,\"height\":1000},{\"@type\":\"BreadcrumbList\",\"@id\":\"https:\/\/chemgramx.com\/product\/chernobyl-cookies-bestellung\/#breadcrumb\",\"itemListElement\":[{\"@type\":\"ListItem\",\"position\":1,\"name\":\"Home\",\"item\":\"https:\/\/chemgramx.com\/\"},{\"@type\":\"ListItem\",\"position\":2,\"name\":\"Shop\",\"item\":\"https:\/\/chemgramx.com\/shop\/\"},{\"@type\":\"ListItem\",\"position\":3,\"name\":\"Chernobyl Cookies Bestellung\"}]},{\"@type\":\"WebSite\",\"@id\":\"https:\/\/chemgramx.com\/#website\",\"url\":\"https:\/\/chemgramx.com\/\",\"name\":\"Chemgramx\",\"description\":\"\",\"publisher\":{\"@id\":\"https:\/\/chemgramx.com\/#organization\"},\"potentialAction\":[{\"@type\":\"SearchAction\",\"target\":{\"@type\":\"EntryPoint\",\"urlTemplate\":\"https:\/\/chemgramx.com\/?s={search_term_string}\"},\"query-input\":{\"@type\":\"PropertyValueSpecification\",\"valueRequired\":true,\"valueName\":\"search_term_string\"}}],\"inLanguage\":\"fr-FR\"},{\"@type\":\"Organization\",\"@id\":\"https:\/\/chemgramx.com\/#organization\",\"name\":\"Chemgramx\",\"url\":\"https:\/\/chemgramx.com\/\",\"logo\":{\"@type\":\"ImageObject\",\"inLanguage\":\"fr-FR\",\"@id\":\"https:\/\/chemgramx.com\/#\/schema\/logo\/image\/\",\"url\":\"https:\/\/chemgramx.com\/wp-content\/uploads\/2024\/10\/final-logo.png\",\"contentUrl\":\"https:\/\/chemgramx.com\/wp-content\/uploads\/2024\/10\/final-logo.png\",\"width\":250,\"height\":48,\"caption\":\"Chemgramx\"},\"image\":{\"@id\":\"https:\/\/chemgramx.com\/#\/schema\/logo\/image\/\"}}]}<\/script>\n<!-- \/ Yoast SEO plugin. -->","yoast_head_json":{"title":"Acheter Chernobyl Cookies Hash | Vari\u00e9t\u00e9 hybride puissante | Chemgramx","description":"Acheter Chernobyl Cookies Hash - Croisement hybride unique au go\u00fbt intense. Effet puissant, emballage discret. Commandez en ligne d\u00e8s maintenant !","robots":{"index":"noindex","follow":"follow","max-snippet":"max-snippet:-1","max-image-preview":"max-image-preview:large","max-video-preview":"max-video-preview:-1"},"og_locale":"fr_FR","og_type":"article","og_title":"Chernobyl Cookies Hash Kaufen | Potente Hybrid Sorte | Chemgramx","og_description":"Chernobyl Cookies Hash kaufen - Einzigartige Hybrid-Kreuzung mit intensivem Geschmack. Potente Wirkung, diskret verpackt. Jetzt online bestellen!","og_url":"https:\/\/chemgramx.com\/fr\/produit\/commande-de-cookies-chernobyl\/","og_site_name":"Chemgramx","article_modified_time":"2025-11-21T11:15:09+00:00","og_image":[{"width":1000,"height":1000,"url":"https:\/\/chemgramx.com\/wp-content\/uploads\/2025\/11\/chernobyl-cookies-hash.jpg","type":"image\/jpeg"}],"twitter_card":"summary_large_image","twitter_misc":{"Dur\u00e9e de lecture estim\u00e9e":"5 minutes"},"schema":{"@context":"https:\/\/schema.org","@graph":[{"@type":"WebPage","@id":"https:\/\/chemgramx.com\/product\/chernobyl-cookies-bestellung\/","url":"https:\/\/chemgramx.com\/product\/chernobyl-cookies-bestellung\/","name":"Acheter Chernobyl Cookies Hash | Vari\u00e9t\u00e9 hybride puissante | Chemgramx","isPartOf":{"@id":"https:\/\/chemgramx.com\/#website"},"primaryImageOfPage":{"@id":"https:\/\/chemgramx.com\/product\/chernobyl-cookies-bestellung\/#primaryimage"},"image":{"@id":"https:\/\/chemgramx.com\/product\/chernobyl-cookies-bestellung\/#primaryimage"},"thumbnailUrl":"https:\/\/chemgramx.com\/wp-content\/uploads\/2025\/11\/chernobyl-cookies-hash.jpg","datePublished":"2025-11-21T11:13:38+00:00","dateModified":"2025-11-21T11:15:09+00:00","description":"Acheter Chernobyl Cookies Hash - Croisement hybride unique au go\u00fbt intense. Effet puissant, emballage discret. Commandez en ligne d\u00e8s maintenant !","breadcrumb":{"@id":"https:\/\/chemgramx.com\/product\/chernobyl-cookies-bestellung\/#breadcrumb"},"inLanguage":"fr-FR","potentialAction":[{"@type":"ReadAction","target":["https:\/\/chemgramx.com\/product\/chernobyl-cookies-bestellung\/"]}]},{"@type":"ImageObject","inLanguage":"fr-FR","@id":"https:\/\/chemgramx.com\/product\/chernobyl-cookies-bestellung\/#primaryimage","url":"https:\/\/chemgramx.com\/wp-content\/uploads\/2025\/11\/chernobyl-cookies-hash.jpg","contentUrl":"https:\/\/chemgramx.com\/wp-content\/uploads\/2025\/11\/chernobyl-cookies-hash.jpg","width":1000,"height":1000},{"@type":"BreadcrumbList","@id":"https:\/\/chemgramx.com\/product\/chernobyl-cookies-bestellung\/#breadcrumb","itemListElement":[{"@type":"ListItem","position":1,"name":"Home","item":"https:\/\/chemgramx.com\/"},{"@type":"ListItem","position":2,"name":"Shop","item":"https:\/\/chemgramx.com\/shop\/"},{"@type":"ListItem","position":3,"name":"Chernobyl Cookies Bestellung"}]},{"@type":"WebSite","@id":"https:\/\/chemgramx.com\/#website","url":"https:\/\/chemgramx.com\/","name":"Chemgramx","description":"","publisher":{"@id":"https:\/\/chemgramx.com\/#organization"},"potentialAction":[{"@type":"SearchAction","target":{"@type":"EntryPoint","urlTemplate":"https:\/\/chemgramx.com\/?s={search_term_string}"},"query-input":{"@type":"PropertyValueSpecification","valueRequired":true,"valueName":"search_term_string"}}],"inLanguage":"fr-FR"},{"@type":"Organization","@id":"https:\/\/chemgramx.com\/#organization","name":"Chemgramx","url":"https:\/\/chemgramx.com\/","logo":{"@type":"ImageObject","inLanguage":"fr-FR","@id":"https:\/\/chemgramx.com\/#\/schema\/logo\/image\/","url":"https:\/\/chemgramx.com\/wp-content\/uploads\/2024\/10\/final-logo.png","contentUrl":"https:\/\/chemgramx.com\/wp-content\/uploads\/2024\/10\/final-logo.png","width":250,"height":48,"caption":"Chemgramx"},"image":{"@id":"https:\/\/chemgramx.com\/#\/schema\/logo\/image\/"}}]}},"_links":{"self":[{"href":"https:\/\/chemgramx.com\/fr\/wp-json\/wp\/v2\/product\/7228","targetHints":{"allow":["GET"]}}],"collection":[{"href":"https:\/\/chemgramx.com\/fr\/wp-json\/wp\/v2\/product"}],"about":[{"href":"https:\/\/chemgramx.com\/fr\/wp-json\/wp\/v2\/types\/product"}],"replies":[{"embeddable":true,"href":"https:\/\/chemgramx.com\/fr\/wp-json\/wp\/v2\/comments?post=7228"}],"wp:featuredmedia":[{"embeddable":true,"href":"https:\/\/chemgramx.com\/fr\/wp-json\/wp\/v2\/media\/7271"}],"wp:attachment":[{"href":"https:\/\/chemgramx.com\/fr\/wp-json\/wp\/v2\/media?parent=7228"}],"wp:term":[{"taxonomy":"product_brand","embeddable":true,"href":"https:\/\/chemgramx.com\/fr\/wp-json\/wp\/v2\/product_brand?post=7228"},{"taxonomy":"product_cat","embeddable":true,"href":"https:\/\/chemgramx.com\/fr\/wp-json\/wp\/v2\/product_cat?post=7228"},{"taxonomy":"product_tag","embeddable":true,"href":"https:\/\/chemgramx.com\/fr\/wp-json\/wp\/v2\/product_tag?post=7228"}],"curies":[{"name":"wp","href":"https:\/\/api.w.org\/{rel}","templated":true}]}}