{"id":723,"date":"2024-10-22T09:28:11","date_gmt":"2024-10-22T09:28:11","guid":{"rendered":"https:\/\/chemgramx.com\/?post_type=product&#038;p=723"},"modified":"2025-10-15T11:13:31","modified_gmt":"2025-10-15T11:13:31","slug":"a-pvp-alpha-pyrrolidinovalerophenon","status":"publish","type":"product","link":"https:\/\/chemgramx.com\/fr\/produit\/a-pvp-alpha-pyrrolidinovalerophenon\/","title":{"rendered":"Acheter A-PVP (Alpha-Pyrrolidinovalerophenon) en ligne"},"content":{"rendered":"<h2 data-start=\"110\" data-end=\"162\">A-PVP online kaufen von einer zuverl\u00e4ssigen Forschungsquelle<\/h2>\n<h3 data-start=\"164\" data-end=\"245\">A-PVP (Alpha-Pyrrolidinovalerophenon) online kaufen \u2013 Qualit\u00e4t f\u00fcr Forschung<\/h3>\n<p data-start=\"247\" data-end=\"735\">Wenn Sie A-PVP online kaufen, erhalten Sie laborgepr\u00fcfte Substanzen f\u00fcr wissenschaftliche Studien. A-PVP, auch bekannt als Alpha-Pyrrolidinovalerophenon, ist ein synthetisches Stimulans aus der Familie der Pyrrolidinophenone. Die Substanz wird vor allem in pharmazeutischen und analytischen Studien verwendet, um Wirkmechanismen zu erforschen und potenzielle Anwendungen zu untersuchen. Forscher, die <a href=\"https:\/\/chemgramx.com\/fr\/produit\/a-pvp-alpha-pyrrolidinovalerophenon\/\">A-PVP online kaufen<\/a>, b\u00e9n\u00e9ficiez de la plus grande puret\u00e9 et d'une livraison fiable.<\/p>\n<h3 data-start=\"737\" data-end=\"762\">Qu'est-ce que l'A-PVP exactement ?<\/h3>\n<p data-start=\"764\" data-end=\"1126\"><a href=\"https:\/\/en.wikipedia.org\/wiki\/%CE%91-Pyrrolidinopentiophenone\">A-PVP<\/a> Il poss\u00e8de un puissant effet stimulant sur le syst\u00e8me nerveux central et appartient au groupe des cathinones. Toute personne recherchant de l'A-PVP \u00e0 vendre trouvera une substance optimis\u00e9e pour les exp\u00e9riences en laboratoire et en recherche. Sa structure chimique permet des \u00e9tudes sur les activit\u00e9s des transporteurs de monoamines, les effets pharmacologiques et les analyses toxicologiques.<\/p>\n<h3 data-start=\"1128\" data-end=\"1163\">L'A-PVP est-il l\u00e9gal dans votre pays ?<\/h3>\n<p data-start=\"1165\" data-end=\"1497\">Die Rechtslage f\u00fcr wo kann man A-PVP kaufen variiert weltweit. In Deutschland f\u00e4llt A-PVP unter das Neue-psychoaktive-Stoffe-Gesetz (NpSG) und darf ausschlie\u00dflich f\u00fcr wissenschaftliche Zwecke erworben werden. Vor dem A-PVP bestellen sollten Sie die nationale Gesetzeslage pr\u00fcfen, um einen legalen und sicheren Kauf zu gew\u00e4hrleisten.<\/p>\n<h3 data-start=\"1499\" data-end=\"1538\">Pourquoi les chercheurs ach\u00e8tent de l'A-PVP en ligne<\/h3>\n<p data-start=\"1540\" data-end=\"1621\">Online-Shops bieten zahlreiche Vorteile, wenn Sie A-PVP online kaufen m\u00f6chten:<\/p>\n<ul data-start=\"1623\" data-end=\"1818\">\n<li data-start=\"1623\" data-end=\"1670\">\n<p data-start=\"1625\" data-end=\"1670\">Large disponibilit\u00e9 d'A-PVP \u00e0 la vente<\/p>\n<\/li>\n<li data-start=\"1671\" data-end=\"1723\">\n<p data-start=\"1673\" data-end=\"1723\">Exp\u00e9dition discr\u00e8te et rapide directement au laboratoire<\/p>\n<\/li>\n<li data-start=\"1724\" data-end=\"1768\">\n<p data-start=\"1726\" data-end=\"1768\">Flexibilit\u00e9 dans les quantit\u00e9s et les emballages<\/p>\n<\/li>\n<li data-start=\"1769\" data-end=\"1818\">\n<p data-start=\"1771\" data-end=\"1818\">Acc\u00e8s aux certificats de laboratoire et aux donn\u00e9es d'analyse<\/p>\n<\/li>\n<\/ul>\n<p data-start=\"1820\" data-end=\"1922\">Ces facteurs font de l\u2019achat en ligne une solution efficace et fiable \u00e0 des fins de recherche.<\/p>\n<h3 data-start=\"1924\" data-end=\"1974\">Comment reconna\u00eetre un fournisseur A-PVP r\u00e9put\u00e9<\/h3>\n<p data-start=\"1976\" data-end=\"2045\">Si vous recherchez le meilleur endroit pour acheter de l'A-PVP en ligne, faites attention \u00e0 :<\/p>\n<ul data-start=\"2047\" data-end=\"2290\">\n<li data-start=\"2047\" data-end=\"2098\">\n<p data-start=\"2049\" data-end=\"2098\">Pr\u00e9sence de COA (Certificat d'Analyse)<\/p>\n<\/li>\n<li data-start=\"2099\" data-end=\"2164\">\n<p data-start=\"2101\" data-end=\"2164\">Informations transparentes sur les produits et fiches de donn\u00e9es de s\u00e9curit\u00e9<\/p>\n<\/li>\n<li data-start=\"2165\" data-end=\"2230\">\n<p data-start=\"2167\" data-end=\"2230\">Avis clients positifs et recommandations de recherche<\/p>\n<\/li>\n<li data-start=\"2231\" data-end=\"2290\">\n<p data-start=\"2233\" data-end=\"2290\">Exp\u00e9rience et sp\u00e9cialisation dans les produits chimiques de recherche<\/p>\n<\/li>\n<\/ul>\n<p data-start=\"2292\" data-end=\"2361\">Seuls les fournisseurs \u00e9tablis garantissent des produits s\u00fbrs et d\u2019une grande puret\u00e9.<\/p>\n<h3 data-start=\"2363\" data-end=\"2391\">\u00c9vitez les pi\u00e8ges de la fraude<\/h3>\n<p data-start=\"2393\" data-end=\"2453\">Beim A-PVP online kaufen sollten Sie vorsichtig sein bei:<\/p>\n<ul data-start=\"2455\" data-end=\"2692\">\n<li data-start=\"2455\" data-end=\"2515\">\n<p data-start=\"2457\" data-end=\"2515\">Unrealistisch niedrigen A-PVP-Preis ohne Zertifikate<\/p>\n<\/li>\n<li data-start=\"2516\" data-end=\"2584\">\n<p data-start=\"2518\" data-end=\"2584\">Informations manquantes sur le produit ou descriptions trompeuses<\/p>\n<\/li>\n<li data-start=\"2585\" data-end=\"2635\">\n<p data-start=\"2587\" data-end=\"2635\">Vendeurs sans avis clients v\u00e9rifiables<\/p>\n<\/li>\n<li data-start=\"2636\" data-end=\"2692\">\n<p data-start=\"2638\" data-end=\"2692\">Emballage non professionnel ou exp\u00e9dition dangereuse<\/p>\n<\/li>\n<\/ul>\n<p data-start=\"2694\" data-end=\"2779\">Faites confiance \u00e0 une qualit\u00e9 \u00e9prouv\u00e9e pour obtenir des r\u00e9sultats de recherche fiables.<\/p>\n<h3 data-start=\"3116\" data-end=\"3169\">Description du produit : A-PVP Premium pour la recherche<\/h3>\n<p data-start=\"3171\" data-end=\"3205\">Notre A-PVP \u00e0 vendre propose :<\/p>\n<ul data-start=\"3207\" data-end=\"3394\">\n<li data-start=\"3207\" data-end=\"3243\">\n<p data-start=\"3209\" data-end=\"3243\">Puret\u00e9 sup\u00e9rieure \u00e0 99 %, test\u00e9 en laboratoire<\/p>\n<\/li>\n<li data-start=\"3244\" data-end=\"3293\">\n<p data-start=\"3246\" data-end=\"3293\">Des formats d'emballage flexibles pour vos recherches<\/p>\n<\/li>\n<li data-start=\"3294\" data-end=\"3329\">\n<p data-start=\"3296\" data-end=\"3329\">Livraison discr\u00e8te et rapide<\/p>\n<\/li>\n<li data-start=\"3330\" data-end=\"3394\">\n<p data-start=\"3332\" data-end=\"3394\">Qualit\u00e9 certifi\u00e9e par un fournisseur de confiance<\/p>\n<\/li>\n<\/ul>\n<p data-start=\"3396\" data-end=\"3504\">Achetez A-PVP en ligne maintenant en toute s\u00e9curit\u00e9, l\u00e9galement et facilement aupr\u00e8s d'un fournisseur de produits chimiques de recherche fiable.<\/p>","protected":false},"excerpt":{"rendered":"<p>A-PVP online kaufen von einer zuverl\u00e4ssigen Forschungsquelle A-PVP (Alpha-Pyrrolidinovalerophenon) online kaufen \u2013 Qualit\u00e4t f\u00fcr Forschung Wenn Sie A-PVP&hellip;<\/p>","protected":false},"featured_media":724,"comment_status":"open","ping_status":"closed","template":"","meta":{"_joinchat":[]},"product_brand":[],"product_cat":[48],"product_tag":[2809,2811,2804,2810,2813,2805,2806,2808,2812,2807],"class_list":{"0":"post-723","1":"product","2":"type-product","3":"status-publish","4":"has-post-thumbnail","6":"product_cat-stimulants","7":"product_tag-a-pvp-chemikalien","8":"product_tag-a-pvp-drogen","9":"product_tag-a-pvp-kaufen","10":"product_tag-a-pvp-kaufen-deutschland","11":"product_tag-a-pvp-kaufen-shop","12":"product_tag-a-pvp-kristalle","13":"product_tag-a-pvp-online-kaufen","14":"product_tag-a-pvp-preis","15":"product_tag-a-pvp-prodej","16":"product_tag-alpha-pyrrolidinovalerophenon-kaufen","18":"first","19":"instock","20":"shipping-taxable","21":"purchasable","22":"product-type-variable"},"yoast_head":"<!-- This site is optimized with the Yoast SEO plugin v26.1.1 - https:\/\/yoast.com\/wordpress\/plugins\/seo\/ -->\n<title>A-PVP (Alpha-Pyrrolidinovalerophenon) online Kaufen<\/title>\n<meta name=\"description\" content=\"Sie k\u00f6nnen A-PVP (Alpha-Pyrrolidinovalerophenon) in unserem Chemgramx-Shop kaufen und es sich problemlos bis an die Haust\u00fcr liefern lassen. Wir helfen Ihnen, A-PVP (Alpha-Pyrrolidinovalerophenon) online zu kaufen. Jetzt bestellen!\" \/>\n<meta name=\"robots\" content=\"index, follow, max-snippet:-1, max-image-preview:large, max-video-preview:-1\" \/>\n<link rel=\"canonical\" href=\"https:\/\/chemgramx.com\/fr\/produit\/a-pvp-alpha-pyrrolidinovalerophenon\/\" \/>\n<meta property=\"og:locale\" content=\"fr_FR\" \/>\n<meta property=\"og:type\" content=\"article\" \/>\n<meta property=\"og:title\" content=\"A-PVP (Alpha-Pyrrolidinovalerophenon) online Kaufen\" \/>\n<meta property=\"og:description\" content=\"Sie k\u00f6nnen A-PVP (Alpha-Pyrrolidinovalerophenon) in unserem Chemgramx-Shop kaufen und es sich problemlos bis an die Haust\u00fcr liefern lassen. Wir helfen Ihnen, A-PVP (Alpha-Pyrrolidinovalerophenon) online zu kaufen. Jetzt bestellen!\" \/>\n<meta property=\"og:url\" content=\"https:\/\/chemgramx.com\/fr\/produit\/a-pvp-alpha-pyrrolidinovalerophenon\/\" \/>\n<meta property=\"og:site_name\" content=\"Chemgramx\" \/>\n<meta property=\"article:modified_time\" content=\"2025-10-15T11:13:31+00:00\" \/>\n<meta property=\"og:image\" content=\"https:\/\/chemgramx.com\/wp-content\/uploads\/2024\/10\/A-PVP-kaufen.jpg\" \/>\n\t<meta property=\"og:image:width\" content=\"324\" \/>\n\t<meta property=\"og:image:height\" content=\"324\" \/>\n\t<meta property=\"og:image:type\" content=\"image\/jpeg\" \/>\n<meta name=\"twitter:card\" content=\"summary_large_image\" \/>\n<meta name=\"twitter:label1\" content=\"Dur\u00e9e de lecture estim\u00e9e\" \/>\n\t<meta name=\"twitter:data1\" content=\"2 minutes\" \/>\n<script type=\"application\/ld+json\" class=\"yoast-schema-graph\">{\"@context\":\"https:\/\/schema.org\",\"@graph\":[{\"@type\":\"WebPage\",\"@id\":\"https:\/\/chemgramx.com\/product\/a-pvp-alpha-pyrrolidinovalerophenon\/\",\"url\":\"https:\/\/chemgramx.com\/product\/a-pvp-alpha-pyrrolidinovalerophenon\/\",\"name\":\"A-PVP (Alpha-Pyrrolidinovalerophenon) online Kaufen\",\"isPartOf\":{\"@id\":\"https:\/\/chemgramx.com\/#website\"},\"primaryImageOfPage\":{\"@id\":\"https:\/\/chemgramx.com\/product\/a-pvp-alpha-pyrrolidinovalerophenon\/#primaryimage\"},\"image\":{\"@id\":\"https:\/\/chemgramx.com\/product\/a-pvp-alpha-pyrrolidinovalerophenon\/#primaryimage\"},\"thumbnailUrl\":\"https:\/\/chemgramx.com\/wp-content\/uploads\/2024\/10\/A-PVP-kaufen.jpg\",\"datePublished\":\"2024-10-22T09:28:11+00:00\",\"dateModified\":\"2025-10-15T11:13:31+00:00\",\"description\":\"Sie k\u00f6nnen A-PVP (Alpha-Pyrrolidinovalerophenon) in unserem Chemgramx-Shop kaufen und es sich problemlos bis an die Haust\u00fcr liefern lassen. Wir helfen Ihnen, A-PVP (Alpha-Pyrrolidinovalerophenon) online zu kaufen. Jetzt bestellen!\",\"breadcrumb\":{\"@id\":\"https:\/\/chemgramx.com\/product\/a-pvp-alpha-pyrrolidinovalerophenon\/#breadcrumb\"},\"inLanguage\":\"fr-FR\",\"potentialAction\":[{\"@type\":\"ReadAction\",\"target\":[\"https:\/\/chemgramx.com\/product\/a-pvp-alpha-pyrrolidinovalerophenon\/\"]}]},{\"@type\":\"ImageObject\",\"inLanguage\":\"fr-FR\",\"@id\":\"https:\/\/chemgramx.com\/product\/a-pvp-alpha-pyrrolidinovalerophenon\/#primaryimage\",\"url\":\"https:\/\/chemgramx.com\/wp-content\/uploads\/2024\/10\/A-PVP-kaufen.jpg\",\"contentUrl\":\"https:\/\/chemgramx.com\/wp-content\/uploads\/2024\/10\/A-PVP-kaufen.jpg\",\"width\":324,\"height\":324,\"caption\":\"A-PVP (Alpha-Pyrrolidinovalerophenon) online Kaufen\"},{\"@type\":\"BreadcrumbList\",\"@id\":\"https:\/\/chemgramx.com\/product\/a-pvp-alpha-pyrrolidinovalerophenon\/#breadcrumb\",\"itemListElement\":[{\"@type\":\"ListItem\",\"position\":1,\"name\":\"Home\",\"item\":\"https:\/\/chemgramx.com\/\"},{\"@type\":\"ListItem\",\"position\":2,\"name\":\"Shop\",\"item\":\"https:\/\/chemgramx.com\/shop\/\"},{\"@type\":\"ListItem\",\"position\":3,\"name\":\"A-PVP (Alpha-Pyrrolidinovalerophenon) online kaufen\"}]},{\"@type\":\"WebSite\",\"@id\":\"https:\/\/chemgramx.com\/#website\",\"url\":\"https:\/\/chemgramx.com\/\",\"name\":\"Chemgramx\",\"description\":\"\",\"publisher\":{\"@id\":\"https:\/\/chemgramx.com\/#organization\"},\"potentialAction\":[{\"@type\":\"SearchAction\",\"target\":{\"@type\":\"EntryPoint\",\"urlTemplate\":\"https:\/\/chemgramx.com\/?s={search_term_string}\"},\"query-input\":{\"@type\":\"PropertyValueSpecification\",\"valueRequired\":true,\"valueName\":\"search_term_string\"}}],\"inLanguage\":\"fr-FR\"},{\"@type\":\"Organization\",\"@id\":\"https:\/\/chemgramx.com\/#organization\",\"name\":\"Chemgramx\",\"url\":\"https:\/\/chemgramx.com\/\",\"logo\":{\"@type\":\"ImageObject\",\"inLanguage\":\"fr-FR\",\"@id\":\"https:\/\/chemgramx.com\/#\/schema\/logo\/image\/\",\"url\":\"https:\/\/chemgramx.com\/wp-content\/uploads\/2024\/10\/final-logo.png\",\"contentUrl\":\"https:\/\/chemgramx.com\/wp-content\/uploads\/2024\/10\/final-logo.png\",\"width\":250,\"height\":48,\"caption\":\"Chemgramx\"},\"image\":{\"@id\":\"https:\/\/chemgramx.com\/#\/schema\/logo\/image\/\"}}]}<\/script>\n<!-- \/ Yoast SEO plugin. -->","yoast_head_json":{"title":"A-PVP (Alpha-Pyrrolidinovalerophenon) online Kaufen","description":"Sie k\u00f6nnen A-PVP (Alpha-Pyrrolidinovalerophenon) in unserem Chemgramx-Shop kaufen und es sich problemlos bis an die Haust\u00fcr liefern lassen. Wir helfen Ihnen, A-PVP (Alpha-Pyrrolidinovalerophenon) online zu kaufen. Jetzt bestellen!","robots":{"index":"index","follow":"follow","max-snippet":"max-snippet:-1","max-image-preview":"max-image-preview:large","max-video-preview":"max-video-preview:-1"},"canonical":"https:\/\/chemgramx.com\/fr\/produit\/a-pvp-alpha-pyrrolidinovalerophenon\/","og_locale":"fr_FR","og_type":"article","og_title":"A-PVP (Alpha-Pyrrolidinovalerophenon) online Kaufen","og_description":"Sie k\u00f6nnen A-PVP (Alpha-Pyrrolidinovalerophenon) in unserem Chemgramx-Shop kaufen und es sich problemlos bis an die Haust\u00fcr liefern lassen. Wir helfen Ihnen, A-PVP (Alpha-Pyrrolidinovalerophenon) online zu kaufen. Jetzt bestellen!","og_url":"https:\/\/chemgramx.com\/fr\/produit\/a-pvp-alpha-pyrrolidinovalerophenon\/","og_site_name":"Chemgramx","article_modified_time":"2025-10-15T11:13:31+00:00","og_image":[{"width":324,"height":324,"url":"https:\/\/chemgramx.com\/wp-content\/uploads\/2024\/10\/A-PVP-kaufen.jpg","type":"image\/jpeg"}],"twitter_card":"summary_large_image","twitter_misc":{"Dur\u00e9e de lecture estim\u00e9e":"2 minutes"},"schema":{"@context":"https:\/\/schema.org","@graph":[{"@type":"WebPage","@id":"https:\/\/chemgramx.com\/product\/a-pvp-alpha-pyrrolidinovalerophenon\/","url":"https:\/\/chemgramx.com\/product\/a-pvp-alpha-pyrrolidinovalerophenon\/","name":"A-PVP (Alpha-Pyrrolidinovalerophenon) online Kaufen","isPartOf":{"@id":"https:\/\/chemgramx.com\/#website"},"primaryImageOfPage":{"@id":"https:\/\/chemgramx.com\/product\/a-pvp-alpha-pyrrolidinovalerophenon\/#primaryimage"},"image":{"@id":"https:\/\/chemgramx.com\/product\/a-pvp-alpha-pyrrolidinovalerophenon\/#primaryimage"},"thumbnailUrl":"https:\/\/chemgramx.com\/wp-content\/uploads\/2024\/10\/A-PVP-kaufen.jpg","datePublished":"2024-10-22T09:28:11+00:00","dateModified":"2025-10-15T11:13:31+00:00","description":"Sie k\u00f6nnen A-PVP (Alpha-Pyrrolidinovalerophenon) in unserem Chemgramx-Shop kaufen und es sich problemlos bis an die Haust\u00fcr liefern lassen. Wir helfen Ihnen, A-PVP (Alpha-Pyrrolidinovalerophenon) online zu kaufen. Jetzt bestellen!","breadcrumb":{"@id":"https:\/\/chemgramx.com\/product\/a-pvp-alpha-pyrrolidinovalerophenon\/#breadcrumb"},"inLanguage":"fr-FR","potentialAction":[{"@type":"ReadAction","target":["https:\/\/chemgramx.com\/product\/a-pvp-alpha-pyrrolidinovalerophenon\/"]}]},{"@type":"ImageObject","inLanguage":"fr-FR","@id":"https:\/\/chemgramx.com\/product\/a-pvp-alpha-pyrrolidinovalerophenon\/#primaryimage","url":"https:\/\/chemgramx.com\/wp-content\/uploads\/2024\/10\/A-PVP-kaufen.jpg","contentUrl":"https:\/\/chemgramx.com\/wp-content\/uploads\/2024\/10\/A-PVP-kaufen.jpg","width":324,"height":324,"caption":"A-PVP (Alpha-Pyrrolidinovalerophenon) online Kaufen"},{"@type":"BreadcrumbList","@id":"https:\/\/chemgramx.com\/product\/a-pvp-alpha-pyrrolidinovalerophenon\/#breadcrumb","itemListElement":[{"@type":"ListItem","position":1,"name":"Home","item":"https:\/\/chemgramx.com\/"},{"@type":"ListItem","position":2,"name":"Shop","item":"https:\/\/chemgramx.com\/shop\/"},{"@type":"ListItem","position":3,"name":"A-PVP (Alpha-Pyrrolidinovalerophenon) online kaufen"}]},{"@type":"WebSite","@id":"https:\/\/chemgramx.com\/#website","url":"https:\/\/chemgramx.com\/","name":"Chemgramx","description":"","publisher":{"@id":"https:\/\/chemgramx.com\/#organization"},"potentialAction":[{"@type":"SearchAction","target":{"@type":"EntryPoint","urlTemplate":"https:\/\/chemgramx.com\/?s={search_term_string}"},"query-input":{"@type":"PropertyValueSpecification","valueRequired":true,"valueName":"search_term_string"}}],"inLanguage":"fr-FR"},{"@type":"Organization","@id":"https:\/\/chemgramx.com\/#organization","name":"Chemgramx","url":"https:\/\/chemgramx.com\/","logo":{"@type":"ImageObject","inLanguage":"fr-FR","@id":"https:\/\/chemgramx.com\/#\/schema\/logo\/image\/","url":"https:\/\/chemgramx.com\/wp-content\/uploads\/2024\/10\/final-logo.png","contentUrl":"https:\/\/chemgramx.com\/wp-content\/uploads\/2024\/10\/final-logo.png","width":250,"height":48,"caption":"Chemgramx"},"image":{"@id":"https:\/\/chemgramx.com\/#\/schema\/logo\/image\/"}}]}},"_links":{"self":[{"href":"https:\/\/chemgramx.com\/fr\/wp-json\/wp\/v2\/product\/723","targetHints":{"allow":["GET"]}}],"collection":[{"href":"https:\/\/chemgramx.com\/fr\/wp-json\/wp\/v2\/product"}],"about":[{"href":"https:\/\/chemgramx.com\/fr\/wp-json\/wp\/v2\/types\/product"}],"replies":[{"embeddable":true,"href":"https:\/\/chemgramx.com\/fr\/wp-json\/wp\/v2\/comments?post=723"}],"wp:featuredmedia":[{"embeddable":true,"href":"https:\/\/chemgramx.com\/fr\/wp-json\/wp\/v2\/media\/724"}],"wp:attachment":[{"href":"https:\/\/chemgramx.com\/fr\/wp-json\/wp\/v2\/media?parent=723"}],"wp:term":[{"taxonomy":"product_brand","embeddable":true,"href":"https:\/\/chemgramx.com\/fr\/wp-json\/wp\/v2\/product_brand?post=723"},{"taxonomy":"product_cat","embeddable":true,"href":"https:\/\/chemgramx.com\/fr\/wp-json\/wp\/v2\/product_cat?post=723"},{"taxonomy":"product_tag","embeddable":true,"href":"https:\/\/chemgramx.com\/fr\/wp-json\/wp\/v2\/product_tag?post=723"}],"curies":[{"name":"wp","href":"https:\/\/api.w.org\/{rel}","templated":true}]}}