{"id":7230,"date":"2025-11-21T11:13:38","date_gmt":"2025-11-21T11:13:38","guid":{"rendered":"https:\/\/chemgramx.com\/?post_type=product&#038;p=7230"},"modified":"2025-11-21T11:15:09","modified_gmt":"2025-11-21T11:15:09","slug":"diplomat-hash-commande-en-ligne","status":"publish","type":"product","link":"https:\/\/chemgramx.com\/fr\/produit\/diplomat-hash-commande-en-ligne\/","title":{"rendered":"Commande en ligne de Diplomat Hash"},"content":{"rendered":"<p>D\u00e9couvrir <b>Hash diplomatique<\/b>, le haschisch haut de gamme qui, en mati\u00e8re de <b>qualit\u00e9 exceptionnelle<\/b> et <b>profil d'action \u00e9quilibr\u00e9<\/b> pose de nouveaux jalons. Sp\u00e9cialement con\u00e7u pour les connaisseurs exigeants qui attachent la plus grande importance aux normes de puret\u00e9, <b>ar\u00f4me intense<\/b> et une exp\u00e9rience incomparable. Diplomat Hash incarne la synth\u00e8se parfaite entre l'artisanat traditionnel et le contr\u00f4le de qualit\u00e9 moderne. C'est le premier choix pour tous ceux qui souhaitent <b>Produit original<\/b> et n'utiliser que la <b>la meilleure qualit\u00e9<\/b> sont satisfaits.<\/p>\n<p><b>Commandez d\u00e8s maintenant et profitez de nos offres sp\u00e9ciales attrayantes. Nous vous garantissons une commande anonyme et une livraison discr\u00e8te directement \u00e0 votre domicile.<\/b><\/p>\n<h2>\u00a0Origine et fabrication : le secret de la qualit\u00e9<\/h2>\n<p>Le caract\u00e8re unique de Diplomat Hash commence par la <b>Origine<\/b> et le soin apport\u00e9 <b>Proc\u00e9d\u00e9s de fabrication<\/b>. Il s'agit d'un produit profond\u00e9ment enracin\u00e9 dans la tradition, mais perfectionn\u00e9 par les normes les plus modernes.<\/p>\n<h3>L'artisanat traditionnel rencontre les normes modernes<\/h3>\n<p>Diplomat Hash est cr\u00e9\u00e9 en utilisant <b>des m\u00e9thodes de fabrication traditionnelles<\/b> qui ont \u00e9t\u00e9 affin\u00e9es au fil des g\u00e9n\u00e9rations. Seules les meilleures mati\u00e8res premi\u00e8res, issues de r\u00e9gions s\u00e9lectionn\u00e9es, sont utilis\u00e9es pour la production. Ce soin artisanal garantit la <b>consistance uniforme<\/b> et l'ar\u00f4me profond et riche que les connaisseurs appr\u00e9cient tant.<\/p>\n<h3>Fabrication propre et normes de puret\u00e9<\/h3>\n<p>Notre engagement \u00e0 <b>100% Qualit\u00e9<\/b> signifie que la fabrication sous <b>des contr\u00f4les de qualit\u00e9 tr\u00e8s stricts<\/b> est effectu\u00e9e. Nous utilisons des proc\u00e9d\u00e9s propres afin d'exclure toute impuret\u00e9. Chaque lot est soigneusement contr\u00f4l\u00e9, ce qui garantit la grande puret\u00e9 et la <b>qualit\u00e9 constante des lots<\/b> de l'eau et de la nourriture. Vous obtenez un produit hautement concentr\u00e9, exempt d'additifs ind\u00e9sirables.<\/p>\n<h3>L'importance du choix des mati\u00e8res premi\u00e8res<\/h3>\n<p>Les Diplomat Hash sont des plantes sp\u00e9cifiquement s\u00e9lectionn\u00e9es. La s\u00e9lection des mati\u00e8res premi\u00e8res se fait selon des crit\u00e8res stricts de puissance, de profil aromatique et de puret\u00e9. Ce n'est qu'ainsi que le <b>original<\/b> et intense qui caract\u00e9rise Diplomat Hash.<\/p>\n<h2>D\u00e9tails du produit En bref : Sensorialit\u00e9 et consistance<\/h2>\n<p>Le profil visuel, olfactif et tactile de Diplomat Hash est caract\u00e9ristique de son <b>Production premium<\/b> et le distingue des produits de qualit\u00e9 inf\u00e9rieure.<\/p>\n<h3>Propri\u00e9t\u00e9s visuelles et tactiles<\/h3>\n<ul>\n<li><b>Type<\/b> Haschisch traditionnel de haute qualit\u00e9.<\/li>\n<li><b>couleur :<\/b> Profond <b>Marron fonc\u00e9<\/b> avec de subtiles <b>reflets dor\u00e9s<\/b> sur les surfaces de coupe, un indicateur de qualit\u00e9 et de puret\u00e9 sup\u00e9rieures.<\/li>\n<li><b>Consistance :<\/b> <b>Ferme, mais souple<\/b> et facile \u00e0 p\u00e9trir \u00e0 temp\u00e9rature ambiante. Parfait pour un portionnement et une pr\u00e9paration faciles.<\/li>\n<li><b>Texture :<\/b> <b>R\u00e9gulier et homog\u00e8ne<\/b>, sans corps \u00e9trangers ni grosses particules.<\/li>\n<li><b>Manipulation :<\/b> Facile \u00e0 portionner, conserve sa structure id\u00e9ale si elle est conserv\u00e9e correctement.<\/li>\n<\/ul>\n<h3>Profil sensoriel intensif<\/h3>\n<p>L'ar\u00f4me et le go\u00fbt du Diplomat Hash sont complexes et cors\u00e9s, ce qui en fait le <b>Qualit\u00e9 de marque<\/b>-L'exp\u00e9rience de l'apprentissage de la langue est une exp\u00e9rience unique.<\/p>\n<ul>\n<li><b>Ar\u00f4me :<\/b> Intensif <b>\u00e9pic\u00e9<\/b> avec des profondeurs <b>terreux<\/b> et chauds <a href=\"https:\/\/chemgramx.com\/fr\/produit\/death-star-hash-online\/\"><b>nuances bois\u00e9es<\/b><\/a>. Un parfum qui r\u00e9v\u00e8le imm\u00e9diatement son exclusivit\u00e9.<\/li>\n<li><b>Le go\u00fbt :<\/b> <b>Cors\u00e9<\/b> et complexe en bouche, avec un go\u00fbt caract\u00e9ristique, l\u00e9g\u00e8rement <b>finale douce\u00e2tre<\/b>, Le go\u00fbt est tr\u00e8s agr\u00e9able et dure longtemps.<\/li>\n<li><b>comportement tabagique :<\/b> <b>Doux et agr\u00e9able<\/b> pour les voies respiratoires.<\/li>\n<li><b>Incin\u00e9ration :<\/b> <b>Uniforme et propre<\/b>, Le nom de l'entreprise est \"BIO\", ce qui indique une grande puret\u00e9 et l'absence d'additifs chimiques.<\/li>\n<\/ul>\n<h2>\u00a0Profil d'action et utilisation : Un \u00e9quilibre pour chaque occasion<\/h2>\n<p>Le profil d'action de Diplomat Hash est <b>\u00e9quilibr\u00e9 et polyvalent<\/b>, Le caf\u00e9 est id\u00e9al pour les amateurs avertis qui recherchent une exp\u00e9rience durable et contr\u00f4l\u00e9e.<\/p>\n<h3>Propri\u00e9t\u00e9s d'action<\/h3>\n<ul>\n<li><b>effet :<\/b> <b>\u00c9quilibr\u00e9<\/b> et polyvalent. Offre \u00e0 la fois une approche approfondie <b>D\u00e9tente<\/b> qu'un focus clair, selon le dosage.<\/li>\n<li><b>D\u00e9but de l'effet :<\/b> <b>Doux et graduel<\/b>, Pas d'effet soudain ou \u00e9crasant.<\/li>\n<li><b>Dur\u00e9e d'action :<\/b> <b>Durable<\/b> (typiquement 2-4 heures), ce qui le rend particuli\u00e8rement \u00e9conomique.<\/li>\n<li><b>Domaine d'application :<\/b> Id\u00e9al pour les soir\u00e9es gourmandes, les projets cr\u00e9atifs ou simplement pour se d\u00e9tendre profond\u00e9ment apr\u00e8s une journ\u00e9e fatigante.<\/li>\n<\/ul>\n<h3>M\u00e9thodes de consommation optimales<\/h3>\n<p>Gr\u00e2ce \u00e0 la <b>une consistance uniforme<\/b> Diplomat Hash est adapt\u00e9 \u00e0 diff\u00e9rentes pr\u00e9f\u00e9rences de consommation :<\/p>\n<ol start=\"1\">\n<li><b>Traditionnellement en joint\/plomb :<\/b> La texture ferme mais souple assure une <b>miscibilit\u00e9 parfaite<\/b> avec d'autres herbes et une combustion lente et r\u00e9guli\u00e8re.<\/li>\n<li><b>Dans le sifflet :<\/b> Pour une <b>direct et intensif<\/b> effet et l'exp\u00e9rience aromatique compl\u00e8te.<\/li>\n<li><b>Avec vaporisateur (\u00e9vaporation) :<\/b> \u00c0 la bonne temp\u00e9rature, l'\u00e9vaporation assure une <b>et savoureux.<\/b> Consommation au cours de laquelle le profil terp\u00e9nique complet est lib\u00e9r\u00e9.<\/li>\n<li><b>Dans le bang :<\/b> Pour une <b>clair et rapide<\/b> effet particuli\u00e8rement efficace \u00e0 faible dose.<\/li>\n<\/ol>\n<h2>\u00a0Service et commande : discr\u00e9tion et envoi express<\/h2>\n<p>Nous attachons une grande importance \u00e0 votre satisfaction et \u00e0 la s\u00e9curit\u00e9 de vos achats. Notre service est bas\u00e9 sur <b>une discr\u00e9tion maximale<\/b> et <b>traitement rapide<\/b> a \u00e9t\u00e9 con\u00e7u.<\/p>\n<h3>Discr\u00e9tion et anonymat maximum<\/h3>\n<ul>\n<li><b>Emballage neutre :<\/b> Votre produit est pr\u00e9sent\u00e9 dans un emballage discret, <b>emballage neutre<\/b> qui ne permet pas d'en conna\u00eetre le contenu (<b>Livr\u00e9 discr\u00e8tement<\/b>).<\/li>\n<li><b>Commande anonyme :<\/b> Vos donn\u00e9es sont trait\u00e9es de mani\u00e8re strictement confidentielle. Nous offrons <b>Paiement avec Bitcoin<\/b> pour un maximum de <b>Anonymat<\/b> et la s\u00e9curit\u00e9.<\/li>\n<li><b>Traitement s\u00e9curis\u00e9 des paiements :<\/b> Toutes les transactions sont effectu\u00e9es via des canaux s\u00e9curis\u00e9s. <b>Acheter en toute s\u00e9curit\u00e9<\/b> est notre promesse.<\/li>\n<\/ul>\n<h3>Livraison rapide dans la r\u00e9gion DACH<\/h3>\n<ul>\n<li><b>Envoi express :<\/b> Nous envoyons toutes les commandes avec <b>Envoi express<\/b>, Vous recevrez ainsi votre Diplomat Hash le plus rapidement possible.<\/li>\n<li><b>Envoi en Allemagne sans probl\u00e8me :<\/b> Livraison fiable et rapide dans toutes les r\u00e9gions.<\/li>\n<li><b>Envoi en Suisse sans probl\u00e8me :<\/b> Nous nous chargeons du bon d\u00e9roulement de la proc\u00e9dure.<\/li>\n<li><b>Exp\u00e9dition vers l'Autriche sans probl\u00e8me :<\/b> Livraison rapide dans toute la R\u00e9publique alpine.<\/li>\n<\/ul>\n<h3>Processus de commande simple<\/h3>\n<ol start=\"1\">\n<li><b>S\u00e9lectionner la quantit\u00e9 :<\/b> D\u00e9terminez la taille souhait\u00e9e (<b>1g, 2g, 5g ou 10g<\/b>). Nous vous offrons la possibilit\u00e9, <b>acheter \u00e0 bas prix<\/b> de pouvoir, en particulier pour les grandes quantit\u00e9s.<\/li>\n<li><b>Ajouter au panier :<\/b> Ajoutez les produits.<\/li>\n<li><b>Payer :<\/b> Choisissez celle que vous pr\u00e9f\u00e9rez, <b>transactions s\u00e9curis\u00e9es<\/b>-m\u00e9thode.<\/li>\n<li><b>Livraison :<\/b> Le site <b>livr\u00e9s discr\u00e8tement<\/b> La marchandise arrive g\u00e9n\u00e9ralement chez vous dans un d\u00e9lai de 1 \u00e0 3 jours ouvrables.<\/li>\n<\/ol>\n<h2>\u00a0Stockage Et Fra\u00eecheur : comment garder votre Diplomat Hash parfait<\/h2>\n<p>Afin de <b>100% Qualit\u00e9<\/b> et de conserver son ar\u00f4me unique \u00e0 long terme, il est essentiel de le stocker correctement.<\/p>\n<h3>Conditions optimales<\/h3>\n<ul>\n<li><b>temp\u00e9rature :<\/b> L'id\u00e9al est d'avoir des temp\u00e9ratures fra\u00eeches, entre <b>16\u00b0C et 20\u00b0C<\/b>. \u00c9vitez la chaleur extr\u00eame.<\/li>\n<li><b>Humidit\u00e9 de l'air :<\/b> Une humidit\u00e9 relative de l'air de <b>55-62%<\/b> est optimale pour pr\u00e9venir le dess\u00e8chement ou la formation de moisissures.<\/li>\n<li><b>R\u00e9cipient :<\/b> Utilisez pour <b>conservation herm\u00e9tique<\/b> de pr\u00e9f\u00e9rence un r\u00e9cipient en verre ou en m\u00e9tal avec un couvercle qui ferme bien.<\/li>\n<li><b>Protection contre la lumi\u00e8re :<\/b> Prot\u00e9ger le produit contre <b>\u00e0 la lumi\u00e8re directe du soleil<\/b>, Il est pr\u00e9f\u00e9rable d'utiliser des produits de qualit\u00e9, car les UV r\u00e9duisent la qualit\u00e9 et le spectre d'efficacit\u00e9.<\/li>\n<\/ul>\n<h3>Durabilit\u00e9<\/h3>\n<p>Lorsqu'il est stock\u00e9 correctement, Diplomat Hash a une <b>Dur\u00e9e de conservation minimale de 6 \u00e0 12 mois<\/b> et conserve sa fra\u00eecheur et sa puissance pendant cette p\u00e9riode.<\/p>\n<h2>Pourquoi vous devriez commander chez nous : Notre promesse de qualit\u00e9<\/h2>\n<p>Nous sommes votre partenaire de confiance pour l'achat de hash de qualit\u00e9. Notre succ\u00e8s repose sur trois piliers :<\/p>\n<ol start=\"1\">\n<li><b>Les normes de qualit\u00e9 les plus \u00e9lev\u00e9es :<\/b> Nous garantissons <b>100% Qualit\u00e9<\/b> et ne proposent que <b>Produits originaux<\/b> qui sont fabriqu\u00e9s dans les conditions les plus strictes. <b>Qualit\u00e9 de marque disponible uniquement ici !<\/b><\/li>\n<li><b>Discr\u00e9tion garantie :<\/b> De la <b>commande anonyme<\/b> jusqu'\u00e0 la <b>livr\u00e9 discr\u00e8tement<\/b> Marchandise - Votre vie priv\u00e9e est notre priorit\u00e9. <b>Commander 100% en toute s\u00e9curit\u00e9 - anonymement.<\/b><\/li>\n<li><b>Service \u00e0 la client\u00e8le et exp\u00e9rience :<\/b> Forts d'une longue exp\u00e9rience dans l'exp\u00e9dition vers la r\u00e9gion DACH, nous assurons un d\u00e9roulement sans faille et <b>des clients satisfaits<\/b>.<\/li>\n<\/ol>\n<h2>Conclusion : D\u00e9couvrez l'exclusivit\u00e9<\/h2>\n<p>Diplomat Hash offre une exp\u00e9rience gustative unique combin\u00e9e \u00e0 un effet \u00e9quilibr\u00e9 et durable. Il est parfait pour tous ceux qui recherchent quelque chose de sp\u00e9cial et qui attachent de l'importance aux normes les plus \u00e9lev\u00e9es.<\/p>\n<p><b>Commandez maintenant Diplomat Hash en ligne et voyez par vous-m\u00eame !<\/b> Profitez de l'occasion pour <b>Produit original<\/b> vers le site <b>meilleur prix<\/b> sur <b>acheter directement<\/b>.<\/p>","protected":false},"excerpt":{"rendered":"<p>Acheter du Diplomat Hash en ligne : Une vari\u00e9t\u00e9 de haschisch exclusive d'une qualit\u00e9 exceptionnelle et d'un profil d'action \u00e9quilibr\u00e9. Parfait pour les amateurs qui attachent de l'importance \u00e0 une puret\u00e9 maximale et \u00e0 un ar\u00f4me intense. Discret et s\u00fbr.<\/p>","protected":false},"featured_media":7273,"comment_status":"open","ping_status":"closed","template":"","meta":{"_joinchat":[]},"product_brand":[],"product_cat":[61],"product_tag":[2964,3047,3049,2965,3051,3054,3052,3050,3043,3053],"class_list":{"0":"post-7230","1":"product","2":"type-product","3":"status-publish","4":"has-post-thumbnail","6":"product_cat-hashish","7":"product_tag-ausgewogene-wirkung","8":"product_tag-cannabis","9":"product_tag-diplomat-hash","10":"product_tag-entspannend","11":"product_tag-exklusiv","12":"product_tag-genuss","13":"product_tag-hochwertig","14":"product_tag-premium-haschisch","15":"product_tag-traditionell","16":"product_tag-wuerzig","18":"first","19":"instock","20":"shipping-taxable","21":"purchasable","22":"product-type-variable"},"yoast_head":"<!-- This site is optimized with the Yoast SEO plugin v26.3 - https:\/\/yoast.com\/wordpress\/plugins\/seo\/ -->\n<title>Diplomat Hash Online Kaufen | Premium Qualit\u00e4t | Diskret &amp; Sicher<\/title>\n<meta name=\"description\" content=\"Diplomat Hash online kaufen - Exklusive Haschischsorte mit diplomatischer Qualit\u00e4t. Diskret verpackt, schneller Versand. Jetzt Premium-Hasch entdecken!\" \/>\n<meta name=\"robots\" content=\"noindex, follow, max-snippet:-1, max-image-preview:large, max-video-preview:-1\" \/>\n<meta property=\"og:locale\" content=\"fr_FR\" \/>\n<meta property=\"og:type\" content=\"article\" \/>\n<meta property=\"og:title\" content=\"Diplomat Hash Online Kaufen | Premium Qualit\u00e4t | Diskret &amp; Sicher\" \/>\n<meta property=\"og:description\" content=\"Diplomat Hash online kaufen - Exklusive Haschischsorte mit diplomatischer Qualit\u00e4t. Diskret verpackt, schneller Versand. Jetzt Premium-Hasch entdecken!\" \/>\n<meta property=\"og:url\" content=\"https:\/\/chemgramx.com\/fr\/produit\/diplomat-hash-commande-en-ligne\/\" \/>\n<meta property=\"og:site_name\" content=\"Chemgramx\" \/>\n<meta property=\"article:modified_time\" content=\"2025-11-21T11:15:09+00:00\" \/>\n<meta property=\"og:image\" content=\"https:\/\/chemgramx.com\/wp-content\/uploads\/2025\/11\/diplomat-hash-online.jpg\" \/>\n\t<meta property=\"og:image:width\" content=\"1000\" \/>\n\t<meta property=\"og:image:height\" content=\"1000\" \/>\n\t<meta property=\"og:image:type\" content=\"image\/jpeg\" \/>\n<meta name=\"twitter:card\" content=\"summary_large_image\" \/>\n<meta name=\"twitter:label1\" content=\"Dur\u00e9e de lecture estim\u00e9e\" \/>\n\t<meta name=\"twitter:data1\" content=\"5 minutes\" \/>\n<script type=\"application\/ld+json\" class=\"yoast-schema-graph\">{\"@context\":\"https:\/\/schema.org\",\"@graph\":[{\"@type\":\"WebPage\",\"@id\":\"https:\/\/chemgramx.com\/product\/diplomat-hash-online-bestellung\/\",\"url\":\"https:\/\/chemgramx.com\/product\/diplomat-hash-online-bestellung\/\",\"name\":\"Diplomat Hash Online Kaufen | Premium Qualit\u00e4t | Diskret &amp; Sicher\",\"isPartOf\":{\"@id\":\"https:\/\/chemgramx.com\/#website\"},\"primaryImageOfPage\":{\"@id\":\"https:\/\/chemgramx.com\/product\/diplomat-hash-online-bestellung\/#primaryimage\"},\"image\":{\"@id\":\"https:\/\/chemgramx.com\/product\/diplomat-hash-online-bestellung\/#primaryimage\"},\"thumbnailUrl\":\"https:\/\/chemgramx.com\/wp-content\/uploads\/2025\/11\/diplomat-hash-online.jpg\",\"datePublished\":\"2025-11-21T11:13:38+00:00\",\"dateModified\":\"2025-11-21T11:15:09+00:00\",\"description\":\"Diplomat Hash online kaufen - Exklusive Haschischsorte mit diplomatischer Qualit\u00e4t. Diskret verpackt, schneller Versand. Jetzt Premium-Hasch entdecken!\",\"breadcrumb\":{\"@id\":\"https:\/\/chemgramx.com\/product\/diplomat-hash-online-bestellung\/#breadcrumb\"},\"inLanguage\":\"fr-FR\",\"potentialAction\":[{\"@type\":\"ReadAction\",\"target\":[\"https:\/\/chemgramx.com\/product\/diplomat-hash-online-bestellung\/\"]}]},{\"@type\":\"ImageObject\",\"inLanguage\":\"fr-FR\",\"@id\":\"https:\/\/chemgramx.com\/product\/diplomat-hash-online-bestellung\/#primaryimage\",\"url\":\"https:\/\/chemgramx.com\/wp-content\/uploads\/2025\/11\/diplomat-hash-online.jpg\",\"contentUrl\":\"https:\/\/chemgramx.com\/wp-content\/uploads\/2025\/11\/diplomat-hash-online.jpg\",\"width\":1000,\"height\":1000},{\"@type\":\"BreadcrumbList\",\"@id\":\"https:\/\/chemgramx.com\/product\/diplomat-hash-online-bestellung\/#breadcrumb\",\"itemListElement\":[{\"@type\":\"ListItem\",\"position\":1,\"name\":\"Home\",\"item\":\"https:\/\/chemgramx.com\/\"},{\"@type\":\"ListItem\",\"position\":2,\"name\":\"Shop\",\"item\":\"https:\/\/chemgramx.com\/shop\/\"},{\"@type\":\"ListItem\",\"position\":3,\"name\":\"Diplomat Hash Online Bestellung\"}]},{\"@type\":\"WebSite\",\"@id\":\"https:\/\/chemgramx.com\/#website\",\"url\":\"https:\/\/chemgramx.com\/\",\"name\":\"Chemgramx\",\"description\":\"\",\"publisher\":{\"@id\":\"https:\/\/chemgramx.com\/#organization\"},\"potentialAction\":[{\"@type\":\"SearchAction\",\"target\":{\"@type\":\"EntryPoint\",\"urlTemplate\":\"https:\/\/chemgramx.com\/?s={search_term_string}\"},\"query-input\":{\"@type\":\"PropertyValueSpecification\",\"valueRequired\":true,\"valueName\":\"search_term_string\"}}],\"inLanguage\":\"fr-FR\"},{\"@type\":\"Organization\",\"@id\":\"https:\/\/chemgramx.com\/#organization\",\"name\":\"Chemgramx\",\"url\":\"https:\/\/chemgramx.com\/\",\"logo\":{\"@type\":\"ImageObject\",\"inLanguage\":\"fr-FR\",\"@id\":\"https:\/\/chemgramx.com\/#\/schema\/logo\/image\/\",\"url\":\"https:\/\/chemgramx.com\/wp-content\/uploads\/2024\/10\/final-logo.png\",\"contentUrl\":\"https:\/\/chemgramx.com\/wp-content\/uploads\/2024\/10\/final-logo.png\",\"width\":250,\"height\":48,\"caption\":\"Chemgramx\"},\"image\":{\"@id\":\"https:\/\/chemgramx.com\/#\/schema\/logo\/image\/\"}}]}<\/script>\n<!-- \/ Yoast SEO plugin. -->","yoast_head_json":{"title":"Diplomat Hash Acheter en ligne | Qualit\u00e9 Premium | Discret &amp; S\u00fbr","description":"Acheter Diplomat Hash en ligne - Haschisch exclusif de qualit\u00e9 diplomatique. Emballage discret, livraison rapide. D\u00e9couvrez maintenant le haschisch premium !","robots":{"index":"noindex","follow":"follow","max-snippet":"max-snippet:-1","max-image-preview":"max-image-preview:large","max-video-preview":"max-video-preview:-1"},"og_locale":"fr_FR","og_type":"article","og_title":"Diplomat Hash Online Kaufen | Premium Qualit\u00e4t | Diskret &amp; Sicher","og_description":"Diplomat Hash online kaufen - Exklusive Haschischsorte mit diplomatischer Qualit\u00e4t. Diskret verpackt, schneller Versand. Jetzt Premium-Hasch entdecken!","og_url":"https:\/\/chemgramx.com\/fr\/produit\/diplomat-hash-commande-en-ligne\/","og_site_name":"Chemgramx","article_modified_time":"2025-11-21T11:15:09+00:00","og_image":[{"width":1000,"height":1000,"url":"https:\/\/chemgramx.com\/wp-content\/uploads\/2025\/11\/diplomat-hash-online.jpg","type":"image\/jpeg"}],"twitter_card":"summary_large_image","twitter_misc":{"Dur\u00e9e de lecture estim\u00e9e":"5 minutes"},"schema":{"@context":"https:\/\/schema.org","@graph":[{"@type":"WebPage","@id":"https:\/\/chemgramx.com\/product\/diplomat-hash-online-bestellung\/","url":"https:\/\/chemgramx.com\/product\/diplomat-hash-online-bestellung\/","name":"Diplomat Hash Acheter en ligne | Qualit\u00e9 Premium | Discret &amp; S\u00fbr","isPartOf":{"@id":"https:\/\/chemgramx.com\/#website"},"primaryImageOfPage":{"@id":"https:\/\/chemgramx.com\/product\/diplomat-hash-online-bestellung\/#primaryimage"},"image":{"@id":"https:\/\/chemgramx.com\/product\/diplomat-hash-online-bestellung\/#primaryimage"},"thumbnailUrl":"https:\/\/chemgramx.com\/wp-content\/uploads\/2025\/11\/diplomat-hash-online.jpg","datePublished":"2025-11-21T11:13:38+00:00","dateModified":"2025-11-21T11:15:09+00:00","description":"Acheter Diplomat Hash en ligne - Haschisch exclusif de qualit\u00e9 diplomatique. Emballage discret, livraison rapide. D\u00e9couvrez maintenant le haschisch premium !","breadcrumb":{"@id":"https:\/\/chemgramx.com\/product\/diplomat-hash-online-bestellung\/#breadcrumb"},"inLanguage":"fr-FR","potentialAction":[{"@type":"ReadAction","target":["https:\/\/chemgramx.com\/product\/diplomat-hash-online-bestellung\/"]}]},{"@type":"ImageObject","inLanguage":"fr-FR","@id":"https:\/\/chemgramx.com\/product\/diplomat-hash-online-bestellung\/#primaryimage","url":"https:\/\/chemgramx.com\/wp-content\/uploads\/2025\/11\/diplomat-hash-online.jpg","contentUrl":"https:\/\/chemgramx.com\/wp-content\/uploads\/2025\/11\/diplomat-hash-online.jpg","width":1000,"height":1000},{"@type":"BreadcrumbList","@id":"https:\/\/chemgramx.com\/product\/diplomat-hash-online-bestellung\/#breadcrumb","itemListElement":[{"@type":"ListItem","position":1,"name":"Home","item":"https:\/\/chemgramx.com\/"},{"@type":"ListItem","position":2,"name":"Shop","item":"https:\/\/chemgramx.com\/shop\/"},{"@type":"ListItem","position":3,"name":"Diplomat Hash Online Bestellung"}]},{"@type":"WebSite","@id":"https:\/\/chemgramx.com\/#website","url":"https:\/\/chemgramx.com\/","name":"Chemgramx","description":"","publisher":{"@id":"https:\/\/chemgramx.com\/#organization"},"potentialAction":[{"@type":"SearchAction","target":{"@type":"EntryPoint","urlTemplate":"https:\/\/chemgramx.com\/?s={search_term_string}"},"query-input":{"@type":"PropertyValueSpecification","valueRequired":true,"valueName":"search_term_string"}}],"inLanguage":"fr-FR"},{"@type":"Organization","@id":"https:\/\/chemgramx.com\/#organization","name":"Chemgramx","url":"https:\/\/chemgramx.com\/","logo":{"@type":"ImageObject","inLanguage":"fr-FR","@id":"https:\/\/chemgramx.com\/#\/schema\/logo\/image\/","url":"https:\/\/chemgramx.com\/wp-content\/uploads\/2024\/10\/final-logo.png","contentUrl":"https:\/\/chemgramx.com\/wp-content\/uploads\/2024\/10\/final-logo.png","width":250,"height":48,"caption":"Chemgramx"},"image":{"@id":"https:\/\/chemgramx.com\/#\/schema\/logo\/image\/"}}]}},"_links":{"self":[{"href":"https:\/\/chemgramx.com\/fr\/wp-json\/wp\/v2\/product\/7230","targetHints":{"allow":["GET"]}}],"collection":[{"href":"https:\/\/chemgramx.com\/fr\/wp-json\/wp\/v2\/product"}],"about":[{"href":"https:\/\/chemgramx.com\/fr\/wp-json\/wp\/v2\/types\/product"}],"replies":[{"embeddable":true,"href":"https:\/\/chemgramx.com\/fr\/wp-json\/wp\/v2\/comments?post=7230"}],"wp:featuredmedia":[{"embeddable":true,"href":"https:\/\/chemgramx.com\/fr\/wp-json\/wp\/v2\/media\/7273"}],"wp:attachment":[{"href":"https:\/\/chemgramx.com\/fr\/wp-json\/wp\/v2\/media?parent=7230"}],"wp:term":[{"taxonomy":"product_brand","embeddable":true,"href":"https:\/\/chemgramx.com\/fr\/wp-json\/wp\/v2\/product_brand?post=7230"},{"taxonomy":"product_cat","embeddable":true,"href":"https:\/\/chemgramx.com\/fr\/wp-json\/wp\/v2\/product_cat?post=7230"},{"taxonomy":"product_tag","embeddable":true,"href":"https:\/\/chemgramx.com\/fr\/wp-json\/wp\/v2\/product_tag?post=7230"}],"curies":[{"name":"wp","href":"https:\/\/api.w.org\/{rel}","templated":true}]}}