{"id":728,"date":"2024-10-22T10:38:42","date_gmt":"2024-10-22T10:38:42","guid":{"rendered":"https:\/\/chemgramx.com\/?post_type=product&#038;p=728"},"modified":"2025-10-18T06:05:59","modified_gmt":"2025-10-18T06:05:59","slug":"md-pihp","status":"publish","type":"product","link":"https:\/\/chemgramx.com\/fr\/produit\/md-pihp\/","title":{"rendered":"Acheter MD-PiHP en ligne"},"content":{"rendered":"<h2 data-start=\"110\" data-end=\"164\">MD-PiHP online kaufen von einer zuverl\u00e4ssigen Forschungsquelle<\/h2>\n<h3 data-start=\"166\" data-end=\"237\">Achetez MD-PiHP en ligne \u2013 Demande croissante et pertinence de la recherche<\/h3>\n<p data-start=\"239\" data-end=\"812\">MD-PiHP ist eine neuartige Forschungschemikalie, die bei Wissenschaftlern und Laboren zunehmend an Bedeutung gewinnt. Wenn Sie MD-PiHP online kaufen, erhalten Sie laborgepr\u00fcfte Substanzen f\u00fcr wissenschaftliche Studien. Als Mitglied der Cathinon-Reihe \u2013 strukturell verwandt mit Verbindungen wie \u03b1-PHP \u2013 bietet <a href=\"https:\/\/chemgramx.com\/fr\/produit\/md-pihp\/\">MD-PiHP zu verkaufen<\/a> spannende M\u00f6glichkeiten f\u00fcr neurochemische Studien, Verhaltensexperimente und toxikologische Analysen. Der steigende Bedarf an hochreinen Substanzen f\u00fchrt dazu, dass immer mehr Labore MD-PiHP online kaufen \u00fcber spezialisierte Plattformen.<\/p>\n<h3 data-start=\"814\" data-end=\"841\">Qu'est-ce que MD-PiHP exactement ?<\/h3>\n<p data-start=\"843\" data-end=\"1118\"><a href=\"https:\/\/en.wikipedia.org\/wiki\/MDPHP\">MD-PiHP<\/a> La m\u00e9thyl\u00e8nedioxypyrrolidinohexanoph\u00e9none est un stimulant synth\u00e9tique de la classe des cathinones substitu\u00e9es. Les chercheurs, qui l'appellent MD-PiHP, l'utilisent exclusivement \u00e0 des fins de recherche et d'analyse. Elle n'est pas destin\u00e9e \u00e0 la consommation humaine.<\/p>\n<p data-start=\"1120\" data-end=\"1236\">Dank seiner strukturellen N\u00e4he zu anderen Pyrrolidinverbindungen eignet sich MD-PiHP online kaufen besonders f\u00fcr:<\/p>\n<ul data-start=\"1238\" data-end=\"1364\">\n<li data-start=\"1238\" data-end=\"1293\">\n<p data-start=\"1240\" data-end=\"1293\">Untersuchungen zu Monoamintransporter-Interaktionen<\/p>\n<\/li>\n<li data-start=\"1294\" data-end=\"1339\">\n<p data-start=\"1296\" data-end=\"1339\">Pharmakodynamik stimulierender Substanzen<\/p>\n<\/li>\n<li data-start=\"1340\" data-end=\"1364\">\n<p data-start=\"1342\" data-end=\"1364\">Analyse m\u00e9dico-l\u00e9gale<\/p>\n<\/li>\n<\/ul>\n<p data-start=\"1366\" data-end=\"1487\">Tous les produits sont de qualit\u00e9 test\u00e9e en laboratoire et conviennent exclusivement aux applications professionnelles en laboratoire.<\/p>\n<h3 data-start=\"1489\" data-end=\"1526\">Le MD-PiHP est-il l\u00e9gal dans votre pays ?<\/h3>\n<p data-start=\"1528\" data-end=\"1766\">Die Gesetzeslage f\u00fcr Wo kann man MD-PiHP kaufen? variiert weltweit. In Deutschland f\u00e4llt die Substanz h\u00f6chstwahrscheinlich unter das Neue-psychoaktive-Stoffe-Gesetz (NpSG), sodass der Erwerb nur f\u00fcr anerkannte Forschungszwecke erlaubt ist.<\/p>\n<p data-start=\"1768\" data-end=\"1962\">In anderen L\u00e4ndern kann MD-PiHP zu verkaufen entweder legal oder reguliert sein. Pr\u00fcfen Sie daher vor dem MD-PiHP online kaufen, ob nationale Vorschriften oder Genehmigungspflichten bestehen.<\/p>\n<h3 data-start=\"1964\" data-end=\"2005\">Pourquoi les chercheurs ach\u00e8tent MD-PiHP en ligne<\/h3>\n<p data-start=\"2007\" data-end=\"2161\">Der Bezug \u00fcber traditionelle H\u00e4ndler ist oft eingeschr\u00e4nkt. Daher entscheiden sich Labore daf\u00fcr, MD-PiHP online kaufen, um folgende Vorteile zu nutzen:<\/p>\n<ul data-start=\"2163\" data-end=\"2333\">\n<li data-start=\"2163\" data-end=\"2202\">\n<p data-start=\"2165\" data-end=\"2202\">Exp\u00e9dition rapide et fiable<\/p>\n<\/li>\n<li data-start=\"2203\" data-end=\"2245\">\n<p data-start=\"2205\" data-end=\"2245\">Acc\u00e8s \u00e0 des produits de haute puret\u00e9 avec COA<\/p>\n<\/li>\n<li data-start=\"2246\" data-end=\"2271\">\n<p data-start=\"2248\" data-end=\"2271\">Origine transparente<\/p>\n<\/li>\n<li data-start=\"2272\" data-end=\"2333\">\n<p data-start=\"2274\" data-end=\"2333\">Verf\u00fcgbarkeit zu forschungsfreundlichen MD-PiHP-Preis<\/p>\n<\/li>\n<\/ul>\n<p data-start=\"2335\" data-end=\"2462\">La commande en ligne offre aux universit\u00e9s, aux laboratoires priv\u00e9s et aux instituts de recherche une solution pratique et tra\u00e7able.<\/p>\n<h3 data-start=\"2464\" data-end=\"2520\">Comment reconna\u00eetre un fournisseur MD-PiHP r\u00e9put\u00e9<\/h3>\n<p data-start=\"2522\" data-end=\"2597\">Beim MD-PiHP bestellen sollten Sie auf folgende Qualit\u00e4tsmerkmale achten:<\/p>\n<ul data-start=\"2599\" data-end=\"2858\">\n<li data-start=\"2599\" data-end=\"2653\">\n<p data-start=\"2601\" data-end=\"2653\">Bereitstellung eines COA (Certificate of Analysis)<\/p>\n<\/li>\n<li data-start=\"2654\" data-end=\"2707\">\n<p data-start=\"2656\" data-end=\"2707\">Indication claire de la structure chimique et de la puret\u00e9<\/p>\n<\/li>\n<li data-start=\"2708\" data-end=\"2757\">\n<p data-start=\"2710\" data-end=\"2757\">Mentions l\u00e9gales conformes \u00e0 la loi et conditions g\u00e9n\u00e9rales transparentes<\/p>\n<\/li>\n<li data-start=\"2758\" data-end=\"2802\">\n<p data-start=\"2760\" data-end=\"2802\">Discrete verzending met tracking<\/p>\n<\/li>\n<li data-start=\"2803\" data-end=\"2858\">\n<p data-start=\"2805\" data-end=\"2858\">Positive Bewertungen aus der Forschungsgemeinschaft<\/p>\n<\/li>\n<\/ul>\n<p data-start=\"2860\" data-end=\"2956\">Vertrauen Sie nur etablierten Anbietern, wenn Sie bester Ort, um MD-PiHP online zu kaufen suchen.<\/p>\n<h3 data-start=\"3379\" data-end=\"3427\">Derniers conseils pour un achat en toute s\u00e9curit\u00e9<\/h3>\n<p data-start=\"3429\" data-end=\"3485\">Wenn Sie MD-PiHP online kaufen m\u00f6chten, beachten Sie:<\/p>\n<ul data-start=\"3487\" data-end=\"3678\">\n<li data-start=\"3487\" data-end=\"3535\">\n<p data-start=\"3489\" data-end=\"3535\">Achat \u00e0 des fins de recherche approuv\u00e9es uniquement<\/p>\n<\/li>\n<li data-start=\"3536\" data-end=\"3569\">\n<p data-start=\"3538\" data-end=\"3569\">Controleer de nationale wetgeving<\/p>\n<\/li>\n<li data-start=\"3570\" data-end=\"3643\">\n<p data-start=\"3572\" data-end=\"3643\">Choisissez des fournisseurs avec COA, origine tra\u00e7able et service client<\/p>\n<\/li>\n<li data-start=\"3644\" data-end=\"3678\">\n<p data-start=\"3646\" data-end=\"3678\">Utilisez des m\u00e9thodes d'exp\u00e9dition s\u00e9curis\u00e9es<\/p>\n<\/li>\n<\/ul>\n<h3>Avantages de l'achat de MD-PiHP chez ChemGramX<\/h3>\n<ul data-start=\"3731\" data-end=\"3922\">\n<li data-start=\"3731\" data-end=\"3770\">\n<p data-start=\"3733\" data-end=\"3770\">Test\u00e9 et analys\u00e9 en laboratoire \u2013 avec COA<\/p>\n<\/li>\n<li data-start=\"3771\" data-end=\"3828\">\n<p data-start=\"3773\" data-end=\"3828\">Ideal f\u00fcr pharmakologische &amp; toxikologische Forschung<\/p>\n<\/li>\n<li data-start=\"3829\" data-end=\"3862\">\n<p data-start=\"3831\" data-end=\"3862\">Exp\u00e9dition rapide et discr\u00e8te<\/p>\n<\/li>\n<li data-start=\"3863\" data-end=\"3922\">\n<p data-start=\"3865\" data-end=\"3922\">Le prix du MD-PiHP est attractif pour les institutions de recherche<\/p>\n<\/li>\n<\/ul>\n<h3 data-start=\"3924\" data-end=\"3956\">Achetez MD-PiHP en ligne maintenant<\/h3>\n<p data-start=\"3958\" data-end=\"4124\">Bestellen Sie MD-PiHP online kaufen bei einem vertrauensw\u00fcrdigen Anbieter f\u00fcr hochreine Forschungschemikalien. Qualit\u00e4t, Sicherheit und Zuverl\u00e4ssigkeit garantiert.<\/p>\n<p data-start=\"4126\" data-end=\"4221\">ChemGramX \u2013 Ihre vertrauensw\u00fcrdige Quelle f\u00fcr MD-PiHP und hochwertige Forschungschemikalien.<\/p>","protected":false},"excerpt":{"rendered":"<p>MD-PiHP (5-Methyl-3,4-methylenedioxy-N-pyrrolidinobutylamphetamin) ist ein neuartiges psychoaktives Mittel, das \u00e4hnliche Effekte wie MDMA aufweist. Nutzer berichten von Euphorie, gesteigerter Geselligkeit und intensiven Sinneseindr\u00fccken.<\/p>","protected":false},"featured_media":729,"comment_status":"open","ping_status":"closed","template":"","meta":{"_joinchat":[]},"product_brand":[],"product_cat":[48],"product_tag":[2820,2814,2818,2817,2815,2819,2822,2816,2821,2015],"class_list":{"0":"post-728","1":"product","2":"type-product","3":"status-publish","4":"has-post-thumbnail","6":"product_cat-stimulants","7":"product_tag-md-pihp-chemikalien","8":"product_tag-md-pihp-kaufen","9":"product_tag-md-pihp-kaufen-deutschland","10":"product_tag-md-pihp-kristalle","11":"product_tag-md-pihp-online","12":"product_tag-md-pihp-preis","13":"product_tag-md-pihp-prodej","14":"product_tag-md-pihp-pulver","15":"product_tag-md-pihp-zum-verkauf","16":"product_tag-synthetische-drogen","18":"first","19":"instock","20":"shipping-taxable","21":"purchasable","22":"product-type-variable"},"yoast_head":"<!-- This site is optimized with the Yoast SEO plugin v26.1.1 - https:\/\/yoast.com\/wordpress\/plugins\/seo\/ -->\n<title>MD-PiHP kaufen \u2013 Hochwertiges MD-PiHP online bei ChemGramX<\/title>\n<meta name=\"description\" content=\"Kaufen Sie reines MD-PiHP online bei ChemGramX. Hochwertige MD-PiHP Research Chemicals mit garantierter Reinheit. Jetzt MD-PiHP f\u00fcr Forschungszwecke bestellen!\" \/>\n<meta name=\"robots\" content=\"index, follow, max-snippet:-1, max-image-preview:large, max-video-preview:-1\" \/>\n<link rel=\"canonical\" href=\"https:\/\/chemgramx.com\/fr\/produit\/md-pihp\/\" \/>\n<meta property=\"og:locale\" content=\"fr_FR\" \/>\n<meta property=\"og:type\" content=\"article\" \/>\n<meta property=\"og:title\" content=\"MD-PiHP kaufen \u2013 Hochwertiges MD-PiHP online bei ChemGramX\" \/>\n<meta property=\"og:description\" content=\"Kaufen Sie reines MD-PiHP online bei ChemGramX. Hochwertige MD-PiHP Research Chemicals mit garantierter Reinheit. Jetzt MD-PiHP f\u00fcr Forschungszwecke bestellen!\" \/>\n<meta property=\"og:url\" content=\"https:\/\/chemgramx.com\/fr\/produit\/md-pihp\/\" \/>\n<meta property=\"og:site_name\" content=\"Chemgramx\" \/>\n<meta property=\"article:modified_time\" content=\"2025-10-18T06:05:59+00:00\" \/>\n<meta property=\"og:image\" content=\"https:\/\/chemgramx.com\/wp-content\/uploads\/2024\/10\/MD-PiHP-kaufen.jpg\" \/>\n\t<meta property=\"og:image:width\" content=\"1000\" \/>\n\t<meta property=\"og:image:height\" content=\"800\" \/>\n\t<meta property=\"og:image:type\" content=\"image\/jpeg\" \/>\n<meta name=\"twitter:card\" content=\"summary_large_image\" \/>\n<meta name=\"twitter:label1\" content=\"Dur\u00e9e de lecture estim\u00e9e\" \/>\n\t<meta name=\"twitter:data1\" content=\"3 minutes\" \/>\n<script type=\"application\/ld+json\" class=\"yoast-schema-graph\">{\"@context\":\"https:\/\/schema.org\",\"@graph\":[{\"@type\":\"WebPage\",\"@id\":\"https:\/\/chemgramx.com\/product\/md-pihp\/\",\"url\":\"https:\/\/chemgramx.com\/product\/md-pihp\/\",\"name\":\"MD-PiHP kaufen \u2013 Hochwertiges MD-PiHP online bei ChemGramX\",\"isPartOf\":{\"@id\":\"https:\/\/chemgramx.com\/#website\"},\"primaryImageOfPage\":{\"@id\":\"https:\/\/chemgramx.com\/product\/md-pihp\/#primaryimage\"},\"image\":{\"@id\":\"https:\/\/chemgramx.com\/product\/md-pihp\/#primaryimage\"},\"thumbnailUrl\":\"https:\/\/chemgramx.com\/wp-content\/uploads\/2024\/10\/MD-PiHP-kaufen.jpg\",\"datePublished\":\"2024-10-22T10:38:42+00:00\",\"dateModified\":\"2025-10-18T06:05:59+00:00\",\"description\":\"Kaufen Sie reines MD-PiHP online bei ChemGramX. Hochwertige MD-PiHP Research Chemicals mit garantierter Reinheit. Jetzt MD-PiHP f\u00fcr Forschungszwecke bestellen!\",\"breadcrumb\":{\"@id\":\"https:\/\/chemgramx.com\/product\/md-pihp\/#breadcrumb\"},\"inLanguage\":\"fr-FR\",\"potentialAction\":[{\"@type\":\"ReadAction\",\"target\":[\"https:\/\/chemgramx.com\/product\/md-pihp\/\"]}]},{\"@type\":\"ImageObject\",\"inLanguage\":\"fr-FR\",\"@id\":\"https:\/\/chemgramx.com\/product\/md-pihp\/#primaryimage\",\"url\":\"https:\/\/chemgramx.com\/wp-content\/uploads\/2024\/10\/MD-PiHP-kaufen.jpg\",\"contentUrl\":\"https:\/\/chemgramx.com\/wp-content\/uploads\/2024\/10\/MD-PiHP-kaufen.jpg\",\"width\":1000,\"height\":800,\"caption\":\"MD-PiHP kaufen\"},{\"@type\":\"BreadcrumbList\",\"@id\":\"https:\/\/chemgramx.com\/product\/md-pihp\/#breadcrumb\",\"itemListElement\":[{\"@type\":\"ListItem\",\"position\":1,\"name\":\"Home\",\"item\":\"https:\/\/chemgramx.com\/\"},{\"@type\":\"ListItem\",\"position\":2,\"name\":\"Shop\",\"item\":\"https:\/\/chemgramx.com\/shop\/\"},{\"@type\":\"ListItem\",\"position\":3,\"name\":\"MD-PiHP online kaufen\"}]},{\"@type\":\"WebSite\",\"@id\":\"https:\/\/chemgramx.com\/#website\",\"url\":\"https:\/\/chemgramx.com\/\",\"name\":\"Chemgramx\",\"description\":\"\",\"publisher\":{\"@id\":\"https:\/\/chemgramx.com\/#organization\"},\"potentialAction\":[{\"@type\":\"SearchAction\",\"target\":{\"@type\":\"EntryPoint\",\"urlTemplate\":\"https:\/\/chemgramx.com\/?s={search_term_string}\"},\"query-input\":{\"@type\":\"PropertyValueSpecification\",\"valueRequired\":true,\"valueName\":\"search_term_string\"}}],\"inLanguage\":\"fr-FR\"},{\"@type\":\"Organization\",\"@id\":\"https:\/\/chemgramx.com\/#organization\",\"name\":\"Chemgramx\",\"url\":\"https:\/\/chemgramx.com\/\",\"logo\":{\"@type\":\"ImageObject\",\"inLanguage\":\"fr-FR\",\"@id\":\"https:\/\/chemgramx.com\/#\/schema\/logo\/image\/\",\"url\":\"https:\/\/chemgramx.com\/wp-content\/uploads\/2024\/10\/final-logo.png\",\"contentUrl\":\"https:\/\/chemgramx.com\/wp-content\/uploads\/2024\/10\/final-logo.png\",\"width\":250,\"height\":48,\"caption\":\"Chemgramx\"},\"image\":{\"@id\":\"https:\/\/chemgramx.com\/#\/schema\/logo\/image\/\"}}]}<\/script>\n<!-- \/ Yoast SEO plugin. -->","yoast_head_json":{"title":"MD-PiHP kaufen \u2013 Hochwertiges MD-PiHP online bei ChemGramX","description":"Kaufen Sie reines MD-PiHP online bei ChemGramX. Hochwertige MD-PiHP Research Chemicals mit garantierter Reinheit. Jetzt MD-PiHP f\u00fcr Forschungszwecke bestellen!","robots":{"index":"index","follow":"follow","max-snippet":"max-snippet:-1","max-image-preview":"max-image-preview:large","max-video-preview":"max-video-preview:-1"},"canonical":"https:\/\/chemgramx.com\/fr\/produit\/md-pihp\/","og_locale":"fr_FR","og_type":"article","og_title":"MD-PiHP kaufen \u2013 Hochwertiges MD-PiHP online bei ChemGramX","og_description":"Kaufen Sie reines MD-PiHP online bei ChemGramX. Hochwertige MD-PiHP Research Chemicals mit garantierter Reinheit. Jetzt MD-PiHP f\u00fcr Forschungszwecke bestellen!","og_url":"https:\/\/chemgramx.com\/fr\/produit\/md-pihp\/","og_site_name":"Chemgramx","article_modified_time":"2025-10-18T06:05:59+00:00","og_image":[{"width":1000,"height":800,"url":"https:\/\/chemgramx.com\/wp-content\/uploads\/2024\/10\/MD-PiHP-kaufen.jpg","type":"image\/jpeg"}],"twitter_card":"summary_large_image","twitter_misc":{"Dur\u00e9e de lecture estim\u00e9e":"3 minutes"},"schema":{"@context":"https:\/\/schema.org","@graph":[{"@type":"WebPage","@id":"https:\/\/chemgramx.com\/product\/md-pihp\/","url":"https:\/\/chemgramx.com\/product\/md-pihp\/","name":"MD-PiHP kaufen \u2013 Hochwertiges MD-PiHP online bei ChemGramX","isPartOf":{"@id":"https:\/\/chemgramx.com\/#website"},"primaryImageOfPage":{"@id":"https:\/\/chemgramx.com\/product\/md-pihp\/#primaryimage"},"image":{"@id":"https:\/\/chemgramx.com\/product\/md-pihp\/#primaryimage"},"thumbnailUrl":"https:\/\/chemgramx.com\/wp-content\/uploads\/2024\/10\/MD-PiHP-kaufen.jpg","datePublished":"2024-10-22T10:38:42+00:00","dateModified":"2025-10-18T06:05:59+00:00","description":"Kaufen Sie reines MD-PiHP online bei ChemGramX. Hochwertige MD-PiHP Research Chemicals mit garantierter Reinheit. Jetzt MD-PiHP f\u00fcr Forschungszwecke bestellen!","breadcrumb":{"@id":"https:\/\/chemgramx.com\/product\/md-pihp\/#breadcrumb"},"inLanguage":"fr-FR","potentialAction":[{"@type":"ReadAction","target":["https:\/\/chemgramx.com\/product\/md-pihp\/"]}]},{"@type":"ImageObject","inLanguage":"fr-FR","@id":"https:\/\/chemgramx.com\/product\/md-pihp\/#primaryimage","url":"https:\/\/chemgramx.com\/wp-content\/uploads\/2024\/10\/MD-PiHP-kaufen.jpg","contentUrl":"https:\/\/chemgramx.com\/wp-content\/uploads\/2024\/10\/MD-PiHP-kaufen.jpg","width":1000,"height":800,"caption":"MD-PiHP kaufen"},{"@type":"BreadcrumbList","@id":"https:\/\/chemgramx.com\/product\/md-pihp\/#breadcrumb","itemListElement":[{"@type":"ListItem","position":1,"name":"Home","item":"https:\/\/chemgramx.com\/"},{"@type":"ListItem","position":2,"name":"Shop","item":"https:\/\/chemgramx.com\/shop\/"},{"@type":"ListItem","position":3,"name":"MD-PiHP online kaufen"}]},{"@type":"WebSite","@id":"https:\/\/chemgramx.com\/#website","url":"https:\/\/chemgramx.com\/","name":"Chemgramx","description":"","publisher":{"@id":"https:\/\/chemgramx.com\/#organization"},"potentialAction":[{"@type":"SearchAction","target":{"@type":"EntryPoint","urlTemplate":"https:\/\/chemgramx.com\/?s={search_term_string}"},"query-input":{"@type":"PropertyValueSpecification","valueRequired":true,"valueName":"search_term_string"}}],"inLanguage":"fr-FR"},{"@type":"Organization","@id":"https:\/\/chemgramx.com\/#organization","name":"Chemgramx","url":"https:\/\/chemgramx.com\/","logo":{"@type":"ImageObject","inLanguage":"fr-FR","@id":"https:\/\/chemgramx.com\/#\/schema\/logo\/image\/","url":"https:\/\/chemgramx.com\/wp-content\/uploads\/2024\/10\/final-logo.png","contentUrl":"https:\/\/chemgramx.com\/wp-content\/uploads\/2024\/10\/final-logo.png","width":250,"height":48,"caption":"Chemgramx"},"image":{"@id":"https:\/\/chemgramx.com\/#\/schema\/logo\/image\/"}}]}},"_links":{"self":[{"href":"https:\/\/chemgramx.com\/fr\/wp-json\/wp\/v2\/product\/728","targetHints":{"allow":["GET"]}}],"collection":[{"href":"https:\/\/chemgramx.com\/fr\/wp-json\/wp\/v2\/product"}],"about":[{"href":"https:\/\/chemgramx.com\/fr\/wp-json\/wp\/v2\/types\/product"}],"replies":[{"embeddable":true,"href":"https:\/\/chemgramx.com\/fr\/wp-json\/wp\/v2\/comments?post=728"}],"wp:featuredmedia":[{"embeddable":true,"href":"https:\/\/chemgramx.com\/fr\/wp-json\/wp\/v2\/media\/729"}],"wp:attachment":[{"href":"https:\/\/chemgramx.com\/fr\/wp-json\/wp\/v2\/media?parent=728"}],"wp:term":[{"taxonomy":"product_brand","embeddable":true,"href":"https:\/\/chemgramx.com\/fr\/wp-json\/wp\/v2\/product_brand?post=728"},{"taxonomy":"product_cat","embeddable":true,"href":"https:\/\/chemgramx.com\/fr\/wp-json\/wp\/v2\/product_cat?post=728"},{"taxonomy":"product_tag","embeddable":true,"href":"https:\/\/chemgramx.com\/fr\/wp-json\/wp\/v2\/product_tag?post=728"}],"curies":[{"name":"wp","href":"https:\/\/api.w.org\/{rel}","templated":true}]}}