{"id":731,"date":"2024-10-22T11:12:12","date_gmt":"2024-10-22T11:12:12","guid":{"rendered":"https:\/\/chemgramx.com\/?post_type=product&#038;p=731"},"modified":"2026-05-02T19:16:55","modified_gmt":"2026-05-02T19:16:55","slug":"buy-mdma-online","status":"publish","type":"product","link":"https:\/\/chemgramx.com\/fr\/produit\/buy-mdma-online\/","title":{"rendered":"Acheter de la MDMA en ligne"},"content":{"rendered":"<h2 data-start=\"110\" data-end=\"161\">MDMA online kaufen von einer zuverl\u00e4ssigen Forschungsquelle<\/h2>\n<h3 data-start=\"163\" data-end=\"226\">Achetez de la MDMA en ligne \u2013 Qualit\u00e9 et s\u00e9curit\u00e9 chez ChemGramX<\/h3>\n<p data-start=\"228\" data-end=\"599\">Si vous <a href=\"https:\/\/chemgramx.com\/fr\/produit\/mdma\/\">Acheter de la MDMA en ligne<\/a> m\u00f6chten, ist ChemGramX Ihre erste Wahl f\u00fcr zuverl\u00e4ssige und reine Forschungschemikalien. Wer MDMA for sale sucht, findet bei uns laborgepr\u00fcftes MDMA (auch bekannt als Ecstasy) in h\u00f6chster Qualit\u00e4t. Mit MDMA online kaufen k\u00f6nnen Sie Ihre Bestellung diskret und sicher aufgeben, w\u00e4hrend wir h\u00f6chste Reinheit und Zuverl\u00e4ssigkeit garantieren.<\/p>\n<h3 data-start=\"601\" data-end=\"631\">MDMA \u00e0 des fins de recherche<\/h3>\n<p data-start=\"633\" data-end=\"1066\"><a href=\"https:\/\/en.wikipedia.org\/wiki\/MDMA\">MDMA<\/a>, chemisch bekannt als 3,4-Methylendioxy-N-methylamphetamin, ist ein synthetisches Stimulans, das h\u00e4ufig in der wissenschaftlichen Forschung verwendet wird. Forscher, die order MDMA, nutzen es, um die Wirkung auf Neurotransmitter wie Serotonin, Dopamin und Noradrenalin zu untersuchen. MDMA online kaufen erm\u00f6glicht es Wissenschaftlern, die Effekte auf Stimmung, Verhalten und soziale Interaktionen gezielt zu analysieren.<\/p>\n<h3 data-start=\"1068\" data-end=\"1111\">Achetez de la MDMA et faites-la livrer discr\u00e8tement<\/h3>\n<p data-start=\"1113\" data-end=\"1483\">ChemGramX bietet MDMA zu verkaufen in verschiedenen Formen, einschlie\u00dflich Pulver und Tabletten, speziell f\u00fcr Forschungszwecke. Mit unserem diskreten Versand stellen wir sicher, dass Ihre MDMA online kaufen Bestellung sicher und anonym ankommt. Wir gelten als einer der besten Anbieter, wenn Sie wo man MDMA kaufen kann suchen, der Qualit\u00e4t und Zuverl\u00e4ssigkeit vereint.<\/p>\n<h3 data-start=\"1485\" data-end=\"1522\">Pourquoi acheter de la MDMA chez ChemGramX ?<\/h3>\n<ul data-start=\"1524\" data-end=\"1977\">\n<li data-start=\"1524\" data-end=\"1629\">\n<p data-start=\"1526\" data-end=\"1629\">Puret\u00e9 maximale : nos produits MDMA sont test\u00e9s en laboratoire et r\u00e9pondent aux normes de qualit\u00e9 les plus \u00e9lev\u00e9es.<\/p>\n<\/li>\n<li data-start=\"1630\" data-end=\"1706\">\n<p data-start=\"1632\" data-end=\"1706\">Exp\u00e9dition discr\u00e8te : Votre commande sera livr\u00e9e de mani\u00e8re s\u00e9curis\u00e9e et anonyme.<\/p>\n<\/li>\n<li data-start=\"1707\" data-end=\"1823\">\n<p data-start=\"1709\" data-end=\"1823\">Vertrauensw\u00fcrdiger Anbieter: ChemGramX geh\u00f6rt zu den renommiertesten Quellen, wenn Sie MDMA kaufenm\u00f6chten.<\/p>\n<\/li>\n<li data-start=\"1824\" data-end=\"1977\">\n<p data-start=\"1826\" data-end=\"1977\">Id\u00e9al pour la recherche : Parfait pour les \u00e9tudes scientifiques sur l\u2019activit\u00e9 des neurotransmetteurs et les effets de la MDMA sur le syst\u00e8me nerveux central.<\/p>\n<\/li>\n<\/ul>\n<h3 data-start=\"1979\" data-end=\"2002\">Guide d'achat de la MDMA<\/h3>\n<p data-start=\"2004\" data-end=\"2370\">Wenn Sie MDMA online kaufen m\u00f6chten, ist es wichtig, einen seri\u00f6sen Anbieter zu w\u00e4hlen. ChemGramX bietet nicht nur ein sicheres Bestellsystem, sondern auch eine umfassende Anleitung f\u00fcr alle, die MDMA zu verkaufen suchen. Die Legalit\u00e4t von MDMA variiert je nach Land, daher sollten Sie sich vor dem MDMA online kaufen \u00fcber die geltenden Vorschriften informieren.<\/p>\n<h3 data-start=\"2372\" data-end=\"2406\">Commande et livraison de MDMA<\/h3>\n<p data-start=\"2408\" data-end=\"2707\">Der MDMA online kaufen Prozess ist bei ChemGramX einfach und zuverl\u00e4ssig. Unser Online-Shop bietet eine breite Auswahl an MDMA zu verkaufen f\u00fcr den wissenschaftlichen Einsatz. Mit unserer schnellen und sicheren Lieferung k\u00f6nnen Sie sicher sein, dass Ihre Bestellung diskret und p\u00fcnktlich ankommt.<\/p>\n<h3 data-start=\"2709\" data-end=\"2744\">Sources de MDMA fiables<\/h3>\n<p data-start=\"2746\" data-end=\"3062\">Bei ChemGramX erhalten Sie MDMA zu verkaufen ausschlie\u00dflich aus gepr\u00fcften Quellen. Alle Produkte werden laborgepr\u00fcft, um maximale Reinheit und Qualit\u00e4t sicherzustellen. Wenn Sie bester Ort, um MDMA online zu kaufen suchen, bieten wir Ihnen die vertrauensw\u00fcrdigste Plattform f\u00fcr seri\u00f6se Forschung und Laboranwendungen.<\/p>\n<h3 data-start=\"3064\" data-end=\"3093\">Achetez de la MDMA en ligne maintenant<\/h3>\n<p data-start=\"3095\" data-end=\"3368\">Bereit, MDMA online kaufen f\u00fcr Ihre Forschungsprojekte zu bestellen? Kaufen Sie MDMA bei ChemGramX, Ihrem zuverl\u00e4ssigen Anbieter von Forschungschemikalien. Mit diskretem Versand und gepr\u00fcften Produkten k\u00f6nnen Sie sicher sein, dass Sie das beste MDMA auf dem Markt erhalten.<\/p>\n<p data-start=\"3370\" data-end=\"3457\">ChemGramX \u2013 Votre partenaire de confiance pour les comprim\u00e9s de MDMA pure et d\u2019ecstasy.<\/p>","protected":false},"excerpt":{"rendered":"<p>MDMA, auch bekannt als Ecstasy, ist eine psychoaktive Substanz, die h\u00e4ufig auf Partys und Musikfestivals konsumiert wird. Die Wirkung umfasst Euphorie, gesteigertes Empathiegef\u00fchl und erh\u00f6hte Energie. Trotz der positiven Erfahrungen birgt MDMA auch Risiken, wie Dehydrierung und \u00dcberhitzung.<\/p>","protected":false},"featured_media":732,"comment_status":"open","ping_status":"closed","template":"","meta":{"_joinchat":[]},"product_brand":[],"product_cat":[98],"product_tag":[],"class_list":{"0":"post-731","1":"product","2":"type-product","3":"status-publish","4":"has-post-thumbnail","6":"product_cat-ecstasy","8":"first","9":"instock","10":"shipping-taxable","11":"purchasable","12":"product-type-variable"},"yoast_head":"<!-- This site is optimized with the Yoast SEO plugin v27.5 - https:\/\/yoast.com\/product\/yoast-seo-wordpress\/ -->\n<title>MDMA online kaufen \u2013 Hochwertiges MDMA bei ChemGramX<\/title>\n<meta name=\"description\" content=\"MDMA online kaufen bei ChemGramX. Reines MDMA mit diskretem Versand. Jetzt MDMA oder Ecstasy-Tabletten sicher und zuverl\u00e4ssig online bestellen!\" \/>\n<meta name=\"robots\" content=\"index, follow, max-snippet:-1, max-image-preview:large, max-video-preview:-1\" \/>\n<link rel=\"canonical\" href=\"https:\/\/chemgramx.com\/fr\/produit\/buy-mdma-online\/\" \/>\n<meta property=\"og:locale\" content=\"fr_FR\" \/>\n<meta property=\"og:type\" content=\"article\" \/>\n<meta property=\"og:title\" content=\"MDMA online kaufen \u2013 Hochwertiges MDMA bei ChemGramX\" \/>\n<meta property=\"og:description\" content=\"MDMA online kaufen bei ChemGramX. Reines MDMA mit diskretem Versand. Jetzt MDMA oder Ecstasy-Tabletten sicher und zuverl\u00e4ssig online bestellen!\" \/>\n<meta property=\"og:url\" content=\"https:\/\/chemgramx.com\/fr\/produit\/buy-mdma-online\/\" \/>\n<meta property=\"og:site_name\" content=\"Chemgramx\" \/>\n<meta property=\"article:modified_time\" content=\"2026-05-02T19:16:55+00:00\" \/>\n<meta property=\"og:image\" content=\"https:\/\/chemgramx.com\/wp-content\/uploads\/2024\/10\/MDMA.jpg\" \/>\n\t<meta property=\"og:image:width\" content=\"1000\" \/>\n\t<meta property=\"og:image:height\" content=\"1000\" \/>\n\t<meta property=\"og:image:type\" content=\"image\/jpeg\" \/>\n<meta name=\"twitter:card\" content=\"summary_large_image\" \/>\n<meta name=\"twitter:label1\" content=\"Dur\u00e9e de lecture estim\u00e9e\" \/>\n\t<meta name=\"twitter:data1\" content=\"3 minutes\" \/>\n<script type=\"application\/ld+json\" class=\"yoast-schema-graph\">{\"@context\":\"https:\\\/\\\/schema.org\",\"@graph\":[{\"@type\":\"WebPage\",\"@id\":\"https:\\\/\\\/chemgramx.com\\\/product\\\/buy-mdma-online\\\/\",\"url\":\"https:\\\/\\\/chemgramx.com\\\/product\\\/buy-mdma-online\\\/\",\"name\":\"MDMA online kaufen \u2013 Hochwertiges MDMA bei ChemGramX\",\"isPartOf\":{\"@id\":\"https:\\\/\\\/chemgramx.com\\\/#website\"},\"primaryImageOfPage\":{\"@id\":\"https:\\\/\\\/chemgramx.com\\\/product\\\/buy-mdma-online\\\/#primaryimage\"},\"image\":{\"@id\":\"https:\\\/\\\/chemgramx.com\\\/product\\\/buy-mdma-online\\\/#primaryimage\"},\"thumbnailUrl\":\"https:\\\/\\\/chemgramx.com\\\/wp-content\\\/uploads\\\/2024\\\/10\\\/MDMA.jpg\",\"datePublished\":\"2024-10-22T11:12:12+00:00\",\"dateModified\":\"2026-05-02T19:16:55+00:00\",\"description\":\"MDMA online kaufen bei ChemGramX. Reines MDMA mit diskretem Versand. Jetzt MDMA oder Ecstasy-Tabletten sicher und zuverl\u00e4ssig online bestellen!\",\"breadcrumb\":{\"@id\":\"https:\\\/\\\/chemgramx.com\\\/product\\\/buy-mdma-online\\\/#breadcrumb\"},\"inLanguage\":\"fr-FR\",\"potentialAction\":[{\"@type\":\"ReadAction\",\"target\":[\"https:\\\/\\\/chemgramx.com\\\/product\\\/buy-mdma-online\\\/\"]}]},{\"@type\":\"ImageObject\",\"inLanguage\":\"fr-FR\",\"@id\":\"https:\\\/\\\/chemgramx.com\\\/product\\\/buy-mdma-online\\\/#primaryimage\",\"url\":\"https:\\\/\\\/chemgramx.com\\\/wp-content\\\/uploads\\\/2024\\\/10\\\/MDMA.jpg\",\"contentUrl\":\"https:\\\/\\\/chemgramx.com\\\/wp-content\\\/uploads\\\/2024\\\/10\\\/MDMA.jpg\",\"width\":1000,\"height\":1000,\"caption\":\"MDMA online kaufen\"},{\"@type\":\"BreadcrumbList\",\"@id\":\"https:\\\/\\\/chemgramx.com\\\/product\\\/buy-mdma-online\\\/#breadcrumb\",\"itemListElement\":[{\"@type\":\"ListItem\",\"position\":1,\"name\":\"Home\",\"item\":\"https:\\\/\\\/chemgramx.com\\\/\"},{\"@type\":\"ListItem\",\"position\":2,\"name\":\"Shop\",\"item\":\"https:\\\/\\\/chemgramx.com\\\/shop\\\/\"},{\"@type\":\"ListItem\",\"position\":3,\"name\":\"MDMA online kaufen\"}]},{\"@type\":\"WebSite\",\"@id\":\"https:\\\/\\\/chemgramx.com\\\/#website\",\"url\":\"https:\\\/\\\/chemgramx.com\\\/\",\"name\":\"Chemgramx\",\"description\":\"\",\"publisher\":{\"@id\":\"https:\\\/\\\/chemgramx.com\\\/#organization\"},\"potentialAction\":[{\"@type\":\"SearchAction\",\"target\":{\"@type\":\"EntryPoint\",\"urlTemplate\":\"https:\\\/\\\/chemgramx.com\\\/?s={search_term_string}\"},\"query-input\":{\"@type\":\"PropertyValueSpecification\",\"valueRequired\":true,\"valueName\":\"search_term_string\"}}],\"inLanguage\":\"fr-FR\"},{\"@type\":\"Organization\",\"@id\":\"https:\\\/\\\/chemgramx.com\\\/#organization\",\"name\":\"Chemgramx\",\"url\":\"https:\\\/\\\/chemgramx.com\\\/\",\"logo\":{\"@type\":\"ImageObject\",\"inLanguage\":\"fr-FR\",\"@id\":\"https:\\\/\\\/chemgramx.com\\\/#\\\/schema\\\/logo\\\/image\\\/\",\"url\":\"https:\\\/\\\/chemgramx.com\\\/wp-content\\\/uploads\\\/2024\\\/10\\\/final-logo.png\",\"contentUrl\":\"https:\\\/\\\/chemgramx.com\\\/wp-content\\\/uploads\\\/2024\\\/10\\\/final-logo.png\",\"width\":250,\"height\":48,\"caption\":\"Chemgramx\"},\"image\":{\"@id\":\"https:\\\/\\\/chemgramx.com\\\/#\\\/schema\\\/logo\\\/image\\\/\"}}]}<\/script>\n<!-- \/ Yoast SEO plugin. -->","yoast_head_json":{"title":"MDMA online kaufen \u2013 Hochwertiges MDMA bei ChemGramX","description":"MDMA online kaufen bei ChemGramX. Reines MDMA mit diskretem Versand. Jetzt MDMA oder Ecstasy-Tabletten sicher und zuverl\u00e4ssig online bestellen!","robots":{"index":"index","follow":"follow","max-snippet":"max-snippet:-1","max-image-preview":"max-image-preview:large","max-video-preview":"max-video-preview:-1"},"canonical":"https:\/\/chemgramx.com\/fr\/produit\/buy-mdma-online\/","og_locale":"fr_FR","og_type":"article","og_title":"MDMA online kaufen \u2013 Hochwertiges MDMA bei ChemGramX","og_description":"MDMA online kaufen bei ChemGramX. Reines MDMA mit diskretem Versand. Jetzt MDMA oder Ecstasy-Tabletten sicher und zuverl\u00e4ssig online bestellen!","og_url":"https:\/\/chemgramx.com\/fr\/produit\/buy-mdma-online\/","og_site_name":"Chemgramx","article_modified_time":"2026-05-02T19:16:55+00:00","og_image":[{"width":1000,"height":1000,"url":"https:\/\/chemgramx.com\/wp-content\/uploads\/2024\/10\/MDMA.jpg","type":"image\/jpeg"}],"twitter_card":"summary_large_image","twitter_misc":{"Dur\u00e9e de lecture estim\u00e9e":"3 minutes"},"schema":{"@context":"https:\/\/schema.org","@graph":[{"@type":"WebPage","@id":"https:\/\/chemgramx.com\/product\/buy-mdma-online\/","url":"https:\/\/chemgramx.com\/product\/buy-mdma-online\/","name":"MDMA online kaufen \u2013 Hochwertiges MDMA bei ChemGramX","isPartOf":{"@id":"https:\/\/chemgramx.com\/#website"},"primaryImageOfPage":{"@id":"https:\/\/chemgramx.com\/product\/buy-mdma-online\/#primaryimage"},"image":{"@id":"https:\/\/chemgramx.com\/product\/buy-mdma-online\/#primaryimage"},"thumbnailUrl":"https:\/\/chemgramx.com\/wp-content\/uploads\/2024\/10\/MDMA.jpg","datePublished":"2024-10-22T11:12:12+00:00","dateModified":"2026-05-02T19:16:55+00:00","description":"MDMA online kaufen bei ChemGramX. Reines MDMA mit diskretem Versand. Jetzt MDMA oder Ecstasy-Tabletten sicher und zuverl\u00e4ssig online bestellen!","breadcrumb":{"@id":"https:\/\/chemgramx.com\/product\/buy-mdma-online\/#breadcrumb"},"inLanguage":"fr-FR","potentialAction":[{"@type":"ReadAction","target":["https:\/\/chemgramx.com\/product\/buy-mdma-online\/"]}]},{"@type":"ImageObject","inLanguage":"fr-FR","@id":"https:\/\/chemgramx.com\/product\/buy-mdma-online\/#primaryimage","url":"https:\/\/chemgramx.com\/wp-content\/uploads\/2024\/10\/MDMA.jpg","contentUrl":"https:\/\/chemgramx.com\/wp-content\/uploads\/2024\/10\/MDMA.jpg","width":1000,"height":1000,"caption":"MDMA online kaufen"},{"@type":"BreadcrumbList","@id":"https:\/\/chemgramx.com\/product\/buy-mdma-online\/#breadcrumb","itemListElement":[{"@type":"ListItem","position":1,"name":"Home","item":"https:\/\/chemgramx.com\/"},{"@type":"ListItem","position":2,"name":"Shop","item":"https:\/\/chemgramx.com\/shop\/"},{"@type":"ListItem","position":3,"name":"MDMA online kaufen"}]},{"@type":"WebSite","@id":"https:\/\/chemgramx.com\/#website","url":"https:\/\/chemgramx.com\/","name":"Chemgramx","description":"","publisher":{"@id":"https:\/\/chemgramx.com\/#organization"},"potentialAction":[{"@type":"SearchAction","target":{"@type":"EntryPoint","urlTemplate":"https:\/\/chemgramx.com\/?s={search_term_string}"},"query-input":{"@type":"PropertyValueSpecification","valueRequired":true,"valueName":"search_term_string"}}],"inLanguage":"fr-FR"},{"@type":"Organization","@id":"https:\/\/chemgramx.com\/#organization","name":"Chemgramx","url":"https:\/\/chemgramx.com\/","logo":{"@type":"ImageObject","inLanguage":"fr-FR","@id":"https:\/\/chemgramx.com\/#\/schema\/logo\/image\/","url":"https:\/\/chemgramx.com\/wp-content\/uploads\/2024\/10\/final-logo.png","contentUrl":"https:\/\/chemgramx.com\/wp-content\/uploads\/2024\/10\/final-logo.png","width":250,"height":48,"caption":"Chemgramx"},"image":{"@id":"https:\/\/chemgramx.com\/#\/schema\/logo\/image\/"}}]}},"_links":{"self":[{"href":"https:\/\/chemgramx.com\/fr\/wp-json\/wp\/v2\/product\/731","targetHints":{"allow":["GET"]}}],"collection":[{"href":"https:\/\/chemgramx.com\/fr\/wp-json\/wp\/v2\/product"}],"about":[{"href":"https:\/\/chemgramx.com\/fr\/wp-json\/wp\/v2\/types\/product"}],"replies":[{"embeddable":true,"href":"https:\/\/chemgramx.com\/fr\/wp-json\/wp\/v2\/comments?post=731"}],"wp:featuredmedia":[{"embeddable":true,"href":"https:\/\/chemgramx.com\/fr\/wp-json\/wp\/v2\/media\/732"}],"wp:attachment":[{"href":"https:\/\/chemgramx.com\/fr\/wp-json\/wp\/v2\/media?parent=731"}],"wp:term":[{"taxonomy":"product_brand","embeddable":true,"href":"https:\/\/chemgramx.com\/fr\/wp-json\/wp\/v2\/product_brand?post=731"},{"taxonomy":"product_cat","embeddable":true,"href":"https:\/\/chemgramx.com\/fr\/wp-json\/wp\/v2\/product_cat?post=731"},{"taxonomy":"product_tag","embeddable":true,"href":"https:\/\/chemgramx.com\/fr\/wp-json\/wp\/v2\/product_tag?post=731"}],"curies":[{"name":"wp","href":"https:\/\/api.w.org\/{rel}","templated":true}]}}