{"id":741,"date":"2024-10-22T21:51:52","date_gmt":"2024-10-22T21:51:52","guid":{"rendered":"https:\/\/chemgramx.com\/?post_type=product&#038;p=741"},"modified":"2025-10-18T07:22:15","modified_gmt":"2025-10-18T07:22:15","slug":"nep-n-ethylhexedron","status":"publish","type":"product","link":"https:\/\/chemgramx.com\/fr\/produit\/nep-n-ethylhexedron\/","title":{"rendered":"Acheter NEP (N-\u00e9thylhex\u00e9drone) en ligne"},"content":{"rendered":"<h2 data-start=\"110\" data-end=\"172\">NEP (N-Ethylhexedron) Online Kaufen \u2013 Zuverl\u00e4ssig und diskret<\/h2>\n<h3 data-start=\"174\" data-end=\"214\">Acheter NEP (N-\u00e9thylhex\u00e9drone) en ligne<\/h3>\n<p data-start=\"216\" data-end=\"561\">Wenn Sie NEP (N-Ethylhexedron) online kaufen m\u00f6chten, bietet ChemGramX laborgepr\u00fcftes NEP f\u00fcr wissenschaftliche Forschungszwecke. Wer <a href=\"https:\/\/chemgramx.com\/fr\/produit\/nep-n-ethylhexedron\/\">NEP (N-Ethylhexedron) zu verkaufen<\/a> sucht, findet bei uns eine sichere und seri\u00f6se Quelle. Mit NEP (N-Ethylhexedron) online kaufen k\u00f6nnen Sie die Substanz diskret bestellen und zuverl\u00e4ssig geliefert bekommen.<\/p>\n<h3 data-start=\"563\" data-end=\"614\">Demande croissante de NEP (N-\u00e9thylhex\u00e9drone)<\/h3>\n<p data-start=\"616\" data-end=\"974\">L'int\u00e9r\u00eat pour <a href=\"https:\/\/en.wikipedia.org\/wiki\/N-Ethylhexedrone\">NEP (N-Ethylhexedron)<\/a> a connu une augmentation significative ces derni\u00e8res ann\u00e9es. Cette substance appartient au groupe des cathinones synth\u00e9tiques et est de plus en plus utilis\u00e9e en recherche scientifique. En raison de ses propri\u00e9t\u00e9s chimiques particuli\u00e8res et de ses effets sur le syst\u00e8me nerveux central, la NEP rev\u00eat une importance capitale pour de nombreux chercheurs.<\/p>\n<h3 data-start=\"976\" data-end=\"1011\">Qu'est-ce que le NEP (N-\u00e9thylhex\u00e9drone) ?<\/h3>\n<p data-start=\"1013\" data-end=\"1423\">NEP (N-Ethylhexedron) ist ein synthetisches Stimulans aus der Familie der Cathinone, das strukturell eng mit anderen bekannten Research Chemicals verwandt ist. Befehl NEP (N-Ethylhexedron) erm\u00f6glicht die Untersuchung seiner Wirkung auf Dopamin und Noradrenalin. In der Forschung wird NEP genutzt, um die Mechanismen von Stimulanzien besser zu verstehen und neue wissenschaftliche Erkenntnisse zu gewinnen.<\/p>\n<h3 data-start=\"1425\" data-end=\"1458\">Le NEP est-il l\u00e9gal dans votre pays ?<\/h3>\n<p data-start=\"1460\" data-end=\"1718\">Die Rechtslage f\u00fcr NEP (N-Ethylhexedron) zu verkaufen variiert weltweit. In Deutschland f\u00e4llt NEP unter das Neue-psychoaktive-Stoffe-Gesetz (NpSG) und darf nur zu Forschungszwecken erworben werden. Der Kauf f\u00fcr den pers\u00f6nlichen Gebrauch ist meist verboten.<\/p>\n<p data-start=\"1720\" data-end=\"1854\">Informieren Sie sich vor dem Kauf, wo kann man NEP (N-Ethylhexedron) legal kaufen erh\u00e4ltlich ist, um rechtliche Probleme zu vermeiden.<\/p>\n<h3 data-start=\"1856\" data-end=\"1896\">Pourquoi les chercheurs commandent le NEP en ligne<\/h3>\n<p data-start=\"1898\" data-end=\"2013\">Viele Forschungseinrichtungen nutzen Online-Shops, um NEP (N-Ethylhexedron) online kaufen aus folgenden Gr\u00fcnden:<\/p>\n<ul data-start=\"2015\" data-end=\"2184\">\n<li data-start=\"2015\" data-end=\"2066\">\n<p data-start=\"2017\" data-end=\"2066\">Substances test\u00e9es en laboratoire avec certificats (COA)<\/p>\n<\/li>\n<li data-start=\"2067\" data-end=\"2107\">\n<p data-start=\"2069\" data-end=\"2107\">Options d'exp\u00e9dition discr\u00e8tes et s\u00e9curis\u00e9es<\/p>\n<\/li>\n<li data-start=\"2108\" data-end=\"2184\">\n<p data-start=\"2110\" data-end=\"2184\">Flexible Mengenbestellung zu attraktiven NEP (N-Ethylhexedron) Preis<\/p>\n<\/li>\n<\/ul>\n<p data-start=\"2186\" data-end=\"2288\">L\u2019achat en ligne est donc un moyen efficace d\u2019obtenir des NEP \u00e0 des fins scientifiques.<\/p>\n<h3 data-start=\"2290\" data-end=\"2345\">Reconna\u00eetre les revendeurs r\u00e9put\u00e9s de NEP (N-\u00e9thylhex\u00e9drone)<\/h3>\n<p data-start=\"2347\" data-end=\"2441\">Beim NEP (N-Ethylhexedron) online kaufen sollten Sie auf folgende Qualit\u00e4tsmerkmale achten:<\/p>\n<ul data-start=\"2443\" data-end=\"2698\">\n<li data-start=\"2443\" data-end=\"2494\">\n<p data-start=\"2445\" data-end=\"2494\">Pr\u00e9sence d'un COA pour la puret\u00e9 et la s\u00e9curit\u00e9<\/p>\n<\/li>\n<li data-start=\"2495\" data-end=\"2540\">\n<p data-start=\"2497\" data-end=\"2540\">Informations d\u00e9taill\u00e9es sur le produit et FDS<\/p>\n<\/li>\n<li data-start=\"2541\" data-end=\"2600\">\n<p data-start=\"2543\" data-end=\"2600\">Informations transparentes sur l'entreprise et mentions l\u00e9gales valides<\/p>\n<\/li>\n<li data-start=\"2601\" data-end=\"2656\">\n<p data-start=\"2603\" data-end=\"2656\">Positive Bewertungen aus der Forschungsgemeinschaft<\/p>\n<\/li>\n<li data-start=\"2657\" data-end=\"2698\">\n<p data-start=\"2659\" data-end=\"2698\">M\u00e9thodes de paiement et d'exp\u00e9dition s\u00e9curis\u00e9es<\/p>\n<\/li>\n<\/ul>\n<p data-start=\"2700\" data-end=\"2805\">Diese Kriterien helfen Ihnen, die bester Ort, um NEP (N-Ethylhexedron) online zu kaufen zu identifizieren.<\/p>\n<h3 data-start=\"2807\" data-end=\"2849\">M\u00e9fiez-vous des fournisseurs de qualit\u00e9 inf\u00e9rieure<\/h3>\n<p data-start=\"2851\" data-end=\"2878\">\u00c9vitez les magasins qui :<\/p>\n<ul data-start=\"2880\" data-end=\"3103\">\n<li data-start=\"2880\" data-end=\"2930\">\n<p data-start=\"2882\" data-end=\"2930\">Aucune empreinte ni information de contact<\/p>\n<\/li>\n<li data-start=\"2931\" data-end=\"2998\">\n<p data-start=\"2933\" data-end=\"2998\">Unrealistisch niedrige NEP (N-Ethylhexedron) Preis anbieten<\/p>\n<\/li>\n<li data-start=\"2999\" data-end=\"3062\">\n<p data-start=\"3001\" data-end=\"3062\">Ne pas fournir d'analyses de laboratoire ni de certificats de qualit\u00e9<\/p>\n<\/li>\n<li data-start=\"3063\" data-end=\"3103\">\n<p data-start=\"3065\" data-end=\"3103\">Exploitation de sites Web non professionnels<\/p>\n<\/li>\n<\/ul>\n<p data-start=\"3105\" data-end=\"3206\">Nur renommierte H\u00e4ndler garantieren eine sichere Bestellung von NEP (N-Ethylhexedron) zu verkaufen.<\/p>\n<h3 data-start=\"3544\" data-end=\"3600\">Avantages de l'achat de NEP (N-\u00e9thylhex\u00e9drone) en ligne<\/h3>\n<ul data-start=\"3602\" data-end=\"3809\">\n<li data-start=\"3602\" data-end=\"3643\">\n<p data-start=\"3604\" data-end=\"3643\">Tests de laboratoire, substance pure avec COA<\/p>\n<\/li>\n<li data-start=\"3644\" data-end=\"3679\">\n<p data-start=\"3646\" data-end=\"3679\">Exp\u00e9dition rapide et discr\u00e8te<\/p>\n<\/li>\n<li data-start=\"3680\" data-end=\"3741\">\n<p data-start=\"3682\" data-end=\"3741\">Attraktiver NEP (N-Ethylhexedron) Preis f\u00fcr Forschung<\/p>\n<\/li>\n<li data-start=\"3742\" data-end=\"3809\">\n<p data-start=\"3744\" data-end=\"3809\">Un service client comp\u00e9tent et des conditions g\u00e9n\u00e9rales transparentes<\/p>\n<\/li>\n<\/ul>\n<h3 data-start=\"3811\" data-end=\"3850\">Achetez NEP (N-\u00e9thylhex\u00e9drone) maintenant<\/h3>\n<p data-start=\"3852\" data-end=\"4050\">Bestellen NEP (N-Ethylhexedron) online bei ChemGramX und profitieren Sie von hochwertiger Qualit\u00e4t f\u00fcr Ihre Forschung. NEP (N-Ethylhexedron) online kaufen sicher, diskret und zuverl\u00e4ssig.<\/p>","protected":false},"excerpt":{"rendered":"<h3>NEP (N-Ethylhexedron) \u2013 Premium Synthetisches Stimulans zu Verkaufen<\/h3>\n<p><strong>Entdecken Sie NEP: Ihr zuverl\u00e4ssiges synthetisches Stimulans<\/strong><\/p>\n<p>Suchen Sie eine zuverl\u00e4ssige Quelle f\u00fcr N-Ethylhexedron (NEP)? Dieses potente synthetische Stimulans hat sich aufgrund seiner euphorischen Wirkungen und stimulierenden Eigenschaften gro\u00dfer Beliebtheit erfreut. Mit NEP k\u00f6nnen Sie erh\u00f6hte Energie, verbesserte Konzentration und gesteigerte Geselligkeit erleben.<\/p>","protected":false},"featured_media":742,"comment_status":"open","ping_status":"closed","template":"","meta":{"_joinchat":[]},"product_brand":[],"product_cat":[48],"product_tag":[2775,2772,2777,1905,2776,2779,1908,2773,2774,2778],"class_list":{"0":"post-741","1":"product","2":"type-product","3":"status-publish","4":"has-post-thumbnail","6":"product_cat-stimulants","7":"product_tag-n-ethylhexedron-chemikalien","8":"product_tag-n-ethylhexedron-kaufen","9":"product_tag-nep-drogen","10":"product_tag-nep-kaufen","11":"product_tag-nep-kaufen-deutschland","12":"product_tag-nep-kaufen-shop","13":"product_tag-nep-kristalle","14":"product_tag-nep-online-kaufen","15":"product_tag-nep-preis","16":"product_tag-nep-prodej","18":"first","19":"instock","20":"shipping-taxable","21":"purchasable","22":"product-type-variable"},"yoast_head":"<!-- This site is optimized with the Yoast SEO plugin v26.1.1 - https:\/\/yoast.com\/wordpress\/plugins\/seo\/ -->\n<title>NEP online kaufen \u2013 Hochwertiges NEP bei ChemGramX<\/title>\n<meta name=\"description\" content=\"NEP online kaufen bei ChemGramX. Reines, laborgepr\u00fcftes NEP mit diskretem Versand und garantierter Qualit\u00e4t. Jetzt NEP f\u00fcr Forschungszwecke sicher bestellen!\" \/>\n<meta name=\"robots\" content=\"index, follow, max-snippet:-1, max-image-preview:large, max-video-preview:-1\" \/>\n<link rel=\"canonical\" href=\"https:\/\/chemgramx.com\/fr\/produit\/nep-n-ethylhexedron\/\" \/>\n<meta property=\"og:locale\" content=\"fr_FR\" \/>\n<meta property=\"og:type\" content=\"article\" \/>\n<meta property=\"og:title\" content=\"NEP online kaufen \u2013 Hochwertiges NEP bei ChemGramX\" \/>\n<meta property=\"og:description\" content=\"NEP online kaufen bei ChemGramX. Reines, laborgepr\u00fcftes NEP mit diskretem Versand und garantierter Qualit\u00e4t. Jetzt NEP f\u00fcr Forschungszwecke sicher bestellen!\" \/>\n<meta property=\"og:url\" content=\"https:\/\/chemgramx.com\/fr\/produit\/nep-n-ethylhexedron\/\" \/>\n<meta property=\"og:site_name\" content=\"Chemgramx\" \/>\n<meta property=\"article:modified_time\" content=\"2025-10-18T07:22:15+00:00\" \/>\n<meta property=\"og:image\" content=\"https:\/\/chemgramx.com\/wp-content\/uploads\/2024\/10\/NEP-N-Ethylhexedron.jpg\" \/>\n\t<meta property=\"og:image:width\" content=\"474\" \/>\n\t<meta property=\"og:image:height\" content=\"355\" \/>\n\t<meta property=\"og:image:type\" content=\"image\/jpeg\" \/>\n<meta name=\"twitter:card\" content=\"summary_large_image\" \/>\n<meta name=\"twitter:label1\" content=\"Dur\u00e9e de lecture estim\u00e9e\" \/>\n\t<meta name=\"twitter:data1\" content=\"3 minutes\" \/>\n<script type=\"application\/ld+json\" class=\"yoast-schema-graph\">{\"@context\":\"https:\/\/schema.org\",\"@graph\":[{\"@type\":\"WebPage\",\"@id\":\"https:\/\/chemgramx.com\/product\/nep-n-ethylhexedron\/\",\"url\":\"https:\/\/chemgramx.com\/product\/nep-n-ethylhexedron\/\",\"name\":\"NEP online kaufen \u2013 Hochwertiges NEP bei ChemGramX\",\"isPartOf\":{\"@id\":\"https:\/\/chemgramx.com\/#website\"},\"primaryImageOfPage\":{\"@id\":\"https:\/\/chemgramx.com\/product\/nep-n-ethylhexedron\/#primaryimage\"},\"image\":{\"@id\":\"https:\/\/chemgramx.com\/product\/nep-n-ethylhexedron\/#primaryimage\"},\"thumbnailUrl\":\"https:\/\/chemgramx.com\/wp-content\/uploads\/2024\/10\/NEP-N-Ethylhexedron.jpg\",\"datePublished\":\"2024-10-22T21:51:52+00:00\",\"dateModified\":\"2025-10-18T07:22:15+00:00\",\"description\":\"NEP online kaufen bei ChemGramX. Reines, laborgepr\u00fcftes NEP mit diskretem Versand und garantierter Qualit\u00e4t. Jetzt NEP f\u00fcr Forschungszwecke sicher bestellen!\",\"breadcrumb\":{\"@id\":\"https:\/\/chemgramx.com\/product\/nep-n-ethylhexedron\/#breadcrumb\"},\"inLanguage\":\"fr-FR\",\"potentialAction\":[{\"@type\":\"ReadAction\",\"target\":[\"https:\/\/chemgramx.com\/product\/nep-n-ethylhexedron\/\"]}]},{\"@type\":\"ImageObject\",\"inLanguage\":\"fr-FR\",\"@id\":\"https:\/\/chemgramx.com\/product\/nep-n-ethylhexedron\/#primaryimage\",\"url\":\"https:\/\/chemgramx.com\/wp-content\/uploads\/2024\/10\/NEP-N-Ethylhexedron.jpg\",\"contentUrl\":\"https:\/\/chemgramx.com\/wp-content\/uploads\/2024\/10\/NEP-N-Ethylhexedron.jpg\",\"width\":474,\"height\":355,\"caption\":\"NEP kaufen\"},{\"@type\":\"BreadcrumbList\",\"@id\":\"https:\/\/chemgramx.com\/product\/nep-n-ethylhexedron\/#breadcrumb\",\"itemListElement\":[{\"@type\":\"ListItem\",\"position\":1,\"name\":\"Home\",\"item\":\"https:\/\/chemgramx.com\/\"},{\"@type\":\"ListItem\",\"position\":2,\"name\":\"Shop\",\"item\":\"https:\/\/chemgramx.com\/shop\/\"},{\"@type\":\"ListItem\",\"position\":3,\"name\":\"NEP (N-Ethylhexedron) online kaufen\"}]},{\"@type\":\"WebSite\",\"@id\":\"https:\/\/chemgramx.com\/#website\",\"url\":\"https:\/\/chemgramx.com\/\",\"name\":\"Chemgramx\",\"description\":\"\",\"publisher\":{\"@id\":\"https:\/\/chemgramx.com\/#organization\"},\"potentialAction\":[{\"@type\":\"SearchAction\",\"target\":{\"@type\":\"EntryPoint\",\"urlTemplate\":\"https:\/\/chemgramx.com\/?s={search_term_string}\"},\"query-input\":{\"@type\":\"PropertyValueSpecification\",\"valueRequired\":true,\"valueName\":\"search_term_string\"}}],\"inLanguage\":\"fr-FR\"},{\"@type\":\"Organization\",\"@id\":\"https:\/\/chemgramx.com\/#organization\",\"name\":\"Chemgramx\",\"url\":\"https:\/\/chemgramx.com\/\",\"logo\":{\"@type\":\"ImageObject\",\"inLanguage\":\"fr-FR\",\"@id\":\"https:\/\/chemgramx.com\/#\/schema\/logo\/image\/\",\"url\":\"https:\/\/chemgramx.com\/wp-content\/uploads\/2024\/10\/final-logo.png\",\"contentUrl\":\"https:\/\/chemgramx.com\/wp-content\/uploads\/2024\/10\/final-logo.png\",\"width\":250,\"height\":48,\"caption\":\"Chemgramx\"},\"image\":{\"@id\":\"https:\/\/chemgramx.com\/#\/schema\/logo\/image\/\"}}]}<\/script>\n<!-- \/ Yoast SEO plugin. -->","yoast_head_json":{"title":"NEP online kaufen \u2013 Hochwertiges NEP bei ChemGramX","description":"NEP online kaufen bei ChemGramX. Reines, laborgepr\u00fcftes NEP mit diskretem Versand und garantierter Qualit\u00e4t. Jetzt NEP f\u00fcr Forschungszwecke sicher bestellen!","robots":{"index":"index","follow":"follow","max-snippet":"max-snippet:-1","max-image-preview":"max-image-preview:large","max-video-preview":"max-video-preview:-1"},"canonical":"https:\/\/chemgramx.com\/fr\/produit\/nep-n-ethylhexedron\/","og_locale":"fr_FR","og_type":"article","og_title":"NEP online kaufen \u2013 Hochwertiges NEP bei ChemGramX","og_description":"NEP online kaufen bei ChemGramX. Reines, laborgepr\u00fcftes NEP mit diskretem Versand und garantierter Qualit\u00e4t. Jetzt NEP f\u00fcr Forschungszwecke sicher bestellen!","og_url":"https:\/\/chemgramx.com\/fr\/produit\/nep-n-ethylhexedron\/","og_site_name":"Chemgramx","article_modified_time":"2025-10-18T07:22:15+00:00","og_image":[{"width":474,"height":355,"url":"https:\/\/chemgramx.com\/wp-content\/uploads\/2024\/10\/NEP-N-Ethylhexedron.jpg","type":"image\/jpeg"}],"twitter_card":"summary_large_image","twitter_misc":{"Dur\u00e9e de lecture estim\u00e9e":"3 minutes"},"schema":{"@context":"https:\/\/schema.org","@graph":[{"@type":"WebPage","@id":"https:\/\/chemgramx.com\/product\/nep-n-ethylhexedron\/","url":"https:\/\/chemgramx.com\/product\/nep-n-ethylhexedron\/","name":"NEP online kaufen \u2013 Hochwertiges NEP bei ChemGramX","isPartOf":{"@id":"https:\/\/chemgramx.com\/#website"},"primaryImageOfPage":{"@id":"https:\/\/chemgramx.com\/product\/nep-n-ethylhexedron\/#primaryimage"},"image":{"@id":"https:\/\/chemgramx.com\/product\/nep-n-ethylhexedron\/#primaryimage"},"thumbnailUrl":"https:\/\/chemgramx.com\/wp-content\/uploads\/2024\/10\/NEP-N-Ethylhexedron.jpg","datePublished":"2024-10-22T21:51:52+00:00","dateModified":"2025-10-18T07:22:15+00:00","description":"NEP online kaufen bei ChemGramX. Reines, laborgepr\u00fcftes NEP mit diskretem Versand und garantierter Qualit\u00e4t. Jetzt NEP f\u00fcr Forschungszwecke sicher bestellen!","breadcrumb":{"@id":"https:\/\/chemgramx.com\/product\/nep-n-ethylhexedron\/#breadcrumb"},"inLanguage":"fr-FR","potentialAction":[{"@type":"ReadAction","target":["https:\/\/chemgramx.com\/product\/nep-n-ethylhexedron\/"]}]},{"@type":"ImageObject","inLanguage":"fr-FR","@id":"https:\/\/chemgramx.com\/product\/nep-n-ethylhexedron\/#primaryimage","url":"https:\/\/chemgramx.com\/wp-content\/uploads\/2024\/10\/NEP-N-Ethylhexedron.jpg","contentUrl":"https:\/\/chemgramx.com\/wp-content\/uploads\/2024\/10\/NEP-N-Ethylhexedron.jpg","width":474,"height":355,"caption":"NEP kaufen"},{"@type":"BreadcrumbList","@id":"https:\/\/chemgramx.com\/product\/nep-n-ethylhexedron\/#breadcrumb","itemListElement":[{"@type":"ListItem","position":1,"name":"Home","item":"https:\/\/chemgramx.com\/"},{"@type":"ListItem","position":2,"name":"Shop","item":"https:\/\/chemgramx.com\/shop\/"},{"@type":"ListItem","position":3,"name":"NEP (N-Ethylhexedron) online kaufen"}]},{"@type":"WebSite","@id":"https:\/\/chemgramx.com\/#website","url":"https:\/\/chemgramx.com\/","name":"Chemgramx","description":"","publisher":{"@id":"https:\/\/chemgramx.com\/#organization"},"potentialAction":[{"@type":"SearchAction","target":{"@type":"EntryPoint","urlTemplate":"https:\/\/chemgramx.com\/?s={search_term_string}"},"query-input":{"@type":"PropertyValueSpecification","valueRequired":true,"valueName":"search_term_string"}}],"inLanguage":"fr-FR"},{"@type":"Organization","@id":"https:\/\/chemgramx.com\/#organization","name":"Chemgramx","url":"https:\/\/chemgramx.com\/","logo":{"@type":"ImageObject","inLanguage":"fr-FR","@id":"https:\/\/chemgramx.com\/#\/schema\/logo\/image\/","url":"https:\/\/chemgramx.com\/wp-content\/uploads\/2024\/10\/final-logo.png","contentUrl":"https:\/\/chemgramx.com\/wp-content\/uploads\/2024\/10\/final-logo.png","width":250,"height":48,"caption":"Chemgramx"},"image":{"@id":"https:\/\/chemgramx.com\/#\/schema\/logo\/image\/"}}]}},"_links":{"self":[{"href":"https:\/\/chemgramx.com\/fr\/wp-json\/wp\/v2\/product\/741","targetHints":{"allow":["GET"]}}],"collection":[{"href":"https:\/\/chemgramx.com\/fr\/wp-json\/wp\/v2\/product"}],"about":[{"href":"https:\/\/chemgramx.com\/fr\/wp-json\/wp\/v2\/types\/product"}],"replies":[{"embeddable":true,"href":"https:\/\/chemgramx.com\/fr\/wp-json\/wp\/v2\/comments?post=741"}],"wp:featuredmedia":[{"embeddable":true,"href":"https:\/\/chemgramx.com\/fr\/wp-json\/wp\/v2\/media\/742"}],"wp:attachment":[{"href":"https:\/\/chemgramx.com\/fr\/wp-json\/wp\/v2\/media?parent=741"}],"wp:term":[{"taxonomy":"product_brand","embeddable":true,"href":"https:\/\/chemgramx.com\/fr\/wp-json\/wp\/v2\/product_brand?post=741"},{"taxonomy":"product_cat","embeddable":true,"href":"https:\/\/chemgramx.com\/fr\/wp-json\/wp\/v2\/product_cat?post=741"},{"taxonomy":"product_tag","embeddable":true,"href":"https:\/\/chemgramx.com\/fr\/wp-json\/wp\/v2\/product_tag?post=741"}],"curies":[{"name":"wp","href":"https:\/\/api.w.org\/{rel}","templated":true}]}}