{"id":743,"date":"2024-10-22T22:01:05","date_gmt":"2024-10-22T22:01:05","guid":{"rendered":"https:\/\/chemgramx.com\/?post_type=product&#038;p=743"},"modified":"2025-10-18T07:22:16","modified_gmt":"2025-10-18T07:22:16","slug":"o-dsmt-kaufen","status":"publish","type":"product","link":"https:\/\/chemgramx.com\/fr\/produit\/o-dsmt-kaufen\/","title":{"rendered":"Acheter O-DSMT (Destramadol) en ligne"},"content":{"rendered":"<h2 data-start=\"110\" data-end=\"169\">O-DSMT online kaufen \u2013 Hochwertig, zuverl\u00e4ssig und diskret<\/h2>\n<h3 data-start=\"171\" data-end=\"210\">Acheter O-DSMT (Destramadol) en ligne<\/h3>\n<p data-start=\"212\" data-end=\"543\">Wenn Sie O-DSMT online kaufen m\u00f6chten, bietet ChemGramX laborgepr\u00fcftes O-DSMT (O-Desmethyltramadol) f\u00fcr wissenschaftliche Forschungszwecke. Wer O-DSMT for sale sucht, findet bei ChemGramX eine sichere und hochwertige Quelle. Mit <a href=\"https:\/\/chemgramx.com\/fr\/produit\/o-dsmt-kaufen\/\">Acheter O-DSMT en ligne<\/a>\u00a0Vous pouvez commander la substance discr\u00e8tement et la faire livrer rapidement.<\/p>\n<h3 data-start=\"545\" data-end=\"575\">Bref aper\u00e7u de l'O-DSMT<\/h3>\n<p data-start=\"577\" data-end=\"916\"><a href=\"https:\/\/en.wikipedia.org\/wiki\/Desmetramadol\">O-DSMT<\/a> ist ein halbsynthetisches Opioid und der aktive Metabolit von Tramadol. O-DSMT bestellen erm\u00f6glicht es Forschern, Analysen zur Wirkstoffforschung, Neuropharmakologie und in-vitro-Tests durchzuf\u00fchren. Seine Wirkung ist st\u00e4rker und gezielter als die des Mutterstoffes Tramadol, wodurch es besonders f\u00fcr Laborstudien interessant ist.<\/p>\n<h3 data-start=\"918\" data-end=\"972\">Pourquoi les gens recherchent \u00ab\u00a0acheter O-DSMT en ligne\u00a0\u00bb<\/h3>\n<p data-start=\"974\" data-end=\"1045\">Die Nachfrage nach O-DSMT online kaufen steigt aus mehreren Gr\u00fcnden:<\/p>\n<ul data-start=\"1047\" data-end=\"1287\">\n<li data-start=\"1047\" data-end=\"1099\">\n<p data-start=\"1049\" data-end=\"1099\">Int\u00e9r\u00eat scientifique pour les r\u00e9cepteurs opio\u00efdes<\/p>\n<\/li>\n<li data-start=\"1100\" data-end=\"1143\">\n<p data-start=\"1102\" data-end=\"1143\">Disponibilit\u00e9 difficile en pharmacie<\/p>\n<\/li>\n<li data-start=\"1144\" data-end=\"1181\">\n<p data-start=\"1146\" data-end=\"1181\">Commande et livraison discr\u00e8tes<\/p>\n<\/li>\n<li data-start=\"1182\" data-end=\"1235\">\n<p data-start=\"1184\" data-end=\"1235\">M\u00f6glichkeit zum Preisvergleich (O-DSMT-Preis)<\/p>\n<\/li>\n<li data-start=\"1236\" data-end=\"1287\">\n<p data-start=\"1238\" data-end=\"1287\">Fournisseurs internationaux de haute puret\u00e9<\/p>\n<\/li>\n<\/ul>\n<h3 data-start=\"1289\" data-end=\"1309\">Qu'est-ce que l'O-DSMT ?<\/h3>\n<p data-start=\"1311\" data-end=\"1501\">L'O-DSMT est le principal m\u00e9tabolite form\u00e9 lors de la d\u00e9gradation du tramadol dans l'organisme. Chimiquement, il appartient au groupe des opio\u00efdes synth\u00e9tiques, et plus pr\u00e9cis\u00e9ment aux compos\u00e9s ph\u00e9noliques aminocyclohexanes.<\/p>\n<h3 data-start=\"1503\" data-end=\"1546\">Classification et comparaison chimiques<\/h3>\n<p data-start=\"1548\" data-end=\"1607\">Par rapport \u00e0 d\u2019autres opio\u00efdes tels que la morphine ou la cod\u00e9ine :<\/p>\n<ul data-start=\"1609\" data-end=\"1762\">\n<li data-start=\"1609\" data-end=\"1651\">\n<p data-start=\"1611\" data-end=\"1651\">Affinit\u00e9 plus \u00e9lev\u00e9e pour les r\u00e9cepteurs \u00b5-opio\u00efdes<\/p>\n<\/li>\n<li data-start=\"1652\" data-end=\"1698\">\n<p data-start=\"1654\" data-end=\"1698\">Effet analg\u00e9sique plus fort que le tramadol<\/p>\n<\/li>\n<li data-start=\"1699\" data-end=\"1762\">\n<p data-start=\"1701\" data-end=\"1762\">Non actif s\u00e9rotoninergique\/noradr\u00e9nergique, donc plus cibl\u00e9<\/p>\n<\/li>\n<\/ul>\n<h3 data-start=\"1764\" data-end=\"1800\">Effets et avantages de l'O-DSMT<\/h3>\n<p data-start=\"1802\" data-end=\"1858\">Les effets suivants sont observ\u00e9s dans les environnements de laboratoire :<\/p>\n<ul data-start=\"1860\" data-end=\"2155\">\n<li data-start=\"1860\" data-end=\"1891\">\n<p data-start=\"1862\" data-end=\"1891\">Effet analg\u00e9sique puissant<\/p>\n<\/li>\n<li data-start=\"1892\" data-end=\"1958\">\n<p data-start=\"1894\" data-end=\"1958\">Surstimulation psychologique r\u00e9duite par rapport au tramadol<\/p>\n<\/li>\n<li data-start=\"1959\" data-end=\"2016\">\n<p data-start=\"1961\" data-end=\"2016\">D\u00e9veloppement plus lent de la tol\u00e9rance dans les mod\u00e8les de recherche<\/p>\n<\/li>\n<li data-start=\"2017\" data-end=\"2061\">\n<p data-start=\"2019\" data-end=\"2061\">Interessantes pharmakokinetisches Profil<\/p>\n<\/li>\n<li data-start=\"2062\" data-end=\"2155\">\n<p data-start=\"2064\" data-end=\"2155\">Pijnstillend, kalmerend, licht euforisch (wetenschappelijk waargenomen)<\/p>\n<\/li>\n<\/ul>\n<h3 data-start=\"2157\" data-end=\"2221\">Directives posologiques recommand\u00e9es (\u00e0 des fins de recherche uniquement)<\/h3>\n<ul data-start=\"2223\" data-end=\"2365\">\n<li data-start=\"2223\" data-end=\"2269\">\n<p data-start=\"2225\" data-end=\"2269\">Dose initiale pour les tests : 5\u201315 mg (in vitro)<\/p>\n<\/li>\n<li data-start=\"2270\" data-end=\"2300\">\n<p data-start=\"2272\" data-end=\"2300\">Quantit\u00e9 maximale test\u00e9e : &lt; 50 mg<\/p>\n<\/li>\n<li data-start=\"2301\" data-end=\"2365\">\n<p data-start=\"2303\" data-end=\"2365\">Utilizar \u00fanicamente con equipos de laboratorio y protocolos de seguridad.<\/p>\n<\/li>\n<\/ul>\n<p data-start=\"2367\" data-end=\"2442\">Achtung: O-DSMT ist nicht f\u00fcr die Einnahme durch Menschen vorgesehen.<\/p>\n<h3 data-start=\"2668\" data-end=\"2700\">Pourquoi acheter O-DSMT en ligne ?<\/h3>\n<p data-start=\"2702\" data-end=\"2747\">O-DSMT online kaufen bei ChemGramX bietet:<\/p>\n<ul data-start=\"2749\" data-end=\"2898\">\n<li data-start=\"2749\" data-end=\"2773\">\n<p data-start=\"2751\" data-end=\"2773\">Grand choix de produits<\/p>\n<\/li>\n<li data-start=\"2774\" data-end=\"2807\">\n<p data-start=\"2776\" data-end=\"2807\">Discrete en snelle levering<\/p>\n<\/li>\n<li data-start=\"2808\" data-end=\"2848\">\n<p data-start=\"2810\" data-end=\"2848\">Attraktive Preise (O-DSMT-Preis)<\/p>\n<\/li>\n<li data-start=\"2849\" data-end=\"2898\">\n<p data-start=\"2851\" data-end=\"2898\">Internationale Anbieter mit Laborzertifikaten<\/p>\n<\/li>\n<\/ul>\n<p data-start=\"2900\" data-end=\"2976\">Achetez uniquement aupr\u00e8s de fournisseurs r\u00e9put\u00e9s qui fournissent des certificats de puret\u00e9.<\/p>\n<h3 data-start=\"2978\" data-end=\"3024\">Est-il l\u00e9gal de commander de l'O-DSMT en ligne ?<\/h3>\n<p data-start=\"3026\" data-end=\"3085\">Die Rechtslage von O-DSMT zu verkaufen variiert weltweit:<\/p>\n<ul data-start=\"3087\" data-end=\"3365\">\n<li data-start=\"3087\" data-end=\"3171\">\n<p data-start=\"3089\" data-end=\"3171\">Deutschland: Meist nicht explizit im BtMG gelistet, unter Analogs\u00e4tzen reguliert<\/p>\n<\/li>\n<li data-start=\"3172\" data-end=\"3226\">\n<p data-start=\"3174\" data-end=\"3226\">\u00c9tats-Unis\u00a0: la loi f\u00e9d\u00e9rale sur l'analogique pourrait s'appliquer<\/p>\n<\/li>\n<li data-start=\"3227\" data-end=\"3282\">\n<p data-start=\"3229\" data-end=\"3282\">Grande-Bretagne, Su\u00e8de, Norv\u00e8ge : souvent interdits<\/p>\n<\/li>\n<li data-start=\"3283\" data-end=\"3365\">\n<p data-start=\"3285\" data-end=\"3365\">Autriche et Suisse\u00a0: zones grises juridiques\u00a0\u2013 examen individuel requis<\/p>\n<\/li>\n<\/ul>\n<h3 data-start=\"3367\" data-end=\"3395\">Comment s\u00e9lectionner O-DSMT<\/h3>\n<p data-start=\"3397\" data-end=\"3441\">O-DSMT est disponible sous les formes suivantes :<\/p>\n<ul data-start=\"3443\" data-end=\"3542\">\n<li data-start=\"3443\" data-end=\"3494\">\n<p data-start=\"3445\" data-end=\"3494\">Poudre \u2013 puret\u00e9 maximale, pour applications en laboratoire<\/p>\n<\/li>\n<li data-start=\"3495\" data-end=\"3542\">\n<p data-start=\"3497\" data-end=\"3542\">Capsules\/comprim\u00e9s \u2013 rares, non recommand\u00e9s<\/p>\n<\/li>\n<\/ul>\n<p data-start=\"3544\" data-end=\"3560\">\u00c0 quoi faut-il faire attention ?<\/p>\n<ul data-start=\"3562\" data-end=\"3675\">\n<li data-start=\"3562\" data-end=\"3580\">\n<p data-start=\"3564\" data-end=\"3580\">Zuiverheid \u226599%<\/p>\n<\/li>\n<li data-start=\"3581\" data-end=\"3618\">\n<p data-start=\"3583\" data-end=\"3618\">Analyses de laboratoire v\u00e9rifiables (COA)<\/p>\n<\/li>\n<li data-start=\"3619\" data-end=\"3675\">\n<p data-start=\"3621\" data-end=\"3675\">Emballage dans un environnement herm\u00e9tique et prot\u00e9g\u00e9 de la lumi\u00e8re<\/p>\n<\/li>\n<\/ul>\n<h3 data-start=\"3677\" data-end=\"3720\">Meilleurs endroits pour acheter de l'O-DSMT en ligne<\/h3>\n<p data-start=\"3722\" data-end=\"3786\">Die bester Ort, um O-DSMT online zu kaufen ist ein Anbieter, der:<\/p>\n<ul data-start=\"3788\" data-end=\"3938\">\n<li data-start=\"3788\" data-end=\"3825\">\n<p data-start=\"3790\" data-end=\"3825\">Fournit des certificats de puret\u00e9<\/p>\n<\/li>\n<li data-start=\"3826\" data-end=\"3857\">\n<p data-start=\"3828\" data-end=\"3857\">Livre discr\u00e8tement et rapidement<\/p>\n<\/li>\n<li data-start=\"3858\" data-end=\"3901\">\n<p data-start=\"3860\" data-end=\"3901\">Avis clients et r\u00e9putation positive<\/p>\n<\/li>\n<li data-start=\"3902\" data-end=\"3938\">\n<p data-start=\"3904\" data-end=\"3938\">Conforme aux r\u00e9glementations l\u00e9gales<\/p>\n<\/li>\n<\/ul>\n<p data-start=\"3940\" data-end=\"4012\">\u00c9vitez les boutiques douteuses sans mention ou aux prix irr\u00e9alistes.<\/p>\n<h3 data-start=\"4014\" data-end=\"4024\">Conclusion<\/h3>\n<p data-start=\"4026\" data-end=\"4272\">L'O-DSMT est un puissant produit chimique de recherche qui suscite un int\u00e9r\u00eat croissant en laboratoire et dans la recherche de m\u00e9dicaments. Pour les scientifiques s\u00e9rieux, l'acheter en ligne peut \u00eatre int\u00e9ressant, \u00e0 condition de respecter les exigences l\u00e9gales et les mesures de s\u00e9curit\u00e9.<\/p>\n<p data-start=\"4274\" data-end=\"4351\">O-DSMT online kaufen nur bei zertifizierten, vertrauensw\u00fcrdigen Anbietern.<\/p>","protected":false},"excerpt":{"rendered":"<h3>O-DSMT (Destramadol) - Acheter des analg\u00e9siques synth\u00e9tiques de haute qualit\u00e9<\/h3>\n<p><strong>D\u00e9couvrez O-DSMT : votre antidouleur fiable<\/strong><\/p>\n<p>Vous \u00eates \u00e0 la recherche d'une solution efficace pour soulager la douleur ? O-DSMT, \u00e9galement connu sous le nom de Destramadol, est un puissant analg\u00e9sique synth\u00e9tique appr\u00e9ci\u00e9 pour ses propri\u00e9t\u00e9s analg\u00e9siques. Id\u00e9al pour les personnes \u00e0 la recherche d'un traitement fiable, O-DSMT offre un moyen s\u00fbr de soulager la douleur.<\/p>","protected":false},"featured_media":744,"comment_status":"open","ping_status":"closed","template":"","meta":{"_joinchat":[]},"product_brand":[],"product_cat":[56],"product_tag":[2768,2771,2770,774,2767,2769,2765,777,2766,2015],"class_list":{"0":"post-743","1":"product","2":"type-product","3":"status-publish","4":"has-post-thumbnail","6":"product_cat-opioids","7":"product_tag-destramadol-kaufen","8":"product_tag-destramadol-prodej","9":"product_tag-o-dsmt-chemikalien","10":"product_tag-o-dsmt-kaufen","11":"product_tag-o-dsmt-kaufen-deutschland","12":"product_tag-o-dsmt-kristalle","13":"product_tag-o-dsmt-online","14":"product_tag-o-dsmt-preis","15":"product_tag-o-dsmt-pulver","16":"product_tag-synthetische-drogen","18":"first","19":"instock","20":"shipping-taxable","21":"product-type-simple"},"yoast_head":"<!-- This site is optimized with the Yoast SEO plugin v26.1.1 - https:\/\/yoast.com\/wordpress\/plugins\/seo\/ -->\n<title>O-DSMT (Desmetramadol) online kaufen \u2013 ChemGramX<\/title>\n<meta name=\"description\" content=\"Kaufen Sie reines O-DSMT (Desmetramadol) online bei ChemGramX. Garantierte Reinheit, diskreter Versand und schnelle Lieferung.\" \/>\n<meta name=\"robots\" content=\"index, follow, max-snippet:-1, max-image-preview:large, max-video-preview:-1\" \/>\n<link rel=\"canonical\" href=\"https:\/\/chemgramx.com\/fr\/produit\/o-dsmt-kaufen\/\" \/>\n<meta property=\"og:locale\" content=\"fr_FR\" \/>\n<meta property=\"og:type\" content=\"article\" \/>\n<meta property=\"og:title\" content=\"O-DSMT (Desmetramadol) online kaufen \u2013 ChemGramX\" \/>\n<meta property=\"og:description\" content=\"Kaufen Sie reines O-DSMT (Desmetramadol) online bei ChemGramX. Garantierte Reinheit, diskreter Versand und schnelle Lieferung.\" \/>\n<meta property=\"og:url\" content=\"https:\/\/chemgramx.com\/fr\/produit\/o-dsmt-kaufen\/\" \/>\n<meta property=\"og:site_name\" content=\"Chemgramx\" \/>\n<meta property=\"article:modified_time\" content=\"2025-10-18T07:22:16+00:00\" \/>\n<meta property=\"og:image\" content=\"https:\/\/chemgramx.com\/wp-content\/uploads\/2024\/10\/O-DSMT-kaufen.webp\" \/>\n\t<meta property=\"og:image:width\" content=\"500\" \/>\n\t<meta property=\"og:image:height\" content=\"500\" \/>\n\t<meta property=\"og:image:type\" content=\"image\/webp\" \/>\n<meta name=\"twitter:card\" content=\"summary_large_image\" \/>\n<meta name=\"twitter:label1\" content=\"Dur\u00e9e de lecture estim\u00e9e\" \/>\n\t<meta name=\"twitter:data1\" content=\"3 minutes\" \/>\n<script type=\"application\/ld+json\" class=\"yoast-schema-graph\">{\"@context\":\"https:\/\/schema.org\",\"@graph\":[{\"@type\":\"WebPage\",\"@id\":\"https:\/\/chemgramx.com\/product\/o-dsmt-kaufen\/\",\"url\":\"https:\/\/chemgramx.com\/product\/o-dsmt-kaufen\/\",\"name\":\"O-DSMT (Desmetramadol) online kaufen \u2013 ChemGramX\",\"isPartOf\":{\"@id\":\"https:\/\/chemgramx.com\/#website\"},\"primaryImageOfPage\":{\"@id\":\"https:\/\/chemgramx.com\/product\/o-dsmt-kaufen\/#primaryimage\"},\"image\":{\"@id\":\"https:\/\/chemgramx.com\/product\/o-dsmt-kaufen\/#primaryimage\"},\"thumbnailUrl\":\"https:\/\/chemgramx.com\/wp-content\/uploads\/2024\/10\/O-DSMT-kaufen.webp\",\"datePublished\":\"2024-10-22T22:01:05+00:00\",\"dateModified\":\"2025-10-18T07:22:16+00:00\",\"description\":\"Kaufen Sie reines O-DSMT (Desmetramadol) online bei ChemGramX. Garantierte Reinheit, diskreter Versand und schnelle Lieferung.\",\"breadcrumb\":{\"@id\":\"https:\/\/chemgramx.com\/product\/o-dsmt-kaufen\/#breadcrumb\"},\"inLanguage\":\"fr-FR\",\"potentialAction\":[{\"@type\":\"ReadAction\",\"target\":[\"https:\/\/chemgramx.com\/product\/o-dsmt-kaufen\/\"]}]},{\"@type\":\"ImageObject\",\"inLanguage\":\"fr-FR\",\"@id\":\"https:\/\/chemgramx.com\/product\/o-dsmt-kaufen\/#primaryimage\",\"url\":\"https:\/\/chemgramx.com\/wp-content\/uploads\/2024\/10\/O-DSMT-kaufen.webp\",\"contentUrl\":\"https:\/\/chemgramx.com\/wp-content\/uploads\/2024\/10\/O-DSMT-kaufen.webp\",\"width\":500,\"height\":500,\"caption\":\"O-DSMT kaufen\"},{\"@type\":\"BreadcrumbList\",\"@id\":\"https:\/\/chemgramx.com\/product\/o-dsmt-kaufen\/#breadcrumb\",\"itemListElement\":[{\"@type\":\"ListItem\",\"position\":1,\"name\":\"Home\",\"item\":\"https:\/\/chemgramx.com\/\"},{\"@type\":\"ListItem\",\"position\":2,\"name\":\"Shop\",\"item\":\"https:\/\/chemgramx.com\/shop\/\"},{\"@type\":\"ListItem\",\"position\":3,\"name\":\"O-DSMT (Destramadol) online kaufen\"}]},{\"@type\":\"WebSite\",\"@id\":\"https:\/\/chemgramx.com\/#website\",\"url\":\"https:\/\/chemgramx.com\/\",\"name\":\"Chemgramx\",\"description\":\"\",\"publisher\":{\"@id\":\"https:\/\/chemgramx.com\/#organization\"},\"potentialAction\":[{\"@type\":\"SearchAction\",\"target\":{\"@type\":\"EntryPoint\",\"urlTemplate\":\"https:\/\/chemgramx.com\/?s={search_term_string}\"},\"query-input\":{\"@type\":\"PropertyValueSpecification\",\"valueRequired\":true,\"valueName\":\"search_term_string\"}}],\"inLanguage\":\"fr-FR\"},{\"@type\":\"Organization\",\"@id\":\"https:\/\/chemgramx.com\/#organization\",\"name\":\"Chemgramx\",\"url\":\"https:\/\/chemgramx.com\/\",\"logo\":{\"@type\":\"ImageObject\",\"inLanguage\":\"fr-FR\",\"@id\":\"https:\/\/chemgramx.com\/#\/schema\/logo\/image\/\",\"url\":\"https:\/\/chemgramx.com\/wp-content\/uploads\/2024\/10\/final-logo.png\",\"contentUrl\":\"https:\/\/chemgramx.com\/wp-content\/uploads\/2024\/10\/final-logo.png\",\"width\":250,\"height\":48,\"caption\":\"Chemgramx\"},\"image\":{\"@id\":\"https:\/\/chemgramx.com\/#\/schema\/logo\/image\/\"}}]}<\/script>\n<!-- \/ Yoast SEO plugin. -->","yoast_head_json":{"title":"O-DSMT (Desmetramadol) online kaufen \u2013 ChemGramX","description":"Kaufen Sie reines O-DSMT (Desmetramadol) online bei ChemGramX. Garantierte Reinheit, diskreter Versand und schnelle Lieferung.","robots":{"index":"index","follow":"follow","max-snippet":"max-snippet:-1","max-image-preview":"max-image-preview:large","max-video-preview":"max-video-preview:-1"},"canonical":"https:\/\/chemgramx.com\/fr\/produit\/o-dsmt-kaufen\/","og_locale":"fr_FR","og_type":"article","og_title":"O-DSMT (Desmetramadol) online kaufen \u2013 ChemGramX","og_description":"Kaufen Sie reines O-DSMT (Desmetramadol) online bei ChemGramX. Garantierte Reinheit, diskreter Versand und schnelle Lieferung.","og_url":"https:\/\/chemgramx.com\/fr\/produit\/o-dsmt-kaufen\/","og_site_name":"Chemgramx","article_modified_time":"2025-10-18T07:22:16+00:00","og_image":[{"width":500,"height":500,"url":"https:\/\/chemgramx.com\/wp-content\/uploads\/2024\/10\/O-DSMT-kaufen.webp","type":"image\/webp"}],"twitter_card":"summary_large_image","twitter_misc":{"Dur\u00e9e de lecture estim\u00e9e":"3 minutes"},"schema":{"@context":"https:\/\/schema.org","@graph":[{"@type":"WebPage","@id":"https:\/\/chemgramx.com\/product\/o-dsmt-kaufen\/","url":"https:\/\/chemgramx.com\/product\/o-dsmt-kaufen\/","name":"O-DSMT (Desmetramadol) online kaufen \u2013 ChemGramX","isPartOf":{"@id":"https:\/\/chemgramx.com\/#website"},"primaryImageOfPage":{"@id":"https:\/\/chemgramx.com\/product\/o-dsmt-kaufen\/#primaryimage"},"image":{"@id":"https:\/\/chemgramx.com\/product\/o-dsmt-kaufen\/#primaryimage"},"thumbnailUrl":"https:\/\/chemgramx.com\/wp-content\/uploads\/2024\/10\/O-DSMT-kaufen.webp","datePublished":"2024-10-22T22:01:05+00:00","dateModified":"2025-10-18T07:22:16+00:00","description":"Kaufen Sie reines O-DSMT (Desmetramadol) online bei ChemGramX. Garantierte Reinheit, diskreter Versand und schnelle Lieferung.","breadcrumb":{"@id":"https:\/\/chemgramx.com\/product\/o-dsmt-kaufen\/#breadcrumb"},"inLanguage":"fr-FR","potentialAction":[{"@type":"ReadAction","target":["https:\/\/chemgramx.com\/product\/o-dsmt-kaufen\/"]}]},{"@type":"ImageObject","inLanguage":"fr-FR","@id":"https:\/\/chemgramx.com\/product\/o-dsmt-kaufen\/#primaryimage","url":"https:\/\/chemgramx.com\/wp-content\/uploads\/2024\/10\/O-DSMT-kaufen.webp","contentUrl":"https:\/\/chemgramx.com\/wp-content\/uploads\/2024\/10\/O-DSMT-kaufen.webp","width":500,"height":500,"caption":"O-DSMT kaufen"},{"@type":"BreadcrumbList","@id":"https:\/\/chemgramx.com\/product\/o-dsmt-kaufen\/#breadcrumb","itemListElement":[{"@type":"ListItem","position":1,"name":"Home","item":"https:\/\/chemgramx.com\/"},{"@type":"ListItem","position":2,"name":"Shop","item":"https:\/\/chemgramx.com\/shop\/"},{"@type":"ListItem","position":3,"name":"O-DSMT (Destramadol) online kaufen"}]},{"@type":"WebSite","@id":"https:\/\/chemgramx.com\/#website","url":"https:\/\/chemgramx.com\/","name":"Chemgramx","description":"","publisher":{"@id":"https:\/\/chemgramx.com\/#organization"},"potentialAction":[{"@type":"SearchAction","target":{"@type":"EntryPoint","urlTemplate":"https:\/\/chemgramx.com\/?s={search_term_string}"},"query-input":{"@type":"PropertyValueSpecification","valueRequired":true,"valueName":"search_term_string"}}],"inLanguage":"fr-FR"},{"@type":"Organization","@id":"https:\/\/chemgramx.com\/#organization","name":"Chemgramx","url":"https:\/\/chemgramx.com\/","logo":{"@type":"ImageObject","inLanguage":"fr-FR","@id":"https:\/\/chemgramx.com\/#\/schema\/logo\/image\/","url":"https:\/\/chemgramx.com\/wp-content\/uploads\/2024\/10\/final-logo.png","contentUrl":"https:\/\/chemgramx.com\/wp-content\/uploads\/2024\/10\/final-logo.png","width":250,"height":48,"caption":"Chemgramx"},"image":{"@id":"https:\/\/chemgramx.com\/#\/schema\/logo\/image\/"}}]}},"_links":{"self":[{"href":"https:\/\/chemgramx.com\/fr\/wp-json\/wp\/v2\/product\/743","targetHints":{"allow":["GET"]}}],"collection":[{"href":"https:\/\/chemgramx.com\/fr\/wp-json\/wp\/v2\/product"}],"about":[{"href":"https:\/\/chemgramx.com\/fr\/wp-json\/wp\/v2\/types\/product"}],"replies":[{"embeddable":true,"href":"https:\/\/chemgramx.com\/fr\/wp-json\/wp\/v2\/comments?post=743"}],"wp:featuredmedia":[{"embeddable":true,"href":"https:\/\/chemgramx.com\/fr\/wp-json\/wp\/v2\/media\/744"}],"wp:attachment":[{"href":"https:\/\/chemgramx.com\/fr\/wp-json\/wp\/v2\/media?parent=743"}],"wp:term":[{"taxonomy":"product_brand","embeddable":true,"href":"https:\/\/chemgramx.com\/fr\/wp-json\/wp\/v2\/product_brand?post=743"},{"taxonomy":"product_cat","embeddable":true,"href":"https:\/\/chemgramx.com\/fr\/wp-json\/wp\/v2\/product_cat?post=743"},{"taxonomy":"product_tag","embeddable":true,"href":"https:\/\/chemgramx.com\/fr\/wp-json\/wp\/v2\/product_tag?post=743"}],"curies":[{"name":"wp","href":"https:\/\/api.w.org\/{rel}","templated":true}]}}