{"id":745,"date":"2024-10-22T22:09:26","date_gmt":"2024-10-22T22:09:26","guid":{"rendered":"https:\/\/chemgramx.com\/?post_type=product&#038;p=745"},"modified":"2025-10-15T05:28:16","modified_gmt":"2025-10-15T05:28:16","slug":"2c-b-4-brom-25-dimethoxyphenethylamin","status":"publish","type":"product","link":"https:\/\/chemgramx.com\/fr\/produit\/2c-b-4-brom-25-dimethoxyphenethylamin\/","title":{"rendered":"2C-B (4-bromo-2,5-dim\u00e9thoxyph\u00e9n\u00e9thylamine) acheter en ligne"},"content":{"rendered":"<h2 data-start=\"110\" data-end=\"167\">Achetez 2C-B en ligne \u2013 Haute qualit\u00e9, fiable et discret<\/h2>\n<h3 data-start=\"169\" data-end=\"192\">Achetez 2C-B en ligne<\/h3>\n<p data-start=\"194\" data-end=\"600\">Si vous souhaitez acheter du 2C-B en ligne, ChemGramX est votre source fiable de 2C-B (4-Bromo-2,5-dim\u00e9thoxyph\u00e9n\u00e9thylamine) test\u00e9 en laboratoire. Si vous cherchez du 2C-B \u00e0 vendre, vous trouverez chez ChemGramX un produit s\u00fbr, sp\u00e9cialement d\u00e9velopp\u00e9 pour la recherche scientifique. <a href=\"https:\/\/chemgramx.com\/fr\/produit\/2c-b-4-brom-25-dimethoxyphenethylamin\/\">Achetez 2C-B en ligne<\/a>\u00a0vous permet de commander directement des produits chimiques de recherche de haute qualit\u00e9 et de les faire livrer discr\u00e8tement.<\/p>\n<h3 data-start=\"602\" data-end=\"620\">Qu'est-ce que 2C-B ?<\/h3>\n<p data-start=\"622\" data-end=\"814\"><a href=\"https:\/\/en.wikipedia.org\/wiki\/2C-B\">2C-B<\/a> est une ph\u00e9n\u00e9thylamine psych\u00e9d\u00e9lique synth\u00e9tique qui interagit avec les r\u00e9cepteurs de la s\u00e9rotonine tels que 5-HT2A et 5-HT2C, influen\u00e7ant ainsi la cognition et l'activit\u00e9 des neurotransmetteurs :<\/p>\n<ul data-start=\"816\" data-end=\"1160\">\n<li data-start=\"816\" data-end=\"930\">\n<p data-start=\"818\" data-end=\"930\">Liaison au r\u00e9cepteur : fonctionne comme un agoniste partiel, produisant des changements sensoriels et cognitifs.<\/p>\n<\/li>\n<li data-start=\"931\" data-end=\"1065\">\n<p data-start=\"933\" data-end=\"1065\">Effets neurologiques : modifie les voies de signalisation de la s\u00e9rotonine et affecte l\u2019humeur, la perception visuelle et les processus cognitifs.<\/p>\n<\/li>\n<li data-start=\"1066\" data-end=\"1160\">\n<p data-start=\"1068\" data-end=\"1160\">Activit\u00e9 modifi\u00e9e : Le groupe brome distingue le 2C-B des autres ph\u00e9n\u00e9thylamines.<\/p>\n<\/li>\n<\/ul>\n<p data-start=\"1162\" data-end=\"1295\">Les chercheurs qui commandent le 2C-B l\u2019utilisent pour \u00e9tudier les m\u00e9canismes des changements de conscience, d\u2019humeur et de perception.<\/p>\n<h3 data-start=\"1297\" data-end=\"1320\">Pourquoi acheter 2C-B ?<\/h3>\n<p data-start=\"1322\" data-end=\"1661\">En achetant du C-B, vous obtenez une substance d'une grande puret\u00e9, id\u00e9ale pour la recherche. Les scientifiques utilisent le 2C-B pour analyser ses effets sur la s\u00e9rotonine et les processus neuronaux. La vente de 2C-B est un outil pr\u00e9cieux pour \u00e9tudier les alt\u00e9rations de la conscience et leurs fondements neurologiques.<\/p>\n<h3 data-start=\"1663\" data-end=\"1700\">Koop 2C-B online bij ChemGramX<\/h3>\n<p data-start=\"1702\" data-end=\"1972\">ChemGramX propose un moyen s\u00e9curis\u00e9 d'acheter du 2C-B en ligne. Notre poudre de 2C-B est test\u00e9e ind\u00e9pendamment pour garantir une puret\u00e9 et une qualit\u00e9 optimales. Si vous cherchez o\u00f9 acheter du 2C-B, ChemGramX est la solution id\u00e9ale pour des produits chimiques de recherche purs et de haute qualit\u00e9.<\/p>\n<h3 data-start=\"1974\" data-end=\"2021\">Avantages de l'achat de 2C-B aupr\u00e8s de ChemGramX<\/h3>\n<ul data-start=\"2023\" data-end=\"2275\">\n<li data-start=\"2023\" data-end=\"2100\">\n<p data-start=\"2025\" data-end=\"2100\">Puret\u00e9 test\u00e9e en laboratoire : Consistance garantie et qualit\u00e9 maximale.<\/p>\n<\/li>\n<li data-start=\"2101\" data-end=\"2157\">\n<p data-start=\"2103\" data-end=\"2157\">Exp\u00e9dition discr\u00e8te : Livr\u00e9e de mani\u00e8re s\u00e9curis\u00e9e et anonyme.<\/p>\n<\/li>\n<li data-start=\"2158\" data-end=\"2275\">\n<p data-start=\"2160\" data-end=\"2275\">Id\u00e9al pour la recherche : le 2C-B est optimal pour les \u00e9tudes sur les psych\u00e9d\u00e9liques, les effets de la s\u00e9rotonine et l'activit\u00e9 neuronale.<\/p>\n<\/li>\n<\/ul>\n<h3 data-start=\"2277\" data-end=\"2312\">L\u00e9galit\u00e9 et exp\u00e9dition s\u00e9curis\u00e9e<\/h3>\n<p data-start=\"2314\" data-end=\"2580\">La l\u00e9galit\u00e9 de la vente de 2C-B varie selon les pays. Avant d'en acheter, v\u00e9rifiez la r\u00e9glementation en vigueur dans votre r\u00e9gion. ChemGramX vend du 2C-B exclusivement \u00e0 des fins scientifiques et garantit sa conformit\u00e9 \u00e0 toutes les r\u00e9glementations.<\/p>\n<h3 data-start=\"2582\" data-end=\"2604\">Achetez 2C-B maintenant<\/h3>\n<p data-start=\"2606\" data-end=\"2810\">En achetant du 2C-B en ligne, vous b\u00e9n\u00e9ficiez d'une livraison rapide, d'une exp\u00e9dition discr\u00e8te et d'une puret\u00e9 optimale garantie. Commandez d\u00e8s aujourd'hui et assurez-vous d'avoir du 2C-B pour vos projets de recherche.<\/p>\n<p data-start=\"2812\" data-end=\"2903\">ChemGramX \u2013 Votre source fiable de 2C-B et de produits chimiques de recherche de haute qualit\u00e9<\/p>","protected":false},"excerpt":{"rendered":"<p>2C-B (4-Bromo-2,5-dimethoxyphenethylamin) ist ein psychedelisches Phenethylamin, das von Alexander Shulgin in den 1970er Jahren entwickelt wurde. Es geh\u00f6rt zur Familie der 2C-Drogen und wird h\u00e4ufig f\u00fcr seine intensiven, aber kontrollierbaren Effekte gesch\u00e4tzt. 2C-B wird oft in der Partyszene und in der therapeutischen Umgebung verwendet.<\/p>\n<h3><strong>Formule et structure<\/strong><\/h3>\n<ul>\n<li><strong>Formule chimique<\/strong>: C10H14BrNO2<\/li>\n<li><strong>Poids mol\u00e9culaire<\/strong>: 260,13 g\/mol<\/li>\n<li><strong>Propri\u00e9t\u00e9s chimiques<\/strong>: Die Struktur umfasst eine 2,5-Dimethoxygruppe und ein Bromatom, die gemeinsam die pharmakologische Aktivit\u00e4t und Stabilit\u00e4t des Molek\u00fcls pr\u00e4gen.<\/li>\n<\/ul>\n<h3><strong>Dur\u00e9e et effets<\/strong><\/h3>\n<p>Die Wirkung von 2C-B h\u00e4lt in der Regel <strong>4 \u00e0 8 heures<\/strong> an, abh\u00e4ngig von Dosierung und individueller Empfindlichkeit:<\/p>\n<ul>\n<li><strong>D\u00e9but de l'effet<\/strong>30 \u00e0 60 minutes.<\/li>\n<li><strong>Point culminant<\/strong>2 \u00e0 4 heures.<\/li>\n<li><strong>R\u00e9percussions<\/strong>: Effets subtils qui s'estompent en 1 \u00e0 2 heures.<\/li>\n<\/ul>","protected":false},"featured_media":746,"comment_status":"open","ping_status":"closed","template":"","meta":{"_joinchat":[]},"product_brand":[],"product_cat":[96],"product_tag":[1236,1233,1243,1229,1242,1226,1227,1222,1218,1238,1240,1223,1234,1237,1221,1228,1239,1244,1241,1219,1220,1224,1225,1235,1230,1232,1231],"class_list":{"0":"post-745","1":"product","2":"type-product","3":"status-publish","4":"has-post-thumbnail","6":"product_cat-psychedelische-droge","7":"product_tag-2c-b-bestellen","8":"product_tag-2c-b-bulk-bestellung","9":"product_tag-2c-b-chemikalie","10":"product_tag-2c-b-experimente","11":"product_tag-2c-b-forschung","12":"product_tag-2c-b-forschung-chemikalie","13":"product_tag-2c-b-fur-neurowissenschaftliche-studien","14":"product_tag-2c-b-groshandel","15":"product_tag-2c-b-kaufen","16":"product_tag-2c-b-labor","17":"product_tag-2c-b-legal","18":"product_tag-2c-b-lieferant","19":"product_tag-2c-b-marktanalyse","20":"product_tag-2c-b-online","21":"product_tag-2c-b-online-bestellen","22":"product_tag-2c-b-pharmazeutische-forschung","23":"product_tag-2c-b-sicher","24":"product_tag-2c-b-versand","25":"product_tag-2cb-gunstig","26":"product_tag-4-bromo-2","27":"product_tag-5-dimethoxyphenethylamin-bestellen","28":"product_tag-forschung-chemikalien-2c-b","29":"product_tag-hochwertige-2c-b-kaufen","30":"product_tag-innovative-2c-b-forschung","31":"product_tag-laborqualitat-2c-b","32":"product_tag-legaler-2c-b-anbieter","33":"product_tag-sicherer-2c-b-versand","35":"first","36":"instock","37":"shipping-taxable","38":"product-type-simple"},"yoast_head":"<!-- This site is optimized with the Yoast SEO plugin v26.1.1 - https:\/\/yoast.com\/wordpress\/plugins\/seo\/ -->\n<title>2C-B (4-Brom-2,5-dimethoxyphenethylamin) online kaufen<\/title>\n<meta name=\"description\" content=\"2C-b (4-Brom-2,5-dimethoxyphenethylamin) ist jetzt ganz einfach in unserem Onlineshop erh\u00e4ltlich. Sie k\u00f6nnen sich direkt mit unserem Chemgramx-Shop verbinden und 2C-b (4-Brom-2,5-dimethoxyphenethylamin) online zu den besten Preisen kaufen.\" \/>\n<meta name=\"robots\" content=\"index, follow, max-snippet:-1, max-image-preview:large, max-video-preview:-1\" \/>\n<link rel=\"canonical\" href=\"https:\/\/chemgramx.com\/fr\/produit\/2c-b-4-brom-25-dimethoxyphenethylamin\/\" \/>\n<meta property=\"og:locale\" content=\"fr_FR\" \/>\n<meta property=\"og:type\" content=\"article\" \/>\n<meta property=\"og:title\" content=\"2C-B (4-Brom-2,5-dimethoxyphenethylamin) online kaufen\" \/>\n<meta property=\"og:description\" content=\"2C-b (4-Brom-2,5-dimethoxyphenethylamin) ist jetzt ganz einfach in unserem Onlineshop erh\u00e4ltlich. Sie k\u00f6nnen sich direkt mit unserem Chemgramx-Shop verbinden und 2C-b (4-Brom-2,5-dimethoxyphenethylamin) online zu den besten Preisen kaufen.\" \/>\n<meta property=\"og:url\" content=\"https:\/\/chemgramx.com\/fr\/produit\/2c-b-4-brom-25-dimethoxyphenethylamin\/\" \/>\n<meta property=\"og:site_name\" content=\"Chemgramx\" \/>\n<meta property=\"article:modified_time\" content=\"2025-10-15T05:28:16+00:00\" \/>\n<meta property=\"og:image\" content=\"https:\/\/chemgramx.com\/wp-content\/uploads\/2024\/10\/2C-B-kaufen.jpg\" \/>\n\t<meta property=\"og:image:width\" content=\"500\" \/>\n\t<meta property=\"og:image:height\" content=\"500\" \/>\n\t<meta property=\"og:image:type\" content=\"image\/jpeg\" \/>\n<meta name=\"twitter:card\" content=\"summary_large_image\" \/>\n<meta name=\"twitter:label1\" content=\"Dur\u00e9e de lecture estim\u00e9e\" \/>\n\t<meta name=\"twitter:data1\" content=\"2 minutes\" \/>\n<script type=\"application\/ld+json\" class=\"yoast-schema-graph\">{\"@context\":\"https:\/\/schema.org\",\"@graph\":[{\"@type\":\"WebPage\",\"@id\":\"https:\/\/chemgramx.com\/product\/2c-b-4-brom-25-dimethoxyphenethylamin\/\",\"url\":\"https:\/\/chemgramx.com\/product\/2c-b-4-brom-25-dimethoxyphenethylamin\/\",\"name\":\"2C-B (4-Brom-2,5-dimethoxyphenethylamin) online kaufen\",\"isPartOf\":{\"@id\":\"https:\/\/chemgramx.com\/#website\"},\"primaryImageOfPage\":{\"@id\":\"https:\/\/chemgramx.com\/product\/2c-b-4-brom-25-dimethoxyphenethylamin\/#primaryimage\"},\"image\":{\"@id\":\"https:\/\/chemgramx.com\/product\/2c-b-4-brom-25-dimethoxyphenethylamin\/#primaryimage\"},\"thumbnailUrl\":\"https:\/\/chemgramx.com\/wp-content\/uploads\/2024\/10\/2C-B-kaufen.jpg\",\"datePublished\":\"2024-10-22T22:09:26+00:00\",\"dateModified\":\"2025-10-15T05:28:16+00:00\",\"description\":\"2C-b (4-Brom-2,5-dimethoxyphenethylamin) ist jetzt ganz einfach in unserem Onlineshop erh\u00e4ltlich. Sie k\u00f6nnen sich direkt mit unserem Chemgramx-Shop verbinden und 2C-b (4-Brom-2,5-dimethoxyphenethylamin) online zu den besten Preisen kaufen.\",\"breadcrumb\":{\"@id\":\"https:\/\/chemgramx.com\/product\/2c-b-4-brom-25-dimethoxyphenethylamin\/#breadcrumb\"},\"inLanguage\":\"fr-FR\",\"potentialAction\":[{\"@type\":\"ReadAction\",\"target\":[\"https:\/\/chemgramx.com\/product\/2c-b-4-brom-25-dimethoxyphenethylamin\/\"]}]},{\"@type\":\"ImageObject\",\"inLanguage\":\"fr-FR\",\"@id\":\"https:\/\/chemgramx.com\/product\/2c-b-4-brom-25-dimethoxyphenethylamin\/#primaryimage\",\"url\":\"https:\/\/chemgramx.com\/wp-content\/uploads\/2024\/10\/2C-B-kaufen.jpg\",\"contentUrl\":\"https:\/\/chemgramx.com\/wp-content\/uploads\/2024\/10\/2C-B-kaufen.jpg\",\"width\":500,\"height\":500,\"caption\":\"2C-B (4-Brom-2,5-dimethoxyphenethylamin) online kaufen\"},{\"@type\":\"BreadcrumbList\",\"@id\":\"https:\/\/chemgramx.com\/product\/2c-b-4-brom-25-dimethoxyphenethylamin\/#breadcrumb\",\"itemListElement\":[{\"@type\":\"ListItem\",\"position\":1,\"name\":\"Home\",\"item\":\"https:\/\/chemgramx.com\/\"},{\"@type\":\"ListItem\",\"position\":2,\"name\":\"Shop\",\"item\":\"https:\/\/chemgramx.com\/shop\/\"},{\"@type\":\"ListItem\",\"position\":3,\"name\":\"2C-B (4-Bromo-2,5-dimethoxyphenethylamin) Online kaufen\"}]},{\"@type\":\"WebSite\",\"@id\":\"https:\/\/chemgramx.com\/#website\",\"url\":\"https:\/\/chemgramx.com\/\",\"name\":\"Chemgramx\",\"description\":\"\",\"publisher\":{\"@id\":\"https:\/\/chemgramx.com\/#organization\"},\"potentialAction\":[{\"@type\":\"SearchAction\",\"target\":{\"@type\":\"EntryPoint\",\"urlTemplate\":\"https:\/\/chemgramx.com\/?s={search_term_string}\"},\"query-input\":{\"@type\":\"PropertyValueSpecification\",\"valueRequired\":true,\"valueName\":\"search_term_string\"}}],\"inLanguage\":\"fr-FR\"},{\"@type\":\"Organization\",\"@id\":\"https:\/\/chemgramx.com\/#organization\",\"name\":\"Chemgramx\",\"url\":\"https:\/\/chemgramx.com\/\",\"logo\":{\"@type\":\"ImageObject\",\"inLanguage\":\"fr-FR\",\"@id\":\"https:\/\/chemgramx.com\/#\/schema\/logo\/image\/\",\"url\":\"https:\/\/chemgramx.com\/wp-content\/uploads\/2024\/10\/final-logo.png\",\"contentUrl\":\"https:\/\/chemgramx.com\/wp-content\/uploads\/2024\/10\/final-logo.png\",\"width\":250,\"height\":48,\"caption\":\"Chemgramx\"},\"image\":{\"@id\":\"https:\/\/chemgramx.com\/#\/schema\/logo\/image\/\"}}]}<\/script>\n<!-- \/ Yoast SEO plugin. -->","yoast_head_json":{"title":"2C-B (4-Brom-2,5-dim\u00e9thoxyph\u00e9n\u00e9thylamine) en ligne","description":"Le 2C-b (4-Bromo-2,5-dim\u00e9thoxyph\u00e9n\u00e9thylamine) est d\u00e9sormais disponible sur notre boutique en ligne. Connectez-vous directement \u00e0 notre boutique Chemgramx et achetez-le en ligne au meilleur prix.","robots":{"index":"index","follow":"follow","max-snippet":"max-snippet:-1","max-image-preview":"max-image-preview:large","max-video-preview":"max-video-preview:-1"},"canonical":"https:\/\/chemgramx.com\/fr\/produit\/2c-b-4-brom-25-dimethoxyphenethylamin\/","og_locale":"fr_FR","og_type":"article","og_title":"2C-B (4-Brom-2,5-dimethoxyphenethylamin) online kaufen","og_description":"2C-b (4-Brom-2,5-dimethoxyphenethylamin) ist jetzt ganz einfach in unserem Onlineshop erh\u00e4ltlich. Sie k\u00f6nnen sich direkt mit unserem Chemgramx-Shop verbinden und 2C-b (4-Brom-2,5-dimethoxyphenethylamin) online zu den besten Preisen kaufen.","og_url":"https:\/\/chemgramx.com\/fr\/produit\/2c-b-4-brom-25-dimethoxyphenethylamin\/","og_site_name":"Chemgramx","article_modified_time":"2025-10-15T05:28:16+00:00","og_image":[{"width":500,"height":500,"url":"https:\/\/chemgramx.com\/wp-content\/uploads\/2024\/10\/2C-B-kaufen.jpg","type":"image\/jpeg"}],"twitter_card":"summary_large_image","twitter_misc":{"Dur\u00e9e de lecture estim\u00e9e":"2 minutes"},"schema":{"@context":"https:\/\/schema.org","@graph":[{"@type":"WebPage","@id":"https:\/\/chemgramx.com\/product\/2c-b-4-brom-25-dimethoxyphenethylamin\/","url":"https:\/\/chemgramx.com\/product\/2c-b-4-brom-25-dimethoxyphenethylamin\/","name":"2C-B (4-Brom-2,5-dim\u00e9thoxyph\u00e9n\u00e9thylamine) en ligne","isPartOf":{"@id":"https:\/\/chemgramx.com\/#website"},"primaryImageOfPage":{"@id":"https:\/\/chemgramx.com\/product\/2c-b-4-brom-25-dimethoxyphenethylamin\/#primaryimage"},"image":{"@id":"https:\/\/chemgramx.com\/product\/2c-b-4-brom-25-dimethoxyphenethylamin\/#primaryimage"},"thumbnailUrl":"https:\/\/chemgramx.com\/wp-content\/uploads\/2024\/10\/2C-B-kaufen.jpg","datePublished":"2024-10-22T22:09:26+00:00","dateModified":"2025-10-15T05:28:16+00:00","description":"Le 2C-b (4-Bromo-2,5-dim\u00e9thoxyph\u00e9n\u00e9thylamine) est d\u00e9sormais disponible sur notre boutique en ligne. Connectez-vous directement \u00e0 notre boutique Chemgramx et achetez-le en ligne au meilleur prix.","breadcrumb":{"@id":"https:\/\/chemgramx.com\/product\/2c-b-4-brom-25-dimethoxyphenethylamin\/#breadcrumb"},"inLanguage":"fr-FR","potentialAction":[{"@type":"ReadAction","target":["https:\/\/chemgramx.com\/product\/2c-b-4-brom-25-dimethoxyphenethylamin\/"]}]},{"@type":"ImageObject","inLanguage":"fr-FR","@id":"https:\/\/chemgramx.com\/product\/2c-b-4-brom-25-dimethoxyphenethylamin\/#primaryimage","url":"https:\/\/chemgramx.com\/wp-content\/uploads\/2024\/10\/2C-B-kaufen.jpg","contentUrl":"https:\/\/chemgramx.com\/wp-content\/uploads\/2024\/10\/2C-B-kaufen.jpg","width":500,"height":500,"caption":"2C-B (4-Brom-2,5-dimethoxyphenethylamin) online kaufen"},{"@type":"BreadcrumbList","@id":"https:\/\/chemgramx.com\/product\/2c-b-4-brom-25-dimethoxyphenethylamin\/#breadcrumb","itemListElement":[{"@type":"ListItem","position":1,"name":"Home","item":"https:\/\/chemgramx.com\/"},{"@type":"ListItem","position":2,"name":"Shop","item":"https:\/\/chemgramx.com\/shop\/"},{"@type":"ListItem","position":3,"name":"2C-B (4-Bromo-2,5-dimethoxyphenethylamin) Online kaufen"}]},{"@type":"WebSite","@id":"https:\/\/chemgramx.com\/#website","url":"https:\/\/chemgramx.com\/","name":"Chemgramx","description":"","publisher":{"@id":"https:\/\/chemgramx.com\/#organization"},"potentialAction":[{"@type":"SearchAction","target":{"@type":"EntryPoint","urlTemplate":"https:\/\/chemgramx.com\/?s={search_term_string}"},"query-input":{"@type":"PropertyValueSpecification","valueRequired":true,"valueName":"search_term_string"}}],"inLanguage":"fr-FR"},{"@type":"Organization","@id":"https:\/\/chemgramx.com\/#organization","name":"Chemgramx","url":"https:\/\/chemgramx.com\/","logo":{"@type":"ImageObject","inLanguage":"fr-FR","@id":"https:\/\/chemgramx.com\/#\/schema\/logo\/image\/","url":"https:\/\/chemgramx.com\/wp-content\/uploads\/2024\/10\/final-logo.png","contentUrl":"https:\/\/chemgramx.com\/wp-content\/uploads\/2024\/10\/final-logo.png","width":250,"height":48,"caption":"Chemgramx"},"image":{"@id":"https:\/\/chemgramx.com\/#\/schema\/logo\/image\/"}}]}},"_links":{"self":[{"href":"https:\/\/chemgramx.com\/fr\/wp-json\/wp\/v2\/product\/745","targetHints":{"allow":["GET"]}}],"collection":[{"href":"https:\/\/chemgramx.com\/fr\/wp-json\/wp\/v2\/product"}],"about":[{"href":"https:\/\/chemgramx.com\/fr\/wp-json\/wp\/v2\/types\/product"}],"replies":[{"embeddable":true,"href":"https:\/\/chemgramx.com\/fr\/wp-json\/wp\/v2\/comments?post=745"}],"wp:featuredmedia":[{"embeddable":true,"href":"https:\/\/chemgramx.com\/fr\/wp-json\/wp\/v2\/media\/746"}],"wp:attachment":[{"href":"https:\/\/chemgramx.com\/fr\/wp-json\/wp\/v2\/media?parent=745"}],"wp:term":[{"taxonomy":"product_brand","embeddable":true,"href":"https:\/\/chemgramx.com\/fr\/wp-json\/wp\/v2\/product_brand?post=745"},{"taxonomy":"product_cat","embeddable":true,"href":"https:\/\/chemgramx.com\/fr\/wp-json\/wp\/v2\/product_cat?post=745"},{"taxonomy":"product_tag","embeddable":true,"href":"https:\/\/chemgramx.com\/fr\/wp-json\/wp\/v2\/product_tag?post=745"}],"curies":[{"name":"wp","href":"https:\/\/api.w.org\/{rel}","templated":true}]}}