{"id":7482,"date":"2025-11-21T11:17:30","date_gmt":"2025-11-21T11:17:30","guid":{"rendered":"https:\/\/chemgramx.com\/?post_type=product&#038;p=7482"},"modified":"2025-11-21T11:17:54","modified_gmt":"2025-11-21T11:17:54","slug":"5fur-144-commande-en-ligne","status":"publish","type":"product","link":"https:\/\/chemgramx.com\/fr\/produit\/5fur-144-commande-en-ligne\/","title":{"rendered":"5Fur-144 commande en ligne"},"content":{"rendered":"<p data-start=\"110\" data-end=\"551\"><strong data-start=\"110\" data-end=\"122\">5FUR-144<\/strong> est un cannabino\u00efde synth\u00e9tique moderne, d\u00e9velopp\u00e9 \u00e0 des fins de recherche scientifique pour \u00e9tudier les interactions avec les r\u00e9cepteurs cannabino\u00efdes. <strong data-start=\"283\" data-end=\"290\">CB1<\/strong> et <strong data-start=\"295\" data-end=\"302\">CB2<\/strong> dans le corps humain. Cette substance fait partie d'une nouvelle g\u00e9n\u00e9ration de produits chimiques de recherche qui am\u00e9liorent la compr\u00e9hension du <strong data-start=\"440\" data-end=\"467\">Syst\u00e8me endocannabino\u00efde<\/strong> et contribuer au d\u00e9veloppement d'applications th\u00e9rapeutiques potentielles.<\/p>\n<p data-start=\"553\" data-end=\"920\">Les chercheurs qui <strong data-start=\"567\" data-end=\"593\">5FUR-144 acheter en ligne<\/strong>, Nous attachons une grande importance \u00e0 la qualit\u00e9 et \u00e0 la puret\u00e9 de nos produits, car ils sont \u00e9galement tr\u00e8s appr\u00e9ci\u00e9s des consommateurs. <em data-start=\"661\" data-end=\"693\">vrai ou faux 5FUR-144 \u00e0 vendre<\/em> est en circulation. Il est donc crucial de ne commander qu'aupr\u00e8s de sources certifi\u00e9es. Le site <strong data-start=\"796\" data-end=\"826\">best place to buy 5FUR-144<\/strong> se distingue par des analyses de laboratoire, une tarification transparente et une livraison discr\u00e8te.<\/p>\n<h2 data-start=\"927\" data-end=\"949\">Qu'est-ce que le 5FUR-144 ?<\/h2>\n<p data-start=\"951\" data-end=\"1239\"><strong data-start=\"951\" data-end=\"963\">5FUR-144<\/strong> (\u00e9galement connu sous le nom de 5F-UR-144) est un cannabino\u00efde synth\u00e9tique appartenant au groupe des compos\u00e9s \u00e0 base d'indole. Il a \u00e9t\u00e9 d\u00e9velopp\u00e9 pour imiter la structure et les effets des cannabino\u00efdes naturels comme le THC, mais avec une stabilit\u00e9 accrue et une liaison contr\u00f4l\u00e9e aux r\u00e9cepteurs.<\/p>\n<p data-start=\"1241\" data-end=\"1528\">Le compos\u00e9 chimique interagit avec les r\u00e9cepteurs CB1 et CB2 du syst\u00e8me nerveux humain et est donc particuli\u00e8rement int\u00e9ressant pour les chercheurs qui <strong data-start=\"1395\" data-end=\"1429\">M\u00e9canismes de transduction des signaux<\/strong>, <strong data-start=\"1431\" data-end=\"1454\">Affinit\u00e9s avec les r\u00e9cepteurs<\/strong> et <strong data-start=\"1459\" data-end=\"1487\">interactions mol\u00e9culaires<\/strong> dans le syst\u00e8me endocannabino\u00efde.<\/p>\n<p data-start=\"1530\" data-end=\"1705\">Gr\u00e2ce \u00e0 sa structure chimique sp\u00e9cifique, le 5FUR-144 offre aux scientifiques un mod\u00e8le fiable pour \u00e9tudier les effets physiologiques des cannabino\u00efdes synth\u00e9tiques.<\/p>\n<h2 data-start=\"1712\" data-end=\"1740\">Propri\u00e9t\u00e9s chimiques<\/h2>\n<ul data-start=\"1742\" data-end=\"2095\">\n<li data-start=\"1742\" data-end=\"1842\">\n<p data-start=\"1744\" data-end=\"1842\"><strong data-start=\"1744\" data-end=\"1764\">Nom chimique :<\/strong> (1-(5-fluoropentyl)-1H-indol-3-yl)(2,2,3,3-t\u00e9tram\u00e9thylcyclopropyl)m\u00e9thanone<\/p>\n<\/li>\n<li data-start=\"1843\" data-end=\"1875\">\n<p data-start=\"1845\" data-end=\"1875\"><strong data-start=\"1845\" data-end=\"1863\">Formule mol\u00e9culaire :<\/strong> C22H28FNO<\/p>\n<\/li>\n<li data-start=\"1876\" data-end=\"1914\">\n<p data-start=\"1878\" data-end=\"1914\"><strong data-start=\"1878\" data-end=\"1899\">Poids mol\u00e9culaire :<\/strong> 341,47 g\/mol<\/p>\n<\/li>\n<li data-start=\"1915\" data-end=\"1968\">\n<p data-start=\"1917\" data-end=\"1968\"><strong data-start=\"1917\" data-end=\"1933\">Apparence :<\/strong> Poudre fine, blanche \u00e0 beige<\/p>\n<\/li>\n<li data-start=\"1969\" data-end=\"2007\">\n<p data-start=\"1971\" data-end=\"2007\"><strong data-start=\"1971\" data-end=\"1984\">Puret\u00e9 :<\/strong> \u226598 % (test\u00e9 HPLC)<\/p>\n<\/li>\n<li data-start=\"2008\" data-end=\"2095\">\n<p data-start=\"2010\" data-end=\"2095\"><strong data-start=\"2010\" data-end=\"2025\">la stabilit\u00e9 :<\/strong> Stable au stockage dans un endroit frais, sec et \u00e0 l'abri de la lumi\u00e8re<\/p>\n<\/li>\n<\/ul>\n<p data-start=\"2097\" data-end=\"2263\">Chaque lot est analys\u00e9 de mani\u00e8re approfondie et <strong data-start=\"2149\" data-end=\"2182\">Certificat d'analyse (COA)<\/strong> pour confirmer la puret\u00e9, la structure chimique et la concentration.<\/p>\n<h2 data-start=\"2270\" data-end=\"2296\">Applications de recherche<\/h2>\n<p data-start=\"2298\" data-end=\"2610\"><strong data-start=\"2298\" data-end=\"2310\">5FUR-144<\/strong> est exclusivement utilis\u00e9 dans les laboratoires scientifiques et <strong data-start=\"2380\" data-end=\"2426\">non destin\u00e9 \u00e0 la consommation humaine<\/strong>. Il offre aux chercheurs un outil fiable pour \u00e9tudier les liaisons des r\u00e9cepteurs, les processus physiologiques et les effets th\u00e9rapeutiques potentiels des cannabino\u00efdes synth\u00e9tiques.<\/p>\n<p data-start=\"2612\" data-end=\"2662\">Parmi les principales applications de recherche, on peut citer<\/p>\n<ul data-start=\"2664\" data-end=\"3097\">\n<li data-start=\"2664\" data-end=\"2738\">\n<p data-start=\"2666\" data-end=\"2738\"><strong data-start=\"2666\" data-end=\"2695\">\u00c9tudes pharmacologiques :<\/strong> Analyse de la liaison aux r\u00e9cepteurs CB1 et CB2<\/p>\n<\/li>\n<li data-start=\"2739\" data-end=\"2833\">\n<p data-start=\"2741\" data-end=\"2833\"><strong data-start=\"2741\" data-end=\"2775\">\u00c9tudes toxicologiques :<\/strong> \u00c9valuation comparative des cannabino\u00efdes synth\u00e9tiques<\/p>\n<\/li>\n<li data-start=\"2834\" data-end=\"2931\">\n<p data-start=\"2836\" data-end=\"2931\"><strong data-start=\"2836\" data-end=\"2870\">Normes de r\u00e9f\u00e9rence analytiques :<\/strong> D\u00e9veloppement de m\u00e9thodes de d\u00e9tection pour les analyses m\u00e9dico-l\u00e9gales<\/p>\n<\/li>\n<li data-start=\"2932\" data-end=\"3016\">\n<p data-start=\"2934\" data-end=\"3016\"><strong data-start=\"2934\" data-end=\"2963\">Recherche neurochimique :<\/strong> \u00c9tude de la transmission des signaux dans le syst\u00e8me nerveux<\/p>\n<\/li>\n<li data-start=\"3017\" data-end=\"3097\">\n<p data-start=\"3019\" data-end=\"3097\"><strong data-start=\"3019\" data-end=\"3041\">\u00c9tudes comparatives :<\/strong> \u00c9valuation des effets par rapport au THC et \u00e0 l'UR-144<\/p>\n<\/li>\n<\/ul>\n<p data-start=\"3099\" data-end=\"3218\">Ces applications multiples font du 5FUR-144 un \u00e9l\u00e9ment indispensable de la recherche moderne sur les cannabino\u00efdes.<\/p>\n<h2 data-start=\"3225\" data-end=\"3263\">Consignes de s\u00e9curit\u00e9 et d'utilisation<\/h2>\n<p data-start=\"3265\" data-end=\"3475\">La substance <strong data-start=\"3278\" data-end=\"3290\">5FUR-144<\/strong> ne doit \u00eatre utilis\u00e9 que dans des environnements de laboratoire contr\u00f4l\u00e9s par un personnel qualifi\u00e9. Elle est <strong data-start=\"3392\" data-end=\"3421\">pas pour la consommation humaine<\/strong> et autoris\u00e9s exclusivement \u00e0 des fins de recherche.<\/p>\n<p data-start=\"3477\" data-end=\"3548\">Les mesures de s\u00e9curit\u00e9 suivantes doivent \u00eatre respect\u00e9es lors de la manipulation :<\/p>\n<ul data-start=\"3549\" data-end=\"3800\">\n<li data-start=\"3549\" data-end=\"3631\">\n<p data-start=\"3551\" data-end=\"3631\">utilisation d'un \u00e9quipement de protection appropri\u00e9 (blouse de laboratoire, gants, lunettes de protection)<\/p>\n<\/li>\n<li data-start=\"3632\" data-end=\"3673\">\n<p data-start=\"3634\" data-end=\"3673\">Travailler sous une hotte chimique<\/p>\n<\/li>\n<li data-start=\"3674\" data-end=\"3740\">\n<p data-start=\"3676\" data-end=\"3740\">Stockage dans des r\u00e9cipients \u00e9tanches \u00e0 l'air et \u00e0 l'abri de la lumi\u00e8re \u00e0 une temp\u00e9rature comprise entre 2 et 8 \u00b0C<\/p>\n<\/li>\n<li data-start=\"3741\" data-end=\"3800\">\n<p data-start=\"3743\" data-end=\"3800\">Documentation stricte de l'utilisation selon les normes BPL<\/p>\n<\/li>\n<\/ul>\n<p data-start=\"3802\" data-end=\"3900\">Ces mesures garantissent la s\u00e9curit\u00e9 et emp\u00eachent la contamination ou la d\u00e9composition chimique.<\/p>\n<h2 data-start=\"3907\" data-end=\"3950\">Avantages de l'achat en ligne de 5FUR-144<\/h2>\n<p data-start=\"3952\" data-end=\"4088\">Les chercheurs qui <strong data-start=\"3966\" data-end=\"3992\">5FUR-144 acheter en ligne<\/strong>, Les clients qui ach\u00e8tent des produits en ligne b\u00e9n\u00e9ficient d'une qualit\u00e9 de laboratoire contr\u00f4l\u00e9e, d'une tarification transparente et d'une exp\u00e9dition s\u00fbre.<\/p>\n<h3 data-start=\"4090\" data-end=\"4122\">Aper\u00e7u des principaux avantages<\/h3>\n<ul data-start=\"4123\" data-end=\"4540\">\n<li data-start=\"4123\" data-end=\"4189\">\n<p data-start=\"4125\" data-end=\"4189\"><strong data-start=\"4125\" data-end=\"4152\">Qualit\u00e9 de laboratoire test\u00e9e :<\/strong> Puret\u00e9 \u226598 %, avec certificat COA<\/p>\n<\/li>\n<li data-start=\"4190\" data-end=\"4285\">\n<p data-start=\"4192\" data-end=\"4285\"><strong data-start=\"4192\" data-end=\"4225\">Prix transparent 5FUR-144 :<\/strong> Une structure de prix clairement compr\u00e9hensible pour les budgets de recherche<\/p>\n<\/li>\n<li data-start=\"4286\" data-end=\"4379\">\n<p data-start=\"4288\" data-end=\"4379\"><strong data-start=\"4288\" data-end=\"4316\">Disponibilit\u00e9 en gros :<\/strong> possibilit\u00e9, <strong data-start=\"4330\" data-end=\"4359\">buy cheap 5FUR-144 en ligne<\/strong> pour les projets de laboratoire<\/p>\n<\/li>\n<li data-start=\"4380\" data-end=\"4453\">\n<p data-start=\"4382\" data-end=\"4453\"><strong data-start=\"4382\" data-end=\"4404\">Envoi discret :<\/strong> Emballage neutre, livraison rapide et s\u00fbre<\/p>\n<\/li>\n<li data-start=\"4454\" data-end=\"4540\">\n<p data-start=\"4456\" data-end=\"4540\"><strong data-start=\"4456\" data-end=\"4482\">Distributeurs certifi\u00e9s :<\/strong> Uniquement les fournisseurs contr\u00f4l\u00e9s dont la qualit\u00e9 des produits est prouv\u00e9e<\/p>\n<\/li>\n<\/ul>\n<p data-start=\"4542\" data-end=\"4736\">Le site <strong data-start=\"4546\" data-end=\"4583\">meilleur endroit pour acheter 5FUR-144<\/strong>, offre non seulement des normes de laboratoire de haute qualit\u00e9, mais aussi un service et une discr\u00e9tion essentiels pour les instituts de recherche et les projets universitaires.<\/p>\n<h2 data-start=\"4743\" data-end=\"4771\">Prix \u200b\u200bet disponibilit\u00e9<\/h2>\n<p data-start=\"4773\" data-end=\"4973\">Le site <strong data-start=\"4777\" data-end=\"4795\">5FUR-144 Prix<\/strong> d\u00e9pend de la puret\u00e9, de la quantit\u00e9 command\u00e9e et du pays de livraison. Les instituts de recherche peuvent b\u00e9n\u00e9ficier de <strong data-start=\"4883\" data-end=\"4916\">Remises sur les commandes en gros<\/strong> b\u00e9n\u00e9ficier, en particulier pour les projets \u00e0 long terme.<\/p>\n<p data-start=\"4975\" data-end=\"5199\">Les fournisseurs s\u00e9rieux livrent dans un d\u00e9lai de <strong data-start=\"5014\" data-end=\"5031\">1-3 jours ouvrables<\/strong>, en option par <strong data-start=\"5046\" data-end=\"5070\">Envoi express (24h)<\/strong>. L'envoi se fait discr\u00e8tement apr\u00e8s <strong data-start=\"5105\" data-end=\"5151\">Allemagne, Autriche et Suisse<\/strong>, emball\u00e9 de mani\u00e8re neutre et avec suivi.<\/p>\n<h2 data-start=\"5206\" data-end=\"5230\">Mentions l\u00e9gales<\/h2>\n<p data-start=\"5232\" data-end=\"5490\">La classification juridique de <strong data-start=\"5262\" data-end=\"5274\">5FUR-144<\/strong> diff\u00e8re au niveau international. En Allemagne, il rel\u00e8ve de la <strong data-start=\"5343\" data-end=\"5385\">Loi sur les nouvelles substances psychoactives (NpSG)<\/strong> et est donc <strong data-start=\"5400\" data-end=\"5429\">autoris\u00e9 uniquement pour la recherche<\/strong>. Des r\u00e8gles similaires sont en vigueur en Suisse et en Autriche.<\/p>\n<p data-start=\"5492\" data-end=\"5639\">Les acheteurs doivent s'assurer que l'achat et l'utilisation du 5FUR-144 sont l\u00e9gaux dans leur pays, uniquement \u00e0 des fins scientifiques.<\/p>\n<h3 data-start=\"2274\" data-end=\"2284\">Conclusion<\/h3>\n<p data-start=\"2286\" data-end=\"2712\">Si vous souhaitez acheter du 5Fur-144 en ligne, assurez-vous de bien v\u00e9rifier o\u00f9 l'acheter et de comparer les prix aupr\u00e8s de revendeurs r\u00e9put\u00e9s. Seuls les fournisseurs garantissant une puret\u00e9 test\u00e9e sont les meilleurs pour acheter du 5Fur-144. Que vous souhaitiez commander du 5Fur-144 authentique ou contrefait pour des tests, ou acheter du 5Fur-144 \u00e0 bas prix en ligne pour des projets de recherche de plus grande envergure, la qualit\u00e9 et la fiabilit\u00e9 sont primordiales.<\/p>","protected":false},"excerpt":{"rendered":"<p><strong>5F-UR-144<\/strong> est un cannabino\u00efde synth\u00e9tique d\u00e9velopp\u00e9 pour la recherche scientifique afin d'\u00e9tudier ses effets sur le syst\u00e8me endocannabino\u00efde. Il est propos\u00e9 exclusivement \u00e0 des fins de recherche et ne convient pas \u00e0 la consommation humaine.<\/p>","protected":false},"featured_media":7512,"comment_status":"open","ping_status":"closed","template":"","meta":{"_joinchat":[]},"product_brand":[],"product_cat":[1805],"product_tag":[2019,2025,2020,2023,2024,2022,2021,188,1814,333],"class_list":{"0":"post-7482","1":"product","2":"type-product","3":"status-publish","4":"has-post-thumbnail","6":"product_cat-indazol-basiert","7":"product_tag-5fur-144","8":"product_tag-5fur-144-chemikalien","9":"product_tag-5fur-144-kaufen","10":"product_tag-5fur-144-kristalle","11":"product_tag-5fur-144-online","12":"product_tag-5fur-144-pulver","13":"product_tag-5fur-144-zum-verkauf","14":"product_tag-forschungschemikalien","15":"product_tag-forschungsstoffe-kaufen","16":"product_tag-synthetische-cannabinoide","18":"first","19":"instock","20":"shipping-taxable","21":"purchasable","22":"product-type-variable"},"yoast_head":"<!-- This site is optimized with the Yoast SEO plugin v26.3 - https:\/\/yoast.com\/wordpress\/plugins\/seo\/ -->\n<title>5Fur-144 online kaufen \u2013 5Fur-144 zu verkaufen | chemgramx<\/title>\n<meta name=\"description\" content=\"Sie k\u00f6nnen 5Fur-144 in unserem Online-Shop kaufen und es problemlos bis an Ihre Haust\u00fcr geliefert bekommen. Wir helfen Ihnen, 5Fur-144 online zu kaufen. Geben Sie einfach jetzt Ihre Bestellung auf!\" \/>\n<meta name=\"robots\" content=\"noindex, follow, max-snippet:-1, max-image-preview:large, max-video-preview:-1\" \/>\n<meta property=\"og:locale\" content=\"fr_FR\" \/>\n<meta property=\"og:type\" content=\"article\" \/>\n<meta property=\"og:title\" content=\"5Fur-144 online kaufen \u2013 5Fur-144 zu verkaufen | chemgramx\" \/>\n<meta property=\"og:description\" content=\"Sie k\u00f6nnen 5Fur-144 in unserem Online-Shop kaufen und es problemlos bis an Ihre Haust\u00fcr geliefert bekommen. Wir helfen Ihnen, 5Fur-144 online zu kaufen. Geben Sie einfach jetzt Ihre Bestellung auf!\" \/>\n<meta property=\"og:url\" content=\"https:\/\/chemgramx.com\/fr\/produit\/5fur-144-commande-en-ligne\/\" \/>\n<meta property=\"og:site_name\" content=\"Chemgramx\" \/>\n<meta property=\"article:modified_time\" content=\"2025-11-21T11:17:54+00:00\" \/>\n<meta property=\"og:image\" content=\"https:\/\/chemgramx.com\/wp-content\/uploads\/2025\/11\/5fur144.png\" \/>\n\t<meta property=\"og:image:width\" content=\"600\" \/>\n\t<meta property=\"og:image:height\" content=\"400\" \/>\n\t<meta property=\"og:image:type\" content=\"image\/png\" \/>\n<meta name=\"twitter:card\" content=\"summary_large_image\" \/>\n<meta name=\"twitter:label1\" content=\"Dur\u00e9e de lecture estim\u00e9e\" \/>\n\t<meta name=\"twitter:data1\" content=\"3 minutes\" \/>\n<script type=\"application\/ld+json\" class=\"yoast-schema-graph\">{\"@context\":\"https:\/\/schema.org\",\"@graph\":[{\"@type\":\"WebPage\",\"@id\":\"https:\/\/chemgramx.com\/product\/5fur-144-online-bestellung\/\",\"url\":\"https:\/\/chemgramx.com\/product\/5fur-144-online-bestellung\/\",\"name\":\"5Fur-144 online kaufen \u2013 5Fur-144 zu verkaufen | chemgramx\",\"isPartOf\":{\"@id\":\"https:\/\/chemgramx.com\/#website\"},\"primaryImageOfPage\":{\"@id\":\"https:\/\/chemgramx.com\/product\/5fur-144-online-bestellung\/#primaryimage\"},\"image\":{\"@id\":\"https:\/\/chemgramx.com\/product\/5fur-144-online-bestellung\/#primaryimage\"},\"thumbnailUrl\":\"https:\/\/chemgramx.com\/wp-content\/uploads\/2025\/11\/5fur144.png\",\"datePublished\":\"2025-11-21T11:17:30+00:00\",\"dateModified\":\"2025-11-21T11:17:54+00:00\",\"description\":\"Sie k\u00f6nnen 5Fur-144 in unserem Online-Shop kaufen und es problemlos bis an Ihre Haust\u00fcr geliefert bekommen. Wir helfen Ihnen, 5Fur-144 online zu kaufen. Geben Sie einfach jetzt Ihre Bestellung auf!\",\"breadcrumb\":{\"@id\":\"https:\/\/chemgramx.com\/product\/5fur-144-online-bestellung\/#breadcrumb\"},\"inLanguage\":\"fr-FR\",\"potentialAction\":[{\"@type\":\"ReadAction\",\"target\":[\"https:\/\/chemgramx.com\/product\/5fur-144-online-bestellung\/\"]}]},{\"@type\":\"ImageObject\",\"inLanguage\":\"fr-FR\",\"@id\":\"https:\/\/chemgramx.com\/product\/5fur-144-online-bestellung\/#primaryimage\",\"url\":\"https:\/\/chemgramx.com\/wp-content\/uploads\/2025\/11\/5fur144.png\",\"contentUrl\":\"https:\/\/chemgramx.com\/wp-content\/uploads\/2025\/11\/5fur144.png\",\"width\":600,\"height\":400},{\"@type\":\"BreadcrumbList\",\"@id\":\"https:\/\/chemgramx.com\/product\/5fur-144-online-bestellung\/#breadcrumb\",\"itemListElement\":[{\"@type\":\"ListItem\",\"position\":1,\"name\":\"Home\",\"item\":\"https:\/\/chemgramx.com\/\"},{\"@type\":\"ListItem\",\"position\":2,\"name\":\"Shop\",\"item\":\"https:\/\/chemgramx.com\/shop\/\"},{\"@type\":\"ListItem\",\"position\":3,\"name\":\"5Fur-144 online bestellung\"}]},{\"@type\":\"WebSite\",\"@id\":\"https:\/\/chemgramx.com\/#website\",\"url\":\"https:\/\/chemgramx.com\/\",\"name\":\"Chemgramx\",\"description\":\"\",\"publisher\":{\"@id\":\"https:\/\/chemgramx.com\/#organization\"},\"potentialAction\":[{\"@type\":\"SearchAction\",\"target\":{\"@type\":\"EntryPoint\",\"urlTemplate\":\"https:\/\/chemgramx.com\/?s={search_term_string}\"},\"query-input\":{\"@type\":\"PropertyValueSpecification\",\"valueRequired\":true,\"valueName\":\"search_term_string\"}}],\"inLanguage\":\"fr-FR\"},{\"@type\":\"Organization\",\"@id\":\"https:\/\/chemgramx.com\/#organization\",\"name\":\"Chemgramx\",\"url\":\"https:\/\/chemgramx.com\/\",\"logo\":{\"@type\":\"ImageObject\",\"inLanguage\":\"fr-FR\",\"@id\":\"https:\/\/chemgramx.com\/#\/schema\/logo\/image\/\",\"url\":\"https:\/\/chemgramx.com\/wp-content\/uploads\/2024\/10\/final-logo.png\",\"contentUrl\":\"https:\/\/chemgramx.com\/wp-content\/uploads\/2024\/10\/final-logo.png\",\"width\":250,\"height\":48,\"caption\":\"Chemgramx\"},\"image\":{\"@id\":\"https:\/\/chemgramx.com\/#\/schema\/logo\/image\/\"}}]}<\/script>\n<!-- \/ Yoast SEO plugin. -->","yoast_head_json":{"title":"Achetez du 5Fur-144 en ligne \u2013 5Fur-144 \u00e0 vendre | chemgramx","description":"Achetez 5Fur-144 sur notre boutique en ligne et recevez-le chez vous en toute simplicit\u00e9. Nous vous aidons \u00e0 acheter 5Fur-144 en ligne. Passez commande d\u00e8s maintenant\u00a0!","robots":{"index":"noindex","follow":"follow","max-snippet":"max-snippet:-1","max-image-preview":"max-image-preview:large","max-video-preview":"max-video-preview:-1"},"og_locale":"fr_FR","og_type":"article","og_title":"5Fur-144 online kaufen \u2013 5Fur-144 zu verkaufen | chemgramx","og_description":"Sie k\u00f6nnen 5Fur-144 in unserem Online-Shop kaufen und es problemlos bis an Ihre Haust\u00fcr geliefert bekommen. Wir helfen Ihnen, 5Fur-144 online zu kaufen. Geben Sie einfach jetzt Ihre Bestellung auf!","og_url":"https:\/\/chemgramx.com\/fr\/produit\/5fur-144-commande-en-ligne\/","og_site_name":"Chemgramx","article_modified_time":"2025-11-21T11:17:54+00:00","og_image":[{"width":600,"height":400,"url":"https:\/\/chemgramx.com\/wp-content\/uploads\/2025\/11\/5fur144.png","type":"image\/png"}],"twitter_card":"summary_large_image","twitter_misc":{"Dur\u00e9e de lecture estim\u00e9e":"3 minutes"},"schema":{"@context":"https:\/\/schema.org","@graph":[{"@type":"WebPage","@id":"https:\/\/chemgramx.com\/product\/5fur-144-online-bestellung\/","url":"https:\/\/chemgramx.com\/product\/5fur-144-online-bestellung\/","name":"Achetez du 5Fur-144 en ligne \u2013 5Fur-144 \u00e0 vendre | chemgramx","isPartOf":{"@id":"https:\/\/chemgramx.com\/#website"},"primaryImageOfPage":{"@id":"https:\/\/chemgramx.com\/product\/5fur-144-online-bestellung\/#primaryimage"},"image":{"@id":"https:\/\/chemgramx.com\/product\/5fur-144-online-bestellung\/#primaryimage"},"thumbnailUrl":"https:\/\/chemgramx.com\/wp-content\/uploads\/2025\/11\/5fur144.png","datePublished":"2025-11-21T11:17:30+00:00","dateModified":"2025-11-21T11:17:54+00:00","description":"Achetez 5Fur-144 sur notre boutique en ligne et recevez-le chez vous en toute simplicit\u00e9. Nous vous aidons \u00e0 acheter 5Fur-144 en ligne. Passez commande d\u00e8s maintenant\u00a0!","breadcrumb":{"@id":"https:\/\/chemgramx.com\/product\/5fur-144-online-bestellung\/#breadcrumb"},"inLanguage":"fr-FR","potentialAction":[{"@type":"ReadAction","target":["https:\/\/chemgramx.com\/product\/5fur-144-online-bestellung\/"]}]},{"@type":"ImageObject","inLanguage":"fr-FR","@id":"https:\/\/chemgramx.com\/product\/5fur-144-online-bestellung\/#primaryimage","url":"https:\/\/chemgramx.com\/wp-content\/uploads\/2025\/11\/5fur144.png","contentUrl":"https:\/\/chemgramx.com\/wp-content\/uploads\/2025\/11\/5fur144.png","width":600,"height":400},{"@type":"BreadcrumbList","@id":"https:\/\/chemgramx.com\/product\/5fur-144-online-bestellung\/#breadcrumb","itemListElement":[{"@type":"ListItem","position":1,"name":"Home","item":"https:\/\/chemgramx.com\/"},{"@type":"ListItem","position":2,"name":"Shop","item":"https:\/\/chemgramx.com\/shop\/"},{"@type":"ListItem","position":3,"name":"5Fur-144 online bestellung"}]},{"@type":"WebSite","@id":"https:\/\/chemgramx.com\/#website","url":"https:\/\/chemgramx.com\/","name":"Chemgramx","description":"","publisher":{"@id":"https:\/\/chemgramx.com\/#organization"},"potentialAction":[{"@type":"SearchAction","target":{"@type":"EntryPoint","urlTemplate":"https:\/\/chemgramx.com\/?s={search_term_string}"},"query-input":{"@type":"PropertyValueSpecification","valueRequired":true,"valueName":"search_term_string"}}],"inLanguage":"fr-FR"},{"@type":"Organization","@id":"https:\/\/chemgramx.com\/#organization","name":"Chemgramx","url":"https:\/\/chemgramx.com\/","logo":{"@type":"ImageObject","inLanguage":"fr-FR","@id":"https:\/\/chemgramx.com\/#\/schema\/logo\/image\/","url":"https:\/\/chemgramx.com\/wp-content\/uploads\/2024\/10\/final-logo.png","contentUrl":"https:\/\/chemgramx.com\/wp-content\/uploads\/2024\/10\/final-logo.png","width":250,"height":48,"caption":"Chemgramx"},"image":{"@id":"https:\/\/chemgramx.com\/#\/schema\/logo\/image\/"}}]}},"_links":{"self":[{"href":"https:\/\/chemgramx.com\/fr\/wp-json\/wp\/v2\/product\/7482","targetHints":{"allow":["GET"]}}],"collection":[{"href":"https:\/\/chemgramx.com\/fr\/wp-json\/wp\/v2\/product"}],"about":[{"href":"https:\/\/chemgramx.com\/fr\/wp-json\/wp\/v2\/types\/product"}],"replies":[{"embeddable":true,"href":"https:\/\/chemgramx.com\/fr\/wp-json\/wp\/v2\/comments?post=7482"}],"wp:featuredmedia":[{"embeddable":true,"href":"https:\/\/chemgramx.com\/fr\/wp-json\/wp\/v2\/media\/7512"}],"wp:attachment":[{"href":"https:\/\/chemgramx.com\/fr\/wp-json\/wp\/v2\/media?parent=7482"}],"wp:term":[{"taxonomy":"product_brand","embeddable":true,"href":"https:\/\/chemgramx.com\/fr\/wp-json\/wp\/v2\/product_brand?post=7482"},{"taxonomy":"product_cat","embeddable":true,"href":"https:\/\/chemgramx.com\/fr\/wp-json\/wp\/v2\/product_cat?post=7482"},{"taxonomy":"product_tag","embeddable":true,"href":"https:\/\/chemgramx.com\/fr\/wp-json\/wp\/v2\/product_tag?post=7482"}],"curies":[{"name":"wp","href":"https:\/\/api.w.org\/{rel}","templated":true}]}}