{"id":753,"date":"2024-10-22T22:47:20","date_gmt":"2024-10-22T22:47:20","guid":{"rendered":"https:\/\/chemgramx.com\/?post_type=product&#038;p=753"},"modified":"2025-10-15T05:25:23","modified_gmt":"2025-10-15T05:25:23","slug":"2c-d-25-dimethoxy-4-chlorphenethylamin","status":"publish","type":"product","link":"https:\/\/chemgramx.com\/fr\/produit\/2c-d-25-dimethoxy-4-chlorphenethylamin\/","title":{"rendered":"Acheter 2C-D (2,5-dim\u00e9thoxy-4-chloroph\u00e9n\u00e9thylamine) en ligne"},"content":{"rendered":"<h2 data-start=\"109\" data-end=\"173\">Achetez 2C-D en ligne \u2013 Haute qualit\u00e9, discret et s\u00fbr pour la recherche<\/h2>\n<h3 data-start=\"175\" data-end=\"198\">Achetez 2C-D en ligne<\/h3>\n<p data-start=\"200\" data-end=\"633\">Si vous souhaitez acheter du 2C-D en ligne, ChemGramX propose du 2C-D (2,5-dim\u00e9thoxy-4-m\u00e9thylph\u00e9n\u00e9thylamine) test\u00e9 en laboratoire de la plus haute qualit\u00e9, sp\u00e9cifiquement \u00e0 des fins de recherche scientifique. <a href=\"https:\/\/chemgramx.com\/fr\/produit\/2c-d-25-dimethoxy-4-chlorphenethylamin\/\">2C-D \u00e0 vendre<\/a> Ceux qui recherchent un produit pur et fiable le trouveront chez ChemGramX. Le 2C-D appartient \u00e0 la famille des psych\u00e9d\u00e9liques 2C et est fr\u00e9quemment utilis\u00e9 dans la recherche pour \u00e9tudier la perception, l'humeur et l'activit\u00e9 des neurotransmetteurs.<\/p>\n<h3 data-start=\"635\" data-end=\"653\">Qu'est-ce que le 2C-D ?<\/h3>\n<p data-start=\"655\" data-end=\"1083\"><a href=\"https:\/\/en.wikipedia.org\/wiki\/2C-D\">2C-D<\/a> Il s'agit d'une ph\u00e9n\u00e9thylamine psych\u00e9d\u00e9lique connue pour ses effets sur les r\u00e9cepteurs de la s\u00e9rotonine tels que le 5-HT2A et le 5-HT2C. Les chercheurs qui utilisent le 5-HT2C-D l'utilisent pour \u00e9tudier les alt\u00e9rations de la conscience, les r\u00e9actions \u00e9motionnelles et les perceptions sensorielles. Ce compos\u00e9 apporte des informations pr\u00e9cieuses sur les fonctions des neurotransmetteurs et les effets des substances psych\u00e9d\u00e9liques sur le syst\u00e8me nerveux central.<\/p>\n<h3 data-start=\"1085\" data-end=\"1114\">M\u00e9canisme d'action du 2C-D<\/h3>\n<ul data-start=\"1116\" data-end=\"1471\">\n<li data-start=\"1116\" data-end=\"1232\">\n<p data-start=\"1118\" data-end=\"1232\">Liaison au r\u00e9cepteur : Agoniste partiel des r\u00e9cepteurs de la s\u00e9rotonine, affecte les processus sensoriels et cognitifs.<\/p>\n<\/li>\n<li data-start=\"1233\" data-end=\"1347\">\n<p data-start=\"1235\" data-end=\"1347\">Effets neurologiques : Favorise les changements visuels et auditifs et module l\u2019humeur et la perception.<\/p>\n<\/li>\n<li data-start=\"1348\" data-end=\"1471\">\n<p data-start=\"1350\" data-end=\"1471\">Activit\u00e9 modifi\u00e9e : Le groupe chloro en 4\u00e8me position distingue le 2C-D acheter en ligne des autres ph\u00e9n\u00e9thylamines.<\/p>\n<\/li>\n<\/ul>\n<h3 data-start=\"1473\" data-end=\"1496\">Pourquoi acheter 2C-D ?<\/h3>\n<p data-start=\"1498\" data-end=\"1872\">Toute personne souhaitant acheter du 2C-D recevra un compos\u00e9 dont l'efficacit\u00e9 a \u00e9t\u00e9 prouv\u00e9e en neurosciences et en recherche sur les psych\u00e9d\u00e9liques. Le 2C-D est utilis\u00e9 pour analyser les effets des psych\u00e9d\u00e9liques sur les fonctions cognitives, le comportement et la perception. Cette substance fournit des donn\u00e9es pr\u00e9cieuses sur le r\u00f4le de la s\u00e9rotonine dans le cerveau et son influence sur l'humeur et la conscience.<\/p>\n<h3 data-start=\"1874\" data-end=\"1911\">Acheter 2C-D en ligne chez ChemGramX<\/h3>\n<p data-start=\"1913\" data-end=\"2203\">ChemGramX propose un moyen s\u00e9curis\u00e9 d'acheter du 2C-D en ligne. Notre poudre de 2C-D est test\u00e9e dans des laboratoires ind\u00e9pendants pour garantir une puret\u00e9 et une qualit\u00e9 optimales. Si vous cherchez o\u00f9 acheter du 2C-D, ChemGramX est votre source fiable de substances de recherche de haute qualit\u00e9.<\/p>\n<h3 data-start=\"2205\" data-end=\"2251\">Avantages de l'achat de 2C-D chez ChemGramX<\/h3>\n<ul data-start=\"2253\" data-end=\"2509\">\n<li data-start=\"2253\" data-end=\"2330\">\n<p data-start=\"2255\" data-end=\"2330\">Puret\u00e9 test\u00e9e en laboratoire : Qualit\u00e9 et constance maximales garanties.<\/p>\n<\/li>\n<li data-start=\"2331\" data-end=\"2407\">\n<p data-start=\"2333\" data-end=\"2407\">Exp\u00e9dition discr\u00e8te : Livraison s\u00e9curis\u00e9e qui prot\u00e8ge votre vie priv\u00e9e.<\/p>\n<\/li>\n<li data-start=\"2408\" data-end=\"2509\">\n<p data-start=\"2410\" data-end=\"2509\">Id\u00e9al pour la recherche : Parfait pour les \u00e9tudes sur la s\u00e9rotonine, les psych\u00e9d\u00e9liques et les processus cognitifs.<\/p>\n<\/li>\n<\/ul>\n<h3 data-start=\"2511\" data-end=\"2546\">L\u00e9galit\u00e9 et exp\u00e9dition s\u00e9curis\u00e9e<\/h3>\n<p data-start=\"2548\" data-end=\"2832\">La l\u00e9galit\u00e9 de la vente de 2C-D varie selon les pays. Avant d'acheter, veuillez v\u00e9rifier la r\u00e9glementation en vigueur dans votre r\u00e9gion. ChemGramX vend du 2C-D exclusivement \u00e0 des fins scientifiques et garantit des livraisons s\u00e9curis\u00e9es et discr\u00e8tes.<\/p>\n<h3 data-start=\"2834\" data-end=\"2856\">Acheter maintenant 2C-D<\/h3>\n<p data-start=\"2858\" data-end=\"3174\">Pr\u00eat \u00e0 acheter du 2C-D en ligne pour vos projets de recherche\u00a0? Achetez du 2C-D en ligne sur ChemGramX et b\u00e9n\u00e9ficiez d'une livraison rapide, discr\u00e8te et d'une puret\u00e9 garantie. Commandez d\u00e8s aujourd'hui et achetez du 2C-D de haute qualit\u00e9 pour vos \u00e9tudes scientifiques.<\/p>\n<p data-start=\"3176\" data-end=\"3267\">ChemGramX \u2013 Votre source fiable de 2C-D et de produits chimiques de recherche de haute qualit\u00e9<\/p>","protected":false},"excerpt":{"rendered":"<p>Le 2C-D (2,5-dim\u00e9thoxy-4-chloroph\u00e9n\u00e9thylamine) fait partie de la famille des ph\u00e9n\u00e9thylamines et est connu pour ses effets psych\u00e9d\u00e9liques puissants. Souvent utilis\u00e9 \u00e0 des fins de recherche, le 2CD est de plus en plus populaire aupr\u00e8s des utilisateurs qui recherchent des exp\u00e9riences profondes et transformatrices.<\/p>\n<h3><strong>Formule et structure<\/strong><\/h3>\n<ul>\n<li><strong>Formule chimique<\/strong>C10H14ClNO2 : C10H14ClNO2<\/li>\n<li><strong>Poids mol\u00e9culaire<\/strong>215,68 g\/mol<\/li>\n<li><strong>Propri\u00e9t\u00e9s chimiques<\/strong>: 2C-D contient un groupe chloro en position 4 et deux groupes m\u00e9thoxy en positions 2 et 5, ce qui influence son activit\u00e9 pharmacologique et sa stabilit\u00e9.<\/li>\n<\/ul>\n<h3><strong>Dur\u00e9e et effets<\/strong><\/h3>\n<p>L'effet du 2C-D dure typiquement <strong>4 \u00e0 6 heures<\/strong> en fonction du dosage et des facteurs individuels :<\/p>\n<ul>\n<li><strong>D\u00e9but de l'effet<\/strong>20 \u00e0 40 minutes.<\/li>\n<li><strong>Point culminant<\/strong>1,5 \u00e0 3 heures.<\/li>\n<li><strong>R\u00e9percussions<\/strong>: Effets subtils qui s'estompent en 1 \u00e0 2 heures.<\/li>\n<\/ul>","protected":false},"featured_media":754,"comment_status":"open","ping_status":"closed","template":"","meta":{"_joinchat":[]},"product_brand":[],"product_cat":[96],"product_tag":[1246,1263,1260,1270,1256,1269,1253,1254,1249,1245,1265,1267,1250,1261,1264,1248,1255,1266,1271,1268,1247,1251,1252,1262,1257,1259,1258],"class_list":{"0":"post-753","1":"product","2":"type-product","3":"status-publish","4":"has-post-thumbnail","6":"product_cat-psychedelische-droge","7":"product_tag-1246","8":"product_tag-2c-d-bestellen","9":"product_tag-2c-d-bulk-bestellung","10":"product_tag-2c-d-chemikalie","11":"product_tag-2c-d-experimente","12":"product_tag-2c-d-forschung","13":"product_tag-2c-d-forschung-chemikalie","14":"product_tag-2c-d-fur-neurowissenschaftliche-studien","15":"product_tag-2c-d-groshandel","16":"product_tag-2c-d-kaufen","17":"product_tag-2c-d-labor","18":"product_tag-2c-d-legal","19":"product_tag-2c-d-lieferant","20":"product_tag-2c-d-marktanalyse","21":"product_tag-2c-d-online","22":"product_tag-2c-d-online-bestellen","23":"product_tag-2c-d-pharmazeutische-forschung","24":"product_tag-2c-d-sicher","25":"product_tag-2c-d-versand","26":"product_tag-2cd-gunstig","27":"product_tag-5-dimethoxy-4-chlorphenethylamin-bestellen","28":"product_tag-forschung-chemikalien-2c-d","29":"product_tag-hochwertige-2c-d-kaufen","30":"product_tag-innovative-2c-d-forschung","31":"product_tag-laborqualitat-2c-d","32":"product_tag-legaler-2c-d-anbieter","33":"product_tag-sicherer-2c-d-versand","35":"first","36":"instock","37":"shipping-taxable","38":"purchasable","39":"product-type-variable"},"yoast_head":"<!-- This site is optimized with the Yoast SEO plugin v26.1.1 - https:\/\/yoast.com\/wordpress\/plugins\/seo\/ -->\n<title>2C-D (2,5-Dimethoxy-4-chlorphenethylamin) online kaufen<\/title>\n<meta name=\"description\" content=\"Ihre Bestellung von 2C-D (2,5-Dimethoxy-4-chlorphenethylamin) zum Verkauf liegt in unserer Verantwortung. Wir werden Ihre Bestellung zum Online-Kauf von 2C-D (2,5-Dimethoxy-4-chlorphenethylamin) ber\u00fccksichtigen und Sie in kurzer Zeit erreichen. Jetzt Gro\u00dfbestellungen aufgeben!\" \/>\n<meta name=\"robots\" content=\"index, follow, max-snippet:-1, max-image-preview:large, max-video-preview:-1\" \/>\n<link rel=\"canonical\" href=\"https:\/\/chemgramx.com\/fr\/produit\/2c-d-25-dimethoxy-4-chlorphenethylamin\/\" \/>\n<meta property=\"og:locale\" content=\"fr_FR\" \/>\n<meta property=\"og:type\" content=\"article\" \/>\n<meta property=\"og:title\" content=\"2C-D (2,5-Dimethoxy-4-chlorphenethylamin) online kaufen\" \/>\n<meta property=\"og:description\" content=\"Ihre Bestellung von 2C-D (2,5-Dimethoxy-4-chlorphenethylamin) zum Verkauf liegt in unserer Verantwortung. Wir werden Ihre Bestellung zum Online-Kauf von 2C-D (2,5-Dimethoxy-4-chlorphenethylamin) ber\u00fccksichtigen und Sie in kurzer Zeit erreichen. Jetzt Gro\u00dfbestellungen aufgeben!\" \/>\n<meta property=\"og:url\" content=\"https:\/\/chemgramx.com\/fr\/produit\/2c-d-25-dimethoxy-4-chlorphenethylamin\/\" \/>\n<meta property=\"og:site_name\" content=\"Chemgramx\" \/>\n<meta property=\"article:modified_time\" content=\"2025-10-15T05:25:23+00:00\" \/>\n<meta property=\"og:image\" content=\"https:\/\/chemgramx.com\/wp-content\/uploads\/2024\/10\/2C-D-kaufen.jpg\" \/>\n\t<meta property=\"og:image:width\" content=\"600\" \/>\n\t<meta property=\"og:image:height\" content=\"431\" \/>\n\t<meta property=\"og:image:type\" content=\"image\/jpeg\" \/>\n<meta name=\"twitter:card\" content=\"summary_large_image\" \/>\n<meta name=\"twitter:label1\" content=\"Dur\u00e9e de lecture estim\u00e9e\" \/>\n\t<meta name=\"twitter:data1\" content=\"2 minutes\" \/>\n<script type=\"application\/ld+json\" class=\"yoast-schema-graph\">{\"@context\":\"https:\/\/schema.org\",\"@graph\":[{\"@type\":\"WebPage\",\"@id\":\"https:\/\/chemgramx.com\/product\/2c-d-25-dimethoxy-4-chlorphenethylamin\/\",\"url\":\"https:\/\/chemgramx.com\/product\/2c-d-25-dimethoxy-4-chlorphenethylamin\/\",\"name\":\"2C-D (2,5-Dimethoxy-4-chlorphenethylamin) online kaufen\",\"isPartOf\":{\"@id\":\"https:\/\/chemgramx.com\/#website\"},\"primaryImageOfPage\":{\"@id\":\"https:\/\/chemgramx.com\/product\/2c-d-25-dimethoxy-4-chlorphenethylamin\/#primaryimage\"},\"image\":{\"@id\":\"https:\/\/chemgramx.com\/product\/2c-d-25-dimethoxy-4-chlorphenethylamin\/#primaryimage\"},\"thumbnailUrl\":\"https:\/\/chemgramx.com\/wp-content\/uploads\/2024\/10\/2C-D-kaufen.jpg\",\"datePublished\":\"2024-10-22T22:47:20+00:00\",\"dateModified\":\"2025-10-15T05:25:23+00:00\",\"description\":\"Ihre Bestellung von 2C-D (2,5-Dimethoxy-4-chlorphenethylamin) zum Verkauf liegt in unserer Verantwortung. Wir werden Ihre Bestellung zum Online-Kauf von 2C-D (2,5-Dimethoxy-4-chlorphenethylamin) ber\u00fccksichtigen und Sie in kurzer Zeit erreichen. Jetzt Gro\u00dfbestellungen aufgeben!\",\"breadcrumb\":{\"@id\":\"https:\/\/chemgramx.com\/product\/2c-d-25-dimethoxy-4-chlorphenethylamin\/#breadcrumb\"},\"inLanguage\":\"fr-FR\",\"potentialAction\":[{\"@type\":\"ReadAction\",\"target\":[\"https:\/\/chemgramx.com\/product\/2c-d-25-dimethoxy-4-chlorphenethylamin\/\"]}]},{\"@type\":\"ImageObject\",\"inLanguage\":\"fr-FR\",\"@id\":\"https:\/\/chemgramx.com\/product\/2c-d-25-dimethoxy-4-chlorphenethylamin\/#primaryimage\",\"url\":\"https:\/\/chemgramx.com\/wp-content\/uploads\/2024\/10\/2C-D-kaufen.jpg\",\"contentUrl\":\"https:\/\/chemgramx.com\/wp-content\/uploads\/2024\/10\/2C-D-kaufen.jpg\",\"width\":600,\"height\":431,\"caption\":\"2C-D (2,5-Dimethoxy-4-chlorphenethylamin) online kaufen\"},{\"@type\":\"BreadcrumbList\",\"@id\":\"https:\/\/chemgramx.com\/product\/2c-d-25-dimethoxy-4-chlorphenethylamin\/#breadcrumb\",\"itemListElement\":[{\"@type\":\"ListItem\",\"position\":1,\"name\":\"Home\",\"item\":\"https:\/\/chemgramx.com\/\"},{\"@type\":\"ListItem\",\"position\":2,\"name\":\"Shop\",\"item\":\"https:\/\/chemgramx.com\/shop\/\"},{\"@type\":\"ListItem\",\"position\":3,\"name\":\"2C-D (2,5-Dimethoxy-4-chlorphenethylamin) Online kaufen\"}]},{\"@type\":\"WebSite\",\"@id\":\"https:\/\/chemgramx.com\/#website\",\"url\":\"https:\/\/chemgramx.com\/\",\"name\":\"Chemgramx\",\"description\":\"\",\"publisher\":{\"@id\":\"https:\/\/chemgramx.com\/#organization\"},\"potentialAction\":[{\"@type\":\"SearchAction\",\"target\":{\"@type\":\"EntryPoint\",\"urlTemplate\":\"https:\/\/chemgramx.com\/?s={search_term_string}\"},\"query-input\":{\"@type\":\"PropertyValueSpecification\",\"valueRequired\":true,\"valueName\":\"search_term_string\"}}],\"inLanguage\":\"fr-FR\"},{\"@type\":\"Organization\",\"@id\":\"https:\/\/chemgramx.com\/#organization\",\"name\":\"Chemgramx\",\"url\":\"https:\/\/chemgramx.com\/\",\"logo\":{\"@type\":\"ImageObject\",\"inLanguage\":\"fr-FR\",\"@id\":\"https:\/\/chemgramx.com\/#\/schema\/logo\/image\/\",\"url\":\"https:\/\/chemgramx.com\/wp-content\/uploads\/2024\/10\/final-logo.png\",\"contentUrl\":\"https:\/\/chemgramx.com\/wp-content\/uploads\/2024\/10\/final-logo.png\",\"width\":250,\"height\":48,\"caption\":\"Chemgramx\"},\"image\":{\"@id\":\"https:\/\/chemgramx.com\/#\/schema\/logo\/image\/\"}}]}<\/script>\n<!-- \/ Yoast SEO plugin. -->","yoast_head_json":{"title":"2C-D (2,5-dim\u00e9thoxy-4-chlorph\u00e9n\u00e9thylamine) en ligne","description":"Ihre Bestellung von 2C-D (2,5-Dimethoxy-4-chlorphenethylamin) zum Verkauf liegt in unserer Verantwortung. Wir werden Ihre Bestellung zum Online-Kauf von 2C-D (2,5-Dimethoxy-4-chlorphenethylamin) ber\u00fccksichtigen und Sie in kurzer Zeit erreichen. Jetzt Gro\u00dfbestellungen aufgeben!","robots":{"index":"index","follow":"follow","max-snippet":"max-snippet:-1","max-image-preview":"max-image-preview:large","max-video-preview":"max-video-preview:-1"},"canonical":"https:\/\/chemgramx.com\/fr\/produit\/2c-d-25-dimethoxy-4-chlorphenethylamin\/","og_locale":"fr_FR","og_type":"article","og_title":"2C-D (2,5-Dimethoxy-4-chlorphenethylamin) online kaufen","og_description":"Ihre Bestellung von 2C-D (2,5-Dimethoxy-4-chlorphenethylamin) zum Verkauf liegt in unserer Verantwortung. Wir werden Ihre Bestellung zum Online-Kauf von 2C-D (2,5-Dimethoxy-4-chlorphenethylamin) ber\u00fccksichtigen und Sie in kurzer Zeit erreichen. Jetzt Gro\u00dfbestellungen aufgeben!","og_url":"https:\/\/chemgramx.com\/fr\/produit\/2c-d-25-dimethoxy-4-chlorphenethylamin\/","og_site_name":"Chemgramx","article_modified_time":"2025-10-15T05:25:23+00:00","og_image":[{"width":600,"height":431,"url":"https:\/\/chemgramx.com\/wp-content\/uploads\/2024\/10\/2C-D-kaufen.jpg","type":"image\/jpeg"}],"twitter_card":"summary_large_image","twitter_misc":{"Dur\u00e9e de lecture estim\u00e9e":"2 minutes"},"schema":{"@context":"https:\/\/schema.org","@graph":[{"@type":"WebPage","@id":"https:\/\/chemgramx.com\/product\/2c-d-25-dimethoxy-4-chlorphenethylamin\/","url":"https:\/\/chemgramx.com\/product\/2c-d-25-dimethoxy-4-chlorphenethylamin\/","name":"2C-D (2,5-dim\u00e9thoxy-4-chlorph\u00e9n\u00e9thylamine) en ligne","isPartOf":{"@id":"https:\/\/chemgramx.com\/#website"},"primaryImageOfPage":{"@id":"https:\/\/chemgramx.com\/product\/2c-d-25-dimethoxy-4-chlorphenethylamin\/#primaryimage"},"image":{"@id":"https:\/\/chemgramx.com\/product\/2c-d-25-dimethoxy-4-chlorphenethylamin\/#primaryimage"},"thumbnailUrl":"https:\/\/chemgramx.com\/wp-content\/uploads\/2024\/10\/2C-D-kaufen.jpg","datePublished":"2024-10-22T22:47:20+00:00","dateModified":"2025-10-15T05:25:23+00:00","description":"Ihre Bestellung von 2C-D (2,5-Dimethoxy-4-chlorphenethylamin) zum Verkauf liegt in unserer Verantwortung. Wir werden Ihre Bestellung zum Online-Kauf von 2C-D (2,5-Dimethoxy-4-chlorphenethylamin) ber\u00fccksichtigen und Sie in kurzer Zeit erreichen. Jetzt Gro\u00dfbestellungen aufgeben!","breadcrumb":{"@id":"https:\/\/chemgramx.com\/product\/2c-d-25-dimethoxy-4-chlorphenethylamin\/#breadcrumb"},"inLanguage":"fr-FR","potentialAction":[{"@type":"ReadAction","target":["https:\/\/chemgramx.com\/product\/2c-d-25-dimethoxy-4-chlorphenethylamin\/"]}]},{"@type":"ImageObject","inLanguage":"fr-FR","@id":"https:\/\/chemgramx.com\/product\/2c-d-25-dimethoxy-4-chlorphenethylamin\/#primaryimage","url":"https:\/\/chemgramx.com\/wp-content\/uploads\/2024\/10\/2C-D-kaufen.jpg","contentUrl":"https:\/\/chemgramx.com\/wp-content\/uploads\/2024\/10\/2C-D-kaufen.jpg","width":600,"height":431,"caption":"2C-D (2,5-Dimethoxy-4-chlorphenethylamin) online kaufen"},{"@type":"BreadcrumbList","@id":"https:\/\/chemgramx.com\/product\/2c-d-25-dimethoxy-4-chlorphenethylamin\/#breadcrumb","itemListElement":[{"@type":"ListItem","position":1,"name":"Home","item":"https:\/\/chemgramx.com\/"},{"@type":"ListItem","position":2,"name":"Shop","item":"https:\/\/chemgramx.com\/shop\/"},{"@type":"ListItem","position":3,"name":"2C-D (2,5-Dimethoxy-4-chlorphenethylamin) Online kaufen"}]},{"@type":"WebSite","@id":"https:\/\/chemgramx.com\/#website","url":"https:\/\/chemgramx.com\/","name":"Chemgramx","description":"","publisher":{"@id":"https:\/\/chemgramx.com\/#organization"},"potentialAction":[{"@type":"SearchAction","target":{"@type":"EntryPoint","urlTemplate":"https:\/\/chemgramx.com\/?s={search_term_string}"},"query-input":{"@type":"PropertyValueSpecification","valueRequired":true,"valueName":"search_term_string"}}],"inLanguage":"fr-FR"},{"@type":"Organization","@id":"https:\/\/chemgramx.com\/#organization","name":"Chemgramx","url":"https:\/\/chemgramx.com\/","logo":{"@type":"ImageObject","inLanguage":"fr-FR","@id":"https:\/\/chemgramx.com\/#\/schema\/logo\/image\/","url":"https:\/\/chemgramx.com\/wp-content\/uploads\/2024\/10\/final-logo.png","contentUrl":"https:\/\/chemgramx.com\/wp-content\/uploads\/2024\/10\/final-logo.png","width":250,"height":48,"caption":"Chemgramx"},"image":{"@id":"https:\/\/chemgramx.com\/#\/schema\/logo\/image\/"}}]}},"_links":{"self":[{"href":"https:\/\/chemgramx.com\/fr\/wp-json\/wp\/v2\/product\/753","targetHints":{"allow":["GET"]}}],"collection":[{"href":"https:\/\/chemgramx.com\/fr\/wp-json\/wp\/v2\/product"}],"about":[{"href":"https:\/\/chemgramx.com\/fr\/wp-json\/wp\/v2\/types\/product"}],"replies":[{"embeddable":true,"href":"https:\/\/chemgramx.com\/fr\/wp-json\/wp\/v2\/comments?post=753"}],"wp:featuredmedia":[{"embeddable":true,"href":"https:\/\/chemgramx.com\/fr\/wp-json\/wp\/v2\/media\/754"}],"wp:attachment":[{"href":"https:\/\/chemgramx.com\/fr\/wp-json\/wp\/v2\/media?parent=753"}],"wp:term":[{"taxonomy":"product_brand","embeddable":true,"href":"https:\/\/chemgramx.com\/fr\/wp-json\/wp\/v2\/product_brand?post=753"},{"taxonomy":"product_cat","embeddable":true,"href":"https:\/\/chemgramx.com\/fr\/wp-json\/wp\/v2\/product_cat?post=753"},{"taxonomy":"product_tag","embeddable":true,"href":"https:\/\/chemgramx.com\/fr\/wp-json\/wp\/v2\/product_tag?post=753"}],"curies":[{"name":"wp","href":"https:\/\/api.w.org\/{rel}","templated":true}]}}