{"id":773,"date":"2024-10-23T00:03:48","date_gmt":"2024-10-23T00:03:48","guid":{"rendered":"https:\/\/chemgramx.com\/?post_type=product&#038;p=773"},"modified":"2025-10-18T06:12:28","modified_gmt":"2025-10-18T06:12:28","slug":"jwh-080","status":"publish","type":"product","link":"https:\/\/chemgramx.com\/fr\/produit\/jwh-080\/","title":{"rendered":"Acheter JWH-080 en ligne"},"content":{"rendered":"<h2 data-start=\"109\" data-end=\"183\">JWH-080 online kaufen \u2013 Rein, zuverl\u00e4ssig und sicher f\u00fcr Forschungszwecke<\/h2>\n<h3 data-start=\"185\" data-end=\"211\">JWH-080 Acheter en ligne<\/h3>\n<p data-start=\"213\" data-end=\"662\">Le JWH-080 est un cannabino\u00efde synth\u00e9tique qui appartient \u00e0 la cat\u00e9gorie des drogues de synth\u00e8se. <a href=\"https:\/\/chemgramx.com\/fr\/produit\/jwh-080\/\">Acheter JWH-080 en ligne<\/a>, recherchant un effet plus intense que les cannabino\u00efdes traditionnels. Cette mol\u00e9cule offre une exp\u00e9rience psychoactive accrue, de plus en plus recherch\u00e9e par la recherche et les utilisateurs exp\u00e9riment\u00e9s. Dans cet article, vous apprendrez tout ce que vous devez savoir sur le JWH-080, de ses propri\u00e9t\u00e9s chimiques \u00e0 des conseils pour un achat s\u00fbr.<\/p>\n<h3 data-start=\"664\" data-end=\"685\">Qu'est-ce que JWH-080 ?<\/h3>\n<p data-start=\"687\" data-end=\"1101\"><a href=\"https:\/\/en.m.wikipedia.org\/wiki\/File:JWH-080.svg\">JWH-080<\/a> geh\u00f6rt zur Familie der JWH-Verbindungen, benannt nach dem Chemiker John W. Huffman. Diese Substanz bindet intensiv an CB1- und CB2-Rezeptoren im Gehirn und erzeugt Effekte \u00e4hnlich wie THC, jedoch mit verst\u00e4rkter Potenz. Wer Bestellung JWH-080, erh\u00e4lt ein Produkt, das prim\u00e4r f\u00fcr wissenschaftliche Forschungszwecke entwickelt wurde, aber aufgrund seiner Wirkung auch bei erfahrenen Nutzern beliebt ist.<\/p>\n<h3 data-start=\"1103\" data-end=\"1136\">Pourquoi acheter JWH-080 en ligne ?<\/h3>\n<p data-start=\"1138\" data-end=\"1193\">Il existe plusieurs raisons d'acheter JWH-080 en ligne :<\/p>\n<ul data-start=\"1195\" data-end=\"1541\">\n<li data-start=\"1195\" data-end=\"1306\">\n<p data-start=\"1197\" data-end=\"1306\">Effet puissant : Compar\u00e9 aux cannabino\u00efdes naturels, le JWH-080 achet\u00e9 en ligne est nettement plus fort.<\/p>\n<\/li>\n<li data-start=\"1307\" data-end=\"1386\">\n<p data-start=\"1309\" data-end=\"1386\">Commodit\u00e9 : Les commandes peuvent \u00eatre livr\u00e9es directement \u00e0 votre domicile.<\/p>\n<\/li>\n<li data-start=\"1387\" data-end=\"1461\">\n<p data-start=\"1389\" data-end=\"1461\">Discr\u00e9tion : Acheter en ligne garantit confidentialit\u00e9 et anonymat.<\/p>\n<\/li>\n<li data-start=\"1462\" data-end=\"1541\">\n<p data-start=\"1464\" data-end=\"1541\">Vari\u00e9t\u00e9 : Les acheteurs peuvent choisir entre de la poudre, des capsules ou des comprim\u00e9s.<\/p>\n<\/li>\n<\/ul>\n<h3 data-start=\"1543\" data-end=\"1572\">Classification chimique<\/h3>\n<p data-start=\"1574\" data-end=\"1837\">Le JWH-080 est un cannabino\u00efde synth\u00e9tique indole alkylamine qui agit de mani\u00e8re similaire au THC sur les r\u00e9cepteurs endocannabino\u00efdes, mais avec un effet plus puissant. Compar\u00e9 aux stimulants traditionnels, le JWH-080 agit principalement via le syst\u00e8me endocannabino\u00efde.<\/p>\n<h3 data-start=\"1839\" data-end=\"1876\">Effets et bienfaits du JWH-080<\/h3>\n<ul data-start=\"1878\" data-end=\"2211\">\n<li data-start=\"1878\" data-end=\"1957\">\n<p data-start=\"1880\" data-end=\"1957\">Euphorie et bonheur : effets puissants similaires \u00e0 ceux du THC \u00e0 haute puissance.<\/p>\n<\/li>\n<li data-start=\"1958\" data-end=\"2025\">\n<p data-start=\"1960\" data-end=\"2025\">Perception alt\u00e9r\u00e9e : intensification des impressions sensorielles.<\/p>\n<\/li>\n<li data-start=\"2026\" data-end=\"2094\">\n<p data-start=\"2028\" data-end=\"2094\">Relaxation : Apaisement profond malgr\u00e9 des effets puissants.<\/p>\n<\/li>\n<li data-start=\"2095\" data-end=\"2148\">\n<p data-start=\"2097\" data-end=\"2148\">Sociabilit\u00e9 : Favoriser l\u2019interaction sociale.<\/p>\n<\/li>\n<li data-start=\"2149\" data-end=\"2211\">\n<p data-start=\"2151\" data-end=\"2211\">Konzentration: Gelegentlich erh\u00f6hte geistige Klarheit.<\/p>\n<\/li>\n<\/ul>\n<h3 data-start=\"2213\" data-end=\"2239\">Doseringsrichtlijnen<\/h3>\n<ul data-start=\"2241\" data-end=\"2402\">\n<li data-start=\"2241\" data-end=\"2321\">\n<p data-start=\"2243\" data-end=\"2321\">Dose initiale : 0,5 \u00e0 1 mg, augmenter lentement en fonction de la tol\u00e9rance individuelle.<\/p>\n<\/li>\n<li data-start=\"2322\" data-end=\"2402\">\n<p data-start=\"2324\" data-end=\"2402\">Pr\u00e4zises Messen ist entscheidend, da JWH-080 zu verkaufen stark wirksam ist.<\/p>\n<\/li>\n<\/ul>\n<h3 data-start=\"2404\" data-end=\"2427\">Dur\u00e9e et redosage<\/h3>\n<p data-start=\"2429\" data-end=\"2619\">Les effets durent entre 1 et 4 heures, selon la dose et la sensibilit\u00e9. L'administration r\u00e9p\u00e9t\u00e9e d\u00e8s le d\u00e9but des effets peut accentuer les effets secondaires tels que l'anxi\u00e9t\u00e9 ou la parano\u00efa.<\/p>\n<h3 data-start=\"2621\" data-end=\"2656\">Statut juridique du JWH-080<\/h3>\n<p data-start=\"2658\" data-end=\"2767\">Die Legalit\u00e4t variiert weltweit. Wer wo kann man JWH-080 kaufen, sollte sich \u00fcber lokale Gesetze informieren:<\/p>\n<ul data-start=\"2769\" data-end=\"2913\">\n<li data-start=\"2769\" data-end=\"2850\">\n<p data-start=\"2771\" data-end=\"2850\">En Allemagne, le JWH-080 peut \u00eatre soumis \u00e0 la loi sur les stup\u00e9fiants.<\/p>\n<\/li>\n<li data-start=\"2851\" data-end=\"2913\">\n<p data-start=\"2853\" data-end=\"2913\">Il existe des r\u00e9glementations diff\u00e9rentes aux \u00c9tats-Unis et en Europe.<\/p>\n<\/li>\n<\/ul>\n<h3 data-start=\"3103\" data-end=\"3147\">Beste Orte, um JWH-080 Online zu kaufen<\/h3>\n<p data-start=\"3149\" data-end=\"3233\">Wer bester Ort, um JWH-080 online zu kaufen sucht, sollte auf folgende Punkte achten:<\/p>\n<ul data-start=\"3235\" data-end=\"3402\">\n<li data-start=\"3235\" data-end=\"3282\">\n<p data-start=\"3237\" data-end=\"3282\">Laborgepr\u00fcfte Reinheit und COA-Zertifikate.<\/p>\n<\/li>\n<li data-start=\"3283\" data-end=\"3328\">\n<p data-start=\"3285\" data-end=\"3328\">Avis et t\u00e9moignages clients.<\/p>\n<\/li>\n<li data-start=\"3329\" data-end=\"3358\">\n<p data-start=\"3331\" data-end=\"3358\">Sichere Zahlungsmethoden.<\/p>\n<\/li>\n<li data-start=\"3359\" data-end=\"3402\">\n<p data-start=\"3361\" data-end=\"3402\">Transparente JWH-080 Preis Angaben.<\/p>\n<\/li>\n<\/ul>\n<h3 data-start=\"3404\" data-end=\"3414\">Conclusion<\/h3>\n<p data-start=\"3416\" data-end=\"3803\">Der JWH-080 online kaufen bietet Vorteile wie Bequemlichkeit, Diskretion und Zugriff auf verschiedene Darreichungsformen. Achten Sie auf seri\u00f6se Anbieter und die richtige Dosierung, um eine sichere Erfahrung zu gew\u00e4hrleisten. Wer JWH-080 zu verkaufen sucht, findet bei vertrauensw\u00fcrdigen Online-Anbietern ein hochwertiges Produkt f\u00fcr Forschung oder verantwortungsvollen Gebrauch.<\/p>","protected":false},"excerpt":{"rendered":"<p>Le JWH-080 est un cannabino\u00efde synth\u00e9tique qui a \u00e9t\u00e9 d\u00e9velopp\u00e9 pour imiter les effets du THC, l'ingr\u00e9dient actif du cannabis. D\u00e9velopp\u00e9 \u00e0 l'origine \u00e0 des fins de recherche, le JWH-080 a attir\u00e9 l'attention pour ses puissants effets psychoactifs.<\/p>\n<ul>\n<li><strong>Num\u00e9ro de CAS :<\/strong> <strong>365046-47-4<\/strong><\/li>\n<li><strong>Formule chimique :<\/strong> <strong>C23H24N2O<\/strong><\/li>\n<\/ul>","protected":false},"featured_media":851,"comment_status":"open","ping_status":"closed","template":"","meta":{"_joinchat":[]},"product_brand":[],"product_cat":[47],"product_tag":[2760,2763,2755,2761,2762,2764,2756,2757,2759,2758],"class_list":{"0":"post-773","1":"product","2":"type-product","3":"status-publish","4":"has-post-thumbnail","6":"product_cat-cannabinoids","7":"product_tag-jwh-080-chemikalien","8":"product_tag-jwh-080-drogen","9":"product_tag-jwh-080-kaufen","10":"product_tag-jwh-080-kaufen-deutschland","11":"product_tag-jwh-080-kaufen-online","12":"product_tag-jwh-080-kaufen-shop","13":"product_tag-jwh-080-kristalle","14":"product_tag-jwh-080-online-kaufen","15":"product_tag-jwh-080-preis","16":"product_tag-jwh-080-prodej","18":"first","19":"instock","20":"shipping-taxable","21":"purchasable","22":"product-type-variable"},"yoast_head":"<!-- This site is optimized with the Yoast SEO plugin v26.1.1 - https:\/\/yoast.com\/wordpress\/plugins\/seo\/ -->\n<title>JWH-080 online kaufen \u2013 Hochwertiges JWH-080 bei ChemGramX<\/title>\n<meta name=\"description\" content=\"Kaufen Sie reines JWH-080 online bei ChemGramX. Laborgepr\u00fcftes JWH-080 f\u00fcr Forschungszwecke. Diskreter Versand und schnelle Lieferung. Jetzt JWH-080 sicher bestellen!\" \/>\n<meta name=\"robots\" content=\"index, follow, max-snippet:-1, max-image-preview:large, max-video-preview:-1\" \/>\n<link rel=\"canonical\" href=\"https:\/\/chemgramx.com\/fr\/produit\/jwh-080\/\" \/>\n<meta property=\"og:locale\" content=\"fr_FR\" \/>\n<meta property=\"og:type\" content=\"article\" \/>\n<meta property=\"og:title\" content=\"JWH-080 online kaufen \u2013 Hochwertiges JWH-080 bei ChemGramX\" \/>\n<meta property=\"og:description\" content=\"Kaufen Sie reines JWH-080 online bei ChemGramX. Laborgepr\u00fcftes JWH-080 f\u00fcr Forschungszwecke. Diskreter Versand und schnelle Lieferung. Jetzt JWH-080 sicher bestellen!\" \/>\n<meta property=\"og:url\" content=\"https:\/\/chemgramx.com\/fr\/produit\/jwh-080\/\" \/>\n<meta property=\"og:site_name\" content=\"Chemgramx\" \/>\n<meta property=\"article:modified_time\" content=\"2025-10-18T06:12:28+00:00\" \/>\n<meta property=\"og:image\" content=\"https:\/\/chemgramx.com\/wp-content\/uploads\/2024\/10\/JWH-080.jpg\" \/>\n\t<meta property=\"og:image:width\" content=\"500\" \/>\n\t<meta property=\"og:image:height\" content=\"500\" \/>\n\t<meta property=\"og:image:type\" content=\"image\/jpeg\" \/>\n<meta name=\"twitter:card\" content=\"summary_large_image\" \/>\n<meta name=\"twitter:label1\" content=\"Dur\u00e9e de lecture estim\u00e9e\" \/>\n\t<meta name=\"twitter:data1\" content=\"3 minutes\" \/>\n<script type=\"application\/ld+json\" class=\"yoast-schema-graph\">{\"@context\":\"https:\/\/schema.org\",\"@graph\":[{\"@type\":\"WebPage\",\"@id\":\"https:\/\/chemgramx.com\/product\/jwh-080\/\",\"url\":\"https:\/\/chemgramx.com\/product\/jwh-080\/\",\"name\":\"JWH-080 online kaufen \u2013 Hochwertiges JWH-080 bei ChemGramX\",\"isPartOf\":{\"@id\":\"https:\/\/chemgramx.com\/#website\"},\"primaryImageOfPage\":{\"@id\":\"https:\/\/chemgramx.com\/product\/jwh-080\/#primaryimage\"},\"image\":{\"@id\":\"https:\/\/chemgramx.com\/product\/jwh-080\/#primaryimage\"},\"thumbnailUrl\":\"https:\/\/chemgramx.com\/wp-content\/uploads\/2024\/10\/JWH-080.jpg\",\"datePublished\":\"2024-10-23T00:03:48+00:00\",\"dateModified\":\"2025-10-18T06:12:28+00:00\",\"description\":\"Kaufen Sie reines JWH-080 online bei ChemGramX. Laborgepr\u00fcftes JWH-080 f\u00fcr Forschungszwecke. Diskreter Versand und schnelle Lieferung. Jetzt JWH-080 sicher bestellen!\",\"breadcrumb\":{\"@id\":\"https:\/\/chemgramx.com\/product\/jwh-080\/#breadcrumb\"},\"inLanguage\":\"fr-FR\",\"potentialAction\":[{\"@type\":\"ReadAction\",\"target\":[\"https:\/\/chemgramx.com\/product\/jwh-080\/\"]}]},{\"@type\":\"ImageObject\",\"inLanguage\":\"fr-FR\",\"@id\":\"https:\/\/chemgramx.com\/product\/jwh-080\/#primaryimage\",\"url\":\"https:\/\/chemgramx.com\/wp-content\/uploads\/2024\/10\/JWH-080.jpg\",\"contentUrl\":\"https:\/\/chemgramx.com\/wp-content\/uploads\/2024\/10\/JWH-080.jpg\",\"width\":500,\"height\":500,\"caption\":\"JWH-080\"},{\"@type\":\"BreadcrumbList\",\"@id\":\"https:\/\/chemgramx.com\/product\/jwh-080\/#breadcrumb\",\"itemListElement\":[{\"@type\":\"ListItem\",\"position\":1,\"name\":\"Home\",\"item\":\"https:\/\/chemgramx.com\/\"},{\"@type\":\"ListItem\",\"position\":2,\"name\":\"Shop\",\"item\":\"https:\/\/chemgramx.com\/shop\/\"},{\"@type\":\"ListItem\",\"position\":3,\"name\":\"JWH-080 online kaufen\"}]},{\"@type\":\"WebSite\",\"@id\":\"https:\/\/chemgramx.com\/#website\",\"url\":\"https:\/\/chemgramx.com\/\",\"name\":\"Chemgramx\",\"description\":\"\",\"publisher\":{\"@id\":\"https:\/\/chemgramx.com\/#organization\"},\"potentialAction\":[{\"@type\":\"SearchAction\",\"target\":{\"@type\":\"EntryPoint\",\"urlTemplate\":\"https:\/\/chemgramx.com\/?s={search_term_string}\"},\"query-input\":{\"@type\":\"PropertyValueSpecification\",\"valueRequired\":true,\"valueName\":\"search_term_string\"}}],\"inLanguage\":\"fr-FR\"},{\"@type\":\"Organization\",\"@id\":\"https:\/\/chemgramx.com\/#organization\",\"name\":\"Chemgramx\",\"url\":\"https:\/\/chemgramx.com\/\",\"logo\":{\"@type\":\"ImageObject\",\"inLanguage\":\"fr-FR\",\"@id\":\"https:\/\/chemgramx.com\/#\/schema\/logo\/image\/\",\"url\":\"https:\/\/chemgramx.com\/wp-content\/uploads\/2024\/10\/final-logo.png\",\"contentUrl\":\"https:\/\/chemgramx.com\/wp-content\/uploads\/2024\/10\/final-logo.png\",\"width\":250,\"height\":48,\"caption\":\"Chemgramx\"},\"image\":{\"@id\":\"https:\/\/chemgramx.com\/#\/schema\/logo\/image\/\"}}]}<\/script>\n<!-- \/ Yoast SEO plugin. -->","yoast_head_json":{"title":"JWH-080 online kaufen \u2013 Hochwertiges JWH-080 bei ChemGramX","description":"Kaufen Sie reines JWH-080 online bei ChemGramX. Laborgepr\u00fcftes JWH-080 f\u00fcr Forschungszwecke. Diskreter Versand und schnelle Lieferung. Jetzt JWH-080 sicher bestellen!","robots":{"index":"index","follow":"follow","max-snippet":"max-snippet:-1","max-image-preview":"max-image-preview:large","max-video-preview":"max-video-preview:-1"},"canonical":"https:\/\/chemgramx.com\/fr\/produit\/jwh-080\/","og_locale":"fr_FR","og_type":"article","og_title":"JWH-080 online kaufen \u2013 Hochwertiges JWH-080 bei ChemGramX","og_description":"Kaufen Sie reines JWH-080 online bei ChemGramX. Laborgepr\u00fcftes JWH-080 f\u00fcr Forschungszwecke. Diskreter Versand und schnelle Lieferung. Jetzt JWH-080 sicher bestellen!","og_url":"https:\/\/chemgramx.com\/fr\/produit\/jwh-080\/","og_site_name":"Chemgramx","article_modified_time":"2025-10-18T06:12:28+00:00","og_image":[{"width":500,"height":500,"url":"https:\/\/chemgramx.com\/wp-content\/uploads\/2024\/10\/JWH-080.jpg","type":"image\/jpeg"}],"twitter_card":"summary_large_image","twitter_misc":{"Dur\u00e9e de lecture estim\u00e9e":"3 minutes"},"schema":{"@context":"https:\/\/schema.org","@graph":[{"@type":"WebPage","@id":"https:\/\/chemgramx.com\/product\/jwh-080\/","url":"https:\/\/chemgramx.com\/product\/jwh-080\/","name":"JWH-080 online kaufen \u2013 Hochwertiges JWH-080 bei ChemGramX","isPartOf":{"@id":"https:\/\/chemgramx.com\/#website"},"primaryImageOfPage":{"@id":"https:\/\/chemgramx.com\/product\/jwh-080\/#primaryimage"},"image":{"@id":"https:\/\/chemgramx.com\/product\/jwh-080\/#primaryimage"},"thumbnailUrl":"https:\/\/chemgramx.com\/wp-content\/uploads\/2024\/10\/JWH-080.jpg","datePublished":"2024-10-23T00:03:48+00:00","dateModified":"2025-10-18T06:12:28+00:00","description":"Kaufen Sie reines JWH-080 online bei ChemGramX. Laborgepr\u00fcftes JWH-080 f\u00fcr Forschungszwecke. Diskreter Versand und schnelle Lieferung. Jetzt JWH-080 sicher bestellen!","breadcrumb":{"@id":"https:\/\/chemgramx.com\/product\/jwh-080\/#breadcrumb"},"inLanguage":"fr-FR","potentialAction":[{"@type":"ReadAction","target":["https:\/\/chemgramx.com\/product\/jwh-080\/"]}]},{"@type":"ImageObject","inLanguage":"fr-FR","@id":"https:\/\/chemgramx.com\/product\/jwh-080\/#primaryimage","url":"https:\/\/chemgramx.com\/wp-content\/uploads\/2024\/10\/JWH-080.jpg","contentUrl":"https:\/\/chemgramx.com\/wp-content\/uploads\/2024\/10\/JWH-080.jpg","width":500,"height":500,"caption":"JWH-080"},{"@type":"BreadcrumbList","@id":"https:\/\/chemgramx.com\/product\/jwh-080\/#breadcrumb","itemListElement":[{"@type":"ListItem","position":1,"name":"Home","item":"https:\/\/chemgramx.com\/"},{"@type":"ListItem","position":2,"name":"Shop","item":"https:\/\/chemgramx.com\/shop\/"},{"@type":"ListItem","position":3,"name":"JWH-080 online kaufen"}]},{"@type":"WebSite","@id":"https:\/\/chemgramx.com\/#website","url":"https:\/\/chemgramx.com\/","name":"Chemgramx","description":"","publisher":{"@id":"https:\/\/chemgramx.com\/#organization"},"potentialAction":[{"@type":"SearchAction","target":{"@type":"EntryPoint","urlTemplate":"https:\/\/chemgramx.com\/?s={search_term_string}"},"query-input":{"@type":"PropertyValueSpecification","valueRequired":true,"valueName":"search_term_string"}}],"inLanguage":"fr-FR"},{"@type":"Organization","@id":"https:\/\/chemgramx.com\/#organization","name":"Chemgramx","url":"https:\/\/chemgramx.com\/","logo":{"@type":"ImageObject","inLanguage":"fr-FR","@id":"https:\/\/chemgramx.com\/#\/schema\/logo\/image\/","url":"https:\/\/chemgramx.com\/wp-content\/uploads\/2024\/10\/final-logo.png","contentUrl":"https:\/\/chemgramx.com\/wp-content\/uploads\/2024\/10\/final-logo.png","width":250,"height":48,"caption":"Chemgramx"},"image":{"@id":"https:\/\/chemgramx.com\/#\/schema\/logo\/image\/"}}]}},"_links":{"self":[{"href":"https:\/\/chemgramx.com\/fr\/wp-json\/wp\/v2\/product\/773","targetHints":{"allow":["GET"]}}],"collection":[{"href":"https:\/\/chemgramx.com\/fr\/wp-json\/wp\/v2\/product"}],"about":[{"href":"https:\/\/chemgramx.com\/fr\/wp-json\/wp\/v2\/types\/product"}],"replies":[{"embeddable":true,"href":"https:\/\/chemgramx.com\/fr\/wp-json\/wp\/v2\/comments?post=773"}],"wp:featuredmedia":[{"embeddable":true,"href":"https:\/\/chemgramx.com\/fr\/wp-json\/wp\/v2\/media\/851"}],"wp:attachment":[{"href":"https:\/\/chemgramx.com\/fr\/wp-json\/wp\/v2\/media?parent=773"}],"wp:term":[{"taxonomy":"product_brand","embeddable":true,"href":"https:\/\/chemgramx.com\/fr\/wp-json\/wp\/v2\/product_brand?post=773"},{"taxonomy":"product_cat","embeddable":true,"href":"https:\/\/chemgramx.com\/fr\/wp-json\/wp\/v2\/product_cat?post=773"},{"taxonomy":"product_tag","embeddable":true,"href":"https:\/\/chemgramx.com\/fr\/wp-json\/wp\/v2\/product_tag?post=773"}],"curies":[{"name":"wp","href":"https:\/\/api.w.org\/{rel}","templated":true}]}}