{"id":7735,"date":"2025-11-21T11:20:28","date_gmt":"2025-11-21T11:20:28","guid":{"rendered":"https:\/\/chemgramx.com\/?post_type=product&#038;p=7735"},"modified":"2025-11-21T11:21:52","modified_gmt":"2025-11-21T11:21:52","slug":"methallylescaline-hydrochloride-commande-en-ligne","status":"publish","type":"product","link":"https:\/\/chemgramx.com\/fr\/product\/methallylescaline-hydrochloride-bestellung-online\/","title":{"rendered":"Commande en ligne de chlorhydrate de m\u00e9thallylescaline"},"content":{"rendered":"<p><b>Chlorhydrate de m\u00e9thallylescaline<\/b> (en abr\u00e9g\u00e9 : Methallylescaline HCl) est une <b>produit chimique de recherche de haute puret\u00e9 analytique<\/b>, Le syst\u00e8me d'\u00e9valuation de la qualit\u00e9 de l'eau a \u00e9t\u00e9 sp\u00e9cialement con\u00e7u pour r\u00e9pondre aux exigences les plus \u00e9lev\u00e9es en mati\u00e8re de qualit\u00e9 de l'eau. <b>la recherche chimique et pharmacologique<\/b> de r\u00e9pondre \u00e0 la demande. En tant que repr\u00e9sentant important de la <b>D\u00e9riv\u00e9s de la ph\u00e9n\u00e9thylamine<\/b>, La structure de l'entreprise est \u00e9troitement li\u00e9e au fameux <b>Mescaline<\/b> et la classe de <b>Scaline<\/b> cette substance offre une signature mol\u00e9culaire unique pour l'\u00e9tude des interactions biologiques complexes. Avec une <b>puret\u00e9 minimale confirm\u00e9e par analyse de <span class=\"math-inline\" data-math=\"ge97,%\">97%<\/span><\/b>\u00a0Methallylescaline HCl est l'outil id\u00e9al pour les scientifiques qui travaillent dans le domaine de la recherche sur le cancer. <b>des environnements de laboratoire contr\u00f4l\u00e9s<\/b> sur <b>des r\u00e9sultats pr\u00e9cis et reproductibles<\/b> sont d\u00e9pendants.<\/p>\n<p>Nous insistons sur le fait que l'achat et l'utilisation de ce produit sont <b>\u00e0 des fins de recherche uniquement<\/b> et strictement limit\u00e9 \u00e0 <b>des professionnels qualifi\u00e9s<\/b> dans <b>des laboratoires autoris\u00e9s et agr\u00e9\u00e9s<\/b> est limit\u00e9e. Cela permet de garantir le respect de toutes les normes internationales en vigueur. <b>Normes de s\u00e9curit\u00e9 et normes juridiques<\/b>.<a href=\"\/product\/methallylescaline-hydrochloride-kaufen\/\"> M\u00e9thallylescaline<\/a> HCl est un r\u00e9actif inestimable dans l'industrie pharmaceutique moderne. <b>\u00c9tude sur les r\u00e9cepteurs de la s\u00e9rotonine<\/b> et le <b>recherche fondamentale en neurochimie<\/b>.<\/p>\n<h2>\u00a0Caract\u00e9risation mol\u00e9culaire et crit\u00e8res de qualit\u00e9 garantis<\/h2>\n<p>L'int\u00e9grit\u00e9 mol\u00e9culaire et le degr\u00e9 de puret\u00e9 d'un produit chimique de recherche sont essentiels \u00e0 la validit\u00e9 des exp\u00e9riences scientifiques. Le chlorhydrate de m\u00e9thallylescaline est produit dans des conditions tr\u00e8s strictes et fait l'objet de contr\u00f4les analytiques afin de garantir une qualit\u00e9 incomparable.<\/p>\n<h3>L'empreinte chimique d\u00e9taill\u00e9e (sp\u00e9cifications du produit)<\/h3>\n<p>La m\u00e9thallylescaline HCl se distingue par sa structure sp\u00e9cifique, d\u00e9finie par les motifs de substitution sur le cycle ph\u00e9nyle. L'introduction de la <b>Groupe m\u00e9thallyle<\/b> en position 4 du cycle modifie les propri\u00e9t\u00e9s lipophiles et st\u00e9riques de la mol\u00e9cule par rapport \u00e0 ses analogues, ce qui conduit \u00e0 des propri\u00e9t\u00e9s uniques. <b>les profils pharmacologiques<\/b> qu'il convient d'examiner.<\/p>\n<ul>\n<li><b>Nom IUPAC :<\/b> La d\u00e9signation exacte est la suivante <b>2,5-<a href=\"\/product\/4f-php-4-fluorophenylpyrrolidin-online-kaufen\/\">Dim\u00e9thoxy<\/a>Chlorhydrate de -4-(2-m\u00e9thylallyl)ph\u00e9n\u00e9thylamine<\/b>. Cette nomenclature d\u00e9taill\u00e9e permet une identification claire dans le discours scientifique global.<\/li>\n<li><b>Poids mol\u00e9culaire :<\/b> Le poids mol\u00e9culaire pr\u00e9cis est de <b>289,80 g\/mol<\/b>. Cette indication pr\u00e9cise est essentielle pour la pr\u00e9paration de solutions molaires et le dosage exact dans les tests quantitatifs.<\/li>\n<li><b>Formulation chimique :<\/b> La substance se pr\u00e9sente sous la forme d'un <b>poudre cristalline<\/b> ce qui garantit leur facilit\u00e9 d'utilisation et leur pr\u00e9cision de pesage en laboratoire.<\/li>\n<li><b>Solubilit\u00e9 :<\/b> La m\u00e9thallylescaline HCl pr\u00e9sente une <b>bonne solubilit\u00e9 dans l'eau<\/b> ce qui permet de pr\u00e9parer rapidement et de fa\u00e7on homog\u00e8ne des solutions m\u00e8res aqueuses pour des <span class=\"math-inline\" data-math=\"In\">Dans<\/span> <span class=\"math-inline\" data-math=\"vitro\">vitro<\/span>- et <span class=\"math-inline\" data-math=\"In\">Dans<\/span> <span class=\"math-inline\" data-math=\"vivo\">vivo<\/span>-Les exp\u00e9riences de ce type sont possibles (dans le strict respect des obligations l\u00e9gales).<\/li>\n<\/ul>\n<h3>L'importance de la v\u00e9rification analytique<\/h3>\n<p>Nous attachons une grande importance \u00e0 la <b>Consistance des lots<\/b> et les <b>v\u00e9rification analytique<\/b> de chaque unit\u00e9. Ce n'est que gr\u00e2ce \u00e0 ces contr\u00f4les stricts que les chercheurs peuvent valider et reproduire leurs r\u00e9sultats.<\/p>\n<ol start=\"1\">\n<li><b>Confirmation de la puret\u00e9 :<\/b> La puret\u00e9 de <b><span class=\"math-inline\" data-math=\"ge97,%\">97%<\/span><\/b>\u00a0est principalement due \u00e0 <b>HPLC (Chromatographie liquide haute performance)<\/b> a \u00e9t\u00e9 confirm\u00e9e. Cela garantit que les impuret\u00e9s, y compris les impuret\u00e9s isom\u00e8res ou les sous-produits de synth\u00e8se, sont r\u00e9duites \u00e0 un minimum absolu.<\/li>\n<li><b>Documentation analytique :<\/b> Pour chaque lot livr\u00e9, vous recevez un rapport complet sur l'\u00e9tat d'avancement du projet. <b>Certificat d'analyse (CoA)<\/b>. Ce document atteste non seulement de la puret\u00e9, mais fournit souvent aussi d'autres donn\u00e9es spectrales (par ex. <b>GC\/MS<\/b> ou <b>RMN<\/b>, (si disponibles), qui sont indispensables \u00e0 la caract\u00e9risation chimique.<\/li>\n<li><b>Assurance qualit\u00e9 :<\/b> Nos proc\u00e9dures standardis\u00e9es garantissent une qualit\u00e9 constante <b>qualit\u00e9 constante<\/b>. Ceci est particuli\u00e8rement important pour les \u00e9tudes \u00e0 long terme dans lesquelles des \u00e9chantillons de diff\u00e9rents lots sont utilis\u00e9s.<\/li>\n<\/ol>\n<h2>\u00a0Champs de recherche centraux et spectres d'application<\/h2>\n<p>En raison de sa proximit\u00e9 structurelle avec les substances psychotropes, il est <a href=\"\/product\/etomethazene-online-kaufen\/\">M\u00e9thallylescaline<\/a> Le chlorhydrate est un objet d'\u00e9tude tr\u00e8s pertinent dans diff\u00e9rents domaines de la m\u00e9decine. <b>Biom\u00e9decine<\/b> et <b>Toxicologie<\/b>.<\/p>\n<h3>\u00c9tudes neuropharmacologiques et essais sur les r\u00e9cepteurs<\/h3>\n<p>En tant qu'agoniste potentiel de <b>R\u00e9cepteurs de la s\u00e9rotonine<\/b>, en particulier sur des sous-types tels que <span class=\"math-inline\" data-math=\"5-HT_{2A}\">5-HT_{2A}<\/span> et <span class=\"math-inline\" data-math=\"5-HT_{2C}\">5-HT_{2C}<\/span>, La m\u00e9thallylescaline HCl est un pr\u00e9cieux ingr\u00e9dient pour la fabrication de produits cosm\u00e9tiques. <b>mol\u00e9cule chimique sp\u00e9ciale<\/b>. Les chercheurs l'utilisent pour :<\/p>\n<ul>\n<li><b>Profils de liaison aux r\u00e9cepteurs<\/b> de cr\u00e9er et de <b>Affinit\u00e9<\/b> \u00e0 diff\u00e9rents neuror\u00e9cepteurs.<\/li>\n<li>Le site <b>activit\u00e9 fonctionnelle<\/b> des r\u00e9cepteurs activ\u00e9s (par exemple via <span class=\"math-inline\" data-math=\"Ca^{2+}\">Ca^{2+}<\/span>-mobilisation ou <span class=\"math-inline\" data-math=\"IP_3\">IP_3<\/span>-accumulation).<\/li>\n<li>La compr\u00e9hension plus profonde des <b>Relations structure-activit\u00e9 (SAR)<\/b> au sein de la classe des ph\u00e9n\u00e9thylamines. En apportant des modifications syst\u00e9matiques au groupe m\u00e9thallyle, les scientifiques peuvent tester des hypoth\u00e8ses sur l'interaction de la mol\u00e9cule avec le site de liaison au r\u00e9cepteur.<\/li>\n<li>Le site <b>Pharmacodynamie<\/b> et de clarifier les voies de transduction des signaux cellulaires d\u00e9clench\u00e9es par ces nouvelles substances.<\/li>\n<\/ul>\n<p>Ces \u00e9tudes fondamentales sont \u00e0 la base de la conception de nouveaux produits th\u00e9rapeutiques cibl\u00e9s pour les maladies neurologiques et psychiatriques.<\/p>\n<h3>Recherche sur le m\u00e9tabolisme, la m\u00e9decine l\u00e9gale et la toxicologie<\/h3>\n<p>Un domaine d'application de plus en plus important <b>Recherche sur le m\u00e9tabolisme<\/b>. Comme la m\u00e9thallylescaline HCl fait partie des <b>nouvelles substances psychoactives (NPS)<\/b> des donn\u00e9es fiables sur la voie de d\u00e9gradation m\u00e9tabolique dans l'organisme humain et animal sont d'une importance capitale.<\/p>\n<ul>\n<li><b>Identification du m\u00e9tabolisme :<\/b> L'enqu\u00eate sur les <b>les voies de d\u00e9gradation chimique<\/b> dans <span class=\"math-inline\" data-math=\"In\">Dans<\/span>\u00a0<span class=\"math-inline\" data-math=\"vitro\">vitro<\/span>-(par exemple en utilisant des microsomes h\u00e9patiques humains ou des enzymes recombinantes du cytochrome P450) est essentielle. Les <b>M\u00e9tabolites<\/b> doivent \u00eatre caract\u00e9ris\u00e9s chimiquement, souvent au moyen de <b>LC-MS\/MS<\/b>.<\/li>\n<li><b>\u00c9valuation toxicologique :<\/b> Les r\u00e9sultats des \u00e9tudes sur le m\u00e9tabolisme sont fondamentaux pour la <b>\u00e9valuation toxicologique et \u00e9valuation bas\u00e9e sur les risques<\/b> de la substance.<\/li>\n<li><b>Analyses m\u00e9dico-l\u00e9gales :<\/b> Les donn\u00e9es obtenues sur les m\u00e9tabolites servent de mat\u00e9riel de r\u00e9f\u00e9rence et permettent aux laboratoires m\u00e9dico-l\u00e9gaux de d\u00e9velopper des m\u00e9thodes valides de d\u00e9tection et d'analyse des m\u00e9tabolites. <b>M\u00e9thodes de d\u00e9tection<\/b> pour l'identification et la quantification dans les \u00e9chantillons biologiques.<\/li>\n<\/ul>\n<h2>\u00a0Protocoles de s\u00e9curit\u00e9 et directives de manipulation tr\u00e8s stricts<\/h2>\n<p>La manipulation du chlorhydrate de m\u00e9thallylescaline exige un maximum de responsabilit\u00e9 et le strict respect des normes de laboratoire internationalement reconnues.<\/p>\n<h3>Normes de laboratoire et EPI requis<\/h3>\n<p>L'utilisation doit se faire exclusivement dans une <b>conforme aux BPL<\/b> (<b>Bonnes pratiques de laboratoire<\/b>) doit se faire dans un environnement sain. Le respect des r\u00e8gles suivantes <b>Protocoles de s\u00e9curit\u00e9<\/b> est in\u00e9vitable :<\/p>\n<ul>\n<li><b>Environnement de travail :<\/b> L'utilisation est limit\u00e9e \u00e0 <b>environnements de laboratoire professionnels<\/b> limit\u00e9e.<\/li>\n<li><b>A\u00e9ration :<\/b> <b>Bonne circulation de l'air<\/b> et l'utilisation de <b>Syst\u00e8mes d'extraction<\/b> (Fume Hoods) sont absolument n\u00e9cessaires pour emp\u00eacher l'inhalation de fines particules ou d'a\u00e9rosols.<\/li>\n<li><b>\u00c9quipement de protection individuelle (EPI) :<\/b> Les chercheurs doivent toujours avoir des <b>V\u00eatements de protection<\/b> dont <b>Blouse de laboratoire<\/b>, r\u00e9sistant aux produits chimiques <b>Gants<\/b> (Nitrile ou Viton, selon le protocole) et une <b>Lunettes de protection<\/b> ou un bouclier facial. En cas de manipulation de poudre, il faut, le cas \u00e9ch\u00e9ant, ajouter <b>Protection respiratoire<\/b> est n\u00e9cessaire.<\/li>\n<li><b>Pr\u00e9cautions d'urgence :<\/b> Fonctionnel <b>Douche oculaire<\/b> et <b>Douches de secours<\/b> doivent \u00eatre facilement accessibles \u00e0 tout moment.<\/li>\n<\/ul>\n<h3>Conditions de stockage et de stabilit\u00e9 optimales<\/h3>\n<p>Pour pr\u00e9server la <b>l'int\u00e9grit\u00e9 analytique<\/b> et le <b>Stabilit\u00e9 \u00e0 long terme<\/b> la m\u00e9thallylescaline HCl doit \u00eatre stock\u00e9e correctement :<\/p>\n<ol start=\"1\">\n<li><b>Contr\u00f4le de la temp\u00e9rature :<\/b> Le stockage optimal se fait <b>au frais<\/b> \u00e0 une temp\u00e9rature de <b>2-8 \u00b0C (stockage au r\u00e9frig\u00e9rateur)<\/b>. Les variations de temp\u00e9rature doivent \u00eatre \u00e9vit\u00e9es.<\/li>\n<li><b>Contr\u00f4le de l'humidit\u00e9 :<\/b> Le stockage doit \u00eatre <b>sec<\/b> avec une humidit\u00e9 relative de l'air id\u00e9alement inf\u00e9rieure \u00e0 <b>60 %<\/b>.<\/li>\n<li><b>Protection contre la lumi\u00e8re :<\/b> Comme le lien <b>sensible \u00e0 la lumi\u00e8re<\/b> peut \u00eatre, elle doit \u00eatre en <b>des r\u00e9cipients sombres et opaques<\/b> afin d'\u00e9viter la d\u00e9gradation photolytique.<\/li>\n<li><b>Emballage :<\/b> Les r\u00e9cipients doivent <b>herm\u00e9tiquement ferm\u00e9<\/b> et \u00eatre clairement \u00e9tiquet\u00e9s, conform\u00e9ment aux prescriptions du laboratoire.<\/li>\n<\/ol>\n<h2>\u00a0Processus de commande et conformit\u00e9 l\u00e9gale<\/h2>\n<p>Nous veillons \u00e0 ce que la distribution du chlorhydrate de m\u00e9thallylescaline soit transparente et s'inscrive exclusivement dans le cadre de la recherche scientifique l\u00e9gale.<\/p>\n<h3>Quantit\u00e9s disponibles et conditions de commande<\/h3>\n<p>Pour r\u00e9pondre aux diff\u00e9rentes exigences, des projets pilotes aux \u00e9tudes approfondies, nous proposons diff\u00e9rentes <b>Quantit\u00e9s disponibles<\/b> \u00e0 :<\/p>\n<ul>\n<li><b>\u00c9chantillon de recherche :<\/b> 100 mg (pour les \u00e9tudes pilotes et les analyses)<\/li>\n<li><b>Petite quantit\u00e9 :<\/b> 500 mg<\/li>\n<li><b>Quantit\u00e9 standard :<\/b> 1 g<\/li>\n<li><b>Grande quantit\u00e9 :<\/b> 5 g (pour les projets de plus grande envergure ou comme standard de r\u00e9f\u00e9rence)<\/li>\n<\/ul>\n<p>Le respect des r\u00e8gles suivantes <b>Conditions de commande<\/b> est obligatoire :<\/p>\n<ol start=\"1\">\n<li>Preuve d'une <b>organisme de recherche autoris\u00e9<\/b> (Preuve du statut institutionnel ou d'entreprise).<\/li>\n<li>Une pr\u00e9cision <b>Description de l'utilisation scientifique<\/b> (synopsis du protocole de recherche).<\/li>\n<li>La d\u00e9cision juridiquement contraignante <b>Confirmation de la prise de connaissance<\/b> et l'acceptation du <b>Fiche de donn\u00e9es de s\u00e9curit\u00e9 (MSDS)<\/b>.<\/li>\n<\/ol>\n<p><b>Avis juridique :<\/b> Par son achat, l'acqu\u00e9reur confirme irr\u00e9vocablement que l'utilisation du chlorhydrate de m\u00e9thallylescaline <b>exclusivement dans le cadre d'applications l\u00e9gales et scientifiques<\/b> et dans des environnements de laboratoire contr\u00f4l\u00e9s. L'enti\u00e8re responsabilit\u00e9 du respect de toutes les lois nationales et internationales, des r\u00e8gles de s\u00e9curit\u00e9 et des directives de manipulation incombe \u00e0 l'acheteur. Toute utilisation abusive ou non autoris\u00e9e, notamment la consommation humaine, est <b>strictement interdite<\/b> et entra\u00eene des cons\u00e9quences juridiques.<\/p>","protected":false},"excerpt":{"rendered":"<p>Acheter du chlorhydrate de m\u00e9thallylescaline : Produit chimique de recherche de haute puret\u00e9 sous forme de chlorhydrate. Exclusivement \u00e0 des fins de recherche scientifique dans des environnements de laboratoire. Qualit\u00e9 test\u00e9e en laboratoire avec certificat d'analyse.<\/p>","protected":false},"featured_media":7772,"comment_status":"open","ping_status":"closed","template":"","meta":{"_joinchat":[]},"product_brand":[],"product_cat":[51],"product_tag":[],"class_list":{"0":"post-7735","1":"product","2":"type-product","3":"status-publish","4":"has-post-thumbnail","6":"product_cat-phenethylamines","8":"first","9":"instock","10":"shipping-taxable","11":"purchasable","12":"product-type-variable"},"yoast_head":"<!-- This site is optimized with the Yoast SEO plugin v27.5 - https:\/\/yoast.com\/product\/yoast-seo-wordpress\/ -->\n<title>Methallylescaline HCl Kaufen | Research Chemical | Laborqualit\u00e4tChemgramx<\/title>\n<meta name=\"description\" content=\"Methallylescaline Hydrochloride kaufen - Hochreine Forschungschemikalie f\u00fcr wissenschaftliche Zwecke. Laborgepr\u00fcfte Qualit\u00e4t, diskret &amp; sicher. Nur f\u00fcr Forschungszwecke.\" \/>\n<meta name=\"robots\" content=\"index, follow, max-snippet:-1, max-image-preview:large, max-video-preview:-1\" \/>\n<link rel=\"canonical\" href=\"https:\/\/chemgramx.com\/fr\/produit\/methallylescaline-hydrochloride-commande-en-ligne\/\" \/>\n<meta property=\"og:locale\" content=\"fr_FR\" \/>\n<meta property=\"og:type\" content=\"article\" \/>\n<meta property=\"og:title\" content=\"Methallylescaline HCl Kaufen | Research Chemical | Laborqualit\u00e4tChemgramx\" \/>\n<meta property=\"og:description\" content=\"Methallylescaline Hydrochloride kaufen - Hochreine Forschungschemikalie f\u00fcr wissenschaftliche Zwecke. Laborgepr\u00fcfte Qualit\u00e4t, diskret &amp; sicher. Nur f\u00fcr Forschungszwecke.\" \/>\n<meta property=\"og:url\" content=\"https:\/\/chemgramx.com\/fr\/produit\/methallylescaline-hydrochloride-commande-en-ligne\/\" \/>\n<meta property=\"og:site_name\" content=\"Chemgramx\" \/>\n<meta property=\"article:modified_time\" content=\"2025-11-21T11:21:52+00:00\" \/>\n<meta property=\"og:image\" content=\"https:\/\/chemgramx.com\/wp-content\/uploads\/2025\/11\/methallylescaline-hydrochloride-chem-store-online.png\" \/>\n\t<meta property=\"og:image:width\" content=\"660\" \/>\n\t<meta property=\"og:image:height\" content=\"530\" \/>\n\t<meta property=\"og:image:type\" content=\"image\/png\" \/>\n<meta name=\"twitter:card\" content=\"summary_large_image\" \/>\n<meta name=\"twitter:label1\" content=\"Dur\u00e9e de lecture estim\u00e9e\" \/>\n\t<meta name=\"twitter:data1\" content=\"5 minutes\" \/>\n<script type=\"application\/ld+json\" class=\"yoast-schema-graph\">{\"@context\":\"https:\\\/\\\/schema.org\",\"@graph\":[{\"@type\":\"WebPage\",\"@id\":\"https:\\\/\\\/chemgramx.com\\\/product\\\/methallylescaline-hydrochloride-bestellung-online\\\/\",\"url\":\"https:\\\/\\\/chemgramx.com\\\/product\\\/methallylescaline-hydrochloride-bestellung-online\\\/\",\"name\":\"Methallylescaline HCl Kaufen | Research Chemical | Laborqualit\u00e4tChemgramx\",\"isPartOf\":{\"@id\":\"https:\\\/\\\/chemgramx.com\\\/#website\"},\"primaryImageOfPage\":{\"@id\":\"https:\\\/\\\/chemgramx.com\\\/product\\\/methallylescaline-hydrochloride-bestellung-online\\\/#primaryimage\"},\"image\":{\"@id\":\"https:\\\/\\\/chemgramx.com\\\/product\\\/methallylescaline-hydrochloride-bestellung-online\\\/#primaryimage\"},\"thumbnailUrl\":\"https:\\\/\\\/chemgramx.com\\\/wp-content\\\/uploads\\\/2025\\\/11\\\/methallylescaline-hydrochloride-chem-store-online.png\",\"datePublished\":\"2025-11-21T11:20:28+00:00\",\"dateModified\":\"2025-11-21T11:21:52+00:00\",\"description\":\"Methallylescaline Hydrochloride kaufen - Hochreine Forschungschemikalie f\u00fcr wissenschaftliche Zwecke. Laborgepr\u00fcfte Qualit\u00e4t, diskret &amp; sicher. Nur f\u00fcr Forschungszwecke.\",\"breadcrumb\":{\"@id\":\"https:\\\/\\\/chemgramx.com\\\/product\\\/methallylescaline-hydrochloride-bestellung-online\\\/#breadcrumb\"},\"inLanguage\":\"fr-FR\",\"potentialAction\":[{\"@type\":\"ReadAction\",\"target\":[\"https:\\\/\\\/chemgramx.com\\\/product\\\/methallylescaline-hydrochloride-bestellung-online\\\/\"]}]},{\"@type\":\"ImageObject\",\"inLanguage\":\"fr-FR\",\"@id\":\"https:\\\/\\\/chemgramx.com\\\/product\\\/methallylescaline-hydrochloride-bestellung-online\\\/#primaryimage\",\"url\":\"https:\\\/\\\/chemgramx.com\\\/wp-content\\\/uploads\\\/2025\\\/11\\\/methallylescaline-hydrochloride-chem-store-online.png\",\"contentUrl\":\"https:\\\/\\\/chemgramx.com\\\/wp-content\\\/uploads\\\/2025\\\/11\\\/methallylescaline-hydrochloride-chem-store-online.png\",\"width\":660,\"height\":530},{\"@type\":\"BreadcrumbList\",\"@id\":\"https:\\\/\\\/chemgramx.com\\\/product\\\/methallylescaline-hydrochloride-bestellung-online\\\/#breadcrumb\",\"itemListElement\":[{\"@type\":\"ListItem\",\"position\":1,\"name\":\"Home\",\"item\":\"https:\\\/\\\/chemgramx.com\\\/\"},{\"@type\":\"ListItem\",\"position\":2,\"name\":\"Shop\",\"item\":\"https:\\\/\\\/chemgramx.com\\\/shop\\\/\"},{\"@type\":\"ListItem\",\"position\":3,\"name\":\"Methallylescaline Hydrochloride Bestellung Online\"}]},{\"@type\":\"WebSite\",\"@id\":\"https:\\\/\\\/chemgramx.com\\\/#website\",\"url\":\"https:\\\/\\\/chemgramx.com\\\/\",\"name\":\"Chemgramx\",\"description\":\"\",\"publisher\":{\"@id\":\"https:\\\/\\\/chemgramx.com\\\/#organization\"},\"potentialAction\":[{\"@type\":\"SearchAction\",\"target\":{\"@type\":\"EntryPoint\",\"urlTemplate\":\"https:\\\/\\\/chemgramx.com\\\/?s={search_term_string}\"},\"query-input\":{\"@type\":\"PropertyValueSpecification\",\"valueRequired\":true,\"valueName\":\"search_term_string\"}}],\"inLanguage\":\"fr-FR\"},{\"@type\":\"Organization\",\"@id\":\"https:\\\/\\\/chemgramx.com\\\/#organization\",\"name\":\"Chemgramx\",\"url\":\"https:\\\/\\\/chemgramx.com\\\/\",\"logo\":{\"@type\":\"ImageObject\",\"inLanguage\":\"fr-FR\",\"@id\":\"https:\\\/\\\/chemgramx.com\\\/#\\\/schema\\\/logo\\\/image\\\/\",\"url\":\"https:\\\/\\\/chemgramx.com\\\/wp-content\\\/uploads\\\/2024\\\/10\\\/final-logo.png\",\"contentUrl\":\"https:\\\/\\\/chemgramx.com\\\/wp-content\\\/uploads\\\/2024\\\/10\\\/final-logo.png\",\"width\":250,\"height\":48,\"caption\":\"Chemgramx\"},\"image\":{\"@id\":\"https:\\\/\\\/chemgramx.com\\\/#\\\/schema\\\/logo\\\/image\\\/\"}}]}<\/script>\n<!-- \/ Yoast SEO plugin. -->","yoast_head_json":{"title":"Acheter Methallylescaline HCl | Research Chemical | Qualit\u00e9 de laboratoireChemgramx","description":"Acheter du chlorhydrate de m\u00e9thallylescaline - Produit chimique de recherche de haute puret\u00e9 \u00e0 usage scientifique. Qualit\u00e9 test\u00e9e en laboratoire, discr\u00e8te &amp; s\u00fbre. Uniquement \u00e0 des fins de recherche.","robots":{"index":"index","follow":"follow","max-snippet":"max-snippet:-1","max-image-preview":"max-image-preview:large","max-video-preview":"max-video-preview:-1"},"canonical":"https:\/\/chemgramx.com\/fr\/produit\/methallylescaline-hydrochloride-commande-en-ligne\/","og_locale":"fr_FR","og_type":"article","og_title":"Methallylescaline HCl Kaufen | Research Chemical | Laborqualit\u00e4tChemgramx","og_description":"Methallylescaline Hydrochloride kaufen - Hochreine Forschungschemikalie f\u00fcr wissenschaftliche Zwecke. Laborgepr\u00fcfte Qualit\u00e4t, diskret &amp; sicher. Nur f\u00fcr Forschungszwecke.","og_url":"https:\/\/chemgramx.com\/fr\/produit\/methallylescaline-hydrochloride-commande-en-ligne\/","og_site_name":"Chemgramx","article_modified_time":"2025-11-21T11:21:52+00:00","og_image":[{"width":660,"height":530,"url":"https:\/\/chemgramx.com\/wp-content\/uploads\/2025\/11\/methallylescaline-hydrochloride-chem-store-online.png","type":"image\/png"}],"twitter_card":"summary_large_image","twitter_misc":{"Dur\u00e9e de lecture estim\u00e9e":"5 minutes"},"schema":{"@context":"https:\/\/schema.org","@graph":[{"@type":"WebPage","@id":"https:\/\/chemgramx.com\/product\/methallylescaline-hydrochloride-bestellung-online\/","url":"https:\/\/chemgramx.com\/product\/methallylescaline-hydrochloride-bestellung-online\/","name":"Acheter Methallylescaline HCl | Research Chemical | Qualit\u00e9 de laboratoireChemgramx","isPartOf":{"@id":"https:\/\/chemgramx.com\/#website"},"primaryImageOfPage":{"@id":"https:\/\/chemgramx.com\/product\/methallylescaline-hydrochloride-bestellung-online\/#primaryimage"},"image":{"@id":"https:\/\/chemgramx.com\/product\/methallylescaline-hydrochloride-bestellung-online\/#primaryimage"},"thumbnailUrl":"https:\/\/chemgramx.com\/wp-content\/uploads\/2025\/11\/methallylescaline-hydrochloride-chem-store-online.png","datePublished":"2025-11-21T11:20:28+00:00","dateModified":"2025-11-21T11:21:52+00:00","description":"Acheter du chlorhydrate de m\u00e9thallylescaline - Produit chimique de recherche de haute puret\u00e9 \u00e0 usage scientifique. Qualit\u00e9 test\u00e9e en laboratoire, discr\u00e8te &amp; s\u00fbre. Uniquement \u00e0 des fins de recherche.","breadcrumb":{"@id":"https:\/\/chemgramx.com\/product\/methallylescaline-hydrochloride-bestellung-online\/#breadcrumb"},"inLanguage":"fr-FR","potentialAction":[{"@type":"ReadAction","target":["https:\/\/chemgramx.com\/product\/methallylescaline-hydrochloride-bestellung-online\/"]}]},{"@type":"ImageObject","inLanguage":"fr-FR","@id":"https:\/\/chemgramx.com\/product\/methallylescaline-hydrochloride-bestellung-online\/#primaryimage","url":"https:\/\/chemgramx.com\/wp-content\/uploads\/2025\/11\/methallylescaline-hydrochloride-chem-store-online.png","contentUrl":"https:\/\/chemgramx.com\/wp-content\/uploads\/2025\/11\/methallylescaline-hydrochloride-chem-store-online.png","width":660,"height":530},{"@type":"BreadcrumbList","@id":"https:\/\/chemgramx.com\/product\/methallylescaline-hydrochloride-bestellung-online\/#breadcrumb","itemListElement":[{"@type":"ListItem","position":1,"name":"Home","item":"https:\/\/chemgramx.com\/"},{"@type":"ListItem","position":2,"name":"Shop","item":"https:\/\/chemgramx.com\/shop\/"},{"@type":"ListItem","position":3,"name":"Methallylescaline Hydrochloride Bestellung Online"}]},{"@type":"WebSite","@id":"https:\/\/chemgramx.com\/#website","url":"https:\/\/chemgramx.com\/","name":"Chemgramx","description":"","publisher":{"@id":"https:\/\/chemgramx.com\/#organization"},"potentialAction":[{"@type":"SearchAction","target":{"@type":"EntryPoint","urlTemplate":"https:\/\/chemgramx.com\/?s={search_term_string}"},"query-input":{"@type":"PropertyValueSpecification","valueRequired":true,"valueName":"search_term_string"}}],"inLanguage":"fr-FR"},{"@type":"Organization","@id":"https:\/\/chemgramx.com\/#organization","name":"Chemgramx","url":"https:\/\/chemgramx.com\/","logo":{"@type":"ImageObject","inLanguage":"fr-FR","@id":"https:\/\/chemgramx.com\/#\/schema\/logo\/image\/","url":"https:\/\/chemgramx.com\/wp-content\/uploads\/2024\/10\/final-logo.png","contentUrl":"https:\/\/chemgramx.com\/wp-content\/uploads\/2024\/10\/final-logo.png","width":250,"height":48,"caption":"Chemgramx"},"image":{"@id":"https:\/\/chemgramx.com\/#\/schema\/logo\/image\/"}}]}},"_links":{"self":[{"href":"https:\/\/chemgramx.com\/fr\/wp-json\/wp\/v2\/product\/7735","targetHints":{"allow":["GET"]}}],"collection":[{"href":"https:\/\/chemgramx.com\/fr\/wp-json\/wp\/v2\/product"}],"about":[{"href":"https:\/\/chemgramx.com\/fr\/wp-json\/wp\/v2\/types\/product"}],"replies":[{"embeddable":true,"href":"https:\/\/chemgramx.com\/fr\/wp-json\/wp\/v2\/comments?post=7735"}],"wp:featuredmedia":[{"embeddable":true,"href":"https:\/\/chemgramx.com\/fr\/wp-json\/wp\/v2\/media\/7772"}],"wp:attachment":[{"href":"https:\/\/chemgramx.com\/fr\/wp-json\/wp\/v2\/media?parent=7735"}],"wp:term":[{"taxonomy":"product_brand","embeddable":true,"href":"https:\/\/chemgramx.com\/fr\/wp-json\/wp\/v2\/product_brand?post=7735"},{"taxonomy":"product_cat","embeddable":true,"href":"https:\/\/chemgramx.com\/fr\/wp-json\/wp\/v2\/product_cat?post=7735"},{"taxonomy":"product_tag","embeddable":true,"href":"https:\/\/chemgramx.com\/fr\/wp-json\/wp\/v2\/product_tag?post=7735"}],"curies":[{"name":"wp","href":"https:\/\/api.w.org\/{rel}","templated":true}]}}