{"id":7811,"date":"2025-11-21T11:21:56","date_gmt":"2025-11-21T11:21:56","guid":{"rendered":"https:\/\/chemgramx.com\/?post_type=product&#038;p=7811"},"modified":"2025-11-21T14:26:38","modified_gmt":"2025-11-21T14:26:38","slug":"acheter-golden-mammoth-mushrooms","status":"publish","type":"product","link":"https:\/\/chemgramx.com\/fr\/product\/golden-mammoth-mushrooms-kaufen\/","title":{"rendered":"Acheter Golden Mammoth Mushrooms"},"content":{"rendered":"<p>Les mesures d\u00e9crites comme <b>\u201eGolden Mammoth Mushrooms\u201c<\/b> vari\u00e9t\u00e9 connue est une variation d'un <b>champignon contenant de la psilocybine<\/b>. Les botanistes classent g\u00e9n\u00e9ralement cette esp\u00e8ce dans le type <i>Psilocybe cubensis<\/i> \u00e0 . En raison de leurs caract\u00e9ristiques, les champignons <b>des capuchons jaunes d'or<\/b> et d'une <b>puissance \u00e9quilibr\u00e9e et consistante<\/b> connu dans les milieux scientifiques. <b>Cependant,<\/b> c'est <b>de la plus haute importance<\/b>, Il est important de clarifier ce contexte : En Allemagne et dans de nombreux autres pays, les champignons contenant de la psilocybine sont soumis \u00e0 la loi sur les stup\u00e9fiants. <b>Loi sur les stup\u00e9fiants (LStup)<\/b>. <b>Concr\u00e8tement, cela signifie<\/b>, que l'acquisition, la d\u00e9tention ou le commerce <b>ill\u00e9gal<\/b> est passible de poursuites judiciaires. <b>Par cons\u00e9quent,<\/b> cette analyse d\u00e9taill\u00e9e sert <b>\u00e0 des fins exclusivement scientifiques, botaniques et informatives<\/b> et ne constitue pas une incitation \u00e0 l'achat ou une recommandation de consommation.<\/p>\n<h3><b>Bases chimiques et botaniques de la vari\u00e9t\u00e9<\/b><\/h3>\n<p>La vari\u00e9t\u00e9 <b>Golden Mammoth<\/b> est utilis\u00e9 dans la <b>Mycologie<\/b> (mycologie) en raison de leur <b>des propri\u00e9t\u00e9s de culture robustes<\/b> et de leur <b><a href=\"\/product\/1d-lsd-225mcg-pellets-kaufen\/\">fiable<\/a> Concentration en psilocybine<\/b> estim\u00e9e. <b>Ceci<\/b> en fait un mod\u00e8le stable dans la recherche.<\/p>\n<h4><b>Les alcalo\u00efdes indoliques psychoactifs<\/b><\/h4>\n<p>L'effet psychoactif est bas\u00e9 sur deux d\u00e9riv\u00e9s de la tryptamine : <b>Psilocybine<\/b> et <b>Psilocine<\/b>. La psilocybine est la substance relativement stable naturellement pr\u00e9sente dans les champignons. <b>D\u00e9riv\u00e9 d'ester phosphorique<\/b>. <b>C'est pourquoi<\/b> c'est la forme qui pr\u00e9serve mieux l'int\u00e9grit\u00e9 chimique lors du stockage.<\/p>\n<p><b>En revanche,<\/b> est <b>Psilocine<\/b> le <b>compos\u00e9 biologiquement actif<\/b>. Apr\u00e8s l'ingestion, la psilocybine est rapidement d\u00e9phosphoryl\u00e9e dans le corps par des enzymes et transform\u00e9e en psilocine active. <b>Comme la psilocine<\/b> (4-hydroxy-N,N-dim\u00e9thyltryptamine) au neurotransmetteur endog\u00e8ne <b>S\u00e9rotonine<\/b> (5-HT) est tr\u00e8s similaire, elle peut devenir active dans le syst\u00e8me nerveux central. Sa structure chimique et sa similitude mol\u00e9culaire avec la s\u00e9rotonine sont les principales raisons de l'int\u00e9r\u00eat neuropharmacologique pour cette classe de substances.<\/p>\n<h4><b>Puissance et reproductibilit\u00e9<\/b><\/h4>\n<p>Dans l'analyse scientifique, la <b>Consistance de la puissance<\/b> est d\u00e9cisive. La vari\u00e9t\u00e9 <b>Golden Mammoth<\/b> se caract\u00e9rise par une <b>r\u00e9partition uniforme des substances actives<\/b> sur diff\u00e9rents lots. <b>Ce<\/b> <b>Consistance des lots<\/b> est essentiel pour la <b>Reproductibilit\u00e9<\/b> des r\u00e9sultats d'\u00e9tudes, en particulier pour les analyses de dosage et les analyses comparatives. <b>En fait,<\/b> la concentration moyenne de psilocybine dans les <i>Psilocybe cubensis<\/i> typiquement entre 0,5 % et 1,0 % du poids sec.<\/p>\n<h3><b>La pharmacologie et la \u201ecourbe d'action douce\u201c<\/b><\/h3>\n<p>L'effet psychique de la psilocine est d\u00fb \u00e0 son interaction sp\u00e9cifique avec le cerveau.<\/p>\n<h4><b>M\u00e9canisme d'action\u00a0<\/b><\/h4>\n<p>Le m\u00e9canisme d'action primaire est le <b>agonisme partiel<\/b> sur le site <b>R\u00e9cepteur de la s\u00e9rotonine 2A <\/b>. Ces r\u00e9cepteurs sont tr\u00e8s concentr\u00e9s dans les zones corticales, en particulier dans le cortex pr\u00e9frontal. <b>En cons\u00e9quence<\/b> l'activation entra\u00eene une <b>une augmentation de l'excitabilit\u00e9 neuronale<\/b> et d'une profonde <b>D\u00e9sorganisation du r\u00e9seau de mode par d\u00e9faut (DMN)<\/b>, Le syst\u00e8me nerveux central est la partie du cerveau responsable du sentiment d'identit\u00e9 et de la perception de soi.<\/p>\n<h4><b>Pharmacocin\u00e9tique et dur\u00e9e d'action<\/b><\/h4>\n<p>La m\u00e9thode d\u00e9crite <b>\u201ecourbe d'impact douce\u201c<\/b> s'explique par la pharmacocin\u00e9tique. <b>D'abord<\/b> la psilocybine doit \u00eatre absorb\u00e9e puis transform\u00e9e en psilocine. <b>Ce<\/b> processus explique le <b>un d\u00e9but progressif<\/b> de l'effet, qui se produit typiquement 30 \u00e0 60 minutes apr\u00e8s la prise. La dur\u00e9e totale de l'effet du <b>Golden Mammoth<\/b> est estim\u00e9 entre 4 et 6 heures, ce qui correspond \u00e0 la <b>Demi-vie de la psilocine<\/b> correspond \u00e0 l'objectif. Le site <b>une qualit\u00e9 constante<\/b> de la vari\u00e9t\u00e9 la pr\u00e9destine en outre \u00e0 l'utilisation en <b>Protocoles de microdosage<\/b>, Les \u00e9tudes sur l'am\u00e9lioration de la cognition n\u00e9cessitent un dosage pr\u00e9cis et subliminal.<\/p>\n<h3><b>Relation dose-effet et mesures de s\u00e9curit\u00e9 n\u00e9cessaires<\/b><\/h3>\n<p>La relation dose-effet est d'une importance capitale pour les \u00e9tudes scientifiques et toxicologiques. <b>Il est crucial<\/b>, Il est important de conna\u00eetre les effets potentiels par rapport \u00e0 la mati\u00e8re s\u00e8che :<\/p>\n<ul>\n<li><b>Doses l\u00e9g\u00e8res (1,0 - 1,5 g) :<\/b> Dans les \u00e9tudes, cette dose est consid\u00e9r\u00e9e comme <b>Dose minimale<\/b> est utilis\u00e9e dans le cadre de l'\u00e9ducation. Elle entra\u00eene de l\u00e9gers effets introspectifs et d'am\u00e9lioration de l'humeur.<\/li>\n<li><b>Doses standard (1,5 - 2,5 g) :<\/b> <b>Ce<\/b> La dose correspond \u00e0 la <b>dose th\u00e9rapeutique mod\u00e9r\u00e9e<\/b> dans des protocoles de recherche clinique actuels. On peut s'attendre ici \u00e0 des effets psychiques marqu\u00e9s.<\/li>\n<li><b>Doses \u00e9lev\u00e9es (2,5 - 5,0 g) :<\/b> <b>De tels<\/b> Les quantit\u00e9s entra\u00eenent une <b>exp\u00e9rience profonde<\/b> (comparable \u00e0 la dose mystique). <b>En raison de<\/b> de la haute intensit\u00e9 sont ici <b>des mesures de s\u00e9curit\u00e9 strictes<\/b> indispensable.<\/li>\n<\/ul>\n<p><b>D'un point de vue \u00e9thique et scientifique<\/b> la manipulation de substances potentiellement psychoactives est soumise \u00e0 des r\u00e8gles strictes. <b>R\u00e8gles de base<\/b> de s'y tenir. <b>Cela inclut<\/b> la garantie d'un <b>\u201eSet &amp; Setting\u201c<\/b> (environnement psychique et physique) ainsi que la pr\u00e9sence d'un <b>Tripsitters<\/b> (accompagnateur sobre et digne de confiance).<\/p>\n<h3><b>Conformit\u00e9 juridique et \u00e9thique - La nature ill\u00e9gale<\/b><\/h3>\n<p><b>En r\u00e9sum\u00e9<\/b> la situation juridique doit \u00eatre expos\u00e9e sans ambigu\u00eft\u00e9 :<\/p>\n<ul>\n<li><b>Classification BtMG :<\/b> <b>Psilocybine et psilocine<\/b> sont en Allemagne en <b>Annexe I de la loi sur les stup\u00e9fiants<\/b> list\u00e9s. <b>Ils s'appliquent<\/b> comme des stup\u00e9fiants non commercialisables.<\/li>\n<li><b>Punissabilit\u00e9 :<\/b> <b>Par cons\u00e9quent,<\/b> est le <b>l'acquisition, la d\u00e9tention, la production ou le commerce<\/b> avec Golden Mammoth Mushrooms <b>ill\u00e9gal<\/b> et fait l'objet de poursuites judiciaires.<\/li>\n<li><b>\u00c9dit :<\/b> <b>Tous les<\/b> y compris les tableaux de dosage et les descriptions d'effets, ont pour objectif de <b>\u00e0 des fins purement scientifiques, \u00e9ducatives et d'information toxicologique<\/b>. <b>Elle<\/b> emploient <b>pas de recommandation, d'instruction ou de demande<\/b> \u00e0 la consommation ou \u00e0 la manipulation ill\u00e9gales.<\/li>\n<\/ul>","protected":false},"excerpt":{"rendered":"<p>Acheter Golden Mammoth Mushrooms - vari\u00e9t\u00e9 de psilocybine connue avec des capuchons dor\u00e9s. Effet doux mais profond, id\u00e9al pour les d\u00e9butants &amp; les exp\u00e9riment\u00e9s. Fra\u00eechement r\u00e9colt\u00e9es &amp; livr\u00e9es discr\u00e8tement.<\/p>","protected":false},"featured_media":7846,"comment_status":"open","ping_status":"closed","template":"","meta":{"_joinchat":[]},"product_brand":[],"product_cat":[3192,53],"product_tag":[2879,2925,2924,2900,2865,2881,2874,2875,2927,2926],"class_list":{"0":"post-7811","1":"product","2":"type-product","3":"status-publish","4":"has-post-thumbnail","6":"product_cat-ketamine","7":"product_cat-dissociatives","8":"product_tag-bewusstseinserweiternd","9":"product_tag-einsteiger-psychedelika","10":"product_tag-golden-mammoth-mushrooms","11":"product_tag-magic-mushrooms","12":"product_tag-mikrodosierung","13":"product_tag-pilze-online-kaufen","14":"product_tag-psilocybin-pilze","15":"product_tag-psychedelische-pilze","16":"product_tag-sanfte-wirkung","17":"product_tag-spirituelle-praxis","19":"first","20":"instock","21":"shipping-taxable","22":"purchasable","23":"product-type-variable"},"yoast_head":"<!-- This site is optimized with the Yoast SEO plugin v27.5 - https:\/\/yoast.com\/product\/yoast-seo-wordpress\/ -->\n<title>Golden Mammoth Mushrooms Kaufen | Premium Psilocybin Chemgramx<\/title>\n<meta name=\"description\" content=\"Golden Mammoth Mushrooms kaufen - beliebte Psilocybin Sorte f\u00fcr spirituelle Erfahrungen. Frisch &amp; diskret. Laborgepr\u00fcfte Qualit\u00e4t. Jetzt entdecken!\" \/>\n<meta name=\"robots\" content=\"index, follow, max-snippet:-1, max-image-preview:large, max-video-preview:-1\" \/>\n<link rel=\"canonical\" href=\"https:\/\/chemgramx.com\/fr\/produit\/acheter-golden-mammoth-mushrooms\/\" \/>\n<meta property=\"og:locale\" content=\"fr_FR\" \/>\n<meta property=\"og:type\" content=\"article\" \/>\n<meta property=\"og:title\" content=\"Golden Mammoth Mushrooms Kaufen | Premium Psilocybin Chemgramx\" \/>\n<meta property=\"og:description\" content=\"Golden Mammoth Mushrooms kaufen - beliebte Psilocybin Sorte f\u00fcr spirituelle Erfahrungen. Frisch &amp; diskret. Laborgepr\u00fcfte Qualit\u00e4t. Jetzt entdecken!\" \/>\n<meta property=\"og:url\" content=\"https:\/\/chemgramx.com\/fr\/produit\/acheter-golden-mammoth-mushrooms\/\" \/>\n<meta property=\"og:site_name\" content=\"Chemgramx\" \/>\n<meta property=\"article:modified_time\" content=\"2025-11-21T14:26:38+00:00\" \/>\n<meta property=\"og:image\" content=\"https:\/\/chemgramx.com\/wp-content\/uploads\/2025\/11\/buy-golden-mammoth-mushrooms-online-premium-golden-mammoth-magic-mushrooms.webp\" \/>\n\t<meta property=\"og:image:width\" content=\"768\" \/>\n\t<meta property=\"og:image:height\" content=\"1152\" \/>\n\t<meta property=\"og:image:type\" content=\"image\/webp\" \/>\n<meta name=\"twitter:card\" content=\"summary_large_image\" \/>\n<meta name=\"twitter:label1\" content=\"Dur\u00e9e de lecture estim\u00e9e\" \/>\n\t<meta name=\"twitter:data1\" content=\"4 minutes\" \/>\n<script type=\"application\/ld+json\" class=\"yoast-schema-graph\">{\"@context\":\"https:\\\/\\\/schema.org\",\"@graph\":[{\"@type\":\"WebPage\",\"@id\":\"https:\\\/\\\/chemgramx.com\\\/product\\\/golden-mammoth-mushrooms-kaufen\\\/\",\"url\":\"https:\\\/\\\/chemgramx.com\\\/product\\\/golden-mammoth-mushrooms-kaufen\\\/\",\"name\":\"Golden Mammoth Mushrooms Kaufen | Premium Psilocybin Chemgramx\",\"isPartOf\":{\"@id\":\"https:\\\/\\\/chemgramx.com\\\/#website\"},\"primaryImageOfPage\":{\"@id\":\"https:\\\/\\\/chemgramx.com\\\/product\\\/golden-mammoth-mushrooms-kaufen\\\/#primaryimage\"},\"image\":{\"@id\":\"https:\\\/\\\/chemgramx.com\\\/product\\\/golden-mammoth-mushrooms-kaufen\\\/#primaryimage\"},\"thumbnailUrl\":\"https:\\\/\\\/chemgramx.com\\\/wp-content\\\/uploads\\\/2025\\\/11\\\/buy-golden-mammoth-mushrooms-online-premium-golden-mammoth-magic-mushrooms.webp\",\"datePublished\":\"2025-11-21T11:21:56+00:00\",\"dateModified\":\"2025-11-21T14:26:38+00:00\",\"description\":\"Golden Mammoth Mushrooms kaufen - beliebte Psilocybin Sorte f\u00fcr spirituelle Erfahrungen. Frisch &amp; diskret. Laborgepr\u00fcfte Qualit\u00e4t. Jetzt entdecken!\",\"breadcrumb\":{\"@id\":\"https:\\\/\\\/chemgramx.com\\\/product\\\/golden-mammoth-mushrooms-kaufen\\\/#breadcrumb\"},\"inLanguage\":\"fr-FR\",\"potentialAction\":[{\"@type\":\"ReadAction\",\"target\":[\"https:\\\/\\\/chemgramx.com\\\/product\\\/golden-mammoth-mushrooms-kaufen\\\/\"]}]},{\"@type\":\"ImageObject\",\"inLanguage\":\"fr-FR\",\"@id\":\"https:\\\/\\\/chemgramx.com\\\/product\\\/golden-mammoth-mushrooms-kaufen\\\/#primaryimage\",\"url\":\"https:\\\/\\\/chemgramx.com\\\/wp-content\\\/uploads\\\/2025\\\/11\\\/buy-golden-mammoth-mushrooms-online-premium-golden-mammoth-magic-mushrooms.webp\",\"contentUrl\":\"https:\\\/\\\/chemgramx.com\\\/wp-content\\\/uploads\\\/2025\\\/11\\\/buy-golden-mammoth-mushrooms-online-premium-golden-mammoth-magic-mushrooms.webp\",\"width\":768,\"height\":1152},{\"@type\":\"BreadcrumbList\",\"@id\":\"https:\\\/\\\/chemgramx.com\\\/product\\\/golden-mammoth-mushrooms-kaufen\\\/#breadcrumb\",\"itemListElement\":[{\"@type\":\"ListItem\",\"position\":1,\"name\":\"Home\",\"item\":\"https:\\\/\\\/chemgramx.com\\\/\"},{\"@type\":\"ListItem\",\"position\":2,\"name\":\"Shop\",\"item\":\"https:\\\/\\\/chemgramx.com\\\/shop\\\/\"},{\"@type\":\"ListItem\",\"position\":3,\"name\":\"Golden Mammoth Mushrooms Kaufen\"}]},{\"@type\":\"WebSite\",\"@id\":\"https:\\\/\\\/chemgramx.com\\\/#website\",\"url\":\"https:\\\/\\\/chemgramx.com\\\/\",\"name\":\"Chemgramx\",\"description\":\"\",\"publisher\":{\"@id\":\"https:\\\/\\\/chemgramx.com\\\/#organization\"},\"potentialAction\":[{\"@type\":\"SearchAction\",\"target\":{\"@type\":\"EntryPoint\",\"urlTemplate\":\"https:\\\/\\\/chemgramx.com\\\/?s={search_term_string}\"},\"query-input\":{\"@type\":\"PropertyValueSpecification\",\"valueRequired\":true,\"valueName\":\"search_term_string\"}}],\"inLanguage\":\"fr-FR\"},{\"@type\":\"Organization\",\"@id\":\"https:\\\/\\\/chemgramx.com\\\/#organization\",\"name\":\"Chemgramx\",\"url\":\"https:\\\/\\\/chemgramx.com\\\/\",\"logo\":{\"@type\":\"ImageObject\",\"inLanguage\":\"fr-FR\",\"@id\":\"https:\\\/\\\/chemgramx.com\\\/#\\\/schema\\\/logo\\\/image\\\/\",\"url\":\"https:\\\/\\\/chemgramx.com\\\/wp-content\\\/uploads\\\/2024\\\/10\\\/final-logo.png\",\"contentUrl\":\"https:\\\/\\\/chemgramx.com\\\/wp-content\\\/uploads\\\/2024\\\/10\\\/final-logo.png\",\"width\":250,\"height\":48,\"caption\":\"Chemgramx\"},\"image\":{\"@id\":\"https:\\\/\\\/chemgramx.com\\\/#\\\/schema\\\/logo\\\/image\\\/\"}}]}<\/script>\n<!-- \/ Yoast SEO plugin. -->","yoast_head_json":{"title":"Acheter Golden Mammoth Mushrooms | Premium Psilocybin Chemgramx","description":"Golden Mammoth Mushrooms kaufen - beliebte Psilocybin Sorte f\u00fcr spirituelle Erfahrungen. Frisch &amp; diskret. Laborgepr\u00fcfte Qualit\u00e4t. Jetzt entdecken!","robots":{"index":"index","follow":"follow","max-snippet":"max-snippet:-1","max-image-preview":"max-image-preview:large","max-video-preview":"max-video-preview:-1"},"canonical":"https:\/\/chemgramx.com\/fr\/produit\/acheter-golden-mammoth-mushrooms\/","og_locale":"fr_FR","og_type":"article","og_title":"Golden Mammoth Mushrooms Kaufen | Premium Psilocybin Chemgramx","og_description":"Golden Mammoth Mushrooms kaufen - beliebte Psilocybin Sorte f\u00fcr spirituelle Erfahrungen. Frisch &amp; diskret. Laborgepr\u00fcfte Qualit\u00e4t. Jetzt entdecken!","og_url":"https:\/\/chemgramx.com\/fr\/produit\/acheter-golden-mammoth-mushrooms\/","og_site_name":"Chemgramx","article_modified_time":"2025-11-21T14:26:38+00:00","og_image":[{"width":768,"height":1152,"url":"https:\/\/chemgramx.com\/wp-content\/uploads\/2025\/11\/buy-golden-mammoth-mushrooms-online-premium-golden-mammoth-magic-mushrooms.webp","type":"image\/webp"}],"twitter_card":"summary_large_image","twitter_misc":{"Dur\u00e9e de lecture estim\u00e9e":"4 minutes"},"schema":{"@context":"https:\/\/schema.org","@graph":[{"@type":"WebPage","@id":"https:\/\/chemgramx.com\/product\/golden-mammoth-mushrooms-kaufen\/","url":"https:\/\/chemgramx.com\/product\/golden-mammoth-mushrooms-kaufen\/","name":"Acheter Golden Mammoth Mushrooms | Premium Psilocybin Chemgramx","isPartOf":{"@id":"https:\/\/chemgramx.com\/#website"},"primaryImageOfPage":{"@id":"https:\/\/chemgramx.com\/product\/golden-mammoth-mushrooms-kaufen\/#primaryimage"},"image":{"@id":"https:\/\/chemgramx.com\/product\/golden-mammoth-mushrooms-kaufen\/#primaryimage"},"thumbnailUrl":"https:\/\/chemgramx.com\/wp-content\/uploads\/2025\/11\/buy-golden-mammoth-mushrooms-online-premium-golden-mammoth-magic-mushrooms.webp","datePublished":"2025-11-21T11:21:56+00:00","dateModified":"2025-11-21T14:26:38+00:00","description":"Golden Mammoth Mushrooms kaufen - beliebte Psilocybin Sorte f\u00fcr spirituelle Erfahrungen. Frisch &amp; diskret. Laborgepr\u00fcfte Qualit\u00e4t. Jetzt entdecken!","breadcrumb":{"@id":"https:\/\/chemgramx.com\/product\/golden-mammoth-mushrooms-kaufen\/#breadcrumb"},"inLanguage":"fr-FR","potentialAction":[{"@type":"ReadAction","target":["https:\/\/chemgramx.com\/product\/golden-mammoth-mushrooms-kaufen\/"]}]},{"@type":"ImageObject","inLanguage":"fr-FR","@id":"https:\/\/chemgramx.com\/product\/golden-mammoth-mushrooms-kaufen\/#primaryimage","url":"https:\/\/chemgramx.com\/wp-content\/uploads\/2025\/11\/buy-golden-mammoth-mushrooms-online-premium-golden-mammoth-magic-mushrooms.webp","contentUrl":"https:\/\/chemgramx.com\/wp-content\/uploads\/2025\/11\/buy-golden-mammoth-mushrooms-online-premium-golden-mammoth-magic-mushrooms.webp","width":768,"height":1152},{"@type":"BreadcrumbList","@id":"https:\/\/chemgramx.com\/product\/golden-mammoth-mushrooms-kaufen\/#breadcrumb","itemListElement":[{"@type":"ListItem","position":1,"name":"Home","item":"https:\/\/chemgramx.com\/"},{"@type":"ListItem","position":2,"name":"Shop","item":"https:\/\/chemgramx.com\/shop\/"},{"@type":"ListItem","position":3,"name":"Golden Mammoth Mushrooms Kaufen"}]},{"@type":"WebSite","@id":"https:\/\/chemgramx.com\/#website","url":"https:\/\/chemgramx.com\/","name":"Chemgramx","description":"","publisher":{"@id":"https:\/\/chemgramx.com\/#organization"},"potentialAction":[{"@type":"SearchAction","target":{"@type":"EntryPoint","urlTemplate":"https:\/\/chemgramx.com\/?s={search_term_string}"},"query-input":{"@type":"PropertyValueSpecification","valueRequired":true,"valueName":"search_term_string"}}],"inLanguage":"fr-FR"},{"@type":"Organization","@id":"https:\/\/chemgramx.com\/#organization","name":"Chemgramx","url":"https:\/\/chemgramx.com\/","logo":{"@type":"ImageObject","inLanguage":"fr-FR","@id":"https:\/\/chemgramx.com\/#\/schema\/logo\/image\/","url":"https:\/\/chemgramx.com\/wp-content\/uploads\/2024\/10\/final-logo.png","contentUrl":"https:\/\/chemgramx.com\/wp-content\/uploads\/2024\/10\/final-logo.png","width":250,"height":48,"caption":"Chemgramx"},"image":{"@id":"https:\/\/chemgramx.com\/#\/schema\/logo\/image\/"}}]}},"_links":{"self":[{"href":"https:\/\/chemgramx.com\/fr\/wp-json\/wp\/v2\/product\/7811","targetHints":{"allow":["GET"]}}],"collection":[{"href":"https:\/\/chemgramx.com\/fr\/wp-json\/wp\/v2\/product"}],"about":[{"href":"https:\/\/chemgramx.com\/fr\/wp-json\/wp\/v2\/types\/product"}],"replies":[{"embeddable":true,"href":"https:\/\/chemgramx.com\/fr\/wp-json\/wp\/v2\/comments?post=7811"}],"wp:featuredmedia":[{"embeddable":true,"href":"https:\/\/chemgramx.com\/fr\/wp-json\/wp\/v2\/media\/7846"}],"wp:attachment":[{"href":"https:\/\/chemgramx.com\/fr\/wp-json\/wp\/v2\/media?parent=7811"}],"wp:term":[{"taxonomy":"product_brand","embeddable":true,"href":"https:\/\/chemgramx.com\/fr\/wp-json\/wp\/v2\/product_brand?post=7811"},{"taxonomy":"product_cat","embeddable":true,"href":"https:\/\/chemgramx.com\/fr\/wp-json\/wp\/v2\/product_cat?post=7811"},{"taxonomy":"product_tag","embeddable":true,"href":"https:\/\/chemgramx.com\/fr\/wp-json\/wp\/v2\/product_tag?post=7811"}],"curies":[{"name":"wp","href":"https:\/\/api.w.org\/{rel}","templated":true}]}}