{"id":796,"date":"2024-10-23T01:40:07","date_gmt":"2024-10-23T01:40:07","guid":{"rendered":"https:\/\/chemgramx.com\/?post_type=product&#038;p=796"},"modified":"2025-10-15T07:35:09","modified_gmt":"2025-10-15T07:35:09","slug":"4-fluorkokain","status":"publish","type":"product","link":"https:\/\/chemgramx.com\/fr\/produit\/4-fluorkokain\/","title":{"rendered":"Acheter 4-Fluorococaine en ligne"},"content":{"rendered":"<h2 data-start=\"108\" data-end=\"187\">Achetez de la 4-fluorococa\u00efne en ligne \u2013 Achetez en toute s\u00e9curit\u00e9 de la 4-fluorococa\u00efne de haute qualit\u00e9<\/h2>\n<h3 data-start=\"189\" data-end=\"276\">Achetez de la 4-fluorococa\u00efne en ligne \u2013 votre source fiable de qualit\u00e9 et de puret\u00e9<\/h3>\n<p data-start=\"278\" data-end=\"659\">Cherchez une possibilit\u00e9, <a href=\"https:\/\/chemgramx.com\/fr\/produit\/4-fluorkokain\/\">Acheter de la 4-fluorococa\u00efne en ligne<\/a>Notre plateforme propose de la 4-fluorococa\u00efne \u00e0 des prix comp\u00e9titifs, vous permettant de commander cette substance facilement, en toute s\u00e9curit\u00e9 et en toute l\u00e9galit\u00e9. Que vous soyez chercheur ou consommateur averti, vous pouvez acheter de la 4-fluorococa\u00efne en ligne et b\u00e9n\u00e9ficier d'une qualit\u00e9 \u00e9prouv\u00e9e.<\/p>\n<h3 data-start=\"661\" data-end=\"691\">Qu'est-ce que la 4-fluorococa\u00efne ?<\/h3>\n<p data-start=\"693\" data-end=\"1095\"><a href=\"https:\/\/en.wikipedia.org\/wiki\/4%E2%80%B2-Fluorococaine\">4-Fluorococaine<\/a> C'est un stimulant psychoactif synth\u00e9tique dont la structure est similaire \u00e0 celle de la coca\u00efne, mais qui contient un groupe fluor\u00e9. Il est connu pour ses effets stimulants et euphorisants. Les consommateurs de 4-fluorococa\u00efne en ligne constatent un regain d'\u00e9nergie, une vigilance accrue et une euphorie plus intense, accentu\u00e9e par la fluoration.<\/p>\n<h3 data-start=\"1097\" data-end=\"1128\">Composition chimique<\/h3>\n<p data-start=\"1130\" data-end=\"1364\">La formule chimique de la 4-fluorococa\u00efne est C17H22ClFN. En tant qu'analogue de la coca\u00efne dot\u00e9 d'un groupe fluor, elle pr\u00e9sente une affinit\u00e9 de liaison alt\u00e9r\u00e9e aux transporteurs de dopamine et \u00e0 d'autres r\u00e9cepteurs, ce qui explique ses effets uniques.<\/p>\n<h3 data-start=\"1366\" data-end=\"1391\">Applications courantes<\/h3>\n<ul data-start=\"1393\" data-end=\"1702\">\n<li data-start=\"1393\" data-end=\"1548\">\n<p data-start=\"1395\" data-end=\"1548\">Forschung: In wissenschaftlichen Studien wird 4-Fluorococaine eingesetzt, um die Wirkungen von Kokain und verwandten Substanzen zu untersuchen.<\/p>\n<\/li>\n<li data-start=\"1549\" data-end=\"1702\">\n<p data-start=\"1551\" data-end=\"1702\">Psychoaktive Exploration: Viele Nutzer, die 4-Fluorococaine online kaufen, nutzen es f\u00fcr erh\u00f6hte Wachheit, Euphorie und fokussierte Stimulation.<\/p>\n<\/li>\n<\/ul>\n<h3 data-start=\"1704\" data-end=\"1728\">Statut juridique<\/h3>\n<p data-start=\"1730\" data-end=\"1936\">Dans de nombreux pays, la 4-fluorococa\u00efne est class\u00e9e comme substance r\u00e9glement\u00e9e. Il est donc conseill\u00e9 aux consommateurs de v\u00e9rifier la l\u00e9gislation locale avant de commander de la 4-fluorococa\u00efne afin d'\u00e9viter tout probl\u00e8me juridique.<\/p>\n<h3 data-start=\"1938\" data-end=\"1980\">Waarom 4-Fluorococa\u00efne online kopen?<\/h3>\n<p data-start=\"1982\" data-end=\"2045\">4-Fluorococaine online kaufen bietet zahlreiche Vorteile:<\/p>\n<ul data-start=\"2047\" data-end=\"2428\">\n<li data-start=\"2047\" data-end=\"2139\">\n<p data-start=\"2049\" data-end=\"2139\">Commodit\u00e9 : vous pouvez commander de la 4-fluorococa\u00efne en ligne depuis n'importe o\u00f9.<\/p>\n<\/li>\n<li data-start=\"2241\" data-end=\"2324\">\n<p data-start=\"2243\" data-end=\"2324\">Comparatif de prix : B\u00e9n\u00e9ficiez d'un prix 4-Fluorococa\u00efne juste.<\/p>\n<\/li>\n<li data-start=\"2325\" data-end=\"2428\">\n<p data-start=\"2327\" data-end=\"2428\">Exp\u00e9dition discr\u00e8te : Exp\u00e9dition s\u00e9curis\u00e9e dans le monde entier pour tous ceux qui recherchent de la 4-Fluorococa\u00efne \u00e0 vendre.<\/p>\n<\/li>\n<\/ul>\n<h3 data-start=\"2430\" data-end=\"2456\">Risques et avantages<\/h3>\n<p data-start=\"2458\" data-end=\"2669\">Avantages : Acc\u00e8s facile, choix plus large et discr\u00e9tion lors de l\u2019achat de 4-Fluorococa\u00efne en ligne.<br data-start=\"2557\" data-end=\"2560\" \/>Risques : Produits de qualit\u00e9 inf\u00e9rieure, substances contrefaites ou cons\u00e9quences juridiques en cas d\u2019achats ill\u00e9gaux.<\/p>\n<h3 data-start=\"2671\" data-end=\"2721\">Comment trouver un fournisseur fiable ?<\/h3>\n<p data-start=\"2723\" data-end=\"2798\">Lors de la commande de 4-fluorococa\u00efne, les acheteurs doivent pr\u00eater attention aux points suivants :<\/p>\n<ul data-start=\"2800\" data-end=\"3144\">\n<li data-start=\"2800\" data-end=\"2888\">\n<p data-start=\"2802\" data-end=\"2888\">Drapeaux rouges : prix trop bas, informations manquantes ou absence de certificats.<\/p>\n<\/li>\n<li data-start=\"2889\" data-end=\"3032\">\n<p data-start=\"2891\" data-end=\"3032\">Avis et commentaires de la communaut\u00e9 : les avis des utilisateurs aident \u00e0 identifier la meilleure source pour savoir o\u00f9 acheter de la 4-fluorococa\u00efne.<\/p>\n<\/li>\n<li data-start=\"3033\" data-end=\"3144\">\n<p data-start=\"3035\" data-end=\"3144\">Laboratoriumtests en zuiverheidscertificaten: Betrouwbare leveranciers leveren CoA's die de zuiverheid bevestigen.<\/p>\n<\/li>\n<\/ul>\n<h3 data-start=\"3146\" data-end=\"3188\">Consid\u00e9rations juridiques et \u00e9thiques<\/h3>\n<p data-start=\"3190\" data-end=\"3427\">Lois locales : V\u00e9rifiez si l\u2019achat de 4-fluorococa\u00efne en ligne est l\u00e9gal dans votre pays.<br data-start=\"3291\" data-end=\"3294\" \/>Responsabilit\u00e9 de l'acheteur : Les acheteurs doivent s'assurer qu'ils ach\u00e8tent et utilisent uniquement de la 4-fluorococa\u00efne \u00e0 des fins de vente de mani\u00e8re l\u00e9gale.<\/p>\n<h3 data-start=\"3429\" data-end=\"3440\">Conclusion<\/h3>\n<p data-start=\"3442\" data-end=\"3786\">4-Fluorococaine ist ein einzigartiges Stimulans mit potenziell intensiven Effekten. Wenn Sie 4-Fluorkokain online kaufen, achten Sie auf gepr\u00fcfte Anbieter, Qualit\u00e4t, Reinheit und rechtliche Sicherheit. Durch sorgf\u00e4ltige Recherche k\u00f6nnen Sie sicherstellen, dass Ihr order 4-Fluorococaine eine sichere und effektive Erfahrung bietet. Starten Sie noch heute Ihre Bestellung und kaufen Sie 4-Fluorococaine online bei einer vertrauensw\u00fcrdigen Quelle.<\/p>","protected":false},"excerpt":{"rendered":"<p>4-Fluorococaine ist ein synthetisches Derivat von Cocaine, das eine Fluoratome an der 4-Position des Benzolrings enth\u00e4lt. Diese chemische Modifikation hat das Potenzial, die Wirkungsweise und die Eigenschaften der urspr\u00fcnglichen Substanz zu ver\u00e4ndern, was zu einem interessanten, wenn auch oft weniger verstandenen Wirkprofil f\u00fchrt.<\/p>\n<h3><strong>Formule et structure<\/strong><\/h3>\n<ul>\n<li><strong>Formule chimique<\/strong>: C17H20FNO4<\/li>\n<li><strong>Poids mol\u00e9culaire<\/strong>: 321,34 g\/mol<\/li>\n<li><strong>Propri\u00e9t\u00e9s chimiques<\/strong>: Die Fluorgruppe an der 4. Position des Benzolrings verleiht 4-Fluorococaine einzigartige pharmakologische Eigenschaften, indem sie die Bindungsaffinit\u00e4t an Dopamin-Transporter (DAT) und andere Rezeptoren beeinflusst.<\/li>\n<\/ul>\n<h3><strong>Dur\u00e9e et effets<\/strong><\/h3>\n<p>Die Wirkung von 4-Fluorococaine h\u00e4lt in der Regel <strong>30 bis 60 Minuten<\/strong> an, abh\u00e4ngig von Dosierung und individueller Empfindlichkeit:<\/p>\n<ul>\n<li><strong>D\u00e9but de l'effet<\/strong>: 5 bis 15 Minuten.<\/li>\n<li><strong>Point culminant<\/strong>20 \u00e0 40 minutes.<\/li>\n<li><strong>R\u00e9percussions<\/strong>: Ein leichtes Abklingen \u00fcber 1 bis 2 Stunden<\/li>\n<\/ul>","protected":false},"featured_media":797,"comment_status":"open","ping_status":"closed","template":"","meta":{"_joinchat":[]},"product_brand":[],"product_cat":[48],"product_tag":[1511,1527,1524,1534,1520,1533,1517,1518,1513,1510,1529,1531,1514,1525,1528,1512,1519,1530,1535,1532,1515,1516,1526,1521,1523,1522],"class_list":{"0":"post-796","1":"product","2":"type-product","3":"status-publish","4":"has-post-thumbnail","6":"product_cat-stimulants","7":"product_tag-4-fluorococain-bestellen","8":"product_tag-4-fluorococaine-bestellen","9":"product_tag-4-fluorococaine-bulk-bestellung","10":"product_tag-4-fluorococaine-chemikalie","11":"product_tag-4-fluorococaine-experimente","12":"product_tag-4-fluorococaine-forschung","13":"product_tag-4-fluorococaine-forschung-chemikalie","14":"product_tag-4-fluorococaine-fur-neurowissenschaftliche-studien","15":"product_tag-4-fluorococaine-groshandel","16":"product_tag-4-fluorococaine-kaufen","17":"product_tag-4-fluorococaine-labor","18":"product_tag-4-fluorococaine-legal","19":"product_tag-4-fluorococaine-lieferant","20":"product_tag-4-fluorococaine-marktanalyse","21":"product_tag-4-fluorococaine-online","22":"product_tag-4-fluorococaine-online-bestellen","23":"product_tag-4-fluorococaine-pharmazeutische-forschung","24":"product_tag-4-fluorococaine-sicher","25":"product_tag-4-fluorococaine-versand","26":"product_tag-4fluorococaine-gunstig","27":"product_tag-forschung-chemikalien-4-fluorococaine","28":"product_tag-hochwertige-4-fluorococaine-kaufen","29":"product_tag-innovative-4-fluorococaine-forschung","30":"product_tag-laborqualitat-4-fluorococaine","31":"product_tag-legaler-4-fluorococaine-anbieter","32":"product_tag-sicherer-4-fluorococaine-versand","34":"first","35":"instock","36":"shipping-taxable","37":"purchasable","38":"product-type-variable"},"yoast_head":"<!-- This site is optimized with the Yoast SEO plugin v26.1.1 - https:\/\/yoast.com\/wordpress\/plugins\/seo\/ -->\n<title>4-Fluorkokain online kaufen \u2013 4-Fluorkokain zu verkaufen<\/title>\n<meta name=\"description\" content=\"Wenn Sie 4-Fluorkokain noch nicht in unserem Chemgramx-Shop probiert haben, dann verpassen Sie eine Menge. Wir helfen Ihnen, 4-Fluorokokain g\u00fcnstig online zu kaufen. Kaufen Sie 4-Fluorokokain noch heute!\" \/>\n<meta name=\"robots\" content=\"index, follow, max-snippet:-1, max-image-preview:large, max-video-preview:-1\" \/>\n<link rel=\"canonical\" href=\"https:\/\/chemgramx.com\/fr\/produit\/4-fluorkokain\/\" \/>\n<meta property=\"og:locale\" content=\"fr_FR\" \/>\n<meta property=\"og:type\" content=\"article\" \/>\n<meta property=\"og:title\" content=\"4-Fluorkokain online kaufen \u2013 4-Fluorkokain zu verkaufen\" \/>\n<meta property=\"og:description\" content=\"Wenn Sie 4-Fluorkokain noch nicht in unserem Chemgramx-Shop probiert haben, dann verpassen Sie eine Menge. Wir helfen Ihnen, 4-Fluorokokain g\u00fcnstig online zu kaufen. Kaufen Sie 4-Fluorokokain noch heute!\" \/>\n<meta property=\"og:url\" content=\"https:\/\/chemgramx.com\/fr\/produit\/4-fluorkokain\/\" \/>\n<meta property=\"og:site_name\" content=\"Chemgramx\" \/>\n<meta property=\"article:modified_time\" content=\"2025-10-15T07:35:09+00:00\" \/>\n<meta property=\"og:image\" content=\"https:\/\/chemgramx.com\/wp-content\/uploads\/2024\/10\/4-Fluorococaine-kaufen.jpg\" \/>\n\t<meta property=\"og:image:width\" content=\"750\" \/>\n\t<meta property=\"og:image:height\" content=\"500\" \/>\n\t<meta property=\"og:image:type\" content=\"image\/jpeg\" \/>\n<meta name=\"twitter:card\" content=\"summary_large_image\" \/>\n<meta name=\"twitter:label1\" content=\"Dur\u00e9e de lecture estim\u00e9e\" \/>\n\t<meta name=\"twitter:data1\" content=\"3 minutes\" \/>\n<script type=\"application\/ld+json\" class=\"yoast-schema-graph\">{\"@context\":\"https:\/\/schema.org\",\"@graph\":[{\"@type\":\"WebPage\",\"@id\":\"https:\/\/chemgramx.com\/product\/4-fluorkokain\/\",\"url\":\"https:\/\/chemgramx.com\/product\/4-fluorkokain\/\",\"name\":\"4-Fluorkokain online kaufen \u2013 4-Fluorkokain zu verkaufen\",\"isPartOf\":{\"@id\":\"https:\/\/chemgramx.com\/#website\"},\"primaryImageOfPage\":{\"@id\":\"https:\/\/chemgramx.com\/product\/4-fluorkokain\/#primaryimage\"},\"image\":{\"@id\":\"https:\/\/chemgramx.com\/product\/4-fluorkokain\/#primaryimage\"},\"thumbnailUrl\":\"https:\/\/chemgramx.com\/wp-content\/uploads\/2024\/10\/4-Fluorococaine-kaufen.jpg\",\"datePublished\":\"2024-10-23T01:40:07+00:00\",\"dateModified\":\"2025-10-15T07:35:09+00:00\",\"description\":\"Wenn Sie 4-Fluorkokain noch nicht in unserem Chemgramx-Shop probiert haben, dann verpassen Sie eine Menge. Wir helfen Ihnen, 4-Fluorokokain g\u00fcnstig online zu kaufen. Kaufen Sie 4-Fluorokokain noch heute!\",\"breadcrumb\":{\"@id\":\"https:\/\/chemgramx.com\/product\/4-fluorkokain\/#breadcrumb\"},\"inLanguage\":\"fr-FR\",\"potentialAction\":[{\"@type\":\"ReadAction\",\"target\":[\"https:\/\/chemgramx.com\/product\/4-fluorkokain\/\"]}]},{\"@type\":\"ImageObject\",\"inLanguage\":\"fr-FR\",\"@id\":\"https:\/\/chemgramx.com\/product\/4-fluorkokain\/#primaryimage\",\"url\":\"https:\/\/chemgramx.com\/wp-content\/uploads\/2024\/10\/4-Fluorococaine-kaufen.jpg\",\"contentUrl\":\"https:\/\/chemgramx.com\/wp-content\/uploads\/2024\/10\/4-Fluorococaine-kaufen.jpg\",\"width\":750,\"height\":500,\"caption\":\"4-Fluorkokain online kaufen\"},{\"@type\":\"BreadcrumbList\",\"@id\":\"https:\/\/chemgramx.com\/product\/4-fluorkokain\/#breadcrumb\",\"itemListElement\":[{\"@type\":\"ListItem\",\"position\":1,\"name\":\"Home\",\"item\":\"https:\/\/chemgramx.com\/\"},{\"@type\":\"ListItem\",\"position\":2,\"name\":\"Shop\",\"item\":\"https:\/\/chemgramx.com\/shop\/\"},{\"@type\":\"ListItem\",\"position\":3,\"name\":\"4-Fluorococaine online kaufen\"}]},{\"@type\":\"WebSite\",\"@id\":\"https:\/\/chemgramx.com\/#website\",\"url\":\"https:\/\/chemgramx.com\/\",\"name\":\"Chemgramx\",\"description\":\"\",\"publisher\":{\"@id\":\"https:\/\/chemgramx.com\/#organization\"},\"potentialAction\":[{\"@type\":\"SearchAction\",\"target\":{\"@type\":\"EntryPoint\",\"urlTemplate\":\"https:\/\/chemgramx.com\/?s={search_term_string}\"},\"query-input\":{\"@type\":\"PropertyValueSpecification\",\"valueRequired\":true,\"valueName\":\"search_term_string\"}}],\"inLanguage\":\"fr-FR\"},{\"@type\":\"Organization\",\"@id\":\"https:\/\/chemgramx.com\/#organization\",\"name\":\"Chemgramx\",\"url\":\"https:\/\/chemgramx.com\/\",\"logo\":{\"@type\":\"ImageObject\",\"inLanguage\":\"fr-FR\",\"@id\":\"https:\/\/chemgramx.com\/#\/schema\/logo\/image\/\",\"url\":\"https:\/\/chemgramx.com\/wp-content\/uploads\/2024\/10\/final-logo.png\",\"contentUrl\":\"https:\/\/chemgramx.com\/wp-content\/uploads\/2024\/10\/final-logo.png\",\"width\":250,\"height\":48,\"caption\":\"Chemgramx\"},\"image\":{\"@id\":\"https:\/\/chemgramx.com\/#\/schema\/logo\/image\/\"}}]}<\/script>\n<!-- \/ Yoast SEO plugin. -->","yoast_head_json":{"title":"Achetez de la 4-fluorococa\u00efne en ligne\u00a0\u2013 Vente de 4-fluorococa\u00efne","description":"Si vous n'avez pas encore essay\u00e9 la 4-fluorococa\u00efne dans notre boutique Chemgramx, vous ratez quelque chose. Nous vous aidons \u00e0 acheter de la 4-fluorococa\u00efne en ligne \u00e0 un prix avantageux. Achetez-en d\u00e8s aujourd'hui\u00a0!","robots":{"index":"index","follow":"follow","max-snippet":"max-snippet:-1","max-image-preview":"max-image-preview:large","max-video-preview":"max-video-preview:-1"},"canonical":"https:\/\/chemgramx.com\/fr\/produit\/4-fluorkokain\/","og_locale":"fr_FR","og_type":"article","og_title":"4-Fluorkokain online kaufen \u2013 4-Fluorkokain zu verkaufen","og_description":"Wenn Sie 4-Fluorkokain noch nicht in unserem Chemgramx-Shop probiert haben, dann verpassen Sie eine Menge. Wir helfen Ihnen, 4-Fluorokokain g\u00fcnstig online zu kaufen. Kaufen Sie 4-Fluorokokain noch heute!","og_url":"https:\/\/chemgramx.com\/fr\/produit\/4-fluorkokain\/","og_site_name":"Chemgramx","article_modified_time":"2025-10-15T07:35:09+00:00","og_image":[{"width":750,"height":500,"url":"https:\/\/chemgramx.com\/wp-content\/uploads\/2024\/10\/4-Fluorococaine-kaufen.jpg","type":"image\/jpeg"}],"twitter_card":"summary_large_image","twitter_misc":{"Dur\u00e9e de lecture estim\u00e9e":"3 minutes"},"schema":{"@context":"https:\/\/schema.org","@graph":[{"@type":"WebPage","@id":"https:\/\/chemgramx.com\/product\/4-fluorkokain\/","url":"https:\/\/chemgramx.com\/product\/4-fluorkokain\/","name":"Achetez de la 4-fluorococa\u00efne en ligne\u00a0\u2013 Vente de 4-fluorococa\u00efne","isPartOf":{"@id":"https:\/\/chemgramx.com\/#website"},"primaryImageOfPage":{"@id":"https:\/\/chemgramx.com\/product\/4-fluorkokain\/#primaryimage"},"image":{"@id":"https:\/\/chemgramx.com\/product\/4-fluorkokain\/#primaryimage"},"thumbnailUrl":"https:\/\/chemgramx.com\/wp-content\/uploads\/2024\/10\/4-Fluorococaine-kaufen.jpg","datePublished":"2024-10-23T01:40:07+00:00","dateModified":"2025-10-15T07:35:09+00:00","description":"Si vous n'avez pas encore essay\u00e9 la 4-fluorococa\u00efne dans notre boutique Chemgramx, vous ratez quelque chose. Nous vous aidons \u00e0 acheter de la 4-fluorococa\u00efne en ligne \u00e0 un prix avantageux. Achetez-en d\u00e8s aujourd'hui\u00a0!","breadcrumb":{"@id":"https:\/\/chemgramx.com\/product\/4-fluorkokain\/#breadcrumb"},"inLanguage":"fr-FR","potentialAction":[{"@type":"ReadAction","target":["https:\/\/chemgramx.com\/product\/4-fluorkokain\/"]}]},{"@type":"ImageObject","inLanguage":"fr-FR","@id":"https:\/\/chemgramx.com\/product\/4-fluorkokain\/#primaryimage","url":"https:\/\/chemgramx.com\/wp-content\/uploads\/2024\/10\/4-Fluorococaine-kaufen.jpg","contentUrl":"https:\/\/chemgramx.com\/wp-content\/uploads\/2024\/10\/4-Fluorococaine-kaufen.jpg","width":750,"height":500,"caption":"4-Fluorkokain online kaufen"},{"@type":"BreadcrumbList","@id":"https:\/\/chemgramx.com\/product\/4-fluorkokain\/#breadcrumb","itemListElement":[{"@type":"ListItem","position":1,"name":"Home","item":"https:\/\/chemgramx.com\/"},{"@type":"ListItem","position":2,"name":"Shop","item":"https:\/\/chemgramx.com\/shop\/"},{"@type":"ListItem","position":3,"name":"4-Fluorococaine online kaufen"}]},{"@type":"WebSite","@id":"https:\/\/chemgramx.com\/#website","url":"https:\/\/chemgramx.com\/","name":"Chemgramx","description":"","publisher":{"@id":"https:\/\/chemgramx.com\/#organization"},"potentialAction":[{"@type":"SearchAction","target":{"@type":"EntryPoint","urlTemplate":"https:\/\/chemgramx.com\/?s={search_term_string}"},"query-input":{"@type":"PropertyValueSpecification","valueRequired":true,"valueName":"search_term_string"}}],"inLanguage":"fr-FR"},{"@type":"Organization","@id":"https:\/\/chemgramx.com\/#organization","name":"Chemgramx","url":"https:\/\/chemgramx.com\/","logo":{"@type":"ImageObject","inLanguage":"fr-FR","@id":"https:\/\/chemgramx.com\/#\/schema\/logo\/image\/","url":"https:\/\/chemgramx.com\/wp-content\/uploads\/2024\/10\/final-logo.png","contentUrl":"https:\/\/chemgramx.com\/wp-content\/uploads\/2024\/10\/final-logo.png","width":250,"height":48,"caption":"Chemgramx"},"image":{"@id":"https:\/\/chemgramx.com\/#\/schema\/logo\/image\/"}}]}},"_links":{"self":[{"href":"https:\/\/chemgramx.com\/fr\/wp-json\/wp\/v2\/product\/796","targetHints":{"allow":["GET"]}}],"collection":[{"href":"https:\/\/chemgramx.com\/fr\/wp-json\/wp\/v2\/product"}],"about":[{"href":"https:\/\/chemgramx.com\/fr\/wp-json\/wp\/v2\/types\/product"}],"replies":[{"embeddable":true,"href":"https:\/\/chemgramx.com\/fr\/wp-json\/wp\/v2\/comments?post=796"}],"wp:featuredmedia":[{"embeddable":true,"href":"https:\/\/chemgramx.com\/fr\/wp-json\/wp\/v2\/media\/797"}],"wp:attachment":[{"href":"https:\/\/chemgramx.com\/fr\/wp-json\/wp\/v2\/media?parent=796"}],"wp:term":[{"taxonomy":"product_brand","embeddable":true,"href":"https:\/\/chemgramx.com\/fr\/wp-json\/wp\/v2\/product_brand?post=796"},{"taxonomy":"product_cat","embeddable":true,"href":"https:\/\/chemgramx.com\/fr\/wp-json\/wp\/v2\/product_cat?post=796"},{"taxonomy":"product_tag","embeddable":true,"href":"https:\/\/chemgramx.com\/fr\/wp-json\/wp\/v2\/product_tag?post=796"}],"curies":[{"name":"wp","href":"https:\/\/api.w.org\/{rel}","templated":true}]}}