{"id":7995,"date":"2025-11-21T16:44:53","date_gmt":"2025-11-21T16:44:53","guid":{"rendered":"https:\/\/chemgramx.com\/?post_type=product&#038;p=7995"},"modified":"2025-12-10T16:09:38","modified_gmt":"2025-12-10T16:09:38","slug":"tilidin-liquid-10ml-commande-en-ligne","status":"publish","type":"product","link":"https:\/\/chemgramx.com\/fr\/product\/tilidin-liquid-10ml-online-bestellung\/","title":{"rendered":"Acheter Tilidine liquide 10 ml \u2013 Haute puret\u00e9"},"content":{"rendered":"<p>Pour les applications de recherche exigeantes, il est essentiel de se procurer de la tilidine liquide 10 ml de haute puret\u00e9. Chez Chemgramx, nous comprenons ce besoin et vous offrons la possibilit\u00e9 de, <b>Tilidine liquide 10 ml \u00e0 vendre<\/b> Notre produit r\u00e9pond aux normes les plus strictes et est sp\u00e9cialement con\u00e7u \u00e0 des fins scientifiques. Vous b\u00e9n\u00e9ficiez ainsi d'une excellente qualit\u00e9 qui contribue de mani\u00e8re significative \u00e0 vos r\u00e9sultats de recherche. C'est pourquoi nous garantissons la fourniture d'un produit qui r\u00e9pond aux exigences de votre laboratoire.<\/p>\n<p>Nous savons que vous accordez une grande importance \u00e0 la pr\u00e9cision et \u00e0 la fiabilit\u00e9. C'est pourquoi vous trouverez chez nous <b>Tilidin Liquid de haute qualit\u00e9 10ml<\/b>, qui se distingue par sa puret\u00e9 constante. De plus, il est optimis\u00e9 pour les environnements de recherche o\u00f9 des mesures pr\u00e9cises et des r\u00e9sultats reproductibles sont indispensables. L'acquisition de ce produit est une \u00e9tape essentielle pour garantir l'int\u00e9grit\u00e9 de vos \u00e9tudes. N'h\u00e9sitez pas \u00e0 vous convaincre de notre qualit\u00e9.<\/p>\n<h2>Qu'est-ce que le Tilidin Liquid 10ml ?<\/h2>\n<p>La tilidine est un opio\u00efde synth\u00e9tique qui fait l'objet de recherches en raison de ses propri\u00e9t\u00e9s chimiques et de ses effets pharmacologiques sp\u00e9cifiques. Sous forme liquide, la tilidine Liquid 10 ml permet notamment un dosage et une manipulation pr\u00e9cis dans diff\u00e9rents contextes exp\u00e9rimentaux. Elle constitue donc un outil pr\u00e9cieux pour les \u00e9tudes neuroscientifiques et pharmacologiques. De plus, il est souvent utilis\u00e9 in vitro et in vivo pour explorer des voies de signalisation sp\u00e9cifiques.<\/p>\n<p>La forme liquide de la tilidine pr\u00e9sente l'avantage, par rapport aux substances solides, de s'int\u00e9grer plus facilement dans les milieux liquides et d'\u00eatre plus facile \u00e0 administrer dans les mod\u00e8les exp\u00e9rimentaux. Les chercheurs peuvent ainsi \u00e9tudier en d\u00e9tail les effets de la substance dans des conditions contr\u00f4l\u00e9es. Le flacon de 10 ml est parfaitement dimensionn\u00e9 pour une utilisation en laboratoire. Il constitue donc une option pratique et efficace.<\/p>\n<h2>Domaines d'application dans la recherche<\/h2>\n<p><b>Tilidine liquide 10ml<\/b> est utilis\u00e9 dans de nombreuses \u00e9tudes pr\u00e9cliniques. Il sert par exemple \u00e0 \u00e9tudier les liaisons r\u00e9ceptrices, \u00e0 analyser des mod\u00e8les de douleur ou \u00e0 rechercher des m\u00e9canismes de d\u00e9pendance. Il est \u00e9galement utilis\u00e9 dans le d\u00e9veloppement de nouvelles approches pharmacologiques. Ses propri\u00e9t\u00e9s pr\u00e9cises en font une substance de r\u00e9f\u00e9rence indispensable.<\/p>\n<p>Les chercheurs utilisent \u00e9galement Tilidin Liquid 10 ml pour analyser les effets sur le syst\u00e8me nerveux central. Il est \u00e9galement utilis\u00e9 pour \u00e9valuer les antagonistes ou synergistes potentiels. <b>La qualit\u00e9 de la recherche \u00e0 vendre<\/b> est ici un crit\u00e8re essentiel pour obtenir des r\u00e9sultats d'\u00e9tude valides et comparables. De plus, la grande puret\u00e9 permet de minimiser les facteurs perturbateurs.<\/p>\n<h3>Normes de qualit\u00e9 et puret\u00e9<\/h3>\n<p>Chez Chemgramx, nous accordons une grande importance \u00e0 la qualit\u00e9 de nos produits. Notre <b>Tilidine liquide authentique 10 ml<\/b> est fabriqu\u00e9 et contr\u00f4l\u00e9 selon des normes de qualit\u00e9 strictes. Vous pouvez donc vous fier \u00e0 la puret\u00e9 et \u00e0 la composition indiqu\u00e9es. Nous proposons <b>Qualit\u00e9 laboratoire \u00e0 vendre<\/b>, qui r\u00e9pond aux exigences \u00e9lev\u00e9es des \u00e9tudes scientifiques. Nous garantissons ainsi des r\u00e9sultats reproductibles.<\/p>\n<p>Chaque lot de Tilidine Liquid 10 ml est soigneusement analys\u00e9 afin de garantir sa conformit\u00e9 aux sp\u00e9cifications. Cela comprend des tests chromatographiques et spectroscopiques visant \u00e0 exclure toute impuret\u00e9. Vous obtenez ainsi un produit adapt\u00e9 \u00e0 vos exp\u00e9riences les plus d\u00e9licates. De plus, notre documentation transparente t\u00e9moigne de notre engagement envers l'excellence. Faites confiance \u00e0 une qualit\u00e9 constante.<\/p>\n<h3>Manipulation et stockage s\u00fbrs<\/h3>\n<p>La manipulation du Tilidine Liquid 10 ml n\u00e9cessite toujours le plus grand soin et le respect des protocoles de laboratoire \u00e9tablis. Nous recommandons donc l'utilisation d'\u00e9quipements de protection individuelle appropri\u00e9s, tels que des gants et des lunettes de s\u00e9curit\u00e9. Il est \u00e9galement indispensable de le stocker dans un endroit frais, sec et bien ventil\u00e9, \u00e0 l'abri de la lumi\u00e8re directe du soleil et des sources de chaleur. Cela garantit la stabilit\u00e9 et l'efficacit\u00e9 du produit pendant toute sa dur\u00e9e de conservation.<\/p>\n<p>De plus, Tilidin Liquid 10 ml doit \u00eatre conserv\u00e9 hors de port\u00e9e des personnes non autoris\u00e9es afin d'\u00e9viter tout abus. Il est \u00e9galement important d'\u00e9tiqueter clairement les r\u00e9cipients afin d'\u00e9viter toute confusion. Ces mesures contribuent ainsi de mani\u00e8re significative \u00e0 la s\u00e9curit\u00e9 dans votre environnement de recherche. Une manipulation appropri\u00e9e prot\u00e8ge \u00e0 la fois le produit et le personnel.<\/p>\n<h2>Votre source d'approvisionnement : acheter Tilidine Liquid 10 ml en ligne<\/h2>\n<p>Si vous <b>Commander Tilidine Liquide 10 ml en ligne<\/b> Chemgramx offre une plateforme fiable pour vos achats. Nous comprenons la n\u00e9cessit\u00e9 d'un approvisionnement simple et s\u00fbr en produits chimiques de recherche. C'est pourquoi nous avons optimis\u00e9 nos processus afin que vous puissiez trouver et acheter sans difficult\u00e9 les substances dont vous avez besoin. Nous accordons une grande importance \u00e0 un <b>achat s\u00e9curis\u00e9<\/b> et un traitement discret.<\/p>\n<p>Notre boutique en ligne est con\u00e7ue de mani\u00e8re intuitive et vous permet d'avoir un aper\u00e7u rapide de notre gamme de produits. Vous pouvez <b>Acheter en ligne maintenant<\/b>, ce dont vos recherches ont besoin, sans compromis sur la qualit\u00e9. De plus, chaque commande est trait\u00e9e avec le plus grand soin et la plus grande discr\u00e9tion. Si, par exemple, vous <a href=\"https:\/\/chemgramx.com\/product\/tilidin-liquid-10ml-online-bestellung\/\">Commander Tilidine Liquide 10 ml en ligne<\/a>, vous b\u00e9n\u00e9ficiez de notre engagement en faveur de la satisfaction client.<\/p>\n<h3>Avantages chez Chemgramx<\/h3>\n<p>La d\u00e9cision de, <b>Acheter Tilidine Liquid 10 ml chez Chemgramx<\/b> pr\u00e9sente de nombreux avantages. Tout d'abord, nous garantissons la grande puret\u00e9 et l'authenticit\u00e9 de nos produits, ce qui est indispensable pour obtenir des r\u00e9sultats de recherche valables. Ensuite, nous vous proposons un syst\u00e8me de commande transparent, adapt\u00e9 \u00e0 vos besoins en tant que chercheur. En bref, nous sommes votre partenaire fiable pour vos besoins en mat\u00e9riel de laboratoire.<\/p>\n<p>De plus, vous b\u00e9n\u00e9ficiez de notre expertise compl\u00e8te dans le domaine des produits chimiques de recherche. Notre \u00e9quipe se tient \u00e0 votre disposition pour r\u00e9pondre \u00e0 vos questions et vous fournir des conseils avis\u00e9s. Si vous <a href=\"https:\/\/chemgramx.com\/product\/tilidin-liquid-10ml-online-bestellung\/\">Meilleur Tilidine Liquid 10 ml disponible<\/a> , vous \u00eates au bon endroit. Nous proposons \u00e9galement une large gamme d'autres substances qui pourraient vous int\u00e9resser pour vos \u00e9tudes. Vous pouvez par exemple \u00e9galement <a href=\"https:\/\/chemgramx.com\/product\/pineapple-express-kaufen\/\">substances sp\u00e9cifiques pour vos \u00e9tudes<\/a> qui \u00e9largissent votre champ de recherche.<\/p>\n<p>Notre objectif est de vous proposer non seulement des produits, mais aussi un partenariat qui fera avancer vos recherches. C'est pourquoi nous investissons continuellement dans l'optimisation de notre gamme de produits et de nos services. Nous comprenons la dynamique du monde scientifique et nous nous adaptons en permanence aux derni\u00e8res exigences. Cela vous garantit un acc\u00e8s permanent aux mat\u00e9riaux dont vous avez besoin.<\/p>\n<h2>Foire aux questions (FAQ)<\/h2>\n<ul>\n<li><b>Le Tilidine Liquid 10 ml est-il adapt\u00e9 \u00e0 des fins de recherche ?<\/b><br \/>\nOui, notre Tilidine Liquide 10 ml est exclusivement destin\u00e9 \u00e0 des fins scientifiques et de recherche. Il r\u00e9pond aux exigences strictes en mati\u00e8re de <b>La qualit\u00e9 de la recherche \u00e0 vendre<\/b>.<\/li>\n<li><b>Comment puis-je garantir la puret\u00e9 du produit ?<\/b><br \/>\nNous effectuons des contr\u00f4les qualit\u00e9 et des analyses complets pour chaque lot. Les certificats de puret\u00e9 sont disponibles sur demande afin de vous garantir une transparence totale.<\/li>\n<li><b>Puis-je acheter ce produit en grande quantit\u00e9 ?<\/b><br \/>\nNous vous soumettons volontiers une offre personnalis\u00e9e pour des quantit\u00e9s plus importantes. Veuillez nous contacter directement \u00e0 ce sujet.<\/li>\n<li><b>Quelles sont les conditions de conservation optimales pour Tilidine Liquid 10 ml ?<\/b><br \/>\nPour une stabilit\u00e9 et une conservation optimales, nous recommandons un stockage dans un endroit frais, sec et sombre. Veuillez respecter les instructions d\u00e9taill\u00e9es figurant sur l'\u00e9tiquette du produit.<\/li>\n<\/ul>\n<p>En bref, Chemgramx est votre premier choix si vous <b>Tilidine liquide 10 ml \u00e0 vendre<\/b> dont vous avez besoin pour vos recherches. Nous vous proposons non seulement le produit, mais aussi la s\u00e9curit\u00e9 et l'assistance dont vous avez besoin pour mener \u00e0 bien vos travaux scientifiques. Faites confiance \u00e0 la qualit\u00e9 et \u00e0 la fiabilit\u00e9 pour mener \u00e0 bien vos projets.<\/p>","protected":false},"excerpt":{"rendered":"<p>D\u00e9couvrir <b>Tilidin Liquid de haute qualit\u00e9 10ml<\/b> chez Chemgramx, id\u00e9al pour les besoins de recherche exigeants. Ce produit en <b>La qualit\u00e9 de la recherche \u00e0 vendre<\/b> offre une puret\u00e9 et une fiabilit\u00e9 maximales pour vos exp\u00e9riences. Commandez votre <b>Tilidine liquide 10ml<\/b> en ligne d\u00e8s maintenant et profitez de notre expertise. Nous garantissons un <b>achat s\u00e9curis\u00e9<\/b> et un traitement discret. Le <b>Meilleur Tilidine Liquide 10 ml disponible<\/b>, pour soutenir vos projets scientifiques.<\/p>","protected":false},"featured_media":8046,"comment_status":"open","ping_status":"closed","template":"","meta":{"_joinchat":[]},"product_brand":[],"product_cat":[97],"product_tag":[],"class_list":{"0":"post-7995","1":"product","2":"type-product","3":"status-publish","4":"has-post-thumbnail","6":"product_cat-forschungschemikalien","8":"first","9":"instock","10":"shipping-taxable","11":"purchasable","12":"product-type-variable"},"yoast_head":"<!-- This site is optimized with the Yoast SEO plugin v27.5 - https:\/\/yoast.com\/product\/yoast-seo-wordpress\/ -->\n<title>Tilidin Liquid 10ml Kaufen - Hohe Reinheit<\/title>\n<meta name=\"description\" content=\"Erwerben Sie Tilidin Liquid 10ml von Chemgramx f\u00fcr Ihre Forschung. H\u00f6chste Reinheit &amp; Laborqualit\u00e4t gew\u00e4hrleistet. Tilidin Liquid jetzt online bestellen.\" \/>\n<meta name=\"robots\" content=\"index, follow, max-snippet:-1, max-image-preview:large, max-video-preview:-1\" \/>\n<link rel=\"canonical\" href=\"https:\/\/chemgramx.com\/fr\/produit\/tilidin-liquid-10ml-commande-en-ligne\/\" \/>\n<meta property=\"og:locale\" content=\"fr_FR\" \/>\n<meta property=\"og:type\" content=\"article\" \/>\n<meta property=\"og:title\" content=\"Tilidin Liquid 10ml Kaufen - Hohe Reinheit\" \/>\n<meta property=\"og:description\" content=\"Erwerben Sie Tilidin Liquid 10ml von Chemgramx f\u00fcr Ihre Forschung. H\u00f6chste Reinheit &amp; Laborqualit\u00e4t gew\u00e4hrleistet. Tilidin Liquid jetzt online bestellen.\" \/>\n<meta property=\"og:url\" content=\"https:\/\/chemgramx.com\/fr\/produit\/tilidin-liquid-10ml-commande-en-ligne\/\" \/>\n<meta property=\"og:site_name\" content=\"Chemgramx\" \/>\n<meta property=\"article:modified_time\" content=\"2025-12-10T16:09:38+00:00\" \/>\n<meta property=\"og:image\" content=\"https:\/\/chemgramx.com\/wp-content\/uploads\/2025\/11\/buy-tilidin-liquide.jpg\" \/>\n\t<meta property=\"og:image:width\" content=\"458\" \/>\n\t<meta property=\"og:image:height\" content=\"458\" \/>\n\t<meta property=\"og:image:type\" content=\"image\/jpeg\" \/>\n<meta name=\"twitter:card\" content=\"summary_large_image\" \/>\n<meta name=\"twitter:label1\" content=\"Dur\u00e9e de lecture estim\u00e9e\" \/>\n\t<meta name=\"twitter:data1\" content=\"5 minutes\" \/>\n<script type=\"application\/ld+json\" class=\"yoast-schema-graph\">{\"@context\":\"https:\\\/\\\/schema.org\",\"@graph\":[{\"@type\":\"WebPage\",\"@id\":\"https:\\\/\\\/chemgramx.com\\\/product\\\/tilidin-liquid-10ml-online-bestellung\\\/\",\"url\":\"https:\\\/\\\/chemgramx.com\\\/product\\\/tilidin-liquid-10ml-online-bestellung\\\/\",\"name\":\"Tilidin Liquid 10ml Kaufen - Hohe Reinheit\",\"isPartOf\":{\"@id\":\"https:\\\/\\\/chemgramx.com\\\/#website\"},\"primaryImageOfPage\":{\"@id\":\"https:\\\/\\\/chemgramx.com\\\/product\\\/tilidin-liquid-10ml-online-bestellung\\\/#primaryimage\"},\"image\":{\"@id\":\"https:\\\/\\\/chemgramx.com\\\/product\\\/tilidin-liquid-10ml-online-bestellung\\\/#primaryimage\"},\"thumbnailUrl\":\"https:\\\/\\\/chemgramx.com\\\/wp-content\\\/uploads\\\/2025\\\/11\\\/buy-tilidin-liquide.jpg\",\"datePublished\":\"2025-11-21T16:44:53+00:00\",\"dateModified\":\"2025-12-10T16:09:38+00:00\",\"description\":\"Erwerben Sie Tilidin Liquid 10ml von Chemgramx f\u00fcr Ihre Forschung. H\u00f6chste Reinheit & Laborqualit\u00e4t gew\u00e4hrleistet. Tilidin Liquid jetzt online bestellen.\",\"breadcrumb\":{\"@id\":\"https:\\\/\\\/chemgramx.com\\\/product\\\/tilidin-liquid-10ml-online-bestellung\\\/#breadcrumb\"},\"inLanguage\":\"fr-FR\",\"potentialAction\":[{\"@type\":\"ReadAction\",\"target\":[\"https:\\\/\\\/chemgramx.com\\\/product\\\/tilidin-liquid-10ml-online-bestellung\\\/\"]}]},{\"@type\":\"ImageObject\",\"inLanguage\":\"fr-FR\",\"@id\":\"https:\\\/\\\/chemgramx.com\\\/product\\\/tilidin-liquid-10ml-online-bestellung\\\/#primaryimage\",\"url\":\"https:\\\/\\\/chemgramx.com\\\/wp-content\\\/uploads\\\/2025\\\/11\\\/buy-tilidin-liquide.jpg\",\"contentUrl\":\"https:\\\/\\\/chemgramx.com\\\/wp-content\\\/uploads\\\/2025\\\/11\\\/buy-tilidin-liquide.jpg\",\"width\":458,\"height\":458},{\"@type\":\"BreadcrumbList\",\"@id\":\"https:\\\/\\\/chemgramx.com\\\/product\\\/tilidin-liquid-10ml-online-bestellung\\\/#breadcrumb\",\"itemListElement\":[{\"@type\":\"ListItem\",\"position\":1,\"name\":\"Home\",\"item\":\"https:\\\/\\\/chemgramx.com\\\/\"},{\"@type\":\"ListItem\",\"position\":2,\"name\":\"Shop\",\"item\":\"https:\\\/\\\/chemgramx.com\\\/shop\\\/\"},{\"@type\":\"ListItem\",\"position\":3,\"name\":\"Tilidin Liquid 10ml Kaufen &#8211; Hohe Reinheit\"}]},{\"@type\":\"WebSite\",\"@id\":\"https:\\\/\\\/chemgramx.com\\\/#website\",\"url\":\"https:\\\/\\\/chemgramx.com\\\/\",\"name\":\"Chemgramx\",\"description\":\"\",\"publisher\":{\"@id\":\"https:\\\/\\\/chemgramx.com\\\/#organization\"},\"potentialAction\":[{\"@type\":\"SearchAction\",\"target\":{\"@type\":\"EntryPoint\",\"urlTemplate\":\"https:\\\/\\\/chemgramx.com\\\/?s={search_term_string}\"},\"query-input\":{\"@type\":\"PropertyValueSpecification\",\"valueRequired\":true,\"valueName\":\"search_term_string\"}}],\"inLanguage\":\"fr-FR\"},{\"@type\":\"Organization\",\"@id\":\"https:\\\/\\\/chemgramx.com\\\/#organization\",\"name\":\"Chemgramx\",\"url\":\"https:\\\/\\\/chemgramx.com\\\/\",\"logo\":{\"@type\":\"ImageObject\",\"inLanguage\":\"fr-FR\",\"@id\":\"https:\\\/\\\/chemgramx.com\\\/#\\\/schema\\\/logo\\\/image\\\/\",\"url\":\"https:\\\/\\\/chemgramx.com\\\/wp-content\\\/uploads\\\/2024\\\/10\\\/final-logo.png\",\"contentUrl\":\"https:\\\/\\\/chemgramx.com\\\/wp-content\\\/uploads\\\/2024\\\/10\\\/final-logo.png\",\"width\":250,\"height\":48,\"caption\":\"Chemgramx\"},\"image\":{\"@id\":\"https:\\\/\\\/chemgramx.com\\\/#\\\/schema\\\/logo\\\/image\\\/\"}}]}<\/script>\n<!-- \/ Yoast SEO plugin. -->","yoast_head_json":{"title":"Acheter Tilidine liquide 10 ml - Haute puret\u00e9","description":"Achetez Tilidine Liquid 10 ml de Chemgramx pour vos recherches. Puret\u00e9 maximale et qualit\u00e9 de laboratoire garanties. Commandez Tilidine Liquid en ligne d\u00e8s maintenant.","robots":{"index":"index","follow":"follow","max-snippet":"max-snippet:-1","max-image-preview":"max-image-preview:large","max-video-preview":"max-video-preview:-1"},"canonical":"https:\/\/chemgramx.com\/fr\/produit\/tilidin-liquid-10ml-commande-en-ligne\/","og_locale":"fr_FR","og_type":"article","og_title":"Tilidin Liquid 10ml Kaufen - Hohe Reinheit","og_description":"Erwerben Sie Tilidin Liquid 10ml von Chemgramx f\u00fcr Ihre Forschung. H\u00f6chste Reinheit & Laborqualit\u00e4t gew\u00e4hrleistet. Tilidin Liquid jetzt online bestellen.","og_url":"https:\/\/chemgramx.com\/fr\/produit\/tilidin-liquid-10ml-commande-en-ligne\/","og_site_name":"Chemgramx","article_modified_time":"2025-12-10T16:09:38+00:00","og_image":[{"width":458,"height":458,"url":"https:\/\/chemgramx.com\/wp-content\/uploads\/2025\/11\/buy-tilidin-liquide.jpg","type":"image\/jpeg"}],"twitter_card":"summary_large_image","twitter_misc":{"Dur\u00e9e de lecture estim\u00e9e":"5 minutes"},"schema":{"@context":"https:\/\/schema.org","@graph":[{"@type":"WebPage","@id":"https:\/\/chemgramx.com\/product\/tilidin-liquid-10ml-online-bestellung\/","url":"https:\/\/chemgramx.com\/product\/tilidin-liquid-10ml-online-bestellung\/","name":"Acheter Tilidine liquide 10 ml - Haute puret\u00e9","isPartOf":{"@id":"https:\/\/chemgramx.com\/#website"},"primaryImageOfPage":{"@id":"https:\/\/chemgramx.com\/product\/tilidin-liquid-10ml-online-bestellung\/#primaryimage"},"image":{"@id":"https:\/\/chemgramx.com\/product\/tilidin-liquid-10ml-online-bestellung\/#primaryimage"},"thumbnailUrl":"https:\/\/chemgramx.com\/wp-content\/uploads\/2025\/11\/buy-tilidin-liquide.jpg","datePublished":"2025-11-21T16:44:53+00:00","dateModified":"2025-12-10T16:09:38+00:00","description":"Achetez Tilidine Liquid 10 ml de Chemgramx pour vos recherches. Puret\u00e9 maximale et qualit\u00e9 de laboratoire garanties. Commandez Tilidine Liquid en ligne d\u00e8s maintenant.","breadcrumb":{"@id":"https:\/\/chemgramx.com\/product\/tilidin-liquid-10ml-online-bestellung\/#breadcrumb"},"inLanguage":"fr-FR","potentialAction":[{"@type":"ReadAction","target":["https:\/\/chemgramx.com\/product\/tilidin-liquid-10ml-online-bestellung\/"]}]},{"@type":"ImageObject","inLanguage":"fr-FR","@id":"https:\/\/chemgramx.com\/product\/tilidin-liquid-10ml-online-bestellung\/#primaryimage","url":"https:\/\/chemgramx.com\/wp-content\/uploads\/2025\/11\/buy-tilidin-liquide.jpg","contentUrl":"https:\/\/chemgramx.com\/wp-content\/uploads\/2025\/11\/buy-tilidin-liquide.jpg","width":458,"height":458},{"@type":"BreadcrumbList","@id":"https:\/\/chemgramx.com\/product\/tilidin-liquid-10ml-online-bestellung\/#breadcrumb","itemListElement":[{"@type":"ListItem","position":1,"name":"Home","item":"https:\/\/chemgramx.com\/"},{"@type":"ListItem","position":2,"name":"Shop","item":"https:\/\/chemgramx.com\/shop\/"},{"@type":"ListItem","position":3,"name":"Tilidin Liquid 10ml Kaufen &#8211; Hohe Reinheit"}]},{"@type":"WebSite","@id":"https:\/\/chemgramx.com\/#website","url":"https:\/\/chemgramx.com\/","name":"Chemgramx","description":"","publisher":{"@id":"https:\/\/chemgramx.com\/#organization"},"potentialAction":[{"@type":"SearchAction","target":{"@type":"EntryPoint","urlTemplate":"https:\/\/chemgramx.com\/?s={search_term_string}"},"query-input":{"@type":"PropertyValueSpecification","valueRequired":true,"valueName":"search_term_string"}}],"inLanguage":"fr-FR"},{"@type":"Organization","@id":"https:\/\/chemgramx.com\/#organization","name":"Chemgramx","url":"https:\/\/chemgramx.com\/","logo":{"@type":"ImageObject","inLanguage":"fr-FR","@id":"https:\/\/chemgramx.com\/#\/schema\/logo\/image\/","url":"https:\/\/chemgramx.com\/wp-content\/uploads\/2024\/10\/final-logo.png","contentUrl":"https:\/\/chemgramx.com\/wp-content\/uploads\/2024\/10\/final-logo.png","width":250,"height":48,"caption":"Chemgramx"},"image":{"@id":"https:\/\/chemgramx.com\/#\/schema\/logo\/image\/"}}]}},"_links":{"self":[{"href":"https:\/\/chemgramx.com\/fr\/wp-json\/wp\/v2\/product\/7995","targetHints":{"allow":["GET"]}}],"collection":[{"href":"https:\/\/chemgramx.com\/fr\/wp-json\/wp\/v2\/product"}],"about":[{"href":"https:\/\/chemgramx.com\/fr\/wp-json\/wp\/v2\/types\/product"}],"replies":[{"embeddable":true,"href":"https:\/\/chemgramx.com\/fr\/wp-json\/wp\/v2\/comments?post=7995"}],"wp:featuredmedia":[{"embeddable":true,"href":"https:\/\/chemgramx.com\/fr\/wp-json\/wp\/v2\/media\/8046"}],"wp:attachment":[{"href":"https:\/\/chemgramx.com\/fr\/wp-json\/wp\/v2\/media?parent=7995"}],"wp:term":[{"taxonomy":"product_brand","embeddable":true,"href":"https:\/\/chemgramx.com\/fr\/wp-json\/wp\/v2\/product_brand?post=7995"},{"taxonomy":"product_cat","embeddable":true,"href":"https:\/\/chemgramx.com\/fr\/wp-json\/wp\/v2\/product_cat?post=7995"},{"taxonomy":"product_tag","embeddable":true,"href":"https:\/\/chemgramx.com\/fr\/wp-json\/wp\/v2\/product_tag?post=7995"}],"curies":[{"name":"wp","href":"https:\/\/api.w.org\/{rel}","templated":true}]}}