{"id":800,"date":"2024-10-23T02:05:28","date_gmt":"2024-10-23T02:05:28","guid":{"rendered":"https:\/\/chemgramx.com\/?post_type=product&#038;p=800"},"modified":"2025-10-15T09:04:22","modified_gmt":"2025-10-15T09:04:22","slug":"4-mph-4-methylphenidat","status":"publish","type":"product","link":"https:\/\/chemgramx.com\/fr\/produit\/4-mph-4-methylphenidat\/","title":{"rendered":"Acheter 4-MPH (4-m\u00e9thylph\u00e9nidate) en ligne"},"content":{"rendered":"<h2 data-start=\"114\" data-end=\"214\">4-MPH Online Kaufen \u2013 Hochwertiges 4-Methylphenidat f\u00fcr Forschung und kognitive Leistungssteigerung<\/h2>\n<h3 data-start=\"216\" data-end=\"259\">Acheter 4-MPH (4-m\u00e9thylph\u00e9nidate) en ligne<\/h3>\n<h3 data-start=\"261\" data-end=\"277\">Introduction<\/h3>\n<p data-start=\"279\" data-end=\"819\"><a href=\"https:\/\/chemgramx.com\/fr\/produit\/4-mph-4-methylphenidat\/\">4-MPH (4-Methylphenidat)<\/a> Le 4-MPH est un stimulant psychoactif structurellement apparent\u00e9 au m\u00e9thylph\u00e9nidate (Ritaline). Il appartient \u00e0 la classe des ph\u00e9nyl\u00e9thylamines et est largement utilis\u00e9 en recherche et en exploration psychoactive. De nombreux utilisateurs souhaitent acheter du 4-MPH en ligne pour b\u00e9n\u00e9ficier de ses propri\u00e9t\u00e9s stimulantes pour la concentration, l'attention et les performances mentales. Acheter du 4-MPH en ligne s'est impos\u00e9 comme une option pratique et efficace, \u00e0 condition de veiller \u00e0 la qualit\u00e9, \u00e0 la s\u00e9curit\u00e9 et \u00e0 la l\u00e9galit\u00e9.<\/p>\n<h3 data-start=\"821\" data-end=\"860\">Qu'est-ce que le 4-MPH (4-m\u00e9thylph\u00e9nidate) ?<\/h3>\n<p data-start=\"862\" data-end=\"1269\"><a href=\"https:\/\/en.wikipedia.org\/wiki\/4-Fluoromethylphenidate\">4-MPH<\/a> C'est un stimulant synth\u00e9tique cr\u00e9\u00e9 par m\u00e9thylation du m\u00e9thylph\u00e9nidate. Il augmente la concentration, l'attention et l'\u00e9nergie, et est utilis\u00e9 \u00e0 la fois dans les \u00e9tudes scientifiques et par les particuliers pour am\u00e9liorer les capacit\u00e9s cognitives. Les personnes achetant du 4-MPH en ligne peuvent b\u00e9n\u00e9ficier de ses effets dopaminergiques et noradr\u00e9nergiques, qui stimulent le syst\u00e8me nerveux central.<\/p>\n<h3 data-start=\"1271\" data-end=\"1302\">Composition chimique<\/h3>\n<p data-start=\"1304\" data-end=\"1597\">La formule chimique du 4-MPH est C14H19NO2. Sa structure est tr\u00e8s similaire \u00e0 celle du m\u00e9thylph\u00e9nidate, mais diff\u00e8re par la position du groupe m\u00e9thyle sur le cycle ph\u00e9nyle. Cette modification renforce ses effets sur la concentration, l'attention et les fonctions cognitives.<\/p>\n<h3 data-start=\"1599\" data-end=\"1624\">Applications courantes<\/h3>\n<ul data-start=\"1626\" data-end=\"2104\">\n<li data-start=\"1626\" data-end=\"1790\">\n<p data-start=\"1628\" data-end=\"1790\">Recherches et \u00e9tudes scientifiques : De nombreux chercheurs utilisent le 4-MPH pour \u00e9tudier ses effets sur le syst\u00e8me nerveux central et les processus cognitifs.<\/p>\n<\/li>\n<li data-start=\"1791\" data-end=\"1929\">\n<p data-start=\"1793\" data-end=\"1929\">Psychoaktive Exploration: Einige Nutzer 4-MPH online kaufen , um Wachsamkeit, Fokus und geistige Leistungsf\u00e4higkeit zu erh\u00f6hen.<\/p>\n<\/li>\n<li data-start=\"1930\" data-end=\"2104\">\n<p data-start=\"1932\" data-end=\"2104\">Leistungssteigerung: Nootropik-Enthusiasten verwenden 4-MPH zu verkaufen, um die kognitive Leistungsf\u00e4higkeit im Alltag oder bei speziellen Projekten zu unterst\u00fctzen.<\/p>\n<\/li>\n<\/ul>\n<h3 data-start=\"2106\" data-end=\"2130\">Statut juridique<\/h3>\n<p data-start=\"2132\" data-end=\"2470\">Le statut l\u00e9gal du 4-MPH varie d'un pays \u00e0 l'autre. Dans de nombreux \u00c9tats, il est consid\u00e9r\u00e9 comme une substance r\u00e9glement\u00e9e en raison de sa similitude avec les m\u00e9dicaments sur ordonnance. Avant de chercher o\u00f9 acheter du 4-MPH, il est conseill\u00e9 de v\u00e9rifier la r\u00e9glementation locale pour \u00e9viter tout probl\u00e8me juridique.<\/p>\n<h3 data-start=\"2472\" data-end=\"2504\">Pourquoi acheter 4-MPH en ligne ?<\/h3>\n<p data-start=\"2506\" data-end=\"2562\">Acheter 4-MPH en ligne offre plusieurs avantages :<\/p>\n<ul data-start=\"2564\" data-end=\"2959\">\n<li data-start=\"2564\" data-end=\"2715\">\n<p data-start=\"2566\" data-end=\"2715\">Zug\u00e4nglichkeit und Bequemlichkeit: Sie k\u00f6nnen 4-MPH online kaufen von zu Hause aus bestellen, ohne auf Laden\u00f6ffnungszeiten angewiesen zu sein.<\/p>\n<\/li>\n<li data-start=\"2716\" data-end=\"2851\">\n<p data-start=\"2718\" data-end=\"2851\">S\u00e9lection de produits plus large : les magasins en ligne proposent \u00e0 la vente diff\u00e9rentes puret\u00e9s, dosages et tailles d'emballage de 4 MPH.<\/p>\n<\/li>\n<li data-start=\"2852\" data-end=\"2959\">\n<p data-start=\"2854\" data-end=\"2959\">Comparaison de prix : La possibilit\u00e9 de comparer les prix \u00e0 4 MPH aide \u00e0 choisir la meilleure option.<\/p>\n<\/li>\n<\/ul>\n<h3 data-start=\"2961\" data-end=\"3021\">Comment trouver un fournisseur fiable de 4 MPH ?<\/h3>\n<p data-start=\"3023\" data-end=\"3127\">Beim 4-MPH online ist die Wahl eines vertrauensw\u00fcrdigen H\u00e4ndlers entscheidend. Achten Sie auf:<\/p>\n<ul data-start=\"3129\" data-end=\"3343\">\n<li data-start=\"3129\" data-end=\"3184\">\n<p data-start=\"3131\" data-end=\"3184\">Qualit\u00e9 prouv\u00e9e et tests en laboratoire (COA)<\/p>\n<\/li>\n<li data-start=\"3185\" data-end=\"3228\">\n<p data-start=\"3187\" data-end=\"3228\">Positive Kundenbewertungen und Feedback<\/p>\n<\/li>\n<li data-start=\"3229\" data-end=\"3291\">\n<p data-start=\"3231\" data-end=\"3291\">Informations transparentes sur la puret\u00e9 et l'origine des produits<\/p>\n<\/li>\n<li data-start=\"3292\" data-end=\"3343\">\n<p data-start=\"3294\" data-end=\"3343\">M\u00e9thodes de paiement s\u00e9curis\u00e9es et livraison discr\u00e8te<\/p>\n<\/li>\n<\/ul>\n<h3 data-start=\"3497\" data-end=\"3539\">Consid\u00e9rations juridiques et \u00e9thiques<\/h3>\n<ul data-start=\"3541\" data-end=\"3763\">\n<li data-start=\"3541\" data-end=\"3646\">\n<p data-start=\"3543\" data-end=\"3646\">Lois locales et internationales : V\u00e9rifiez si l'achat de 4-MPH est l\u00e9gal dans votre pays.<\/p>\n<\/li>\n<li data-start=\"3647\" data-end=\"3763\">\n<p data-start=\"3649\" data-end=\"3763\">Responsabilit\u00e9 de l'acheteur : Utiliser uniquement \u00e0 des fins l\u00e9gales et responsables et respecter les dosages.<\/p>\n<\/li>\n<\/ul>\n<h3 data-start=\"3765\" data-end=\"3776\">Conclusion<\/h3>\n<p data-start=\"3778\" data-end=\"4190\">4-MPH (4-Methylphenidat) ist eine vielseitige Substanz f\u00fcr Forschung, kognitive Leistungssteigerung und psychoaktive Exploration. Wer 4-MPH online kaufen m\u00f6chte, sollte stets auf gepr\u00fcfte Qualit\u00e4t, vertrauensw\u00fcrdige Anbieter und die Einhaltung der gesetzlichen Vorschriften achten. Mit der richtigen Wahl beim bestellen 4-MPH k\u00f6nnen Sie sicherstellen, dass Sie ein sicheres, hochwertiges Produkt erhalten.<\/p>","protected":false},"excerpt":{"rendered":"<p><strong>4-MPH<\/strong>, oder 4-Methylphenidat, ist ein synthetisches Derivat von Methylphenidat, einem Medikament, das h\u00e4ufig zur Behandlung von Aufmerksamkeitsdefizit-Hyperaktivit\u00e4tsst\u00f6rung (ADHS) und Narkolepsie eingesetzt wird. Die chemische Struktur von 4-MPH ist durch die Methylierung an der 4-Position des Phenylrings modifiziert, was seine Wirkungen und Eigenschaften beeinflusst.<\/p>\n<h3><strong>Formule et structure<\/strong><\/h3>\n<ul>\n<li><strong>Formule chimique<\/strong>: C15H21NO2<\/li>\n<li><strong>Poids mol\u00e9culaire<\/strong>: 247,34 g\/mol<\/li>\n<li><strong>Propri\u00e9t\u00e9s chimiques<\/strong>: Die Methylgruppe an der 4. Position des Benzolrings beeinflusst die Bindungsaffinit\u00e4t und pharmakologischen Eigenschaften von 4-MPH im Vergleich zu herk\u00f6mmlichem Methylphenidat.<\/li>\n<\/ul>\n<h3><strong>Dur\u00e9e et effets<\/strong><\/h3>\n<p>Die Wirkung von 4-MPH h\u00e4lt typischerweise <strong>4 \u00e0 8 heures<\/strong> en fonction du dosage et des facteurs individuels :<\/p>\n<ul>\n<li><strong>D\u00e9but de l'effet<\/strong>20 \u00e0 40 minutes.<\/li>\n<li><strong>Point culminant<\/strong>2 \u00e0 4 heures.<\/li>\n<li><strong>R\u00e9percussions<\/strong>: Ein leichtes Abklingen der Effekte \u00fcber 2 bis 3 Stunden.<\/li>\n<\/ul>","protected":false},"featured_media":802,"comment_status":"open","ping_status":"closed","template":"","meta":{"_joinchat":[]},"product_brand":[],"product_cat":[48],"product_tag":[1654,1670,1667,1677,1663,1676,1660,1661,1656,1653,1672,1674,1657,1668,1671,1655,1662,1673,1678,1675,1658,1659,1669,1664,1666,1665],"class_list":{"0":"post-800","1":"product","2":"type-product","3":"status-publish","4":"has-post-thumbnail","6":"product_cat-stimulants","7":"product_tag-4-methylphenidat-bestellen","8":"product_tag-4-mph-bestellen","9":"product_tag-4-mph-bulk-bestellung","10":"product_tag-4-mph-chemikalie","11":"product_tag-4-mph-experimente","12":"product_tag-4-mph-forschung","13":"product_tag-4-mph-forschung-chemikalie","14":"product_tag-4-mph-fur-neurowissenschaftliche-studien","15":"product_tag-4-mph-groshandel","16":"product_tag-4-mph-kaufen","17":"product_tag-4-mph-labor","18":"product_tag-4-mph-legal","19":"product_tag-4-mph-lieferant","20":"product_tag-4-mph-marktanalyse","21":"product_tag-4-mph-online","22":"product_tag-4-mph-online-bestellen","23":"product_tag-4-mph-pharmazeutische-forschung","24":"product_tag-4-mph-sicher","25":"product_tag-4-mph-versand","26":"product_tag-4mph-gunstig","27":"product_tag-forschung-chemikalien-4-mph","28":"product_tag-hochwertige-4-mph-kaufen","29":"product_tag-innovative-4-mph-forschung","30":"product_tag-laborqualitat-4-mph","31":"product_tag-legaler-4-mph-anbieter","32":"product_tag-sicherer-4-mph-versand","34":"first","35":"instock","36":"shipping-taxable","37":"purchasable","38":"product-type-variable"},"yoast_head":"<!-- This site is optimized with the Yoast SEO plugin v26.1.1 - https:\/\/yoast.com\/wordpress\/plugins\/seo\/ -->\n<title>4-MPH (4-Methylphenidat) online kaufen \u2013 4-MPH zu verkaufen<\/title>\n<meta name=\"description\" content=\"Sie k\u00f6nnen 4-mph (4-Methylphenidat) in unserem Shop kaufen und es problemlos an Ihre Haust\u00fcr liefern lassen. Wir helfen Ihnen, 4-mph (4-Methylphenidat) online zu kaufen. Bestellen Sie jetzt!\" \/>\n<meta name=\"robots\" content=\"index, follow, max-snippet:-1, max-image-preview:large, max-video-preview:-1\" \/>\n<link rel=\"canonical\" href=\"https:\/\/chemgramx.com\/fr\/produit\/4-mph-4-methylphenidat\/\" \/>\n<meta property=\"og:locale\" content=\"fr_FR\" \/>\n<meta property=\"og:type\" content=\"article\" \/>\n<meta property=\"og:title\" content=\"4-MPH (4-Methylphenidat) online kaufen \u2013 4-MPH zu verkaufen\" \/>\n<meta property=\"og:description\" content=\"Sie k\u00f6nnen 4-mph (4-Methylphenidat) in unserem Shop kaufen und es problemlos an Ihre Haust\u00fcr liefern lassen. Wir helfen Ihnen, 4-mph (4-Methylphenidat) online zu kaufen. Bestellen Sie jetzt!\" \/>\n<meta property=\"og:url\" content=\"https:\/\/chemgramx.com\/fr\/produit\/4-mph-4-methylphenidat\/\" \/>\n<meta property=\"og:site_name\" content=\"Chemgramx\" \/>\n<meta property=\"article:modified_time\" content=\"2025-10-15T09:04:22+00:00\" \/>\n<meta property=\"og:image\" content=\"https:\/\/chemgramx.com\/wp-content\/uploads\/2024\/10\/4-Methylphenidat.png\" \/>\n\t<meta property=\"og:image:width\" content=\"1378\" \/>\n\t<meta property=\"og:image:height\" content=\"1196\" \/>\n\t<meta property=\"og:image:type\" content=\"image\/png\" \/>\n<meta name=\"twitter:card\" content=\"summary_large_image\" \/>\n<meta name=\"twitter:label1\" content=\"Dur\u00e9e de lecture estim\u00e9e\" \/>\n\t<meta name=\"twitter:data1\" content=\"3 minutes\" \/>\n<script type=\"application\/ld+json\" class=\"yoast-schema-graph\">{\"@context\":\"https:\/\/schema.org\",\"@graph\":[{\"@type\":\"WebPage\",\"@id\":\"https:\/\/chemgramx.com\/product\/4-mph-4-methylphenidat\/\",\"url\":\"https:\/\/chemgramx.com\/product\/4-mph-4-methylphenidat\/\",\"name\":\"4-MPH (4-Methylphenidat) online kaufen \u2013 4-MPH zu verkaufen\",\"isPartOf\":{\"@id\":\"https:\/\/chemgramx.com\/#website\"},\"primaryImageOfPage\":{\"@id\":\"https:\/\/chemgramx.com\/product\/4-mph-4-methylphenidat\/#primaryimage\"},\"image\":{\"@id\":\"https:\/\/chemgramx.com\/product\/4-mph-4-methylphenidat\/#primaryimage\"},\"thumbnailUrl\":\"https:\/\/chemgramx.com\/wp-content\/uploads\/2024\/10\/4-Methylphenidat.png\",\"datePublished\":\"2024-10-23T02:05:28+00:00\",\"dateModified\":\"2025-10-15T09:04:22+00:00\",\"description\":\"Sie k\u00f6nnen 4-mph (4-Methylphenidat) in unserem Shop kaufen und es problemlos an Ihre Haust\u00fcr liefern lassen. Wir helfen Ihnen, 4-mph (4-Methylphenidat) online zu kaufen. Bestellen Sie jetzt!\",\"breadcrumb\":{\"@id\":\"https:\/\/chemgramx.com\/product\/4-mph-4-methylphenidat\/#breadcrumb\"},\"inLanguage\":\"fr-FR\",\"potentialAction\":[{\"@type\":\"ReadAction\",\"target\":[\"https:\/\/chemgramx.com\/product\/4-mph-4-methylphenidat\/\"]}]},{\"@type\":\"ImageObject\",\"inLanguage\":\"fr-FR\",\"@id\":\"https:\/\/chemgramx.com\/product\/4-mph-4-methylphenidat\/#primaryimage\",\"url\":\"https:\/\/chemgramx.com\/wp-content\/uploads\/2024\/10\/4-Methylphenidat.png\",\"contentUrl\":\"https:\/\/chemgramx.com\/wp-content\/uploads\/2024\/10\/4-Methylphenidat.png\",\"width\":1378,\"height\":1196,\"caption\":\"4-MPH (4-Methylphenidat) online kaufen\"},{\"@type\":\"BreadcrumbList\",\"@id\":\"https:\/\/chemgramx.com\/product\/4-mph-4-methylphenidat\/#breadcrumb\",\"itemListElement\":[{\"@type\":\"ListItem\",\"position\":1,\"name\":\"Home\",\"item\":\"https:\/\/chemgramx.com\/\"},{\"@type\":\"ListItem\",\"position\":2,\"name\":\"Shop\",\"item\":\"https:\/\/chemgramx.com\/shop\/\"},{\"@type\":\"ListItem\",\"position\":3,\"name\":\"4-MPH (4-Methylphenidat) online kaufen\"}]},{\"@type\":\"WebSite\",\"@id\":\"https:\/\/chemgramx.com\/#website\",\"url\":\"https:\/\/chemgramx.com\/\",\"name\":\"Chemgramx\",\"description\":\"\",\"publisher\":{\"@id\":\"https:\/\/chemgramx.com\/#organization\"},\"potentialAction\":[{\"@type\":\"SearchAction\",\"target\":{\"@type\":\"EntryPoint\",\"urlTemplate\":\"https:\/\/chemgramx.com\/?s={search_term_string}\"},\"query-input\":{\"@type\":\"PropertyValueSpecification\",\"valueRequired\":true,\"valueName\":\"search_term_string\"}}],\"inLanguage\":\"fr-FR\"},{\"@type\":\"Organization\",\"@id\":\"https:\/\/chemgramx.com\/#organization\",\"name\":\"Chemgramx\",\"url\":\"https:\/\/chemgramx.com\/\",\"logo\":{\"@type\":\"ImageObject\",\"inLanguage\":\"fr-FR\",\"@id\":\"https:\/\/chemgramx.com\/#\/schema\/logo\/image\/\",\"url\":\"https:\/\/chemgramx.com\/wp-content\/uploads\/2024\/10\/final-logo.png\",\"contentUrl\":\"https:\/\/chemgramx.com\/wp-content\/uploads\/2024\/10\/final-logo.png\",\"width\":250,\"height\":48,\"caption\":\"Chemgramx\"},\"image\":{\"@id\":\"https:\/\/chemgramx.com\/#\/schema\/logo\/image\/\"}}]}<\/script>\n<!-- \/ Yoast SEO plugin. -->","yoast_head_json":{"title":"4-MPH (4-Methylphenidat) online kaufen \u2013 4-MPH zu verkaufen","description":"Sie k\u00f6nnen 4-mph (4-Methylphenidat) in unserem Shop kaufen und es problemlos an Ihre Haust\u00fcr liefern lassen. Wir helfen Ihnen, 4-mph (4-Methylphenidat) online zu kaufen. Bestellen Sie jetzt!","robots":{"index":"index","follow":"follow","max-snippet":"max-snippet:-1","max-image-preview":"max-image-preview:large","max-video-preview":"max-video-preview:-1"},"canonical":"https:\/\/chemgramx.com\/fr\/produit\/4-mph-4-methylphenidat\/","og_locale":"fr_FR","og_type":"article","og_title":"4-MPH (4-Methylphenidat) online kaufen \u2013 4-MPH zu verkaufen","og_description":"Sie k\u00f6nnen 4-mph (4-Methylphenidat) in unserem Shop kaufen und es problemlos an Ihre Haust\u00fcr liefern lassen. Wir helfen Ihnen, 4-mph (4-Methylphenidat) online zu kaufen. Bestellen Sie jetzt!","og_url":"https:\/\/chemgramx.com\/fr\/produit\/4-mph-4-methylphenidat\/","og_site_name":"Chemgramx","article_modified_time":"2025-10-15T09:04:22+00:00","og_image":[{"width":1378,"height":1196,"url":"https:\/\/chemgramx.com\/wp-content\/uploads\/2024\/10\/4-Methylphenidat.png","type":"image\/png"}],"twitter_card":"summary_large_image","twitter_misc":{"Dur\u00e9e de lecture estim\u00e9e":"3 minutes"},"schema":{"@context":"https:\/\/schema.org","@graph":[{"@type":"WebPage","@id":"https:\/\/chemgramx.com\/product\/4-mph-4-methylphenidat\/","url":"https:\/\/chemgramx.com\/product\/4-mph-4-methylphenidat\/","name":"4-MPH (4-Methylphenidat) online kaufen \u2013 4-MPH zu verkaufen","isPartOf":{"@id":"https:\/\/chemgramx.com\/#website"},"primaryImageOfPage":{"@id":"https:\/\/chemgramx.com\/product\/4-mph-4-methylphenidat\/#primaryimage"},"image":{"@id":"https:\/\/chemgramx.com\/product\/4-mph-4-methylphenidat\/#primaryimage"},"thumbnailUrl":"https:\/\/chemgramx.com\/wp-content\/uploads\/2024\/10\/4-Methylphenidat.png","datePublished":"2024-10-23T02:05:28+00:00","dateModified":"2025-10-15T09:04:22+00:00","description":"Sie k\u00f6nnen 4-mph (4-Methylphenidat) in unserem Shop kaufen und es problemlos an Ihre Haust\u00fcr liefern lassen. Wir helfen Ihnen, 4-mph (4-Methylphenidat) online zu kaufen. Bestellen Sie jetzt!","breadcrumb":{"@id":"https:\/\/chemgramx.com\/product\/4-mph-4-methylphenidat\/#breadcrumb"},"inLanguage":"fr-FR","potentialAction":[{"@type":"ReadAction","target":["https:\/\/chemgramx.com\/product\/4-mph-4-methylphenidat\/"]}]},{"@type":"ImageObject","inLanguage":"fr-FR","@id":"https:\/\/chemgramx.com\/product\/4-mph-4-methylphenidat\/#primaryimage","url":"https:\/\/chemgramx.com\/wp-content\/uploads\/2024\/10\/4-Methylphenidat.png","contentUrl":"https:\/\/chemgramx.com\/wp-content\/uploads\/2024\/10\/4-Methylphenidat.png","width":1378,"height":1196,"caption":"4-MPH (4-Methylphenidat) online kaufen"},{"@type":"BreadcrumbList","@id":"https:\/\/chemgramx.com\/product\/4-mph-4-methylphenidat\/#breadcrumb","itemListElement":[{"@type":"ListItem","position":1,"name":"Home","item":"https:\/\/chemgramx.com\/"},{"@type":"ListItem","position":2,"name":"Shop","item":"https:\/\/chemgramx.com\/shop\/"},{"@type":"ListItem","position":3,"name":"4-MPH (4-Methylphenidat) online kaufen"}]},{"@type":"WebSite","@id":"https:\/\/chemgramx.com\/#website","url":"https:\/\/chemgramx.com\/","name":"Chemgramx","description":"","publisher":{"@id":"https:\/\/chemgramx.com\/#organization"},"potentialAction":[{"@type":"SearchAction","target":{"@type":"EntryPoint","urlTemplate":"https:\/\/chemgramx.com\/?s={search_term_string}"},"query-input":{"@type":"PropertyValueSpecification","valueRequired":true,"valueName":"search_term_string"}}],"inLanguage":"fr-FR"},{"@type":"Organization","@id":"https:\/\/chemgramx.com\/#organization","name":"Chemgramx","url":"https:\/\/chemgramx.com\/","logo":{"@type":"ImageObject","inLanguage":"fr-FR","@id":"https:\/\/chemgramx.com\/#\/schema\/logo\/image\/","url":"https:\/\/chemgramx.com\/wp-content\/uploads\/2024\/10\/final-logo.png","contentUrl":"https:\/\/chemgramx.com\/wp-content\/uploads\/2024\/10\/final-logo.png","width":250,"height":48,"caption":"Chemgramx"},"image":{"@id":"https:\/\/chemgramx.com\/#\/schema\/logo\/image\/"}}]}},"_links":{"self":[{"href":"https:\/\/chemgramx.com\/fr\/wp-json\/wp\/v2\/product\/800","targetHints":{"allow":["GET"]}}],"collection":[{"href":"https:\/\/chemgramx.com\/fr\/wp-json\/wp\/v2\/product"}],"about":[{"href":"https:\/\/chemgramx.com\/fr\/wp-json\/wp\/v2\/types\/product"}],"replies":[{"embeddable":true,"href":"https:\/\/chemgramx.com\/fr\/wp-json\/wp\/v2\/comments?post=800"}],"wp:featuredmedia":[{"embeddable":true,"href":"https:\/\/chemgramx.com\/fr\/wp-json\/wp\/v2\/media\/802"}],"wp:attachment":[{"href":"https:\/\/chemgramx.com\/fr\/wp-json\/wp\/v2\/media?parent=800"}],"wp:term":[{"taxonomy":"product_brand","embeddable":true,"href":"https:\/\/chemgramx.com\/fr\/wp-json\/wp\/v2\/product_brand?post=800"},{"taxonomy":"product_cat","embeddable":true,"href":"https:\/\/chemgramx.com\/fr\/wp-json\/wp\/v2\/product_cat?post=800"},{"taxonomy":"product_tag","embeddable":true,"href":"https:\/\/chemgramx.com\/fr\/wp-json\/wp\/v2\/product_tag?post=800"}],"curies":[{"name":"wp","href":"https:\/\/api.w.org\/{rel}","templated":true}]}}