{"id":808,"date":"2024-10-23T02:39:21","date_gmt":"2024-10-23T02:39:21","guid":{"rendered":"https:\/\/chemgramx.com\/?post_type=product&#038;p=808"},"modified":"2026-05-02T19:14:46","modified_gmt":"2026-05-02T19:14:46","slug":"buy-2-fma-online","status":"publish","type":"product","link":"https:\/\/chemgramx.com\/fr\/produit\/buy-2-fma-online\/","title":{"rendered":"Acheter 2-FMA en ligne"},"content":{"rendered":"<h2 data-start=\"141\" data-end=\"221\">Achetez du 2-FMA en ligne \u2013 2-FMA (2-fluorom\u00e9thamph\u00e9tamine) de haute qualit\u00e9 pour la recherche<\/h2>\n<h3 data-start=\"223\" data-end=\"247\">Acheter 2-FMA en ligne<\/h3>\n<h3 data-start=\"249\" data-end=\"265\">invoering<\/h3>\n<p data-start=\"267\" data-end=\"694\">La 2-FMA (2-fluorom\u00e9thamph\u00e9tamine) est une substance synth\u00e9tique de la famille des ph\u00e9nyl\u00e9thylamines, structurellement proche de la m\u00e9thamph\u00e9tamine. Principalement utilis\u00e9e dans le domaine scientifique, elle s'est \u00e9galement impos\u00e9e dans le monde psychonautique. De nombreuses parties prenantes s'y int\u00e9ressent. <a href=\"https:\/\/chemgramx.com\/fr\/produit\/2-fma\/\">Achetez du 2-FMA en ligne<\/a>om de stof te analyseren of de effecten ervan te onderzoeken in het kader van verantwoord zelfexperiment.<\/p>\n<p data-start=\"696\" data-end=\"807\">Lors de la commande de 2-FMA sur Internet, il est essentiel de pr\u00eater attention \u00e0 la s\u00e9curit\u00e9, \u00e0 la qualit\u00e9 et \u00e0 la l\u00e9galit\u00e9.<\/p>\n<h3 data-start=\"809\" data-end=\"854\">Qu'est-ce que le 2-FMA (2-fluorom\u00e9thamph\u00e9tamine) ?<\/h3>\n<h4 data-start=\"856\" data-end=\"888\">Composition chimique<\/h4>\n<p data-start=\"890\" data-end=\"1174\"><a href=\"https:\/\/en.wikipedia.org\/wiki\/2-Fluoromethamphetamine\">2-FMA<\/a> est un d\u00e9riv\u00e9 fluor\u00e9 de la m\u00e9thamph\u00e9tamine dont la formule mol\u00e9culaire est C10H14FN. La fluoration en deuxi\u00e8me position modifie son effet pharmacologique par rapport \u00e0 des substances apparent\u00e9es comme la m\u00e9thamph\u00e9tamine ou le 2-FA. Son effet est consid\u00e9r\u00e9 comme l\u00e9ger, concentr\u00e9 et durable.<\/p>\n<h4 data-start=\"1176\" data-end=\"1208\">Utilisations courantes<\/h4>\n<ul data-start=\"1210\" data-end=\"1537\">\n<li data-start=\"1210\" data-end=\"1359\">\n<p data-start=\"1212\" data-end=\"1359\">Recherche : Le 2-FMA est utilis\u00e9 dans les \u00e9tudes neuropharmacologiques pour \u00e9tudier les effets sur les neurotransmetteurs tels que la dopamine et la noradr\u00e9naline.<\/p>\n<\/li>\n<li data-start=\"1360\" data-end=\"1537\">\n<p data-start=\"1362\" data-end=\"1537\">Exploration psychoactive : les utilisateurs signalent une concentration accrue, une \u00e9nergie accrue et une pens\u00e9e plus claire, avec une euphorie r\u00e9duite par rapport \u00e0 la m\u00e9thamph\u00e9tamine.<\/p>\n<\/li>\n<\/ul>\n<h3 data-start=\"1539\" data-end=\"1563\">Statut juridique<\/h3>\n<p data-start=\"1565\" data-end=\"1829\">En Allemagne, le 2-FMA est soumis \u00e0 la loi sur les nouvelles substances psychoactives (NpSG), qui interdit sa fabrication, son commerce et sa possession. La situation juridique varie d'un pays \u00e0 l'autre\u00a0; il est donc important de v\u00e9rifier la l\u00e9gislation locale en ligne avant d'acheter du 2-FMA.<\/p>\n<h3 data-start=\"1831\" data-end=\"1863\">Pourquoi acheter du 2-FMA en ligne ?<\/h3>\n<h4 data-start=\"1865\" data-end=\"1905\">Accessibilit\u00e9 et commodit\u00e9<\/h4>\n<p data-start=\"1907\" data-end=\"2133\">Le march\u00e9 en ligne permet de commander discr\u00e8tement et rapidement du 2-FMA. Les acheteurs ont acc\u00e8s \u00e0 des boutiques sp\u00e9cialis\u00e9es dans le monde entier, ce qui est particuli\u00e8rement pratique pour les laboratoires et la recherche scientifique.<\/p>\n<h4 data-start=\"2135\" data-end=\"2164\">S\u00e9lection de produits plus large<\/h4>\n<p data-start=\"2166\" data-end=\"2353\">Les boutiques en ligne proposent des produits de diff\u00e9rentes tailles, formes et niveaux de puret\u00e9. De nombreux fournisseurs proposent des prix de gros ou des offres sp\u00e9ciales, id\u00e9ales pour quiconque souhaite acheter du 2-FMA en ligne.<\/p>\n<h4 data-start=\"2355\" data-end=\"2394\">Risques et avantages potentiels<\/h4>\n<p data-start=\"2396\" data-end=\"2411\">Avantages :<\/p>\n<ul data-start=\"2412\" data-end=\"2532\">\n<li data-start=\"2412\" data-end=\"2444\">\n<p data-start=\"2414\" data-end=\"2444\">Disponibilit\u00e9 internationale<\/p>\n<\/li>\n<li data-start=\"2445\" data-end=\"2479\">\n<p data-start=\"2447\" data-end=\"2479\">Zugang zu gepr\u00fcften Substanzen<\/p>\n<\/li>\n<li data-start=\"2480\" data-end=\"2532\">\n<p data-start=\"2482\" data-end=\"2532\">Possibilit\u00e9 de comparer les prix (prix 2-FMA)<\/p>\n<\/li>\n<\/ul>\n<p data-start=\"2534\" data-end=\"2548\">Risques :<\/p>\n<ul data-start=\"2549\" data-end=\"2693\">\n<li data-start=\"2549\" data-end=\"2602\">\n<p data-start=\"2551\" data-end=\"2602\">Manque de contr\u00f4les de qualit\u00e9 dans les magasins douteux<\/p>\n<\/li>\n<li data-start=\"2603\" data-end=\"2648\">\n<p data-start=\"2605\" data-end=\"2648\">Importation ill\u00e9gale ou probl\u00e8mes juridiques<\/p>\n<\/li>\n<li data-start=\"2649\" data-end=\"2693\">\n<p data-start=\"2651\" data-end=\"2693\">Onjuiste etikettering of opslag<\/p>\n<\/li>\n<\/ul>\n<h4 data-start=\"2894\" data-end=\"2935\">Exp\u00e9riences et retours de la communaut\u00e9<\/h4>\n<p data-start=\"2937\" data-end=\"3116\">In Foren wie Reddit oder spezialisierten Substanzdatenbanken finden K\u00e4ufer echte Erfahrungsberichte zu Shops. Diese helfen, where to buy 2-FMA zuverl\u00e4ssig zu identifizieren.<\/p>\n<h4 data-start=\"3118\" data-end=\"3158\">Tests de laboratoire et preuve de puret\u00e9<\/h4>\n<p data-start=\"3160\" data-end=\"3356\">Les fournisseurs r\u00e9put\u00e9s fournissent un certificat d\u2019analyse (COA) \u00e0 jour qui confirme la puret\u00e9 et l\u2019identit\u00e9 de la substance \u2013 essentiel lorsque vous recherchez le meilleur endroit pour acheter du 2-FMA en ligne.<\/p>\n<h3 data-start=\"3358\" data-end=\"3400\">Consid\u00e9rations juridiques et \u00e9thiques<\/h3>\n<h4 data-start=\"3402\" data-end=\"3442\">Lois locales et internationales<\/h4>\n<p data-start=\"3444\" data-end=\"3638\">Ce n'est pas parce que vous pouvez acheter du 2-FMA en ligne que sa possession est l\u00e9gale dans votre pays. V\u00e9rifiez attentivement la l\u00e9gislation locale pour \u00e9viter d'\u00e9ventuelles poursuites judiciaires.<\/p>\n<h4 data-start=\"3640\" data-end=\"3672\">Responsabilit\u00e9 de l'acheteur<\/h4>\n<p data-start=\"3674\" data-end=\"3872\">Les acheteurs sont enti\u00e8rement responsables du stockage, de l'utilisation et du respect des lois. Une manipulation responsable et des consid\u00e9rations \u00e9thiques sont essentielles lors de l'achat de 2-FMA.<\/p>\n<h3 data-start=\"3874\" data-end=\"3885\">Conclusion<\/h3>\n<p data-start=\"3887\" data-end=\"4199\">La 2-FMA (2-fluorom\u00e9thamph\u00e9tamine) est un stimulant chimique de recherche au potentiel polyvalent. Pour commander ou acheter de la 2-FMA en ligne, il est conseill\u00e9 de privil\u00e9gier une qualit\u00e9 test\u00e9e, une s\u00e9curit\u00e9 juridique et des sources fiables afin de garantir une exp\u00e9rience d'achat s\u00fbre et fiable.<\/p>","protected":false},"excerpt":{"rendered":"<p><strong>2-FMA<\/strong>La 2-fluorom\u00e9thylamine est un compos\u00e9 synth\u00e9tique appartenant \u00e0 la classe des ph\u00e9n\u00e9thylamines. Elle pr\u00e9sente des caract\u00e9ristiques structurelles similaires \u00e0 celles des autres stimulants, mais elle est modifi\u00e9e par la fluoration en position 2 de la mol\u00e9cule. Cette modification chimique peut influencer le mode d'action et les propri\u00e9t\u00e9s de la substance.<\/p>\n<h3><strong>Formule et structure<\/strong><\/h3>\n<ul>\n<li><strong>Formule chimique<\/strong>C10H14FN<\/li>\n<li><strong>Poids mol\u00e9culaire<\/strong>167,22 g\/mol<\/li>\n<li><strong>Propri\u00e9t\u00e9s chimiques<\/strong>2-FMA diff\u00e8re structurellement et fonctionnellement des amph\u00e9tamines traditionnelles en raison de son groupe fluorom\u00e9thyle, ce qui influence sa stabilit\u00e9 et ses propri\u00e9t\u00e9s pharmacologiques.<\/li>\n<\/ul>\n<h3><strong>Dur\u00e9e et effets<\/strong><\/h3>\n<p>L'effet du 2-FMA dure en g\u00e9n\u00e9ral <strong>6 \u00e0 10 heures<\/strong> en fonction du dosage et de la tol\u00e9rance individuelle :<\/p>\n<ul>\n<li><strong>D\u00e9but de l'effet<\/strong>30 \u00e0 60 minutes.<\/li>\n<li><strong>Point culminant<\/strong>2 \u00e0 4 heures.<\/li>\n<li><strong>R\u00e9percussions<\/strong>: L\u00e9g\u00e8re diminution de la stimulation pendant 2 \u00e0 4 heures.<\/li>\n<\/ul>","protected":false},"featured_media":809,"comment_status":"open","ping_status":"closed","template":"","meta":{"_joinchat":[]},"product_brand":[],"product_cat":[48],"product_tag":[],"class_list":{"0":"post-808","1":"product","2":"type-product","3":"status-publish","4":"has-post-thumbnail","6":"product_cat-stimulants","8":"first","9":"instock","10":"shipping-taxable","11":"purchasable","12":"product-type-variable"},"yoast_head":"<!-- This site is optimized with the Yoast SEO plugin v27.5 - https:\/\/yoast.com\/product\/yoast-seo-wordpress\/ -->\n<title>2-FMA online Kaufen \u2013 2-FMA zum Verkauf | chemgramx<\/title>\n<meta name=\"description\" content=\"Sie k\u00f6nnen 2-fma online zu den besten Preisen in unserem Online-Shop kaufen. Wir haben g\u00fcnstiges und hochwertiges 2-fma zum Verkauf und bieten weltweiten Versand. Sie k\u00f6nnen jederzeit und \u00fcberall bestellen.\" \/>\n<meta name=\"robots\" content=\"index, follow, max-snippet:-1, max-image-preview:large, max-video-preview:-1\" \/>\n<link rel=\"canonical\" href=\"https:\/\/chemgramx.com\/fr\/produit\/buy-2-fma-online\/\" \/>\n<meta property=\"og:locale\" content=\"fr_FR\" \/>\n<meta property=\"og:type\" content=\"article\" \/>\n<meta property=\"og:title\" content=\"2-FMA online Kaufen \u2013 2-FMA zum Verkauf | chemgramx\" \/>\n<meta property=\"og:description\" content=\"Sie k\u00f6nnen 2-fma online zu den besten Preisen in unserem Online-Shop kaufen. Wir haben g\u00fcnstiges und hochwertiges 2-fma zum Verkauf und bieten weltweiten Versand. Sie k\u00f6nnen jederzeit und \u00fcberall bestellen.\" \/>\n<meta property=\"og:url\" content=\"https:\/\/chemgramx.com\/fr\/produit\/buy-2-fma-online\/\" \/>\n<meta property=\"og:site_name\" content=\"Chemgramx\" \/>\n<meta property=\"article:modified_time\" content=\"2026-05-02T19:14:46+00:00\" \/>\n<meta property=\"og:image\" content=\"https:\/\/chemgramx.com\/wp-content\/uploads\/2024\/10\/2-FMA.jpg\" \/>\n\t<meta property=\"og:image:width\" content=\"474\" \/>\n\t<meta property=\"og:image:height\" content=\"521\" \/>\n\t<meta property=\"og:image:type\" content=\"image\/jpeg\" \/>\n<meta name=\"twitter:card\" content=\"summary_large_image\" \/>\n<meta name=\"twitter:label1\" content=\"Dur\u00e9e de lecture estim\u00e9e\" \/>\n\t<meta name=\"twitter:data1\" content=\"3 minutes\" \/>\n<script type=\"application\/ld+json\" class=\"yoast-schema-graph\">{\"@context\":\"https:\\\/\\\/schema.org\",\"@graph\":[{\"@type\":\"WebPage\",\"@id\":\"https:\\\/\\\/chemgramx.com\\\/product\\\/buy-2-fma-online\\\/\",\"url\":\"https:\\\/\\\/chemgramx.com\\\/product\\\/buy-2-fma-online\\\/\",\"name\":\"2-FMA online Kaufen \u2013 2-FMA zum Verkauf | chemgramx\",\"isPartOf\":{\"@id\":\"https:\\\/\\\/chemgramx.com\\\/#website\"},\"primaryImageOfPage\":{\"@id\":\"https:\\\/\\\/chemgramx.com\\\/product\\\/buy-2-fma-online\\\/#primaryimage\"},\"image\":{\"@id\":\"https:\\\/\\\/chemgramx.com\\\/product\\\/buy-2-fma-online\\\/#primaryimage\"},\"thumbnailUrl\":\"https:\\\/\\\/chemgramx.com\\\/wp-content\\\/uploads\\\/2024\\\/10\\\/2-FMA.jpg\",\"datePublished\":\"2024-10-23T02:39:21+00:00\",\"dateModified\":\"2026-05-02T19:14:46+00:00\",\"description\":\"Sie k\u00f6nnen 2-fma online zu den besten Preisen in unserem Online-Shop kaufen. Wir haben g\u00fcnstiges und hochwertiges 2-fma zum Verkauf und bieten weltweiten Versand. Sie k\u00f6nnen jederzeit und \u00fcberall bestellen.\",\"breadcrumb\":{\"@id\":\"https:\\\/\\\/chemgramx.com\\\/product\\\/buy-2-fma-online\\\/#breadcrumb\"},\"inLanguage\":\"fr-FR\",\"potentialAction\":[{\"@type\":\"ReadAction\",\"target\":[\"https:\\\/\\\/chemgramx.com\\\/product\\\/buy-2-fma-online\\\/\"]}]},{\"@type\":\"ImageObject\",\"inLanguage\":\"fr-FR\",\"@id\":\"https:\\\/\\\/chemgramx.com\\\/product\\\/buy-2-fma-online\\\/#primaryimage\",\"url\":\"https:\\\/\\\/chemgramx.com\\\/wp-content\\\/uploads\\\/2024\\\/10\\\/2-FMA.jpg\",\"contentUrl\":\"https:\\\/\\\/chemgramx.com\\\/wp-content\\\/uploads\\\/2024\\\/10\\\/2-FMA.jpg\",\"width\":474,\"height\":521,\"caption\":\"2-FMA online Kaufen\"},{\"@type\":\"BreadcrumbList\",\"@id\":\"https:\\\/\\\/chemgramx.com\\\/product\\\/buy-2-fma-online\\\/#breadcrumb\",\"itemListElement\":[{\"@type\":\"ListItem\",\"position\":1,\"name\":\"Home\",\"item\":\"https:\\\/\\\/chemgramx.com\\\/\"},{\"@type\":\"ListItem\",\"position\":2,\"name\":\"Shop\",\"item\":\"https:\\\/\\\/chemgramx.com\\\/shop\\\/\"},{\"@type\":\"ListItem\",\"position\":3,\"name\":\"2-FMA Online Kaufen\"}]},{\"@type\":\"WebSite\",\"@id\":\"https:\\\/\\\/chemgramx.com\\\/#website\",\"url\":\"https:\\\/\\\/chemgramx.com\\\/\",\"name\":\"Chemgramx\",\"description\":\"\",\"publisher\":{\"@id\":\"https:\\\/\\\/chemgramx.com\\\/#organization\"},\"potentialAction\":[{\"@type\":\"SearchAction\",\"target\":{\"@type\":\"EntryPoint\",\"urlTemplate\":\"https:\\\/\\\/chemgramx.com\\\/?s={search_term_string}\"},\"query-input\":{\"@type\":\"PropertyValueSpecification\",\"valueRequired\":true,\"valueName\":\"search_term_string\"}}],\"inLanguage\":\"fr-FR\"},{\"@type\":\"Organization\",\"@id\":\"https:\\\/\\\/chemgramx.com\\\/#organization\",\"name\":\"Chemgramx\",\"url\":\"https:\\\/\\\/chemgramx.com\\\/\",\"logo\":{\"@type\":\"ImageObject\",\"inLanguage\":\"fr-FR\",\"@id\":\"https:\\\/\\\/chemgramx.com\\\/#\\\/schema\\\/logo\\\/image\\\/\",\"url\":\"https:\\\/\\\/chemgramx.com\\\/wp-content\\\/uploads\\\/2024\\\/10\\\/final-logo.png\",\"contentUrl\":\"https:\\\/\\\/chemgramx.com\\\/wp-content\\\/uploads\\\/2024\\\/10\\\/final-logo.png\",\"width\":250,\"height\":48,\"caption\":\"Chemgramx\"},\"image\":{\"@id\":\"https:\\\/\\\/chemgramx.com\\\/#\\\/schema\\\/logo\\\/image\\\/\"}}]}<\/script>\n<!-- \/ Yoast SEO plugin. -->","yoast_head_json":{"title":"Achetez du 2-FMA en ligne \u2013 2-FMA \u00e0 vendre | chemgramx","description":"Vous pouvez acheter du 2-FMA en ligne aux meilleurs prix sur notre boutique en ligne. Nous proposons du 2-FMA abordable et de haute qualit\u00e9, et la livraison est assur\u00e9e dans le monde entier. Commandez o\u00f9 et quand vous le souhaitez.","robots":{"index":"index","follow":"follow","max-snippet":"max-snippet:-1","max-image-preview":"max-image-preview:large","max-video-preview":"max-video-preview:-1"},"canonical":"https:\/\/chemgramx.com\/fr\/produit\/buy-2-fma-online\/","og_locale":"fr_FR","og_type":"article","og_title":"2-FMA online Kaufen \u2013 2-FMA zum Verkauf | chemgramx","og_description":"Sie k\u00f6nnen 2-fma online zu den besten Preisen in unserem Online-Shop kaufen. Wir haben g\u00fcnstiges und hochwertiges 2-fma zum Verkauf und bieten weltweiten Versand. Sie k\u00f6nnen jederzeit und \u00fcberall bestellen.","og_url":"https:\/\/chemgramx.com\/fr\/produit\/buy-2-fma-online\/","og_site_name":"Chemgramx","article_modified_time":"2026-05-02T19:14:46+00:00","og_image":[{"width":474,"height":521,"url":"https:\/\/chemgramx.com\/wp-content\/uploads\/2024\/10\/2-FMA.jpg","type":"image\/jpeg"}],"twitter_card":"summary_large_image","twitter_misc":{"Dur\u00e9e de lecture estim\u00e9e":"3 minutes"},"schema":{"@context":"https:\/\/schema.org","@graph":[{"@type":"WebPage","@id":"https:\/\/chemgramx.com\/product\/buy-2-fma-online\/","url":"https:\/\/chemgramx.com\/product\/buy-2-fma-online\/","name":"Achetez du 2-FMA en ligne \u2013 2-FMA \u00e0 vendre | chemgramx","isPartOf":{"@id":"https:\/\/chemgramx.com\/#website"},"primaryImageOfPage":{"@id":"https:\/\/chemgramx.com\/product\/buy-2-fma-online\/#primaryimage"},"image":{"@id":"https:\/\/chemgramx.com\/product\/buy-2-fma-online\/#primaryimage"},"thumbnailUrl":"https:\/\/chemgramx.com\/wp-content\/uploads\/2024\/10\/2-FMA.jpg","datePublished":"2024-10-23T02:39:21+00:00","dateModified":"2026-05-02T19:14:46+00:00","description":"Vous pouvez acheter du 2-FMA en ligne aux meilleurs prix sur notre boutique en ligne. Nous proposons du 2-FMA abordable et de haute qualit\u00e9, et la livraison est assur\u00e9e dans le monde entier. Commandez o\u00f9 et quand vous le souhaitez.","breadcrumb":{"@id":"https:\/\/chemgramx.com\/product\/buy-2-fma-online\/#breadcrumb"},"inLanguage":"fr-FR","potentialAction":[{"@type":"ReadAction","target":["https:\/\/chemgramx.com\/product\/buy-2-fma-online\/"]}]},{"@type":"ImageObject","inLanguage":"fr-FR","@id":"https:\/\/chemgramx.com\/product\/buy-2-fma-online\/#primaryimage","url":"https:\/\/chemgramx.com\/wp-content\/uploads\/2024\/10\/2-FMA.jpg","contentUrl":"https:\/\/chemgramx.com\/wp-content\/uploads\/2024\/10\/2-FMA.jpg","width":474,"height":521,"caption":"2-FMA online Kaufen"},{"@type":"BreadcrumbList","@id":"https:\/\/chemgramx.com\/product\/buy-2-fma-online\/#breadcrumb","itemListElement":[{"@type":"ListItem","position":1,"name":"Home","item":"https:\/\/chemgramx.com\/"},{"@type":"ListItem","position":2,"name":"Shop","item":"https:\/\/chemgramx.com\/shop\/"},{"@type":"ListItem","position":3,"name":"2-FMA Online Kaufen"}]},{"@type":"WebSite","@id":"https:\/\/chemgramx.com\/#website","url":"https:\/\/chemgramx.com\/","name":"Chemgramx","description":"","publisher":{"@id":"https:\/\/chemgramx.com\/#organization"},"potentialAction":[{"@type":"SearchAction","target":{"@type":"EntryPoint","urlTemplate":"https:\/\/chemgramx.com\/?s={search_term_string}"},"query-input":{"@type":"PropertyValueSpecification","valueRequired":true,"valueName":"search_term_string"}}],"inLanguage":"fr-FR"},{"@type":"Organization","@id":"https:\/\/chemgramx.com\/#organization","name":"Chemgramx","url":"https:\/\/chemgramx.com\/","logo":{"@type":"ImageObject","inLanguage":"fr-FR","@id":"https:\/\/chemgramx.com\/#\/schema\/logo\/image\/","url":"https:\/\/chemgramx.com\/wp-content\/uploads\/2024\/10\/final-logo.png","contentUrl":"https:\/\/chemgramx.com\/wp-content\/uploads\/2024\/10\/final-logo.png","width":250,"height":48,"caption":"Chemgramx"},"image":{"@id":"https:\/\/chemgramx.com\/#\/schema\/logo\/image\/"}}]}},"_links":{"self":[{"href":"https:\/\/chemgramx.com\/fr\/wp-json\/wp\/v2\/product\/808","targetHints":{"allow":["GET"]}}],"collection":[{"href":"https:\/\/chemgramx.com\/fr\/wp-json\/wp\/v2\/product"}],"about":[{"href":"https:\/\/chemgramx.com\/fr\/wp-json\/wp\/v2\/types\/product"}],"replies":[{"embeddable":true,"href":"https:\/\/chemgramx.com\/fr\/wp-json\/wp\/v2\/comments?post=808"}],"wp:featuredmedia":[{"embeddable":true,"href":"https:\/\/chemgramx.com\/fr\/wp-json\/wp\/v2\/media\/809"}],"wp:attachment":[{"href":"https:\/\/chemgramx.com\/fr\/wp-json\/wp\/v2\/media?parent=808"}],"wp:term":[{"taxonomy":"product_brand","embeddable":true,"href":"https:\/\/chemgramx.com\/fr\/wp-json\/wp\/v2\/product_brand?post=808"},{"taxonomy":"product_cat","embeddable":true,"href":"https:\/\/chemgramx.com\/fr\/wp-json\/wp\/v2\/product_cat?post=808"},{"taxonomy":"product_tag","embeddable":true,"href":"https:\/\/chemgramx.com\/fr\/wp-json\/wp\/v2\/product_tag?post=808"}],"curies":[{"name":"wp","href":"https:\/\/api.w.org\/{rel}","templated":true}]}}