{"id":817,"date":"2024-10-24T10:28:24","date_gmt":"2024-10-24T10:28:24","guid":{"rendered":"https:\/\/chemgramx.com\/?post_type=product&#038;p=817"},"modified":"2025-10-15T05:42:40","modified_gmt":"2025-10-15T05:42:40","slug":"4-bmc-4-brommethcathinon","status":"publish","type":"product","link":"https:\/\/chemgramx.com\/fr\/produit\/4-bmc-4-brommethcathinon\/","title":{"rendered":"Acheter 4-BMC (4-bromom\u00e9thcathinone) en ligne"},"content":{"rendered":"<h2 data-start=\"142\" data-end=\"219\">Achetez du 4-BMC en ligne \u2013 4-BMC (4-bromom\u00e9thcathinone) de haute qualit\u00e9 pour la recherche<\/h2>\n<h3 data-start=\"221\" data-end=\"267\">Acheter 4-BMC (4-bromom\u00e9thcathinone) en ligne<\/h3>\n<h3 data-start=\"269\" data-end=\"285\">Introduction<\/h3>\n<p data-start=\"287\" data-end=\"768\">La 4-BMC (4-bromom\u00e9thcathinone) est une cathinone synth\u00e9tique appartenant au groupe des psychotropes. Comme d'autres substances de cette classe, elle est souvent choisie par les consommateurs pour ses effets stimulants et euphorisants. De plus en plus de personnes la choisissent. <a href=\"https:\/\/chemgramx.com\/fr\/produit\/4-bmc-4-brommethcathinon\/\">acheter 4-BMC en ligne<\/a>Pour acc\u00e9der facilement \u00e0 des substances de haute qualit\u00e9 \u00e0 des fins de recherche ou d'analyse. Le march\u00e9 du 4-BMC est en pleine croissance\u00a0; il est donc important de pr\u00eater attention \u00e0 la s\u00e9curit\u00e9, \u00e0 la qualit\u00e9 et \u00e0 la fiabilit\u00e9 des fournisseurs.<\/p>\n<h3 data-start=\"770\" data-end=\"812\">Qu'est-ce que le 4-BMC (4-bromom\u00e9thcathinone) ?<\/h3>\n<p data-start=\"814\" data-end=\"1193\"><a href=\"https:\/\/en.wikipedia.org\/wiki\/4-Bromomethcathinone\">4-BMC<\/a> La 4-bromom\u00e9thcathinone est une cathinone synth\u00e9tique dont la structure est similaire \u00e0 celle de la m\u00e9ph\u00e9drone (4-MMC) et qui poss\u00e8de des propri\u00e9t\u00e9s psychoactives. Cette drogue dite de synth\u00e8se est utilis\u00e9e pour la recherche, les \u00e9tudes en laboratoire et l'exploration psychoactive. Toute personne souhaitant se procurer de la 4-BMC doit se conformer aux tests de laboratoire et \u00e0 la certification de qualit\u00e9 afin de garantir la s\u00e9curit\u00e9 du produit.<\/p>\n<h3 data-start=\"1195\" data-end=\"1226\">Composition chimique<\/h3>\n<p data-start=\"1228\" data-end=\"1481\">La formule chimique du 4-BMC est C10H13BrN. C'est un d\u00e9riv\u00e9 brom\u00e9 de la m\u00e9thcathinone, structurellement similaire \u00e0 d'autres cathinones comme la m\u00e9ph\u00e9drone ou la m\u00e9thamph\u00e9tamine. L'atome de brome en position 4 modifie ses effets et ses effets secondaires.<\/p>\n<h3 data-start=\"1483\" data-end=\"1508\">Applications courantes<\/h3>\n<ul data-start=\"1510\" data-end=\"1774\">\n<li data-start=\"1510\" data-end=\"1624\">\n<p data-start=\"1512\" data-end=\"1624\">Recherche : Le 4-BMC est \u00e9tudi\u00e9 en laboratoire pour \u00e9tudier ses effets sur le syst\u00e8me nerveux central.<\/p>\n<\/li>\n<li data-start=\"1625\" data-end=\"1774\">\n<p data-start=\"1627\" data-end=\"1774\">Exploration psychoactive : les utilisateurs ont recours \u00e0 l\u2019achat de 4-BMC en ligne pour ressentir des effets stimulants tels que l\u2019euphorie et une \u00e9nergie accrue.<\/p>\n<\/li>\n<\/ul>\n<h3 data-start=\"1776\" data-end=\"1800\">Statut juridique<\/h3>\n<p data-start=\"1802\" data-end=\"1997\">La l\u00e9galit\u00e9 de la vente de 4-BMC varie selon les pays. Avant tout achat, commandez uniquement du 4-BMC aupr\u00e8s de sources l\u00e9gales et fiables et assurez-vous du respect des lois locales.<\/p>\n<h3 data-start=\"1999\" data-end=\"2031\">Pourquoi acheter 4-BMC en ligne ?<\/h3>\n<p data-start=\"2033\" data-end=\"2083\">Acheter 4-BMC en ligne offre de nombreux avantages :<\/p>\n<ul data-start=\"2085\" data-end=\"2309\">\n<li data-start=\"2085\" data-end=\"2159\">\n<p data-start=\"2087\" data-end=\"2159\">Accessibilit\u00e9 : Achat facile depuis chez soi sans commerces de proximit\u00e9.<\/p>\n<\/li>\n<li data-start=\"2160\" data-end=\"2257\">\n<p data-start=\"2162\" data-end=\"2257\">Large choix : Diff\u00e9rentes tailles d'emballage, niveaux de puret\u00e9 et cat\u00e9gories de prix disponibles.<\/p>\n<\/li>\n<li data-start=\"2258\" data-end=\"2309\">\n<p data-start=\"2260\" data-end=\"2309\">Discr\u00e9tion : Exp\u00e9dition anonyme et rapide.<\/p>\n<\/li>\n<\/ul>\n<h3 data-start=\"2311\" data-end=\"2337\">Risques et avantages<\/h3>\n<p data-start=\"2339\" data-end=\"2354\"><strong data-start=\"2339\" data-end=\"2352\">Avantages :<\/strong><\/p>\n<ul data-start=\"2355\" data-end=\"2463\">\n<li data-start=\"2355\" data-end=\"2381\">\n<p data-start=\"2357\" data-end=\"2381\">Anonymat de l'acheteur<\/p>\n<\/li>\n<li data-start=\"2382\" data-end=\"2417\">\n<p data-start=\"2384\" data-end=\"2417\">Bequemlichkeit des Online-Shops<\/p>\n<\/li>\n<li data-start=\"2418\" data-end=\"2463\">\n<p data-start=\"2420\" data-end=\"2463\">Comparaison des prix et des niveaux de puret\u00e9<\/p>\n<\/li>\n<\/ul>\n<p data-start=\"2465\" data-end=\"2479\"><strong data-start=\"2465\" data-end=\"2477\">Risques :<\/strong><\/p>\n<ul data-start=\"2480\" data-end=\"2559\">\n<li data-start=\"2480\" data-end=\"2514\">\n<p data-start=\"2482\" data-end=\"2514\">Danger des produits de qualit\u00e9 inf\u00e9rieure<\/p>\n<\/li>\n<li data-start=\"2515\" data-end=\"2538\">\n<p data-start=\"2517\" data-end=\"2538\">Tests de laboratoire manquants<\/p>\n<\/li>\n<li data-start=\"2539\" data-end=\"2559\">\n<p data-start=\"2541\" data-end=\"2559\">Origine incertaine<\/p>\n<\/li>\n<\/ul>\n<h3 data-start=\"2561\" data-end=\"2621\">Comment trouver un fournisseur 4-BMC fiable ?<\/h3>\n<p data-start=\"2623\" data-end=\"2668\">Lorsque vous choisissez o\u00f9 acheter 4-BMC, faites attention \u00e0 :<\/p>\n<ul data-start=\"2670\" data-end=\"2844\">\n<li data-start=\"2670\" data-end=\"2706\">\n<p data-start=\"2672\" data-end=\"2706\">Certificats et tests de laboratoire (COA)<\/p>\n<\/li>\n<li data-start=\"2707\" data-end=\"2756\">\n<p data-start=\"2709\" data-end=\"2756\">Avis positifs des clients et des chercheurs<\/p>\n<\/li>\n<li data-start=\"2757\" data-end=\"2815\">\n<p data-start=\"2759\" data-end=\"2815\">Informations transparentes sur l'origine, la puret\u00e9 et l'exp\u00e9dition<\/p>\n<\/li>\n<li data-start=\"2816\" data-end=\"2844\">\n<p data-start=\"2818\" data-end=\"2844\">Options de paiement s\u00e9curis\u00e9es<\/p>\n<\/li>\n<\/ul>\n<h3 data-start=\"3013\" data-end=\"3055\">Consid\u00e9rations juridiques et \u00e9thiques<\/h3>\n<ul data-start=\"3057\" data-end=\"3259\">\n<li data-start=\"3057\" data-end=\"3138\">\n<p data-start=\"3059\" data-end=\"3138\">V\u00e9rifiez les lois locales et internationales avant d\u2019acheter 4-BMC en ligne.<\/p>\n<\/li>\n<li data-start=\"3139\" data-end=\"3203\">\n<p data-start=\"3141\" data-end=\"3203\">Utiliser la substance uniquement \u00e0 des fins de recherche.<\/p>\n<\/li>\n<li data-start=\"3204\" data-end=\"3259\">\n<p data-start=\"3206\" data-end=\"3259\">L\u2019utilisation responsable du 4-BMC est cruciale.<\/p>\n<\/li>\n<\/ul>\n<h3 data-start=\"3261\" data-end=\"3272\">Conclusion<\/h3>\n<p data-start=\"3274\" data-end=\"3537\">Acheter du 4-BMC en ligne offre de nombreux avantages, mais exige une attention particuli\u00e8re quant \u00e0 la qualit\u00e9, l'origine et la l\u00e9galit\u00e9. En recherchant et en s\u00e9lectionnant soigneusement des fournisseurs r\u00e9put\u00e9s, vous vous assurez de recevoir un produit s\u00fbr et l\u00e9gal.<\/p>","protected":false},"excerpt":{"rendered":"<p>4-BMC, oder 4-Bromomethcathinon, ist eine Forschungschemikalie aus der Cathinon-Familie. Es wird h\u00e4ufig in Neurowissenschaften und Pharmakologie verwendet, um die Wirkungen auf Neurotransmitter und Struktur-Wirkungs-Beziehungen (SAR) zu untersuchen. Durch die Bromgruppe in seiner chemischen Struktur unterscheidet sich 4-BMC von anderen Cathinonen und bietet einzigartige Eigenschaften f\u00fcr die Forschung.<\/p>\n<h3><strong>Formule et structure<\/strong><\/h3>\n<ul>\n<li><strong>Formule chimique<\/strong>: C10H12BrNO<\/li>\n<li><strong>Poids mol\u00e9culaire<\/strong>: 242,11 g\/mol<\/li>\n<li><strong>Propri\u00e9t\u00e9s chimiques<\/strong>: Die Bromgruppe an der 4. Position des Benzolrings ver\u00e4ndert die Bindungsaffinit\u00e4t und die pharmakologischen Eigenschaften von 4-BMC im Vergleich zu Methcathinon.<\/li>\n<\/ul>\n<h3><strong>Dur\u00e9e et effets<\/strong><\/h3>\n<p>Die Wirkung von 4-BMC h\u00e4lt in der Regel <strong>4 \u00e0 6 heures<\/strong> en fonction du dosage et des facteurs individuels :<\/p>\n<ul>\n<li><strong>D\u00e9but de l'effet<\/strong>20 \u00e0 40 minutes.<\/li>\n<li><strong>Point culminant<\/strong>1,5 \u00e0 3 heures.<\/li>\n<li><strong>R\u00e9percussions<\/strong>: Effets subtils qui s'estompent en 1 \u00e0 2 heures.<\/li>\n<\/ul>","protected":false},"featured_media":821,"comment_status":"open","ping_status":"closed","template":"","meta":{"_joinchat":[]},"product_brand":[],"product_cat":[48],"product_tag":[1415,1412,1422,1408,1421,1405,1406,1401,1398,1417,1419,1402,1413,1416,1400,1407,1418,1423,1399,1420,1403,1404,1414,1409,1411,1410],"class_list":{"0":"post-817","1":"product","2":"type-product","3":"status-publish","4":"has-post-thumbnail","6":"product_cat-stimulants","7":"product_tag-4-bmc-bestellen","8":"product_tag-4-bmc-bulk-bestellung","9":"product_tag-4-bmc-chemikalie","10":"product_tag-4-bmc-experimente","11":"product_tag-4-bmc-forschung","12":"product_tag-4-bmc-forschung-chemikalie","13":"product_tag-4-bmc-fur-neurowissenschaftliche-studien","14":"product_tag-4-bmc-groshandel","15":"product_tag-4-bmc-kaufen","16":"product_tag-4-bmc-labor","17":"product_tag-4-bmc-legal","18":"product_tag-4-bmc-lieferant","19":"product_tag-4-bmc-marktanalyse","20":"product_tag-4-bmc-online","21":"product_tag-4-bmc-online-bestellen","22":"product_tag-4-bmc-pharmazeutische-forschung","23":"product_tag-4-bmc-sicher","24":"product_tag-4-bmc-versand","25":"product_tag-4-bromomethcathinon-bestellen","26":"product_tag-4bmc-gunstig","27":"product_tag-forschung-chemikalien-4-bmc","28":"product_tag-hochwertige-4-bmc-kaufen","29":"product_tag-innovative-4-bmc-forschung","30":"product_tag-laborqualitat-4-bmc","31":"product_tag-legaler-4-bmc-anbieter","32":"product_tag-sicherer-4-bmc-versand","34":"first","35":"instock","36":"shipping-taxable","37":"purchasable","38":"product-type-variable"},"yoast_head":"<!-- This site is optimized with the Yoast SEO plugin v26.1.1 - https:\/\/yoast.com\/wordpress\/plugins\/seo\/ -->\n<title>4-BMC (4-Brommethcathinon) online kaufen \u2013 4-BMC zu verkaufen<\/title>\n<meta name=\"description\" content=\"Unser Gesch\u00e4ft hat 4-BMC (4-Brommethcathinon) in Topqualit\u00e4t zu verkaufen. Die Qualit\u00e4t unserer Produkte ist einfach unschlagbar. Wenn Sie es brauchen, kaufen Sie 4-BMC (4-Brommethcathinon) sofort online. Jetzt bestellen!\" \/>\n<meta name=\"robots\" content=\"index, follow, max-snippet:-1, max-image-preview:large, max-video-preview:-1\" \/>\n<link rel=\"canonical\" href=\"https:\/\/chemgramx.com\/fr\/produit\/4-bmc-4-brommethcathinon\/\" \/>\n<meta property=\"og:locale\" content=\"fr_FR\" \/>\n<meta property=\"og:type\" content=\"article\" \/>\n<meta property=\"og:title\" content=\"4-BMC (4-Brommethcathinon) online kaufen \u2013 4-BMC zu verkaufen\" \/>\n<meta property=\"og:description\" content=\"Unser Gesch\u00e4ft hat 4-BMC (4-Brommethcathinon) in Topqualit\u00e4t zu verkaufen. Die Qualit\u00e4t unserer Produkte ist einfach unschlagbar. Wenn Sie es brauchen, kaufen Sie 4-BMC (4-Brommethcathinon) sofort online. Jetzt bestellen!\" \/>\n<meta property=\"og:url\" content=\"https:\/\/chemgramx.com\/fr\/produit\/4-bmc-4-brommethcathinon\/\" \/>\n<meta property=\"og:site_name\" content=\"Chemgramx\" \/>\n<meta property=\"article:modified_time\" content=\"2025-10-15T05:42:40+00:00\" \/>\n<meta property=\"og:image\" content=\"https:\/\/chemgramx.com\/wp-content\/uploads\/2024\/10\/4-BMC-4-Bromomethcathinon.jpg\" \/>\n\t<meta property=\"og:image:width\" content=\"300\" \/>\n\t<meta property=\"og:image:height\" content=\"300\" \/>\n\t<meta property=\"og:image:type\" content=\"image\/jpeg\" \/>\n<meta name=\"twitter:card\" content=\"summary_large_image\" \/>\n<meta name=\"twitter:label1\" content=\"Dur\u00e9e de lecture estim\u00e9e\" \/>\n\t<meta name=\"twitter:data1\" content=\"2 minutes\" \/>\n<script type=\"application\/ld+json\" class=\"yoast-schema-graph\">{\"@context\":\"https:\/\/schema.org\",\"@graph\":[{\"@type\":\"WebPage\",\"@id\":\"https:\/\/chemgramx.com\/product\/4-bmc-4-brommethcathinon\/\",\"url\":\"https:\/\/chemgramx.com\/product\/4-bmc-4-brommethcathinon\/\",\"name\":\"4-BMC (4-Brommethcathinon) online kaufen \u2013 4-BMC zu verkaufen\",\"isPartOf\":{\"@id\":\"https:\/\/chemgramx.com\/#website\"},\"primaryImageOfPage\":{\"@id\":\"https:\/\/chemgramx.com\/product\/4-bmc-4-brommethcathinon\/#primaryimage\"},\"image\":{\"@id\":\"https:\/\/chemgramx.com\/product\/4-bmc-4-brommethcathinon\/#primaryimage\"},\"thumbnailUrl\":\"https:\/\/chemgramx.com\/wp-content\/uploads\/2024\/10\/4-BMC-4-Bromomethcathinon.jpg\",\"datePublished\":\"2024-10-24T10:28:24+00:00\",\"dateModified\":\"2025-10-15T05:42:40+00:00\",\"description\":\"Unser Gesch\u00e4ft hat 4-BMC (4-Brommethcathinon) in Topqualit\u00e4t zu verkaufen. Die Qualit\u00e4t unserer Produkte ist einfach unschlagbar. Wenn Sie es brauchen, kaufen Sie 4-BMC (4-Brommethcathinon) sofort online. Jetzt bestellen!\",\"breadcrumb\":{\"@id\":\"https:\/\/chemgramx.com\/product\/4-bmc-4-brommethcathinon\/#breadcrumb\"},\"inLanguage\":\"fr-FR\",\"potentialAction\":[{\"@type\":\"ReadAction\",\"target\":[\"https:\/\/chemgramx.com\/product\/4-bmc-4-brommethcathinon\/\"]}]},{\"@type\":\"ImageObject\",\"inLanguage\":\"fr-FR\",\"@id\":\"https:\/\/chemgramx.com\/product\/4-bmc-4-brommethcathinon\/#primaryimage\",\"url\":\"https:\/\/chemgramx.com\/wp-content\/uploads\/2024\/10\/4-BMC-4-Bromomethcathinon.jpg\",\"contentUrl\":\"https:\/\/chemgramx.com\/wp-content\/uploads\/2024\/10\/4-BMC-4-Bromomethcathinon.jpg\",\"width\":300,\"height\":300,\"caption\":\"4-BMC (4-Brommethcathinon) online kaufen\"},{\"@type\":\"BreadcrumbList\",\"@id\":\"https:\/\/chemgramx.com\/product\/4-bmc-4-brommethcathinon\/#breadcrumb\",\"itemListElement\":[{\"@type\":\"ListItem\",\"position\":1,\"name\":\"Home\",\"item\":\"https:\/\/chemgramx.com\/\"},{\"@type\":\"ListItem\",\"position\":2,\"name\":\"Shop\",\"item\":\"https:\/\/chemgramx.com\/shop\/\"},{\"@type\":\"ListItem\",\"position\":3,\"name\":\"4-BMC (4-Bromomethcathinon) online kaufen\"}]},{\"@type\":\"WebSite\",\"@id\":\"https:\/\/chemgramx.com\/#website\",\"url\":\"https:\/\/chemgramx.com\/\",\"name\":\"Chemgramx\",\"description\":\"\",\"publisher\":{\"@id\":\"https:\/\/chemgramx.com\/#organization\"},\"potentialAction\":[{\"@type\":\"SearchAction\",\"target\":{\"@type\":\"EntryPoint\",\"urlTemplate\":\"https:\/\/chemgramx.com\/?s={search_term_string}\"},\"query-input\":{\"@type\":\"PropertyValueSpecification\",\"valueRequired\":true,\"valueName\":\"search_term_string\"}}],\"inLanguage\":\"fr-FR\"},{\"@type\":\"Organization\",\"@id\":\"https:\/\/chemgramx.com\/#organization\",\"name\":\"Chemgramx\",\"url\":\"https:\/\/chemgramx.com\/\",\"logo\":{\"@type\":\"ImageObject\",\"inLanguage\":\"fr-FR\",\"@id\":\"https:\/\/chemgramx.com\/#\/schema\/logo\/image\/\",\"url\":\"https:\/\/chemgramx.com\/wp-content\/uploads\/2024\/10\/final-logo.png\",\"contentUrl\":\"https:\/\/chemgramx.com\/wp-content\/uploads\/2024\/10\/final-logo.png\",\"width\":250,\"height\":48,\"caption\":\"Chemgramx\"},\"image\":{\"@id\":\"https:\/\/chemgramx.com\/#\/schema\/logo\/image\/\"}}]}<\/script>\n<!-- \/ Yoast SEO plugin. -->","yoast_head_json":{"title":"Achetez du 4-BMC (4-bromom\u00e9thcathinone) en ligne\u00a0\u2013 4-BMC \u00e0 vendre","description":"Notre magasin vend du 4-BMC (4-bromom\u00e9thcathinone) de qualit\u00e9 sup\u00e9rieure. La qualit\u00e9 de nos produits est tout simplement imbattable. Si vous en avez besoin, achetez du 4-BMC (4-bromom\u00e9thcathinone) en ligne d\u00e8s maintenant. Commandez d\u00e8s maintenant\u00a0!","robots":{"index":"index","follow":"follow","max-snippet":"max-snippet:-1","max-image-preview":"max-image-preview:large","max-video-preview":"max-video-preview:-1"},"canonical":"https:\/\/chemgramx.com\/fr\/produit\/4-bmc-4-brommethcathinon\/","og_locale":"fr_FR","og_type":"article","og_title":"4-BMC (4-Brommethcathinon) online kaufen \u2013 4-BMC zu verkaufen","og_description":"Unser Gesch\u00e4ft hat 4-BMC (4-Brommethcathinon) in Topqualit\u00e4t zu verkaufen. Die Qualit\u00e4t unserer Produkte ist einfach unschlagbar. Wenn Sie es brauchen, kaufen Sie 4-BMC (4-Brommethcathinon) sofort online. Jetzt bestellen!","og_url":"https:\/\/chemgramx.com\/fr\/produit\/4-bmc-4-brommethcathinon\/","og_site_name":"Chemgramx","article_modified_time":"2025-10-15T05:42:40+00:00","og_image":[{"width":300,"height":300,"url":"https:\/\/chemgramx.com\/wp-content\/uploads\/2024\/10\/4-BMC-4-Bromomethcathinon.jpg","type":"image\/jpeg"}],"twitter_card":"summary_large_image","twitter_misc":{"Dur\u00e9e de lecture estim\u00e9e":"2 minutes"},"schema":{"@context":"https:\/\/schema.org","@graph":[{"@type":"WebPage","@id":"https:\/\/chemgramx.com\/product\/4-bmc-4-brommethcathinon\/","url":"https:\/\/chemgramx.com\/product\/4-bmc-4-brommethcathinon\/","name":"Achetez du 4-BMC (4-bromom\u00e9thcathinone) en ligne\u00a0\u2013 4-BMC \u00e0 vendre","isPartOf":{"@id":"https:\/\/chemgramx.com\/#website"},"primaryImageOfPage":{"@id":"https:\/\/chemgramx.com\/product\/4-bmc-4-brommethcathinon\/#primaryimage"},"image":{"@id":"https:\/\/chemgramx.com\/product\/4-bmc-4-brommethcathinon\/#primaryimage"},"thumbnailUrl":"https:\/\/chemgramx.com\/wp-content\/uploads\/2024\/10\/4-BMC-4-Bromomethcathinon.jpg","datePublished":"2024-10-24T10:28:24+00:00","dateModified":"2025-10-15T05:42:40+00:00","description":"Notre magasin vend du 4-BMC (4-bromom\u00e9thcathinone) de qualit\u00e9 sup\u00e9rieure. La qualit\u00e9 de nos produits est tout simplement imbattable. Si vous en avez besoin, achetez du 4-BMC (4-bromom\u00e9thcathinone) en ligne d\u00e8s maintenant. Commandez d\u00e8s maintenant\u00a0!","breadcrumb":{"@id":"https:\/\/chemgramx.com\/product\/4-bmc-4-brommethcathinon\/#breadcrumb"},"inLanguage":"fr-FR","potentialAction":[{"@type":"ReadAction","target":["https:\/\/chemgramx.com\/product\/4-bmc-4-brommethcathinon\/"]}]},{"@type":"ImageObject","inLanguage":"fr-FR","@id":"https:\/\/chemgramx.com\/product\/4-bmc-4-brommethcathinon\/#primaryimage","url":"https:\/\/chemgramx.com\/wp-content\/uploads\/2024\/10\/4-BMC-4-Bromomethcathinon.jpg","contentUrl":"https:\/\/chemgramx.com\/wp-content\/uploads\/2024\/10\/4-BMC-4-Bromomethcathinon.jpg","width":300,"height":300,"caption":"4-BMC (4-Brommethcathinon) online kaufen"},{"@type":"BreadcrumbList","@id":"https:\/\/chemgramx.com\/product\/4-bmc-4-brommethcathinon\/#breadcrumb","itemListElement":[{"@type":"ListItem","position":1,"name":"Home","item":"https:\/\/chemgramx.com\/"},{"@type":"ListItem","position":2,"name":"Shop","item":"https:\/\/chemgramx.com\/shop\/"},{"@type":"ListItem","position":3,"name":"4-BMC (4-Bromomethcathinon) online kaufen"}]},{"@type":"WebSite","@id":"https:\/\/chemgramx.com\/#website","url":"https:\/\/chemgramx.com\/","name":"Chemgramx","description":"","publisher":{"@id":"https:\/\/chemgramx.com\/#organization"},"potentialAction":[{"@type":"SearchAction","target":{"@type":"EntryPoint","urlTemplate":"https:\/\/chemgramx.com\/?s={search_term_string}"},"query-input":{"@type":"PropertyValueSpecification","valueRequired":true,"valueName":"search_term_string"}}],"inLanguage":"fr-FR"},{"@type":"Organization","@id":"https:\/\/chemgramx.com\/#organization","name":"Chemgramx","url":"https:\/\/chemgramx.com\/","logo":{"@type":"ImageObject","inLanguage":"fr-FR","@id":"https:\/\/chemgramx.com\/#\/schema\/logo\/image\/","url":"https:\/\/chemgramx.com\/wp-content\/uploads\/2024\/10\/final-logo.png","contentUrl":"https:\/\/chemgramx.com\/wp-content\/uploads\/2024\/10\/final-logo.png","width":250,"height":48,"caption":"Chemgramx"},"image":{"@id":"https:\/\/chemgramx.com\/#\/schema\/logo\/image\/"}}]}},"_links":{"self":[{"href":"https:\/\/chemgramx.com\/fr\/wp-json\/wp\/v2\/product\/817","targetHints":{"allow":["GET"]}}],"collection":[{"href":"https:\/\/chemgramx.com\/fr\/wp-json\/wp\/v2\/product"}],"about":[{"href":"https:\/\/chemgramx.com\/fr\/wp-json\/wp\/v2\/types\/product"}],"replies":[{"embeddable":true,"href":"https:\/\/chemgramx.com\/fr\/wp-json\/wp\/v2\/comments?post=817"}],"wp:featuredmedia":[{"embeddable":true,"href":"https:\/\/chemgramx.com\/fr\/wp-json\/wp\/v2\/media\/821"}],"wp:attachment":[{"href":"https:\/\/chemgramx.com\/fr\/wp-json\/wp\/v2\/media?parent=817"}],"wp:term":[{"taxonomy":"product_brand","embeddable":true,"href":"https:\/\/chemgramx.com\/fr\/wp-json\/wp\/v2\/product_brand?post=817"},{"taxonomy":"product_cat","embeddable":true,"href":"https:\/\/chemgramx.com\/fr\/wp-json\/wp\/v2\/product_cat?post=817"},{"taxonomy":"product_tag","embeddable":true,"href":"https:\/\/chemgramx.com\/fr\/wp-json\/wp\/v2\/product_tag?post=817"}],"curies":[{"name":"wp","href":"https:\/\/api.w.org\/{rel}","templated":true}]}}