{"id":818,"date":"2024-10-24T10:01:30","date_gmt":"2024-10-24T10:01:30","guid":{"rendered":"https:\/\/chemgramx.com\/?post_type=product&#038;p=818"},"modified":"2025-10-15T07:42:12","modified_gmt":"2025-10-15T07:42:12","slug":"4-fa-4-fluoramphetamin","status":"publish","type":"product","link":"https:\/\/chemgramx.com\/fr\/produit\/4-fa-4-fluoramphetamin\/","title":{"rendered":"Acheter 4-FA (4-fluoroamph\u00e9tamine) en ligne"},"content":{"rendered":"<h2 data-start=\"156\" data-end=\"231\">Achetez du 4-FA en ligne \u2013 4-FA (4-fluoroamph\u00e9tamine) de haute qualit\u00e9 pour la recherche<\/h2>\n<h3 data-start=\"233\" data-end=\"278\">Acheter 4-FA (4-fluoroamph\u00e9tamine) en ligne<\/h3>\n<h3 data-start=\"280\" data-end=\"296\">Introduction<\/h3>\n<p data-start=\"298\" data-end=\"715\">4-FA (<a href=\"https:\/\/en.wikipedia.org\/wiki\/4-Fluoroamphetamine\">4-fluoroamph\u00e9tamine<\/a>) est un stimulant psychoactif synth\u00e9tique de la famille des amph\u00e9tamines. Initialement d\u00e9velopp\u00e9 comme substance de recherche, il est \u00e9galement appr\u00e9ci\u00e9 des amateurs de psychotropes. Les acheteurs de 4-FA en ligne recherchent souvent une substance aux propri\u00e9t\u00e9s stimulantes et empathog\u00e8nes, similaire \u00e0 la MDMA, mais poss\u00e9dant ses propres caract\u00e9ristiques d'action.<\/p>\n<p data-start=\"717\" data-end=\"916\">L'achat en ligne de <a href=\"https:\/\/chemgramx.com\/fr\/produit\/4-fa-4-fluoramphetamin\/\">4-FA \u00e0 vendre<\/a> offre des avantages tels qu'une s\u00e9lection de produits plus large et une disponibilit\u00e9 mondiale. Cependant, il est crucial de choisir un fournisseur fiable.<\/p>\n<h3 data-start=\"918\" data-end=\"959\">Was ist 4-FA (4-Fluoroamphetamine)?<\/h3>\n<p data-start=\"961\" data-end=\"1329\">Le 4-FA est une amph\u00e9tamine synth\u00e9tique, chimiquement apparent\u00e9e \u00e0 la MDMA et \u00e0 la m\u00e9thylamph\u00e9tamine. La substitution 4-fluoro lui conf\u00e8re des propri\u00e9t\u00e9s stimulantes et empathog\u00e8nes uniques. Les personnes qui commandent du 4-FA ou l'ach\u00e8tent en ligne b\u00e9n\u00e9ficient de ses effets psychoactifs, procurant une exp\u00e9rience \u00e0 la fois stimulante et sociale.<\/p>\n<h3 data-start=\"1331\" data-end=\"1362\">Composition chimique<\/h3>\n<p data-start=\"1364\" data-end=\"1587\">La formule chimique du 4-FA est C10H14FN. Il appartient \u00e0 la classe des ph\u00e9nyl\u00e9thylamines et poss\u00e8de un atome de fluor caract\u00e9ristique en position 4 du cycle benz\u00e9nique, ce qui le distingue des autres amph\u00e9tamines.<\/p>\n<h3 data-start=\"1589\" data-end=\"1614\">Applications courantes<\/h3>\n<ul data-start=\"1616\" data-end=\"1926\">\n<li data-start=\"1616\" data-end=\"1768\">\n<p data-start=\"1618\" data-end=\"1768\">Recherche : Le 4-FA est utilis\u00e9 dans des \u00e9tudes scientifiques pour \u00e9tudier les effets des fluoramph\u00e9tamines sur le syst\u00e8me nerveux central.<\/p>\n<\/li>\n<li data-start=\"1769\" data-end=\"1926\">\n<p data-start=\"1771\" data-end=\"1926\">Psychoaktive Exploration: Nutzer berichten, dass 4-FA online kaufen ein ausgewogenes Verh\u00e4ltnis von stimulierenden und empathogenen Effekten bietet.<\/p>\n<\/li>\n<\/ul>\n<h3 data-start=\"1928\" data-end=\"1952\">Statut juridique<\/h3>\n<p data-start=\"1954\" data-end=\"2181\">In vielen L\u00e4ndern ist 4-FA zu verkaufen als Forschungschemikalie zugelassen, w\u00e4hrend es in anderen Staaten dem Verbot unterliegt. Bevor Sie buy 4-FA online, pr\u00fcfen Sie unbedingt die gesetzlichen Bestimmungen Ihres Landes.<\/p>\n<h3 data-start=\"2183\" data-end=\"2214\">Pourquoi acheter 4-FA en ligne ?<\/h3>\n<p data-start=\"2216\" data-end=\"2357\">L'achat de 4-FA en ligne offre des avantages tels qu'un plus grand choix de produits, une meilleure disponibilit\u00e9 et des options de commande pratiques :<\/p>\n<h4 data-start=\"2359\" data-end=\"2399\">Accessibilit\u00e9 et commodit\u00e9<\/h4>\n<p data-start=\"2401\" data-end=\"2606\">Dans de nombreux pays, le 4-FA est autoris\u00e9 \u00e0 la vente comme produit chimique de recherche, tandis que dans d'autres, il est interdit. Avant d'acheter du 4-FA en ligne, v\u00e9rifiez la r\u00e9glementation en vigueur dans votre pays.<\/p>\n<h4 data-start=\"2608\" data-end=\"2637\">S\u00e9lection de produits plus large<\/h4>\n<p data-start=\"2639\" data-end=\"2852\">Les boutiques en ligne proposent une vari\u00e9t\u00e9 de produits 4-FA, avec diff\u00e9rents niveaux de puret\u00e9 et formats d'emballage. Les consommateurs peuvent comparer les fournisseurs pour \u00e9valuer au mieux le prix et la qualit\u00e9 des 4-FA.<\/p>\n<h4 data-start=\"2854\" data-end=\"2881\">Risques et avantages<\/h4>\n<p data-start=\"2883\" data-end=\"3092\">Avantages : Large gamme, disponibilit\u00e9 facile et livraison discr\u00e8te.<br data-start=\"2962\" data-end=\"2965\" \/>Risques : Produits non conformes ou contrefaits, certificats de puret\u00e9 manquants, restrictions l\u00e9gales selon les pays.<\/p>\n<h3 data-start=\"3094\" data-end=\"3153\">Comment trouver un fournisseur 4-FA fiable ?<\/h3>\n<p data-start=\"3155\" data-end=\"3224\">Lorsque vous choisissez o\u00f9 acheter du 4-FA, vous devez pr\u00eater attention aux aspects suivants :<\/p>\n<ul data-start=\"3226\" data-end=\"3421\">\n<li data-start=\"3226\" data-end=\"3285\">\n<p data-start=\"3228\" data-end=\"3285\">Tests de laboratoire et certificats (COA) pour l'assurance qualit\u00e9<\/p>\n<\/li>\n<li data-start=\"3286\" data-end=\"3333\">\n<p data-start=\"3288\" data-end=\"3333\">Avis positifs et retours de la communaut\u00e9<\/p>\n<\/li>\n<li data-start=\"3334\" data-end=\"3392\">\n<p data-start=\"3336\" data-end=\"3392\">Informations transparentes sur la puret\u00e9, l'origine et l'exp\u00e9dition<\/p>\n<\/li>\n<li data-start=\"3393\" data-end=\"3421\">\n<p data-start=\"3395\" data-end=\"3421\">M\u00e9thodes de paiement s\u00e9curis\u00e9es<\/p>\n<\/li>\n<\/ul>\n<h4 data-start=\"3423\" data-end=\"3452\">\u00c9vitez les signaux d'alarme<\/h4>\n<ul data-start=\"3454\" data-end=\"3602\">\n<li data-start=\"3454\" data-end=\"3497\">\n<p data-start=\"3456\" data-end=\"3497\">Extrem niedrige Preise ohne Zertifikate<\/p>\n<\/li>\n<li data-start=\"3498\" data-end=\"3550\">\n<p data-start=\"3500\" data-end=\"3550\">Informations manquantes sur le produit ou rapports de laboratoire<\/p>\n<\/li>\n<li data-start=\"3551\" data-end=\"3602\">\n<p data-start=\"3553\" data-end=\"3602\">Manque de transparence dans les informations des fournisseurs<\/p>\n<\/li>\n<\/ul>\n<h3 data-start=\"3604\" data-end=\"3646\">Consid\u00e9rations juridiques et \u00e9thiques<\/h3>\n<p data-start=\"3648\" data-end=\"3816\">Avant de commander un 4-FA, renseignez-vous sur les lois locales et internationales. Une utilisation responsable du 4-FA est essentielle pour \u00e9viter les probl\u00e8mes juridiques.<\/p>\n<h3 data-start=\"3818\" data-end=\"3829\">Conclusion<\/h3>\n<p data-start=\"3831\" data-end=\"4225\">Le 4-FA est une substance psychoactive populaire aux effets stimulants et empathog\u00e8nes. Acheter du 4-FA en ligne peut \u00eatre pratique et efficace, mais n\u00e9cessite de s\u00e9lectionner soigneusement un fournisseur fiable. Soyez attentif \u00e0 la qualit\u00e9, \u00e0 la puret\u00e9, \u00e0 la s\u00e9curit\u00e9 et \u00e0 la conformit\u00e9 r\u00e9glementaire pour garantir une exp\u00e9rience d'achat s\u00fbre et satisfaisante.<\/p>","protected":false},"excerpt":{"rendered":"<p>4-FA, oder 4-Fluoroamphetamin, ist eine synthetische Verbindung, die mit Amphetaminen verwandt ist. Sie ist bekannt f\u00fcr ihre stimulierenden und empathogenen Wirkungen, \u00e4hnlich wie Substanzen wie MDMA und Amphetamin. Nutzer berichten h\u00e4ufig von Gef\u00fchlen der Euphorie, erh\u00f6hter Geselligkeit und verst\u00e4rkter sensorischer Wahrnehmung.<\/p>\n<p>Num\u00e9ro de CAS : <strong>457-50-1<\/strong><br \/>\nFormule chimique : <strong>C9H12FN<\/strong><\/p>\n<p><strong>Propri\u00e9t\u00e9s chimiques<\/strong>: Die Fluorgruppe an der 4. Position des Benzolrings beeinflusst die pharmakologische Aktivit\u00e4t und die Bindung an Rezeptoren, wodurch 4-FA sich von anderen Amphetaminen unterscheidet.<\/p>\n<h3><strong>Dur\u00e9e et effets<\/strong><\/h3>\n<p>Die Wirkung von 4-FA h\u00e4lt typischerweise <strong>6 \u00e0 10 heures<\/strong> en fonction du dosage et des facteurs individuels :<\/p>\n<ul>\n<li><strong>D\u00e9but de l'effet<\/strong>30 \u00e0 60 minutes.<\/li>\n<li><strong>Point culminant<\/strong>2 \u00e0 4 heures.<\/li>\n<li><strong>R\u00e9percussions<\/strong>: Effets subtils qui s'estompent sur 2 \u00e0 4 heures.<\/li>\n<\/ul>","protected":false},"featured_media":820,"comment_status":"open","ping_status":"closed","template":"","meta":{"_joinchat":[]},"product_brand":[],"product_cat":[48],"product_tag":[1501,1498,1508,1494,1507,1491,1492,1487,1484,1503,1505,1488,1499,1502,1486,1493,1504,1509,1485,1506,1489,1490,1500,1495,1497,1496],"class_list":{"0":"post-818","1":"product","2":"type-product","3":"status-publish","4":"has-post-thumbnail","6":"product_cat-stimulants","7":"product_tag-4-fa-bestellen","8":"product_tag-4-fa-bulk-bestellung","9":"product_tag-4-fa-chemikalie","10":"product_tag-4-fa-experimente","11":"product_tag-4-fa-forschung","12":"product_tag-4-fa-forschung-chemikalie","13":"product_tag-4-fa-fur-neurowissenschaftliche-studien","14":"product_tag-4-fa-groshandel","15":"product_tag-4-fa-kaufen","16":"product_tag-4-fa-labor","17":"product_tag-4-fa-legal","18":"product_tag-4-fa-lieferant","19":"product_tag-4-fa-marktanalyse","20":"product_tag-4-fa-online","21":"product_tag-4-fa-online-bestellen","22":"product_tag-4-fa-pharmazeutische-forschung","23":"product_tag-4-fa-sicher","24":"product_tag-4-fa-versand","25":"product_tag-4-fluoroamphetamine-bestellen","26":"product_tag-4fa-gunstig","27":"product_tag-forschung-chemikalien-4-fa","28":"product_tag-hochwertige-4-fa-kaufen","29":"product_tag-innovative-4-fa-forschung","30":"product_tag-laborqualitat-4-fa","31":"product_tag-legaler-4-fa-anbieter","32":"product_tag-sicherer-4-fa-versand","34":"first","35":"instock","36":"shipping-taxable","37":"purchasable","38":"product-type-variable"},"yoast_head":"<!-- This site is optimized with the Yoast SEO plugin v26.1.1 - https:\/\/yoast.com\/wordpress\/plugins\/seo\/ -->\n<title>4-FA (4-Fluoramphetamin) zu verkaufen \u2013 4-FA online kaufen<\/title>\n<meta name=\"description\" content=\"Sie k\u00f6nnen jetzt 4-fa (4-Fluoramphetamin) in unserem Top-Chemgramx-Shop kaufen. Unsere Mitarbeiter helfen Ihnen, 4-fa (4-Fluoramphetamin) online zu den besten Preisen zu kaufen. Bestellen Sie 4-fa (4-Fluoramphetamin) noch heute online mit weltweitem Versand!\" \/>\n<meta name=\"robots\" content=\"index, follow, max-snippet:-1, max-image-preview:large, max-video-preview:-1\" \/>\n<link rel=\"canonical\" href=\"https:\/\/chemgramx.com\/fr\/produit\/4-fa-4-fluoramphetamin\/\" \/>\n<meta property=\"og:locale\" content=\"fr_FR\" \/>\n<meta property=\"og:type\" content=\"article\" \/>\n<meta property=\"og:title\" content=\"4-FA (4-Fluoramphetamin) zu verkaufen \u2013 4-FA online kaufen\" \/>\n<meta property=\"og:description\" content=\"Sie k\u00f6nnen jetzt 4-fa (4-Fluoramphetamin) in unserem Top-Chemgramx-Shop kaufen. Unsere Mitarbeiter helfen Ihnen, 4-fa (4-Fluoramphetamin) online zu den besten Preisen zu kaufen. Bestellen Sie 4-fa (4-Fluoramphetamin) noch heute online mit weltweitem Versand!\" \/>\n<meta property=\"og:url\" content=\"https:\/\/chemgramx.com\/fr\/produit\/4-fa-4-fluoramphetamin\/\" \/>\n<meta property=\"og:site_name\" content=\"Chemgramx\" \/>\n<meta property=\"article:modified_time\" content=\"2025-10-15T07:42:12+00:00\" \/>\n<meta property=\"og:image\" content=\"https:\/\/chemgramx.com\/wp-content\/uploads\/2024\/10\/4-FA-4-Fluoroamphetamine-Online.webp\" \/>\n\t<meta property=\"og:image:width\" content=\"500\" \/>\n\t<meta property=\"og:image:height\" content=\"400\" \/>\n\t<meta property=\"og:image:type\" content=\"image\/webp\" \/>\n<meta name=\"twitter:card\" content=\"summary_large_image\" \/>\n<meta name=\"twitter:label1\" content=\"Dur\u00e9e de lecture estim\u00e9e\" \/>\n\t<meta name=\"twitter:data1\" content=\"3 minutes\" \/>\n<script type=\"application\/ld+json\" class=\"yoast-schema-graph\">{\"@context\":\"https:\/\/schema.org\",\"@graph\":[{\"@type\":\"WebPage\",\"@id\":\"https:\/\/chemgramx.com\/product\/4-fa-4-fluoramphetamin\/\",\"url\":\"https:\/\/chemgramx.com\/product\/4-fa-4-fluoramphetamin\/\",\"name\":\"4-FA (4-Fluoramphetamin) zu verkaufen \u2013 4-FA online kaufen\",\"isPartOf\":{\"@id\":\"https:\/\/chemgramx.com\/#website\"},\"primaryImageOfPage\":{\"@id\":\"https:\/\/chemgramx.com\/product\/4-fa-4-fluoramphetamin\/#primaryimage\"},\"image\":{\"@id\":\"https:\/\/chemgramx.com\/product\/4-fa-4-fluoramphetamin\/#primaryimage\"},\"thumbnailUrl\":\"https:\/\/chemgramx.com\/wp-content\/uploads\/2024\/10\/4-FA-4-Fluoroamphetamine-Online.webp\",\"datePublished\":\"2024-10-24T10:01:30+00:00\",\"dateModified\":\"2025-10-15T07:42:12+00:00\",\"description\":\"Sie k\u00f6nnen jetzt 4-fa (4-Fluoramphetamin) in unserem Top-Chemgramx-Shop kaufen. Unsere Mitarbeiter helfen Ihnen, 4-fa (4-Fluoramphetamin) online zu den besten Preisen zu kaufen. Bestellen Sie 4-fa (4-Fluoramphetamin) noch heute online mit weltweitem Versand!\",\"breadcrumb\":{\"@id\":\"https:\/\/chemgramx.com\/product\/4-fa-4-fluoramphetamin\/#breadcrumb\"},\"inLanguage\":\"fr-FR\",\"potentialAction\":[{\"@type\":\"ReadAction\",\"target\":[\"https:\/\/chemgramx.com\/product\/4-fa-4-fluoramphetamin\/\"]}]},{\"@type\":\"ImageObject\",\"inLanguage\":\"fr-FR\",\"@id\":\"https:\/\/chemgramx.com\/product\/4-fa-4-fluoramphetamin\/#primaryimage\",\"url\":\"https:\/\/chemgramx.com\/wp-content\/uploads\/2024\/10\/4-FA-4-Fluoroamphetamine-Online.webp\",\"contentUrl\":\"https:\/\/chemgramx.com\/wp-content\/uploads\/2024\/10\/4-FA-4-Fluoroamphetamine-Online.webp\",\"width\":500,\"height\":400,\"caption\":\"4-FA online kaufen\"},{\"@type\":\"BreadcrumbList\",\"@id\":\"https:\/\/chemgramx.com\/product\/4-fa-4-fluoramphetamin\/#breadcrumb\",\"itemListElement\":[{\"@type\":\"ListItem\",\"position\":1,\"name\":\"Home\",\"item\":\"https:\/\/chemgramx.com\/\"},{\"@type\":\"ListItem\",\"position\":2,\"name\":\"Shop\",\"item\":\"https:\/\/chemgramx.com\/shop\/\"},{\"@type\":\"ListItem\",\"position\":3,\"name\":\"4-FA (4-Fluoroamphetamine) online kaufen\"}]},{\"@type\":\"WebSite\",\"@id\":\"https:\/\/chemgramx.com\/#website\",\"url\":\"https:\/\/chemgramx.com\/\",\"name\":\"Chemgramx\",\"description\":\"\",\"publisher\":{\"@id\":\"https:\/\/chemgramx.com\/#organization\"},\"potentialAction\":[{\"@type\":\"SearchAction\",\"target\":{\"@type\":\"EntryPoint\",\"urlTemplate\":\"https:\/\/chemgramx.com\/?s={search_term_string}\"},\"query-input\":{\"@type\":\"PropertyValueSpecification\",\"valueRequired\":true,\"valueName\":\"search_term_string\"}}],\"inLanguage\":\"fr-FR\"},{\"@type\":\"Organization\",\"@id\":\"https:\/\/chemgramx.com\/#organization\",\"name\":\"Chemgramx\",\"url\":\"https:\/\/chemgramx.com\/\",\"logo\":{\"@type\":\"ImageObject\",\"inLanguage\":\"fr-FR\",\"@id\":\"https:\/\/chemgramx.com\/#\/schema\/logo\/image\/\",\"url\":\"https:\/\/chemgramx.com\/wp-content\/uploads\/2024\/10\/final-logo.png\",\"contentUrl\":\"https:\/\/chemgramx.com\/wp-content\/uploads\/2024\/10\/final-logo.png\",\"width\":250,\"height\":48,\"caption\":\"Chemgramx\"},\"image\":{\"@id\":\"https:\/\/chemgramx.com\/#\/schema\/logo\/image\/\"}}]}<\/script>\n<!-- \/ Yoast SEO plugin. -->","yoast_head_json":{"title":"4-FA (4-fluoroamph\u00e9tamine) \u00e0 vendre \u2013 Achetez du 4-FA en ligne","description":"Vous pouvez d\u00e9sormais acheter du 4-fa (4-fluoroamph\u00e9tamine) dans notre boutique Chemgramx. Notre \u00e9quipe vous aidera \u00e0 acheter du 4-fa (4-fluoroamph\u00e9tamine) en ligne aux meilleurs prix. Commandez du 4-fa (4-fluoroamph\u00e9tamine) en ligne d\u00e8s aujourd'hui et b\u00e9n\u00e9ficiez d'une livraison internationale\u00a0!","robots":{"index":"index","follow":"follow","max-snippet":"max-snippet:-1","max-image-preview":"max-image-preview:large","max-video-preview":"max-video-preview:-1"},"canonical":"https:\/\/chemgramx.com\/fr\/produit\/4-fa-4-fluoramphetamin\/","og_locale":"fr_FR","og_type":"article","og_title":"4-FA (4-Fluoramphetamin) zu verkaufen \u2013 4-FA online kaufen","og_description":"Sie k\u00f6nnen jetzt 4-fa (4-Fluoramphetamin) in unserem Top-Chemgramx-Shop kaufen. Unsere Mitarbeiter helfen Ihnen, 4-fa (4-Fluoramphetamin) online zu den besten Preisen zu kaufen. Bestellen Sie 4-fa (4-Fluoramphetamin) noch heute online mit weltweitem Versand!","og_url":"https:\/\/chemgramx.com\/fr\/produit\/4-fa-4-fluoramphetamin\/","og_site_name":"Chemgramx","article_modified_time":"2025-10-15T07:42:12+00:00","og_image":[{"width":500,"height":400,"url":"https:\/\/chemgramx.com\/wp-content\/uploads\/2024\/10\/4-FA-4-Fluoroamphetamine-Online.webp","type":"image\/webp"}],"twitter_card":"summary_large_image","twitter_misc":{"Dur\u00e9e de lecture estim\u00e9e":"3 minutes"},"schema":{"@context":"https:\/\/schema.org","@graph":[{"@type":"WebPage","@id":"https:\/\/chemgramx.com\/product\/4-fa-4-fluoramphetamin\/","url":"https:\/\/chemgramx.com\/product\/4-fa-4-fluoramphetamin\/","name":"4-FA (4-fluoroamph\u00e9tamine) \u00e0 vendre \u2013 Achetez du 4-FA en ligne","isPartOf":{"@id":"https:\/\/chemgramx.com\/#website"},"primaryImageOfPage":{"@id":"https:\/\/chemgramx.com\/product\/4-fa-4-fluoramphetamin\/#primaryimage"},"image":{"@id":"https:\/\/chemgramx.com\/product\/4-fa-4-fluoramphetamin\/#primaryimage"},"thumbnailUrl":"https:\/\/chemgramx.com\/wp-content\/uploads\/2024\/10\/4-FA-4-Fluoroamphetamine-Online.webp","datePublished":"2024-10-24T10:01:30+00:00","dateModified":"2025-10-15T07:42:12+00:00","description":"Vous pouvez d\u00e9sormais acheter du 4-fa (4-fluoroamph\u00e9tamine) dans notre boutique Chemgramx. Notre \u00e9quipe vous aidera \u00e0 acheter du 4-fa (4-fluoroamph\u00e9tamine) en ligne aux meilleurs prix. Commandez du 4-fa (4-fluoroamph\u00e9tamine) en ligne d\u00e8s aujourd'hui et b\u00e9n\u00e9ficiez d'une livraison internationale\u00a0!","breadcrumb":{"@id":"https:\/\/chemgramx.com\/product\/4-fa-4-fluoramphetamin\/#breadcrumb"},"inLanguage":"fr-FR","potentialAction":[{"@type":"ReadAction","target":["https:\/\/chemgramx.com\/product\/4-fa-4-fluoramphetamin\/"]}]},{"@type":"ImageObject","inLanguage":"fr-FR","@id":"https:\/\/chemgramx.com\/product\/4-fa-4-fluoramphetamin\/#primaryimage","url":"https:\/\/chemgramx.com\/wp-content\/uploads\/2024\/10\/4-FA-4-Fluoroamphetamine-Online.webp","contentUrl":"https:\/\/chemgramx.com\/wp-content\/uploads\/2024\/10\/4-FA-4-Fluoroamphetamine-Online.webp","width":500,"height":400,"caption":"4-FA online kaufen"},{"@type":"BreadcrumbList","@id":"https:\/\/chemgramx.com\/product\/4-fa-4-fluoramphetamin\/#breadcrumb","itemListElement":[{"@type":"ListItem","position":1,"name":"Home","item":"https:\/\/chemgramx.com\/"},{"@type":"ListItem","position":2,"name":"Shop","item":"https:\/\/chemgramx.com\/shop\/"},{"@type":"ListItem","position":3,"name":"4-FA (4-Fluoroamphetamine) online kaufen"}]},{"@type":"WebSite","@id":"https:\/\/chemgramx.com\/#website","url":"https:\/\/chemgramx.com\/","name":"Chemgramx","description":"","publisher":{"@id":"https:\/\/chemgramx.com\/#organization"},"potentialAction":[{"@type":"SearchAction","target":{"@type":"EntryPoint","urlTemplate":"https:\/\/chemgramx.com\/?s={search_term_string}"},"query-input":{"@type":"PropertyValueSpecification","valueRequired":true,"valueName":"search_term_string"}}],"inLanguage":"fr-FR"},{"@type":"Organization","@id":"https:\/\/chemgramx.com\/#organization","name":"Chemgramx","url":"https:\/\/chemgramx.com\/","logo":{"@type":"ImageObject","inLanguage":"fr-FR","@id":"https:\/\/chemgramx.com\/#\/schema\/logo\/image\/","url":"https:\/\/chemgramx.com\/wp-content\/uploads\/2024\/10\/final-logo.png","contentUrl":"https:\/\/chemgramx.com\/wp-content\/uploads\/2024\/10\/final-logo.png","width":250,"height":48,"caption":"Chemgramx"},"image":{"@id":"https:\/\/chemgramx.com\/#\/schema\/logo\/image\/"}}]}},"_links":{"self":[{"href":"https:\/\/chemgramx.com\/fr\/wp-json\/wp\/v2\/product\/818","targetHints":{"allow":["GET"]}}],"collection":[{"href":"https:\/\/chemgramx.com\/fr\/wp-json\/wp\/v2\/product"}],"about":[{"href":"https:\/\/chemgramx.com\/fr\/wp-json\/wp\/v2\/types\/product"}],"replies":[{"embeddable":true,"href":"https:\/\/chemgramx.com\/fr\/wp-json\/wp\/v2\/comments?post=818"}],"wp:featuredmedia":[{"embeddable":true,"href":"https:\/\/chemgramx.com\/fr\/wp-json\/wp\/v2\/media\/820"}],"wp:attachment":[{"href":"https:\/\/chemgramx.com\/fr\/wp-json\/wp\/v2\/media?parent=818"}],"wp:term":[{"taxonomy":"product_brand","embeddable":true,"href":"https:\/\/chemgramx.com\/fr\/wp-json\/wp\/v2\/product_brand?post=818"},{"taxonomy":"product_cat","embeddable":true,"href":"https:\/\/chemgramx.com\/fr\/wp-json\/wp\/v2\/product_cat?post=818"},{"taxonomy":"product_tag","embeddable":true,"href":"https:\/\/chemgramx.com\/fr\/wp-json\/wp\/v2\/product_tag?post=818"}],"curies":[{"name":"wp","href":"https:\/\/api.w.org\/{rel}","templated":true}]}}