{"id":822,"date":"2024-10-24T10:48:22","date_gmt":"2024-10-24T10:48:22","guid":{"rendered":"https:\/\/chemgramx.com\/?post_type=product&#038;p=822"},"modified":"2025-10-15T08:40:46","modified_gmt":"2025-10-15T08:40:46","slug":"4f-php-4-fluorphenylpyrrolidin-2","status":"publish","type":"product","link":"https:\/\/chemgramx.com\/fr\/produit\/4f-php-4-fluorphenylpyrrolidin-2\/","title":{"rendered":"Acheter 4F-PHP (4-fluoroph\u00e9nylpyrrolidine) en ligne"},"content":{"rendered":"<h2 data-start=\"142\" data-end=\"197\">4F-PHP Online Kaufen \u2013 Hochreines 4F-PHP f\u00fcr Forschung<\/h2>\n<h3 data-start=\"199\" data-end=\"288\">Int\u00e9r\u00eat croissant pour le 4F-PHP (4-fluoroph\u00e9nylpyrrolidine) \u2013 Un aper\u00e7u complet<\/h3>\n<h3 data-start=\"290\" data-end=\"338\">Qu'est-ce que le 4F-PHP (4-fluoroph\u00e9nylpyrrolidine) ?<\/h3>\n<p data-start=\"340\" data-end=\"785\">Le 4F-PHP, \u00e9galement connu sous le nom de 4-fluoroph\u00e9nylpyrrolidine, est un produit chimique de recherche de la famille des stimulants. C'est un d\u00e9riv\u00e9 de la ph\u00e9nylpyrrolidine utilis\u00e9 dans des \u00e9tudes scientifiques pour \u00e9tudier les effets de substances sur le syst\u00e8me nerveux central. Les chercheurs qui <a href=\"https:\/\/chemgramx.com\/fr\/produit\/4f-php-4-fluorphenylpyrrolidin-2\/\">4F-PHP online kaufen<\/a>, appr\u00e9cient ses propri\u00e9t\u00e9s stimulantes et son potentiel pour la recherche sur les syst\u00e8mes de neurotransmetteurs.<\/p>\n<h3 data-start=\"787\" data-end=\"837\">Est-il l\u00e9gal d'acheter du 4F-PHP dans votre pays ?<\/h3>\n<p data-start=\"839\" data-end=\"1049\">Die Rechtslage von 4F-PHP zu verkaufen variiert weltweit stark. In einigen L\u00e4ndern ist der Besitz und Erwerb streng reguliert oder verboten, w\u00e4hrend in anderen Regionen der rechtliche Status weniger klar ist.<\/p>\n<p data-start=\"1051\" data-end=\"1075\">Remarques importantes :<\/p>\n<ul data-start=\"1077\" data-end=\"1333\">\n<li data-start=\"1077\" data-end=\"1171\">\n<p data-start=\"1079\" data-end=\"1171\">Veuillez v\u00e9rifier la situation juridique actuelle dans votre pays avant d'acheter 4F-PHP.<\/p>\n<\/li>\n<li data-start=\"1172\" data-end=\"1263\">\n<p data-start=\"1174\" data-end=\"1263\">Assurez-vous que l\u2019achat est uniquement destin\u00e9 \u00e0 des fins de recherche juridique.<\/p>\n<\/li>\n<li data-start=\"1264\" data-end=\"1333\">\n<p data-start=\"1266\" data-end=\"1333\">\u00c9vitez les risques li\u00e9s \u00e0 l\u2019achat aupr\u00e8s de sources peu fiables.<\/p>\n<\/li>\n<\/ul>\n<h3 data-start=\"1335\" data-end=\"1390\">Pourquoi les chercheurs commandent-ils de plus en plus de 4F-PHP en ligne ?<\/h3>\n<p data-start=\"1392\" data-end=\"1496\">Immer mehr wissenschaftliche Einrichtungen und Forscher entscheiden sich, 4F-PHP online kaufen, weil:<\/p>\n<ul data-start=\"1498\" data-end=\"1819\">\n<li data-start=\"1498\" data-end=\"1572\">\n<p data-start=\"1500\" data-end=\"1572\">Les boutiques en ligne offrent une plus grande disponibilit\u00e9 et une livraison rapide.<\/p>\n<\/li>\n<li data-start=\"1573\" data-end=\"1650\">\n<p data-start=\"1575\" data-end=\"1650\">Des processus de commande discrets et des m\u00e9thodes de paiement s\u00e9curis\u00e9es sont garantis.<\/p>\n<\/li>\n<li data-start=\"1651\" data-end=\"1732\">\n<p data-start=\"1653\" data-end=\"1732\">Des informations d\u00e9taill\u00e9es sur les produits et des certificats d\u2019analyse sont souvent disponibles.<\/p>\n<\/li>\n<li data-start=\"1733\" data-end=\"1819\">\n<p data-start=\"1735\" data-end=\"1819\">Des quantit\u00e9s de commande flexibles sont possibles, id\u00e9ales pour diff\u00e9rents besoins de recherche.<\/p>\n<\/li>\n<\/ul>\n<h3 data-start=\"1821\" data-end=\"1877\">Comment reconna\u00eetre un fournisseur 4F-PHP r\u00e9put\u00e9<\/h3>\n<p data-start=\"1879\" data-end=\"1985\">Choisir un revendeur fiable est crucial pour la qualit\u00e9 de votre recherche. Soyez attentif aux points suivants\u00a0:<\/p>\n<ul data-start=\"1987\" data-end=\"2270\">\n<li data-start=\"1987\" data-end=\"2065\">\n<p data-start=\"1989\" data-end=\"2065\">Disponibilit\u00e9 des certificats (COA) pour 4F-PHP \u00e0 la vente et qualit\u00e9.<\/p>\n<\/li>\n<li data-start=\"2066\" data-end=\"2128\">\n<p data-start=\"2068\" data-end=\"2128\">Positive Kundenbewertungen und transparente Kommunikation.<\/p>\n<\/li>\n<li data-start=\"2129\" data-end=\"2194\">\n<p data-start=\"2131\" data-end=\"2194\">Informations claires sur l'origine, la puret\u00e9 et les normes de s\u00e9curit\u00e9.<\/p>\n<\/li>\n<li data-start=\"2195\" data-end=\"2270\">\n<p data-start=\"2197\" data-end=\"2270\">Sichere Zahlungsmethoden und diskrete Verpackung beim order 4F-PHP.<\/p>\n<\/li>\n<\/ul>\n<h3 data-start=\"2584\" data-end=\"2659\">Derniers conseils pour un achat s\u00fbr, l\u00e9gal et \u00e9clair\u00e9<\/h3>\n<ul data-start=\"2661\" data-end=\"2984\">\n<li data-start=\"2661\" data-end=\"2753\">\n<p data-start=\"2663\" data-end=\"2753\">Recherchieren Sie sorgf\u00e4ltig \u00fcber wo kann man 4F-PHP kaufen und dessen rechtlichen Status.<\/p>\n<\/li>\n<li data-start=\"2754\" data-end=\"2822\">\n<p data-start=\"2756\" data-end=\"2822\">Commandez uniquement aupr\u00e8s de revendeurs v\u00e9rifi\u00e9s et certifi\u00e9s.<\/p>\n<\/li>\n<li data-start=\"2823\" data-end=\"2895\">\n<p data-start=\"2825\" data-end=\"2895\">Commencez par de petites quantit\u00e9s pour v\u00e9rifier la qualit\u00e9 et la puret\u00e9.<\/p>\n<\/li>\n<li data-start=\"2896\" data-end=\"2984\">\n<p data-start=\"2898\" data-end=\"2984\">Nutzen Sie 4F-PHP for sale ausschlie\u00dflich f\u00fcr legitime wissenschaftliche Zwecke.<\/p>\n<\/li>\n<\/ul>\n<h3 data-start=\"2986\" data-end=\"3074\">Conclusion\u00a0: Comment acheter 4F-PHP en toute s\u00e9curit\u00e9, l\u00e9galement et de mani\u00e8re satisfaisante<\/h3>\n<p data-start=\"3076\" data-end=\"3344\">Mit dem richtigen Wissen und der Wahl eines seri\u00f6sen Anbieters stellen Sie sicher, dass Ihre Forschung mit 4F-PHP online kaufen zuverl\u00e4ssig, sicher und gesetzeskonform verl\u00e4uft. Vertrauen Sie auf gepr\u00fcfte Qualit\u00e4t und professionelle H\u00e4ndler f\u00fcr optimale Ergebnisse.<\/p>\n<h3 data-start=\"3346\" data-end=\"3438\">Description du produit : 4F-PHP (4-Fluoroph\u00e9nylpyrrolidine) de haute qualit\u00e9 pour vos recherches<\/h3>\n<p data-start=\"3440\" data-end=\"3700\">Unser Premium <a href=\"https:\/\/en.wikipedia.org\/wiki\/4F-PHP\">4F-PHP<\/a> Il impressionne par sa puret\u00e9 exceptionnelle et son dosage pr\u00e9cis, id\u00e9al pour la recherche en laboratoire et les \u00e9tudes scientifiques. Chaque lot est soigneusement test\u00e9 et accompagn\u00e9 d'un certificat d'analyse (COA) garantissant sa puret\u00e9 et son origine.<\/p>\n<p data-start=\"3702\" data-end=\"3724\">Caract\u00e9ristiques du produit :<\/p>\n<ul data-start=\"3726\" data-end=\"3990\">\n<li data-start=\"3726\" data-end=\"3762\">\n<p data-start=\"3728\" data-end=\"3762\">Puret\u00e9 sup\u00e9rieure \u00e0 99 %, test\u00e9e en laboratoire<\/p>\n<\/li>\n<li data-start=\"3763\" data-end=\"3813\">\n<p data-start=\"3765\" data-end=\"3813\">Certificats de confirmation de qualit\u00e9 inclus<\/p>\n<\/li>\n<li data-start=\"3814\" data-end=\"3875\">\n<p data-start=\"3816\" data-end=\"3875\">Quantit\u00e9s de commande flexibles pour les besoins de recherche individuels<\/p>\n<\/li>\n<li data-start=\"3876\" data-end=\"3937\">\n<p data-start=\"3878\" data-end=\"3937\">Exp\u00e9dition discr\u00e8te et s\u00e9curis\u00e9e lors de l'achat de 4F-PHP en ligne<\/p>\n<\/li>\n<li data-start=\"3938\" data-end=\"3990\">\n<p data-start=\"3940\" data-end=\"3990\">Een competente klantenservice ondersteunt u bij vragen<\/p>\n<\/li>\n<\/ul>\n<p data-start=\"3992\" data-end=\"4154\">Commandez maintenant \u00e0 la meilleure adresse pour acheter 4F-PHP en ligne et b\u00e9n\u00e9ficiez d'une exp\u00e9rience d'achat rapide, s\u00e9curis\u00e9e et transparente.<\/p>","protected":false},"excerpt":{"rendered":"<p>4F-PHP (4-Fluorophenylpyrrolidin) ist eine Forschungschemikalie, die zur Klasse der substituierten Pyrrolidine geh\u00f6rt. Sie ist strukturell verwandt mit anderen Stimulanzien und zeigt psychoaktive Eigenschaften.<\/p>\n<p>Num\u00e9ro de CAS : <strong>1808244-63-0<\/strong><br \/>\nFormule chimique : <strong>C12H14FNO<\/strong><\/p>","protected":false},"featured_media":823,"comment_status":"open","ping_status":"closed","template":"","meta":{"_joinchat":[]},"product_brand":[],"product_cat":[48],"product_tag":[2734,2727,2731,2729,2728,2733,2732,2730,2735,2015],"class_list":{"0":"post-822","1":"product","2":"type-product","3":"status-publish","4":"has-post-thumbnail","6":"product_cat-stimulants","7":"product_tag-4f-php-chemikalien","8":"product_tag-4f-php-kaufen","9":"product_tag-4f-php-kaufen-deutschland","10":"product_tag-4f-php-kristalle","11":"product_tag-4f-php-online","12":"product_tag-4f-php-preis","13":"product_tag-4f-php-prodej","14":"product_tag-4f-php-pulver","15":"product_tag-4f-php-zum-verkauf","16":"product_tag-synthetische-drogen","18":"first","19":"instock","20":"shipping-taxable","21":"purchasable","22":"product-type-variable"},"yoast_head":"<!-- This site is optimized with the Yoast SEO plugin v26.1.1 - https:\/\/yoast.com\/wordpress\/plugins\/seo\/ -->\n<title>4F-PHP (4-Fluorphenylpyrrolidin) online kaufen<\/title>\n<meta name=\"description\" content=\"Wenn Sie 4meo-pvp online kaufen m\u00f6chten und nach einem zuverl\u00e4ssigen Online-Shop suchen, dann kaufen Sie hier. Wir bieten nur hochwertiges 4meo-pvp zu einem erschwinglichen Preis zum Verkauf an. Bestellen Sie 4meo-pvp jetzt!\" \/>\n<meta name=\"robots\" content=\"index, follow, max-snippet:-1, max-image-preview:large, max-video-preview:-1\" \/>\n<link rel=\"canonical\" href=\"https:\/\/chemgramx.com\/fr\/produit\/4f-php-4-fluorphenylpyrrolidin-2\/\" \/>\n<meta property=\"og:locale\" content=\"fr_FR\" \/>\n<meta property=\"og:type\" content=\"article\" \/>\n<meta property=\"og:title\" content=\"4F-PHP (4-Fluorphenylpyrrolidin) online kaufen\" \/>\n<meta property=\"og:description\" content=\"Wenn Sie 4meo-pvp online kaufen m\u00f6chten und nach einem zuverl\u00e4ssigen Online-Shop suchen, dann kaufen Sie hier. Wir bieten nur hochwertiges 4meo-pvp zu einem erschwinglichen Preis zum Verkauf an. Bestellen Sie 4meo-pvp jetzt!\" \/>\n<meta property=\"og:url\" content=\"https:\/\/chemgramx.com\/fr\/produit\/4f-php-4-fluorphenylpyrrolidin-2\/\" \/>\n<meta property=\"og:site_name\" content=\"Chemgramx\" \/>\n<meta property=\"article:modified_time\" content=\"2025-10-15T08:40:46+00:00\" \/>\n<meta property=\"og:image\" content=\"https:\/\/chemgramx.com\/wp-content\/uploads\/2024\/10\/4F-PHP-4-Fluorophenylpyrrolidin.webp\" \/>\n\t<meta property=\"og:image:width\" content=\"470\" \/>\n\t<meta property=\"og:image:height\" content=\"470\" \/>\n\t<meta property=\"og:image:type\" content=\"image\/webp\" \/>\n<meta name=\"twitter:card\" content=\"summary_large_image\" \/>\n<meta name=\"twitter:label1\" content=\"Dur\u00e9e de lecture estim\u00e9e\" \/>\n\t<meta name=\"twitter:data1\" content=\"3 minutes\" \/>\n<script type=\"application\/ld+json\" class=\"yoast-schema-graph\">{\"@context\":\"https:\/\/schema.org\",\"@graph\":[{\"@type\":\"WebPage\",\"@id\":\"https:\/\/chemgramx.com\/product\/4f-php-4-fluorphenylpyrrolidin-2\/\",\"url\":\"https:\/\/chemgramx.com\/product\/4f-php-4-fluorphenylpyrrolidin-2\/\",\"name\":\"4F-PHP (4-Fluorphenylpyrrolidin) online kaufen\",\"isPartOf\":{\"@id\":\"https:\/\/chemgramx.com\/#website\"},\"primaryImageOfPage\":{\"@id\":\"https:\/\/chemgramx.com\/product\/4f-php-4-fluorphenylpyrrolidin-2\/#primaryimage\"},\"image\":{\"@id\":\"https:\/\/chemgramx.com\/product\/4f-php-4-fluorphenylpyrrolidin-2\/#primaryimage\"},\"thumbnailUrl\":\"https:\/\/chemgramx.com\/wp-content\/uploads\/2024\/10\/4F-PHP-4-Fluorophenylpyrrolidin.webp\",\"datePublished\":\"2024-10-24T10:48:22+00:00\",\"dateModified\":\"2025-10-15T08:40:46+00:00\",\"description\":\"Wenn Sie 4meo-pvp online kaufen m\u00f6chten und nach einem zuverl\u00e4ssigen Online-Shop suchen, dann kaufen Sie hier. Wir bieten nur hochwertiges 4meo-pvp zu einem erschwinglichen Preis zum Verkauf an. Bestellen Sie 4meo-pvp jetzt!\",\"breadcrumb\":{\"@id\":\"https:\/\/chemgramx.com\/product\/4f-php-4-fluorphenylpyrrolidin-2\/#breadcrumb\"},\"inLanguage\":\"fr-FR\",\"potentialAction\":[{\"@type\":\"ReadAction\",\"target\":[\"https:\/\/chemgramx.com\/product\/4f-php-4-fluorphenylpyrrolidin-2\/\"]}]},{\"@type\":\"ImageObject\",\"inLanguage\":\"fr-FR\",\"@id\":\"https:\/\/chemgramx.com\/product\/4f-php-4-fluorphenylpyrrolidin-2\/#primaryimage\",\"url\":\"https:\/\/chemgramx.com\/wp-content\/uploads\/2024\/10\/4F-PHP-4-Fluorophenylpyrrolidin.webp\",\"contentUrl\":\"https:\/\/chemgramx.com\/wp-content\/uploads\/2024\/10\/4F-PHP-4-Fluorophenylpyrrolidin.webp\",\"width\":470,\"height\":470,\"caption\":\"4F-PHP (4-Fluorphenylpyrrolidin) online kaufen\"},{\"@type\":\"BreadcrumbList\",\"@id\":\"https:\/\/chemgramx.com\/product\/4f-php-4-fluorphenylpyrrolidin-2\/#breadcrumb\",\"itemListElement\":[{\"@type\":\"ListItem\",\"position\":1,\"name\":\"Home\",\"item\":\"https:\/\/chemgramx.com\/\"},{\"@type\":\"ListItem\",\"position\":2,\"name\":\"Shop\",\"item\":\"https:\/\/chemgramx.com\/shop\/\"},{\"@type\":\"ListItem\",\"position\":3,\"name\":\"4F-PHP (4-Fluorophenylpyrrolidin) online kaufen\"}]},{\"@type\":\"WebSite\",\"@id\":\"https:\/\/chemgramx.com\/#website\",\"url\":\"https:\/\/chemgramx.com\/\",\"name\":\"Chemgramx\",\"description\":\"\",\"publisher\":{\"@id\":\"https:\/\/chemgramx.com\/#organization\"},\"potentialAction\":[{\"@type\":\"SearchAction\",\"target\":{\"@type\":\"EntryPoint\",\"urlTemplate\":\"https:\/\/chemgramx.com\/?s={search_term_string}\"},\"query-input\":{\"@type\":\"PropertyValueSpecification\",\"valueRequired\":true,\"valueName\":\"search_term_string\"}}],\"inLanguage\":\"fr-FR\"},{\"@type\":\"Organization\",\"@id\":\"https:\/\/chemgramx.com\/#organization\",\"name\":\"Chemgramx\",\"url\":\"https:\/\/chemgramx.com\/\",\"logo\":{\"@type\":\"ImageObject\",\"inLanguage\":\"fr-FR\",\"@id\":\"https:\/\/chemgramx.com\/#\/schema\/logo\/image\/\",\"url\":\"https:\/\/chemgramx.com\/wp-content\/uploads\/2024\/10\/final-logo.png\",\"contentUrl\":\"https:\/\/chemgramx.com\/wp-content\/uploads\/2024\/10\/final-logo.png\",\"width\":250,\"height\":48,\"caption\":\"Chemgramx\"},\"image\":{\"@id\":\"https:\/\/chemgramx.com\/#\/schema\/logo\/image\/\"}}]}<\/script>\n<!-- \/ Yoast SEO plugin. -->","yoast_head_json":{"title":"4F-PHP (4-Fluorphenylpyrrolidin) online kaufen","description":"Wenn Sie 4meo-pvp online kaufen m\u00f6chten und nach einem zuverl\u00e4ssigen Online-Shop suchen, dann kaufen Sie hier. Wir bieten nur hochwertiges 4meo-pvp zu einem erschwinglichen Preis zum Verkauf an. Bestellen Sie 4meo-pvp jetzt!","robots":{"index":"index","follow":"follow","max-snippet":"max-snippet:-1","max-image-preview":"max-image-preview:large","max-video-preview":"max-video-preview:-1"},"canonical":"https:\/\/chemgramx.com\/fr\/produit\/4f-php-4-fluorphenylpyrrolidin-2\/","og_locale":"fr_FR","og_type":"article","og_title":"4F-PHP (4-Fluorphenylpyrrolidin) online kaufen","og_description":"Wenn Sie 4meo-pvp online kaufen m\u00f6chten und nach einem zuverl\u00e4ssigen Online-Shop suchen, dann kaufen Sie hier. Wir bieten nur hochwertiges 4meo-pvp zu einem erschwinglichen Preis zum Verkauf an. Bestellen Sie 4meo-pvp jetzt!","og_url":"https:\/\/chemgramx.com\/fr\/produit\/4f-php-4-fluorphenylpyrrolidin-2\/","og_site_name":"Chemgramx","article_modified_time":"2025-10-15T08:40:46+00:00","og_image":[{"width":470,"height":470,"url":"https:\/\/chemgramx.com\/wp-content\/uploads\/2024\/10\/4F-PHP-4-Fluorophenylpyrrolidin.webp","type":"image\/webp"}],"twitter_card":"summary_large_image","twitter_misc":{"Dur\u00e9e de lecture estim\u00e9e":"3 minutes"},"schema":{"@context":"https:\/\/schema.org","@graph":[{"@type":"WebPage","@id":"https:\/\/chemgramx.com\/product\/4f-php-4-fluorphenylpyrrolidin-2\/","url":"https:\/\/chemgramx.com\/product\/4f-php-4-fluorphenylpyrrolidin-2\/","name":"4F-PHP (4-Fluorphenylpyrrolidin) online kaufen","isPartOf":{"@id":"https:\/\/chemgramx.com\/#website"},"primaryImageOfPage":{"@id":"https:\/\/chemgramx.com\/product\/4f-php-4-fluorphenylpyrrolidin-2\/#primaryimage"},"image":{"@id":"https:\/\/chemgramx.com\/product\/4f-php-4-fluorphenylpyrrolidin-2\/#primaryimage"},"thumbnailUrl":"https:\/\/chemgramx.com\/wp-content\/uploads\/2024\/10\/4F-PHP-4-Fluorophenylpyrrolidin.webp","datePublished":"2024-10-24T10:48:22+00:00","dateModified":"2025-10-15T08:40:46+00:00","description":"Wenn Sie 4meo-pvp online kaufen m\u00f6chten und nach einem zuverl\u00e4ssigen Online-Shop suchen, dann kaufen Sie hier. Wir bieten nur hochwertiges 4meo-pvp zu einem erschwinglichen Preis zum Verkauf an. Bestellen Sie 4meo-pvp jetzt!","breadcrumb":{"@id":"https:\/\/chemgramx.com\/product\/4f-php-4-fluorphenylpyrrolidin-2\/#breadcrumb"},"inLanguage":"fr-FR","potentialAction":[{"@type":"ReadAction","target":["https:\/\/chemgramx.com\/product\/4f-php-4-fluorphenylpyrrolidin-2\/"]}]},{"@type":"ImageObject","inLanguage":"fr-FR","@id":"https:\/\/chemgramx.com\/product\/4f-php-4-fluorphenylpyrrolidin-2\/#primaryimage","url":"https:\/\/chemgramx.com\/wp-content\/uploads\/2024\/10\/4F-PHP-4-Fluorophenylpyrrolidin.webp","contentUrl":"https:\/\/chemgramx.com\/wp-content\/uploads\/2024\/10\/4F-PHP-4-Fluorophenylpyrrolidin.webp","width":470,"height":470,"caption":"4F-PHP (4-Fluorphenylpyrrolidin) online kaufen"},{"@type":"BreadcrumbList","@id":"https:\/\/chemgramx.com\/product\/4f-php-4-fluorphenylpyrrolidin-2\/#breadcrumb","itemListElement":[{"@type":"ListItem","position":1,"name":"Home","item":"https:\/\/chemgramx.com\/"},{"@type":"ListItem","position":2,"name":"Shop","item":"https:\/\/chemgramx.com\/shop\/"},{"@type":"ListItem","position":3,"name":"4F-PHP (4-Fluorophenylpyrrolidin) online kaufen"}]},{"@type":"WebSite","@id":"https:\/\/chemgramx.com\/#website","url":"https:\/\/chemgramx.com\/","name":"Chemgramx","description":"","publisher":{"@id":"https:\/\/chemgramx.com\/#organization"},"potentialAction":[{"@type":"SearchAction","target":{"@type":"EntryPoint","urlTemplate":"https:\/\/chemgramx.com\/?s={search_term_string}"},"query-input":{"@type":"PropertyValueSpecification","valueRequired":true,"valueName":"search_term_string"}}],"inLanguage":"fr-FR"},{"@type":"Organization","@id":"https:\/\/chemgramx.com\/#organization","name":"Chemgramx","url":"https:\/\/chemgramx.com\/","logo":{"@type":"ImageObject","inLanguage":"fr-FR","@id":"https:\/\/chemgramx.com\/#\/schema\/logo\/image\/","url":"https:\/\/chemgramx.com\/wp-content\/uploads\/2024\/10\/final-logo.png","contentUrl":"https:\/\/chemgramx.com\/wp-content\/uploads\/2024\/10\/final-logo.png","width":250,"height":48,"caption":"Chemgramx"},"image":{"@id":"https:\/\/chemgramx.com\/#\/schema\/logo\/image\/"}}]}},"_links":{"self":[{"href":"https:\/\/chemgramx.com\/fr\/wp-json\/wp\/v2\/product\/822","targetHints":{"allow":["GET"]}}],"collection":[{"href":"https:\/\/chemgramx.com\/fr\/wp-json\/wp\/v2\/product"}],"about":[{"href":"https:\/\/chemgramx.com\/fr\/wp-json\/wp\/v2\/types\/product"}],"replies":[{"embeddable":true,"href":"https:\/\/chemgramx.com\/fr\/wp-json\/wp\/v2\/comments?post=822"}],"wp:featuredmedia":[{"embeddable":true,"href":"https:\/\/chemgramx.com\/fr\/wp-json\/wp\/v2\/media\/823"}],"wp:attachment":[{"href":"https:\/\/chemgramx.com\/fr\/wp-json\/wp\/v2\/media?parent=822"}],"wp:term":[{"taxonomy":"product_brand","embeddable":true,"href":"https:\/\/chemgramx.com\/fr\/wp-json\/wp\/v2\/product_brand?post=822"},{"taxonomy":"product_cat","embeddable":true,"href":"https:\/\/chemgramx.com\/fr\/wp-json\/wp\/v2\/product_cat?post=822"},{"taxonomy":"product_tag","embeddable":true,"href":"https:\/\/chemgramx.com\/fr\/wp-json\/wp\/v2\/product_tag?post=822"}],"curies":[{"name":"wp","href":"https:\/\/api.w.org\/{rel}","templated":true}]}}