{"id":829,"date":"2024-10-24T11:10:48","date_gmt":"2024-10-24T11:10:48","guid":{"rendered":"https:\/\/chemgramx.com\/?post_type=product&#038;p=829"},"modified":"2025-10-15T10:58:57","modified_gmt":"2025-10-15T10:58:57","slug":"5-apb-5-2-aminopropylbenzofuran","status":"publish","type":"product","link":"https:\/\/chemgramx.com\/fr\/produit\/5-apb-5-2-aminopropylbenzofuran\/","title":{"rendered":"Acheter 5-APB (5-(2-aminopropyl)benzofurane) en ligne"},"content":{"rendered":"<h2 data-start=\"140\" data-end=\"193\">5-APB online kaufen \u2013 Hochreines 5-APB f\u00fcr Forschung<\/h2>\n<h3 data-start=\"195\" data-end=\"280\">Achetez du 5-APB (5-(2-aminopropyl)benzofurane) en ligne \u2013 Int\u00e9r\u00eat croissant pour le 5-APB<\/h3>\n<h3 data-start=\"282\" data-end=\"332\">Qu'est-ce que le 5-APB (5-(2-aminopropyl)benzofurane) ?<\/h3>\n<p data-start=\"334\" data-end=\"835\"><a href=\"https:\/\/en.wikipedia.org\/wiki\/5-APB\">5-APB<\/a>, chimiquement connu sous le nom de 5-(2-aminopropyl)benzofurane, est une substance psychoactive appartenant au groupe des empathog\u00e8nes et des stimulants. Ce compos\u00e9 agit sur le syst\u00e8me nerveux central et est fr\u00e9quemment utilis\u00e9 en recherche neuroscientifique pour mieux comprendre les m\u00e9canismes des neurotransmetteurs tels que la s\u00e9rotonine et la dopamine. En raison de ses effets uniques sur la cognition et l'humeur, de nombreux chercheurs choisissent <a href=\"https:\/\/chemgramx.com\/fr\/produit\/5-apb-5-2-aminopropylbenzofuran\/\">5-APB acheter en ligne<\/a> f\u00fcr professionelle Studien.<\/p>\n<h3 data-start=\"837\" data-end=\"886\">Est-il l\u00e9gal d\u2019acheter du 5-APB dans votre pays ?<\/h3>\n<p data-start=\"888\" data-end=\"1141\">Die rechtliche Situation von 5-APB zu verkaufen ist weltweit unterschiedlich. W\u00e4hrend es in einigen L\u00e4ndern unter das Bet\u00e4ubungsmittelgesetz f\u00e4llt und somit verboten ist, existieren in anderen L\u00e4ndern weniger restriktive Regelungen oder eine Grauzone.<\/p>\n<p data-start=\"1143\" data-end=\"1178\">Informations importantes pour les acheteurs :<\/p>\n<ul data-start=\"1180\" data-end=\"1458\">\n<li data-start=\"1180\" data-end=\"1283\">\n<p data-start=\"1182\" data-end=\"1283\">V\u00e9rifiez les exigences l\u00e9gales en vigueur dans votre pays avant de commander du 5-APB en ligne.<\/p>\n<\/li>\n<li data-start=\"1284\" data-end=\"1367\">\n<p data-start=\"1286\" data-end=\"1367\">Utilisez le produit uniquement \u00e0 des fins de recherche et d\u2019\u00e9tude juridiques.<\/p>\n<\/li>\n<li data-start=\"1368\" data-end=\"1458\">\n<p data-start=\"1370\" data-end=\"1458\">\u00c9vitez d\u2019acheter aupr\u00e8s de vendeurs douteux pour \u00e9viter des probl\u00e8mes juridiques.<\/p>\n<\/li>\n<\/ul>\n<h3 data-start=\"1460\" data-end=\"1493\">Warum 5-APB online kaufen?<\/h3>\n<p data-start=\"1495\" data-end=\"1566\">De plus en plus de scientifiques se tournent vers les boutiques en ligne car elles :<\/p>\n<ul data-start=\"1568\" data-end=\"1864\">\n<li data-start=\"1568\" data-end=\"1648\">\n<p data-start=\"1570\" data-end=\"1648\">Permettez un approvisionnement rapide et discret de 5-APB en achetant en ligne.<\/p>\n<\/li>\n<li data-start=\"1649\" data-end=\"1707\">\n<p data-start=\"1651\" data-end=\"1707\">Proposer une vari\u00e9t\u00e9 de quantit\u00e9s de produits et de niveaux de puret\u00e9.<\/p>\n<\/li>\n<li data-start=\"1708\" data-end=\"1797\">\n<p data-start=\"1710\" data-end=\"1797\">Ils sont souvent accompagn\u00e9s de certificats d'analyse v\u00e9rifi\u00e9s qui confirment la puret\u00e9 et la qualit\u00e9.<\/p>\n<\/li>\n<li data-start=\"1798\" data-end=\"1864\">\n<p data-start=\"1800\" data-end=\"1864\">Proposez un processus de commande simple et transparent.<\/p>\n<\/li>\n<\/ul>\n<h3 data-start=\"1866\" data-end=\"1922\">Comment reconna\u00eetre un fournisseur 5-APB r\u00e9put\u00e9 ?<\/h3>\n<p data-start=\"1924\" data-end=\"2046\">Choisir un revendeur fiable est crucial pour la qualit\u00e9 de vos r\u00e9sultats de recherche. Soyez attentif aux points suivants\u00a0:<\/p>\n<ul data-start=\"2048\" data-end=\"2317\">\n<li data-start=\"2048\" data-end=\"2128\">\n<p data-start=\"2050\" data-end=\"2128\">Nachweisbare Produktqualit\u00e4t durch Zertifikate (COA) f\u00fcr 5-APB zu verkaufen.<\/p>\n<\/li>\n<li data-start=\"2129\" data-end=\"2188\">\n<p data-start=\"2131\" data-end=\"2188\">Avis clients positifs et support professionnel.<\/p>\n<\/li>\n<li data-start=\"2189\" data-end=\"2259\">\n<p data-start=\"2191\" data-end=\"2259\">Informations transparentes sur l'origine, la puret\u00e9 et les conditions d'exp\u00e9dition.<\/p>\n<\/li>\n<li data-start=\"2260\" data-end=\"2317\">\n<p data-start=\"2262\" data-end=\"2317\">Options de paiement s\u00e9curis\u00e9es et discr\u00e9tion lors de l'exp\u00e9dition.<\/p>\n<\/li>\n<\/ul>\n<h3 data-start=\"2641\" data-end=\"2716\">Derniers conseils pour un achat s\u00fbr, l\u00e9gal et \u00e9clair\u00e9<\/h3>\n<ul data-start=\"2718\" data-end=\"3079\">\n<li data-start=\"2718\" data-end=\"2816\">\n<p data-start=\"2720\" data-end=\"2816\">Informieren Sie sich vor dem Kauf ausf\u00fchrlich \u00fcber 5-APB-Preis und den rechtlichen Status.<\/p>\n<\/li>\n<li data-start=\"2817\" data-end=\"2886\">\n<p data-start=\"2819\" data-end=\"2886\">Kaufen Sie ausschlie\u00dflich bei seri\u00f6sen, zertifizierten Anbietern.<\/p>\n<\/li>\n<li data-start=\"2887\" data-end=\"2986\">\n<p data-start=\"2889\" data-end=\"2986\">Testez d\u2019abord les nouveaux produits en petites quantit\u00e9s pour v\u00e9rifier leur qualit\u00e9 et leur tol\u00e9rance.<\/p>\n<\/li>\n<li data-start=\"2987\" data-end=\"3079\">\n<p data-start=\"2989\" data-end=\"3079\">Utilisez le 5-APB de mani\u00e8re responsable uniquement \u00e0 des fins de recherche l\u00e9gitimes.<\/p>\n<\/li>\n<\/ul>\n<h3 data-start=\"3081\" data-end=\"3170\">Description du produit : 5-APB (5-(2-aminopropyl)benzofurane) de haute qualit\u00e9 pour la recherche<\/h3>\n<p data-start=\"3172\" data-end=\"3340\">Unser Premium 5-APB zu verkaufen \u00fcberzeugt durch h\u00f6chste Reinheit und pr\u00e4zise Dosierung. Ideal f\u00fcr Laborforschung und wissenschaftliche Studien bietet dieses Produkt:<\/p>\n<ul data-start=\"3342\" data-end=\"3651\">\n<li data-start=\"3342\" data-end=\"3404\">\n<p data-start=\"3344\" data-end=\"3404\">Puret\u00e9 sup\u00e9rieure \u00e0 99 %, confirm\u00e9e par des tests de laboratoire ind\u00e9pendants<\/p>\n<\/li>\n<li data-start=\"3405\" data-end=\"3480\">\n<p data-start=\"3407\" data-end=\"3480\">Certificats d'analyse (COA) pour garantir la qualit\u00e9 et la s\u00e9curit\u00e9<\/p>\n<\/li>\n<li data-start=\"3481\" data-end=\"3548\">\n<p data-start=\"3483\" data-end=\"3548\">Quantit\u00e9s de commande flexibles adapt\u00e9es \u00e0 vos besoins de recherche<\/p>\n<\/li>\n<li data-start=\"3549\" data-end=\"3599\">\n<p data-start=\"3551\" data-end=\"3599\">Diskreter Versand und sichere Zahlungsmethoden<\/p>\n<\/li>\n<li data-start=\"3600\" data-end=\"3651\">\n<p data-start=\"3602\" data-end=\"3651\">Des conseils et un soutien comp\u00e9tents pour vos questions<\/p>\n<\/li>\n<\/ul>\n<p data-start=\"3653\" data-end=\"3850\">Bestellen Sie jetzt bei der besten Adresse, um 5-APB online kaufen zu sichern, und profitieren Sie von einem schnellen, sicheren und vertrauensw\u00fcrdigen Einkaufserlebnis f\u00fcr Forschungssubstanzen.<\/p>","protected":false},"excerpt":{"rendered":"<p>Le 5-APB (5-(2-aminopropyl)benzofurane) est une substance psychoactive qui appartient \u00e0 la classe des compos\u00e9s empathog\u00e8nes et stimulants. Elle est souvent utilis\u00e9e dans la recherche et par les utilisateurs pour ses effets stimulants et euphorisants.<\/p>\n<p>Num\u00e9ro de CAS : <strong>145204-66-0<\/strong><br \/>\nFormule chimique : <strong>C11H14N2O<\/strong><\/p>","protected":false},"featured_media":830,"comment_status":"open","ping_status":"closed","template":"","meta":{"_joinchat":[]},"product_brand":[],"product_cat":[52,48],"product_tag":[2705,2698,2702,2700,2699,2704,2703,2701,2706,2015],"class_list":{"0":"post-829","1":"product","2":"type-product","3":"status-publish","4":"has-post-thumbnail","6":"product_cat-benzofurans","7":"product_cat-stimulants","8":"product_tag-5-apb-chemikalien","9":"product_tag-5-apb-kaufen","10":"product_tag-5-apb-kaufen-deutschland","11":"product_tag-5-apb-kristalle","12":"product_tag-5-apb-online","13":"product_tag-5-apb-preis","14":"product_tag-5-apb-prodej","15":"product_tag-5-apb-pulver","16":"product_tag-5-apb-zum-verkauf","17":"product_tag-synthetische-drogen","19":"first","20":"instock","21":"shipping-taxable","22":"purchasable","23":"product-type-variable"},"yoast_head":"<!-- This site is optimized with the Yoast SEO plugin v26.1.1 - https:\/\/yoast.com\/wordpress\/plugins\/seo\/ -->\n<title>5-APB (5-(2-Aminopropyl)benzofuran) zu verkaufen | chemgramx<\/title>\n<meta name=\"description\" content=\"Entdecken Sie unseren Online-Shop f\u00fcr 5-apb (5-(2-Aminopropyl)benzofuran) zu verkaufen, der hochwertiges 5-apb anbietet. Kaufen Sie 5-apb (5-(2-Aminopropyl)benzofuran) sicher online und beginnen Sie Ihre Forschungsreise voller Zuversicht.\" \/>\n<meta name=\"robots\" content=\"index, follow, max-snippet:-1, max-image-preview:large, max-video-preview:-1\" \/>\n<link rel=\"canonical\" href=\"https:\/\/chemgramx.com\/fr\/produit\/5-apb-5-2-aminopropylbenzofuran\/\" \/>\n<meta property=\"og:locale\" content=\"fr_FR\" \/>\n<meta property=\"og:type\" content=\"article\" \/>\n<meta property=\"og:title\" content=\"5-APB (5-(2-Aminopropyl)benzofuran) zu verkaufen | chemgramx\" \/>\n<meta property=\"og:description\" content=\"Entdecken Sie unseren Online-Shop f\u00fcr 5-apb (5-(2-Aminopropyl)benzofuran) zu verkaufen, der hochwertiges 5-apb anbietet. Kaufen Sie 5-apb (5-(2-Aminopropyl)benzofuran) sicher online und beginnen Sie Ihre Forschungsreise voller Zuversicht.\" \/>\n<meta property=\"og:url\" content=\"https:\/\/chemgramx.com\/fr\/produit\/5-apb-5-2-aminopropylbenzofuran\/\" \/>\n<meta property=\"og:site_name\" content=\"Chemgramx\" \/>\n<meta property=\"article:modified_time\" content=\"2025-10-15T10:58:57+00:00\" \/>\n<meta property=\"og:image\" content=\"https:\/\/chemgramx.com\/wp-content\/uploads\/2024\/10\/5-APB-Online-Kaufen.jpg\" \/>\n\t<meta property=\"og:image:width\" content=\"501\" \/>\n\t<meta property=\"og:image:height\" content=\"373\" \/>\n\t<meta property=\"og:image:type\" content=\"image\/jpeg\" \/>\n<meta name=\"twitter:card\" content=\"summary_large_image\" \/>\n<meta name=\"twitter:label1\" content=\"Dur\u00e9e de lecture estim\u00e9e\" \/>\n\t<meta name=\"twitter:data1\" content=\"2 minutes\" \/>\n<script type=\"application\/ld+json\" class=\"yoast-schema-graph\">{\"@context\":\"https:\/\/schema.org\",\"@graph\":[{\"@type\":\"WebPage\",\"@id\":\"https:\/\/chemgramx.com\/product\/5-apb-5-2-aminopropylbenzofuran\/\",\"url\":\"https:\/\/chemgramx.com\/product\/5-apb-5-2-aminopropylbenzofuran\/\",\"name\":\"5-APB (5-(2-Aminopropyl)benzofuran) zu verkaufen | chemgramx\",\"isPartOf\":{\"@id\":\"https:\/\/chemgramx.com\/#website\"},\"primaryImageOfPage\":{\"@id\":\"https:\/\/chemgramx.com\/product\/5-apb-5-2-aminopropylbenzofuran\/#primaryimage\"},\"image\":{\"@id\":\"https:\/\/chemgramx.com\/product\/5-apb-5-2-aminopropylbenzofuran\/#primaryimage\"},\"thumbnailUrl\":\"https:\/\/chemgramx.com\/wp-content\/uploads\/2024\/10\/5-APB-Online-Kaufen.jpg\",\"datePublished\":\"2024-10-24T11:10:48+00:00\",\"dateModified\":\"2025-10-15T10:58:57+00:00\",\"description\":\"Entdecken Sie unseren Online-Shop f\u00fcr 5-apb (5-(2-Aminopropyl)benzofuran) zu verkaufen, der hochwertiges 5-apb anbietet. Kaufen Sie 5-apb (5-(2-Aminopropyl)benzofuran) sicher online und beginnen Sie Ihre Forschungsreise voller Zuversicht.\",\"breadcrumb\":{\"@id\":\"https:\/\/chemgramx.com\/product\/5-apb-5-2-aminopropylbenzofuran\/#breadcrumb\"},\"inLanguage\":\"fr-FR\",\"potentialAction\":[{\"@type\":\"ReadAction\",\"target\":[\"https:\/\/chemgramx.com\/product\/5-apb-5-2-aminopropylbenzofuran\/\"]}]},{\"@type\":\"ImageObject\",\"inLanguage\":\"fr-FR\",\"@id\":\"https:\/\/chemgramx.com\/product\/5-apb-5-2-aminopropylbenzofuran\/#primaryimage\",\"url\":\"https:\/\/chemgramx.com\/wp-content\/uploads\/2024\/10\/5-APB-Online-Kaufen.jpg\",\"contentUrl\":\"https:\/\/chemgramx.com\/wp-content\/uploads\/2024\/10\/5-APB-Online-Kaufen.jpg\",\"width\":501,\"height\":373,\"caption\":\"5-APB (5-(2-Aminopropyl)benzofuran) online kaufen\"},{\"@type\":\"BreadcrumbList\",\"@id\":\"https:\/\/chemgramx.com\/product\/5-apb-5-2-aminopropylbenzofuran\/#breadcrumb\",\"itemListElement\":[{\"@type\":\"ListItem\",\"position\":1,\"name\":\"Home\",\"item\":\"https:\/\/chemgramx.com\/\"},{\"@type\":\"ListItem\",\"position\":2,\"name\":\"Shop\",\"item\":\"https:\/\/chemgramx.com\/shop\/\"},{\"@type\":\"ListItem\",\"position\":3,\"name\":\"5-APB (5-(2-Aminopropyl)benzofuran) online kaufen\"}]},{\"@type\":\"WebSite\",\"@id\":\"https:\/\/chemgramx.com\/#website\",\"url\":\"https:\/\/chemgramx.com\/\",\"name\":\"Chemgramx\",\"description\":\"\",\"publisher\":{\"@id\":\"https:\/\/chemgramx.com\/#organization\"},\"potentialAction\":[{\"@type\":\"SearchAction\",\"target\":{\"@type\":\"EntryPoint\",\"urlTemplate\":\"https:\/\/chemgramx.com\/?s={search_term_string}\"},\"query-input\":{\"@type\":\"PropertyValueSpecification\",\"valueRequired\":true,\"valueName\":\"search_term_string\"}}],\"inLanguage\":\"fr-FR\"},{\"@type\":\"Organization\",\"@id\":\"https:\/\/chemgramx.com\/#organization\",\"name\":\"Chemgramx\",\"url\":\"https:\/\/chemgramx.com\/\",\"logo\":{\"@type\":\"ImageObject\",\"inLanguage\":\"fr-FR\",\"@id\":\"https:\/\/chemgramx.com\/#\/schema\/logo\/image\/\",\"url\":\"https:\/\/chemgramx.com\/wp-content\/uploads\/2024\/10\/final-logo.png\",\"contentUrl\":\"https:\/\/chemgramx.com\/wp-content\/uploads\/2024\/10\/final-logo.png\",\"width\":250,\"height\":48,\"caption\":\"Chemgramx\"},\"image\":{\"@id\":\"https:\/\/chemgramx.com\/#\/schema\/logo\/image\/\"}}]}<\/script>\n<!-- \/ Yoast SEO plugin. -->","yoast_head_json":{"title":"5-APB (5-(2-Aminopropyl)benzofuran) zu verkaufen | chemgramx","description":"Entdecken Sie unseren Online-Shop f\u00fcr 5-apb (5-(2-Aminopropyl)benzofuran) zu verkaufen, der hochwertiges 5-apb anbietet. Kaufen Sie 5-apb (5-(2-Aminopropyl)benzofuran) sicher online und beginnen Sie Ihre Forschungsreise voller Zuversicht.","robots":{"index":"index","follow":"follow","max-snippet":"max-snippet:-1","max-image-preview":"max-image-preview:large","max-video-preview":"max-video-preview:-1"},"canonical":"https:\/\/chemgramx.com\/fr\/produit\/5-apb-5-2-aminopropylbenzofuran\/","og_locale":"fr_FR","og_type":"article","og_title":"5-APB (5-(2-Aminopropyl)benzofuran) zu verkaufen | chemgramx","og_description":"Entdecken Sie unseren Online-Shop f\u00fcr 5-apb (5-(2-Aminopropyl)benzofuran) zu verkaufen, der hochwertiges 5-apb anbietet. Kaufen Sie 5-apb (5-(2-Aminopropyl)benzofuran) sicher online und beginnen Sie Ihre Forschungsreise voller Zuversicht.","og_url":"https:\/\/chemgramx.com\/fr\/produit\/5-apb-5-2-aminopropylbenzofuran\/","og_site_name":"Chemgramx","article_modified_time":"2025-10-15T10:58:57+00:00","og_image":[{"width":501,"height":373,"url":"https:\/\/chemgramx.com\/wp-content\/uploads\/2024\/10\/5-APB-Online-Kaufen.jpg","type":"image\/jpeg"}],"twitter_card":"summary_large_image","twitter_misc":{"Dur\u00e9e de lecture estim\u00e9e":"2 minutes"},"schema":{"@context":"https:\/\/schema.org","@graph":[{"@type":"WebPage","@id":"https:\/\/chemgramx.com\/product\/5-apb-5-2-aminopropylbenzofuran\/","url":"https:\/\/chemgramx.com\/product\/5-apb-5-2-aminopropylbenzofuran\/","name":"5-APB (5-(2-Aminopropyl)benzofuran) zu verkaufen | chemgramx","isPartOf":{"@id":"https:\/\/chemgramx.com\/#website"},"primaryImageOfPage":{"@id":"https:\/\/chemgramx.com\/product\/5-apb-5-2-aminopropylbenzofuran\/#primaryimage"},"image":{"@id":"https:\/\/chemgramx.com\/product\/5-apb-5-2-aminopropylbenzofuran\/#primaryimage"},"thumbnailUrl":"https:\/\/chemgramx.com\/wp-content\/uploads\/2024\/10\/5-APB-Online-Kaufen.jpg","datePublished":"2024-10-24T11:10:48+00:00","dateModified":"2025-10-15T10:58:57+00:00","description":"Entdecken Sie unseren Online-Shop f\u00fcr 5-apb (5-(2-Aminopropyl)benzofuran) zu verkaufen, der hochwertiges 5-apb anbietet. Kaufen Sie 5-apb (5-(2-Aminopropyl)benzofuran) sicher online und beginnen Sie Ihre Forschungsreise voller Zuversicht.","breadcrumb":{"@id":"https:\/\/chemgramx.com\/product\/5-apb-5-2-aminopropylbenzofuran\/#breadcrumb"},"inLanguage":"fr-FR","potentialAction":[{"@type":"ReadAction","target":["https:\/\/chemgramx.com\/product\/5-apb-5-2-aminopropylbenzofuran\/"]}]},{"@type":"ImageObject","inLanguage":"fr-FR","@id":"https:\/\/chemgramx.com\/product\/5-apb-5-2-aminopropylbenzofuran\/#primaryimage","url":"https:\/\/chemgramx.com\/wp-content\/uploads\/2024\/10\/5-APB-Online-Kaufen.jpg","contentUrl":"https:\/\/chemgramx.com\/wp-content\/uploads\/2024\/10\/5-APB-Online-Kaufen.jpg","width":501,"height":373,"caption":"5-APB (5-(2-Aminopropyl)benzofuran) online kaufen"},{"@type":"BreadcrumbList","@id":"https:\/\/chemgramx.com\/product\/5-apb-5-2-aminopropylbenzofuran\/#breadcrumb","itemListElement":[{"@type":"ListItem","position":1,"name":"Home","item":"https:\/\/chemgramx.com\/"},{"@type":"ListItem","position":2,"name":"Shop","item":"https:\/\/chemgramx.com\/shop\/"},{"@type":"ListItem","position":3,"name":"5-APB (5-(2-Aminopropyl)benzofuran) online kaufen"}]},{"@type":"WebSite","@id":"https:\/\/chemgramx.com\/#website","url":"https:\/\/chemgramx.com\/","name":"Chemgramx","description":"","publisher":{"@id":"https:\/\/chemgramx.com\/#organization"},"potentialAction":[{"@type":"SearchAction","target":{"@type":"EntryPoint","urlTemplate":"https:\/\/chemgramx.com\/?s={search_term_string}"},"query-input":{"@type":"PropertyValueSpecification","valueRequired":true,"valueName":"search_term_string"}}],"inLanguage":"fr-FR"},{"@type":"Organization","@id":"https:\/\/chemgramx.com\/#organization","name":"Chemgramx","url":"https:\/\/chemgramx.com\/","logo":{"@type":"ImageObject","inLanguage":"fr-FR","@id":"https:\/\/chemgramx.com\/#\/schema\/logo\/image\/","url":"https:\/\/chemgramx.com\/wp-content\/uploads\/2024\/10\/final-logo.png","contentUrl":"https:\/\/chemgramx.com\/wp-content\/uploads\/2024\/10\/final-logo.png","width":250,"height":48,"caption":"Chemgramx"},"image":{"@id":"https:\/\/chemgramx.com\/#\/schema\/logo\/image\/"}}]}},"_links":{"self":[{"href":"https:\/\/chemgramx.com\/fr\/wp-json\/wp\/v2\/product\/829","targetHints":{"allow":["GET"]}}],"collection":[{"href":"https:\/\/chemgramx.com\/fr\/wp-json\/wp\/v2\/product"}],"about":[{"href":"https:\/\/chemgramx.com\/fr\/wp-json\/wp\/v2\/types\/product"}],"replies":[{"embeddable":true,"href":"https:\/\/chemgramx.com\/fr\/wp-json\/wp\/v2\/comments?post=829"}],"wp:featuredmedia":[{"embeddable":true,"href":"https:\/\/chemgramx.com\/fr\/wp-json\/wp\/v2\/media\/830"}],"wp:attachment":[{"href":"https:\/\/chemgramx.com\/fr\/wp-json\/wp\/v2\/media?parent=829"}],"wp:term":[{"taxonomy":"product_brand","embeddable":true,"href":"https:\/\/chemgramx.com\/fr\/wp-json\/wp\/v2\/product_brand?post=829"},{"taxonomy":"product_cat","embeddable":true,"href":"https:\/\/chemgramx.com\/fr\/wp-json\/wp\/v2\/product_cat?post=829"},{"taxonomy":"product_tag","embeddable":true,"href":"https:\/\/chemgramx.com\/fr\/wp-json\/wp\/v2\/product_tag?post=829"}],"curies":[{"name":"wp","href":"https:\/\/api.w.org\/{rel}","templated":true}]}}