{"id":832,"date":"2024-10-24T11:21:44","date_gmt":"2024-10-24T11:21:44","guid":{"rendered":"https:\/\/chemgramx.com\/?post_type=product&#038;p=832"},"modified":"2025-09-04T11:56:35","modified_gmt":"2025-09-04T11:56:35","slug":"6-apb-6-2-aminopropylbenzofuran-2","status":"publish","type":"product","link":"https:\/\/chemgramx.com\/fr\/produit\/6-apb-6-2-aminopropylbenzofuran-2\/","title":{"rendered":"6-APB (6-(2-aminopropyl)benzofurane)"},"content":{"rendered":"<h2 data-start=\"142\" data-end=\"195\">Achetez du 6-APB en ligne \u2013 6-APB haute puret\u00e9 pour la recherche<\/h2>\n<h3 data-start=\"197\" data-end=\"260\">Int\u00e9r\u00eat croissant pour le 6-APB (6-(2-aminopropyl)benzofurane)<\/h3>\n<h3 data-start=\"262\" data-end=\"318\">Was genau ist 6-APB (6-(2-Aminopropyl)benzofuran)?<\/h3>\n<p data-start=\"320\" data-end=\"866\">Le 6-APB est un compos\u00e9 synth\u00e9tique du groupe des benzofuranes, appartenant aux empathog\u00e8nes et aux stimulants. Connue chimiquement sous le nom de 6-(2-aminopropyl)benzofurane, cette substance est utilis\u00e9e en recherche pour \u00e9tudier ses effets sur le syst\u00e8me nerveux central, en particulier sur les neurotransmetteurs tels que la s\u00e9rotonine, la dopamine et la noradr\u00e9naline. De nombreux chercheurs <a href=\"https:\/\/chemgramx.com\/fr\/produit\/6-apb-6-2-aminopropylbenzofuran-2\/\">acheter du 6-APB en ligne<\/a>, sch\u00e4tzen die einzigartige Struktur und Wirkungsweise dieser Verbindung, die sie zu einem wertvollen Molek\u00fcl f\u00fcr wissenschaftliche Studien macht.<\/p>\n<h3 data-start=\"868\" data-end=\"917\">Est-il l\u00e9gal d\u2019acheter du 6-APB dans votre pays ?<\/h3>\n<p data-start=\"919\" data-end=\"1333\">La l\u00e9galit\u00e9 de la vente du 6-APB varie consid\u00e9rablement d'un pays \u00e0 l'autre. Dans de nombreuses r\u00e9gions, cette substance est soumise \u00e0 des restrictions l\u00e9gales ou \u00e0 des interdictions, tandis que dans d'autres, elle n'est pas encore explicitement r\u00e9glement\u00e9e. Avant de commander du 6-APB en ligne, v\u00e9rifiez la l\u00e9gislation locale pour garantir un achat l\u00e9gal et s\u00fbr. Le 6-APB doit \u00eatre utilis\u00e9 exclusivement \u00e0 des fins de recherche.<\/p>\n<h3 data-start=\"1335\" data-end=\"1368\">Pourquoi acheter du 6-APB en ligne ?<\/h3>\n<p data-start=\"1370\" data-end=\"1502\">Le commerce en ligne permet aux chercheurs et aux laboratoires d'acc\u00e9der \u00e0 des produits certifi\u00e9s de haute qualit\u00e9. Parmi les avantages, on peut citer\u00a0:<\/p>\n<ul data-start=\"1504\" data-end=\"1708\">\n<li data-start=\"1504\" data-end=\"1539\">\n<p data-start=\"1506\" data-end=\"1539\">Livraison rapide et discr\u00e8te<\/p>\n<\/li>\n<li data-start=\"1540\" data-end=\"1587\">\n<p data-start=\"1542\" data-end=\"1587\">Large choix de quantit\u00e9s et de puret\u00e9s<\/p>\n<\/li>\n<li data-start=\"1588\" data-end=\"1640\">\n<p data-start=\"1590\" data-end=\"1640\">Informations transparentes sur les produits et tests en laboratoire<\/p>\n<\/li>\n<li data-start=\"1641\" data-end=\"1708\">\n<p data-start=\"1643\" data-end=\"1708\">Processus de commande simplifi\u00e9s et options de paiement flexibles<\/p>\n<\/li>\n<\/ul>\n<p data-start=\"1710\" data-end=\"1817\">Ces avantages font de la commande de 6-APB en ligne la m\u00e9thode pr\u00e9f\u00e9r\u00e9e des chercheurs.<\/p>\n<h3 data-start=\"1819\" data-end=\"1875\">Wie erkennt man einen seri\u00f6sen Anbieter von 6-APB?<\/h3>\n<p data-start=\"1877\" data-end=\"1952\">Lors de l'achat de <a href=\"https:\/\/en.wikipedia.org\/wiki\/6-APB\">6-APB<\/a> il est important de pr\u00eater attention aux crit\u00e8res suivants :<\/p>\n<ul data-start=\"1954\" data-end=\"2187\">\n<li data-start=\"1954\" data-end=\"2027\">\n<p data-start=\"1956\" data-end=\"2027\">Disponibilit\u00e9 de certificats de tests de laboratoire (COA) pour l'assurance qualit\u00e9<\/p>\n<\/li>\n<li data-start=\"2028\" data-end=\"2081\">\n<p data-start=\"2030\" data-end=\"2081\">Avis positifs d'experts et de chercheurs<\/p>\n<\/li>\n<li data-start=\"2082\" data-end=\"2137\">\n<p data-start=\"2084\" data-end=\"2137\">Descriptions de produits d\u00e9taill\u00e9es et transparentes<\/p>\n<\/li>\n<li data-start=\"2138\" data-end=\"2187\">\n<p data-start=\"2140\" data-end=\"2187\">M\u00e9thodes de paiement s\u00e9curis\u00e9es et tra\u00e7ables<\/p>\n<\/li>\n<\/ul>\n<p data-start=\"2189\" data-end=\"2278\">Seul un revendeur r\u00e9put\u00e9 garantit la qualit\u00e9 et la s\u00e9curit\u00e9 du 6-APB \u00e0 vendre.<\/p>\n<h3 data-start=\"2280\" data-end=\"2336\">\u00c9vitez les pi\u00e8ges de la fraude et les produits de qualit\u00e9 inf\u00e9rieure<\/h3>\n<p data-start=\"2338\" data-end=\"2406\">Pour minimiser les risques lors de l\u2019achat de 6-APB en ligne, \u00e9vitez :<\/p>\n<ul data-start=\"2408\" data-end=\"2622\">\n<li data-start=\"2408\" data-end=\"2473\">\n<p data-start=\"2410\" data-end=\"2473\">Fournisseurs avec des prix extr\u00eamement bas sans preuve de qualit\u00e9<\/p>\n<\/li>\n<li data-start=\"2474\" data-end=\"2527\">\n<p data-start=\"2476\" data-end=\"2527\">Informations sur le produit incompl\u00e8tes ou manquantes<\/p>\n<\/li>\n<li data-start=\"2528\" data-end=\"2579\">\n<p data-start=\"2530\" data-end=\"2579\">Manque d'options de contact et de service client<\/p>\n<\/li>\n<li data-start=\"2580\" data-end=\"2622\">\n<p data-start=\"2582\" data-end=\"2622\">Avis clients mauvais ou inexistants<\/p>\n<\/li>\n<\/ul>\n<p data-start=\"2624\" data-end=\"2703\">Faites confiance \u00e0 des revendeurs v\u00e9rifi\u00e9s pour ne pas compromettre votre projet de recherche.<\/p>\n<h3 data-start=\"2705\" data-end=\"2780\">Derniers conseils pour un achat s\u00fbr, l\u00e9gal et \u00e9clair\u00e9<\/h3>\n<ul data-start=\"2782\" data-end=\"3076\">\n<li data-start=\"2782\" data-end=\"2865\">\n<p data-start=\"2784\" data-end=\"2865\">V\u00e9rifiez toujours les r\u00e9glementations l\u00e9gales de votre pays avant de commander.<\/p>\n<\/li>\n<li data-start=\"2866\" data-end=\"2937\">\n<p data-start=\"2868\" data-end=\"2937\">Achetez uniquement aupr\u00e8s de vendeurs dont la qualit\u00e9 des produits et le COA sont v\u00e9rifi\u00e9s.<\/p>\n<\/li>\n<li data-start=\"2938\" data-end=\"3014\">\n<p data-start=\"2940\" data-end=\"3014\">Beginnen Sie mit kleinen Mengen, um die Produktqualit\u00e4t zu verifizieren.<\/p>\n<\/li>\n<li data-start=\"3015\" data-end=\"3076\">\n<p data-start=\"3017\" data-end=\"3076\">Utilisez le 6-APB \u00e0 des fins de recherche uniquement.<\/p>\n<\/li>\n<\/ul>\n<p data-start=\"3078\" data-end=\"3186\">Chemgramx \u2013 Votre fournisseur de confiance pour l'achat en ligne de 6-APB et de substances de recherche de haute qualit\u00e9<\/p>","protected":false},"excerpt":{"rendered":"<p><strong>6-APB (6-(2-aminopropyl)benzofurane)<\/strong> ist ein synthetisches psychoaktives Stimulans und Empathogen, das zur Klasse der Benzofurane geh\u00f6rt. Es wird oft als Forschungschemikalie betrachtet und hat in den letzten Jahren in der Freizeitdrogenszene an Popularit\u00e4t gewonnen. Dieser Leitfaden bietet eine detaillierte \u00dcbersicht \u00fcber 6-APB, einschlie\u00dflich seiner chemischen Struktur, Wirkungen, Risiken und rechtlichen Status.<\/p>\n<h3>Structure chimique et formule<\/h3>\n<ul>\n<li><strong>Formule chimique :<\/strong> C\u2081\u2080H\u2087NO<\/li>\n<li><strong>Nom IUPAC :<\/strong> 6-(2-Aminopropyl)benzofuran<\/li>\n<li><strong>Num\u00e9ro CAS :<\/strong> 3015-51-1<\/li>\n<\/ul>","protected":false},"featured_media":834,"comment_status":"open","ping_status":"closed","template":"","meta":{"_joinchat":[]},"product_brand":[],"product_cat":[48],"product_tag":[418,410,409,432,424,433,421,437,436,419,422,425,420,430,423,435,427,426,434,428,431,429,249,292,411,415,251,417,413,414,250,248,416,412],"class_list":{"0":"post-832","1":"product","2":"type-product","3":"status-publish","4":"has-post-thumbnail","6":"product_cat-stimulants","7":"product_tag-5-apb","8":"product_tag-6-2-aminopropylbenzofuran","9":"product_tag-6-apb","10":"product_tag-6-apb-analyse","11":"product_tag-6-apb-anwendung","12":"product_tag-6-apb-chemie","13":"product_tag-6-apb-forschung","14":"product_tag-6-apb-forschungslabor","15":"product_tag-6-apb-groshandel","16":"product_tag-6-apb-kaufen","17":"product_tag-6-apb-labor","18":"product_tag-6-apb-lagerung","19":"product_tag-6-apb-lieferant","20":"product_tag-6-apb-markt","21":"product_tag-6-apb-preis","22":"product_tag-6-apb-referenzmaterial","23":"product_tag-6-apb-risiken","24":"product_tag-6-apb-sicherheit","25":"product_tag-6-apb-substanz","26":"product_tag-6-apb-verfugbarkeit","27":"product_tag-6-apb-vertrieb","28":"product_tag-6-apb-vorschriften","29":"product_tag-amphetamin-derivate","30":"product_tag-cathinone","31":"product_tag-chemische-formel-6-apb","32":"product_tag-empathogene","33":"product_tag-gesundheitliche-risiken","34":"product_tag-mephedron","35":"product_tag-rechtlicher-status-6-apb","36":"product_tag-risiken-6-apb","37":"product_tag-suchtgefahr","38":"product_tag-synthetische-stimulanzien","39":"product_tag-vergleich-zu-mdma","40":"product_tag-wirkungen-von-6-apb","42":"first","43":"instock","44":"shipping-taxable","45":"purchasable","46":"product-type-variable"},"yoast_head":"<!-- This site is optimized with the Yoast SEO plugin v26.1.1 - https:\/\/yoast.com\/wordpress\/plugins\/seo\/ -->\n<title>6-APB (6-(2-Aminopropyl)benzofuran) Online Kaufen \u2013 Chemgramx<\/title>\n<meta name=\"description\" content=\"Bestellen Sie 6-APB (6-(2-Aminopropyl)benzofuran) f\u00fcr Forschungszwecke bei Chemgramx. Labortestet, hochrein, schnelle und diskrete Lieferung. Jetzt 6-APB online kaufen!\" \/>\n<meta name=\"robots\" content=\"index, follow, max-snippet:-1, max-image-preview:large, max-video-preview:-1\" \/>\n<link rel=\"canonical\" href=\"https:\/\/chemgramx.com\/fr\/produit\/6-apb-6-2-aminopropylbenzofuran-2\/\" \/>\n<meta property=\"og:locale\" content=\"fr_FR\" \/>\n<meta property=\"og:type\" content=\"article\" \/>\n<meta property=\"og:title\" content=\"6-APB (6-(2-Aminopropyl)benzofuran) Online Kaufen \u2013 Chemgramx\" \/>\n<meta property=\"og:description\" content=\"Bestellen Sie 6-APB (6-(2-Aminopropyl)benzofuran) f\u00fcr Forschungszwecke bei Chemgramx. Labortestet, hochrein, schnelle und diskrete Lieferung. Jetzt 6-APB online kaufen!\" \/>\n<meta property=\"og:url\" content=\"https:\/\/chemgramx.com\/fr\/produit\/6-apb-6-2-aminopropylbenzofuran-2\/\" \/>\n<meta property=\"og:site_name\" content=\"Chemgramx\" \/>\n<meta property=\"article:modified_time\" content=\"2025-09-04T11:56:35+00:00\" \/>\n<meta property=\"og:image\" content=\"https:\/\/chemgramx.com\/wp-content\/uploads\/2024\/10\/6-APB-6-2-Aminopropylbenzofuran.jpg\" \/>\n\t<meta property=\"og:image:width\" content=\"442\" \/>\n\t<meta property=\"og:image:height\" content=\"370\" \/>\n\t<meta property=\"og:image:type\" content=\"image\/jpeg\" \/>\n<meta name=\"twitter:card\" content=\"summary_large_image\" \/>\n<meta name=\"twitter:label1\" content=\"Dur\u00e9e de lecture estim\u00e9e\" \/>\n\t<meta name=\"twitter:data1\" content=\"2 minutes\" \/>\n<script type=\"application\/ld+json\" class=\"yoast-schema-graph\">{\"@context\":\"https:\/\/schema.org\",\"@graph\":[{\"@type\":\"WebPage\",\"@id\":\"https:\/\/chemgramx.com\/product\/6-apb-6-2-aminopropylbenzofuran-2\/\",\"url\":\"https:\/\/chemgramx.com\/product\/6-apb-6-2-aminopropylbenzofuran-2\/\",\"name\":\"6-APB (6-(2-Aminopropyl)benzofuran) Online Kaufen \u2013 Chemgramx\",\"isPartOf\":{\"@id\":\"https:\/\/chemgramx.com\/#website\"},\"primaryImageOfPage\":{\"@id\":\"https:\/\/chemgramx.com\/product\/6-apb-6-2-aminopropylbenzofuran-2\/#primaryimage\"},\"image\":{\"@id\":\"https:\/\/chemgramx.com\/product\/6-apb-6-2-aminopropylbenzofuran-2\/#primaryimage\"},\"thumbnailUrl\":\"https:\/\/chemgramx.com\/wp-content\/uploads\/2024\/10\/6-APB-6-2-Aminopropylbenzofuran.jpg\",\"datePublished\":\"2024-10-24T11:21:44+00:00\",\"dateModified\":\"2025-09-04T11:56:35+00:00\",\"description\":\"Bestellen Sie 6-APB (6-(2-Aminopropyl)benzofuran) f\u00fcr Forschungszwecke bei Chemgramx. Labortestet, hochrein, schnelle und diskrete Lieferung. Jetzt 6-APB online kaufen!\",\"breadcrumb\":{\"@id\":\"https:\/\/chemgramx.com\/product\/6-apb-6-2-aminopropylbenzofuran-2\/#breadcrumb\"},\"inLanguage\":\"fr-FR\",\"potentialAction\":[{\"@type\":\"ReadAction\",\"target\":[\"https:\/\/chemgramx.com\/product\/6-apb-6-2-aminopropylbenzofuran-2\/\"]}]},{\"@type\":\"ImageObject\",\"inLanguage\":\"fr-FR\",\"@id\":\"https:\/\/chemgramx.com\/product\/6-apb-6-2-aminopropylbenzofuran-2\/#primaryimage\",\"url\":\"https:\/\/chemgramx.com\/wp-content\/uploads\/2024\/10\/6-APB-6-2-Aminopropylbenzofuran.jpg\",\"contentUrl\":\"https:\/\/chemgramx.com\/wp-content\/uploads\/2024\/10\/6-APB-6-2-Aminopropylbenzofuran.jpg\",\"width\":442,\"height\":370,\"caption\":\"6-APB Online Kaufen\"},{\"@type\":\"BreadcrumbList\",\"@id\":\"https:\/\/chemgramx.com\/product\/6-apb-6-2-aminopropylbenzofuran-2\/#breadcrumb\",\"itemListElement\":[{\"@type\":\"ListItem\",\"position\":1,\"name\":\"Home\",\"item\":\"https:\/\/chemgramx.com\/\"},{\"@type\":\"ListItem\",\"position\":2,\"name\":\"Shop\",\"item\":\"https:\/\/chemgramx.com\/shop\/\"},{\"@type\":\"ListItem\",\"position\":3,\"name\":\"6-APB (6-(2-Aminopropyl)benzofuran)\"}]},{\"@type\":\"WebSite\",\"@id\":\"https:\/\/chemgramx.com\/#website\",\"url\":\"https:\/\/chemgramx.com\/\",\"name\":\"Chemgramx\",\"description\":\"\",\"publisher\":{\"@id\":\"https:\/\/chemgramx.com\/#organization\"},\"potentialAction\":[{\"@type\":\"SearchAction\",\"target\":{\"@type\":\"EntryPoint\",\"urlTemplate\":\"https:\/\/chemgramx.com\/?s={search_term_string}\"},\"query-input\":{\"@type\":\"PropertyValueSpecification\",\"valueRequired\":true,\"valueName\":\"search_term_string\"}}],\"inLanguage\":\"fr-FR\"},{\"@type\":\"Organization\",\"@id\":\"https:\/\/chemgramx.com\/#organization\",\"name\":\"Chemgramx\",\"url\":\"https:\/\/chemgramx.com\/\",\"logo\":{\"@type\":\"ImageObject\",\"inLanguage\":\"fr-FR\",\"@id\":\"https:\/\/chemgramx.com\/#\/schema\/logo\/image\/\",\"url\":\"https:\/\/chemgramx.com\/wp-content\/uploads\/2024\/10\/final-logo.png\",\"contentUrl\":\"https:\/\/chemgramx.com\/wp-content\/uploads\/2024\/10\/final-logo.png\",\"width\":250,\"height\":48,\"caption\":\"Chemgramx\"},\"image\":{\"@id\":\"https:\/\/chemgramx.com\/#\/schema\/logo\/image\/\"}}]}<\/script>\n<!-- \/ Yoast SEO plugin. -->","yoast_head_json":{"title":"6-APB (6-(2-Aminopropyl)benzofuran) Online Kaufen \u2013 Chemgramx","description":"Bestellen Sie 6-APB (6-(2-Aminopropyl)benzofuran) f\u00fcr Forschungszwecke bei Chemgramx. Labortestet, hochrein, schnelle und diskrete Lieferung. Jetzt 6-APB online kaufen!","robots":{"index":"index","follow":"follow","max-snippet":"max-snippet:-1","max-image-preview":"max-image-preview:large","max-video-preview":"max-video-preview:-1"},"canonical":"https:\/\/chemgramx.com\/fr\/produit\/6-apb-6-2-aminopropylbenzofuran-2\/","og_locale":"fr_FR","og_type":"article","og_title":"6-APB (6-(2-Aminopropyl)benzofuran) Online Kaufen \u2013 Chemgramx","og_description":"Bestellen Sie 6-APB (6-(2-Aminopropyl)benzofuran) f\u00fcr Forschungszwecke bei Chemgramx. Labortestet, hochrein, schnelle und diskrete Lieferung. Jetzt 6-APB online kaufen!","og_url":"https:\/\/chemgramx.com\/fr\/produit\/6-apb-6-2-aminopropylbenzofuran-2\/","og_site_name":"Chemgramx","article_modified_time":"2025-09-04T11:56:35+00:00","og_image":[{"width":442,"height":370,"url":"https:\/\/chemgramx.com\/wp-content\/uploads\/2024\/10\/6-APB-6-2-Aminopropylbenzofuran.jpg","type":"image\/jpeg"}],"twitter_card":"summary_large_image","twitter_misc":{"Dur\u00e9e de lecture estim\u00e9e":"2 minutes"},"schema":{"@context":"https:\/\/schema.org","@graph":[{"@type":"WebPage","@id":"https:\/\/chemgramx.com\/product\/6-apb-6-2-aminopropylbenzofuran-2\/","url":"https:\/\/chemgramx.com\/product\/6-apb-6-2-aminopropylbenzofuran-2\/","name":"6-APB (6-(2-Aminopropyl)benzofuran) Online Kaufen \u2013 Chemgramx","isPartOf":{"@id":"https:\/\/chemgramx.com\/#website"},"primaryImageOfPage":{"@id":"https:\/\/chemgramx.com\/product\/6-apb-6-2-aminopropylbenzofuran-2\/#primaryimage"},"image":{"@id":"https:\/\/chemgramx.com\/product\/6-apb-6-2-aminopropylbenzofuran-2\/#primaryimage"},"thumbnailUrl":"https:\/\/chemgramx.com\/wp-content\/uploads\/2024\/10\/6-APB-6-2-Aminopropylbenzofuran.jpg","datePublished":"2024-10-24T11:21:44+00:00","dateModified":"2025-09-04T11:56:35+00:00","description":"Bestellen Sie 6-APB (6-(2-Aminopropyl)benzofuran) f\u00fcr Forschungszwecke bei Chemgramx. Labortestet, hochrein, schnelle und diskrete Lieferung. Jetzt 6-APB online kaufen!","breadcrumb":{"@id":"https:\/\/chemgramx.com\/product\/6-apb-6-2-aminopropylbenzofuran-2\/#breadcrumb"},"inLanguage":"fr-FR","potentialAction":[{"@type":"ReadAction","target":["https:\/\/chemgramx.com\/product\/6-apb-6-2-aminopropylbenzofuran-2\/"]}]},{"@type":"ImageObject","inLanguage":"fr-FR","@id":"https:\/\/chemgramx.com\/product\/6-apb-6-2-aminopropylbenzofuran-2\/#primaryimage","url":"https:\/\/chemgramx.com\/wp-content\/uploads\/2024\/10\/6-APB-6-2-Aminopropylbenzofuran.jpg","contentUrl":"https:\/\/chemgramx.com\/wp-content\/uploads\/2024\/10\/6-APB-6-2-Aminopropylbenzofuran.jpg","width":442,"height":370,"caption":"6-APB Online Kaufen"},{"@type":"BreadcrumbList","@id":"https:\/\/chemgramx.com\/product\/6-apb-6-2-aminopropylbenzofuran-2\/#breadcrumb","itemListElement":[{"@type":"ListItem","position":1,"name":"Home","item":"https:\/\/chemgramx.com\/"},{"@type":"ListItem","position":2,"name":"Shop","item":"https:\/\/chemgramx.com\/shop\/"},{"@type":"ListItem","position":3,"name":"6-APB (6-(2-Aminopropyl)benzofuran)"}]},{"@type":"WebSite","@id":"https:\/\/chemgramx.com\/#website","url":"https:\/\/chemgramx.com\/","name":"Chemgramx","description":"","publisher":{"@id":"https:\/\/chemgramx.com\/#organization"},"potentialAction":[{"@type":"SearchAction","target":{"@type":"EntryPoint","urlTemplate":"https:\/\/chemgramx.com\/?s={search_term_string}"},"query-input":{"@type":"PropertyValueSpecification","valueRequired":true,"valueName":"search_term_string"}}],"inLanguage":"fr-FR"},{"@type":"Organization","@id":"https:\/\/chemgramx.com\/#organization","name":"Chemgramx","url":"https:\/\/chemgramx.com\/","logo":{"@type":"ImageObject","inLanguage":"fr-FR","@id":"https:\/\/chemgramx.com\/#\/schema\/logo\/image\/","url":"https:\/\/chemgramx.com\/wp-content\/uploads\/2024\/10\/final-logo.png","contentUrl":"https:\/\/chemgramx.com\/wp-content\/uploads\/2024\/10\/final-logo.png","width":250,"height":48,"caption":"Chemgramx"},"image":{"@id":"https:\/\/chemgramx.com\/#\/schema\/logo\/image\/"}}]}},"_links":{"self":[{"href":"https:\/\/chemgramx.com\/fr\/wp-json\/wp\/v2\/product\/832","targetHints":{"allow":["GET"]}}],"collection":[{"href":"https:\/\/chemgramx.com\/fr\/wp-json\/wp\/v2\/product"}],"about":[{"href":"https:\/\/chemgramx.com\/fr\/wp-json\/wp\/v2\/types\/product"}],"replies":[{"embeddable":true,"href":"https:\/\/chemgramx.com\/fr\/wp-json\/wp\/v2\/comments?post=832"}],"wp:featuredmedia":[{"embeddable":true,"href":"https:\/\/chemgramx.com\/fr\/wp-json\/wp\/v2\/media\/834"}],"wp:attachment":[{"href":"https:\/\/chemgramx.com\/fr\/wp-json\/wp\/v2\/media?parent=832"}],"wp:term":[{"taxonomy":"product_brand","embeddable":true,"href":"https:\/\/chemgramx.com\/fr\/wp-json\/wp\/v2\/product_brand?post=832"},{"taxonomy":"product_cat","embeddable":true,"href":"https:\/\/chemgramx.com\/fr\/wp-json\/wp\/v2\/product_cat?post=832"},{"taxonomy":"product_tag","embeddable":true,"href":"https:\/\/chemgramx.com\/fr\/wp-json\/wp\/v2\/product_tag?post=832"}],"curies":[{"name":"wp","href":"https:\/\/api.w.org\/{rel}","templated":true}]}}