{"id":835,"date":"2024-10-24T11:32:01","date_gmt":"2024-10-24T11:32:01","guid":{"rendered":"https:\/\/chemgramx.com\/?post_type=product&#038;p=835"},"modified":"2025-10-15T07:27:28","modified_gmt":"2025-10-15T07:27:28","slug":"4-ho-met","status":"publish","type":"product","link":"https:\/\/chemgramx.com\/fr\/produit\/4-ho-met\/","title":{"rendered":"Acheter 4-HO-MET (4-hydroxy-N-m\u00e9thyl-N-\u00e9thyltryptamine) en ligne"},"content":{"rendered":"<h2 data-start=\"127\" data-end=\"227\">Achetez du 4-HO-MET (4-hydroxy-N-m\u00e9thyl-N-\u00e9thyltryptamine) en ligne \u2013 4-HO-MET hautement purifi\u00e9 pour la recherche<\/h2>\n<h3 data-start=\"229\" data-end=\"244\">invoering<\/h3>\n<p data-start=\"246\" data-end=\"756\">Souhaitez-vous acheter du 4-HO-MET en ligne aupr\u00e8s d'un fournisseur fiable\u00a0? Chemgramx propose du 4-HO-MET (4-hydroxy-N-m\u00e9thyl-N-\u00e9thyltryptamine) hautement pur et test\u00e9 en laboratoire, destin\u00e9 \u00e0 la recherche. Le 4-HO-MET est un compos\u00e9 chimique de la famille des tryptamines utilis\u00e9 dans des \u00e9tudes scientifiques pour \u00e9tudier les effets psych\u00e9d\u00e9liques et l'activit\u00e9 des neurotransmetteurs dans le cerveau. <a href=\"https:\/\/chemgramx.com\/fr\/produit\/4-ho-met\/\">Commander 4-HO-MET<\/a>\u00a0b\u00e9n\u00e9ficie de produits test\u00e9s de la plus haute puret\u00e9 et qualit\u00e9.<\/p>\n<h3 data-start=\"758\" data-end=\"780\">Qu'est-ce que 4-HO-MET ?<\/h3>\n<p data-start=\"782\" data-end=\"1259\"><a href=\"https:\/\/en.wikipedia.org\/wiki\/4-HO-MET\">4-HO-MET<\/a> C'est une tryptamine psych\u00e9d\u00e9lique structurellement apparent\u00e9e \u00e0 la psilocine (le principe actif des champignons magiques). Elle est utilis\u00e9e en recherche pour analyser ses effets sur les r\u00e9cepteurs de la s\u00e9rotonine, essentiels \u00e0 la cognition et \u00e0 la r\u00e9gulation de l'humeur. De nombreux chercheurs et utilisateurs qui ach\u00e8tent du 4-HO-MET en ligne l'utilisent pour explorer ses effets psychotropes, ses r\u00e9actions \u00e9motionnelles et ses changements cognitifs.<\/p>\n<h3 data-start=\"1261\" data-end=\"1302\">Pourquoi choisir le 4-HO-MET pour la recherche ?<\/h3>\n<p data-start=\"1304\" data-end=\"1718\">Le 4-HO-MET est une substance pr\u00e9cieuse pour l'\u00e9tude des effets psych\u00e9d\u00e9liques et de la modulation des neurotransmetteurs. Les chercheurs utilisent le 4-HO-MET en ligne pour comprendre comment les agonistes des r\u00e9cepteurs de la s\u00e9rotonine influencent la perception, la conscience et les r\u00e9ponses \u00e9motionnelles. Ce compos\u00e9 est id\u00e9al pour les \u00e9tudes ciblant les changements dans la perception, la cognition et le traitement \u00e9motionnel.<\/p>\n<h3 data-start=\"1720\" data-end=\"1759\">4-HO-MET en vente chez Chemgramx<\/h3>\n<p data-start=\"1761\" data-end=\"2208\">Chez Chemgramx, nous proposons du 4-HO-MET de la plus haute qualit\u00e9 pour vos recherches. Nos tests rigoureux en laboratoire garantissent puret\u00e9 et pr\u00e9cision, garantissant la fiabilit\u00e9 et la reproductibilit\u00e9 de vos exp\u00e9riences. Que vous \u00e9tudiiez l'activit\u00e9 des r\u00e9cepteurs de la s\u00e9rotonine, les r\u00e9ponses comportementales ou les propri\u00e9t\u00e9s psychotropes des tryptamines, nous avons la solution pour vous\u00a0: commandez en ligne v\u00e9rifi\u00e9e.<\/p>\n<h3 data-start=\"2210\" data-end=\"2260\">Avantages de l'achat de 4-HO-MET chez Chemgramx<\/h3>\n<ul data-start=\"2262\" data-end=\"2797\">\n<li data-start=\"2262\" data-end=\"2387\">\n<p data-start=\"2264\" data-end=\"2387\">Tests de laboratoire pour la puret\u00e9 : Notre achat en ligne de 4-HO-MET est minutieusement test\u00e9 pour garantir les normes les plus \u00e9lev\u00e9es.<\/p>\n<\/li>\n<li data-start=\"2388\" data-end=\"2523\">\n<p data-start=\"2390\" data-end=\"2523\">Livraison rapide et discr\u00e8te : Nous proposons des options d'exp\u00e9dition rapides et discr\u00e8tes pour garantir que votre commande arrive en toute s\u00e9curit\u00e9.<\/p>\n<\/li>\n<li data-start=\"2524\" data-end=\"2675\">\n<p data-start=\"2526\" data-end=\"2675\">Parfait pour la recherche : le 4-HO-MET est id\u00e9al pour les \u00e9tudes sur l\u2019activit\u00e9 des r\u00e9cepteurs de la s\u00e9rotonine, les effets psych\u00e9d\u00e9liques et les changements de comportement.<\/p>\n<\/li>\n<li data-start=\"2676\" data-end=\"2797\">\n<p data-start=\"2678\" data-end=\"2797\">Transparente Preisgestaltung: Informieren Sie sich \u00fcber 4-HO-MET-Preis und bestellen Sie ohne \u00dcberraschungen.<\/p>\n<\/li>\n<\/ul>\n<h3 data-start=\"2799\" data-end=\"2844\">Statut juridique et livraison s\u00e9curis\u00e9e<\/h3>\n<p data-start=\"2846\" data-end=\"3095\">V\u00e9rifiez le statut juridique du 4-HO-MET dans votre pays. Chemgramx vend du 4-HO-MET exclusivement \u00e0 des fins de recherche et respecte scrupuleusement toutes les r\u00e9glementations l\u00e9gales. Nos livraisons sont discr\u00e8tes et s\u00e9curis\u00e9es.<\/p>\n<h3 data-start=\"3097\" data-end=\"3144\">Commandez 4-HO-MET pour la recherche aujourd'hui<\/h3>\n<p data-start=\"3146\" data-end=\"3442\">Pr\u00eat \u00e0 commencer vos recherches sur le 4-HO-MET en ligne\u00a0? Commandez du 4-HO-MET en ligne sur Chemgramx et b\u00e9n\u00e9ficiez de substances de recherche de haute puret\u00e9, test\u00e9es en laboratoire. Chemgramx est votre fournisseur fiable de 4-HO-MET et d'autres substances de recherche de haute qualit\u00e9.<\/p>\n<p data-start=\"3449\" data-end=\"3549\">Chemgramx \u2013 Votre fournisseur de confiance de 4-HO-MET et de substances de recherche de haute qualit\u00e9<\/p>","protected":false},"excerpt":{"rendered":"<p><strong>4-HO-MET (4-hydroxy-N-m\u00e9thyl-N-\u00e9thyltryptamine)<\/strong> est un d\u00e9riv\u00e9 psych\u00e9d\u00e9lique synth\u00e9tique de la tryptamine, souvent consid\u00e9r\u00e9 comme un produit chimique de recherche. Il a gagn\u00e9 en popularit\u00e9 dans la communaut\u00e9 psych\u00e9d\u00e9lique au cours des derni\u00e8res ann\u00e9es. Ce guide fournit un aper\u00e7u d\u00e9taill\u00e9 de la 4-HO-MET, y compris sa structure chimique, ses effets, ses risques et son statut juridique.<\/p>\n<h3>Structure chimique et formule<\/h3>\n<ul>\n<li><strong>Formule chimique :<\/strong> C\u2081\u2086H\u2082\u2081N\u2082O<\/li>\n<li><strong>Nom IUPAC :<\/strong> 4-hydroxy-N-m\u00e9thyl-N-\u00e9thyltryptamine<\/li>\n<li><strong>Num\u00e9ro CAS :<\/strong> 2363-32-6<\/li>\n<li><strong>Propri\u00e9t\u00e9s chimiques<\/strong>Le groupe hydroxy en position 4 du cycle indole et les groupes N-m\u00e9thyle et N-\u00e9thyle conf\u00e8rent au 4-HO-MET son activit\u00e9 pharmacologique et sa stabilit\u00e9 uniques.<\/li>\n<\/ul>\n<h3><strong>Dur\u00e9e et effets<\/strong><\/h3>\n<p>L'effet de la 4-HO-MET dure typiquement <strong>4 \u00e0 6 heures<\/strong> en fonction du dosage et des facteurs individuels :<\/p>\n<ul>\n<li><strong>D\u00e9but de l'effet<\/strong>20 \u00e0 40 minutes.<\/li>\n<li><strong>Point culminant<\/strong>1,5 \u00e0 3 heures.<\/li>\n<li><strong>R\u00e9percussions<\/strong>: Effets subtils qui s'estompent en 1 \u00e0 2 heures.<\/li>\n<\/ul>","protected":false},"featured_media":837,"comment_status":"open","ping_status":"closed","template":"","meta":{"_joinchat":[]},"product_brand":[],"product_cat":[96],"product_tag":[605,578,592,584,1550,1547,593,1555,1543,581,1540,597,1541,596,579,582,585,1553,580,590,1548,1551,1537,1542,583,595,587,1552,586,594,588,1556,591,589,598,1536,1554,229,599,606,1538,188,251,1539,1549,1544,1546,607,187,601,602,1545,250,603,604,600],"class_list":{"0":"post-835","1":"product","2":"type-product","3":"status-publish","4":"has-post-thumbnail","6":"product_cat-psychedelische-droge","7":"product_tag-4-aco-dmt","8":"product_tag-4-ho-met","9":"product_tag-4-ho-met-analyse","10":"product_tag-4-ho-met-anwendung","11":"product_tag-4-ho-met-bestellen","12":"product_tag-4-ho-met-bulk-bestellung","13":"product_tag-4-ho-met-chemie","14":"product_tag-4-ho-met-chemikalie","15":"product_tag-4-ho-met-experimente","16":"product_tag-4-ho-met-forschung","17":"product_tag-4-ho-met-forschung-chemikalie","18":"product_tag-4-ho-met-forschungslabor","19":"product_tag-4-ho-met-fur-neurowissenschaftliche-studien","20":"product_tag-4-ho-met-groshandel","21":"product_tag-4-ho-met-kaufen","22":"product_tag-4-ho-met-labor","23":"product_tag-4-ho-met-lagerung","24":"product_tag-4-ho-met-legal","25":"product_tag-4-ho-met-lieferant","26":"product_tag-4-ho-met-markt","27":"product_tag-4-ho-met-marktanalyse","28":"product_tag-4-ho-met-online","29":"product_tag-4-ho-met-online-bestellen","30":"product_tag-4-ho-met-pharmazeutische-forschung","31":"product_tag-4-ho-met-preis","32":"product_tag-4-ho-met-referenzmaterial","33":"product_tag-4-ho-met-risiken","34":"product_tag-4-ho-met-sicher","35":"product_tag-4-ho-met-sicherheit","36":"product_tag-4-ho-met-substanz","37":"product_tag-4-ho-met-verfugbarkeit","38":"product_tag-4-ho-met-versand","39":"product_tag-4-ho-met-vertrieb","40":"product_tag-4-ho-met-vorschriften","41":"product_tag-4-hydroxy-n-methyl-n-ethyltryptamin","42":"product_tag-4-hydroxy-n-methyl-n-ethyltryptamin-bestellen","43":"product_tag-4homet-gunstig","44":"product_tag-5-meo-dmt","45":"product_tag-chemische-formel-4-ho-met","46":"product_tag-dmt","47":"product_tag-forschung-chemikalien-4-ho-met","48":"product_tag-forschungschemikalien","49":"product_tag-gesundheitliche-risiken","50":"product_tag-hochwertige-4-ho-met-kaufen","51":"product_tag-innovative-4-ho-met-forschung","52":"product_tag-laborqualitat-4-ho-met","53":"product_tag-legaler-4-ho-met-anbieter","54":"product_tag-lsd","55":"product_tag-psychedelische-substanzen","56":"product_tag-rechtlicher-status-4-ho-met","57":"product_tag-risiken-4-ho-met","58":"product_tag-sicherer-4-ho-met-versand","59":"product_tag-suchtgefahr","60":"product_tag-synthetische-tryptamine","61":"product_tag-vergleich-zu-psilocin","62":"product_tag-wirkungen-von-4-ho-met","64":"first","65":"instock","66":"shipping-taxable","67":"purchasable","68":"product-type-variable"},"yoast_head":"<!-- This site is optimized with the Yoast SEO plugin v26.1.1 - https:\/\/yoast.com\/wordpress\/plugins\/seo\/ -->\n<title>4-HO-MET zu verkaufen \u2013 4-HO-MET online kaufen | chemgramx<\/title>\n<meta name=\"description\" content=\"Sie k\u00f6nnen 4-HO-Met zu den besten Preisen in unserem Chemgramx-Onlineshop kaufen. Wir sind hier, um Ihnen zu helfen, 4-HO-Met online zu kaufen. Verbinden Sie sich noch heute mit dem besten Gesch\u00e4ft der Stadt!\" \/>\n<meta name=\"robots\" content=\"index, follow, max-snippet:-1, max-image-preview:large, max-video-preview:-1\" \/>\n<link rel=\"canonical\" href=\"https:\/\/chemgramx.com\/fr\/produit\/4-ho-met\/\" \/>\n<meta property=\"og:locale\" content=\"fr_FR\" \/>\n<meta property=\"og:type\" content=\"article\" \/>\n<meta property=\"og:title\" content=\"4-HO-MET zu verkaufen \u2013 4-HO-MET online kaufen | chemgramx\" \/>\n<meta property=\"og:description\" content=\"Sie k\u00f6nnen 4-HO-Met zu den besten Preisen in unserem Chemgramx-Onlineshop kaufen. Wir sind hier, um Ihnen zu helfen, 4-HO-Met online zu kaufen. Verbinden Sie sich noch heute mit dem besten Gesch\u00e4ft der Stadt!\" \/>\n<meta property=\"og:url\" content=\"https:\/\/chemgramx.com\/fr\/produit\/4-ho-met\/\" \/>\n<meta property=\"og:site_name\" content=\"Chemgramx\" \/>\n<meta property=\"article:modified_time\" content=\"2025-10-15T07:27:28+00:00\" \/>\n<meta property=\"og:image\" content=\"https:\/\/chemgramx.com\/wp-content\/uploads\/2024\/10\/4-HO-MET-4-Hydroxy-N-methyl-N-ethyltryptamin.jpg\" \/>\n\t<meta property=\"og:image:width\" content=\"700\" \/>\n\t<meta property=\"og:image:height\" content=\"600\" \/>\n\t<meta property=\"og:image:type\" content=\"image\/jpeg\" \/>\n<meta name=\"twitter:card\" content=\"summary_large_image\" \/>\n<meta name=\"twitter:label1\" content=\"Dur\u00e9e de lecture estim\u00e9e\" \/>\n\t<meta name=\"twitter:data1\" content=\"2 minutes\" \/>\n<script type=\"application\/ld+json\" class=\"yoast-schema-graph\">{\"@context\":\"https:\/\/schema.org\",\"@graph\":[{\"@type\":\"WebPage\",\"@id\":\"https:\/\/chemgramx.com\/product\/4-ho-met\/\",\"url\":\"https:\/\/chemgramx.com\/product\/4-ho-met\/\",\"name\":\"4-HO-MET zu verkaufen \u2013 4-HO-MET online kaufen | chemgramx\",\"isPartOf\":{\"@id\":\"https:\/\/chemgramx.com\/#website\"},\"primaryImageOfPage\":{\"@id\":\"https:\/\/chemgramx.com\/product\/4-ho-met\/#primaryimage\"},\"image\":{\"@id\":\"https:\/\/chemgramx.com\/product\/4-ho-met\/#primaryimage\"},\"thumbnailUrl\":\"https:\/\/chemgramx.com\/wp-content\/uploads\/2024\/10\/4-HO-MET-4-Hydroxy-N-methyl-N-ethyltryptamin.jpg\",\"datePublished\":\"2024-10-24T11:32:01+00:00\",\"dateModified\":\"2025-10-15T07:27:28+00:00\",\"description\":\"Sie k\u00f6nnen 4-HO-Met zu den besten Preisen in unserem Chemgramx-Onlineshop kaufen. Wir sind hier, um Ihnen zu helfen, 4-HO-Met online zu kaufen. Verbinden Sie sich noch heute mit dem besten Gesch\u00e4ft der Stadt!\",\"breadcrumb\":{\"@id\":\"https:\/\/chemgramx.com\/product\/4-ho-met\/#breadcrumb\"},\"inLanguage\":\"fr-FR\",\"potentialAction\":[{\"@type\":\"ReadAction\",\"target\":[\"https:\/\/chemgramx.com\/product\/4-ho-met\/\"]}]},{\"@type\":\"ImageObject\",\"inLanguage\":\"fr-FR\",\"@id\":\"https:\/\/chemgramx.com\/product\/4-ho-met\/#primaryimage\",\"url\":\"https:\/\/chemgramx.com\/wp-content\/uploads\/2024\/10\/4-HO-MET-4-Hydroxy-N-methyl-N-ethyltryptamin.jpg\",\"contentUrl\":\"https:\/\/chemgramx.com\/wp-content\/uploads\/2024\/10\/4-HO-MET-4-Hydroxy-N-methyl-N-ethyltryptamin.jpg\",\"width\":700,\"height\":600,\"caption\":\"4-HO-MET online kaufen\"},{\"@type\":\"BreadcrumbList\",\"@id\":\"https:\/\/chemgramx.com\/product\/4-ho-met\/#breadcrumb\",\"itemListElement\":[{\"@type\":\"ListItem\",\"position\":1,\"name\":\"Home\",\"item\":\"https:\/\/chemgramx.com\/\"},{\"@type\":\"ListItem\",\"position\":2,\"name\":\"Shop\",\"item\":\"https:\/\/chemgramx.com\/shop\/\"},{\"@type\":\"ListItem\",\"position\":3,\"name\":\"4-HO-MET (4-Hydroxy-N-methyl-N-ethyltryptamin) online kaufen\"}]},{\"@type\":\"WebSite\",\"@id\":\"https:\/\/chemgramx.com\/#website\",\"url\":\"https:\/\/chemgramx.com\/\",\"name\":\"Chemgramx\",\"description\":\"\",\"publisher\":{\"@id\":\"https:\/\/chemgramx.com\/#organization\"},\"potentialAction\":[{\"@type\":\"SearchAction\",\"target\":{\"@type\":\"EntryPoint\",\"urlTemplate\":\"https:\/\/chemgramx.com\/?s={search_term_string}\"},\"query-input\":{\"@type\":\"PropertyValueSpecification\",\"valueRequired\":true,\"valueName\":\"search_term_string\"}}],\"inLanguage\":\"fr-FR\"},{\"@type\":\"Organization\",\"@id\":\"https:\/\/chemgramx.com\/#organization\",\"name\":\"Chemgramx\",\"url\":\"https:\/\/chemgramx.com\/\",\"logo\":{\"@type\":\"ImageObject\",\"inLanguage\":\"fr-FR\",\"@id\":\"https:\/\/chemgramx.com\/#\/schema\/logo\/image\/\",\"url\":\"https:\/\/chemgramx.com\/wp-content\/uploads\/2024\/10\/final-logo.png\",\"contentUrl\":\"https:\/\/chemgramx.com\/wp-content\/uploads\/2024\/10\/final-logo.png\",\"width\":250,\"height\":48,\"caption\":\"Chemgramx\"},\"image\":{\"@id\":\"https:\/\/chemgramx.com\/#\/schema\/logo\/image\/\"}}]}<\/script>\n<!-- \/ Yoast SEO plugin. -->","yoast_head_json":{"title":"4-HO-MET \u00e0 vendre \u2013 acheter en ligne | chemgramx","description":"Achetez du 4-HO-Met aux meilleurs prix sur notre boutique en ligne Chemgramx. Nous sommes l\u00e0 pour vous aider \u00e0 acheter du 4-HO-Met en ligne. Trouvez le meilleur magasin en ville d\u00e8s aujourd'hui\u00a0!","robots":{"index":"index","follow":"follow","max-snippet":"max-snippet:-1","max-image-preview":"max-image-preview:large","max-video-preview":"max-video-preview:-1"},"canonical":"https:\/\/chemgramx.com\/fr\/produit\/4-ho-met\/","og_locale":"fr_FR","og_type":"article","og_title":"4-HO-MET zu verkaufen \u2013 4-HO-MET online kaufen | chemgramx","og_description":"Sie k\u00f6nnen 4-HO-Met zu den besten Preisen in unserem Chemgramx-Onlineshop kaufen. Wir sind hier, um Ihnen zu helfen, 4-HO-Met online zu kaufen. Verbinden Sie sich noch heute mit dem besten Gesch\u00e4ft der Stadt!","og_url":"https:\/\/chemgramx.com\/fr\/produit\/4-ho-met\/","og_site_name":"Chemgramx","article_modified_time":"2025-10-15T07:27:28+00:00","og_image":[{"width":700,"height":600,"url":"https:\/\/chemgramx.com\/wp-content\/uploads\/2024\/10\/4-HO-MET-4-Hydroxy-N-methyl-N-ethyltryptamin.jpg","type":"image\/jpeg"}],"twitter_card":"summary_large_image","twitter_misc":{"Dur\u00e9e de lecture estim\u00e9e":"2 minutes"},"schema":{"@context":"https:\/\/schema.org","@graph":[{"@type":"WebPage","@id":"https:\/\/chemgramx.com\/product\/4-ho-met\/","url":"https:\/\/chemgramx.com\/product\/4-ho-met\/","name":"4-HO-MET \u00e0 vendre \u2013 acheter en ligne | chemgramx","isPartOf":{"@id":"https:\/\/chemgramx.com\/#website"},"primaryImageOfPage":{"@id":"https:\/\/chemgramx.com\/product\/4-ho-met\/#primaryimage"},"image":{"@id":"https:\/\/chemgramx.com\/product\/4-ho-met\/#primaryimage"},"thumbnailUrl":"https:\/\/chemgramx.com\/wp-content\/uploads\/2024\/10\/4-HO-MET-4-Hydroxy-N-methyl-N-ethyltryptamin.jpg","datePublished":"2024-10-24T11:32:01+00:00","dateModified":"2025-10-15T07:27:28+00:00","description":"Achetez du 4-HO-Met aux meilleurs prix sur notre boutique en ligne Chemgramx. Nous sommes l\u00e0 pour vous aider \u00e0 acheter du 4-HO-Met en ligne. Trouvez le meilleur magasin en ville d\u00e8s aujourd'hui\u00a0!","breadcrumb":{"@id":"https:\/\/chemgramx.com\/product\/4-ho-met\/#breadcrumb"},"inLanguage":"fr-FR","potentialAction":[{"@type":"ReadAction","target":["https:\/\/chemgramx.com\/product\/4-ho-met\/"]}]},{"@type":"ImageObject","inLanguage":"fr-FR","@id":"https:\/\/chemgramx.com\/product\/4-ho-met\/#primaryimage","url":"https:\/\/chemgramx.com\/wp-content\/uploads\/2024\/10\/4-HO-MET-4-Hydroxy-N-methyl-N-ethyltryptamin.jpg","contentUrl":"https:\/\/chemgramx.com\/wp-content\/uploads\/2024\/10\/4-HO-MET-4-Hydroxy-N-methyl-N-ethyltryptamin.jpg","width":700,"height":600,"caption":"4-HO-MET online kaufen"},{"@type":"BreadcrumbList","@id":"https:\/\/chemgramx.com\/product\/4-ho-met\/#breadcrumb","itemListElement":[{"@type":"ListItem","position":1,"name":"Home","item":"https:\/\/chemgramx.com\/"},{"@type":"ListItem","position":2,"name":"Shop","item":"https:\/\/chemgramx.com\/shop\/"},{"@type":"ListItem","position":3,"name":"4-HO-MET (4-Hydroxy-N-methyl-N-ethyltryptamin) online kaufen"}]},{"@type":"WebSite","@id":"https:\/\/chemgramx.com\/#website","url":"https:\/\/chemgramx.com\/","name":"Chemgramx","description":"","publisher":{"@id":"https:\/\/chemgramx.com\/#organization"},"potentialAction":[{"@type":"SearchAction","target":{"@type":"EntryPoint","urlTemplate":"https:\/\/chemgramx.com\/?s={search_term_string}"},"query-input":{"@type":"PropertyValueSpecification","valueRequired":true,"valueName":"search_term_string"}}],"inLanguage":"fr-FR"},{"@type":"Organization","@id":"https:\/\/chemgramx.com\/#organization","name":"Chemgramx","url":"https:\/\/chemgramx.com\/","logo":{"@type":"ImageObject","inLanguage":"fr-FR","@id":"https:\/\/chemgramx.com\/#\/schema\/logo\/image\/","url":"https:\/\/chemgramx.com\/wp-content\/uploads\/2024\/10\/final-logo.png","contentUrl":"https:\/\/chemgramx.com\/wp-content\/uploads\/2024\/10\/final-logo.png","width":250,"height":48,"caption":"Chemgramx"},"image":{"@id":"https:\/\/chemgramx.com\/#\/schema\/logo\/image\/"}}]}},"_links":{"self":[{"href":"https:\/\/chemgramx.com\/fr\/wp-json\/wp\/v2\/product\/835","targetHints":{"allow":["GET"]}}],"collection":[{"href":"https:\/\/chemgramx.com\/fr\/wp-json\/wp\/v2\/product"}],"about":[{"href":"https:\/\/chemgramx.com\/fr\/wp-json\/wp\/v2\/types\/product"}],"replies":[{"embeddable":true,"href":"https:\/\/chemgramx.com\/fr\/wp-json\/wp\/v2\/comments?post=835"}],"wp:featuredmedia":[{"embeddable":true,"href":"https:\/\/chemgramx.com\/fr\/wp-json\/wp\/v2\/media\/837"}],"wp:attachment":[{"href":"https:\/\/chemgramx.com\/fr\/wp-json\/wp\/v2\/media?parent=835"}],"wp:term":[{"taxonomy":"product_brand","embeddable":true,"href":"https:\/\/chemgramx.com\/fr\/wp-json\/wp\/v2\/product_brand?post=835"},{"taxonomy":"product_cat","embeddable":true,"href":"https:\/\/chemgramx.com\/fr\/wp-json\/wp\/v2\/product_cat?post=835"},{"taxonomy":"product_tag","embeddable":true,"href":"https:\/\/chemgramx.com\/fr\/wp-json\/wp\/v2\/product_tag?post=835"}],"curies":[{"name":"wp","href":"https:\/\/api.w.org\/{rel}","templated":true}]}}