{"id":838,"date":"2024-10-24T11:49:49","date_gmt":"2024-10-24T11:49:49","guid":{"rendered":"https:\/\/chemgramx.com\/?post_type=product&#038;p=838"},"modified":"2025-10-14T10:45:31","modified_gmt":"2025-10-14T10:45:31","slug":"2-fa-2-fluoramphetamin","status":"publish","type":"product","link":"https:\/\/chemgramx.com\/fr\/produit\/2-fa-2-fluoramphetamin\/","title":{"rendered":"Acheter du 2-FA (2-fluoroamph\u00e9tamine) en ligne"},"content":{"rendered":"<h2 data-start=\"167\" data-end=\"241\">Achetez du 2-FA (2-fluoroamph\u00e9tamine) en ligne \u2013 2-FA hautement purifi\u00e9 pour la recherche<\/h2>\n<p data-start=\"260\" data-end=\"713\">Vous souhaitez acheter du 2-FA (2-fluoroph\u00e9tamine) en ligne aupr\u00e8s d'un fournisseur fiable\u00a0? Le 2-FA (2-fluoroph\u00e9tamine) est un stimulant chimique de recherche de la classe des amph\u00e9tamines substitu\u00e9es, appr\u00e9ci\u00e9 dans les \u00e9tudes scientifiques et psychoth\u00e9rapeutiques. De nombreux chercheurs et utilisateurs le choisissent. <a href=\"https:\/\/chemgramx.com\/fr\/produit\/2-fa-2-fluoramphetamin\/\">2-FA (2-fluoroph\u00e9tamine) acheter en ligne<\/a>pour \u00e9tudier les effets sur les neurotransmetteurs, la concentration et le comportement.<\/p>\n<h3 data-start=\"715\" data-end=\"753\">Qu'est-ce que le 2-FA (2-fluoroamph\u00e9tamine) ?<\/h3>\n<p data-start=\"755\" data-end=\"1127\"><a href=\"https:\/\/en.wikipedia.org\/wiki\/2-Fluoroamphetamine\">2-FA (2-Fluoramphetamin)<\/a> Il s'agit d'un d\u00e9riv\u00e9 d'amph\u00e9tamine fluor\u00e9 dont la formule mol\u00e9culaire est C9H12FN. Sa structure est similaire \u00e0 celle de l'amph\u00e9tamine classique, mais elle contient un atome de fluor en deuxi\u00e8me position du cycle ph\u00e9nyle, ce qui modifie sa puissance, sa dur\u00e9e et son effet. Toute personne souhaitant commander de la 2-FA (2-fluoroamph\u00e9tamine) doit v\u00e9rifier sa puret\u00e9 et s'assurer de sa provenance.<\/p>\n<h3 data-start=\"1432\" data-end=\"1455\">Statut juridique<\/h3>\n<p data-start=\"1457\" data-end=\"1820\">Le statut juridique du 2-FA (2-fluoroamph\u00e9tamine) varie selon les pays. En Allemagne, il peut \u00eatre soumis \u00e0 la loi sur les nouvelles substances psychoactives (NPSG). La r\u00e9glementation internationale varie consid\u00e9rablement\u00a0; il est donc important de se familiariser avec la l\u00e9gislation avant tout achat, notamment lorsque vous cherchez o\u00f9 acheter du 2-FA (2-fluoroamph\u00e9tamine).<\/p>\n<h3 data-start=\"1822\" data-end=\"1872\">Pourquoi acheter du 2-FA (2-fluoroamph\u00e9tamine) en ligne ?<\/h3>\n<h3 data-start=\"1874\" data-end=\"1913\">Accessibilit\u00e9 et commodit\u00e9<\/h3>\n<p data-start=\"1915\" data-end=\"2197\">Internet permet de commander du 2-FA (2-fluoroamph\u00e9tamine) en ligne rapidement et discr\u00e8tement. De nombreux magasins proposent une livraison internationale avec un emballage neutre, ce qui vous permet d'acheter facilement du 2-FA (2-fluoroamph\u00e9tamine) o\u00f9 que vous soyez.<\/p>\n<h3 data-start=\"2199\" data-end=\"2227\">S\u00e9lection de produits plus large<\/h3>\n<p data-start=\"2229\" data-end=\"2462\">En ligne, vous pouvez choisir parmi diff\u00e9rents dosages, puret\u00e9s et conditionnements. Ceux qui recherchent le meilleur endroit pour acheter du 2-FA (2-fluoroamph\u00e9tamine) en ligne trouveront g\u00e9n\u00e9ralement plus d'options et de meilleurs prix qu'en magasin.<\/p>\n<h3 data-start=\"2464\" data-end=\"2502\">Risques et avantages potentiels<\/h3>\n<p data-start=\"2504\" data-end=\"2519\">Avantages :<\/p>\n<ul data-start=\"2520\" data-end=\"2652\">\n<li data-start=\"2520\" data-end=\"2565\">\n<p data-start=\"2522\" data-end=\"2565\">Acc\u00e8s rapide aux produits chimiques de recherche<\/p>\n<\/li>\n<li data-start=\"2566\" data-end=\"2614\">\n<p data-start=\"2568\" data-end=\"2614\">Diff\u00e9rents dosages et quantit\u00e9s disponibles<\/p>\n<\/li>\n<li data-start=\"2615\" data-end=\"2652\">\n<p data-start=\"2617\" data-end=\"2652\">Tests de laboratoire et preuve de puret\u00e9<\/p>\n<\/li>\n<\/ul>\n<p data-start=\"2654\" data-end=\"2668\">Risques :<\/p>\n<ul data-start=\"2669\" data-end=\"2814\">\n<li data-start=\"2669\" data-end=\"2712\">\n<p data-start=\"2671\" data-end=\"2712\">Origines incertaines dans des magasins douteux<\/p>\n<\/li>\n<li data-start=\"2713\" data-end=\"2763\">\n<p data-start=\"2715\" data-end=\"2763\">Importation potentiellement ill\u00e9gale dans certains pays<\/p>\n<\/li>\n<li data-start=\"2764\" data-end=\"2814\">\n<p data-start=\"2766\" data-end=\"2814\">Certificats de laboratoire manquants ou informations peu claires<\/p>\n<\/li>\n<\/ul>\n<h3 data-start=\"3046\" data-end=\"3086\">Avis et commentaires de la communaut\u00e9<\/h3>\n<p data-start=\"3087\" data-end=\"3320\">Lisez les avis provenant de sources fiables telles que les forums scientifiques ou les communaut\u00e9s psychonautiques pour identifier les fournisseurs r\u00e9put\u00e9s aupr\u00e8s desquels vous pouvez acheter en toute s\u00e9curit\u00e9 du 2-FA (2-fluoroamph\u00e9tamine) en ligne.<\/p>\n<h3 data-start=\"3322\" data-end=\"3363\">Tests de laboratoire et certificats de puret\u00e9<\/h3>\n<p data-start=\"3364\" data-end=\"3565\">Les magasins fiables proposent des CoA (certificats d'analyse) qui garantissent une puret\u00e9 d'au moins 98 % - crucial si vous souhaitez acheter en toute s\u00e9curit\u00e9 du 2-FA (2-fluoroamph\u00e9tamine) \u00e0 vendre.<\/p>\n<h3 data-start=\"3567\" data-end=\"3608\">Consid\u00e9rations juridiques et \u00e9thiques<\/h3>\n<h3 data-start=\"3610\" data-end=\"3649\">Lois locales et internationales<\/h3>\n<p data-start=\"3650\" data-end=\"3842\">Acheter du 2-FA (2-fluoroamph\u00e9tamine) en ligne ne garantit pas automatiquement sa l\u00e9galit\u00e9. V\u00e9rifiez toujours la r\u00e9glementation de votre pays avant de commander du 2-FA (2-fluoroamph\u00e9tamine).<\/p>\n<h3 data-start=\"3844\" data-end=\"3875\">Responsabilit\u00e9 de l'acheteur<\/h3>\n<p data-start=\"3876\" data-end=\"3997\">Les acheteurs sont responsables du stockage, de l\u2019utilisation appropri\u00e9e et de la connaissance des effets, des risques et des effets secondaires.<\/p>\n<h3 data-start=\"3999\" data-end=\"4009\">Conclusion<\/h3>\n<p data-start=\"4011\" data-end=\"4368\">Le 2-FA (2-fluoroamph\u00e9tamine) est une substance tr\u00e8s recherch\u00e9e pour ses propri\u00e9t\u00e9s stimulantes. Si vous souhaitez acheter du 2-FA (2-fluoroamph\u00e9tamine) en ligne, veillez \u00e0 la qualit\u00e9, \u00e0 la fiabilit\u00e9 des fournisseurs et au respect des lois locales. Une recherche approfondie vous permettra de vous assurer que votre achat est responsable et efficace.<\/p>","protected":false},"excerpt":{"rendered":"<p>Le 2-FA est un d\u00e9riv\u00e9 synth\u00e9tique de l'amph\u00e9tamine, qui appartient \u00e0 la classe des stimulants. Il est souvent \u00e9tudi\u00e9 dans la recherche et par les utilisateurs pour ses propri\u00e9t\u00e9s psychoactives potentielles.<\/p>\n<ul>\n<li><strong>Num\u00e9ro de CAS :<\/strong> <strong>2206-28-0<\/strong><\/li>\n<li><strong>Formule chimique :<\/strong> <strong>C9H12FN<\/strong><br \/>\n<h3><strong>Dur\u00e9e et effets<\/strong><\/h3>\n<p>L'effet du 2-FA dure en g\u00e9n\u00e9ral <strong>4 \u00e0 8 heures<\/strong> Le dosage et la sensibilit\u00e9 de chacun d\u00e9terminent le degr\u00e9 d'efficacit\u00e9 du produit :<\/p>\n<ul>\n<li><strong>D\u00e9but de l'effet<\/strong>20 \u00e0 40 minutes.<\/li>\n<li><strong>Point culminant<\/strong>1,5 \u00e0 3 heures.<\/li>\n<li><strong>R\u00e9percussions<\/strong>Diminution progressive sur 2 \u00e0 4 heures avec une stimulation r\u00e9siduelle minimale.<\/li>\n<\/ul>\n<\/li>\n<\/ul>","protected":false},"featured_media":839,"comment_status":"open","ping_status":"closed","template":"","meta":{"_joinchat":[]},"product_brand":[],"product_cat":[48],"product_tag":[1161,1157,1167,1159,1153,1168,1150,1151,1146,1143,1163,1165,1147,1158,1162,1145,1152,1164,1169,1144,1166,1148,1149,1160,1154,1156,1155],"class_list":{"0":"post-838","1":"product","2":"type-product","3":"status-publish","4":"has-post-thumbnail","6":"product_cat-stimulants","7":"product_tag-2-fa-bestellen","8":"product_tag-2-fa-bulk-bestellung","9":"product_tag-2-fa-chemikalie","10":"product_tag-2-fa-distributoren-weltweit","11":"product_tag-2-fa-experimente","12":"product_tag-2-fa-forschung","13":"product_tag-2-fa-forschung-chemikalie","14":"product_tag-2-fa-fur-neurowissenschaftliche-studien","15":"product_tag-2-fa-groshandel","16":"product_tag-2-fa-kaufen","17":"product_tag-2-fa-labor","18":"product_tag-2-fa-legal","19":"product_tag-2-fa-lieferant","20":"product_tag-2-fa-marktanalyse","21":"product_tag-2-fa-online","22":"product_tag-2-fa-online-bestellen","23":"product_tag-2-fa-pharmazeutische-forschung","24":"product_tag-2-fa-sicher","25":"product_tag-2-fa-versand","26":"product_tag-2-fluoramphetamin-bestellen","27":"product_tag-2fa-gunstig","28":"product_tag-forschung-chemikalien-2-fa","29":"product_tag-hochwertige-2-fa-kaufen","30":"product_tag-innovative-2-fa-forschung","31":"product_tag-laborqualitat-2-fa","32":"product_tag-legaler-2-fa-anbieter","33":"product_tag-sicherer-2-fa-versand","35":"first","36":"instock","37":"shipping-taxable","38":"purchasable","39":"product-type-variable"},"yoast_head":"<!-- This site is optimized with the Yoast SEO plugin v26.1.1 - https:\/\/yoast.com\/wordpress\/plugins\/seo\/ -->\n<title>2-FA (2-Fluoramphetamin) online kaufen | chemgramx<\/title>\n<meta name=\"description\" content=\"Sie m\u00f6chten 2-fa (2-Fluoramphetamin) online kaufen? Entdecken Sie eine nahtlose Plattform in unserem Online-Shop, auf der Sie 2-fa (2-Fluoramphetamin) online kaufen k\u00f6nnen und so erstklassige Qualit\u00e4t f\u00fcr Ihre Forschungsanforderungen sicherstellen.\" \/>\n<meta name=\"robots\" content=\"index, follow, max-snippet:-1, max-image-preview:large, max-video-preview:-1\" \/>\n<link rel=\"canonical\" href=\"https:\/\/chemgramx.com\/fr\/produit\/2-fa-2-fluoramphetamin\/\" \/>\n<meta property=\"og:locale\" content=\"fr_FR\" \/>\n<meta property=\"og:type\" content=\"article\" \/>\n<meta property=\"og:title\" content=\"2-FA (2-Fluoramphetamin) online kaufen | chemgramx\" \/>\n<meta property=\"og:description\" content=\"Sie m\u00f6chten 2-fa (2-Fluoramphetamin) online kaufen? Entdecken Sie eine nahtlose Plattform in unserem Online-Shop, auf der Sie 2-fa (2-Fluoramphetamin) online kaufen k\u00f6nnen und so erstklassige Qualit\u00e4t f\u00fcr Ihre Forschungsanforderungen sicherstellen.\" \/>\n<meta property=\"og:url\" content=\"https:\/\/chemgramx.com\/fr\/produit\/2-fa-2-fluoramphetamin\/\" \/>\n<meta property=\"og:site_name\" content=\"Chemgramx\" \/>\n<meta property=\"article:modified_time\" content=\"2025-10-14T10:45:31+00:00\" \/>\n<meta property=\"og:image\" content=\"https:\/\/chemgramx.com\/wp-content\/uploads\/2024\/10\/2-FA-2-Fluoramphetamin.jpg\" \/>\n\t<meta property=\"og:image:width\" content=\"400\" \/>\n\t<meta property=\"og:image:height\" content=\"400\" \/>\n\t<meta property=\"og:image:type\" content=\"image\/jpeg\" \/>\n<meta name=\"twitter:card\" content=\"summary_large_image\" \/>\n<meta name=\"twitter:label1\" content=\"Dur\u00e9e de lecture estim\u00e9e\" \/>\n\t<meta name=\"twitter:data1\" content=\"3 minutes\" \/>\n<script type=\"application\/ld+json\" class=\"yoast-schema-graph\">{\"@context\":\"https:\/\/schema.org\",\"@graph\":[{\"@type\":\"WebPage\",\"@id\":\"https:\/\/chemgramx.com\/product\/2-fa-2-fluoramphetamin\/\",\"url\":\"https:\/\/chemgramx.com\/product\/2-fa-2-fluoramphetamin\/\",\"name\":\"2-FA (2-Fluoramphetamin) online kaufen | chemgramx\",\"isPartOf\":{\"@id\":\"https:\/\/chemgramx.com\/#website\"},\"primaryImageOfPage\":{\"@id\":\"https:\/\/chemgramx.com\/product\/2-fa-2-fluoramphetamin\/#primaryimage\"},\"image\":{\"@id\":\"https:\/\/chemgramx.com\/product\/2-fa-2-fluoramphetamin\/#primaryimage\"},\"thumbnailUrl\":\"https:\/\/chemgramx.com\/wp-content\/uploads\/2024\/10\/2-FA-2-Fluoramphetamin.jpg\",\"datePublished\":\"2024-10-24T11:49:49+00:00\",\"dateModified\":\"2025-10-14T10:45:31+00:00\",\"description\":\"Sie m\u00f6chten 2-fa (2-Fluoramphetamin) online kaufen? Entdecken Sie eine nahtlose Plattform in unserem Online-Shop, auf der Sie 2-fa (2-Fluoramphetamin) online kaufen k\u00f6nnen und so erstklassige Qualit\u00e4t f\u00fcr Ihre Forschungsanforderungen sicherstellen.\",\"breadcrumb\":{\"@id\":\"https:\/\/chemgramx.com\/product\/2-fa-2-fluoramphetamin\/#breadcrumb\"},\"inLanguage\":\"fr-FR\",\"potentialAction\":[{\"@type\":\"ReadAction\",\"target\":[\"https:\/\/chemgramx.com\/product\/2-fa-2-fluoramphetamin\/\"]}]},{\"@type\":\"ImageObject\",\"inLanguage\":\"fr-FR\",\"@id\":\"https:\/\/chemgramx.com\/product\/2-fa-2-fluoramphetamin\/#primaryimage\",\"url\":\"https:\/\/chemgramx.com\/wp-content\/uploads\/2024\/10\/2-FA-2-Fluoramphetamin.jpg\",\"contentUrl\":\"https:\/\/chemgramx.com\/wp-content\/uploads\/2024\/10\/2-FA-2-Fluoramphetamin.jpg\",\"width\":400,\"height\":400,\"caption\":\"2-FA (2-Fluoramphetamin) online kaufen\"},{\"@type\":\"BreadcrumbList\",\"@id\":\"https:\/\/chemgramx.com\/product\/2-fa-2-fluoramphetamin\/#breadcrumb\",\"itemListElement\":[{\"@type\":\"ListItem\",\"position\":1,\"name\":\"Home\",\"item\":\"https:\/\/chemgramx.com\/\"},{\"@type\":\"ListItem\",\"position\":2,\"name\":\"Shop\",\"item\":\"https:\/\/chemgramx.com\/shop\/\"},{\"@type\":\"ListItem\",\"position\":3,\"name\":\"2-FA (2-Fluoramphetamin) Online Kaufen\"}]},{\"@type\":\"WebSite\",\"@id\":\"https:\/\/chemgramx.com\/#website\",\"url\":\"https:\/\/chemgramx.com\/\",\"name\":\"Chemgramx\",\"description\":\"\",\"publisher\":{\"@id\":\"https:\/\/chemgramx.com\/#organization\"},\"potentialAction\":[{\"@type\":\"SearchAction\",\"target\":{\"@type\":\"EntryPoint\",\"urlTemplate\":\"https:\/\/chemgramx.com\/?s={search_term_string}\"},\"query-input\":{\"@type\":\"PropertyValueSpecification\",\"valueRequired\":true,\"valueName\":\"search_term_string\"}}],\"inLanguage\":\"fr-FR\"},{\"@type\":\"Organization\",\"@id\":\"https:\/\/chemgramx.com\/#organization\",\"name\":\"Chemgramx\",\"url\":\"https:\/\/chemgramx.com\/\",\"logo\":{\"@type\":\"ImageObject\",\"inLanguage\":\"fr-FR\",\"@id\":\"https:\/\/chemgramx.com\/#\/schema\/logo\/image\/\",\"url\":\"https:\/\/chemgramx.com\/wp-content\/uploads\/2024\/10\/final-logo.png\",\"contentUrl\":\"https:\/\/chemgramx.com\/wp-content\/uploads\/2024\/10\/final-logo.png\",\"width\":250,\"height\":48,\"caption\":\"Chemgramx\"},\"image\":{\"@id\":\"https:\/\/chemgramx.com\/#\/schema\/logo\/image\/\"}}]}<\/script>\n<!-- \/ Yoast SEO plugin. -->","yoast_head_json":{"title":"Acheter du 2-FA (2-fluoroamph\u00e9tamine) en ligne | chemgramx","description":"Vous souhaitez acheter du 2-fa (2-fluoroamph\u00e9tamine) en ligne\u00a0? D\u00e9couvrez notre boutique en ligne\u00a0: une plateforme intuitive pour acheter du 2-fa (2-fluoroamph\u00e9tamine) en ligne, garantissant une qualit\u00e9 optimale pour vos recherches.","robots":{"index":"index","follow":"follow","max-snippet":"max-snippet:-1","max-image-preview":"max-image-preview:large","max-video-preview":"max-video-preview:-1"},"canonical":"https:\/\/chemgramx.com\/fr\/produit\/2-fa-2-fluoramphetamin\/","og_locale":"fr_FR","og_type":"article","og_title":"2-FA (2-Fluoramphetamin) online kaufen | chemgramx","og_description":"Sie m\u00f6chten 2-fa (2-Fluoramphetamin) online kaufen? Entdecken Sie eine nahtlose Plattform in unserem Online-Shop, auf der Sie 2-fa (2-Fluoramphetamin) online kaufen k\u00f6nnen und so erstklassige Qualit\u00e4t f\u00fcr Ihre Forschungsanforderungen sicherstellen.","og_url":"https:\/\/chemgramx.com\/fr\/produit\/2-fa-2-fluoramphetamin\/","og_site_name":"Chemgramx","article_modified_time":"2025-10-14T10:45:31+00:00","og_image":[{"width":400,"height":400,"url":"https:\/\/chemgramx.com\/wp-content\/uploads\/2024\/10\/2-FA-2-Fluoramphetamin.jpg","type":"image\/jpeg"}],"twitter_card":"summary_large_image","twitter_misc":{"Dur\u00e9e de lecture estim\u00e9e":"3 minutes"},"schema":{"@context":"https:\/\/schema.org","@graph":[{"@type":"WebPage","@id":"https:\/\/chemgramx.com\/product\/2-fa-2-fluoramphetamin\/","url":"https:\/\/chemgramx.com\/product\/2-fa-2-fluoramphetamin\/","name":"Acheter du 2-FA (2-fluoroamph\u00e9tamine) en ligne | chemgramx","isPartOf":{"@id":"https:\/\/chemgramx.com\/#website"},"primaryImageOfPage":{"@id":"https:\/\/chemgramx.com\/product\/2-fa-2-fluoramphetamin\/#primaryimage"},"image":{"@id":"https:\/\/chemgramx.com\/product\/2-fa-2-fluoramphetamin\/#primaryimage"},"thumbnailUrl":"https:\/\/chemgramx.com\/wp-content\/uploads\/2024\/10\/2-FA-2-Fluoramphetamin.jpg","datePublished":"2024-10-24T11:49:49+00:00","dateModified":"2025-10-14T10:45:31+00:00","description":"Vous souhaitez acheter du 2-fa (2-fluoroamph\u00e9tamine) en ligne\u00a0? D\u00e9couvrez notre boutique en ligne\u00a0: une plateforme intuitive pour acheter du 2-fa (2-fluoroamph\u00e9tamine) en ligne, garantissant une qualit\u00e9 optimale pour vos recherches.","breadcrumb":{"@id":"https:\/\/chemgramx.com\/product\/2-fa-2-fluoramphetamin\/#breadcrumb"},"inLanguage":"fr-FR","potentialAction":[{"@type":"ReadAction","target":["https:\/\/chemgramx.com\/product\/2-fa-2-fluoramphetamin\/"]}]},{"@type":"ImageObject","inLanguage":"fr-FR","@id":"https:\/\/chemgramx.com\/product\/2-fa-2-fluoramphetamin\/#primaryimage","url":"https:\/\/chemgramx.com\/wp-content\/uploads\/2024\/10\/2-FA-2-Fluoramphetamin.jpg","contentUrl":"https:\/\/chemgramx.com\/wp-content\/uploads\/2024\/10\/2-FA-2-Fluoramphetamin.jpg","width":400,"height":400,"caption":"2-FA (2-Fluoramphetamin) online kaufen"},{"@type":"BreadcrumbList","@id":"https:\/\/chemgramx.com\/product\/2-fa-2-fluoramphetamin\/#breadcrumb","itemListElement":[{"@type":"ListItem","position":1,"name":"Home","item":"https:\/\/chemgramx.com\/"},{"@type":"ListItem","position":2,"name":"Shop","item":"https:\/\/chemgramx.com\/shop\/"},{"@type":"ListItem","position":3,"name":"2-FA (2-Fluoramphetamin) Online Kaufen"}]},{"@type":"WebSite","@id":"https:\/\/chemgramx.com\/#website","url":"https:\/\/chemgramx.com\/","name":"Chemgramx","description":"","publisher":{"@id":"https:\/\/chemgramx.com\/#organization"},"potentialAction":[{"@type":"SearchAction","target":{"@type":"EntryPoint","urlTemplate":"https:\/\/chemgramx.com\/?s={search_term_string}"},"query-input":{"@type":"PropertyValueSpecification","valueRequired":true,"valueName":"search_term_string"}}],"inLanguage":"fr-FR"},{"@type":"Organization","@id":"https:\/\/chemgramx.com\/#organization","name":"Chemgramx","url":"https:\/\/chemgramx.com\/","logo":{"@type":"ImageObject","inLanguage":"fr-FR","@id":"https:\/\/chemgramx.com\/#\/schema\/logo\/image\/","url":"https:\/\/chemgramx.com\/wp-content\/uploads\/2024\/10\/final-logo.png","contentUrl":"https:\/\/chemgramx.com\/wp-content\/uploads\/2024\/10\/final-logo.png","width":250,"height":48,"caption":"Chemgramx"},"image":{"@id":"https:\/\/chemgramx.com\/#\/schema\/logo\/image\/"}}]}},"_links":{"self":[{"href":"https:\/\/chemgramx.com\/fr\/wp-json\/wp\/v2\/product\/838","targetHints":{"allow":["GET"]}}],"collection":[{"href":"https:\/\/chemgramx.com\/fr\/wp-json\/wp\/v2\/product"}],"about":[{"href":"https:\/\/chemgramx.com\/fr\/wp-json\/wp\/v2\/types\/product"}],"replies":[{"embeddable":true,"href":"https:\/\/chemgramx.com\/fr\/wp-json\/wp\/v2\/comments?post=838"}],"wp:featuredmedia":[{"embeddable":true,"href":"https:\/\/chemgramx.com\/fr\/wp-json\/wp\/v2\/media\/839"}],"wp:attachment":[{"href":"https:\/\/chemgramx.com\/fr\/wp-json\/wp\/v2\/media?parent=838"}],"wp:term":[{"taxonomy":"product_brand","embeddable":true,"href":"https:\/\/chemgramx.com\/fr\/wp-json\/wp\/v2\/product_brand?post=838"},{"taxonomy":"product_cat","embeddable":true,"href":"https:\/\/chemgramx.com\/fr\/wp-json\/wp\/v2\/product_cat?post=838"},{"taxonomy":"product_tag","embeddable":true,"href":"https:\/\/chemgramx.com\/fr\/wp-json\/wp\/v2\/product_tag?post=838"}],"curies":[{"name":"wp","href":"https:\/\/api.w.org\/{rel}","templated":true}]}}