{"id":8393,"date":"2025-11-21T18:18:29","date_gmt":"2025-11-21T18:18:29","guid":{"rendered":"https:\/\/chemgramx.com\/?post_type=product&#038;p=8393"},"modified":"2025-12-09T10:06:02","modified_gmt":"2025-12-09T10:06:02","slug":"acheter-4-mmc-mephedrone-en-ligne","status":"publish","type":"product","link":"https:\/\/chemgramx.com\/fr\/product\/4-mmc-mephedrone-online-kaufen\/","title":{"rendered":"Acheter 4 MMC \u2013 Haute puret\u00e9 et qualit\u00e9 laboratoire"},"content":{"rendered":"<p>Pour les chercheurs exigeants qui <b>m\u00e9ph\u00e9drone authentique<\/b> , Chemgramx offre une solution de premier ordre. Si vous <b>4 MMC \u00e0 vendre<\/b> sous sa forme la plus pure, vous \u00eates au bon endroit. Ce produit est sp\u00e9cialement con\u00e7u \u00e0 des fins scientifiques et garantit les normes les plus \u00e9lev\u00e9es en mati\u00e8re de recherche. <b>La qualit\u00e9 de la recherche \u00e0 vendre<\/b> n'a jamais \u00e9t\u00e9 aussi simple et fiable.<\/p>\n<p>Nous comprenons l'importance de r\u00e9sultats pr\u00e9cis dans le travail scientifique. C'est pourquoi notre 4 MMC, \u00e9galement connu sous le nom de m\u00e9ph\u00e9drone, est d'une puret\u00e9 exceptionnelle. C'est le choix id\u00e9al pour les laboratoires et les instituts de recherche qui doivent pouvoir compter sur l'int\u00e9grit\u00e9 de leurs exp\u00e9riences. Vous pouvez ainsi \u00eatre s\u00fbr d'obtenir un produit qui r\u00e9pond \u00e0 vos exigences \u00e9lev\u00e9es.<\/p>\n<h2>Qu'est-ce que la 4-MMC (m\u00e9ph\u00e9drone) ?<\/h2>\n<p>La 4-m\u00e9thylm\u00e9thcathinone, mieux connue sous le nom de m\u00e9ph\u00e9drone ou 4-MMC, est un compos\u00e9 chimique synth\u00e9tique appartenant \u00e0 la classe des cathinones. Elle a \u00e9t\u00e9 synth\u00e9tis\u00e9e pour la premi\u00e8re fois en 1929, mais ce n'est qu'au XXIe si\u00e8cle qu'elle a suscit\u00e9 un int\u00e9r\u00eat particulier dans le monde de la recherche. De plus, la m\u00e9ph\u00e9drone est structurellement tr\u00e8s proche d'autres stimulants et se caract\u00e9rise par sa structure c\u00e9tonique m\u00e9thyl\u00e9e.<\/p>\n<p>Dans le domaine de la recherche, le 4-MMC est un outil pr\u00e9cieux pour \u00e9tudier des processus neurochimiques sp\u00e9cifiques. Il permet aux scientifiques de mieux comprendre les interactions complexes des neurotransmetteurs dans le cerveau. Par cons\u00e9quent, l'int\u00e9r\u00eat pour ce compos\u00e9 n'a cess\u00e9 de cro\u00eetre dans les domaines des neurosciences et de la pharmacologie. C'est pourquoi vous pouvez vous procurer chez nous <b>Commander 4 MMC en ligne<\/b>, sp\u00e9cialement pr\u00e9par\u00e9 \u00e0 cet effet.<\/p>\n<h2>La chimie derri\u00e8re le 4-MMC<\/h2>\n<p>La formule chimique du 4-MMC est C<sub>11<\/sub>H<sub>15<\/sub>NON. Il s'agit d'une poudre cristalline blanche qui se pr\u00e9sente g\u00e9n\u00e9ralement sous forme de sel hydrochlorure. Sa masse molaire est d'environ 177,24 g\/mol. Sa particularit\u00e9 r\u00e9side dans le groupe m\u00e9thyle en position 4 du cycle ph\u00e9nyle et dans la fonction c\u00e9tone.<\/p>\n<p>Cette structure sp\u00e9cifique conf\u00e8re au 4-MMC ses propri\u00e9t\u00e9s pharmacologiques uniques, qui en font un candidat int\u00e9ressant pour la recherche. Il interagit principalement avec les transporteurs de monoamines dans le syst\u00e8me nerveux central. Il influence notamment la lib\u00e9ration de dopamine, de noradr\u00e9naline et de s\u00e9rotonine, ce qui en fait un sujet d'\u00e9tude important. Pour des analyses plus approfondies, notre <b>4 MMC de haute qualit\u00e9<\/b> d'o\u00f9 son choix prioritaire.<\/p>\n<h2>Applications dans la recherche<\/h2>\n<p>Le 4-MMC est largement utilis\u00e9 dans les \u00e9tudes pr\u00e9cliniques, en particulier en neuropharmacologie et en toxicologie. Les chercheurs l'utilisent pour simuler les effets des stimulants sur le comportement et la physiologie. De m\u00eame, les m\u00e9canismes de lib\u00e9ration et de recapture des neurotransmetteurs sont \u00e9tudi\u00e9s en d\u00e9tail.<\/p>\n<p>De plus, le 4-MMC est id\u00e9al pour les exp\u00e9riences in vitro qui analysent les effets sur les cultures cellulaires ou les r\u00e9cepteurs. Il aide \u00e9galement \u00e0 identifier les biomarqueurs potentiels pour \u00e9valuer les effets des stimulants. Il s'agit donc d'un r\u00e9actif indispensable dans de nombreux laboratoires de recherche modernes. Si vous utilisez ce <b>4 meilleures MMC disponibles<\/b> pour vos exp\u00e9riences, notre produit est le choix id\u00e9al.<\/p>\n<p>La polyvalence du 4-MMC permet de r\u00e9pondre \u00e0 diverses questions de recherche, de la recherche fondamentale aux \u00e9tudes appliqu\u00e9es. Il contribue ainsi de mani\u00e8re significative \u00e0 l'\u00e9largissement de nos connaissances sur les syst\u00e8mes neurobiologiques complexes. Acheter <b>Haute puret\u00e9 \u00e0 vendre<\/b>, pour valider les r\u00e9sultats de vos recherches.<\/p>\n<h2>Pourquoi choisir Chemgramx pour le 4-MMC ?<\/h2>\n<p>Chez Chemgramx, nous accordons une grande importance \u00e0 la qualit\u00e9 et \u00e0 la puret\u00e9. Chaque lot de notre 4-MMC est soumis \u00e0 des tests rigoureux en laboratoire afin de garantir une puret\u00e9 sup\u00e9rieure \u00e0 98%. Cela garantit que vos r\u00e9sultats de recherche ne seront pas fauss\u00e9s par des impuret\u00e9s. C'est pourquoi notre objectif est de vous fournir le <b>4 meilleures MMC disponibles<\/b> \u00e0 offrir.<\/p>\n<p>Nous nous engageons \u00e0 garantir la transparence et l'int\u00e9grit\u00e9 scientifique. Nos produits sont stock\u00e9s dans des conditions contr\u00f4l\u00e9es et trait\u00e9s avec soin afin de pr\u00e9server leur stabilit\u00e9. Vous pouvez ainsi compter sur la coh\u00e9rence et la fiabilit\u00e9 de chaque achat. Un <b>achat s\u00fbr<\/b> est notre priorit\u00e9 absolue.<\/p>\n<p>De plus, nous soutenons la communaut\u00e9 scientifique en facilitant l'acc\u00e8s \u00e0 <b>Qualit\u00e9 laboratoire \u00e0 vendre<\/b> . Faites confiance \u00e0 Chemgramx si vous <b>authentique 4 MMC<\/b> pour vos besoins professionnels. Vous pouvez <a href=\"https:\/\/chemgramx.com\/product\/4-mmc-mephedrone-online-kaufen\/\">ce 4 MMC de haute puret\u00e9<\/a> facilement et en toute fiabilit\u00e9.<\/p>\n<p>Notre engagement en faveur d'un service et d'une qualit\u00e9 de produit excellents fait de nous un partenaire privil\u00e9gi\u00e9 pour les scientifiques du monde entier. Nous sommes fiers de jouer un r\u00f4le essentiel dans vos d\u00e9couvertes scientifiques. En bref, <b>achetez chez Chemgramx<\/b> la certitude de travailler avec des mat\u00e9riaux de haute qualit\u00e9.<\/p>\n<h2>Consignes d'utilisation et de stockage<\/h2>\n<p>Une utilisation responsable du 4-MMC est essentielle pour garantir la s\u00e9curit\u00e9 dans le laboratoire et l'int\u00e9grit\u00e9 du produit. Il convient de toujours porter des \u00e9quipements de protection individuelle appropri\u00e9s, tels que des gants, des lunettes de protection et une blouse de laboratoire. De plus, une bonne ventilation de la zone de travail est indispensable pour \u00e9viter l'inhalation de poussi\u00e8res.<\/p>\n<p>Pour un stockage optimal, il est recommand\u00e9 de conserver la 4-MMC dans un r\u00e9cipient herm\u00e9tiquement ferm\u00e9, dans un endroit frais, sec et \u00e0 l'abri de la lumi\u00e8re. Cela permet de maximiser la stabilit\u00e9 chimique et de pr\u00e9server la puret\u00e9 pendant de longues p\u00e9riodes. \u00c9vitez les temp\u00e9ratures extr\u00eames et l'humidit\u00e9 afin d'emp\u00eacher la d\u00e9gradation du produit.<\/p>\n<p>\u00c9liminez tous les r\u00e9sidus et mat\u00e9riaux d'emballage conform\u00e9ment aux r\u00e9glementations locales et nationales en vigueur relatives aux d\u00e9chets chimiques. Une manipulation minutieuse garantit non seulement la s\u00e9curit\u00e9, mais aussi le respect de l'environnement dans vos pratiques de laboratoire. Vous contribuez ainsi \u00e0 une pratique scientifique responsable.<\/p>\n<h2>Sp\u00e9cifications techniques<\/h2>\n<p>Le tableau ci-dessous r\u00e9sume les principales caract\u00e9ristiques techniques de notre 4-MMC. Ces informations sont essentielles pour la planification et la r\u00e9alisation de vos exp\u00e9riences et garantissent la compatibilit\u00e9 avec vos protocoles de recherche.<\/p>\n<table>\n<thead>\n<tr>\n<th>propri\u00e9t\u00e9<\/th>\n<th>valeur<\/th>\n<\/tr>\n<\/thead>\n<tbody>\n<tr>\n<td>D\u00e9nomination chimique<\/td>\n<td>4-m\u00e9thylm\u00e9thcathinone (m\u00e9ph\u00e9drone)<\/td>\n<\/tr>\n<tr>\n<td>num\u00e9ro CAS<\/td>\n<td>1189805-46-6 (chlorhydrate de base libre)<\/td>\n<\/tr>\n<tr>\n<td>Formule chimique<\/td>\n<td>C<sub>11<\/sub>H<sub>15<\/sub>NO<\/td>\n<\/tr>\n<tr>\n<td>masse molaire<\/td>\n<td>177,24 g\/mol<\/td>\n<\/tr>\n<tr>\n<td>Puret\u00e9<\/td>\n<td>&gt;98%<\/td>\n<\/tr>\n<tr>\n<td>Apparence<\/td>\n<td>Poudre cristalline blanche<\/td>\n<\/tr>\n<\/tbody>\n<\/table>\n<h2>Consid\u00e9rations juridiques et \u00e9thiques<\/h2>\n<p>L'utilisation du 4-MMC est strictement r\u00e9serv\u00e9e \u00e0 la recherche scientifique. Il n'est en aucun cas destin\u00e9 \u00e0 la consommation humaine, \u00e0 des applications th\u00e9rapeutiques ou diagnostiques. Par cons\u00e9quent, tous les acheteurs et utilisateurs doivent se conformer aux lois et r\u00e9glementations en vigueur dans leur pays respectif concernant les produits chimiques destin\u00e9s \u00e0 la recherche.<\/p>\n<p>Chemgramx rejette toute utilisation abusive de ce produit. Nous attendons de nos clients qu'ils utilisent le 4-MMC de mani\u00e8re responsable et exclusivement dans le cadre de projets scientifiques autoris\u00e9s. Nous contribuons ainsi ensemble \u00e0 la s\u00e9curit\u00e9 et \u00e0 l'int\u00e9grit\u00e9 de la recherche. Si vous avez d'autres <a href=\"https:\/\/chemgramx.com\/product\/2c-e-hcl-kaufen\/\">Produits chimiques destin\u00e9s \u00e0 la recherche, tels que <b>2C-E-HCl<\/b><\/a> vous trouverez \u00e9galement dans notre gamme.<\/p>\n<p>Pour clarifier ce point, notre 4-MMC est destin\u00e9 exclusivement \u00e0 \u00eatre utilis\u00e9 comme r\u00e9actif de laboratoire. Veuillez vous assurer que vous disposez des autorisations et des installations n\u00e9cessaires pour manipuler de telles substances. A <b>Acheter en ligne d\u00e8s maintenant<\/b> chez nous signifie l'acceptation de ces conditions.<\/p>\n<h2>Conclusion<\/h2>\n<p>En r\u00e9sum\u00e9, Chemgramx propose du 4-MMC (m\u00e9ph\u00e9drone) de haute puret\u00e9, sp\u00e9cialement con\u00e7u pour les applications de recherche exigeantes. Notre engagement en faveur de la qualit\u00e9, de la puret\u00e9 et de l'int\u00e9grit\u00e9 scientifique fait de nous votre partenaire id\u00e9al.<\/p>\n<p>Faites confiance \u00e0 notre produit pour obtenir des r\u00e9sultats pr\u00e9cis et fiables dans vos exp\u00e9riences. D\u00e9couvrez d\u00e8s aujourd'hui les avantages de <b>Top Quality 4 MMC<\/b> pour vos projets scientifiques. Notre objectif est de vous fournir les meilleurs mat\u00e9riaux pour vos d\u00e9couvertes.<\/p>\n<p><b>Commandez 4 MMC en ligne<\/b> chez Chemgramx et b\u00e9n\u00e9ficiez de notre expertise et de notre engagement en faveur de la recherche. Nous sommes impatients de vous aider \u00e0 r\u00e9aliser vos prochaines avanc\u00e9es scientifiques.<\/p>","protected":false},"excerpt":{"rendered":"<p>D\u00e9couvrez notre produit ultra-pur <b>4 MMC (M\u00e9ph\u00e9dron)<\/b> dans <b>La qualit\u00e9 de la recherche \u00e0 vendre<\/b>, sp\u00e9cialement con\u00e7u pour les applications scientifiques de pr\u00e9cision. Achetez <b>authentique 4 MMC<\/b> pour vos projets de laboratoire. <b>Acheter en ligne d\u00e8s maintenant<\/b> chez Chemgramx et b\u00e9n\u00e9ficiez de notre engagement envers la qualit\u00e9 et la puret\u00e9.<\/p>","protected":false},"featured_media":8433,"comment_status":"open","ping_status":"closed","template":"","meta":{"_joinchat":[]},"product_brand":[],"product_cat":[48],"product_tag":[2496,2499,2500,2502,1627,2498,2497,2501,2503,2015],"class_list":{"0":"post-8393","1":"product","2":"type-product","3":"status-publish","4":"has-post-thumbnail","6":"product_cat-stimulants","7":"product_tag-4-mmc","8":"product_tag-4-mmc-kristalle","9":"product_tag-4-mmc-online-kaufen","10":"product_tag-4-mmc-pulver","11":"product_tag-4-mmc-kaufen","12":"product_tag-mephedrone-4-mmc","13":"product_tag-mephedrone-kaufen","14":"product_tag-mephedrone-online-kaufen","15":"product_tag-mephedrone-zum-verkauf","16":"product_tag-synthetische-drogen","18":"first","19":"instock","20":"shipping-taxable","21":"purchasable","22":"product-type-variable"},"yoast_head":"<!-- This site is optimized with the Yoast SEO plugin v27.5 - https:\/\/yoast.com\/product\/yoast-seo-wordpress\/ -->\n<title>4 MMC Kaufen \u2013 Hohe Reinheit &amp; Laborqualit\u00e4t<\/title>\n<meta name=\"description\" content=\"M\u00f6chten Sie hochwertiges 4 MMC (Mephedron) f\u00fcr Ihre Forschung online bestellen? Entdecken Sie reine Forschungsqualit\u00e4t bei Chemgramx. Jetzt 4 MMC Kaufen.\" \/>\n<meta name=\"robots\" content=\"index, follow, max-snippet:-1, max-image-preview:large, max-video-preview:-1\" \/>\n<link rel=\"canonical\" href=\"https:\/\/chemgramx.com\/fr\/produit\/acheter-4-mmc-mephedrone-en-ligne\/\" \/>\n<meta property=\"og:locale\" content=\"fr_FR\" \/>\n<meta property=\"og:type\" content=\"article\" \/>\n<meta property=\"og:title\" content=\"4 MMC Kaufen \u2013 Hohe Reinheit &amp; Laborqualit\u00e4t\" \/>\n<meta property=\"og:description\" content=\"M\u00f6chten Sie hochwertiges 4 MMC (Mephedron) f\u00fcr Ihre Forschung online bestellen? Entdecken Sie reine Forschungsqualit\u00e4t bei Chemgramx. Jetzt 4 MMC Kaufen.\" \/>\n<meta property=\"og:url\" content=\"https:\/\/chemgramx.com\/fr\/produit\/acheter-4-mmc-mephedrone-en-ligne\/\" \/>\n<meta property=\"og:site_name\" content=\"Chemgramx\" \/>\n<meta property=\"article:modified_time\" content=\"2025-12-09T10:06:02+00:00\" \/>\n<meta property=\"og:image\" content=\"https:\/\/chemgramx.com\/wp-content\/uploads\/2025\/11\/4mmc.png\" \/>\n\t<meta property=\"og:image:width\" content=\"600\" \/>\n\t<meta property=\"og:image:height\" content=\"400\" \/>\n\t<meta property=\"og:image:type\" content=\"image\/png\" \/>\n<meta name=\"twitter:card\" content=\"summary_large_image\" \/>\n<meta name=\"twitter:label1\" content=\"Dur\u00e9e de lecture estim\u00e9e\" \/>\n\t<meta name=\"twitter:data1\" content=\"4 minutes\" \/>\n<script type=\"application\/ld+json\" class=\"yoast-schema-graph\">{\"@context\":\"https:\\\/\\\/schema.org\",\"@graph\":[{\"@type\":\"WebPage\",\"@id\":\"https:\\\/\\\/chemgramx.com\\\/product\\\/4-mmc-mephedrone-online-kaufen\\\/\",\"url\":\"https:\\\/\\\/chemgramx.com\\\/product\\\/4-mmc-mephedrone-online-kaufen\\\/\",\"name\":\"4 MMC Kaufen \u2013 Hohe Reinheit & Laborqualit\u00e4t\",\"isPartOf\":{\"@id\":\"https:\\\/\\\/chemgramx.com\\\/#website\"},\"primaryImageOfPage\":{\"@id\":\"https:\\\/\\\/chemgramx.com\\\/product\\\/4-mmc-mephedrone-online-kaufen\\\/#primaryimage\"},\"image\":{\"@id\":\"https:\\\/\\\/chemgramx.com\\\/product\\\/4-mmc-mephedrone-online-kaufen\\\/#primaryimage\"},\"thumbnailUrl\":\"https:\\\/\\\/chemgramx.com\\\/wp-content\\\/uploads\\\/2025\\\/11\\\/4mmc.png\",\"datePublished\":\"2025-11-21T18:18:29+00:00\",\"dateModified\":\"2025-12-09T10:06:02+00:00\",\"description\":\"M\u00f6chten Sie hochwertiges 4 MMC (Mephedron) f\u00fcr Ihre Forschung online bestellen? Entdecken Sie reine Forschungsqualit\u00e4t bei Chemgramx. Jetzt 4 MMC Kaufen.\",\"breadcrumb\":{\"@id\":\"https:\\\/\\\/chemgramx.com\\\/product\\\/4-mmc-mephedrone-online-kaufen\\\/#breadcrumb\"},\"inLanguage\":\"fr-FR\",\"potentialAction\":[{\"@type\":\"ReadAction\",\"target\":[\"https:\\\/\\\/chemgramx.com\\\/product\\\/4-mmc-mephedrone-online-kaufen\\\/\"]}]},{\"@type\":\"ImageObject\",\"inLanguage\":\"fr-FR\",\"@id\":\"https:\\\/\\\/chemgramx.com\\\/product\\\/4-mmc-mephedrone-online-kaufen\\\/#primaryimage\",\"url\":\"https:\\\/\\\/chemgramx.com\\\/wp-content\\\/uploads\\\/2025\\\/11\\\/4mmc.png\",\"contentUrl\":\"https:\\\/\\\/chemgramx.com\\\/wp-content\\\/uploads\\\/2025\\\/11\\\/4mmc.png\",\"width\":600,\"height\":400},{\"@type\":\"BreadcrumbList\",\"@id\":\"https:\\\/\\\/chemgramx.com\\\/product\\\/4-mmc-mephedrone-online-kaufen\\\/#breadcrumb\",\"itemListElement\":[{\"@type\":\"ListItem\",\"position\":1,\"name\":\"Home\",\"item\":\"https:\\\/\\\/chemgramx.com\\\/\"},{\"@type\":\"ListItem\",\"position\":2,\"name\":\"Shop\",\"item\":\"https:\\\/\\\/chemgramx.com\\\/shop\\\/\"},{\"@type\":\"ListItem\",\"position\":3,\"name\":\"4 MMC Kaufen \u2013 Hohe Reinheit &amp; Laborqualit\u00e4t\"}]},{\"@type\":\"WebSite\",\"@id\":\"https:\\\/\\\/chemgramx.com\\\/#website\",\"url\":\"https:\\\/\\\/chemgramx.com\\\/\",\"name\":\"Chemgramx\",\"description\":\"\",\"publisher\":{\"@id\":\"https:\\\/\\\/chemgramx.com\\\/#organization\"},\"potentialAction\":[{\"@type\":\"SearchAction\",\"target\":{\"@type\":\"EntryPoint\",\"urlTemplate\":\"https:\\\/\\\/chemgramx.com\\\/?s={search_term_string}\"},\"query-input\":{\"@type\":\"PropertyValueSpecification\",\"valueRequired\":true,\"valueName\":\"search_term_string\"}}],\"inLanguage\":\"fr-FR\"},{\"@type\":\"Organization\",\"@id\":\"https:\\\/\\\/chemgramx.com\\\/#organization\",\"name\":\"Chemgramx\",\"url\":\"https:\\\/\\\/chemgramx.com\\\/\",\"logo\":{\"@type\":\"ImageObject\",\"inLanguage\":\"fr-FR\",\"@id\":\"https:\\\/\\\/chemgramx.com\\\/#\\\/schema\\\/logo\\\/image\\\/\",\"url\":\"https:\\\/\\\/chemgramx.com\\\/wp-content\\\/uploads\\\/2024\\\/10\\\/final-logo.png\",\"contentUrl\":\"https:\\\/\\\/chemgramx.com\\\/wp-content\\\/uploads\\\/2024\\\/10\\\/final-logo.png\",\"width\":250,\"height\":48,\"caption\":\"Chemgramx\"},\"image\":{\"@id\":\"https:\\\/\\\/chemgramx.com\\\/#\\\/schema\\\/logo\\\/image\\\/\"}}]}<\/script>\n<!-- \/ Yoast SEO plugin. -->","yoast_head_json":{"title":"Acheter 4 MMC \u2013 Haute puret\u00e9 et qualit\u00e9 laboratoire","description":"Vous souhaitez commander en ligne du 4 MMC (m\u00e9ph\u00e9drone) de haute qualit\u00e9 pour vos recherches ? D\u00e9couvrez la qualit\u00e9 pure pour la recherche chez Chemgramx. Achetez du 4 MMC d\u00e8s maintenant.","robots":{"index":"index","follow":"follow","max-snippet":"max-snippet:-1","max-image-preview":"max-image-preview:large","max-video-preview":"max-video-preview:-1"},"canonical":"https:\/\/chemgramx.com\/fr\/produit\/acheter-4-mmc-mephedrone-en-ligne\/","og_locale":"fr_FR","og_type":"article","og_title":"4 MMC Kaufen \u2013 Hohe Reinheit & Laborqualit\u00e4t","og_description":"M\u00f6chten Sie hochwertiges 4 MMC (Mephedron) f\u00fcr Ihre Forschung online bestellen? Entdecken Sie reine Forschungsqualit\u00e4t bei Chemgramx. Jetzt 4 MMC Kaufen.","og_url":"https:\/\/chemgramx.com\/fr\/produit\/acheter-4-mmc-mephedrone-en-ligne\/","og_site_name":"Chemgramx","article_modified_time":"2025-12-09T10:06:02+00:00","og_image":[{"width":600,"height":400,"url":"https:\/\/chemgramx.com\/wp-content\/uploads\/2025\/11\/4mmc.png","type":"image\/png"}],"twitter_card":"summary_large_image","twitter_misc":{"Dur\u00e9e de lecture estim\u00e9e":"4 minutes"},"schema":{"@context":"https:\/\/schema.org","@graph":[{"@type":"WebPage","@id":"https:\/\/chemgramx.com\/product\/4-mmc-mephedrone-online-kaufen\/","url":"https:\/\/chemgramx.com\/product\/4-mmc-mephedrone-online-kaufen\/","name":"Acheter 4 MMC \u2013 Haute puret\u00e9 et qualit\u00e9 laboratoire","isPartOf":{"@id":"https:\/\/chemgramx.com\/#website"},"primaryImageOfPage":{"@id":"https:\/\/chemgramx.com\/product\/4-mmc-mephedrone-online-kaufen\/#primaryimage"},"image":{"@id":"https:\/\/chemgramx.com\/product\/4-mmc-mephedrone-online-kaufen\/#primaryimage"},"thumbnailUrl":"https:\/\/chemgramx.com\/wp-content\/uploads\/2025\/11\/4mmc.png","datePublished":"2025-11-21T18:18:29+00:00","dateModified":"2025-12-09T10:06:02+00:00","description":"Vous souhaitez commander en ligne du 4 MMC (m\u00e9ph\u00e9drone) de haute qualit\u00e9 pour vos recherches ? D\u00e9couvrez la qualit\u00e9 pure pour la recherche chez Chemgramx. Achetez du 4 MMC d\u00e8s maintenant.","breadcrumb":{"@id":"https:\/\/chemgramx.com\/product\/4-mmc-mephedrone-online-kaufen\/#breadcrumb"},"inLanguage":"fr-FR","potentialAction":[{"@type":"ReadAction","target":["https:\/\/chemgramx.com\/product\/4-mmc-mephedrone-online-kaufen\/"]}]},{"@type":"ImageObject","inLanguage":"fr-FR","@id":"https:\/\/chemgramx.com\/product\/4-mmc-mephedrone-online-kaufen\/#primaryimage","url":"https:\/\/chemgramx.com\/wp-content\/uploads\/2025\/11\/4mmc.png","contentUrl":"https:\/\/chemgramx.com\/wp-content\/uploads\/2025\/11\/4mmc.png","width":600,"height":400},{"@type":"BreadcrumbList","@id":"https:\/\/chemgramx.com\/product\/4-mmc-mephedrone-online-kaufen\/#breadcrumb","itemListElement":[{"@type":"ListItem","position":1,"name":"Home","item":"https:\/\/chemgramx.com\/"},{"@type":"ListItem","position":2,"name":"Shop","item":"https:\/\/chemgramx.com\/shop\/"},{"@type":"ListItem","position":3,"name":"4 MMC Kaufen \u2013 Hohe Reinheit &amp; Laborqualit\u00e4t"}]},{"@type":"WebSite","@id":"https:\/\/chemgramx.com\/#website","url":"https:\/\/chemgramx.com\/","name":"Chemgramx","description":"","publisher":{"@id":"https:\/\/chemgramx.com\/#organization"},"potentialAction":[{"@type":"SearchAction","target":{"@type":"EntryPoint","urlTemplate":"https:\/\/chemgramx.com\/?s={search_term_string}"},"query-input":{"@type":"PropertyValueSpecification","valueRequired":true,"valueName":"search_term_string"}}],"inLanguage":"fr-FR"},{"@type":"Organization","@id":"https:\/\/chemgramx.com\/#organization","name":"Chemgramx","url":"https:\/\/chemgramx.com\/","logo":{"@type":"ImageObject","inLanguage":"fr-FR","@id":"https:\/\/chemgramx.com\/#\/schema\/logo\/image\/","url":"https:\/\/chemgramx.com\/wp-content\/uploads\/2024\/10\/final-logo.png","contentUrl":"https:\/\/chemgramx.com\/wp-content\/uploads\/2024\/10\/final-logo.png","width":250,"height":48,"caption":"Chemgramx"},"image":{"@id":"https:\/\/chemgramx.com\/#\/schema\/logo\/image\/"}}]}},"_links":{"self":[{"href":"https:\/\/chemgramx.com\/fr\/wp-json\/wp\/v2\/product\/8393","targetHints":{"allow":["GET"]}}],"collection":[{"href":"https:\/\/chemgramx.com\/fr\/wp-json\/wp\/v2\/product"}],"about":[{"href":"https:\/\/chemgramx.com\/fr\/wp-json\/wp\/v2\/types\/product"}],"replies":[{"embeddable":true,"href":"https:\/\/chemgramx.com\/fr\/wp-json\/wp\/v2\/comments?post=8393"}],"wp:featuredmedia":[{"embeddable":true,"href":"https:\/\/chemgramx.com\/fr\/wp-json\/wp\/v2\/media\/8433"}],"wp:attachment":[{"href":"https:\/\/chemgramx.com\/fr\/wp-json\/wp\/v2\/media?parent=8393"}],"wp:term":[{"taxonomy":"product_brand","embeddable":true,"href":"https:\/\/chemgramx.com\/fr\/wp-json\/wp\/v2\/product_brand?post=8393"},{"taxonomy":"product_cat","embeddable":true,"href":"https:\/\/chemgramx.com\/fr\/wp-json\/wp\/v2\/product_cat?post=8393"},{"taxonomy":"product_tag","embeddable":true,"href":"https:\/\/chemgramx.com\/fr\/wp-json\/wp\/v2\/product_tag?post=8393"}],"curies":[{"name":"wp","href":"https:\/\/api.w.org\/{rel}","templated":true}]}}