{"id":844,"date":"2024-10-24T12:27:42","date_gmt":"2024-10-24T12:27:42","guid":{"rendered":"https:\/\/chemgramx.com\/?post_type=product&#038;p=844"},"modified":"2025-10-15T11:06:37","modified_gmt":"2025-10-15T11:06:37","slug":"allylescaline","status":"publish","type":"product","link":"https:\/\/chemgramx.com\/fr\/produit\/allylescaline\/","title":{"rendered":"Acheter Allylescaline en ligne"},"content":{"rendered":"<h2 data-start=\"191\" data-end=\"290\">Achetez de l'allylescaline en ligne \u2013 Allylescaline de haute puret\u00e9, test\u00e9e en laboratoire, pour la recherche chez Chemgramx<\/h2>\n<p data-start=\"292\" data-end=\"649\">Cherchez une possibilit\u00e9, <a href=\"https:\/\/chemgramx.com\/fr\/produit\/allylescaline\/\">Allylescalin online kaufen<\/a> von einer zuverl\u00e4ssigen Forschungsquelle? Bei Chemgramx k\u00f6nnen Sie Allylescaline kaufen f\u00fcr Forschungszwecke in h\u00f6chster Qualit\u00e4t erwerben. Wir bieten Allylescaline for sale, das streng getestet und laborgepr\u00fcft ist, um die besten Standards in Bezug auf Reinheit und Zuverl\u00e4ssigkeit zu erf\u00fcllen.<\/p>\n<h3 data-start=\"651\" data-end=\"678\">Qu'est-ce que l'allylescaline ?<\/h3>\n<p data-start=\"680\" data-end=\"1160\"><a href=\"https:\/\/en.wikipedia.org\/wiki\/Allylescaline\">Allylescaline<\/a> C'est une ph\u00e9n\u00e9thylamine psych\u00e9d\u00e9lique structurellement proche de la mescaline. Elle est utilis\u00e9e en recherche pour \u00e9tudier les effets des substances psych\u00e9d\u00e9liques sur le syst\u00e8me nerveux central et l'activit\u00e9 des neurotransmetteurs. Les chercheurs qui commandent ou ach\u00e8tent de l'allylescaline en ligne l'utilisent principalement pour analyser les r\u00e9cepteurs de la s\u00e9rotonine et leur r\u00f4le dans la conscience, la perception et le traitement des \u00e9motions.<\/p>\n<h3 data-start=\"1162\" data-end=\"1208\">Pourquoi choisir l'Allylescaline pour la recherche ?<\/h3>\n<p data-start=\"1210\" data-end=\"1394\">Die Nachfrage nach Allylescalin online kaufen w\u00e4chst, da diese Substanz wertvolle Einblicke in die Wirkung psychedelischer Verbindungen bietet. Forscher sch\u00e4tzen Allylescaline, um:<\/p>\n<ul data-start=\"1396\" data-end=\"1591\">\n<li data-start=\"1396\" data-end=\"1460\">\n<p data-start=\"1398\" data-end=\"1460\">pour analyser l'effet des agonistes des r\u00e9cepteurs de la s\u00e9rotonine,<\/p>\n<\/li>\n<li data-start=\"1461\" data-end=\"1528\">\n<p data-start=\"1463\" data-end=\"1528\">pour explorer les changements de perception et de conscience,<\/p>\n<\/li>\n<\/ul>\n<p data-start=\"1593\" data-end=\"1741\">Pour de nombreux scientifiques, Chemgramx est le meilleur endroit pour acheter de l'allylescaline en ligne, car nous garantissons la plus haute puret\u00e9 et une qualit\u00e9 test\u00e9e.<\/p>\n<h3 data-start=\"1743\" data-end=\"1787\">Allylescaline en vente chez Chemgramx<\/h3>\n<p data-start=\"1789\" data-end=\"2124\">Wir bieten Allylescalin zu verkaufen, das durch strenge Labortests best\u00e4tigt wird. Unser Produkt erf\u00fcllt die h\u00f6chsten Anforderungen und ist eine ideale Wahl f\u00fcr jede Forschungsstudie. Ganz gleich, ob Sie die psychedelischen Effekte oder die Modulation von Neurotransmittern untersuchen \u2013 unser Allylescaline ist die richtige L\u00f6sung.<\/p>\n<h3 data-start=\"2126\" data-end=\"2165\">Avantages d'acheter chez Chemgramx :<\/h3>\n<ul data-start=\"2167\" data-end=\"2425\">\n<li data-start=\"2167\" data-end=\"2244\">\n<p data-start=\"2169\" data-end=\"2244\">Puret\u00e9 test\u00e9e en laboratoire \u2013 garantit des r\u00e9sultats de recherche fiables.<\/p>\n<\/li>\n<li data-start=\"2245\" data-end=\"2323\">\n<p data-start=\"2247\" data-end=\"2323\">Livraison rapide et discr\u00e8te \u2013 en toute s\u00e9curit\u00e9 et confidentialit\u00e9 \u00e0 votre adresse.<\/p>\n<\/li>\n<li data-start=\"2324\" data-end=\"2425\">\n<p data-start=\"2326\" data-end=\"2425\">Ad\u00e9quation \u00e0 la recherche \u2013 parfait pour les \u00e9tudes sur la conscience, la perception et la modulation de la s\u00e9rotonine.<\/p>\n<\/li>\n<\/ul>\n<p data-start=\"2427\" data-end=\"2568\">De nombreux chercheurs se demandent : <em data-start=\"2455\" data-end=\"2483\">o\u00f9 acheter de l'allylescaline<\/em>? \u2013 La r\u00e9ponse est Chemgramx, votre fournisseur fiable de substances de haute puret\u00e9.<\/p>\n<h3 data-start=\"2570\" data-end=\"2609\">Prix \u200b\u200bet commande de l'allylescaline<\/h3>\n<p data-start=\"2611\" data-end=\"2817\">Nous proposons des prix attractifs pour l'allylescaline \u00e0 des fins de recherche. En commandant de l'allylescaline, vous avez l'assurance de recevoir un produit test\u00e9 et conforme aux normes les plus strictes.<\/p>\n<h3 data-start=\"2819\" data-end=\"2864\">Statut juridique et livraison s\u00e9curis\u00e9e<\/h3>\n<p data-start=\"2866\" data-end=\"3120\">Bitte pr\u00fcfen Sie den rechtlichen Status von Allylescaline in Ihrem Land oder Ihrer Region, bevor Sie Allylescalin online kaufen. Chemgramx verkauft Allylescaline ausschlie\u00dflich f\u00fcr Forschungszwecke und garantiert eine sichere, vertrauliche Lieferung.<\/p>\n<h3 data-start=\"3122\" data-end=\"3163\">Commandez de l'allylescaline en ligne maintenant<\/h3>\n<p data-start=\"3165\" data-end=\"3425\">Sind Sie bereit, Ihre Forschung zu erweitern? Dann k\u00f6nnen Sie jetzt Allylescalin kaufen, entweder direkt \u00fcber unsere Plattform oder durch diskrete Bestellung. Unser Angebot an Allylescaline for sale garantiert Reinheit, Qualit\u00e4t und schnelle Lieferung.<\/p>\n<p data-start=\"3427\" data-end=\"3594\">Chemgramx est votre partenaire fiable pour les substances de recherche \u2013 le meilleur endroit pour acheter de l'allylescaline en ligne avec une puret\u00e9 test\u00e9e et un service professionnel.<\/p>","protected":false},"excerpt":{"rendered":"<p>L'allylescaline est une substance psychoactive qui appartient \u00e0 la classe des ph\u00e9nyl\u00e9thylamines. Elle est chimiquement proche d'autres compos\u00e9s psych\u00e9d\u00e9liques connus et attire l'attention des chercheurs et des utilisateurs en raison de ses effets potentiels sur la conscience.<\/p>\n<ul>\n<li><strong>Num\u00e9ro de CAS :<\/strong> <strong>10064-94-1<\/strong><\/li>\n<li><strong>Formule chimique :<\/strong> <strong>C12H17NO2<\/strong><\/li>\n<\/ul>","protected":false},"featured_media":845,"comment_status":"open","ping_status":"closed","template":"","meta":{"_joinchat":[]},"product_brand":[],"product_cat":[96],"product_tag":[2679,2681,2673,2680,2678,2674,2675,2677,2676,2015],"class_list":{"0":"post-844","1":"product","2":"type-product","3":"status-publish","4":"has-post-thumbnail","6":"product_cat-psychedelische-droge","7":"product_tag-allylescaline-chemikalien","8":"product_tag-allylescaline-drogen","9":"product_tag-allylescaline-kaufen","10":"product_tag-allylescaline-kaufen-deutschland","11":"product_tag-allylescaline-kaufen-online","12":"product_tag-allylescaline-kristalle","13":"product_tag-allylescaline-online-kaufen","14":"product_tag-allylescaline-preis","15":"product_tag-allylescaline-prodej","16":"product_tag-synthetische-drogen","18":"first","19":"instock","20":"shipping-taxable","21":"purchasable","22":"product-type-variable"},"yoast_head":"<!-- This site is optimized with the Yoast SEO plugin v26.1.1 - https:\/\/yoast.com\/wordpress\/plugins\/seo\/ -->\n<title>Allylescaline online kaufen \u2013 Allylescaline zu verkaufen<\/title>\n<meta name=\"description\" content=\"Es ist die beste Zeit, unseren Chemgramx-Onlineshop zu besuchen und Allylescaline online zu kaufen. Wir haben hier Allylescaline zum Verkauf. Treffen Sie uns online und bestellen Sie noch heute!\" \/>\n<meta name=\"robots\" content=\"index, follow, max-snippet:-1, max-image-preview:large, max-video-preview:-1\" \/>\n<link rel=\"canonical\" href=\"https:\/\/chemgramx.com\/fr\/produit\/allylescaline\/\" \/>\n<meta property=\"og:locale\" content=\"fr_FR\" \/>\n<meta property=\"og:type\" content=\"article\" \/>\n<meta property=\"og:title\" content=\"Allylescaline online kaufen \u2013 Allylescaline zu verkaufen\" \/>\n<meta property=\"og:description\" content=\"Es ist die beste Zeit, unseren Chemgramx-Onlineshop zu besuchen und Allylescaline online zu kaufen. Wir haben hier Allylescaline zum Verkauf. Treffen Sie uns online und bestellen Sie noch heute!\" \/>\n<meta property=\"og:url\" content=\"https:\/\/chemgramx.com\/fr\/produit\/allylescaline\/\" \/>\n<meta property=\"og:site_name\" content=\"Chemgramx\" \/>\n<meta property=\"article:modified_time\" content=\"2025-10-15T11:06:37+00:00\" \/>\n<meta property=\"og:image\" content=\"https:\/\/chemgramx.com\/wp-content\/uploads\/2024\/10\/Allylescaline.jpg\" \/>\n\t<meta property=\"og:image:width\" content=\"474\" \/>\n\t<meta property=\"og:image:height\" content=\"347\" \/>\n\t<meta property=\"og:image:type\" content=\"image\/jpeg\" \/>\n<meta name=\"twitter:card\" content=\"summary_large_image\" \/>\n<meta name=\"twitter:label1\" content=\"Dur\u00e9e de lecture estim\u00e9e\" \/>\n\t<meta name=\"twitter:data1\" content=\"2 minutes\" \/>\n<script type=\"application\/ld+json\" class=\"yoast-schema-graph\">{\"@context\":\"https:\/\/schema.org\",\"@graph\":[{\"@type\":\"WebPage\",\"@id\":\"https:\/\/chemgramx.com\/product\/allylescaline\/\",\"url\":\"https:\/\/chemgramx.com\/product\/allylescaline\/\",\"name\":\"Allylescaline online kaufen \u2013 Allylescaline zu verkaufen\",\"isPartOf\":{\"@id\":\"https:\/\/chemgramx.com\/#website\"},\"primaryImageOfPage\":{\"@id\":\"https:\/\/chemgramx.com\/product\/allylescaline\/#primaryimage\"},\"image\":{\"@id\":\"https:\/\/chemgramx.com\/product\/allylescaline\/#primaryimage\"},\"thumbnailUrl\":\"https:\/\/chemgramx.com\/wp-content\/uploads\/2024\/10\/Allylescaline.jpg\",\"datePublished\":\"2024-10-24T12:27:42+00:00\",\"dateModified\":\"2025-10-15T11:06:37+00:00\",\"description\":\"Es ist die beste Zeit, unseren Chemgramx-Onlineshop zu besuchen und Allylescaline online zu kaufen. Wir haben hier Allylescaline zum Verkauf. Treffen Sie uns online und bestellen Sie noch heute!\",\"breadcrumb\":{\"@id\":\"https:\/\/chemgramx.com\/product\/allylescaline\/#breadcrumb\"},\"inLanguage\":\"fr-FR\",\"potentialAction\":[{\"@type\":\"ReadAction\",\"target\":[\"https:\/\/chemgramx.com\/product\/allylescaline\/\"]}]},{\"@type\":\"ImageObject\",\"inLanguage\":\"fr-FR\",\"@id\":\"https:\/\/chemgramx.com\/product\/allylescaline\/#primaryimage\",\"url\":\"https:\/\/chemgramx.com\/wp-content\/uploads\/2024\/10\/Allylescaline.jpg\",\"contentUrl\":\"https:\/\/chemgramx.com\/wp-content\/uploads\/2024\/10\/Allylescaline.jpg\",\"width\":474,\"height\":347,\"caption\":\"Allylescaline online kaufen\"},{\"@type\":\"BreadcrumbList\",\"@id\":\"https:\/\/chemgramx.com\/product\/allylescaline\/#breadcrumb\",\"itemListElement\":[{\"@type\":\"ListItem\",\"position\":1,\"name\":\"Home\",\"item\":\"https:\/\/chemgramx.com\/\"},{\"@type\":\"ListItem\",\"position\":2,\"name\":\"Shop\",\"item\":\"https:\/\/chemgramx.com\/shop\/\"},{\"@type\":\"ListItem\",\"position\":3,\"name\":\"Allylescaline online kaufen\"}]},{\"@type\":\"WebSite\",\"@id\":\"https:\/\/chemgramx.com\/#website\",\"url\":\"https:\/\/chemgramx.com\/\",\"name\":\"Chemgramx\",\"description\":\"\",\"publisher\":{\"@id\":\"https:\/\/chemgramx.com\/#organization\"},\"potentialAction\":[{\"@type\":\"SearchAction\",\"target\":{\"@type\":\"EntryPoint\",\"urlTemplate\":\"https:\/\/chemgramx.com\/?s={search_term_string}\"},\"query-input\":{\"@type\":\"PropertyValueSpecification\",\"valueRequired\":true,\"valueName\":\"search_term_string\"}}],\"inLanguage\":\"fr-FR\"},{\"@type\":\"Organization\",\"@id\":\"https:\/\/chemgramx.com\/#organization\",\"name\":\"Chemgramx\",\"url\":\"https:\/\/chemgramx.com\/\",\"logo\":{\"@type\":\"ImageObject\",\"inLanguage\":\"fr-FR\",\"@id\":\"https:\/\/chemgramx.com\/#\/schema\/logo\/image\/\",\"url\":\"https:\/\/chemgramx.com\/wp-content\/uploads\/2024\/10\/final-logo.png\",\"contentUrl\":\"https:\/\/chemgramx.com\/wp-content\/uploads\/2024\/10\/final-logo.png\",\"width\":250,\"height\":48,\"caption\":\"Chemgramx\"},\"image\":{\"@id\":\"https:\/\/chemgramx.com\/#\/schema\/logo\/image\/\"}}]}<\/script>\n<!-- \/ Yoast SEO plugin. -->","yoast_head_json":{"title":"Allylescaline online kaufen \u2013 Allylescaline zu verkaufen","description":"Es ist die beste Zeit, unseren Chemgramx-Onlineshop zu besuchen und Allylescaline online zu kaufen. Wir haben hier Allylescaline zum Verkauf. Treffen Sie uns online und bestellen Sie noch heute!","robots":{"index":"index","follow":"follow","max-snippet":"max-snippet:-1","max-image-preview":"max-image-preview:large","max-video-preview":"max-video-preview:-1"},"canonical":"https:\/\/chemgramx.com\/fr\/produit\/allylescaline\/","og_locale":"fr_FR","og_type":"article","og_title":"Allylescaline online kaufen \u2013 Allylescaline zu verkaufen","og_description":"Es ist die beste Zeit, unseren Chemgramx-Onlineshop zu besuchen und Allylescaline online zu kaufen. Wir haben hier Allylescaline zum Verkauf. Treffen Sie uns online und bestellen Sie noch heute!","og_url":"https:\/\/chemgramx.com\/fr\/produit\/allylescaline\/","og_site_name":"Chemgramx","article_modified_time":"2025-10-15T11:06:37+00:00","og_image":[{"width":474,"height":347,"url":"https:\/\/chemgramx.com\/wp-content\/uploads\/2024\/10\/Allylescaline.jpg","type":"image\/jpeg"}],"twitter_card":"summary_large_image","twitter_misc":{"Dur\u00e9e de lecture estim\u00e9e":"2 minutes"},"schema":{"@context":"https:\/\/schema.org","@graph":[{"@type":"WebPage","@id":"https:\/\/chemgramx.com\/product\/allylescaline\/","url":"https:\/\/chemgramx.com\/product\/allylescaline\/","name":"Allylescaline online kaufen \u2013 Allylescaline zu verkaufen","isPartOf":{"@id":"https:\/\/chemgramx.com\/#website"},"primaryImageOfPage":{"@id":"https:\/\/chemgramx.com\/product\/allylescaline\/#primaryimage"},"image":{"@id":"https:\/\/chemgramx.com\/product\/allylescaline\/#primaryimage"},"thumbnailUrl":"https:\/\/chemgramx.com\/wp-content\/uploads\/2024\/10\/Allylescaline.jpg","datePublished":"2024-10-24T12:27:42+00:00","dateModified":"2025-10-15T11:06:37+00:00","description":"Es ist die beste Zeit, unseren Chemgramx-Onlineshop zu besuchen und Allylescaline online zu kaufen. Wir haben hier Allylescaline zum Verkauf. Treffen Sie uns online und bestellen Sie noch heute!","breadcrumb":{"@id":"https:\/\/chemgramx.com\/product\/allylescaline\/#breadcrumb"},"inLanguage":"fr-FR","potentialAction":[{"@type":"ReadAction","target":["https:\/\/chemgramx.com\/product\/allylescaline\/"]}]},{"@type":"ImageObject","inLanguage":"fr-FR","@id":"https:\/\/chemgramx.com\/product\/allylescaline\/#primaryimage","url":"https:\/\/chemgramx.com\/wp-content\/uploads\/2024\/10\/Allylescaline.jpg","contentUrl":"https:\/\/chemgramx.com\/wp-content\/uploads\/2024\/10\/Allylescaline.jpg","width":474,"height":347,"caption":"Allylescaline online kaufen"},{"@type":"BreadcrumbList","@id":"https:\/\/chemgramx.com\/product\/allylescaline\/#breadcrumb","itemListElement":[{"@type":"ListItem","position":1,"name":"Home","item":"https:\/\/chemgramx.com\/"},{"@type":"ListItem","position":2,"name":"Shop","item":"https:\/\/chemgramx.com\/shop\/"},{"@type":"ListItem","position":3,"name":"Allylescaline online kaufen"}]},{"@type":"WebSite","@id":"https:\/\/chemgramx.com\/#website","url":"https:\/\/chemgramx.com\/","name":"Chemgramx","description":"","publisher":{"@id":"https:\/\/chemgramx.com\/#organization"},"potentialAction":[{"@type":"SearchAction","target":{"@type":"EntryPoint","urlTemplate":"https:\/\/chemgramx.com\/?s={search_term_string}"},"query-input":{"@type":"PropertyValueSpecification","valueRequired":true,"valueName":"search_term_string"}}],"inLanguage":"fr-FR"},{"@type":"Organization","@id":"https:\/\/chemgramx.com\/#organization","name":"Chemgramx","url":"https:\/\/chemgramx.com\/","logo":{"@type":"ImageObject","inLanguage":"fr-FR","@id":"https:\/\/chemgramx.com\/#\/schema\/logo\/image\/","url":"https:\/\/chemgramx.com\/wp-content\/uploads\/2024\/10\/final-logo.png","contentUrl":"https:\/\/chemgramx.com\/wp-content\/uploads\/2024\/10\/final-logo.png","width":250,"height":48,"caption":"Chemgramx"},"image":{"@id":"https:\/\/chemgramx.com\/#\/schema\/logo\/image\/"}}]}},"_links":{"self":[{"href":"https:\/\/chemgramx.com\/fr\/wp-json\/wp\/v2\/product\/844","targetHints":{"allow":["GET"]}}],"collection":[{"href":"https:\/\/chemgramx.com\/fr\/wp-json\/wp\/v2\/product"}],"about":[{"href":"https:\/\/chemgramx.com\/fr\/wp-json\/wp\/v2\/types\/product"}],"replies":[{"embeddable":true,"href":"https:\/\/chemgramx.com\/fr\/wp-json\/wp\/v2\/comments?post=844"}],"wp:featuredmedia":[{"embeddable":true,"href":"https:\/\/chemgramx.com\/fr\/wp-json\/wp\/v2\/media\/845"}],"wp:attachment":[{"href":"https:\/\/chemgramx.com\/fr\/wp-json\/wp\/v2\/media?parent=844"}],"wp:term":[{"taxonomy":"product_brand","embeddable":true,"href":"https:\/\/chemgramx.com\/fr\/wp-json\/wp\/v2\/product_brand?post=844"},{"taxonomy":"product_cat","embeddable":true,"href":"https:\/\/chemgramx.com\/fr\/wp-json\/wp\/v2\/product_cat?post=844"},{"taxonomy":"product_tag","embeddable":true,"href":"https:\/\/chemgramx.com\/fr\/wp-json\/wp\/v2\/product_tag?post=844"}],"curies":[{"name":"wp","href":"https:\/\/api.w.org\/{rel}","templated":true}]}}