{"id":846,"date":"2024-10-24T12:51:41","date_gmt":"2024-10-24T12:51:41","guid":{"rendered":"https:\/\/chemgramx.com\/?post_type=product&#038;p=846"},"modified":"2025-10-18T07:22:06","modified_gmt":"2025-10-18T07:22:06","slug":"mmb-chmnaca","status":"publish","type":"product","link":"https:\/\/chemgramx.com\/fr\/produit\/mmb-chmnaca\/","title":{"rendered":"Acheter MMB-CHMINACA en ligne"},"content":{"rendered":"<h2 data-start=\"162\" data-end=\"240\">Achetez MMB-CHMINACA en ligne\u00a0: informations, effets et commande s\u00e9curis\u00e9e<\/h2>\n<p data-start=\"242\" data-end=\"543\">Acheter du MMB-CHMINACA en ligne aupr\u00e8s d'une source de recherche fiable est une requ\u00eate fr\u00e9quente pour de nombreux chercheurs et personnes int\u00e9ress\u00e9es, car ce cannabino\u00efde synth\u00e9tique suscite un int\u00e9r\u00eat croissant. De plus en plus de personnes souhaitent <a href=\"https:\/\/chemgramx.com\/fr\/produit\/mmb-chmnaca\/\">Acheter MMB-CHMINACA en ligne<\/a>, da es ein starkes Potenzial in der Forschung bietet.<\/p>\n<h3 data-start=\"545\" data-end=\"571\">Qu'est-ce que MMB-CHMINACA ?<\/h3>\n<p data-start=\"573\" data-end=\"903\"><a href=\"https:\/\/en.wikipedia.org\/wiki\/AMB-CHMINACA\">MMB-CHMINACA<\/a> (N-[(1-methyl-1H-indazol-3-yl)methyl]-1-(cyclohexylmethyl)-1H-indazole-3-carboxamide) ist ein synthetisches Cannabinoid, das die gleichen Rezeptoren wie THC aktiviert. Da es deutlich potenter ist, suchen Forscher gezielt nach M\u00f6glichkeiten, Bestellung MMB-CHMINACA oder MMB-CHMINACA online kaufen durchzuf\u00fchren.<\/p>\n<p data-start=\"905\" data-end=\"1177\">Die chemische Struktur unterscheidet sich von nat\u00fcrlichen Cannabinoiden wie THC oder CBD, was zu intensiveren und l\u00e4nger anhaltenden Effekten f\u00fchren kann. Dadurch steigt auch die Nachfrage nach MMB-CHMINACA zu verkaufen und Informationen \u00fcber den MMB-CHMINACA-Preis.<\/p>\n<h3 data-start=\"1179\" data-end=\"1231\">Pourquoi les gens recherchent-ils MMB-CHMINACA en ligne ?<\/h3>\n<p data-start=\"1233\" data-end=\"1310\">Die Nachfrage nach MMB-CHMINACA online kaufen steigt aus mehreren Gr\u00fcnden:<\/p>\n<ul data-start=\"1312\" data-end=\"1729\">\n<li data-start=\"1312\" data-end=\"1411\">\n<p data-start=\"1314\" data-end=\"1411\">Effets puissants \u2013 Le MMB-CHMINACA est connu pour ses propri\u00e9t\u00e9s psychoactives intenses.<\/p>\n<\/li>\n<li data-start=\"1412\" data-end=\"1486\">\n<p data-start=\"1414\" data-end=\"1486\">Commodit\u00e9 \u2013 L\u2019achat en ligne permet un acc\u00e8s facile.<\/p>\n<\/li>\n<li data-start=\"1487\" data-end=\"1566\">\n<p data-start=\"1489\" data-end=\"1566\">Discr\u00e9tion \u2013 De nombreuses personnes choisissent d\u2019acheter en ligne car c\u2019est anonyme et s\u00e9curis\u00e9.<\/p>\n<\/li>\n<li data-start=\"1567\" data-end=\"1655\">\n<p data-start=\"1569\" data-end=\"1655\">Preisvorteile \u2013 Seri\u00f6se Shops bieten attraktive MMB-CHMINACA-Preis Optionen.<\/p>\n<\/li>\n<li data-start=\"1656\" data-end=\"1729\">\n<p data-start=\"1658\" data-end=\"1729\">Vari\u00e9t\u00e9 \u2013 Vous pouvez trouver diff\u00e9rentes formes de dosage en ligne.<\/p>\n<\/li>\n<\/ul>\n<p data-start=\"1731\" data-end=\"1894\">Forscher fragen sich h\u00e4ufig: wo kann man MMB-CHMINACA kaufen? \u2013 Die Antwort liegt in spezialisierten Research-Chemical-Shops, die MMB-CHMINACA zu verkaufen anbieten.<\/p>\n<h3 data-start=\"1896\" data-end=\"1938\">Effets et bienfaits du MMB-CHMINACA<\/h3>\n<p data-start=\"1940\" data-end=\"1992\">L'effet peut varier, les plus souvent mentionn\u00e9s sont :<\/p>\n<ul data-start=\"1994\" data-end=\"2150\">\n<li data-start=\"1994\" data-end=\"2023\">\n<p data-start=\"1996\" data-end=\"2023\">Euphorie et bien-\u00eatre<\/p>\n<\/li>\n<li data-start=\"2024\" data-end=\"2057\">\n<p data-start=\"2026\" data-end=\"2057\">Relaxation physique profonde<\/p>\n<\/li>\n<li data-start=\"2058\" data-end=\"2090\">\n<p data-start=\"2060\" data-end=\"2090\">Perception sensorielle alt\u00e9r\u00e9e<\/p>\n<\/li>\n<li data-start=\"2091\" data-end=\"2128\">\n<p data-start=\"2093\" data-end=\"2128\">Cr\u00e9ativit\u00e9 et clart\u00e9 mentale<\/p>\n<\/li>\n<li data-start=\"2129\" data-end=\"2150\">\n<p data-start=\"2131\" data-end=\"2150\">Ouverture sociale<\/p>\n<\/li>\n<\/ul>\n<p data-start=\"2152\" data-end=\"2295\">Viele Forscher betrachten MMB-CHMINACA als wertvolle Substanz, weshalb sie gezielt nach dem bester Ort, um MMB-CHMINACA online zu kaufen suchen.<\/p>\n<h3 data-start=\"2564\" data-end=\"2602\">Pourquoi acheter MMB-CHMINACA en ligne ?<\/h3>\n<p data-start=\"2604\" data-end=\"2665\">Acheter MMB-CHMINACA en ligne offre des avantages \u00e9vidents :<\/p>\n<ul data-start=\"2667\" data-end=\"2793\">\n<li data-start=\"2667\" data-end=\"2689\">\n<p data-start=\"2669\" data-end=\"2689\">Livraison discr\u00e8te<\/p>\n<\/li>\n<li data-start=\"2690\" data-end=\"2710\">\n<p data-start=\"2692\" data-end=\"2710\">Schneller Zugang<\/p>\n<\/li>\n<li data-start=\"2711\" data-end=\"2746\">\n<p data-start=\"2713\" data-end=\"2746\">Verschiedene Darreichungsformen<\/p>\n<\/li>\n<li data-start=\"2747\" data-end=\"2793\">\n<p data-start=\"2749\" data-end=\"2793\">Offres de prix attractives MMB-CHMINACA<\/p>\n<\/li>\n<\/ul>\n<h3 data-start=\"2795\" data-end=\"2840\">Est-il l\u00e9gal de commander du MMB-CHMINACA ?<\/h3>\n<p data-start=\"2842\" data-end=\"2985\">Die Rechtslage ist von Land zu Land unterschiedlich. Daher ist es wichtig, vor dem Bestellung MMB-CHMINACA die lokalen Vorschriften zu pr\u00fcfen.<\/p>\n<h3 data-start=\"2987\" data-end=\"3036\">Meilleurs endroits pour acheter du MMB-CHMINACA en ligne<\/h3>\n<ul data-start=\"3038\" data-end=\"3210\">\n<li data-start=\"3038\" data-end=\"3103\">\n<p data-start=\"3040\" data-end=\"3103\">Seri\u00f6se Research-Chemical-Shops mit MMB-CHMINACA zu verkaufen<\/p>\n<\/li>\n<li data-start=\"3104\" data-end=\"3163\">\n<p data-start=\"3106\" data-end=\"3163\">Fournisseurs avec des rapports de laboratoire et de bons avis clients<\/p>\n<\/li>\n<li data-start=\"3164\" data-end=\"3210\">\n<p data-start=\"3166\" data-end=\"3210\">Boutiques proposant des moyens de paiement s\u00e9curis\u00e9s<\/p>\n<\/li>\n<\/ul>\n<h3 data-start=\"3212\" data-end=\"3222\">Conclusion<\/h3>\n<p data-start=\"3224\" data-end=\"3591\">MMB-CHMINACA ist ein potentes Cannabinoid mit starkem Wirkprofil. Wer buy MMB-CHMINACA oder MMB-CHMINACA online kaufen m\u00f6chte, sollte ausschlie\u00dflich seri\u00f6se Quellen w\u00e4hlen. Achten Sie auf Reinheit, rechtliche Vorschriften und sichere Bestellmethoden, um eine positive Erfahrung beimMMB-CHMINACA online kaufen von einer zuverl\u00e4ssigen Forschungsquelle zu gew\u00e4hrleisten.<\/p>","protected":false},"excerpt":{"rendered":"<p><strong>MMB-CHMINACA<\/strong> est un compos\u00e9 cannabino\u00efde synth\u00e9tique qui appartient \u00e0 la classe des drogues de synth\u00e8se. Cette substance a fait son apparition dans la recherche et sur le march\u00e9 des drogues ill\u00e9gales, attirant l'int\u00e9r\u00eat pour ses propri\u00e9t\u00e9s psychoactives potentielles.<\/p>\n<ul>\n<li><strong>Num\u00e9ro de CAS :<\/strong> <strong>Inconnu<\/strong><\/li>\n<li><strong>Formule chimique :<\/strong> <strong>C20H28N2O2<\/strong><\/li>\n<\/ul>","protected":false},"featured_media":847,"comment_status":"open","ping_status":"closed","template":"","meta":{"_joinchat":[]},"product_brand":[],"product_cat":[47],"product_tag":[2670,2672,2664,2671,2669,2665,2666,2668,2667,2015],"class_list":{"0":"post-846","1":"product","2":"type-product","3":"status-publish","4":"has-post-thumbnail","6":"product_cat-cannabinoids","7":"product_tag-mmb-chminaca-chemikalien","8":"product_tag-mmb-chminaca-drogen","9":"product_tag-mmb-chminaca-kaufen","10":"product_tag-mmb-chminaca-kaufen-deutschland","11":"product_tag-mmb-chminaca-kaufen-online","12":"product_tag-mmb-chminaca-kristalle","13":"product_tag-mmb-chminaca-online-kaufen","14":"product_tag-mmb-chminaca-preis","15":"product_tag-mmb-chminaca-prodej","16":"product_tag-synthetische-drogen","18":"first","19":"instock","20":"shipping-taxable","21":"purchasable","22":"product-type-variable"},"yoast_head":"<!-- This site is optimized with the Yoast SEO plugin v26.1.1 - https:\/\/yoast.com\/wordpress\/plugins\/seo\/ -->\n<title>MMB-CHMINACA Online Kaufen \u2013 Chemgramx<\/title>\n<meta name=\"description\" content=\"Bestellen Sie MMB-CHMINACA f\u00fcr Forschungszwecke bei Chemgramx. Labortestet, hochrein, schnelle und diskrete Lieferung. Jetzt MMB-CHMINACA online kaufen!\" \/>\n<meta name=\"robots\" content=\"index, follow, max-snippet:-1, max-image-preview:large, max-video-preview:-1\" \/>\n<link rel=\"canonical\" href=\"https:\/\/chemgramx.com\/fr\/produit\/mmb-chmnaca\/\" \/>\n<meta property=\"og:locale\" content=\"fr_FR\" \/>\n<meta property=\"og:type\" content=\"article\" \/>\n<meta property=\"og:title\" content=\"MMB-CHMINACA Online Kaufen \u2013 Chemgramx\" \/>\n<meta property=\"og:description\" content=\"Bestellen Sie MMB-CHMINACA f\u00fcr Forschungszwecke bei Chemgramx. Labortestet, hochrein, schnelle und diskrete Lieferung. Jetzt MMB-CHMINACA online kaufen!\" \/>\n<meta property=\"og:url\" content=\"https:\/\/chemgramx.com\/fr\/produit\/mmb-chmnaca\/\" \/>\n<meta property=\"og:site_name\" content=\"Chemgramx\" \/>\n<meta property=\"article:modified_time\" content=\"2025-10-18T07:22:06+00:00\" \/>\n<meta property=\"og:image\" content=\"https:\/\/chemgramx.com\/wp-content\/uploads\/2024\/10\/MMB-CHMINACA.jpg\" \/>\n\t<meta property=\"og:image:width\" content=\"459\" \/>\n\t<meta property=\"og:image:height\" content=\"443\" \/>\n\t<meta property=\"og:image:type\" content=\"image\/jpeg\" \/>\n<meta name=\"twitter:card\" content=\"summary_large_image\" \/>\n<meta name=\"twitter:label1\" content=\"Dur\u00e9e de lecture estim\u00e9e\" \/>\n\t<meta name=\"twitter:data1\" content=\"2 minutes\" \/>\n<script type=\"application\/ld+json\" class=\"yoast-schema-graph\">{\"@context\":\"https:\/\/schema.org\",\"@graph\":[{\"@type\":\"WebPage\",\"@id\":\"https:\/\/chemgramx.com\/product\/mmb-chmnaca\/\",\"url\":\"https:\/\/chemgramx.com\/product\/mmb-chmnaca\/\",\"name\":\"MMB-CHMINACA Online Kaufen \u2013 Chemgramx\",\"isPartOf\":{\"@id\":\"https:\/\/chemgramx.com\/#website\"},\"primaryImageOfPage\":{\"@id\":\"https:\/\/chemgramx.com\/product\/mmb-chmnaca\/#primaryimage\"},\"image\":{\"@id\":\"https:\/\/chemgramx.com\/product\/mmb-chmnaca\/#primaryimage\"},\"thumbnailUrl\":\"https:\/\/chemgramx.com\/wp-content\/uploads\/2024\/10\/MMB-CHMINACA.jpg\",\"datePublished\":\"2024-10-24T12:51:41+00:00\",\"dateModified\":\"2025-10-18T07:22:06+00:00\",\"description\":\"Bestellen Sie MMB-CHMINACA f\u00fcr Forschungszwecke bei Chemgramx. Labortestet, hochrein, schnelle und diskrete Lieferung. Jetzt MMB-CHMINACA online kaufen!\",\"breadcrumb\":{\"@id\":\"https:\/\/chemgramx.com\/product\/mmb-chmnaca\/#breadcrumb\"},\"inLanguage\":\"fr-FR\",\"potentialAction\":[{\"@type\":\"ReadAction\",\"target\":[\"https:\/\/chemgramx.com\/product\/mmb-chmnaca\/\"]}]},{\"@type\":\"ImageObject\",\"inLanguage\":\"fr-FR\",\"@id\":\"https:\/\/chemgramx.com\/product\/mmb-chmnaca\/#primaryimage\",\"url\":\"https:\/\/chemgramx.com\/wp-content\/uploads\/2024\/10\/MMB-CHMINACA.jpg\",\"contentUrl\":\"https:\/\/chemgramx.com\/wp-content\/uploads\/2024\/10\/MMB-CHMINACA.jpg\",\"width\":459,\"height\":443,\"caption\":\"MMB-CHMINACA Online Kaufen\"},{\"@type\":\"BreadcrumbList\",\"@id\":\"https:\/\/chemgramx.com\/product\/mmb-chmnaca\/#breadcrumb\",\"itemListElement\":[{\"@type\":\"ListItem\",\"position\":1,\"name\":\"Home\",\"item\":\"https:\/\/chemgramx.com\/\"},{\"@type\":\"ListItem\",\"position\":2,\"name\":\"Shop\",\"item\":\"https:\/\/chemgramx.com\/shop\/\"},{\"@type\":\"ListItem\",\"position\":3,\"name\":\"MMB-CHMINACA online kaufen\"}]},{\"@type\":\"WebSite\",\"@id\":\"https:\/\/chemgramx.com\/#website\",\"url\":\"https:\/\/chemgramx.com\/\",\"name\":\"Chemgramx\",\"description\":\"\",\"publisher\":{\"@id\":\"https:\/\/chemgramx.com\/#organization\"},\"potentialAction\":[{\"@type\":\"SearchAction\",\"target\":{\"@type\":\"EntryPoint\",\"urlTemplate\":\"https:\/\/chemgramx.com\/?s={search_term_string}\"},\"query-input\":{\"@type\":\"PropertyValueSpecification\",\"valueRequired\":true,\"valueName\":\"search_term_string\"}}],\"inLanguage\":\"fr-FR\"},{\"@type\":\"Organization\",\"@id\":\"https:\/\/chemgramx.com\/#organization\",\"name\":\"Chemgramx\",\"url\":\"https:\/\/chemgramx.com\/\",\"logo\":{\"@type\":\"ImageObject\",\"inLanguage\":\"fr-FR\",\"@id\":\"https:\/\/chemgramx.com\/#\/schema\/logo\/image\/\",\"url\":\"https:\/\/chemgramx.com\/wp-content\/uploads\/2024\/10\/final-logo.png\",\"contentUrl\":\"https:\/\/chemgramx.com\/wp-content\/uploads\/2024\/10\/final-logo.png\",\"width\":250,\"height\":48,\"caption\":\"Chemgramx\"},\"image\":{\"@id\":\"https:\/\/chemgramx.com\/#\/schema\/logo\/image\/\"}}]}<\/script>\n<!-- \/ Yoast SEO plugin. -->","yoast_head_json":{"title":"MMB-CHMINACA Online Kaufen \u2013 Chemgramx","description":"Bestellen Sie MMB-CHMINACA f\u00fcr Forschungszwecke bei Chemgramx. Labortestet, hochrein, schnelle und diskrete Lieferung. Jetzt MMB-CHMINACA online kaufen!","robots":{"index":"index","follow":"follow","max-snippet":"max-snippet:-1","max-image-preview":"max-image-preview:large","max-video-preview":"max-video-preview:-1"},"canonical":"https:\/\/chemgramx.com\/fr\/produit\/mmb-chmnaca\/","og_locale":"fr_FR","og_type":"article","og_title":"MMB-CHMINACA Online Kaufen \u2013 Chemgramx","og_description":"Bestellen Sie MMB-CHMINACA f\u00fcr Forschungszwecke bei Chemgramx. Labortestet, hochrein, schnelle und diskrete Lieferung. Jetzt MMB-CHMINACA online kaufen!","og_url":"https:\/\/chemgramx.com\/fr\/produit\/mmb-chmnaca\/","og_site_name":"Chemgramx","article_modified_time":"2025-10-18T07:22:06+00:00","og_image":[{"width":459,"height":443,"url":"https:\/\/chemgramx.com\/wp-content\/uploads\/2024\/10\/MMB-CHMINACA.jpg","type":"image\/jpeg"}],"twitter_card":"summary_large_image","twitter_misc":{"Dur\u00e9e de lecture estim\u00e9e":"2 minutes"},"schema":{"@context":"https:\/\/schema.org","@graph":[{"@type":"WebPage","@id":"https:\/\/chemgramx.com\/product\/mmb-chmnaca\/","url":"https:\/\/chemgramx.com\/product\/mmb-chmnaca\/","name":"MMB-CHMINACA Online Kaufen \u2013 Chemgramx","isPartOf":{"@id":"https:\/\/chemgramx.com\/#website"},"primaryImageOfPage":{"@id":"https:\/\/chemgramx.com\/product\/mmb-chmnaca\/#primaryimage"},"image":{"@id":"https:\/\/chemgramx.com\/product\/mmb-chmnaca\/#primaryimage"},"thumbnailUrl":"https:\/\/chemgramx.com\/wp-content\/uploads\/2024\/10\/MMB-CHMINACA.jpg","datePublished":"2024-10-24T12:51:41+00:00","dateModified":"2025-10-18T07:22:06+00:00","description":"Bestellen Sie MMB-CHMINACA f\u00fcr Forschungszwecke bei Chemgramx. Labortestet, hochrein, schnelle und diskrete Lieferung. Jetzt MMB-CHMINACA online kaufen!","breadcrumb":{"@id":"https:\/\/chemgramx.com\/product\/mmb-chmnaca\/#breadcrumb"},"inLanguage":"fr-FR","potentialAction":[{"@type":"ReadAction","target":["https:\/\/chemgramx.com\/product\/mmb-chmnaca\/"]}]},{"@type":"ImageObject","inLanguage":"fr-FR","@id":"https:\/\/chemgramx.com\/product\/mmb-chmnaca\/#primaryimage","url":"https:\/\/chemgramx.com\/wp-content\/uploads\/2024\/10\/MMB-CHMINACA.jpg","contentUrl":"https:\/\/chemgramx.com\/wp-content\/uploads\/2024\/10\/MMB-CHMINACA.jpg","width":459,"height":443,"caption":"MMB-CHMINACA Online Kaufen"},{"@type":"BreadcrumbList","@id":"https:\/\/chemgramx.com\/product\/mmb-chmnaca\/#breadcrumb","itemListElement":[{"@type":"ListItem","position":1,"name":"Home","item":"https:\/\/chemgramx.com\/"},{"@type":"ListItem","position":2,"name":"Shop","item":"https:\/\/chemgramx.com\/shop\/"},{"@type":"ListItem","position":3,"name":"MMB-CHMINACA online kaufen"}]},{"@type":"WebSite","@id":"https:\/\/chemgramx.com\/#website","url":"https:\/\/chemgramx.com\/","name":"Chemgramx","description":"","publisher":{"@id":"https:\/\/chemgramx.com\/#organization"},"potentialAction":[{"@type":"SearchAction","target":{"@type":"EntryPoint","urlTemplate":"https:\/\/chemgramx.com\/?s={search_term_string}"},"query-input":{"@type":"PropertyValueSpecification","valueRequired":true,"valueName":"search_term_string"}}],"inLanguage":"fr-FR"},{"@type":"Organization","@id":"https:\/\/chemgramx.com\/#organization","name":"Chemgramx","url":"https:\/\/chemgramx.com\/","logo":{"@type":"ImageObject","inLanguage":"fr-FR","@id":"https:\/\/chemgramx.com\/#\/schema\/logo\/image\/","url":"https:\/\/chemgramx.com\/wp-content\/uploads\/2024\/10\/final-logo.png","contentUrl":"https:\/\/chemgramx.com\/wp-content\/uploads\/2024\/10\/final-logo.png","width":250,"height":48,"caption":"Chemgramx"},"image":{"@id":"https:\/\/chemgramx.com\/#\/schema\/logo\/image\/"}}]}},"_links":{"self":[{"href":"https:\/\/chemgramx.com\/fr\/wp-json\/wp\/v2\/product\/846","targetHints":{"allow":["GET"]}}],"collection":[{"href":"https:\/\/chemgramx.com\/fr\/wp-json\/wp\/v2\/product"}],"about":[{"href":"https:\/\/chemgramx.com\/fr\/wp-json\/wp\/v2\/types\/product"}],"replies":[{"embeddable":true,"href":"https:\/\/chemgramx.com\/fr\/wp-json\/wp\/v2\/comments?post=846"}],"wp:featuredmedia":[{"embeddable":true,"href":"https:\/\/chemgramx.com\/fr\/wp-json\/wp\/v2\/media\/847"}],"wp:attachment":[{"href":"https:\/\/chemgramx.com\/fr\/wp-json\/wp\/v2\/media?parent=846"}],"wp:term":[{"taxonomy":"product_brand","embeddable":true,"href":"https:\/\/chemgramx.com\/fr\/wp-json\/wp\/v2\/product_brand?post=846"},{"taxonomy":"product_cat","embeddable":true,"href":"https:\/\/chemgramx.com\/fr\/wp-json\/wp\/v2\/product_cat?post=846"},{"taxonomy":"product_tag","embeddable":true,"href":"https:\/\/chemgramx.com\/fr\/wp-json\/wp\/v2\/product_tag?post=846"}],"curies":[{"name":"wp","href":"https:\/\/api.w.org\/{rel}","templated":true}]}}