{"id":854,"date":"2024-10-24T19:35:02","date_gmt":"2024-10-24T19:35:02","guid":{"rendered":"https:\/\/chemgramx.com\/?post_type=product&#038;p=854"},"modified":"2025-10-15T10:56:59","modified_gmt":"2025-10-15T10:56:59","slug":"5-mapb-5-2-methylaminopropylbenzofuran","status":"publish","type":"product","link":"https:\/\/chemgramx.com\/fr\/produit\/5-mapb-5-2-methylaminopropylbenzofuran\/","title":{"rendered":"Acheter 5-MAPB (5-(2-m\u00e9thylaminopropyl)benzofurane) en ligne"},"content":{"rendered":"<h2 data-start=\"136\" data-end=\"196\">Acheter 5-MAPB (5-(2-m\u00e9thylaminopropyl)benzofurane) en ligne<\/h2>\n<h3 data-start=\"198\" data-end=\"254\">Qu'est-ce que le 5-MAPB (5-(2-m\u00e9thylaminopropyl)benzofurane) ?<\/h3>\n<p data-start=\"256\" data-end=\"813\">Le 5-MAPB est un compos\u00e9 psychoactif du groupe des benzofuranes, connu chimiquement sous le nom de 5-(2-m\u00e9thylaminopropyl)benzofurane. Empathog\u00e8ne et stimulant, il est principalement utilis\u00e9 en neurosciences pour \u00e9tudier les effets de neurotransmetteurs tels que la s\u00e9rotonine. En raison de ses effets uniques sur l'humeur et la perception, le 5-MAPB est de plus en plus recherch\u00e9. De nombreux laboratoires le choisissent. <a href=\"https:\/\/chemgramx.com\/fr\/produit\/5-mapb-5-2-methylaminopropylbenzofuran\/\">Acheter 5-MAPB en ligne<\/a>, car acheter aupr\u00e8s de fournisseurs v\u00e9rifi\u00e9s est l\u2019option la plus s\u00fbre.<\/p>\n<h3 data-start=\"820\" data-end=\"869\">Est-il l\u00e9gal d\u2019acheter du 5-MAPB dans votre pays ?<\/h3>\n<p data-start=\"871\" data-end=\"1230\">Die rechtliche Situation von <a href=\"https:\/\/en.wikipedia.org\/wiki\/5-MAPB\">5-MAPB<\/a> variiert je nach Land und Region. In einigen L\u00e4ndern ist der Erwerb und Besitz streng reguliert oder verboten, w\u00e4hrend andere L\u00e4nder weniger restriktive Gesetze haben. Bevor Sie Bestellung 5-MAPB, pr\u00fcfen Sie unbedingt die gesetzlichen Bestimmungen vor Ort. Der Kauf ist ausschlie\u00dflich f\u00fcr legale Forschungszwecke zul\u00e4ssig.<\/p>\n<h3 data-start=\"1237\" data-end=\"1297\">Pourquoi les scientifiques commandent-ils de plus en plus de 5-MAPB en ligne ?<\/h3>\n<p data-start=\"1299\" data-end=\"1364\">Immer mehr Forscher bevorzugen es, 5-MAPB online kaufen, weil:<\/p>\n<ul data-start=\"1366\" data-end=\"1607\">\n<li data-start=\"1366\" data-end=\"1412\">\n<p data-start=\"1368\" data-end=\"1412\">la livraison est rapide et discr\u00e8te,<\/p>\n<\/li>\n<li data-start=\"1542\" data-end=\"1607\">\n<p data-start=\"1544\" data-end=\"1607\">et le processus de commande est simple et transparent.<\/p>\n<\/li>\n<\/ul>\n<p data-start=\"1609\" data-end=\"1766\">Wer sich fragt, wo kann man 5-MAPB kaufen, sollte gezielt auf seri\u00f6se Anbieter zur\u00fcckgreifen, die gepr\u00fcfte Produkte und klare Nachweise zur Qualit\u00e4t liefern.<\/p>\n<h3 data-start=\"1773\" data-end=\"1829\">Comment reconna\u00eetre un fournisseur 5-MAPB r\u00e9put\u00e9 ?<\/h3>\n<p data-start=\"1831\" data-end=\"1912\">Damit Sie garantiert hochwertiges 5-MAPB zu verkaufen erhalten, achten Sie auf:<\/p>\n<ul data-start=\"1914\" data-end=\"2136\">\n<li data-start=\"1914\" data-end=\"1965\">\n<p data-start=\"1916\" data-end=\"1965\">Certificats d'analyse (COA) et rapports de puret\u00e9,<\/p>\n<\/li>\n<li data-start=\"1966\" data-end=\"2022\">\n<p data-start=\"1968\" data-end=\"2022\">positive Bewertungen aus der Forschungsgemeinschaft,<\/p>\n<\/li>\n<li data-start=\"2023\" data-end=\"2084\">\n<p data-start=\"2025\" data-end=\"2084\">des informations transparentes sur la qualit\u00e9 des produits et l'exp\u00e9dition,<\/p>\n<\/li>\n<\/ul>\n<p data-start=\"2138\" data-end=\"2301\">Der bester Ort, um 5-MAPB online zu kaufen sind Anbieter, die ihre Produkte klar kennzeichnen, rechtliche Vorgaben einhalten und unabh\u00e4ngige Laboranalysen vorlegen.<\/p>\n<h3 data-start=\"2308\" data-end=\"2344\">\u00c9vitez les pi\u00e8ges de fraude courants<\/h3>\n<p data-start=\"2346\" data-end=\"2436\">Il existe de nombreux fournisseurs douteux sur le march\u00e9 des produits chimiques de recherche. \u00c9vitez\u00a0:<\/p>\n<ul data-start=\"2438\" data-end=\"2587\">\n<li data-start=\"2438\" data-end=\"2500\">\n<p data-start=\"2440\" data-end=\"2500\">prix extr\u00eamement bas du 5-MAPB sans preuve de qualit\u00e9,<\/p>\n<\/li>\n<li data-start=\"2501\" data-end=\"2545\">\n<p data-start=\"2503\" data-end=\"2545\">Concessionnaires sans coordonn\u00e9es claires,<\/p>\n<\/li>\n<li data-start=\"2546\" data-end=\"2587\">\n<p data-start=\"2548\" data-end=\"2587\">fehlende oder unklare Produktdetails.<\/p>\n<\/li>\n<\/ul>\n<p data-start=\"2589\" data-end=\"2694\">Quiconque souhaite acheter du 5-MAPB doit donc toujours se fier \u00e0 la s\u00e9curit\u00e9, \u00e0 la l\u00e9galit\u00e9 et \u00e0 la qualit\u00e9 test\u00e9e.<\/p>\n<h3 data-start=\"2701\" data-end=\"2780\">Description du produit : 5-MAPB (5-(2-m\u00e9thylaminopropyl)benzofurane) hautement purifi\u00e9<\/h3>\n<p data-start=\"2782\" data-end=\"2917\">Unser 5-MAPB zu verkaufen garantiert h\u00f6chste Reinheit und Zuverl\u00e4ssigkeit \u2013 ideal f\u00fcr Laboranwendungen und wissenschaftliche Studien.<\/p>\n<p data-start=\"2919\" data-end=\"2950\">Avantages en un coup d'\u0153il :<\/p>\n<ul data-start=\"2951\" data-end=\"3258\">\n<li data-start=\"2951\" data-end=\"3021\">\n<p data-start=\"2953\" data-end=\"3021\">Puret\u00e9 de plus de 99%, confirm\u00e9e par des analyses de laboratoire ind\u00e9pendantes,<\/p>\n<\/li>\n<li data-start=\"3022\" data-end=\"3078\">\n<p data-start=\"3024\" data-end=\"3078\">certificats COA d\u00e9taill\u00e9s pour l'assurance qualit\u00e9,<\/p>\n<\/li>\n<li data-start=\"3144\" data-end=\"3199\">\n<p data-start=\"3146\" data-end=\"3199\">exp\u00e9dition discr\u00e8te, rapide et s\u00e9curis\u00e9e dans le monde entier,<\/p>\n<\/li>\n<li data-start=\"3200\" data-end=\"3258\">\n<p data-start=\"3202\" data-end=\"3258\">service client professionnel pour les chercheurs et les laboratoires.<\/p>\n<\/li>\n<\/ul>\n<h3 data-start=\"3265\" data-end=\"3275\">Conclusion<\/h3>\n<p data-start=\"3277\" data-end=\"3472\">Ob Sie 5-MAPB kaufen, Bestellung 5-MAPB, nach dem g\u00fcnstigsten 5-MAPB Preis suchen oder sich fragen, wo kann man 5-MAPB kaufen \u2013 entscheidend sind Reinheit, Seriosit\u00e4t und rechtliche Klarheit.<\/p>\n<p data-start=\"3474\" data-end=\"3739\">Vertrauen Sie auf den bester Ort, um 5-MAPB online zu kaufen und profitieren Sie von einem sicheren Bestellprozess, zertifizierter Qualit\u00e4t und internationalem Versand. Die beste Wahl f\u00fcr Wissenschaftler bleibt:<\/p>","protected":false},"excerpt":{"rendered":"<p><strong>5-MAPB (5-(2-m\u00e9thylaminopropyl)benzofurane)<\/strong> est un stimulant psychoactif et un empathog\u00e8ne synth\u00e9tique appartenant \u00e0 la classe des benzofuranes. Il est souvent consid\u00e9r\u00e9 comme un produit chimique de recherche et a gagn\u00e9 en popularit\u00e9 ces derni\u00e8res ann\u00e9es sur la sc\u00e8ne des drogues r\u00e9cr\u00e9atives. Ce guide propose un aper\u00e7u d\u00e9taill\u00e9 du 5-MAPB, y compris sa structure chimique, ses effets, ses risques et son statut juridique.<\/p>\n<h3>Structure chimique et formule<\/h3>\n<ul>\n<li><strong>Formule chimique :<\/strong> C\u2081\u2082H\u2081\u2085N\u2081O<\/li>\n<li><strong>Nom IUPAC :<\/strong> 5-(2-M\u00e9thylaminopropyl)benzofurane<\/li>\n<li><strong>Num\u00e9ro CAS :<\/strong> 3270-47-8<\/li>\n<\/ul>","protected":false},"featured_media":855,"comment_status":"open","ping_status":"closed","template":"","meta":{"_joinchat":[]},"product_brand":[],"product_cat":[52,48],"product_tag":[494,418,493,514,506,515,503,519,518,501,504,507,502,512,505,517,509,508,516,510,513,511,409,249,500,292,495,415,251,499,497,498,250,248,416,496],"class_list":{"0":"post-854","1":"product","2":"type-product","3":"status-publish","4":"has-post-thumbnail","6":"product_cat-benzofurans","7":"product_cat-stimulants","8":"product_tag-5-2-methylaminopropylbenzofuran","9":"product_tag-5-apb","10":"product_tag-5-mapb","11":"product_tag-5-mapb-analyse","12":"product_tag-5-mapb-anwendung","13":"product_tag-5-mapb-chemie","14":"product_tag-5-mapb-forschung","15":"product_tag-5-mapb-forschungslabor","16":"product_tag-5-mapb-groshandel","17":"product_tag-5-mapb-kaufen","18":"product_tag-5-mapb-labor","19":"product_tag-5-mapb-lagerung","20":"product_tag-5-mapb-lieferant","21":"product_tag-5-mapb-markt","22":"product_tag-5-mapb-preis","23":"product_tag-5-mapb-referenzmaterial","24":"product_tag-5-mapb-risiken","25":"product_tag-5-mapb-sicherheit","26":"product_tag-5-mapb-substanz","27":"product_tag-5-mapb-verfugbarkeit","28":"product_tag-5-mapb-vertrieb","29":"product_tag-5-mapb-vorschriften","30":"product_tag-6-apb","31":"product_tag-amphetamin-derivate","32":"product_tag-amphetamine","33":"product_tag-cathinone","34":"product_tag-chemische-formel-5-mapb","35":"product_tag-empathogene","36":"product_tag-gesundheitliche-risiken","37":"product_tag-methamphetamin","38":"product_tag-rechtlicher-status-5-mapb","39":"product_tag-risiken-5-mapb","40":"product_tag-suchtgefahr","41":"product_tag-synthetische-stimulanzien","42":"product_tag-vergleich-zu-mdma","43":"product_tag-wirkungen-von-5-mapb","45":"first","46":"instock","47":"shipping-taxable","48":"purchasable","49":"product-type-variable"},"yoast_head":"<!-- This site is optimized with the Yoast SEO plugin v26.1.1 - https:\/\/yoast.com\/wordpress\/plugins\/seo\/ -->\n<title>5-MAPB (5-(2-Methylaminopropyl)benzofuran) online kaufen<\/title>\n<meta name=\"description\" content=\"Finden Sie erstklassiges 5-mapb (5-(2-Methylaminopropyl)benzofuran) zum Verkauf in unserem Online-Shop, der eine sichere Plattform bietet, um 5-mapb (5-(2-Methylaminopropyl)benzofuran) ganz einfach online zu kaufen und Ihren Forschungsanforderungen gerecht zu werden.\" \/>\n<meta name=\"robots\" content=\"index, follow, max-snippet:-1, max-image-preview:large, max-video-preview:-1\" \/>\n<link rel=\"canonical\" href=\"https:\/\/chemgramx.com\/fr\/produit\/5-mapb-5-2-methylaminopropylbenzofuran\/\" \/>\n<meta property=\"og:locale\" content=\"fr_FR\" \/>\n<meta property=\"og:type\" content=\"article\" \/>\n<meta property=\"og:title\" content=\"5-MAPB (5-(2-Methylaminopropyl)benzofuran) online kaufen\" \/>\n<meta property=\"og:description\" content=\"Finden Sie erstklassiges 5-mapb (5-(2-Methylaminopropyl)benzofuran) zum Verkauf in unserem Online-Shop, der eine sichere Plattform bietet, um 5-mapb (5-(2-Methylaminopropyl)benzofuran) ganz einfach online zu kaufen und Ihren Forschungsanforderungen gerecht zu werden.\" \/>\n<meta property=\"og:url\" content=\"https:\/\/chemgramx.com\/fr\/produit\/5-mapb-5-2-methylaminopropylbenzofuran\/\" \/>\n<meta property=\"og:site_name\" content=\"Chemgramx\" \/>\n<meta property=\"article:modified_time\" content=\"2025-10-15T10:56:59+00:00\" \/>\n<meta property=\"og:image\" content=\"https:\/\/chemgramx.com\/wp-content\/uploads\/2024\/10\/5-MAPB.jpg\" \/>\n\t<meta property=\"og:image:width\" content=\"532\" \/>\n\t<meta property=\"og:image:height\" content=\"555\" \/>\n\t<meta property=\"og:image:type\" content=\"image\/jpeg\" \/>\n<meta name=\"twitter:card\" content=\"summary_large_image\" \/>\n<meta name=\"twitter:label1\" content=\"Dur\u00e9e de lecture estim\u00e9e\" \/>\n\t<meta name=\"twitter:data1\" content=\"2 minutes\" \/>\n<script type=\"application\/ld+json\" class=\"yoast-schema-graph\">{\"@context\":\"https:\/\/schema.org\",\"@graph\":[{\"@type\":\"WebPage\",\"@id\":\"https:\/\/chemgramx.com\/product\/5-mapb-5-2-methylaminopropylbenzofuran\/\",\"url\":\"https:\/\/chemgramx.com\/product\/5-mapb-5-2-methylaminopropylbenzofuran\/\",\"name\":\"5-MAPB (5-(2-Methylaminopropyl)benzofuran) online kaufen\",\"isPartOf\":{\"@id\":\"https:\/\/chemgramx.com\/#website\"},\"primaryImageOfPage\":{\"@id\":\"https:\/\/chemgramx.com\/product\/5-mapb-5-2-methylaminopropylbenzofuran\/#primaryimage\"},\"image\":{\"@id\":\"https:\/\/chemgramx.com\/product\/5-mapb-5-2-methylaminopropylbenzofuran\/#primaryimage\"},\"thumbnailUrl\":\"https:\/\/chemgramx.com\/wp-content\/uploads\/2024\/10\/5-MAPB.jpg\",\"datePublished\":\"2024-10-24T19:35:02+00:00\",\"dateModified\":\"2025-10-15T10:56:59+00:00\",\"description\":\"Finden Sie erstklassiges 5-mapb (5-(2-Methylaminopropyl)benzofuran) zum Verkauf in unserem Online-Shop, der eine sichere Plattform bietet, um 5-mapb (5-(2-Methylaminopropyl)benzofuran) ganz einfach online zu kaufen und Ihren Forschungsanforderungen gerecht zu werden.\",\"breadcrumb\":{\"@id\":\"https:\/\/chemgramx.com\/product\/5-mapb-5-2-methylaminopropylbenzofuran\/#breadcrumb\"},\"inLanguage\":\"fr-FR\",\"potentialAction\":[{\"@type\":\"ReadAction\",\"target\":[\"https:\/\/chemgramx.com\/product\/5-mapb-5-2-methylaminopropylbenzofuran\/\"]}]},{\"@type\":\"ImageObject\",\"inLanguage\":\"fr-FR\",\"@id\":\"https:\/\/chemgramx.com\/product\/5-mapb-5-2-methylaminopropylbenzofuran\/#primaryimage\",\"url\":\"https:\/\/chemgramx.com\/wp-content\/uploads\/2024\/10\/5-MAPB.jpg\",\"contentUrl\":\"https:\/\/chemgramx.com\/wp-content\/uploads\/2024\/10\/5-MAPB.jpg\",\"width\":532,\"height\":555,\"caption\":\"5-MAPB (5-(2-Methylaminopropyl)benzofuran) online kaufen\"},{\"@type\":\"BreadcrumbList\",\"@id\":\"https:\/\/chemgramx.com\/product\/5-mapb-5-2-methylaminopropylbenzofuran\/#breadcrumb\",\"itemListElement\":[{\"@type\":\"ListItem\",\"position\":1,\"name\":\"Home\",\"item\":\"https:\/\/chemgramx.com\/\"},{\"@type\":\"ListItem\",\"position\":2,\"name\":\"Shop\",\"item\":\"https:\/\/chemgramx.com\/shop\/\"},{\"@type\":\"ListItem\",\"position\":3,\"name\":\"5-MAPB (5-(2-Methylaminopropyl)benzofuran) online kaufen\"}]},{\"@type\":\"WebSite\",\"@id\":\"https:\/\/chemgramx.com\/#website\",\"url\":\"https:\/\/chemgramx.com\/\",\"name\":\"Chemgramx\",\"description\":\"\",\"publisher\":{\"@id\":\"https:\/\/chemgramx.com\/#organization\"},\"potentialAction\":[{\"@type\":\"SearchAction\",\"target\":{\"@type\":\"EntryPoint\",\"urlTemplate\":\"https:\/\/chemgramx.com\/?s={search_term_string}\"},\"query-input\":{\"@type\":\"PropertyValueSpecification\",\"valueRequired\":true,\"valueName\":\"search_term_string\"}}],\"inLanguage\":\"fr-FR\"},{\"@type\":\"Organization\",\"@id\":\"https:\/\/chemgramx.com\/#organization\",\"name\":\"Chemgramx\",\"url\":\"https:\/\/chemgramx.com\/\",\"logo\":{\"@type\":\"ImageObject\",\"inLanguage\":\"fr-FR\",\"@id\":\"https:\/\/chemgramx.com\/#\/schema\/logo\/image\/\",\"url\":\"https:\/\/chemgramx.com\/wp-content\/uploads\/2024\/10\/final-logo.png\",\"contentUrl\":\"https:\/\/chemgramx.com\/wp-content\/uploads\/2024\/10\/final-logo.png\",\"width\":250,\"height\":48,\"caption\":\"Chemgramx\"},\"image\":{\"@id\":\"https:\/\/chemgramx.com\/#\/schema\/logo\/image\/\"}}]}<\/script>\n<!-- \/ Yoast SEO plugin. -->","yoast_head_json":{"title":"Acheter 5-MAPB (5-(2-m\u00e9thylaminopropyl)benzofurane) en ligne","description":"Finden Sie erstklassiges 5-mapb (5-(2-Methylaminopropyl)benzofuran) zum Verkauf in unserem Online-Shop, der eine sichere Plattform bietet, um 5-mapb (5-(2-Methylaminopropyl)benzofuran) ganz einfach online zu kaufen und Ihren Forschungsanforderungen gerecht zu werden.","robots":{"index":"index","follow":"follow","max-snippet":"max-snippet:-1","max-image-preview":"max-image-preview:large","max-video-preview":"max-video-preview:-1"},"canonical":"https:\/\/chemgramx.com\/fr\/produit\/5-mapb-5-2-methylaminopropylbenzofuran\/","og_locale":"fr_FR","og_type":"article","og_title":"5-MAPB (5-(2-Methylaminopropyl)benzofuran) online kaufen","og_description":"Finden Sie erstklassiges 5-mapb (5-(2-Methylaminopropyl)benzofuran) zum Verkauf in unserem Online-Shop, der eine sichere Plattform bietet, um 5-mapb (5-(2-Methylaminopropyl)benzofuran) ganz einfach online zu kaufen und Ihren Forschungsanforderungen gerecht zu werden.","og_url":"https:\/\/chemgramx.com\/fr\/produit\/5-mapb-5-2-methylaminopropylbenzofuran\/","og_site_name":"Chemgramx","article_modified_time":"2025-10-15T10:56:59+00:00","og_image":[{"width":532,"height":555,"url":"https:\/\/chemgramx.com\/wp-content\/uploads\/2024\/10\/5-MAPB.jpg","type":"image\/jpeg"}],"twitter_card":"summary_large_image","twitter_misc":{"Dur\u00e9e de lecture estim\u00e9e":"2 minutes"},"schema":{"@context":"https:\/\/schema.org","@graph":[{"@type":"WebPage","@id":"https:\/\/chemgramx.com\/product\/5-mapb-5-2-methylaminopropylbenzofuran\/","url":"https:\/\/chemgramx.com\/product\/5-mapb-5-2-methylaminopropylbenzofuran\/","name":"Acheter 5-MAPB (5-(2-m\u00e9thylaminopropyl)benzofurane) en ligne","isPartOf":{"@id":"https:\/\/chemgramx.com\/#website"},"primaryImageOfPage":{"@id":"https:\/\/chemgramx.com\/product\/5-mapb-5-2-methylaminopropylbenzofuran\/#primaryimage"},"image":{"@id":"https:\/\/chemgramx.com\/product\/5-mapb-5-2-methylaminopropylbenzofuran\/#primaryimage"},"thumbnailUrl":"https:\/\/chemgramx.com\/wp-content\/uploads\/2024\/10\/5-MAPB.jpg","datePublished":"2024-10-24T19:35:02+00:00","dateModified":"2025-10-15T10:56:59+00:00","description":"Finden Sie erstklassiges 5-mapb (5-(2-Methylaminopropyl)benzofuran) zum Verkauf in unserem Online-Shop, der eine sichere Plattform bietet, um 5-mapb (5-(2-Methylaminopropyl)benzofuran) ganz einfach online zu kaufen und Ihren Forschungsanforderungen gerecht zu werden.","breadcrumb":{"@id":"https:\/\/chemgramx.com\/product\/5-mapb-5-2-methylaminopropylbenzofuran\/#breadcrumb"},"inLanguage":"fr-FR","potentialAction":[{"@type":"ReadAction","target":["https:\/\/chemgramx.com\/product\/5-mapb-5-2-methylaminopropylbenzofuran\/"]}]},{"@type":"ImageObject","inLanguage":"fr-FR","@id":"https:\/\/chemgramx.com\/product\/5-mapb-5-2-methylaminopropylbenzofuran\/#primaryimage","url":"https:\/\/chemgramx.com\/wp-content\/uploads\/2024\/10\/5-MAPB.jpg","contentUrl":"https:\/\/chemgramx.com\/wp-content\/uploads\/2024\/10\/5-MAPB.jpg","width":532,"height":555,"caption":"5-MAPB (5-(2-Methylaminopropyl)benzofuran) online kaufen"},{"@type":"BreadcrumbList","@id":"https:\/\/chemgramx.com\/product\/5-mapb-5-2-methylaminopropylbenzofuran\/#breadcrumb","itemListElement":[{"@type":"ListItem","position":1,"name":"Home","item":"https:\/\/chemgramx.com\/"},{"@type":"ListItem","position":2,"name":"Shop","item":"https:\/\/chemgramx.com\/shop\/"},{"@type":"ListItem","position":3,"name":"5-MAPB (5-(2-Methylaminopropyl)benzofuran) online kaufen"}]},{"@type":"WebSite","@id":"https:\/\/chemgramx.com\/#website","url":"https:\/\/chemgramx.com\/","name":"Chemgramx","description":"","publisher":{"@id":"https:\/\/chemgramx.com\/#organization"},"potentialAction":[{"@type":"SearchAction","target":{"@type":"EntryPoint","urlTemplate":"https:\/\/chemgramx.com\/?s={search_term_string}"},"query-input":{"@type":"PropertyValueSpecification","valueRequired":true,"valueName":"search_term_string"}}],"inLanguage":"fr-FR"},{"@type":"Organization","@id":"https:\/\/chemgramx.com\/#organization","name":"Chemgramx","url":"https:\/\/chemgramx.com\/","logo":{"@type":"ImageObject","inLanguage":"fr-FR","@id":"https:\/\/chemgramx.com\/#\/schema\/logo\/image\/","url":"https:\/\/chemgramx.com\/wp-content\/uploads\/2024\/10\/final-logo.png","contentUrl":"https:\/\/chemgramx.com\/wp-content\/uploads\/2024\/10\/final-logo.png","width":250,"height":48,"caption":"Chemgramx"},"image":{"@id":"https:\/\/chemgramx.com\/#\/schema\/logo\/image\/"}}]}},"_links":{"self":[{"href":"https:\/\/chemgramx.com\/fr\/wp-json\/wp\/v2\/product\/854","targetHints":{"allow":["GET"]}}],"collection":[{"href":"https:\/\/chemgramx.com\/fr\/wp-json\/wp\/v2\/product"}],"about":[{"href":"https:\/\/chemgramx.com\/fr\/wp-json\/wp\/v2\/types\/product"}],"replies":[{"embeddable":true,"href":"https:\/\/chemgramx.com\/fr\/wp-json\/wp\/v2\/comments?post=854"}],"wp:featuredmedia":[{"embeddable":true,"href":"https:\/\/chemgramx.com\/fr\/wp-json\/wp\/v2\/media\/855"}],"wp:attachment":[{"href":"https:\/\/chemgramx.com\/fr\/wp-json\/wp\/v2\/media?parent=854"}],"wp:term":[{"taxonomy":"product_brand","embeddable":true,"href":"https:\/\/chemgramx.com\/fr\/wp-json\/wp\/v2\/product_brand?post=854"},{"taxonomy":"product_cat","embeddable":true,"href":"https:\/\/chemgramx.com\/fr\/wp-json\/wp\/v2\/product_cat?post=854"},{"taxonomy":"product_tag","embeddable":true,"href":"https:\/\/chemgramx.com\/fr\/wp-json\/wp\/v2\/product_tag?post=854"}],"curies":[{"name":"wp","href":"https:\/\/api.w.org\/{rel}","templated":true}]}}