{"id":8594,"date":"2025-11-21T20:37:09","date_gmt":"2025-11-21T20:37:09","guid":{"rendered":"https:\/\/chemgramx.com\/?post_type=product&#038;p=8594"},"modified":"2025-12-09T09:47:20","modified_gmt":"2025-12-09T09:47:20","slug":"acheter-ghb-gamma-hydroxybutyrate-en-ligne","status":"publish","type":"product","link":"https:\/\/chemgramx.com\/fr\/product\/ghb-gamma-hydroxybutyrat-online-kaufen\/","title":{"rendered":"Acheter du GHB \u2013 Haute puret\u00e9 Chemgramx"},"content":{"rendered":"<h2>Bienvenue chez Chemgramx : votre source de GHB (gamma-hydroxybutyrate) de haute qualit\u00e9<\/h2>\n<p>Bienvenue chez Chemgramx, votre fournisseur leader de produits chimiques de recherche de haute qualit\u00e9. Si vous <b>Acheter du GHB (gamma-hydroxybutyrate) \u00e0 vendre<\/b> vous \u00eates au bon endroit. Nous vous proposons exclusivement <b>Gamma-hydroxybutyrate de qualit\u00e9 sup\u00e9rieure<\/b>, soumis aux contr\u00f4les de qualit\u00e9 les plus stricts. Notre objectif est de fournir aux chercheurs et aux scientifiques l'acc\u00e8s \u00e0 <b>GHB authentique<\/b> de qualit\u00e9 laboratoire.<\/p>\n<p>Chemgramx comprend l'importance cruciale de disposer de r\u00e9actifs pr\u00e9cis et fiables pour toute recherche scientifique. <b>En outre<\/b> nous garantissons que chaque produit achet\u00e9 chez nous r\u00e9pond aux normes les plus \u00e9lev\u00e9es. Vous pouvez donc \u00eatre s\u00fbr que chez nous, vous trouverez le <b>Meilleur GHB disponible<\/b> qui correspond le mieux \u00e0 vos objectifs de recherche.<\/p>\n<h2>Propri\u00e9t\u00e9s chimiques et structure du GHB<\/h2>\n<p>Le gamma-hydroxybutyrate, ou GHB, est une substance naturellement pr\u00e9sente dans le corps humain, qui est \u00e9galement produite synth\u00e9tiquement. Sa formule chimique est C\u2084H\u2088O\u2083. <b>En outre,<\/b> Il est connu comme un acide gras \u00e0 cha\u00eene courte et est structurellement tr\u00e8s proche du neurotransmetteur GABA (acide gamma-aminobutyrique). Cette similitude chimique est d\u00e9terminante pour son activit\u00e9 biologique.<\/p>\n<p><b>De plus,<\/b> Le GHB est un d\u00e9riv\u00e9 de l'acide butyrique dans lequel un groupe hydroxyle est substitu\u00e9 sur le troisi\u00e8me atome de carbone. Cette configuration sp\u00e9cifique conf\u00e8re au GHB ses propri\u00e9t\u00e9s physiques et chimiques uniques. <b>Par cons\u00e9quent,<\/b> rend cette structure int\u00e9ressante pour divers projets de recherche en chimie et en biologie.<\/p>\n<h2>Domaines d'application du gamma-hydroxybutyrate dans la recherche<\/h2>\n<p>Au sein de la communaut\u00e9 scientifique, le gamma-hydroxybutyrate fait l'objet de recherches intensives en raison de ses multiples effets. <b>En particulier<\/b> Il est utilis\u00e9 dans des \u00e9tudes sur les syst\u00e8mes neurotransmetteurs, les m\u00e9canismes du sommeil et certains troubles neurologiques. <b>En outre<\/b> c'est un outil pr\u00e9cieux pour \u00e9tudier les interactions entre les r\u00e9cepteurs dans le cerveau.<\/p>\n<p>Le GHB sert de substance mod\u00e8le aux chercheurs pour d\u00e9crypter des voies biochimiques complexes. <b>Par exemple,<\/b> son effet sur les r\u00e9cepteurs GHB et GABA peut fournir de nouvelles informations sur les circuits neuronaux. Pour ces applications sensibles, il est indispensable de disposer d'une <b>La qualit\u00e9 de la recherche \u00e0 vendre<\/b> garantissant une puret\u00e9 et une consistance maximales.<\/p>\n<h2>Importance de la puret\u00e9 du GHB \u00e0 des fins de recherche<\/h2>\n<p>La puret\u00e9 du GHB est primordiale pour obtenir des r\u00e9sultats de recherche pr\u00e9cis et reproductibles. Les impuret\u00e9s peuvent fausser les donn\u00e9es exp\u00e9rimentales et conduire \u00e0 des conclusions erron\u00e9es. <b>Par cons\u00e9quent,<\/b> Chemgramx accorde une grande importance \u00e0 la qualit\u00e9 des substances propos\u00e9es. Chaque lot de notre gamma-hydroxybutyrate est soumis \u00e0 des analyses de puret\u00e9 approfondies.<\/p>\n<p>Nous veillons \u00e0 ce que notre produit soit <b>haute puret\u00e9 \u00e0 vendre<\/b> n\u00e9cessaire pour effectuer des travaux de laboratoire exigeants. <b>De m\u00eame,<\/b> il est essentiel que l'identit\u00e9 chimique du produit soit clairement confirm\u00e9e afin d'\u00e9viter toute interpr\u00e9tation erron\u00e9e dans la recherche. Chez nous, vous obtenez exclusivement <b>Qualit\u00e9 laboratoire \u00e0 vendre<\/b>, qui r\u00e9pond aux normes analytiques les plus \u00e9lev\u00e9es.<\/p>\n<h2>Le processus d'achat de GHB chez Chemgramx<\/h2>\n<p>L'achat de produits chimiques destin\u00e9s \u00e0 la recherche doit \u00eatre simple et s\u00fbr. Chez Chemgramx, vous pouvez <b>Commander du GHB en ligne<\/b> en toute transparence et confidentialit\u00e9. Notre boutique en ligne intuitive est con\u00e7ue pour vous permettre de passer vos commandes en toute simplicit\u00e9. <b>De plus,<\/b> Notre service client\u00e8le est toujours pr\u00eat \u00e0 r\u00e9pondre \u00e0 vos questions.<\/p>\n<p>Pour <b>gamma-hydroxybutyrate de haute qualit\u00e9<\/b> Pour acqu\u00e9rir nos produits pour vos \u00e9tudes, rendez-vous simplement sur notre page produits \u00e0 l'adresse <a href=\"https:\/\/chemgramx.com\/product\/ghb-gamma-hydroxybutyrat-online-kaufen\/\">Acheter du GHB (gamma-hydroxybutyrate) en ligne<\/a>. Vous y trouverez des informations d\u00e9taill\u00e9es et pourrez effectuer votre achat. <b>Bien s\u00fbr<\/b> nous accordons une grande importance \u00e0 un <b>achat s\u00e9curis\u00e9<\/b> et la protection de vos donn\u00e9es. <b>En outre<\/b> nous proposons \u00e9galement une large gamme d'autres <b>Produits sp\u00e9ciaux<\/b> . D\u00e9couvrez par exemple notre offre de <a href=\"https:\/\/chemgramx.com\/product\/mushroom-edibles-kaufen\/\">Les \u00e9lixirs de champignons<\/a> pour vos recherches botaniques.<\/p>\n<p>Nous savons que le temps est pr\u00e9cieux dans un laboratoire. <b>Pour cette raison<\/b> nous avons optimis\u00e9 notre processus afin que vous puissiez passer votre commande rapidement et efficacement. Vous pouvez <b>Acheter en ligne maintenant<\/b> et faites confiance \u00e0 la qualit\u00e9 que seul Chemgramx peut vous offrir. N'oubliez pas que vous n'avez qu'une seule chance de dire \u201e<b>achetez chez Chemgramx<\/b>\u201c pour vous convaincre de la qualit\u00e9 exceptionnelle de nos services.<\/p>\n<h2>S\u00e9curit\u00e9 et stockage du gamma-hydroxybutyrate<\/h2>\n<p>La manipulation et le stockage s\u00e9curis\u00e9s des produits chimiques utilis\u00e9s dans la recherche sont d'une importance capitale. Le gamma-hydroxybutyrate doit toujours \u00eatre conserv\u00e9 dans un endroit frais, sec et bien ventil\u00e9, \u00e0 l'abri de la lumi\u00e8re directe du soleil et des sources de chaleur. <b>En outre<\/b> il est essentiel de conserver le produit dans un r\u00e9cipient herm\u00e9tiquement ferm\u00e9 afin d'\u00e9viter toute contamination et perte de qualit\u00e9.<\/p>\n<p><b>Par exemple,<\/b> vous devez toujours consulter les fiches de donn\u00e9es de s\u00e9curit\u00e9 (FDS) sp\u00e9cifiques au produit avant de travailler avec le GHB. Ces documents contiennent des informations importantes sur les dangers potentiels, les mesures de protection et les mesures de premiers secours. <b>Pour conclure<\/b> nous recommandons de porter des \u00e9quipements de protection individuelle adapt\u00e9s, tels que des gants et des lunettes de protection, afin de garantir votre s\u00e9curit\u00e9 lors de la manipulation. Tous nos produits sont manipul\u00e9s et trait\u00e9s avec le plus grand soin.<\/p>\n<h2>Foire aux questions sur le GHB (FAQ)<\/h2>\n<h3>L'achat de GHB est-il l\u00e9gal ?<\/h3>\n<p>La l\u00e9galit\u00e9 du GHB varie selon les pays et les juridictions, et il est strictement r\u00e9glement\u00e9 dans de nombreuses r\u00e9gions. <b>Par cons\u00e9quent,<\/b> il est indispensable que les acheteurs v\u00e9rifient attentivement les lois et r\u00e9glementations locales avant l'achat et s'y conforment. Chemgramx propose le GHB exclusivement \u00e0 des fins de recherche et de laboratoire, et l'acheteur est responsable du respect de toutes les lois applicables.<\/p>\n<h3>Quelle puret\u00e9 puis-je attendre de votre GHB ?<\/h3>\n<p>Nous garantissons une grande puret\u00e9 de notre gamma-hydroxybutyrate, g\u00e9n\u00e9ralement sup\u00e9rieure \u00e0 98%. Chaque lot est soigneusement test\u00e9 et analys\u00e9 avant d'\u00eatre commercialis\u00e9. <b>Ainsi,<\/b> vous pouvez \u00eatre s\u00fbr d'obtenir un produit qui r\u00e9pond aux normes les plus \u00e9lev\u00e9es en mati\u00e8re de recherche. Nos certificats d'analyse d\u00e9taill\u00e9s sont disponibles sur demande.<\/p>\n<h3>Puis-je commander du GHB en grande quantit\u00e9 ?<\/h3>\n<p>Oui, Chemgramx est en mesure de fournir des quantit\u00e9s petites ou importantes de gamma-hydroxybutyrate pour vos projets de recherche. <b>Pour les commandes importantes<\/b> Veuillez contacter notre service client\u00e8le pour obtenir des offres personnalis\u00e9es et de plus amples informations. <b>En particulier<\/b> nous nous effor\u00e7ons de trouver des solutions sur mesure adapt\u00e9es \u00e0 vos besoins sp\u00e9cifiques.<\/p>\n<h2>Conclusion : votre partenaire fiable pour les produits chimiques de recherche GHB<\/h2>\n<p>En r\u00e9sum\u00e9, Chemgramx est votre partenaire de confiance si vous <b>Gamma-hydroxybutyrate authentique \u00e0 vendre<\/b> Nous nous engageons \u00e0 garantir la qualit\u00e9, la puret\u00e9 et le service \u00e0 la client\u00e8le. <b>En outre<\/b> nous soutenons vos travaux de recherche importants avec des produits fiables et de haute qualit\u00e9. Notre gamme compl\u00e8te de <b>Produits chimiques de recherche de qualit\u00e9 sup\u00e9rieure<\/b> veille \u00e0 ce que vous disposiez toujours des meilleurs supports pour vos \u00e9tudes.<\/p>\n<p>Choisissez Chemgramx pour mener \u00e0 bien vos recherches gr\u00e2ce \u00e0 <b>GHB de haute puret\u00e9<\/b> passer au niveau sup\u00e9rieur. <b>Enfin,<\/b> nous offrons non seulement des produits, mais aussi la confiance en leur qualit\u00e9 et la certitude que vos exp\u00e9riences peuvent s'appuyer sur des bases solides. Rendez-nous visite d\u00e8s aujourd'hui pour d\u00e9couvrir votre <b>Commander du gamma-hydroxybutyrate en ligne<\/b> et de d\u00e9couvrir la diff\u00e9rence.<\/p>","protected":false},"excerpt":{"rendered":"<p>D\u00e9couvrir <b>GHB (gamma-hydroxybutyrate)<\/b> de la plus haute qualit\u00e9 de recherche chez Chemgramx. Notre formule pure est id\u00e9ale pour des \u00e9tudes de laboratoire pr\u00e9cises et des applications scientifiques. Obtenez <b>gamma-hydroxybutyrate authentique<\/b>, soumis \u00e0 des contr\u00f4les de qualit\u00e9 rigoureux. Pour des r\u00e9sultats fiables, <b>Commandez d\u00e8s maintenant en ligne chez Chemgramx<\/b>.<\/p>","protected":false},"featured_media":8615,"comment_status":"open","ping_status":"closed","template":"","meta":{"_joinchat":[]},"product_brand":[],"product_cat":[65],"product_tag":[88,559,90,548,558,547,555,546,572,564,573,561,577,576,87,562,565,560,570,563,575,567,566,574,568,571,569,552,553,556,550,89,551,557,554,549],"class_list":{"0":"post-8594","1":"product","2":"type-product","3":"status-publish","4":"has-post-thumbnail","6":"product_cat-arylcyclohexylamine","7":"product_tag-gamma-hydroxybutyrat-bestellen","8":"product_tag-abhangigkeit","9":"product_tag-beruhigende-chemikalien-kaufen","10":"product_tag-chemische-formel-ghb","11":"product_tag-euphorie","12":"product_tag-gamma-hydroxybutyrate","13":"product_tag-gesundheitliche-risiken-von-ghb","14":"product_tag-ghb","15":"product_tag-ghb-analyse","16":"product_tag-ghb-anwendung","17":"product_tag-ghb-chemie","18":"product_tag-ghb-forschung","19":"product_tag-ghb-forschungslabor","20":"product_tag-ghb-groshandel","21":"product_tag-ghb-kaufen","22":"product_tag-ghb-labor","23":"product_tag-ghb-lagerung","24":"product_tag-ghb-lieferant","25":"product_tag-ghb-markt","26":"product_tag-ghb-preis","27":"product_tag-ghb-referenzmaterial","28":"product_tag-ghb-risiken","29":"product_tag-ghb-sicherheit","30":"product_tag-ghb-substanz","31":"product_tag-ghb-verfugbarkeit","32":"product_tag-ghb-vertrieb","33":"product_tag-ghb-vorschriften","34":"product_tag-medizinische-anwendungen-ghb","35":"product_tag-missbrauchspotenzial-ghb","36":"product_tag-narkolepsie-behandlung","37":"product_tag-rechtlicher-status-ghb","38":"product_tag-research-chemicals-kaufen","39":"product_tag-risiken-ghb","40":"product_tag-sedativa","41":"product_tag-uberdosierung-ghb","42":"product_tag-wirkungen-von-ghb","44":"first","45":"instock","46":"shipping-taxable","47":"purchasable","48":"product-type-variable"},"yoast_head":"<!-- This site is optimized with the Yoast SEO plugin v27.5 - https:\/\/yoast.com\/product\/yoast-seo-wordpress\/ -->\n<title>GHB Kaufen - Hohe Reinheit Chemgramx<\/title>\n<meta name=\"description\" content=\"Entdecken Sie hochreines GHB (Gamma-Hydroxybutyrat) f\u00fcr Forschungszwecke. GHB Kaufen in bester Laborqualit\u00e4t f\u00fcr pr\u00e4zise wissenschaftliche Anwendungen.\" \/>\n<meta name=\"robots\" content=\"index, follow, max-snippet:-1, max-image-preview:large, max-video-preview:-1\" \/>\n<link rel=\"canonical\" href=\"https:\/\/chemgramx.com\/fr\/produit\/acheter-ghb-gamma-hydroxybutyrate-en-ligne\/\" \/>\n<meta property=\"og:locale\" content=\"fr_FR\" \/>\n<meta property=\"og:type\" content=\"article\" \/>\n<meta property=\"og:title\" content=\"GHB Kaufen - Hohe Reinheit Chemgramx\" \/>\n<meta property=\"og:description\" content=\"Entdecken Sie hochreines GHB (Gamma-Hydroxybutyrat) f\u00fcr Forschungszwecke. GHB Kaufen in bester Laborqualit\u00e4t f\u00fcr pr\u00e4zise wissenschaftliche Anwendungen.\" \/>\n<meta property=\"og:url\" content=\"https:\/\/chemgramx.com\/fr\/produit\/acheter-ghb-gamma-hydroxybutyrate-en-ligne\/\" \/>\n<meta property=\"og:site_name\" content=\"Chemgramx\" \/>\n<meta property=\"article:modified_time\" content=\"2025-12-09T09:47:20+00:00\" \/>\n<meta property=\"og:image\" content=\"https:\/\/chemgramx.com\/wp-content\/uploads\/2025\/11\/GHB-Gamma-Hydroxybutyrat.jpeg\" \/>\n\t<meta property=\"og:image:width\" content=\"1500\" \/>\n\t<meta property=\"og:image:height\" content=\"1000\" \/>\n\t<meta property=\"og:image:type\" content=\"image\/jpeg\" \/>\n<meta name=\"twitter:card\" content=\"summary_large_image\" \/>\n<meta name=\"twitter:label1\" content=\"Dur\u00e9e de lecture estim\u00e9e\" \/>\n\t<meta name=\"twitter:data1\" content=\"3 minutes\" \/>\n<script type=\"application\/ld+json\" class=\"yoast-schema-graph\">{\"@context\":\"https:\\\/\\\/schema.org\",\"@graph\":[{\"@type\":\"WebPage\",\"@id\":\"https:\\\/\\\/chemgramx.com\\\/product\\\/ghb-gamma-hydroxybutyrat-online-kaufen\\\/\",\"url\":\"https:\\\/\\\/chemgramx.com\\\/product\\\/ghb-gamma-hydroxybutyrat-online-kaufen\\\/\",\"name\":\"GHB Kaufen - Hohe Reinheit Chemgramx\",\"isPartOf\":{\"@id\":\"https:\\\/\\\/chemgramx.com\\\/#website\"},\"primaryImageOfPage\":{\"@id\":\"https:\\\/\\\/chemgramx.com\\\/product\\\/ghb-gamma-hydroxybutyrat-online-kaufen\\\/#primaryimage\"},\"image\":{\"@id\":\"https:\\\/\\\/chemgramx.com\\\/product\\\/ghb-gamma-hydroxybutyrat-online-kaufen\\\/#primaryimage\"},\"thumbnailUrl\":\"https:\\\/\\\/chemgramx.com\\\/wp-content\\\/uploads\\\/2025\\\/11\\\/GHB-Gamma-Hydroxybutyrat.jpeg\",\"datePublished\":\"2025-11-21T20:37:09+00:00\",\"dateModified\":\"2025-12-09T09:47:20+00:00\",\"description\":\"Entdecken Sie hochreines GHB (Gamma-Hydroxybutyrat) f\u00fcr Forschungszwecke. GHB Kaufen in bester Laborqualit\u00e4t f\u00fcr pr\u00e4zise wissenschaftliche Anwendungen.\",\"breadcrumb\":{\"@id\":\"https:\\\/\\\/chemgramx.com\\\/product\\\/ghb-gamma-hydroxybutyrat-online-kaufen\\\/#breadcrumb\"},\"inLanguage\":\"fr-FR\",\"potentialAction\":[{\"@type\":\"ReadAction\",\"target\":[\"https:\\\/\\\/chemgramx.com\\\/product\\\/ghb-gamma-hydroxybutyrat-online-kaufen\\\/\"]}]},{\"@type\":\"ImageObject\",\"inLanguage\":\"fr-FR\",\"@id\":\"https:\\\/\\\/chemgramx.com\\\/product\\\/ghb-gamma-hydroxybutyrat-online-kaufen\\\/#primaryimage\",\"url\":\"https:\\\/\\\/chemgramx.com\\\/wp-content\\\/uploads\\\/2025\\\/11\\\/GHB-Gamma-Hydroxybutyrat.jpeg\",\"contentUrl\":\"https:\\\/\\\/chemgramx.com\\\/wp-content\\\/uploads\\\/2025\\\/11\\\/GHB-Gamma-Hydroxybutyrat.jpeg\",\"width\":1500,\"height\":1000},{\"@type\":\"BreadcrumbList\",\"@id\":\"https:\\\/\\\/chemgramx.com\\\/product\\\/ghb-gamma-hydroxybutyrat-online-kaufen\\\/#breadcrumb\",\"itemListElement\":[{\"@type\":\"ListItem\",\"position\":1,\"name\":\"Home\",\"item\":\"https:\\\/\\\/chemgramx.com\\\/\"},{\"@type\":\"ListItem\",\"position\":2,\"name\":\"Shop\",\"item\":\"https:\\\/\\\/chemgramx.com\\\/shop\\\/\"},{\"@type\":\"ListItem\",\"position\":3,\"name\":\"GHB Kaufen &#8211; Hohe Reinheit Chemgramx\"}]},{\"@type\":\"WebSite\",\"@id\":\"https:\\\/\\\/chemgramx.com\\\/#website\",\"url\":\"https:\\\/\\\/chemgramx.com\\\/\",\"name\":\"Chemgramx\",\"description\":\"\",\"publisher\":{\"@id\":\"https:\\\/\\\/chemgramx.com\\\/#organization\"},\"potentialAction\":[{\"@type\":\"SearchAction\",\"target\":{\"@type\":\"EntryPoint\",\"urlTemplate\":\"https:\\\/\\\/chemgramx.com\\\/?s={search_term_string}\"},\"query-input\":{\"@type\":\"PropertyValueSpecification\",\"valueRequired\":true,\"valueName\":\"search_term_string\"}}],\"inLanguage\":\"fr-FR\"},{\"@type\":\"Organization\",\"@id\":\"https:\\\/\\\/chemgramx.com\\\/#organization\",\"name\":\"Chemgramx\",\"url\":\"https:\\\/\\\/chemgramx.com\\\/\",\"logo\":{\"@type\":\"ImageObject\",\"inLanguage\":\"fr-FR\",\"@id\":\"https:\\\/\\\/chemgramx.com\\\/#\\\/schema\\\/logo\\\/image\\\/\",\"url\":\"https:\\\/\\\/chemgramx.com\\\/wp-content\\\/uploads\\\/2024\\\/10\\\/final-logo.png\",\"contentUrl\":\"https:\\\/\\\/chemgramx.com\\\/wp-content\\\/uploads\\\/2024\\\/10\\\/final-logo.png\",\"width\":250,\"height\":48,\"caption\":\"Chemgramx\"},\"image\":{\"@id\":\"https:\\\/\\\/chemgramx.com\\\/#\\\/schema\\\/logo\\\/image\\\/\"}}]}<\/script>\n<!-- \/ Yoast SEO plugin. -->","yoast_head_json":{"title":"Acheter du GHB - Haute puret\u00e9 Chemgramx","description":"D\u00e9couvrez le GHB (gamma-hydroxybutyrate) de haute puret\u00e9 destin\u00e9 \u00e0 la recherche. Achetez du GHB de la meilleure qualit\u00e9 laboratoire pour des applications scientifiques pr\u00e9cises.","robots":{"index":"index","follow":"follow","max-snippet":"max-snippet:-1","max-image-preview":"max-image-preview:large","max-video-preview":"max-video-preview:-1"},"canonical":"https:\/\/chemgramx.com\/fr\/produit\/acheter-ghb-gamma-hydroxybutyrate-en-ligne\/","og_locale":"fr_FR","og_type":"article","og_title":"GHB Kaufen - Hohe Reinheit Chemgramx","og_description":"Entdecken Sie hochreines GHB (Gamma-Hydroxybutyrat) f\u00fcr Forschungszwecke. GHB Kaufen in bester Laborqualit\u00e4t f\u00fcr pr\u00e4zise wissenschaftliche Anwendungen.","og_url":"https:\/\/chemgramx.com\/fr\/produit\/acheter-ghb-gamma-hydroxybutyrate-en-ligne\/","og_site_name":"Chemgramx","article_modified_time":"2025-12-09T09:47:20+00:00","og_image":[{"width":1500,"height":1000,"url":"https:\/\/chemgramx.com\/wp-content\/uploads\/2025\/11\/GHB-Gamma-Hydroxybutyrat.jpeg","type":"image\/jpeg"}],"twitter_card":"summary_large_image","twitter_misc":{"Dur\u00e9e de lecture estim\u00e9e":"3 minutes"},"schema":{"@context":"https:\/\/schema.org","@graph":[{"@type":"WebPage","@id":"https:\/\/chemgramx.com\/product\/ghb-gamma-hydroxybutyrat-online-kaufen\/","url":"https:\/\/chemgramx.com\/product\/ghb-gamma-hydroxybutyrat-online-kaufen\/","name":"Acheter du GHB - Haute puret\u00e9 Chemgramx","isPartOf":{"@id":"https:\/\/chemgramx.com\/#website"},"primaryImageOfPage":{"@id":"https:\/\/chemgramx.com\/product\/ghb-gamma-hydroxybutyrat-online-kaufen\/#primaryimage"},"image":{"@id":"https:\/\/chemgramx.com\/product\/ghb-gamma-hydroxybutyrat-online-kaufen\/#primaryimage"},"thumbnailUrl":"https:\/\/chemgramx.com\/wp-content\/uploads\/2025\/11\/GHB-Gamma-Hydroxybutyrat.jpeg","datePublished":"2025-11-21T20:37:09+00:00","dateModified":"2025-12-09T09:47:20+00:00","description":"D\u00e9couvrez le GHB (gamma-hydroxybutyrate) de haute puret\u00e9 destin\u00e9 \u00e0 la recherche. Achetez du GHB de la meilleure qualit\u00e9 laboratoire pour des applications scientifiques pr\u00e9cises.","breadcrumb":{"@id":"https:\/\/chemgramx.com\/product\/ghb-gamma-hydroxybutyrat-online-kaufen\/#breadcrumb"},"inLanguage":"fr-FR","potentialAction":[{"@type":"ReadAction","target":["https:\/\/chemgramx.com\/product\/ghb-gamma-hydroxybutyrat-online-kaufen\/"]}]},{"@type":"ImageObject","inLanguage":"fr-FR","@id":"https:\/\/chemgramx.com\/product\/ghb-gamma-hydroxybutyrat-online-kaufen\/#primaryimage","url":"https:\/\/chemgramx.com\/wp-content\/uploads\/2025\/11\/GHB-Gamma-Hydroxybutyrat.jpeg","contentUrl":"https:\/\/chemgramx.com\/wp-content\/uploads\/2025\/11\/GHB-Gamma-Hydroxybutyrat.jpeg","width":1500,"height":1000},{"@type":"BreadcrumbList","@id":"https:\/\/chemgramx.com\/product\/ghb-gamma-hydroxybutyrat-online-kaufen\/#breadcrumb","itemListElement":[{"@type":"ListItem","position":1,"name":"Home","item":"https:\/\/chemgramx.com\/"},{"@type":"ListItem","position":2,"name":"Shop","item":"https:\/\/chemgramx.com\/shop\/"},{"@type":"ListItem","position":3,"name":"GHB Kaufen &#8211; Hohe Reinheit Chemgramx"}]},{"@type":"WebSite","@id":"https:\/\/chemgramx.com\/#website","url":"https:\/\/chemgramx.com\/","name":"Chemgramx","description":"","publisher":{"@id":"https:\/\/chemgramx.com\/#organization"},"potentialAction":[{"@type":"SearchAction","target":{"@type":"EntryPoint","urlTemplate":"https:\/\/chemgramx.com\/?s={search_term_string}"},"query-input":{"@type":"PropertyValueSpecification","valueRequired":true,"valueName":"search_term_string"}}],"inLanguage":"fr-FR"},{"@type":"Organization","@id":"https:\/\/chemgramx.com\/#organization","name":"Chemgramx","url":"https:\/\/chemgramx.com\/","logo":{"@type":"ImageObject","inLanguage":"fr-FR","@id":"https:\/\/chemgramx.com\/#\/schema\/logo\/image\/","url":"https:\/\/chemgramx.com\/wp-content\/uploads\/2024\/10\/final-logo.png","contentUrl":"https:\/\/chemgramx.com\/wp-content\/uploads\/2024\/10\/final-logo.png","width":250,"height":48,"caption":"Chemgramx"},"image":{"@id":"https:\/\/chemgramx.com\/#\/schema\/logo\/image\/"}}]}},"_links":{"self":[{"href":"https:\/\/chemgramx.com\/fr\/wp-json\/wp\/v2\/product\/8594","targetHints":{"allow":["GET"]}}],"collection":[{"href":"https:\/\/chemgramx.com\/fr\/wp-json\/wp\/v2\/product"}],"about":[{"href":"https:\/\/chemgramx.com\/fr\/wp-json\/wp\/v2\/types\/product"}],"replies":[{"embeddable":true,"href":"https:\/\/chemgramx.com\/fr\/wp-json\/wp\/v2\/comments?post=8594"}],"wp:featuredmedia":[{"embeddable":true,"href":"https:\/\/chemgramx.com\/fr\/wp-json\/wp\/v2\/media\/8615"}],"wp:attachment":[{"href":"https:\/\/chemgramx.com\/fr\/wp-json\/wp\/v2\/media?parent=8594"}],"wp:term":[{"taxonomy":"product_brand","embeddable":true,"href":"https:\/\/chemgramx.com\/fr\/wp-json\/wp\/v2\/product_brand?post=8594"},{"taxonomy":"product_cat","embeddable":true,"href":"https:\/\/chemgramx.com\/fr\/wp-json\/wp\/v2\/product_cat?post=8594"},{"taxonomy":"product_tag","embeddable":true,"href":"https:\/\/chemgramx.com\/fr\/wp-json\/wp\/v2\/product_tag?post=8594"}],"curies":[{"name":"wp","href":"https:\/\/api.w.org\/{rel}","templated":true}]}}